{"id":999,"date":"2024-04-18T19:26:27","date_gmt":"2024-04-18T19:26:27","guid":{"rendered":"http:\/\/glareone.eu\/produkt\/glareone-long-stick-tyczka-do-lamp\/"},"modified":"2024-05-13T07:32:21","modified_gmt":"2024-05-13T07:32:21","slug":"glareone-long-stick","status":"publish","type":"product","link":"https:\/\/glareone.eu\/pl\/produkt\/glareone-long-stick\/","title":{"rendered":"GlareOne Long Stick &#8211; tyczka do lamp"},"content":{"rendered":"<p>Teleskopowa tyczka do lamp.<\/p>\n<h3>Zastosowanie<\/h3>\n<p>Long Stick to uzupe\u0142nienie arsena\u0142u ka\u017cdego fotografa i filmowca. Jest zaprojektowany w taki spos\u00f3b, aby pe\u0142ni\u0142 rol\u0119 r\u0119cznego wysi\u0119gnika do lekkich lamp wyposa\u017conych w czasze lub niewielkie softboxy.\u00a0 Long Stick b\u0119dzie idealnym rozwi\u0105zaniem w sytuacji, gdy trzeba umie\u015bci\u0107 \u015bwiat\u0142o powy\u017cej planu zdj\u0119ciowego, zw\u0142aszcza w trudno dost\u0119pnych miejscach lub tam, gdzie nie mo\u017cna rozstawi\u0107 zwyk\u0142ego statywu. Mo\u017cna go te\u017c u\u017cy\u0107 jako tyczki do mikrofonu.<\/p>\n<h3>Budowa<\/h3>\n<p>Long Stick zbudowany jest z rur wykonanych z anodyzowanego aluminum, kt\u00f3re s\u0105 lekkie, a jednocze\u015bnie sztywne. Zaciski sekcji oraz g\u0142owica wie\u0144cz\u0105ca tyczk\u0119 s\u0105 r\u00f3wnie\u017c aluminiowe, co zapewnia du\u017c\u0105 wytrzyma\u0142o\u015b\u0107 i ud\u017awig. Pierwsza sekcja wyposa\u017cona jest w dwie neoprenowe ok\u0142adziny, kt\u00f3re zapewniaj\u0105 wygodny i pewny chwyt. Tyczka wyposa\u017cona jest w gumow\u0105 stopk\u0119.<\/p>\n<h3>Cechy produktu:<\/h3>\n<ul>\n<li>Pozwoli umie\u015bci\u0107 lamp\u0119 wysoko powy\u017cej planu zdj\u0119ciowego.<\/li>\n<li>Nadaje si\u0119 do pracy z lekkimi lampami i niewielkimi softboxami (&lt;90 cm \u015brednicy).<\/li>\n<li>Mo\u017ce by\u0107 u\u017cywany tak\u017ce jako tyczka mikrofonowa.<\/li>\n<li>Dwa chwyty z neoprenowymi ok\u0142adzinami zapewniaj\u0105 wygodny i pewny chwyt.<\/li>\n<li>D\u0142ugo\u015b\u0107 mo\u017ce by\u0107 regulowana od 75 do 235 cm.<\/li>\n<li>Ma g\u0142owic\u0119 pozwalaj\u0105c\u0105 zamocowa\u0107 trzpie\u0144 prostopadle i r\u00f3wnolegle.<\/li>\n<li>Trzpie\u0144 ma dwa gwinty: 1\/4 i 5\/8 cala.<\/li>\n<li>Zaciski oraz rurki s\u0105 wykonane z aluminium.<\/li>\n<li>Maksymalny ud\u017awig to 3 kg.<\/li>\n<li>Zako\u0144czony jest gumow\u0105 stopk\u0105.<\/li>\n<\/ul>\n","protected":false},"excerpt":{"rendered":"<p>Teleskopowa tyczka do lamp. Zastosowanie Long Stick to uzupe\u0142nienie arsena\u0142u ka\u017cdego fotografa i filmowca. Jest zaprojektowany w taki spos\u00f3b, aby pe\u0142ni\u0142 rol\u0119 r\u0119cznego wysi\u0119gnika do lekkich lamp wyposa\u017conych w czasze lub niewielkie softboxy.\u00a0 Long Stick b\u0119dzie idealnym rozwi\u0105zaniem w sytuacji, gdy trzeba umie\u015bci\u0107 \u015bwiat\u0142o powy\u017cej planu zdj\u0119ciowego, zw\u0142aszcza w trudno dost\u0119pnych miejscach lub tam, gdzie [&hellip;]<\/p>\n","protected":false},"featured_media":8547,"template":"","meta":[],"product_brand":[],"product_cat":[442],"product_tag":[],"class_list":{"0":"post-999","1":"product","2":"type-product","3":"status-publish","4":"has-post-thumbnail","6":"product_cat-inne-akcesoria","8":"first","9":"instock","10":"product-type-simple"},"yoast_head":"<!-- This site is optimized with the Yoast SEO plugin v27.2 - https:\/\/yoast.com\/product\/yoast-seo-wordpress\/ -->\n<title>GlareOne Long Stick - tyczka do lamp<\/title>\n<meta name=\"description\" content=\"GlareOne Long Stick - tyczka do lamp\" \/>\n<meta name=\"robots\" content=\"index, follow, max-snippet:-1, max-image-preview:large, max-video-preview:-1\" \/>\n<link rel=\"canonical\" href=\"https:\/\/glareone.eu\/pl\/produkt\/glareone-long-stick\/\" \/>\n<meta property=\"og:locale\" content=\"pl_PL\" \/>\n<meta property=\"og:type\" content=\"article\" \/>\n<meta property=\"og:title\" content=\"GlareOne Long Stick - tyczka do lamp\" \/>\n<meta property=\"og:description\" content=\"GlareOne Long Stick - tyczka do lamp\" \/>\n<meta property=\"og:url\" content=\"https:\/\/glareone.eu\/pl\/produkt\/glareone-long-stick\/\" \/>\n<meta property=\"og:site_name\" content=\"GlareOne\" \/>\n<meta property=\"article:publisher\" content=\"https:\/\/www.facebook.com\/GlareOneLighting\" \/>\n<meta property=\"article:modified_time\" content=\"2024-05-13T07:32:21+00:00\" \/>\n<meta property=\"og:image\" content=\"https:\/\/glareone.eu\/wp-content\/uploads\/2024\/04\/GlareOne-Long-Stick-14.jpg\" \/>\n\t<meta property=\"og:image:width\" content=\"1200\" \/>\n\t<meta property=\"og:image:height\" content=\"1200\" \/>\n\t<meta property=\"og:image:type\" content=\"image\/jpeg\" \/>\n<meta name=\"twitter:card\" content=\"summary_large_image\" \/>\n<meta name=\"twitter:title\" content=\"GlareOne Long Stick - tyczka do lamp\" \/>\n<meta name=\"twitter:label1\" content=\"Szacowany czas czytania\" \/>\n\t<meta name=\"twitter:data1\" content=\"2 minuty\" \/>\n<script type=\"application\/ld+json\" class=\"yoast-schema-graph\">{\"@context\":\"https:\/\/schema.org\",\"@graph\":[{\"@type\":\"WebPage\",\"@id\":\"https:\/\/glareone.eu\/pl\/produkt\/glareone-long-stick\/\",\"url\":\"https:\/\/glareone.eu\/pl\/produkt\/glareone-long-stick\/\",\"name\":\"GlareOne Long Stick - tyczka do lamp\",\"isPartOf\":{\"@id\":\"https:\/\/glareone.eu\/pl\/en\/#website\"},\"primaryImageOfPage\":{\"@id\":\"https:\/\/glareone.eu\/pl\/produkt\/glareone-long-stick\/#primaryimage\"},\"image\":{\"@id\":\"https:\/\/glareone.eu\/pl\/produkt\/glareone-long-stick\/#primaryimage\"},\"thumbnailUrl\":\"https:\/\/glareone.eu\/wp-content\/uploads\/2024\/04\/GlareOne-Long-Stick-14.jpg\",\"datePublished\":\"2024-04-18T19:26:27+00:00\",\"dateModified\":\"2024-05-13T07:32:21+00:00\",\"description\":\"GlareOne Long Stick - tyczka do lamp\",\"breadcrumb\":{\"@id\":\"https:\/\/glareone.eu\/pl\/produkt\/glareone-long-stick\/#breadcrumb\"},\"inLanguage\":\"pl-PL\",\"potentialAction\":[{\"@type\":\"ReadAction\",\"target\":[\"https:\/\/glareone.eu\/pl\/produkt\/glareone-long-stick\/\"]}]},{\"@type\":\"ImageObject\",\"inLanguage\":\"pl-PL\",\"@id\":\"https:\/\/glareone.eu\/pl\/produkt\/glareone-long-stick\/#primaryimage\",\"url\":\"https:\/\/glareone.eu\/wp-content\/uploads\/2024\/04\/GlareOne-Long-Stick-14.jpg\",\"contentUrl\":\"https:\/\/glareone.eu\/wp-content\/uploads\/2024\/04\/GlareOne-Long-Stick-14.jpg\",\"width\":1200,\"height\":1200},{\"@type\":\"BreadcrumbList\",\"@id\":\"https:\/\/glareone.eu\/pl\/produkt\/glareone-long-stick\/#breadcrumb\",\"itemListElement\":[{\"@type\":\"ListItem\",\"position\":1,\"name\":\"Strona g\u0142\u00f3wna\",\"item\":\"https:\/\/glareone.eu\/pl\/\"},{\"@type\":\"ListItem\",\"position\":2,\"name\":\"Wszystkie produkty\",\"item\":\"https:\/\/glareone.eu\/pl\/produkty\/wszystkie-produkty\/\"},{\"@type\":\"ListItem\",\"position\":3,\"name\":\"GlareOne Long Stick &#8211; tyczka do lamp\"}]},{\"@type\":\"WebSite\",\"@id\":\"https:\/\/glareone.eu\/pl\/en\/#website\",\"url\":\"https:\/\/glareone.eu\/pl\/en\/\",\"name\":\"GlareOne\",\"description\":\"Wyposa\u017cenie Studia\",\"publisher\":{\"@id\":\"https:\/\/glareone.eu\/pl\/en\/#organization\"},\"potentialAction\":[{\"@type\":\"SearchAction\",\"target\":{\"@type\":\"EntryPoint\",\"urlTemplate\":\"https:\/\/glareone.eu\/pl\/en\/?s={search_term_string}\"},\"query-input\":{\"@type\":\"PropertyValueSpecification\",\"valueRequired\":true,\"valueName\":\"search_term_string\"}}],\"inLanguage\":\"pl-PL\"},{\"@type\":\"Organization\",\"@id\":\"https:\/\/glareone.eu\/pl\/en\/#organization\",\"name\":\"GlareOne\",\"url\":\"https:\/\/glareone.eu\/pl\/en\/\",\"logo\":{\"@type\":\"ImageObject\",\"inLanguage\":\"pl-PL\",\"@id\":\"https:\/\/glareone.eu\/pl\/en\/#\/schema\/logo\/image\/\",\"url\":\"http:\/\/glareone.eu\/wp-content\/uploads\/2024\/05\/glareone_logo2020_RGB-01-e1715773127189.png\",\"contentUrl\":\"http:\/\/glareone.eu\/wp-content\/uploads\/2024\/05\/glareone_logo2020_RGB-01-e1715773127189.png\",\"width\":1270,\"height\":321,\"caption\":\"GlareOne\"},\"image\":{\"@id\":\"https:\/\/glareone.eu\/pl\/en\/#\/schema\/logo\/image\/\"},\"sameAs\":[\"https:\/\/www.facebook.com\/GlareOneLighting\",\"https:\/\/www.instagram.com\/glareonelighting\/\",\"https:\/\/www.youtube.com\/@GlareOneTV\"]}]}<\/script>\n<!-- \/ Yoast SEO plugin. -->","yoast_head_json":{"title":"GlareOne Long Stick - tyczka do lamp","description":"GlareOne Long Stick - tyczka do lamp","robots":{"index":"index","follow":"follow","max-snippet":"max-snippet:-1","max-image-preview":"max-image-preview:large","max-video-preview":"max-video-preview:-1"},"canonical":"https:\/\/glareone.eu\/pl\/produkt\/glareone-long-stick\/","og_locale":"pl_PL","og_type":"article","og_title":"GlareOne Long Stick - tyczka do lamp","og_description":"GlareOne Long Stick - tyczka do lamp","og_url":"https:\/\/glareone.eu\/pl\/produkt\/glareone-long-stick\/","og_site_name":"GlareOne","article_publisher":"https:\/\/www.facebook.com\/GlareOneLighting","article_modified_time":"2024-05-13T07:32:21+00:00","og_image":[{"width":1200,"height":1200,"url":"https:\/\/glareone.eu\/wp-content\/uploads\/2024\/04\/GlareOne-Long-Stick-14.jpg","type":"image\/jpeg"}],"twitter_card":"summary_large_image","twitter_title":"GlareOne Long Stick - tyczka do lamp","twitter_misc":{"Szacowany czas czytania":"2 minuty"},"schema":{"@context":"https:\/\/schema.org","@graph":[{"@type":"WebPage","@id":"https:\/\/glareone.eu\/pl\/produkt\/glareone-long-stick\/","url":"https:\/\/glareone.eu\/pl\/produkt\/glareone-long-stick\/","name":"GlareOne Long Stick - tyczka do lamp","isPartOf":{"@id":"https:\/\/glareone.eu\/pl\/en\/#website"},"primaryImageOfPage":{"@id":"https:\/\/glareone.eu\/pl\/produkt\/glareone-long-stick\/#primaryimage"},"image":{"@id":"https:\/\/glareone.eu\/pl\/produkt\/glareone-long-stick\/#primaryimage"},"thumbnailUrl":"https:\/\/glareone.eu\/wp-content\/uploads\/2024\/04\/GlareOne-Long-Stick-14.jpg","datePublished":"2024-04-18T19:26:27+00:00","dateModified":"2024-05-13T07:32:21+00:00","description":"GlareOne Long Stick - tyczka do lamp","breadcrumb":{"@id":"https:\/\/glareone.eu\/pl\/produkt\/glareone-long-stick\/#breadcrumb"},"inLanguage":"pl-PL","potentialAction":[{"@type":"ReadAction","target":["https:\/\/glareone.eu\/pl\/produkt\/glareone-long-stick\/"]}]},{"@type":"ImageObject","inLanguage":"pl-PL","@id":"https:\/\/glareone.eu\/pl\/produkt\/glareone-long-stick\/#primaryimage","url":"https:\/\/glareone.eu\/wp-content\/uploads\/2024\/04\/GlareOne-Long-Stick-14.jpg","contentUrl":"https:\/\/glareone.eu\/wp-content\/uploads\/2024\/04\/GlareOne-Long-Stick-14.jpg","width":1200,"height":1200},{"@type":"BreadcrumbList","@id":"https:\/\/glareone.eu\/pl\/produkt\/glareone-long-stick\/#breadcrumb","itemListElement":[{"@type":"ListItem","position":1,"name":"Strona g\u0142\u00f3wna","item":"https:\/\/glareone.eu\/pl\/"},{"@type":"ListItem","position":2,"name":"Wszystkie produkty","item":"https:\/\/glareone.eu\/pl\/produkty\/wszystkie-produkty\/"},{"@type":"ListItem","position":3,"name":"GlareOne Long Stick &#8211; tyczka do lamp"}]},{"@type":"WebSite","@id":"https:\/\/glareone.eu\/pl\/en\/#website","url":"https:\/\/glareone.eu\/pl\/en\/","name":"GlareOne","description":"Wyposa\u017cenie Studia","publisher":{"@id":"https:\/\/glareone.eu\/pl\/en\/#organization"},"potentialAction":[{"@type":"SearchAction","target":{"@type":"EntryPoint","urlTemplate":"https:\/\/glareone.eu\/pl\/en\/?s={search_term_string}"},"query-input":{"@type":"PropertyValueSpecification","valueRequired":true,"valueName":"search_term_string"}}],"inLanguage":"pl-PL"},{"@type":"Organization","@id":"https:\/\/glareone.eu\/pl\/en\/#organization","name":"GlareOne","url":"https:\/\/glareone.eu\/pl\/en\/","logo":{"@type":"ImageObject","inLanguage":"pl-PL","@id":"https:\/\/glareone.eu\/pl\/en\/#\/schema\/logo\/image\/","url":"http:\/\/glareone.eu\/wp-content\/uploads\/2024\/05\/glareone_logo2020_RGB-01-e1715773127189.png","contentUrl":"http:\/\/glareone.eu\/wp-content\/uploads\/2024\/05\/glareone_logo2020_RGB-01-e1715773127189.png","width":1270,"height":321,"caption":"GlareOne"},"image":{"@id":"https:\/\/glareone.eu\/pl\/en\/#\/schema\/logo\/image\/"},"sameAs":["https:\/\/www.facebook.com\/GlareOneLighting","https:\/\/www.instagram.com\/glareonelighting\/","https:\/\/www.youtube.com\/@GlareOneTV"]}]}},"_links":{"self":[{"href":"https:\/\/glareone.eu\/pl\/wp-json\/wp\/v2\/product\/999","targetHints":{"allow":["GET"]}}],"collection":[{"href":"https:\/\/glareone.eu\/pl\/wp-json\/wp\/v2\/product"}],"about":[{"href":"https:\/\/glareone.eu\/pl\/wp-json\/wp\/v2\/types\/product"}],"wp:featuredmedia":[{"embeddable":true,"href":"https:\/\/glareone.eu\/pl\/wp-json\/wp\/v2\/media\/8547"}],"wp:attachment":[{"href":"https:\/\/glareone.eu\/pl\/wp-json\/wp\/v2\/media?parent=999"}],"wp:term":[{"taxonomy":"product_brand","embeddable":true,"href":"https:\/\/glareone.eu\/pl\/wp-json\/wp\/v2\/product_brand?post=999"},{"taxonomy":"product_cat","embeddable":true,"href":"https:\/\/glareone.eu\/pl\/wp-json\/wp\/v2\/product_cat?post=999"},{"taxonomy":"product_tag","embeddable":true,"href":"https:\/\/glareone.eu\/pl\/wp-json\/wp\/v2\/product_tag?post=999"}],"curies":[{"name":"wp","href":"https:\/\/api.w.org\/{rel}","templated":true}]}}