{"id":993,"date":"2024-04-18T19:26:27","date_gmt":"2024-04-18T19:26:27","guid":{"rendered":"http:\/\/glareone.eu\/produkt\/glareone-softbox-hexa-90-pro\/"},"modified":"2024-09-02T13:46:34","modified_gmt":"2024-09-02T13:46:34","slug":"glareone-softbox-hexa-90-pro","status":"publish","type":"product","link":"https:\/\/glareone.eu\/pl\/produkt\/glareone-softbox-hexa-90-pro\/","title":{"rendered":"GlareOne Softbox Hexa 90 PRO"},"content":{"rendered":"<p>G\u0142\u0119boki softbox hexagonalny wyposa\u017cony w podw\u00f3jny dyfuzor, mechanizm szybkiego rozk\u0142adania Easy Fold II oraz pokrowiec.<\/p>\n<h3><strong>\u015awiat\u0142ono\u015bny<\/strong><\/h3>\n<p>Dzi\u0119ki swojemu charakterystycznemu, bardzo g\u0142\u0119bokiemu profilowi ma zdolno\u015b\u0107 do kierowania \u015bwiat\u0142a z lampy o wiele dok\u0142adniej ni\u017c jego p\u0142ytkie odpowiedniki. Je\u017celi u\u017cyjemy go bez dyfuzor\u00f3w to zadzia\u0142a jak du\u017ca, kierunkowa czasza, a po ich zamontowaniu zapewni mi\u0119kkie, bardzo przyjemne \u015bwiat\u0142o.<\/p>\n<h3><strong>Szesnastok\u0105tny<\/strong><\/h3>\n<p>Jego kszta\u0142t nie wynika z szale\u0144stwa projektanta, ale z tego, aby softbox odbijaj\u0105cy si\u0119 w oczach fotografowanej lub filmowanej osoby dawa\u0142 bardzo naturalny odblask. Zastosowanie konstrukcji z 16 \u015bciankami daje niemal okr\u0105g\u0142e odbicie i to jest pow\u00f3d, dla kt\u00f3rego warto korzysta\u0107 z tego rodzaju konstrukcji.<\/p>\n<h3><strong>Prosty w u\u017cyciu i por\u0119czny<\/strong><\/h3>\n<p>Hexa Softbox zbudowany jest w oparciu o stela\u017c Easy Fold II, kt\u00f3ry daje mo\u017cliwo\u015b\u0107 szybkiego i \u0142atwego sk\u0142adania oraz rozk\u0142adania. Ponadto jest wyposa\u017cony w rzep, kt\u00f3ry pozwala stosowa\u0107 grid w formie plastra miodu, co jest przydatne gdy trzeba z du\u017c\u0105 dok\u0142adno\u015bci\u0105 zapanowa\u0107 nad \u015bwiat\u0142em na planie zdj\u0119ciowym. Dostarczany w zestawie pokrowiec u\u0142atwia transport i przechowywanie.<\/p>\n<h3><strong>Dopracowany<\/strong><\/h3>\n<p>Poszycie softboxu jest wykonane z bardzo lekkiego, a jednocze\u015bnie wytrzyma\u0142ego nylonu ripstop 300D. Zastosowanie splotu rip-stop sprawia, \u017ce materia\u0142 ma podwy\u017cszon\u0105 odporno\u015b\u0107 na rozdarcia przy zachowaniu relatywnie niskiej masy. Dyfuzory wykonane s\u0105 z tego samego materia\u0142u o ni\u017cszej g\u0119sto\u015bci (190D). Ekran odbijaj\u0105cy jest laminowany na materia\u0142 poszycia, co daje du\u017c\u0105 \u017cywotno\u015b\u0107 i ogranicza przepuszczanie \u015bwiat\u0142a. Wszystkie materia\u0142y s\u0105 dobrane tak, aby zachowana by\u0142a ich neutralno\u015b\u0107 kolorystyczna, dzi\u0119ki czemu softbox nie wp\u0142ywa negatywnie na jako\u015b\u0107 \u015bwiat\u0142a z lampy. Pier\u015bcie\u0144 mocuj\u0105cy oraz mechanizm Easy Fold II wykonany jest z anodyzowanego aluminium, natomiast pr\u0119ty stela\u017ca s\u0105 stalowe.<\/p>\n<h3><strong>Cechy produktu:<\/strong><\/h3>\n<ul>\n<li>Idealnie sprawdzi si\u0119 do o\u015bwietlania portret\u00f3w.<\/li>\n<li>Mo\u017ce by\u0107 u\u017cywany jako g\u0142\u0119boka czasza lub softbox.<\/li>\n<li>Jest bardzo \u0142atwy i szybki w monta\u017cu.<\/li>\n<li>Ma podw\u00f3jny, odpinany dyfuzor.<\/li>\n<li>Mo\u017cna go doposa\u017cy\u0107 w plaster miodu (grid).<\/li>\n<li>Ma g\u0142\u0119boki (paraboliczny) profil.<\/li>\n<li>Jest wykonany z wysokiej jako\u015bci materia\u0142\u00f3w .<\/li>\n<li>Dostarczany w por\u0119cznym pokrowcu.<\/li>\n<\/ul>\n","protected":false},"excerpt":{"rendered":"<p>G\u0142\u0119boki softbox hexagonalny wyposa\u017cony w podw\u00f3jny dyfuzor, mechanizm szybkiego rozk\u0142adania Easy Fold II oraz pokrowiec. \u015awiat\u0142ono\u015bny Dzi\u0119ki swojemu charakterystycznemu, bardzo g\u0142\u0119bokiemu profilowi ma zdolno\u015b\u0107 do kierowania \u015bwiat\u0142a z lampy o wiele dok\u0142adniej ni\u017c jego p\u0142ytkie odpowiedniki. Je\u017celi u\u017cyjemy go bez dyfuzor\u00f3w to zadzia\u0142a jak du\u017ca, kierunkowa czasza, a po ich zamontowaniu zapewni mi\u0119kkie, bardzo przyjemne [&hellip;]<\/p>\n","protected":false},"featured_media":2115,"template":"","meta":[],"product_brand":[],"product_cat":[353],"product_tag":[],"class_list":{"0":"post-993","1":"product","2":"type-product","3":"status-publish","4":"has-post-thumbnail","6":"product_cat-pro","8":"first","9":"instock","10":"product-type-simple"},"yoast_head":"<!-- This site is optimized with the Yoast SEO plugin v27.2 - https:\/\/yoast.com\/product\/yoast-seo-wordpress\/ -->\n<title>GlareOne Softbox Hexa 90 PRO<\/title>\n<meta name=\"description\" content=\"GlareOne Softbox Hexa 90 PRO\" \/>\n<meta name=\"robots\" content=\"index, follow, max-snippet:-1, max-image-preview:large, max-video-preview:-1\" \/>\n<link rel=\"canonical\" href=\"https:\/\/glareone.eu\/pl\/produkt\/glareone-softbox-hexa-90-pro\/\" \/>\n<meta property=\"og:locale\" content=\"pl_PL\" \/>\n<meta property=\"og:type\" content=\"article\" \/>\n<meta property=\"og:title\" content=\"GlareOne Softbox Hexa 90 PRO\" \/>\n<meta property=\"og:description\" content=\"GlareOne Softbox Hexa 90 PRO\" \/>\n<meta property=\"og:url\" content=\"https:\/\/glareone.eu\/pl\/produkt\/glareone-softbox-hexa-90-pro\/\" \/>\n<meta property=\"og:site_name\" content=\"GlareOne\" \/>\n<meta property=\"article:publisher\" content=\"https:\/\/www.facebook.com\/GlareOneLighting\" \/>\n<meta property=\"article:modified_time\" content=\"2024-09-02T13:46:34+00:00\" \/>\n<meta property=\"og:image\" content=\"https:\/\/glareone.eu\/wp-content\/uploads\/2024\/04\/GlareOne-Softbox-Hexa-90-PRO-01.jpg\" \/>\n\t<meta property=\"og:image:width\" content=\"1200\" \/>\n\t<meta property=\"og:image:height\" content=\"1200\" \/>\n\t<meta property=\"og:image:type\" content=\"image\/jpeg\" \/>\n<meta name=\"twitter:card\" content=\"summary_large_image\" \/>\n<meta name=\"twitter:title\" content=\"GlareOne Softbox Hexa 90 PRO\" \/>\n<meta name=\"twitter:label1\" content=\"Szacowany czas czytania\" \/>\n\t<meta name=\"twitter:data1\" content=\"2 minuty\" \/>\n<script type=\"application\/ld+json\" class=\"yoast-schema-graph\">{\"@context\":\"https:\/\/schema.org\",\"@graph\":[{\"@type\":\"WebPage\",\"@id\":\"https:\/\/glareone.eu\/pl\/produkt\/glareone-softbox-hexa-90-pro\/\",\"url\":\"https:\/\/glareone.eu\/pl\/produkt\/glareone-softbox-hexa-90-pro\/\",\"name\":\"GlareOne Softbox Hexa 90 PRO\",\"isPartOf\":{\"@id\":\"https:\/\/glareone.eu\/pl\/en\/#website\"},\"primaryImageOfPage\":{\"@id\":\"https:\/\/glareone.eu\/pl\/produkt\/glareone-softbox-hexa-90-pro\/#primaryimage\"},\"image\":{\"@id\":\"https:\/\/glareone.eu\/pl\/produkt\/glareone-softbox-hexa-90-pro\/#primaryimage\"},\"thumbnailUrl\":\"https:\/\/glareone.eu\/wp-content\/uploads\/2024\/04\/GlareOne-Softbox-Hexa-90-PRO-01.jpg\",\"datePublished\":\"2024-04-18T19:26:27+00:00\",\"dateModified\":\"2024-09-02T13:46:34+00:00\",\"description\":\"GlareOne Softbox Hexa 90 PRO\",\"breadcrumb\":{\"@id\":\"https:\/\/glareone.eu\/pl\/produkt\/glareone-softbox-hexa-90-pro\/#breadcrumb\"},\"inLanguage\":\"pl-PL\",\"potentialAction\":[{\"@type\":\"ReadAction\",\"target\":[\"https:\/\/glareone.eu\/pl\/produkt\/glareone-softbox-hexa-90-pro\/\"]}]},{\"@type\":\"ImageObject\",\"inLanguage\":\"pl-PL\",\"@id\":\"https:\/\/glareone.eu\/pl\/produkt\/glareone-softbox-hexa-90-pro\/#primaryimage\",\"url\":\"https:\/\/glareone.eu\/wp-content\/uploads\/2024\/04\/GlareOne-Softbox-Hexa-90-PRO-01.jpg\",\"contentUrl\":\"https:\/\/glareone.eu\/wp-content\/uploads\/2024\/04\/GlareOne-Softbox-Hexa-90-PRO-01.jpg\",\"width\":1200,\"height\":1200},{\"@type\":\"BreadcrumbList\",\"@id\":\"https:\/\/glareone.eu\/pl\/produkt\/glareone-softbox-hexa-90-pro\/#breadcrumb\",\"itemListElement\":[{\"@type\":\"ListItem\",\"position\":1,\"name\":\"Strona g\u0142\u00f3wna\",\"item\":\"https:\/\/glareone.eu\/pl\/\"},{\"@type\":\"ListItem\",\"position\":2,\"name\":\"Wszystkie produkty\",\"item\":\"https:\/\/glareone.eu\/pl\/produkty\/wszystkie-produkty\/\"},{\"@type\":\"ListItem\",\"position\":3,\"name\":\"GlareOne Softbox Hexa 90 PRO\"}]},{\"@type\":\"WebSite\",\"@id\":\"https:\/\/glareone.eu\/pl\/en\/#website\",\"url\":\"https:\/\/glareone.eu\/pl\/en\/\",\"name\":\"GlareOne\",\"description\":\"Wyposa\u017cenie Studia\",\"publisher\":{\"@id\":\"https:\/\/glareone.eu\/pl\/en\/#organization\"},\"potentialAction\":[{\"@type\":\"SearchAction\",\"target\":{\"@type\":\"EntryPoint\",\"urlTemplate\":\"https:\/\/glareone.eu\/pl\/en\/?s={search_term_string}\"},\"query-input\":{\"@type\":\"PropertyValueSpecification\",\"valueRequired\":true,\"valueName\":\"search_term_string\"}}],\"inLanguage\":\"pl-PL\"},{\"@type\":\"Organization\",\"@id\":\"https:\/\/glareone.eu\/pl\/en\/#organization\",\"name\":\"GlareOne\",\"url\":\"https:\/\/glareone.eu\/pl\/en\/\",\"logo\":{\"@type\":\"ImageObject\",\"inLanguage\":\"pl-PL\",\"@id\":\"https:\/\/glareone.eu\/pl\/en\/#\/schema\/logo\/image\/\",\"url\":\"http:\/\/glareone.eu\/wp-content\/uploads\/2024\/05\/glareone_logo2020_RGB-01-e1715773127189.png\",\"contentUrl\":\"http:\/\/glareone.eu\/wp-content\/uploads\/2024\/05\/glareone_logo2020_RGB-01-e1715773127189.png\",\"width\":1270,\"height\":321,\"caption\":\"GlareOne\"},\"image\":{\"@id\":\"https:\/\/glareone.eu\/pl\/en\/#\/schema\/logo\/image\/\"},\"sameAs\":[\"https:\/\/www.facebook.com\/GlareOneLighting\",\"https:\/\/www.instagram.com\/glareonelighting\/\",\"https:\/\/www.youtube.com\/@GlareOneTV\"]}]}<\/script>\n<!-- \/ Yoast SEO plugin. -->","yoast_head_json":{"title":"GlareOne Softbox Hexa 90 PRO","description":"GlareOne Softbox Hexa 90 PRO","robots":{"index":"index","follow":"follow","max-snippet":"max-snippet:-1","max-image-preview":"max-image-preview:large","max-video-preview":"max-video-preview:-1"},"canonical":"https:\/\/glareone.eu\/pl\/produkt\/glareone-softbox-hexa-90-pro\/","og_locale":"pl_PL","og_type":"article","og_title":"GlareOne Softbox Hexa 90 PRO","og_description":"GlareOne Softbox Hexa 90 PRO","og_url":"https:\/\/glareone.eu\/pl\/produkt\/glareone-softbox-hexa-90-pro\/","og_site_name":"GlareOne","article_publisher":"https:\/\/www.facebook.com\/GlareOneLighting","article_modified_time":"2024-09-02T13:46:34+00:00","og_image":[{"width":1200,"height":1200,"url":"https:\/\/glareone.eu\/wp-content\/uploads\/2024\/04\/GlareOne-Softbox-Hexa-90-PRO-01.jpg","type":"image\/jpeg"}],"twitter_card":"summary_large_image","twitter_title":"GlareOne Softbox Hexa 90 PRO","twitter_misc":{"Szacowany czas czytania":"2 minuty"},"schema":{"@context":"https:\/\/schema.org","@graph":[{"@type":"WebPage","@id":"https:\/\/glareone.eu\/pl\/produkt\/glareone-softbox-hexa-90-pro\/","url":"https:\/\/glareone.eu\/pl\/produkt\/glareone-softbox-hexa-90-pro\/","name":"GlareOne Softbox Hexa 90 PRO","isPartOf":{"@id":"https:\/\/glareone.eu\/pl\/en\/#website"},"primaryImageOfPage":{"@id":"https:\/\/glareone.eu\/pl\/produkt\/glareone-softbox-hexa-90-pro\/#primaryimage"},"image":{"@id":"https:\/\/glareone.eu\/pl\/produkt\/glareone-softbox-hexa-90-pro\/#primaryimage"},"thumbnailUrl":"https:\/\/glareone.eu\/wp-content\/uploads\/2024\/04\/GlareOne-Softbox-Hexa-90-PRO-01.jpg","datePublished":"2024-04-18T19:26:27+00:00","dateModified":"2024-09-02T13:46:34+00:00","description":"GlareOne Softbox Hexa 90 PRO","breadcrumb":{"@id":"https:\/\/glareone.eu\/pl\/produkt\/glareone-softbox-hexa-90-pro\/#breadcrumb"},"inLanguage":"pl-PL","potentialAction":[{"@type":"ReadAction","target":["https:\/\/glareone.eu\/pl\/produkt\/glareone-softbox-hexa-90-pro\/"]}]},{"@type":"ImageObject","inLanguage":"pl-PL","@id":"https:\/\/glareone.eu\/pl\/produkt\/glareone-softbox-hexa-90-pro\/#primaryimage","url":"https:\/\/glareone.eu\/wp-content\/uploads\/2024\/04\/GlareOne-Softbox-Hexa-90-PRO-01.jpg","contentUrl":"https:\/\/glareone.eu\/wp-content\/uploads\/2024\/04\/GlareOne-Softbox-Hexa-90-PRO-01.jpg","width":1200,"height":1200},{"@type":"BreadcrumbList","@id":"https:\/\/glareone.eu\/pl\/produkt\/glareone-softbox-hexa-90-pro\/#breadcrumb","itemListElement":[{"@type":"ListItem","position":1,"name":"Strona g\u0142\u00f3wna","item":"https:\/\/glareone.eu\/pl\/"},{"@type":"ListItem","position":2,"name":"Wszystkie produkty","item":"https:\/\/glareone.eu\/pl\/produkty\/wszystkie-produkty\/"},{"@type":"ListItem","position":3,"name":"GlareOne Softbox Hexa 90 PRO"}]},{"@type":"WebSite","@id":"https:\/\/glareone.eu\/pl\/en\/#website","url":"https:\/\/glareone.eu\/pl\/en\/","name":"GlareOne","description":"Wyposa\u017cenie Studia","publisher":{"@id":"https:\/\/glareone.eu\/pl\/en\/#organization"},"potentialAction":[{"@type":"SearchAction","target":{"@type":"EntryPoint","urlTemplate":"https:\/\/glareone.eu\/pl\/en\/?s={search_term_string}"},"query-input":{"@type":"PropertyValueSpecification","valueRequired":true,"valueName":"search_term_string"}}],"inLanguage":"pl-PL"},{"@type":"Organization","@id":"https:\/\/glareone.eu\/pl\/en\/#organization","name":"GlareOne","url":"https:\/\/glareone.eu\/pl\/en\/","logo":{"@type":"ImageObject","inLanguage":"pl-PL","@id":"https:\/\/glareone.eu\/pl\/en\/#\/schema\/logo\/image\/","url":"http:\/\/glareone.eu\/wp-content\/uploads\/2024\/05\/glareone_logo2020_RGB-01-e1715773127189.png","contentUrl":"http:\/\/glareone.eu\/wp-content\/uploads\/2024\/05\/glareone_logo2020_RGB-01-e1715773127189.png","width":1270,"height":321,"caption":"GlareOne"},"image":{"@id":"https:\/\/glareone.eu\/pl\/en\/#\/schema\/logo\/image\/"},"sameAs":["https:\/\/www.facebook.com\/GlareOneLighting","https:\/\/www.instagram.com\/glareonelighting\/","https:\/\/www.youtube.com\/@GlareOneTV"]}]}},"_links":{"self":[{"href":"https:\/\/glareone.eu\/pl\/wp-json\/wp\/v2\/product\/993","targetHints":{"allow":["GET"]}}],"collection":[{"href":"https:\/\/glareone.eu\/pl\/wp-json\/wp\/v2\/product"}],"about":[{"href":"https:\/\/glareone.eu\/pl\/wp-json\/wp\/v2\/types\/product"}],"wp:featuredmedia":[{"embeddable":true,"href":"https:\/\/glareone.eu\/pl\/wp-json\/wp\/v2\/media\/2115"}],"wp:attachment":[{"href":"https:\/\/glareone.eu\/pl\/wp-json\/wp\/v2\/media?parent=993"}],"wp:term":[{"taxonomy":"product_brand","embeddable":true,"href":"https:\/\/glareone.eu\/pl\/wp-json\/wp\/v2\/product_brand?post=993"},{"taxonomy":"product_cat","embeddable":true,"href":"https:\/\/glareone.eu\/pl\/wp-json\/wp\/v2\/product_cat?post=993"},{"taxonomy":"product_tag","embeddable":true,"href":"https:\/\/glareone.eu\/pl\/wp-json\/wp\/v2\/product_tag?post=993"}],"curies":[{"name":"wp","href":"https:\/\/api.w.org\/{rel}","templated":true}]}}