{"id":983,"date":"2024-04-18T19:26:24","date_gmt":"2024-04-18T19:26:24","guid":{"rendered":"http:\/\/glareone.eu\/produkt\/glareone-longbow-reflector-czasza-waskokatna\/"},"modified":"2024-05-10T08:48:03","modified_gmt":"2024-05-10T08:48:03","slug":"glareone-longbow-reflector","status":"publish","type":"product","link":"https:\/\/glareone.eu\/pl\/produkt\/glareone-longbow-reflector\/","title":{"rendered":"GlareOne Longbow Reflector &#8211; czasza w\u0105skok\u0105tna"},"content":{"rendered":"<p>W\u0105skok\u0105tna czasza do o\u015bwietlania planu z du\u017cej odleg\u0142o\u015bci.<\/p>\n<h3>Precyzja<\/h3>\n<p>Longbow to czasza zaprojektowana tak, aby \u015bwiat\u0142o p\u0142yn\u0105ce z lampy by\u0142o ukierunkowane najdok\u0142adniej jak tylko si\u0119 da i to st\u0105d wynika jej charakterystyczny kszta\u0142t. Du\u017ca g\u0142\u0119boko\u015b\u0107 w po\u0142\u0105czeniu ze srebrnym wyko\u0144czeniem wn\u0119trza sprawia, \u017ce Longbow umo\u017cliwia rzutowanie \u015bwiat\u0142a na du\u017ce odleg\u0142o\u015bci w spos\u00f3b precyzyjny. K\u0105t \u015bwiecenia czaszy wynosi oko\u0142o 45\u00b0, ale w razie potrzeby mo\u017cna do niej dokupi\u0107 dodatkowy plaster miodu (grid), kt\u00f3ry pozwala uzyska\u0107 k\u0105t 15\u00b0, co daje jeszcze wi\u0119ksz\u0105 kontrol\u0119 nad kierunkiem \u015bwiat\u0142a.<\/p>\n<h3>\u015awiat\u0142o<\/h3>\n<p>Plama \u015bwiat\u0142a, jak\u0105 mo\u017cna za jej po\u015brednictwem uzyska\u0107, odznacza si\u0119 tym, \u017ce mi\u0119dzy centrum a jej kraw\u0119dzi\u0105 spadek intensywno\u015bci o\u015bwietlenia jest niewielki. Daje to mo\u017cliwo\u015b\u0107 uzyskania r\u00f3wnego o\u015bwietlenia obiektu nawet na spore odleg\u0142o\u015bci. Dzi\u0119ki tej w\u0142a\u015bciwo\u015bci Longbow idealnie sprawdzi si\u0119 podczas zdj\u0119\u0107 w plenerze oraz w sytuacji, kiedy lampa musi by\u0107 umieszczona z dala od planu zdj\u0119ciowego, np. do zdj\u0119\u0107 na du\u017cych halach i obiektach sportowych.<\/p>\n<h3>Cechy produktu:<\/h3>\n<ul>\n<li>Daje mocne i skoncentrowane \u015bwiat\u0142o.<\/li>\n<li>Pozwala ukierunkowa\u0107 \u015bwiat\u0142o z lampy i lepiej nad nim zapanowa\u0107.<\/li>\n<li>Pasuje do lamp b\u0142yskowych i \u015bwiat\u0142a ci\u0105g\u0142ego (w tym LED).<\/li>\n<li>Mo\u017ce by\u0107 wyposa\u017cona w dodatkowy plaster miodu (grid).<\/li>\n<li>Jest w ca\u0142o\u015bci aluminiowa.<\/li>\n<li>Ma mocowanie typu Bowens.<\/li>\n<\/ul>\n","protected":false},"excerpt":{"rendered":"<p>W\u0105skok\u0105tna czasza do o\u015bwietlania planu z du\u017cej odleg\u0142o\u015bci. Precyzja Longbow to czasza zaprojektowana tak, aby \u015bwiat\u0142o p\u0142yn\u0105ce z lampy by\u0142o ukierunkowane najdok\u0142adniej jak tylko si\u0119 da i to st\u0105d wynika jej charakterystyczny kszta\u0142t. Du\u017ca g\u0142\u0119boko\u015b\u0107 w po\u0142\u0105czeniu ze srebrnym wyko\u0144czeniem wn\u0119trza sprawia, \u017ce Longbow umo\u017cliwia rzutowanie \u015bwiat\u0142a na du\u017ce odleg\u0142o\u015bci w spos\u00f3b precyzyjny. K\u0105t \u015bwiecenia [&hellip;]<\/p>\n","protected":false},"featured_media":7944,"template":"","meta":[],"product_brand":[],"product_cat":[486],"product_tag":[],"class_list":{"0":"post-983","1":"product","2":"type-product","3":"status-publish","4":"has-post-thumbnail","6":"product_cat-czasze","8":"first","9":"instock","10":"product-type-simple"},"yoast_head":"<!-- This site is optimized with the Yoast SEO plugin v27.4 - https:\/\/yoast.com\/product\/yoast-seo-wordpress\/ -->\n<title>GlareOne Longbow Reflector - czasza w\u0105skok\u0105tna<\/title>\n<meta name=\"description\" content=\"GlareOne Longbow Reflector - czasza w\u0105skok\u0105tna\" \/>\n<meta name=\"robots\" content=\"index, follow, max-snippet:-1, max-image-preview:large, max-video-preview:-1\" \/>\n<link rel=\"canonical\" href=\"https:\/\/glareone.eu\/pl\/produkt\/glareone-longbow-reflector\/\" \/>\n<meta property=\"og:locale\" content=\"pl_PL\" \/>\n<meta property=\"og:type\" content=\"article\" \/>\n<meta property=\"og:title\" content=\"GlareOne Longbow Reflector - czasza w\u0105skok\u0105tna\" \/>\n<meta property=\"og:description\" content=\"GlareOne Longbow Reflector - czasza w\u0105skok\u0105tna\" \/>\n<meta property=\"og:url\" content=\"https:\/\/glareone.eu\/pl\/produkt\/glareone-longbow-reflector\/\" \/>\n<meta property=\"og:site_name\" content=\"GlareOne\" \/>\n<meta property=\"article:publisher\" content=\"https:\/\/www.facebook.com\/GlareOneLighting\" \/>\n<meta property=\"article:modified_time\" content=\"2024-05-10T08:48:03+00:00\" \/>\n<meta property=\"og:image\" content=\"https:\/\/glareone.eu\/wp-content\/uploads\/2024\/04\/GlareOne-Longbow-01.jpg\" \/>\n\t<meta property=\"og:image:width\" content=\"1200\" \/>\n\t<meta property=\"og:image:height\" content=\"1200\" \/>\n\t<meta property=\"og:image:type\" content=\"image\/jpeg\" \/>\n<meta name=\"twitter:card\" content=\"summary_large_image\" \/>\n<meta name=\"twitter:title\" content=\"GlareOne Longbow Reflector - czasza w\u0105skok\u0105tna\" \/>\n<meta name=\"twitter:label1\" content=\"Szacowany czas czytania\" \/>\n\t<meta name=\"twitter:data1\" content=\"2 minuty\" \/>\n<script type=\"application\/ld+json\" class=\"yoast-schema-graph\">{\"@context\":\"https:\\\/\\\/schema.org\",\"@graph\":[{\"@type\":\"WebPage\",\"@id\":\"https:\\\/\\\/glareone.eu\\\/pl\\\/produkt\\\/glareone-longbow-reflector\\\/\",\"url\":\"https:\\\/\\\/glareone.eu\\\/pl\\\/produkt\\\/glareone-longbow-reflector\\\/\",\"name\":\"GlareOne Longbow Reflector - czasza w\u0105skok\u0105tna\",\"isPartOf\":{\"@id\":\"https:\\\/\\\/glareone.eu\\\/pl\\\/en\\\/#website\"},\"primaryImageOfPage\":{\"@id\":\"https:\\\/\\\/glareone.eu\\\/pl\\\/produkt\\\/glareone-longbow-reflector\\\/#primaryimage\"},\"image\":{\"@id\":\"https:\\\/\\\/glareone.eu\\\/pl\\\/produkt\\\/glareone-longbow-reflector\\\/#primaryimage\"},\"thumbnailUrl\":\"https:\\\/\\\/glareone.eu\\\/wp-content\\\/uploads\\\/2024\\\/04\\\/GlareOne-Longbow-01.jpg\",\"datePublished\":\"2024-04-18T19:26:24+00:00\",\"dateModified\":\"2024-05-10T08:48:03+00:00\",\"description\":\"GlareOne Longbow Reflector - czasza w\u0105skok\u0105tna\",\"breadcrumb\":{\"@id\":\"https:\\\/\\\/glareone.eu\\\/pl\\\/produkt\\\/glareone-longbow-reflector\\\/#breadcrumb\"},\"inLanguage\":\"pl-PL\",\"potentialAction\":[{\"@type\":\"ReadAction\",\"target\":[\"https:\\\/\\\/glareone.eu\\\/pl\\\/produkt\\\/glareone-longbow-reflector\\\/\"]}]},{\"@type\":\"ImageObject\",\"inLanguage\":\"pl-PL\",\"@id\":\"https:\\\/\\\/glareone.eu\\\/pl\\\/produkt\\\/glareone-longbow-reflector\\\/#primaryimage\",\"url\":\"https:\\\/\\\/glareone.eu\\\/wp-content\\\/uploads\\\/2024\\\/04\\\/GlareOne-Longbow-01.jpg\",\"contentUrl\":\"https:\\\/\\\/glareone.eu\\\/wp-content\\\/uploads\\\/2024\\\/04\\\/GlareOne-Longbow-01.jpg\",\"width\":1200,\"height\":1200},{\"@type\":\"BreadcrumbList\",\"@id\":\"https:\\\/\\\/glareone.eu\\\/pl\\\/produkt\\\/glareone-longbow-reflector\\\/#breadcrumb\",\"itemListElement\":[{\"@type\":\"ListItem\",\"position\":1,\"name\":\"Strona g\u0142\u00f3wna\",\"item\":\"https:\\\/\\\/glareone.eu\\\/pl\\\/\"},{\"@type\":\"ListItem\",\"position\":2,\"name\":\"Wszystkie produkty\",\"item\":\"https:\\\/\\\/glareone.eu\\\/pl\\\/produkty\\\/wszystkie-produkty\\\/\"},{\"@type\":\"ListItem\",\"position\":3,\"name\":\"GlareOne Longbow Reflector &#8211; czasza w\u0105skok\u0105tna\"}]},{\"@type\":\"WebSite\",\"@id\":\"https:\\\/\\\/glareone.eu\\\/pl\\\/en\\\/#website\",\"url\":\"https:\\\/\\\/glareone.eu\\\/pl\\\/en\\\/\",\"name\":\"GlareOne\",\"description\":\"Wyposa\u017cenie Studia\",\"publisher\":{\"@id\":\"https:\\\/\\\/glareone.eu\\\/pl\\\/en\\\/#organization\"},\"potentialAction\":[{\"@type\":\"SearchAction\",\"target\":{\"@type\":\"EntryPoint\",\"urlTemplate\":\"https:\\\/\\\/glareone.eu\\\/pl\\\/en\\\/?s={search_term_string}\"},\"query-input\":{\"@type\":\"PropertyValueSpecification\",\"valueRequired\":true,\"valueName\":\"search_term_string\"}}],\"inLanguage\":\"pl-PL\"},{\"@type\":\"Organization\",\"@id\":\"https:\\\/\\\/glareone.eu\\\/pl\\\/en\\\/#organization\",\"name\":\"GlareOne\",\"url\":\"https:\\\/\\\/glareone.eu\\\/pl\\\/en\\\/\",\"logo\":{\"@type\":\"ImageObject\",\"inLanguage\":\"pl-PL\",\"@id\":\"https:\\\/\\\/glareone.eu\\\/pl\\\/en\\\/#\\\/schema\\\/logo\\\/image\\\/\",\"url\":\"http:\\\/\\\/glareone.eu\\\/wp-content\\\/uploads\\\/2024\\\/05\\\/glareone_logo2020_RGB-01-e1715773127189.png\",\"contentUrl\":\"http:\\\/\\\/glareone.eu\\\/wp-content\\\/uploads\\\/2024\\\/05\\\/glareone_logo2020_RGB-01-e1715773127189.png\",\"width\":1270,\"height\":321,\"caption\":\"GlareOne\"},\"image\":{\"@id\":\"https:\\\/\\\/glareone.eu\\\/pl\\\/en\\\/#\\\/schema\\\/logo\\\/image\\\/\"},\"sameAs\":[\"https:\\\/\\\/www.facebook.com\\\/GlareOneLighting\",\"https:\\\/\\\/www.instagram.com\\\/glareonelighting\\\/\",\"https:\\\/\\\/www.youtube.com\\\/@GlareOneTV\"]}]}<\/script>\n<!-- \/ Yoast SEO plugin. -->","yoast_head_json":{"title":"GlareOne Longbow Reflector - czasza w\u0105skok\u0105tna","description":"GlareOne Longbow Reflector - czasza w\u0105skok\u0105tna","robots":{"index":"index","follow":"follow","max-snippet":"max-snippet:-1","max-image-preview":"max-image-preview:large","max-video-preview":"max-video-preview:-1"},"canonical":"https:\/\/glareone.eu\/pl\/produkt\/glareone-longbow-reflector\/","og_locale":"pl_PL","og_type":"article","og_title":"GlareOne Longbow Reflector - czasza w\u0105skok\u0105tna","og_description":"GlareOne Longbow Reflector - czasza w\u0105skok\u0105tna","og_url":"https:\/\/glareone.eu\/pl\/produkt\/glareone-longbow-reflector\/","og_site_name":"GlareOne","article_publisher":"https:\/\/www.facebook.com\/GlareOneLighting","article_modified_time":"2024-05-10T08:48:03+00:00","og_image":[{"width":1200,"height":1200,"url":"https:\/\/glareone.eu\/wp-content\/uploads\/2024\/04\/GlareOne-Longbow-01.jpg","type":"image\/jpeg"}],"twitter_card":"summary_large_image","twitter_title":"GlareOne Longbow Reflector - czasza w\u0105skok\u0105tna","twitter_misc":{"Szacowany czas czytania":"2 minuty"},"schema":{"@context":"https:\/\/schema.org","@graph":[{"@type":"WebPage","@id":"https:\/\/glareone.eu\/pl\/produkt\/glareone-longbow-reflector\/","url":"https:\/\/glareone.eu\/pl\/produkt\/glareone-longbow-reflector\/","name":"GlareOne Longbow Reflector - czasza w\u0105skok\u0105tna","isPartOf":{"@id":"https:\/\/glareone.eu\/pl\/en\/#website"},"primaryImageOfPage":{"@id":"https:\/\/glareone.eu\/pl\/produkt\/glareone-longbow-reflector\/#primaryimage"},"image":{"@id":"https:\/\/glareone.eu\/pl\/produkt\/glareone-longbow-reflector\/#primaryimage"},"thumbnailUrl":"https:\/\/glareone.eu\/wp-content\/uploads\/2024\/04\/GlareOne-Longbow-01.jpg","datePublished":"2024-04-18T19:26:24+00:00","dateModified":"2024-05-10T08:48:03+00:00","description":"GlareOne Longbow Reflector - czasza w\u0105skok\u0105tna","breadcrumb":{"@id":"https:\/\/glareone.eu\/pl\/produkt\/glareone-longbow-reflector\/#breadcrumb"},"inLanguage":"pl-PL","potentialAction":[{"@type":"ReadAction","target":["https:\/\/glareone.eu\/pl\/produkt\/glareone-longbow-reflector\/"]}]},{"@type":"ImageObject","inLanguage":"pl-PL","@id":"https:\/\/glareone.eu\/pl\/produkt\/glareone-longbow-reflector\/#primaryimage","url":"https:\/\/glareone.eu\/wp-content\/uploads\/2024\/04\/GlareOne-Longbow-01.jpg","contentUrl":"https:\/\/glareone.eu\/wp-content\/uploads\/2024\/04\/GlareOne-Longbow-01.jpg","width":1200,"height":1200},{"@type":"BreadcrumbList","@id":"https:\/\/glareone.eu\/pl\/produkt\/glareone-longbow-reflector\/#breadcrumb","itemListElement":[{"@type":"ListItem","position":1,"name":"Strona g\u0142\u00f3wna","item":"https:\/\/glareone.eu\/pl\/"},{"@type":"ListItem","position":2,"name":"Wszystkie produkty","item":"https:\/\/glareone.eu\/pl\/produkty\/wszystkie-produkty\/"},{"@type":"ListItem","position":3,"name":"GlareOne Longbow Reflector &#8211; czasza w\u0105skok\u0105tna"}]},{"@type":"WebSite","@id":"https:\/\/glareone.eu\/pl\/en\/#website","url":"https:\/\/glareone.eu\/pl\/en\/","name":"GlareOne","description":"Wyposa\u017cenie Studia","publisher":{"@id":"https:\/\/glareone.eu\/pl\/en\/#organization"},"potentialAction":[{"@type":"SearchAction","target":{"@type":"EntryPoint","urlTemplate":"https:\/\/glareone.eu\/pl\/en\/?s={search_term_string}"},"query-input":{"@type":"PropertyValueSpecification","valueRequired":true,"valueName":"search_term_string"}}],"inLanguage":"pl-PL"},{"@type":"Organization","@id":"https:\/\/glareone.eu\/pl\/en\/#organization","name":"GlareOne","url":"https:\/\/glareone.eu\/pl\/en\/","logo":{"@type":"ImageObject","inLanguage":"pl-PL","@id":"https:\/\/glareone.eu\/pl\/en\/#\/schema\/logo\/image\/","url":"http:\/\/glareone.eu\/wp-content\/uploads\/2024\/05\/glareone_logo2020_RGB-01-e1715773127189.png","contentUrl":"http:\/\/glareone.eu\/wp-content\/uploads\/2024\/05\/glareone_logo2020_RGB-01-e1715773127189.png","width":1270,"height":321,"caption":"GlareOne"},"image":{"@id":"https:\/\/glareone.eu\/pl\/en\/#\/schema\/logo\/image\/"},"sameAs":["https:\/\/www.facebook.com\/GlareOneLighting","https:\/\/www.instagram.com\/glareonelighting\/","https:\/\/www.youtube.com\/@GlareOneTV"]}]}},"_links":{"self":[{"href":"https:\/\/glareone.eu\/pl\/wp-json\/wp\/v2\/product\/983","targetHints":{"allow":["GET"]}}],"collection":[{"href":"https:\/\/glareone.eu\/pl\/wp-json\/wp\/v2\/product"}],"about":[{"href":"https:\/\/glareone.eu\/pl\/wp-json\/wp\/v2\/types\/product"}],"wp:featuredmedia":[{"embeddable":true,"href":"https:\/\/glareone.eu\/pl\/wp-json\/wp\/v2\/media\/7944"}],"wp:attachment":[{"href":"https:\/\/glareone.eu\/pl\/wp-json\/wp\/v2\/media?parent=983"}],"wp:term":[{"taxonomy":"product_brand","embeddable":true,"href":"https:\/\/glareone.eu\/pl\/wp-json\/wp\/v2\/product_brand?post=983"},{"taxonomy":"product_cat","embeddable":true,"href":"https:\/\/glareone.eu\/pl\/wp-json\/wp\/v2\/product_cat?post=983"},{"taxonomy":"product_tag","embeddable":true,"href":"https:\/\/glareone.eu\/pl\/wp-json\/wp\/v2\/product_tag?post=983"}],"curies":[{"name":"wp","href":"https:\/\/api.w.org\/{rel}","templated":true}]}}