{"id":982,"date":"2024-04-18T19:26:24","date_gmt":"2024-04-18T19:26:24","guid":{"rendered":"http:\/\/glareone.eu\/produkt\/glareone-standard-grid-kit-zestaw-gridow-do-czaszy-standard\/"},"modified":"2026-02-10T11:40:56","modified_gmt":"2026-02-10T11:40:56","slug":"glareone-standard-grid-kit","status":"publish","type":"product","link":"https:\/\/glareone.eu\/pl\/produkt\/glareone-standard-grid-kit\/","title":{"rendered":"GlareOne Standard Grid Kit"},"content":{"rendered":"<p>Zestaw czterech plastr\u00f3w miodu do czaszy Standard Reflector.<\/p>\n<p>Podczas sesji, kiedy potrzebne jest bardzo precyzyjne o\u015bwietlenie, plastry miodu mog\u0105 okaza\u0107 si\u0119 niezb\u0119dne. K\u0105t wi\u0105zki \u015bwiat\u0142a, jaki uzyskujemy stosuj\u0105c czasz\u0119 Standard, wynosi oko\u0142o 55\u00b0, ale gdy zastosujemy plastry, mo\u017cemy ten k\u0105t zredukowa\u0107 do 40, 30, 20, a nawet do 10\u00b0, co odpowiada efektom, jakie daje strumienica.<\/p>\n<p>Plastry wykonano\u00a0 z aluminium, dzi\u0119ki czemu s\u0105 lekkie i wytrzyma\u0142e. Ich monta\u017c do czaszy jest bardzo prosty i polega na zwyk\u0142ym osadzeniu plastra w kloszu czaszy. Ka\u017cdy plaster jest wyra\u017anie oznaczony za pomoc\u0105 metki, co u\u0142atwia ich identyfikacj\u0119.<\/p>\n<p><span style=\"font-weight: 400;\">W zestawie znajduje si\u0119 czasza GlareOne Standard Reflector.<\/span><\/p>\n<h3>Cechy produktu:<\/h3>\n<ul>\n<li>Pozwalaj\u0105 precyzyjnie kontrolowa\u0107 \u015bwiat\u0142o.<\/li>\n<li>Rozszerzaj\u0105 u\u017cyteczno\u015b\u0107 czaszy Standard Reflector.<\/li>\n<li>S\u0105 przydatne do fotografii produktowej i portretowej.<\/li>\n<li>Cztery warianty plastr\u00f3w w zestawie: 40\u00b0, 30\u00b0, 20\u00b0 oraz 10\u00b0.<\/li>\n<li>Wykonane z aluminium.<\/li>\n<\/ul>\n","protected":false},"excerpt":{"rendered":"<p>Zestaw czterech plastr\u00f3w miodu do czaszy Standard Reflector. Podczas sesji, kiedy potrzebne jest bardzo precyzyjne o\u015bwietlenie, plastry miodu mog\u0105 okaza\u0107 si\u0119 niezb\u0119dne. K\u0105t wi\u0105zki \u015bwiat\u0142a, jaki uzyskujemy stosuj\u0105c czasz\u0119 Standard, wynosi oko\u0142o 55\u00b0, ale gdy zastosujemy plastry, mo\u017cemy ten k\u0105t zredukowa\u0107 do 40, 30, 20, a nawet do 10\u00b0, co odpowiada efektom, jakie daje strumienica. [&hellip;]<\/p>\n","protected":false},"featured_media":7963,"template":"","meta":[],"product_brand":[],"product_cat":[486],"product_tag":[],"class_list":{"0":"post-982","1":"product","2":"type-product","3":"status-publish","4":"has-post-thumbnail","6":"product_cat-czasze","8":"first","9":"instock","10":"product-type-simple"},"yoast_head":"<!-- This site is optimized with the Yoast SEO plugin v27.4 - https:\/\/yoast.com\/product\/yoast-seo-wordpress\/ -->\n<title>GlareOne Standard Grid Kit - zestaw grid\u00f3w do czaszy Standard<\/title>\n<meta name=\"description\" content=\"GlareOne Standard Grid Kit - zestaw grid\u00f3w do czaszy Standard\" \/>\n<meta name=\"robots\" content=\"index, follow, max-snippet:-1, max-image-preview:large, max-video-preview:-1\" \/>\n<link rel=\"canonical\" href=\"https:\/\/glareone.eu\/pl\/produkt\/glareone-standard-grid-kit\/\" \/>\n<meta property=\"og:locale\" content=\"pl_PL\" \/>\n<meta property=\"og:type\" content=\"article\" \/>\n<meta property=\"og:title\" content=\"GlareOne Standard Grid Kit - zestaw grid\u00f3w do czaszy Standard\" \/>\n<meta property=\"og:description\" content=\"GlareOne Standard Grid Kit - zestaw grid\u00f3w do czaszy Standard\" \/>\n<meta property=\"og:url\" content=\"https:\/\/glareone.eu\/pl\/produkt\/glareone-standard-grid-kit\/\" \/>\n<meta property=\"og:site_name\" content=\"GlareOne\" \/>\n<meta property=\"article:publisher\" content=\"https:\/\/www.facebook.com\/GlareOneLighting\" \/>\n<meta property=\"article:modified_time\" content=\"2026-02-10T11:40:56+00:00\" \/>\n<meta property=\"og:image\" content=\"https:\/\/glareone.eu\/wp-content\/uploads\/2024\/04\/GlareOne-Standard-Grid-Kit-01.jpg\" \/>\n\t<meta property=\"og:image:width\" content=\"1200\" \/>\n\t<meta property=\"og:image:height\" content=\"1200\" \/>\n\t<meta property=\"og:image:type\" content=\"image\/jpeg\" \/>\n<meta name=\"twitter:card\" content=\"summary_large_image\" \/>\n<meta name=\"twitter:title\" content=\"GlareOne Standard Grid Kit - zestaw grid\u00f3w do czaszy Standard\" \/>\n<meta name=\"twitter:label1\" content=\"Szacowany czas czytania\" \/>\n\t<meta name=\"twitter:data1\" content=\"1 minuta\" \/>\n<script type=\"application\/ld+json\" class=\"yoast-schema-graph\">{\"@context\":\"https:\\\/\\\/schema.org\",\"@graph\":[{\"@type\":\"WebPage\",\"@id\":\"https:\\\/\\\/glareone.eu\\\/pl\\\/produkt\\\/glareone-standard-grid-kit\\\/\",\"url\":\"https:\\\/\\\/glareone.eu\\\/pl\\\/produkt\\\/glareone-standard-grid-kit\\\/\",\"name\":\"GlareOne Standard Grid Kit - zestaw grid\u00f3w do czaszy Standard\",\"isPartOf\":{\"@id\":\"https:\\\/\\\/glareone.eu\\\/pl\\\/en\\\/#website\"},\"primaryImageOfPage\":{\"@id\":\"https:\\\/\\\/glareone.eu\\\/pl\\\/produkt\\\/glareone-standard-grid-kit\\\/#primaryimage\"},\"image\":{\"@id\":\"https:\\\/\\\/glareone.eu\\\/pl\\\/produkt\\\/glareone-standard-grid-kit\\\/#primaryimage\"},\"thumbnailUrl\":\"https:\\\/\\\/glareone.eu\\\/wp-content\\\/uploads\\\/2024\\\/04\\\/GlareOne-Standard-Grid-Kit-01.jpg\",\"datePublished\":\"2024-04-18T19:26:24+00:00\",\"dateModified\":\"2026-02-10T11:40:56+00:00\",\"description\":\"GlareOne Standard Grid Kit - zestaw grid\u00f3w do czaszy Standard\",\"breadcrumb\":{\"@id\":\"https:\\\/\\\/glareone.eu\\\/pl\\\/produkt\\\/glareone-standard-grid-kit\\\/#breadcrumb\"},\"inLanguage\":\"pl-PL\",\"potentialAction\":[{\"@type\":\"ReadAction\",\"target\":[\"https:\\\/\\\/glareone.eu\\\/pl\\\/produkt\\\/glareone-standard-grid-kit\\\/\"]}]},{\"@type\":\"ImageObject\",\"inLanguage\":\"pl-PL\",\"@id\":\"https:\\\/\\\/glareone.eu\\\/pl\\\/produkt\\\/glareone-standard-grid-kit\\\/#primaryimage\",\"url\":\"https:\\\/\\\/glareone.eu\\\/wp-content\\\/uploads\\\/2024\\\/04\\\/GlareOne-Standard-Grid-Kit-01.jpg\",\"contentUrl\":\"https:\\\/\\\/glareone.eu\\\/wp-content\\\/uploads\\\/2024\\\/04\\\/GlareOne-Standard-Grid-Kit-01.jpg\",\"width\":1200,\"height\":1200},{\"@type\":\"BreadcrumbList\",\"@id\":\"https:\\\/\\\/glareone.eu\\\/pl\\\/produkt\\\/glareone-standard-grid-kit\\\/#breadcrumb\",\"itemListElement\":[{\"@type\":\"ListItem\",\"position\":1,\"name\":\"Strona g\u0142\u00f3wna\",\"item\":\"https:\\\/\\\/glareone.eu\\\/pl\\\/\"},{\"@type\":\"ListItem\",\"position\":2,\"name\":\"Wszystkie produkty\",\"item\":\"https:\\\/\\\/glareone.eu\\\/pl\\\/produkty\\\/wszystkie-produkty\\\/\"},{\"@type\":\"ListItem\",\"position\":3,\"name\":\"GlareOne Standard Grid Kit\"}]},{\"@type\":\"WebSite\",\"@id\":\"https:\\\/\\\/glareone.eu\\\/pl\\\/en\\\/#website\",\"url\":\"https:\\\/\\\/glareone.eu\\\/pl\\\/en\\\/\",\"name\":\"GlareOne\",\"description\":\"Wyposa\u017cenie Studia\",\"publisher\":{\"@id\":\"https:\\\/\\\/glareone.eu\\\/pl\\\/en\\\/#organization\"},\"potentialAction\":[{\"@type\":\"SearchAction\",\"target\":{\"@type\":\"EntryPoint\",\"urlTemplate\":\"https:\\\/\\\/glareone.eu\\\/pl\\\/en\\\/?s={search_term_string}\"},\"query-input\":{\"@type\":\"PropertyValueSpecification\",\"valueRequired\":true,\"valueName\":\"search_term_string\"}}],\"inLanguage\":\"pl-PL\"},{\"@type\":\"Organization\",\"@id\":\"https:\\\/\\\/glareone.eu\\\/pl\\\/en\\\/#organization\",\"name\":\"GlareOne\",\"url\":\"https:\\\/\\\/glareone.eu\\\/pl\\\/en\\\/\",\"logo\":{\"@type\":\"ImageObject\",\"inLanguage\":\"pl-PL\",\"@id\":\"https:\\\/\\\/glareone.eu\\\/pl\\\/en\\\/#\\\/schema\\\/logo\\\/image\\\/\",\"url\":\"http:\\\/\\\/glareone.eu\\\/wp-content\\\/uploads\\\/2024\\\/05\\\/glareone_logo2020_RGB-01-e1715773127189.png\",\"contentUrl\":\"http:\\\/\\\/glareone.eu\\\/wp-content\\\/uploads\\\/2024\\\/05\\\/glareone_logo2020_RGB-01-e1715773127189.png\",\"width\":1270,\"height\":321,\"caption\":\"GlareOne\"},\"image\":{\"@id\":\"https:\\\/\\\/glareone.eu\\\/pl\\\/en\\\/#\\\/schema\\\/logo\\\/image\\\/\"},\"sameAs\":[\"https:\\\/\\\/www.facebook.com\\\/GlareOneLighting\",\"https:\\\/\\\/www.instagram.com\\\/glareonelighting\\\/\",\"https:\\\/\\\/www.youtube.com\\\/@GlareOneTV\"]}]}<\/script>\n<!-- \/ Yoast SEO plugin. -->","yoast_head_json":{"title":"GlareOne Standard Grid Kit - zestaw grid\u00f3w do czaszy Standard","description":"GlareOne Standard Grid Kit - zestaw grid\u00f3w do czaszy Standard","robots":{"index":"index","follow":"follow","max-snippet":"max-snippet:-1","max-image-preview":"max-image-preview:large","max-video-preview":"max-video-preview:-1"},"canonical":"https:\/\/glareone.eu\/pl\/produkt\/glareone-standard-grid-kit\/","og_locale":"pl_PL","og_type":"article","og_title":"GlareOne Standard Grid Kit - zestaw grid\u00f3w do czaszy Standard","og_description":"GlareOne Standard Grid Kit - zestaw grid\u00f3w do czaszy Standard","og_url":"https:\/\/glareone.eu\/pl\/produkt\/glareone-standard-grid-kit\/","og_site_name":"GlareOne","article_publisher":"https:\/\/www.facebook.com\/GlareOneLighting","article_modified_time":"2026-02-10T11:40:56+00:00","og_image":[{"width":1200,"height":1200,"url":"https:\/\/glareone.eu\/wp-content\/uploads\/2024\/04\/GlareOne-Standard-Grid-Kit-01.jpg","type":"image\/jpeg"}],"twitter_card":"summary_large_image","twitter_title":"GlareOne Standard Grid Kit - zestaw grid\u00f3w do czaszy Standard","twitter_misc":{"Szacowany czas czytania":"1 minuta"},"schema":{"@context":"https:\/\/schema.org","@graph":[{"@type":"WebPage","@id":"https:\/\/glareone.eu\/pl\/produkt\/glareone-standard-grid-kit\/","url":"https:\/\/glareone.eu\/pl\/produkt\/glareone-standard-grid-kit\/","name":"GlareOne Standard Grid Kit - zestaw grid\u00f3w do czaszy Standard","isPartOf":{"@id":"https:\/\/glareone.eu\/pl\/en\/#website"},"primaryImageOfPage":{"@id":"https:\/\/glareone.eu\/pl\/produkt\/glareone-standard-grid-kit\/#primaryimage"},"image":{"@id":"https:\/\/glareone.eu\/pl\/produkt\/glareone-standard-grid-kit\/#primaryimage"},"thumbnailUrl":"https:\/\/glareone.eu\/wp-content\/uploads\/2024\/04\/GlareOne-Standard-Grid-Kit-01.jpg","datePublished":"2024-04-18T19:26:24+00:00","dateModified":"2026-02-10T11:40:56+00:00","description":"GlareOne Standard Grid Kit - zestaw grid\u00f3w do czaszy Standard","breadcrumb":{"@id":"https:\/\/glareone.eu\/pl\/produkt\/glareone-standard-grid-kit\/#breadcrumb"},"inLanguage":"pl-PL","potentialAction":[{"@type":"ReadAction","target":["https:\/\/glareone.eu\/pl\/produkt\/glareone-standard-grid-kit\/"]}]},{"@type":"ImageObject","inLanguage":"pl-PL","@id":"https:\/\/glareone.eu\/pl\/produkt\/glareone-standard-grid-kit\/#primaryimage","url":"https:\/\/glareone.eu\/wp-content\/uploads\/2024\/04\/GlareOne-Standard-Grid-Kit-01.jpg","contentUrl":"https:\/\/glareone.eu\/wp-content\/uploads\/2024\/04\/GlareOne-Standard-Grid-Kit-01.jpg","width":1200,"height":1200},{"@type":"BreadcrumbList","@id":"https:\/\/glareone.eu\/pl\/produkt\/glareone-standard-grid-kit\/#breadcrumb","itemListElement":[{"@type":"ListItem","position":1,"name":"Strona g\u0142\u00f3wna","item":"https:\/\/glareone.eu\/pl\/"},{"@type":"ListItem","position":2,"name":"Wszystkie produkty","item":"https:\/\/glareone.eu\/pl\/produkty\/wszystkie-produkty\/"},{"@type":"ListItem","position":3,"name":"GlareOne Standard Grid Kit"}]},{"@type":"WebSite","@id":"https:\/\/glareone.eu\/pl\/en\/#website","url":"https:\/\/glareone.eu\/pl\/en\/","name":"GlareOne","description":"Wyposa\u017cenie Studia","publisher":{"@id":"https:\/\/glareone.eu\/pl\/en\/#organization"},"potentialAction":[{"@type":"SearchAction","target":{"@type":"EntryPoint","urlTemplate":"https:\/\/glareone.eu\/pl\/en\/?s={search_term_string}"},"query-input":{"@type":"PropertyValueSpecification","valueRequired":true,"valueName":"search_term_string"}}],"inLanguage":"pl-PL"},{"@type":"Organization","@id":"https:\/\/glareone.eu\/pl\/en\/#organization","name":"GlareOne","url":"https:\/\/glareone.eu\/pl\/en\/","logo":{"@type":"ImageObject","inLanguage":"pl-PL","@id":"https:\/\/glareone.eu\/pl\/en\/#\/schema\/logo\/image\/","url":"http:\/\/glareone.eu\/wp-content\/uploads\/2024\/05\/glareone_logo2020_RGB-01-e1715773127189.png","contentUrl":"http:\/\/glareone.eu\/wp-content\/uploads\/2024\/05\/glareone_logo2020_RGB-01-e1715773127189.png","width":1270,"height":321,"caption":"GlareOne"},"image":{"@id":"https:\/\/glareone.eu\/pl\/en\/#\/schema\/logo\/image\/"},"sameAs":["https:\/\/www.facebook.com\/GlareOneLighting","https:\/\/www.instagram.com\/glareonelighting\/","https:\/\/www.youtube.com\/@GlareOneTV"]}]}},"_links":{"self":[{"href":"https:\/\/glareone.eu\/pl\/wp-json\/wp\/v2\/product\/982","targetHints":{"allow":["GET"]}}],"collection":[{"href":"https:\/\/glareone.eu\/pl\/wp-json\/wp\/v2\/product"}],"about":[{"href":"https:\/\/glareone.eu\/pl\/wp-json\/wp\/v2\/types\/product"}],"wp:featuredmedia":[{"embeddable":true,"href":"https:\/\/glareone.eu\/pl\/wp-json\/wp\/v2\/media\/7963"}],"wp:attachment":[{"href":"https:\/\/glareone.eu\/pl\/wp-json\/wp\/v2\/media?parent=982"}],"wp:term":[{"taxonomy":"product_brand","embeddable":true,"href":"https:\/\/glareone.eu\/pl\/wp-json\/wp\/v2\/product_brand?post=982"},{"taxonomy":"product_cat","embeddable":true,"href":"https:\/\/glareone.eu\/pl\/wp-json\/wp\/v2\/product_cat?post=982"},{"taxonomy":"product_tag","embeddable":true,"href":"https:\/\/glareone.eu\/pl\/wp-json\/wp\/v2\/product_tag?post=982"}],"curies":[{"name":"wp","href":"https:\/\/api.w.org\/{rel}","templated":true}]}}