{"id":981,"date":"2024-04-18T19:26:24","date_gmt":"2024-04-18T19:26:24","guid":{"rendered":"http:\/\/glareone.eu\/produkt\/glareone-standard-czasza-podstawowa\/"},"modified":"2024-05-10T09:15:58","modified_gmt":"2024-05-10T09:15:58","slug":"glareone-standard-reflector","status":"publish","type":"product","link":"https:\/\/glareone.eu\/pl\/produkt\/glareone-standard-reflector\/","title":{"rendered":"GlareOne Standard Reflector &#8211; czasza podstawowa"},"content":{"rendered":"<h3>Standard<\/h3>\n<p>Czasza tego rodzaju jest podstawowym modyfikatorem, kt\u00f3ry powinien si\u0119 znale\u017a\u0107 w ka\u017cdym studiu fotograficznym. Przy jej pomocy mo\u017cna skierowa\u0107 \u015bwiat\u0142o p\u0142yn\u0105ce z lampy w konkretnym kierunku i u\u017cy\u0107 go do bezpo\u015bredniego o\u015bwietlenia planu zdj\u0119ciowego, odbicia \u015bwiat\u0142a od blendy czy przepuszczenia go przez dyfuzor. Czaszy mo\u017cna te\u017c u\u017cy\u0107 w po\u0142\u0105czeniu z wrotami, a tak\u017ce parasolem odbijaj\u0105cym b\u0105d\u017a transparentnym, dzi\u0119ki temu, \u017ce klosz ma naci\u0119cie przelotowe na sztyc\u0119.<\/p>\n<h3>\u015awiat\u0142o<\/h3>\n<p>O\u015bwietlenie, jakie uzyskujemy u\u017cywaj\u0105c samej czaszy standardowej, charakteryzuje si\u0119 du\u017cym kontrastem, jest ukierunkowane i daje g\u0142\u0119bokie cienie. Dzi\u0119ki temu mo\u017ce pos\u0142u\u017cy\u0107 do uzyskania \u015bwiat\u0142a podkre\u015blaj\u0105cego kszta\u0142t i faktur\u0119 fotografowanego obiektu. K\u0105t wi\u0105zki \u015bwiat\u0142a wynosi oko\u0142o 55\u00b0, dzi\u0119ki czemu sprawdzi si\u0119 idealne na \u015brednich i ma\u0142ych odleg\u0142o\u015bciach. U\u017cywaj\u0105c dodatkowego zestawu plastr\u00f3w miodu Standard Grid Kit, mo\u017cna ten k\u0105t ograniczy\u0107 nawet\u00a0 do 10\u00b0<\/p>\n<h3>Cechy produktu:<\/h3>\n<ul>\n<li>Daje ostre i kontrastowe \u015bwiat\u0142o.<\/li>\n<li>Pozwala ukierunkowa\u0107 \u015bwiat\u0142o z lampy i lepiej nad nim zapanowa\u0107.<\/li>\n<li>Zaprojektowana do lamp b\u0142yskowych, ale mo\u017ce by\u0107 u\u017cywana tak\u017ce z lampami LED.<\/li>\n<li>Mo\u017ce by\u0107 wyposa\u017cona w dodatkowy plaster miodu (grid).<\/li>\n<li>Jest w ca\u0142o\u015bci aluminiowa.<\/li>\n<li>Ma mocowanie typu Bowens i otw\u00f3r na sztyc\u0119 parasoli.<\/li>\n<li>Mo\u017ce by\u0107 \u0142\u0105czona z wrotami.<\/li>\n<\/ul>\n","protected":false},"excerpt":{"rendered":"<p>Standard Czasza tego rodzaju jest podstawowym modyfikatorem, kt\u00f3ry powinien si\u0119 znale\u017a\u0107 w ka\u017cdym studiu fotograficznym. Przy jej pomocy mo\u017cna skierowa\u0107 \u015bwiat\u0142o p\u0142yn\u0105ce z lampy w konkretnym kierunku i u\u017cy\u0107 go do bezpo\u015bredniego o\u015bwietlenia planu zdj\u0119ciowego, odbicia \u015bwiat\u0142a od blendy czy przepuszczenia go przez dyfuzor. Czaszy mo\u017cna te\u017c u\u017cy\u0107 w po\u0142\u0105czeniu z wrotami, a tak\u017ce parasolem [&hellip;]<\/p>\n","protected":false},"featured_media":8006,"template":"","meta":[],"product_brand":[],"product_cat":[486],"product_tag":[],"class_list":{"0":"post-981","1":"product","2":"type-product","3":"status-publish","4":"has-post-thumbnail","6":"product_cat-czasze","8":"first","9":"instock","10":"product-type-simple"},"yoast_head":"<!-- This site is optimized with the Yoast SEO plugin v27.2 - https:\/\/yoast.com\/product\/yoast-seo-wordpress\/ -->\n<title>GlareOne Standard - czasza podstawowa<\/title>\n<meta name=\"description\" content=\"GlareOne Standard - czasza podstawowa\" \/>\n<meta name=\"robots\" content=\"index, follow, max-snippet:-1, max-image-preview:large, max-video-preview:-1\" \/>\n<link rel=\"canonical\" href=\"https:\/\/glareone.eu\/pl\/produkt\/glareone-standard-reflector\/\" \/>\n<meta property=\"og:locale\" content=\"pl_PL\" \/>\n<meta property=\"og:type\" content=\"article\" \/>\n<meta property=\"og:title\" content=\"GlareOne Standard - czasza podstawowa\" \/>\n<meta property=\"og:description\" content=\"GlareOne Standard - czasza podstawowa\" \/>\n<meta property=\"og:url\" content=\"https:\/\/glareone.eu\/pl\/produkt\/glareone-standard-reflector\/\" \/>\n<meta property=\"og:site_name\" content=\"GlareOne\" \/>\n<meta property=\"article:publisher\" content=\"https:\/\/www.facebook.com\/GlareOneLighting\" \/>\n<meta property=\"article:modified_time\" content=\"2024-05-10T09:15:58+00:00\" \/>\n<meta property=\"og:image\" content=\"https:\/\/glareone.eu\/wp-content\/uploads\/2024\/04\/GlareOne-Standard-01.jpg\" \/>\n\t<meta property=\"og:image:width\" content=\"1200\" \/>\n\t<meta property=\"og:image:height\" content=\"1200\" \/>\n\t<meta property=\"og:image:type\" content=\"image\/jpeg\" \/>\n<meta name=\"twitter:card\" content=\"summary_large_image\" \/>\n<meta name=\"twitter:title\" content=\"GlareOne Standard - czasza podstawowa\" \/>\n<meta name=\"twitter:label1\" content=\"Szacowany czas czytania\" \/>\n\t<meta name=\"twitter:data1\" content=\"2 minuty\" \/>\n<script type=\"application\/ld+json\" class=\"yoast-schema-graph\">{\"@context\":\"https:\/\/schema.org\",\"@graph\":[{\"@type\":\"WebPage\",\"@id\":\"https:\/\/glareone.eu\/pl\/produkt\/glareone-standard-reflector\/\",\"url\":\"https:\/\/glareone.eu\/pl\/produkt\/glareone-standard-reflector\/\",\"name\":\"GlareOne Standard - czasza podstawowa\",\"isPartOf\":{\"@id\":\"https:\/\/glareone.eu\/pl\/en\/#website\"},\"primaryImageOfPage\":{\"@id\":\"https:\/\/glareone.eu\/pl\/produkt\/glareone-standard-reflector\/#primaryimage\"},\"image\":{\"@id\":\"https:\/\/glareone.eu\/pl\/produkt\/glareone-standard-reflector\/#primaryimage\"},\"thumbnailUrl\":\"https:\/\/glareone.eu\/wp-content\/uploads\/2024\/04\/GlareOne-Standard-01.jpg\",\"datePublished\":\"2024-04-18T19:26:24+00:00\",\"dateModified\":\"2024-05-10T09:15:58+00:00\",\"description\":\"GlareOne Standard - czasza podstawowa\",\"breadcrumb\":{\"@id\":\"https:\/\/glareone.eu\/pl\/produkt\/glareone-standard-reflector\/#breadcrumb\"},\"inLanguage\":\"pl-PL\",\"potentialAction\":[{\"@type\":\"ReadAction\",\"target\":[\"https:\/\/glareone.eu\/pl\/produkt\/glareone-standard-reflector\/\"]}]},{\"@type\":\"ImageObject\",\"inLanguage\":\"pl-PL\",\"@id\":\"https:\/\/glareone.eu\/pl\/produkt\/glareone-standard-reflector\/#primaryimage\",\"url\":\"https:\/\/glareone.eu\/wp-content\/uploads\/2024\/04\/GlareOne-Standard-01.jpg\",\"contentUrl\":\"https:\/\/glareone.eu\/wp-content\/uploads\/2024\/04\/GlareOne-Standard-01.jpg\",\"width\":1200,\"height\":1200},{\"@type\":\"BreadcrumbList\",\"@id\":\"https:\/\/glareone.eu\/pl\/produkt\/glareone-standard-reflector\/#breadcrumb\",\"itemListElement\":[{\"@type\":\"ListItem\",\"position\":1,\"name\":\"Strona g\u0142\u00f3wna\",\"item\":\"https:\/\/glareone.eu\/pl\/\"},{\"@type\":\"ListItem\",\"position\":2,\"name\":\"Wszystkie produkty\",\"item\":\"https:\/\/glareone.eu\/pl\/produkty\/wszystkie-produkty\/\"},{\"@type\":\"ListItem\",\"position\":3,\"name\":\"GlareOne Standard Reflector &#8211; czasza podstawowa\"}]},{\"@type\":\"WebSite\",\"@id\":\"https:\/\/glareone.eu\/pl\/en\/#website\",\"url\":\"https:\/\/glareone.eu\/pl\/en\/\",\"name\":\"GlareOne\",\"description\":\"Wyposa\u017cenie Studia\",\"publisher\":{\"@id\":\"https:\/\/glareone.eu\/pl\/en\/#organization\"},\"potentialAction\":[{\"@type\":\"SearchAction\",\"target\":{\"@type\":\"EntryPoint\",\"urlTemplate\":\"https:\/\/glareone.eu\/pl\/en\/?s={search_term_string}\"},\"query-input\":{\"@type\":\"PropertyValueSpecification\",\"valueRequired\":true,\"valueName\":\"search_term_string\"}}],\"inLanguage\":\"pl-PL\"},{\"@type\":\"Organization\",\"@id\":\"https:\/\/glareone.eu\/pl\/en\/#organization\",\"name\":\"GlareOne\",\"url\":\"https:\/\/glareone.eu\/pl\/en\/\",\"logo\":{\"@type\":\"ImageObject\",\"inLanguage\":\"pl-PL\",\"@id\":\"https:\/\/glareone.eu\/pl\/en\/#\/schema\/logo\/image\/\",\"url\":\"http:\/\/glareone.eu\/wp-content\/uploads\/2024\/05\/glareone_logo2020_RGB-01-e1715773127189.png\",\"contentUrl\":\"http:\/\/glareone.eu\/wp-content\/uploads\/2024\/05\/glareone_logo2020_RGB-01-e1715773127189.png\",\"width\":1270,\"height\":321,\"caption\":\"GlareOne\"},\"image\":{\"@id\":\"https:\/\/glareone.eu\/pl\/en\/#\/schema\/logo\/image\/\"},\"sameAs\":[\"https:\/\/www.facebook.com\/GlareOneLighting\",\"https:\/\/www.instagram.com\/glareonelighting\/\",\"https:\/\/www.youtube.com\/@GlareOneTV\"]}]}<\/script>\n<!-- \/ Yoast SEO plugin. -->","yoast_head_json":{"title":"GlareOne Standard - czasza podstawowa","description":"GlareOne Standard - czasza podstawowa","robots":{"index":"index","follow":"follow","max-snippet":"max-snippet:-1","max-image-preview":"max-image-preview:large","max-video-preview":"max-video-preview:-1"},"canonical":"https:\/\/glareone.eu\/pl\/produkt\/glareone-standard-reflector\/","og_locale":"pl_PL","og_type":"article","og_title":"GlareOne Standard - czasza podstawowa","og_description":"GlareOne Standard - czasza podstawowa","og_url":"https:\/\/glareone.eu\/pl\/produkt\/glareone-standard-reflector\/","og_site_name":"GlareOne","article_publisher":"https:\/\/www.facebook.com\/GlareOneLighting","article_modified_time":"2024-05-10T09:15:58+00:00","og_image":[{"width":1200,"height":1200,"url":"https:\/\/glareone.eu\/wp-content\/uploads\/2024\/04\/GlareOne-Standard-01.jpg","type":"image\/jpeg"}],"twitter_card":"summary_large_image","twitter_title":"GlareOne Standard - czasza podstawowa","twitter_misc":{"Szacowany czas czytania":"2 minuty"},"schema":{"@context":"https:\/\/schema.org","@graph":[{"@type":"WebPage","@id":"https:\/\/glareone.eu\/pl\/produkt\/glareone-standard-reflector\/","url":"https:\/\/glareone.eu\/pl\/produkt\/glareone-standard-reflector\/","name":"GlareOne Standard - czasza podstawowa","isPartOf":{"@id":"https:\/\/glareone.eu\/pl\/en\/#website"},"primaryImageOfPage":{"@id":"https:\/\/glareone.eu\/pl\/produkt\/glareone-standard-reflector\/#primaryimage"},"image":{"@id":"https:\/\/glareone.eu\/pl\/produkt\/glareone-standard-reflector\/#primaryimage"},"thumbnailUrl":"https:\/\/glareone.eu\/wp-content\/uploads\/2024\/04\/GlareOne-Standard-01.jpg","datePublished":"2024-04-18T19:26:24+00:00","dateModified":"2024-05-10T09:15:58+00:00","description":"GlareOne Standard - czasza podstawowa","breadcrumb":{"@id":"https:\/\/glareone.eu\/pl\/produkt\/glareone-standard-reflector\/#breadcrumb"},"inLanguage":"pl-PL","potentialAction":[{"@type":"ReadAction","target":["https:\/\/glareone.eu\/pl\/produkt\/glareone-standard-reflector\/"]}]},{"@type":"ImageObject","inLanguage":"pl-PL","@id":"https:\/\/glareone.eu\/pl\/produkt\/glareone-standard-reflector\/#primaryimage","url":"https:\/\/glareone.eu\/wp-content\/uploads\/2024\/04\/GlareOne-Standard-01.jpg","contentUrl":"https:\/\/glareone.eu\/wp-content\/uploads\/2024\/04\/GlareOne-Standard-01.jpg","width":1200,"height":1200},{"@type":"BreadcrumbList","@id":"https:\/\/glareone.eu\/pl\/produkt\/glareone-standard-reflector\/#breadcrumb","itemListElement":[{"@type":"ListItem","position":1,"name":"Strona g\u0142\u00f3wna","item":"https:\/\/glareone.eu\/pl\/"},{"@type":"ListItem","position":2,"name":"Wszystkie produkty","item":"https:\/\/glareone.eu\/pl\/produkty\/wszystkie-produkty\/"},{"@type":"ListItem","position":3,"name":"GlareOne Standard Reflector &#8211; czasza podstawowa"}]},{"@type":"WebSite","@id":"https:\/\/glareone.eu\/pl\/en\/#website","url":"https:\/\/glareone.eu\/pl\/en\/","name":"GlareOne","description":"Wyposa\u017cenie Studia","publisher":{"@id":"https:\/\/glareone.eu\/pl\/en\/#organization"},"potentialAction":[{"@type":"SearchAction","target":{"@type":"EntryPoint","urlTemplate":"https:\/\/glareone.eu\/pl\/en\/?s={search_term_string}"},"query-input":{"@type":"PropertyValueSpecification","valueRequired":true,"valueName":"search_term_string"}}],"inLanguage":"pl-PL"},{"@type":"Organization","@id":"https:\/\/glareone.eu\/pl\/en\/#organization","name":"GlareOne","url":"https:\/\/glareone.eu\/pl\/en\/","logo":{"@type":"ImageObject","inLanguage":"pl-PL","@id":"https:\/\/glareone.eu\/pl\/en\/#\/schema\/logo\/image\/","url":"http:\/\/glareone.eu\/wp-content\/uploads\/2024\/05\/glareone_logo2020_RGB-01-e1715773127189.png","contentUrl":"http:\/\/glareone.eu\/wp-content\/uploads\/2024\/05\/glareone_logo2020_RGB-01-e1715773127189.png","width":1270,"height":321,"caption":"GlareOne"},"image":{"@id":"https:\/\/glareone.eu\/pl\/en\/#\/schema\/logo\/image\/"},"sameAs":["https:\/\/www.facebook.com\/GlareOneLighting","https:\/\/www.instagram.com\/glareonelighting\/","https:\/\/www.youtube.com\/@GlareOneTV"]}]}},"_links":{"self":[{"href":"https:\/\/glareone.eu\/pl\/wp-json\/wp\/v2\/product\/981","targetHints":{"allow":["GET"]}}],"collection":[{"href":"https:\/\/glareone.eu\/pl\/wp-json\/wp\/v2\/product"}],"about":[{"href":"https:\/\/glareone.eu\/pl\/wp-json\/wp\/v2\/types\/product"}],"wp:featuredmedia":[{"embeddable":true,"href":"https:\/\/glareone.eu\/pl\/wp-json\/wp\/v2\/media\/8006"}],"wp:attachment":[{"href":"https:\/\/glareone.eu\/pl\/wp-json\/wp\/v2\/media?parent=981"}],"wp:term":[{"taxonomy":"product_brand","embeddable":true,"href":"https:\/\/glareone.eu\/pl\/wp-json\/wp\/v2\/product_brand?post=981"},{"taxonomy":"product_cat","embeddable":true,"href":"https:\/\/glareone.eu\/pl\/wp-json\/wp\/v2\/product_cat?post=981"},{"taxonomy":"product_tag","embeddable":true,"href":"https:\/\/glareone.eu\/pl\/wp-json\/wp\/v2\/product_tag?post=981"}],"curies":[{"name":"wp","href":"https:\/\/api.w.org\/{rel}","templated":true}]}}