{"id":980,"date":"2024-04-18T19:26:24","date_gmt":"2024-04-18T19:26:24","guid":{"rendered":"http:\/\/glareone.eu\/produkt\/glareone-glide-kit-zestaw-kolek-do-statywow-fatboy\/"},"modified":"2024-05-13T07:47:14","modified_gmt":"2024-05-13T07:47:14","slug":"glareone-glide-kit","status":"publish","type":"product","link":"https:\/\/glareone.eu\/pl\/produkt\/glareone-glide-kit\/","title":{"rendered":"GlareOne Glide Kit &#8211; zestaw k\u00f3\u0142ek do statyw\u00f3w Fatboy"},"content":{"rendered":"<p>Zestaw k\u00f3\u0142ek do statyw\u00f3w typu c-stand.<\/p>\n<h3>Wygoda<\/h3>\n<p>\u0141atwiejsze przemieszczanie statywu na planie zdj\u0119ciowym, szczeg\u00f3lnie z zawieszon\u0105 lamp\u0105, wraz z akcesoriami modeluj\u0105cymi \u015bwiat\u0142o, to marzenie ka\u017cdego fotografa. Taki pe\u0142ny zestaw roboczy mo\u017ce wa\u017cy\u0107 sporo powy\u017cej 10 kg, w zwi\u0105zku z czym znacznie \u0142atwiej jest nim przejecha\u0107 po pod\u0142odze ni\u017c przenosi\u0107 go w r\u0119kach. Rozwi\u0105zanie tego problemu jest jednak bardzo proste \u2014 k\u00f3\u0142ka.<\/p>\n<h3>Bezpiecze\u0144stwo<\/h3>\n<p>Wyposa\u017cenie statywu w k\u00f3\u0142ka podnosi nie tylko wygod\u0119 pracy, ale te\u017c jej bezpiecze\u0144stwo. K\u00f3\u0142ka umo\u017cliwiaj\u0105 \u0142atwe przesuwanie statywu bez odrywania go od pod\u0142o\u017ca, co zmniejsza szans\u0119 na upadek lub potkni\u0119cie si\u0119.<\/p>\n<h3>Budowa<\/h3>\n<p>K\u00f3\u0142ka Glide Kit s\u0105 przewidziane do pracy ze statywami Fatboy, ale mog\u0105 by\u0107 u\u017cyte z ka\u017cdym statywem, kt\u00f3rego noga nie przekracza 30 mm \u015brednicy. Zawieszenie statywu jest wykonane w ca\u0142o\u015bci z metalu, co zapewnia du\u017c\u0105 no\u015bno\u015b\u0107 i wytrzyma\u0142o\u015b\u0107 mechaniczn\u0105. Ka\u017cde k\u00f3\u0142ko wyposa\u017cone jest w hamulec, kt\u00f3ry pozwala je zablokowa\u0107.<\/p>\n<h3>Cechy produktu:<\/h3>\n<ul>\n<li>Zapewniaj\u0105 wi\u0119ksze bezpiecze\u0144stwo podczas sesji.<\/li>\n<li>Zawieszenie wykonane z metalu a k\u00f3\u0142ka z plastiku.<\/li>\n<li>Pasuj\u0105 do okr\u0105g\u0142ych n\u00f3g o maksymalnej \u015brednicy 30 mm.<\/li>\n<li>S\u0105 wyposa\u017cone w hamulce,<\/li>\n<li>Monta\u017c jest bardzo prosty i nie wymaga dodatkowych narz\u0119dzi.<\/li>\n<\/ul>\n","protected":false},"excerpt":{"rendered":"<p>Zestaw k\u00f3\u0142ek do statyw\u00f3w typu c-stand. Wygoda \u0141atwiejsze przemieszczanie statywu na planie zdj\u0119ciowym, szczeg\u00f3lnie z zawieszon\u0105 lamp\u0105, wraz z akcesoriami modeluj\u0105cymi \u015bwiat\u0142o, to marzenie ka\u017cdego fotografa. Taki pe\u0142ny zestaw roboczy mo\u017ce wa\u017cy\u0107 sporo powy\u017cej 10 kg, w zwi\u0105zku z czym znacznie \u0142atwiej jest nim przejecha\u0107 po pod\u0142odze ni\u017c przenosi\u0107 go w r\u0119kach. Rozwi\u0105zanie tego problemu [&hellip;]<\/p>\n","protected":false},"featured_media":8562,"template":"","meta":[],"product_brand":[],"product_cat":[442],"product_tag":[],"class_list":{"0":"post-980","1":"product","2":"type-product","3":"status-publish","4":"has-post-thumbnail","6":"product_cat-inne-akcesoria","8":"first","9":"instock","10":"product-type-simple"},"yoast_head":"<!-- This site is optimized with the Yoast SEO plugin v27.4 - https:\/\/yoast.com\/product\/yoast-seo-wordpress\/ -->\n<title>GlareOne Glide Kit - zestaw k\u00f3\u0142ek do statyw\u00f3w Fatboy<\/title>\n<meta name=\"description\" content=\"GlareOne Glide Kit - zestaw k\u00f3\u0142ek do statyw\u00f3w Fatboy\" \/>\n<meta name=\"robots\" content=\"index, follow, max-snippet:-1, max-image-preview:large, max-video-preview:-1\" \/>\n<link rel=\"canonical\" href=\"https:\/\/glareone.eu\/pl\/produkt\/glareone-glide-kit\/\" \/>\n<meta property=\"og:locale\" content=\"pl_PL\" \/>\n<meta property=\"og:type\" content=\"article\" \/>\n<meta property=\"og:title\" content=\"GlareOne Glide Kit - zestaw k\u00f3\u0142ek do statyw\u00f3w Fatboy\" \/>\n<meta property=\"og:description\" content=\"GlareOne Glide Kit - zestaw k\u00f3\u0142ek do statyw\u00f3w Fatboy\" \/>\n<meta property=\"og:url\" content=\"https:\/\/glareone.eu\/pl\/produkt\/glareone-glide-kit\/\" \/>\n<meta property=\"og:site_name\" content=\"GlareOne\" \/>\n<meta property=\"article:publisher\" content=\"https:\/\/www.facebook.com\/GlareOneLighting\" \/>\n<meta property=\"article:modified_time\" content=\"2024-05-13T07:47:14+00:00\" \/>\n<meta property=\"og:image\" content=\"https:\/\/glareone.eu\/wp-content\/uploads\/2024\/04\/GlareOne-Glide-Kit-18-1.jpg\" \/>\n\t<meta property=\"og:image:width\" content=\"1200\" \/>\n\t<meta property=\"og:image:height\" content=\"1200\" \/>\n\t<meta property=\"og:image:type\" content=\"image\/jpeg\" \/>\n<meta name=\"twitter:card\" content=\"summary_large_image\" \/>\n<meta name=\"twitter:title\" content=\"GlareOne Glide Kit - zestaw k\u00f3\u0142ek do statyw\u00f3w Fatboy\" \/>\n<meta name=\"twitter:label1\" content=\"Szacowany czas czytania\" \/>\n\t<meta name=\"twitter:data1\" content=\"2 minuty\" \/>\n<script type=\"application\/ld+json\" class=\"yoast-schema-graph\">{\"@context\":\"https:\\\/\\\/schema.org\",\"@graph\":[{\"@type\":\"WebPage\",\"@id\":\"https:\\\/\\\/glareone.eu\\\/pl\\\/produkt\\\/glareone-glide-kit\\\/\",\"url\":\"https:\\\/\\\/glareone.eu\\\/pl\\\/produkt\\\/glareone-glide-kit\\\/\",\"name\":\"GlareOne Glide Kit - zestaw k\u00f3\u0142ek do statyw\u00f3w Fatboy\",\"isPartOf\":{\"@id\":\"https:\\\/\\\/glareone.eu\\\/pl\\\/en\\\/#website\"},\"primaryImageOfPage\":{\"@id\":\"https:\\\/\\\/glareone.eu\\\/pl\\\/produkt\\\/glareone-glide-kit\\\/#primaryimage\"},\"image\":{\"@id\":\"https:\\\/\\\/glareone.eu\\\/pl\\\/produkt\\\/glareone-glide-kit\\\/#primaryimage\"},\"thumbnailUrl\":\"https:\\\/\\\/glareone.eu\\\/wp-content\\\/uploads\\\/2024\\\/04\\\/GlareOne-Glide-Kit-18-1.jpg\",\"datePublished\":\"2024-04-18T19:26:24+00:00\",\"dateModified\":\"2024-05-13T07:47:14+00:00\",\"description\":\"GlareOne Glide Kit - zestaw k\u00f3\u0142ek do statyw\u00f3w Fatboy\",\"breadcrumb\":{\"@id\":\"https:\\\/\\\/glareone.eu\\\/pl\\\/produkt\\\/glareone-glide-kit\\\/#breadcrumb\"},\"inLanguage\":\"pl-PL\",\"potentialAction\":[{\"@type\":\"ReadAction\",\"target\":[\"https:\\\/\\\/glareone.eu\\\/pl\\\/produkt\\\/glareone-glide-kit\\\/\"]}]},{\"@type\":\"ImageObject\",\"inLanguage\":\"pl-PL\",\"@id\":\"https:\\\/\\\/glareone.eu\\\/pl\\\/produkt\\\/glareone-glide-kit\\\/#primaryimage\",\"url\":\"https:\\\/\\\/glareone.eu\\\/wp-content\\\/uploads\\\/2024\\\/04\\\/GlareOne-Glide-Kit-18-1.jpg\",\"contentUrl\":\"https:\\\/\\\/glareone.eu\\\/wp-content\\\/uploads\\\/2024\\\/04\\\/GlareOne-Glide-Kit-18-1.jpg\",\"width\":1200,\"height\":1200},{\"@type\":\"BreadcrumbList\",\"@id\":\"https:\\\/\\\/glareone.eu\\\/pl\\\/produkt\\\/glareone-glide-kit\\\/#breadcrumb\",\"itemListElement\":[{\"@type\":\"ListItem\",\"position\":1,\"name\":\"Strona g\u0142\u00f3wna\",\"item\":\"https:\\\/\\\/glareone.eu\\\/pl\\\/\"},{\"@type\":\"ListItem\",\"position\":2,\"name\":\"Wszystkie produkty\",\"item\":\"https:\\\/\\\/glareone.eu\\\/pl\\\/produkty\\\/wszystkie-produkty\\\/\"},{\"@type\":\"ListItem\",\"position\":3,\"name\":\"GlareOne Glide Kit &#8211; zestaw k\u00f3\u0142ek do statyw\u00f3w Fatboy\"}]},{\"@type\":\"WebSite\",\"@id\":\"https:\\\/\\\/glareone.eu\\\/pl\\\/en\\\/#website\",\"url\":\"https:\\\/\\\/glareone.eu\\\/pl\\\/en\\\/\",\"name\":\"GlareOne\",\"description\":\"Wyposa\u017cenie Studia\",\"publisher\":{\"@id\":\"https:\\\/\\\/glareone.eu\\\/pl\\\/en\\\/#organization\"},\"potentialAction\":[{\"@type\":\"SearchAction\",\"target\":{\"@type\":\"EntryPoint\",\"urlTemplate\":\"https:\\\/\\\/glareone.eu\\\/pl\\\/en\\\/?s={search_term_string}\"},\"query-input\":{\"@type\":\"PropertyValueSpecification\",\"valueRequired\":true,\"valueName\":\"search_term_string\"}}],\"inLanguage\":\"pl-PL\"},{\"@type\":\"Organization\",\"@id\":\"https:\\\/\\\/glareone.eu\\\/pl\\\/en\\\/#organization\",\"name\":\"GlareOne\",\"url\":\"https:\\\/\\\/glareone.eu\\\/pl\\\/en\\\/\",\"logo\":{\"@type\":\"ImageObject\",\"inLanguage\":\"pl-PL\",\"@id\":\"https:\\\/\\\/glareone.eu\\\/pl\\\/en\\\/#\\\/schema\\\/logo\\\/image\\\/\",\"url\":\"http:\\\/\\\/glareone.eu\\\/wp-content\\\/uploads\\\/2024\\\/05\\\/glareone_logo2020_RGB-01-e1715773127189.png\",\"contentUrl\":\"http:\\\/\\\/glareone.eu\\\/wp-content\\\/uploads\\\/2024\\\/05\\\/glareone_logo2020_RGB-01-e1715773127189.png\",\"width\":1270,\"height\":321,\"caption\":\"GlareOne\"},\"image\":{\"@id\":\"https:\\\/\\\/glareone.eu\\\/pl\\\/en\\\/#\\\/schema\\\/logo\\\/image\\\/\"},\"sameAs\":[\"https:\\\/\\\/www.facebook.com\\\/GlareOneLighting\",\"https:\\\/\\\/www.instagram.com\\\/glareonelighting\\\/\",\"https:\\\/\\\/www.youtube.com\\\/@GlareOneTV\"]}]}<\/script>\n<!-- \/ Yoast SEO plugin. -->","yoast_head_json":{"title":"GlareOne Glide Kit - zestaw k\u00f3\u0142ek do statyw\u00f3w Fatboy","description":"GlareOne Glide Kit - zestaw k\u00f3\u0142ek do statyw\u00f3w Fatboy","robots":{"index":"index","follow":"follow","max-snippet":"max-snippet:-1","max-image-preview":"max-image-preview:large","max-video-preview":"max-video-preview:-1"},"canonical":"https:\/\/glareone.eu\/pl\/produkt\/glareone-glide-kit\/","og_locale":"pl_PL","og_type":"article","og_title":"GlareOne Glide Kit - zestaw k\u00f3\u0142ek do statyw\u00f3w Fatboy","og_description":"GlareOne Glide Kit - zestaw k\u00f3\u0142ek do statyw\u00f3w Fatboy","og_url":"https:\/\/glareone.eu\/pl\/produkt\/glareone-glide-kit\/","og_site_name":"GlareOne","article_publisher":"https:\/\/www.facebook.com\/GlareOneLighting","article_modified_time":"2024-05-13T07:47:14+00:00","og_image":[{"width":1200,"height":1200,"url":"https:\/\/glareone.eu\/wp-content\/uploads\/2024\/04\/GlareOne-Glide-Kit-18-1.jpg","type":"image\/jpeg"}],"twitter_card":"summary_large_image","twitter_title":"GlareOne Glide Kit - zestaw k\u00f3\u0142ek do statyw\u00f3w Fatboy","twitter_misc":{"Szacowany czas czytania":"2 minuty"},"schema":{"@context":"https:\/\/schema.org","@graph":[{"@type":"WebPage","@id":"https:\/\/glareone.eu\/pl\/produkt\/glareone-glide-kit\/","url":"https:\/\/glareone.eu\/pl\/produkt\/glareone-glide-kit\/","name":"GlareOne Glide Kit - zestaw k\u00f3\u0142ek do statyw\u00f3w Fatboy","isPartOf":{"@id":"https:\/\/glareone.eu\/pl\/en\/#website"},"primaryImageOfPage":{"@id":"https:\/\/glareone.eu\/pl\/produkt\/glareone-glide-kit\/#primaryimage"},"image":{"@id":"https:\/\/glareone.eu\/pl\/produkt\/glareone-glide-kit\/#primaryimage"},"thumbnailUrl":"https:\/\/glareone.eu\/wp-content\/uploads\/2024\/04\/GlareOne-Glide-Kit-18-1.jpg","datePublished":"2024-04-18T19:26:24+00:00","dateModified":"2024-05-13T07:47:14+00:00","description":"GlareOne Glide Kit - zestaw k\u00f3\u0142ek do statyw\u00f3w Fatboy","breadcrumb":{"@id":"https:\/\/glareone.eu\/pl\/produkt\/glareone-glide-kit\/#breadcrumb"},"inLanguage":"pl-PL","potentialAction":[{"@type":"ReadAction","target":["https:\/\/glareone.eu\/pl\/produkt\/glareone-glide-kit\/"]}]},{"@type":"ImageObject","inLanguage":"pl-PL","@id":"https:\/\/glareone.eu\/pl\/produkt\/glareone-glide-kit\/#primaryimage","url":"https:\/\/glareone.eu\/wp-content\/uploads\/2024\/04\/GlareOne-Glide-Kit-18-1.jpg","contentUrl":"https:\/\/glareone.eu\/wp-content\/uploads\/2024\/04\/GlareOne-Glide-Kit-18-1.jpg","width":1200,"height":1200},{"@type":"BreadcrumbList","@id":"https:\/\/glareone.eu\/pl\/produkt\/glareone-glide-kit\/#breadcrumb","itemListElement":[{"@type":"ListItem","position":1,"name":"Strona g\u0142\u00f3wna","item":"https:\/\/glareone.eu\/pl\/"},{"@type":"ListItem","position":2,"name":"Wszystkie produkty","item":"https:\/\/glareone.eu\/pl\/produkty\/wszystkie-produkty\/"},{"@type":"ListItem","position":3,"name":"GlareOne Glide Kit &#8211; zestaw k\u00f3\u0142ek do statyw\u00f3w Fatboy"}]},{"@type":"WebSite","@id":"https:\/\/glareone.eu\/pl\/en\/#website","url":"https:\/\/glareone.eu\/pl\/en\/","name":"GlareOne","description":"Wyposa\u017cenie Studia","publisher":{"@id":"https:\/\/glareone.eu\/pl\/en\/#organization"},"potentialAction":[{"@type":"SearchAction","target":{"@type":"EntryPoint","urlTemplate":"https:\/\/glareone.eu\/pl\/en\/?s={search_term_string}"},"query-input":{"@type":"PropertyValueSpecification","valueRequired":true,"valueName":"search_term_string"}}],"inLanguage":"pl-PL"},{"@type":"Organization","@id":"https:\/\/glareone.eu\/pl\/en\/#organization","name":"GlareOne","url":"https:\/\/glareone.eu\/pl\/en\/","logo":{"@type":"ImageObject","inLanguage":"pl-PL","@id":"https:\/\/glareone.eu\/pl\/en\/#\/schema\/logo\/image\/","url":"http:\/\/glareone.eu\/wp-content\/uploads\/2024\/05\/glareone_logo2020_RGB-01-e1715773127189.png","contentUrl":"http:\/\/glareone.eu\/wp-content\/uploads\/2024\/05\/glareone_logo2020_RGB-01-e1715773127189.png","width":1270,"height":321,"caption":"GlareOne"},"image":{"@id":"https:\/\/glareone.eu\/pl\/en\/#\/schema\/logo\/image\/"},"sameAs":["https:\/\/www.facebook.com\/GlareOneLighting","https:\/\/www.instagram.com\/glareonelighting\/","https:\/\/www.youtube.com\/@GlareOneTV"]}]}},"_links":{"self":[{"href":"https:\/\/glareone.eu\/pl\/wp-json\/wp\/v2\/product\/980","targetHints":{"allow":["GET"]}}],"collection":[{"href":"https:\/\/glareone.eu\/pl\/wp-json\/wp\/v2\/product"}],"about":[{"href":"https:\/\/glareone.eu\/pl\/wp-json\/wp\/v2\/types\/product"}],"wp:featuredmedia":[{"embeddable":true,"href":"https:\/\/glareone.eu\/pl\/wp-json\/wp\/v2\/media\/8562"}],"wp:attachment":[{"href":"https:\/\/glareone.eu\/pl\/wp-json\/wp\/v2\/media?parent=980"}],"wp:term":[{"taxonomy":"product_brand","embeddable":true,"href":"https:\/\/glareone.eu\/pl\/wp-json\/wp\/v2\/product_brand?post=980"},{"taxonomy":"product_cat","embeddable":true,"href":"https:\/\/glareone.eu\/pl\/wp-json\/wp\/v2\/product_cat?post=980"},{"taxonomy":"product_tag","embeddable":true,"href":"https:\/\/glareone.eu\/pl\/wp-json\/wp\/v2\/product_tag?post=980"}],"curies":[{"name":"wp","href":"https:\/\/api.w.org\/{rel}","templated":true}]}}