{"id":979,"date":"2024-04-18T19:26:24","date_gmt":"2024-04-18T19:26:24","guid":{"rendered":"http:\/\/glareone.eu\/produkt\/glareone-extension-arm-wysiegnik-do-statywow-studyjnych\/"},"modified":"2024-05-13T07:53:33","modified_gmt":"2024-05-13T07:53:33","slug":"glareone-extension-arm","status":"publish","type":"product","link":"https:\/\/glareone.eu\/pl\/produkt\/glareone-extension-arm\/","title":{"rendered":"GlareOne Extension Arm &#8211; wysi\u0119gnik do statyw\u00f3w studyjnych"},"content":{"rendered":"<p>Wysi\u0119gnik do statyw\u00f3w studyjnych.<\/p>\n<p>Wysi\u0119gnik jest wykonany ze stali chromowanej, co zapewnia mu du\u017c\u0105 wytrzyma\u0142o\u015b\u0107. Jego ko\u0144ce zaopatrzone s\u0105 w punkty monta\u017cowe, kt\u00f3re pozwalaj\u0105 pod\u0142\u0105czy\u0107 do niego bezpo\u015brednio r\u00f3\u017cnego rodzaju akcesoria, np. g\u0142owice czy klamry. \u015arednica ramienia wynosi 16 mm (5\/8\u201d), co powoduje, \u017ce mo\u017cna je \u0142\u0105czy\u0107 z g\u0142owic\u0105 GlareOne Grip Head lub z ka\u017cd\u0105 inn\u0105 wyposa\u017con\u0105 w odpowiedni uchwyt. Wysi\u0119gnik mo\u017ce by\u0107 tak\u017ce u\u017cywany jako kr\u00f3tkie rami\u0119 boomu do statyw\u00f3w typu c-stand. Ko\u0144c\u00f3wki ramienia s\u0105 ryflowane i podci\u0119te w taki spos\u00f3b, aby uniemo\u017cliwia\u0107 obracanie si\u0119 akcesori\u00f3w do niego przypi\u0119tych, np. lampy b\u0142yskowej.<\/p>\n<h3>Cechy produktu:<\/h3>\n<ul>\n<li>S\u0142u\u017cy do monta\u017cu akcesori\u00f3w do statyw\u00f3w.<\/li>\n<li>W po\u0142\u0105czeniu z g\u0142owic\u0105 GlareOne Grip Head mo\u017ce by\u0107 u\u017cyty jako kr\u00f3tki boom.<\/li>\n<li>Wykonany ze stali chromowanej.<\/li>\n<li>Jego ko\u0144c\u00f3wki s\u0105 ryflowane i podcinane.<\/li>\n<li>Jest wyposa\u017cony w dwa punkty monta\u017cowe 1\/4 i 3\/8 cala.<\/li>\n<\/ul>\n","protected":false},"excerpt":{"rendered":"<p>Wysi\u0119gnik do statyw\u00f3w studyjnych. Wysi\u0119gnik jest wykonany ze stali chromowanej, co zapewnia mu du\u017c\u0105 wytrzyma\u0142o\u015b\u0107. Jego ko\u0144ce zaopatrzone s\u0105 w punkty monta\u017cowe, kt\u00f3re pozwalaj\u0105 pod\u0142\u0105czy\u0107 do niego bezpo\u015brednio r\u00f3\u017cnego rodzaju akcesoria, np. g\u0142owice czy klamry. \u015arednica ramienia wynosi 16 mm (5\/8\u201d), co powoduje, \u017ce mo\u017cna je \u0142\u0105czy\u0107 z g\u0142owic\u0105 GlareOne Grip Head lub z ka\u017cd\u0105 [&hellip;]<\/p>\n","protected":false},"featured_media":8585,"template":"","meta":[],"product_brand":[],"product_cat":[442],"product_tag":[],"class_list":{"0":"post-979","1":"product","2":"type-product","3":"status-publish","4":"has-post-thumbnail","6":"product_cat-inne-akcesoria","8":"first","9":"instock","10":"product-type-simple"},"yoast_head":"<!-- This site is optimized with the Yoast SEO plugin v27.2 - https:\/\/yoast.com\/product\/yoast-seo-wordpress\/ -->\n<title>GlareOne Extension Arm - wysi\u0119gnik do statyw\u00f3w studyjnych<\/title>\n<meta name=\"description\" content=\"GlareOne Extension Arm - wysi\u0119gnik do statyw\u00f3w studyjnych\" \/>\n<meta name=\"robots\" content=\"index, follow, max-snippet:-1, max-image-preview:large, max-video-preview:-1\" \/>\n<link rel=\"canonical\" href=\"https:\/\/glareone.eu\/pl\/produkt\/glareone-extension-arm\/\" \/>\n<meta property=\"og:locale\" content=\"pl_PL\" \/>\n<meta property=\"og:type\" content=\"article\" \/>\n<meta property=\"og:title\" content=\"GlareOne Extension Arm - wysi\u0119gnik do statyw\u00f3w studyjnych\" \/>\n<meta property=\"og:description\" content=\"GlareOne Extension Arm - wysi\u0119gnik do statyw\u00f3w studyjnych\" \/>\n<meta property=\"og:url\" content=\"https:\/\/glareone.eu\/pl\/produkt\/glareone-extension-arm\/\" \/>\n<meta property=\"og:site_name\" content=\"GlareOne\" \/>\n<meta property=\"article:publisher\" content=\"https:\/\/www.facebook.com\/GlareOneLighting\" \/>\n<meta property=\"article:modified_time\" content=\"2024-05-13T07:53:33+00:00\" \/>\n<meta property=\"og:image\" content=\"https:\/\/glareone.eu\/wp-content\/uploads\/2024\/04\/GlareOne-Extension-Arm-15-1.jpg\" \/>\n\t<meta property=\"og:image:width\" content=\"1200\" \/>\n\t<meta property=\"og:image:height\" content=\"1200\" \/>\n\t<meta property=\"og:image:type\" content=\"image\/jpeg\" \/>\n<meta name=\"twitter:card\" content=\"summary_large_image\" \/>\n<meta name=\"twitter:title\" content=\"GlareOne Extension Arm - wysi\u0119gnik do statyw\u00f3w studyjnych\" \/>\n<meta name=\"twitter:label1\" content=\"Szacowany czas czytania\" \/>\n\t<meta name=\"twitter:data1\" content=\"1 minuta\" \/>\n<script type=\"application\/ld+json\" class=\"yoast-schema-graph\">{\"@context\":\"https:\/\/schema.org\",\"@graph\":[{\"@type\":\"WebPage\",\"@id\":\"https:\/\/glareone.eu\/pl\/produkt\/glareone-extension-arm\/\",\"url\":\"https:\/\/glareone.eu\/pl\/produkt\/glareone-extension-arm\/\",\"name\":\"GlareOne Extension Arm - wysi\u0119gnik do statyw\u00f3w studyjnych\",\"isPartOf\":{\"@id\":\"https:\/\/glareone.eu\/pl\/en\/#website\"},\"primaryImageOfPage\":{\"@id\":\"https:\/\/glareone.eu\/pl\/produkt\/glareone-extension-arm\/#primaryimage\"},\"image\":{\"@id\":\"https:\/\/glareone.eu\/pl\/produkt\/glareone-extension-arm\/#primaryimage\"},\"thumbnailUrl\":\"https:\/\/glareone.eu\/wp-content\/uploads\/2024\/04\/GlareOne-Extension-Arm-15-1.jpg\",\"datePublished\":\"2024-04-18T19:26:24+00:00\",\"dateModified\":\"2024-05-13T07:53:33+00:00\",\"description\":\"GlareOne Extension Arm - wysi\u0119gnik do statyw\u00f3w studyjnych\",\"breadcrumb\":{\"@id\":\"https:\/\/glareone.eu\/pl\/produkt\/glareone-extension-arm\/#breadcrumb\"},\"inLanguage\":\"pl-PL\",\"potentialAction\":[{\"@type\":\"ReadAction\",\"target\":[\"https:\/\/glareone.eu\/pl\/produkt\/glareone-extension-arm\/\"]}]},{\"@type\":\"ImageObject\",\"inLanguage\":\"pl-PL\",\"@id\":\"https:\/\/glareone.eu\/pl\/produkt\/glareone-extension-arm\/#primaryimage\",\"url\":\"https:\/\/glareone.eu\/wp-content\/uploads\/2024\/04\/GlareOne-Extension-Arm-15-1.jpg\",\"contentUrl\":\"https:\/\/glareone.eu\/wp-content\/uploads\/2024\/04\/GlareOne-Extension-Arm-15-1.jpg\",\"width\":1200,\"height\":1200},{\"@type\":\"BreadcrumbList\",\"@id\":\"https:\/\/glareone.eu\/pl\/produkt\/glareone-extension-arm\/#breadcrumb\",\"itemListElement\":[{\"@type\":\"ListItem\",\"position\":1,\"name\":\"Strona g\u0142\u00f3wna\",\"item\":\"https:\/\/glareone.eu\/pl\/\"},{\"@type\":\"ListItem\",\"position\":2,\"name\":\"Wszystkie produkty\",\"item\":\"https:\/\/glareone.eu\/pl\/produkty\/wszystkie-produkty\/\"},{\"@type\":\"ListItem\",\"position\":3,\"name\":\"GlareOne Extension Arm &#8211; wysi\u0119gnik do statyw\u00f3w studyjnych\"}]},{\"@type\":\"WebSite\",\"@id\":\"https:\/\/glareone.eu\/pl\/en\/#website\",\"url\":\"https:\/\/glareone.eu\/pl\/en\/\",\"name\":\"GlareOne\",\"description\":\"Wyposa\u017cenie Studia\",\"publisher\":{\"@id\":\"https:\/\/glareone.eu\/pl\/en\/#organization\"},\"potentialAction\":[{\"@type\":\"SearchAction\",\"target\":{\"@type\":\"EntryPoint\",\"urlTemplate\":\"https:\/\/glareone.eu\/pl\/en\/?s={search_term_string}\"},\"query-input\":{\"@type\":\"PropertyValueSpecification\",\"valueRequired\":true,\"valueName\":\"search_term_string\"}}],\"inLanguage\":\"pl-PL\"},{\"@type\":\"Organization\",\"@id\":\"https:\/\/glareone.eu\/pl\/en\/#organization\",\"name\":\"GlareOne\",\"url\":\"https:\/\/glareone.eu\/pl\/en\/\",\"logo\":{\"@type\":\"ImageObject\",\"inLanguage\":\"pl-PL\",\"@id\":\"https:\/\/glareone.eu\/pl\/en\/#\/schema\/logo\/image\/\",\"url\":\"http:\/\/glareone.eu\/wp-content\/uploads\/2024\/05\/glareone_logo2020_RGB-01-e1715773127189.png\",\"contentUrl\":\"http:\/\/glareone.eu\/wp-content\/uploads\/2024\/05\/glareone_logo2020_RGB-01-e1715773127189.png\",\"width\":1270,\"height\":321,\"caption\":\"GlareOne\"},\"image\":{\"@id\":\"https:\/\/glareone.eu\/pl\/en\/#\/schema\/logo\/image\/\"},\"sameAs\":[\"https:\/\/www.facebook.com\/GlareOneLighting\",\"https:\/\/www.instagram.com\/glareonelighting\/\",\"https:\/\/www.youtube.com\/@GlareOneTV\"]}]}<\/script>\n<!-- \/ Yoast SEO plugin. -->","yoast_head_json":{"title":"GlareOne Extension Arm - wysi\u0119gnik do statyw\u00f3w studyjnych","description":"GlareOne Extension Arm - wysi\u0119gnik do statyw\u00f3w studyjnych","robots":{"index":"index","follow":"follow","max-snippet":"max-snippet:-1","max-image-preview":"max-image-preview:large","max-video-preview":"max-video-preview:-1"},"canonical":"https:\/\/glareone.eu\/pl\/produkt\/glareone-extension-arm\/","og_locale":"pl_PL","og_type":"article","og_title":"GlareOne Extension Arm - wysi\u0119gnik do statyw\u00f3w studyjnych","og_description":"GlareOne Extension Arm - wysi\u0119gnik do statyw\u00f3w studyjnych","og_url":"https:\/\/glareone.eu\/pl\/produkt\/glareone-extension-arm\/","og_site_name":"GlareOne","article_publisher":"https:\/\/www.facebook.com\/GlareOneLighting","article_modified_time":"2024-05-13T07:53:33+00:00","og_image":[{"width":1200,"height":1200,"url":"https:\/\/glareone.eu\/wp-content\/uploads\/2024\/04\/GlareOne-Extension-Arm-15-1.jpg","type":"image\/jpeg"}],"twitter_card":"summary_large_image","twitter_title":"GlareOne Extension Arm - wysi\u0119gnik do statyw\u00f3w studyjnych","twitter_misc":{"Szacowany czas czytania":"1 minuta"},"schema":{"@context":"https:\/\/schema.org","@graph":[{"@type":"WebPage","@id":"https:\/\/glareone.eu\/pl\/produkt\/glareone-extension-arm\/","url":"https:\/\/glareone.eu\/pl\/produkt\/glareone-extension-arm\/","name":"GlareOne Extension Arm - wysi\u0119gnik do statyw\u00f3w studyjnych","isPartOf":{"@id":"https:\/\/glareone.eu\/pl\/en\/#website"},"primaryImageOfPage":{"@id":"https:\/\/glareone.eu\/pl\/produkt\/glareone-extension-arm\/#primaryimage"},"image":{"@id":"https:\/\/glareone.eu\/pl\/produkt\/glareone-extension-arm\/#primaryimage"},"thumbnailUrl":"https:\/\/glareone.eu\/wp-content\/uploads\/2024\/04\/GlareOne-Extension-Arm-15-1.jpg","datePublished":"2024-04-18T19:26:24+00:00","dateModified":"2024-05-13T07:53:33+00:00","description":"GlareOne Extension Arm - wysi\u0119gnik do statyw\u00f3w studyjnych","breadcrumb":{"@id":"https:\/\/glareone.eu\/pl\/produkt\/glareone-extension-arm\/#breadcrumb"},"inLanguage":"pl-PL","potentialAction":[{"@type":"ReadAction","target":["https:\/\/glareone.eu\/pl\/produkt\/glareone-extension-arm\/"]}]},{"@type":"ImageObject","inLanguage":"pl-PL","@id":"https:\/\/glareone.eu\/pl\/produkt\/glareone-extension-arm\/#primaryimage","url":"https:\/\/glareone.eu\/wp-content\/uploads\/2024\/04\/GlareOne-Extension-Arm-15-1.jpg","contentUrl":"https:\/\/glareone.eu\/wp-content\/uploads\/2024\/04\/GlareOne-Extension-Arm-15-1.jpg","width":1200,"height":1200},{"@type":"BreadcrumbList","@id":"https:\/\/glareone.eu\/pl\/produkt\/glareone-extension-arm\/#breadcrumb","itemListElement":[{"@type":"ListItem","position":1,"name":"Strona g\u0142\u00f3wna","item":"https:\/\/glareone.eu\/pl\/"},{"@type":"ListItem","position":2,"name":"Wszystkie produkty","item":"https:\/\/glareone.eu\/pl\/produkty\/wszystkie-produkty\/"},{"@type":"ListItem","position":3,"name":"GlareOne Extension Arm &#8211; wysi\u0119gnik do statyw\u00f3w studyjnych"}]},{"@type":"WebSite","@id":"https:\/\/glareone.eu\/pl\/en\/#website","url":"https:\/\/glareone.eu\/pl\/en\/","name":"GlareOne","description":"Wyposa\u017cenie Studia","publisher":{"@id":"https:\/\/glareone.eu\/pl\/en\/#organization"},"potentialAction":[{"@type":"SearchAction","target":{"@type":"EntryPoint","urlTemplate":"https:\/\/glareone.eu\/pl\/en\/?s={search_term_string}"},"query-input":{"@type":"PropertyValueSpecification","valueRequired":true,"valueName":"search_term_string"}}],"inLanguage":"pl-PL"},{"@type":"Organization","@id":"https:\/\/glareone.eu\/pl\/en\/#organization","name":"GlareOne","url":"https:\/\/glareone.eu\/pl\/en\/","logo":{"@type":"ImageObject","inLanguage":"pl-PL","@id":"https:\/\/glareone.eu\/pl\/en\/#\/schema\/logo\/image\/","url":"http:\/\/glareone.eu\/wp-content\/uploads\/2024\/05\/glareone_logo2020_RGB-01-e1715773127189.png","contentUrl":"http:\/\/glareone.eu\/wp-content\/uploads\/2024\/05\/glareone_logo2020_RGB-01-e1715773127189.png","width":1270,"height":321,"caption":"GlareOne"},"image":{"@id":"https:\/\/glareone.eu\/pl\/en\/#\/schema\/logo\/image\/"},"sameAs":["https:\/\/www.facebook.com\/GlareOneLighting","https:\/\/www.instagram.com\/glareonelighting\/","https:\/\/www.youtube.com\/@GlareOneTV"]}]}},"_links":{"self":[{"href":"https:\/\/glareone.eu\/pl\/wp-json\/wp\/v2\/product\/979","targetHints":{"allow":["GET"]}}],"collection":[{"href":"https:\/\/glareone.eu\/pl\/wp-json\/wp\/v2\/product"}],"about":[{"href":"https:\/\/glareone.eu\/pl\/wp-json\/wp\/v2\/types\/product"}],"wp:featuredmedia":[{"embeddable":true,"href":"https:\/\/glareone.eu\/pl\/wp-json\/wp\/v2\/media\/8585"}],"wp:attachment":[{"href":"https:\/\/glareone.eu\/pl\/wp-json\/wp\/v2\/media?parent=979"}],"wp:term":[{"taxonomy":"product_brand","embeddable":true,"href":"https:\/\/glareone.eu\/pl\/wp-json\/wp\/v2\/product_brand?post=979"},{"taxonomy":"product_cat","embeddable":true,"href":"https:\/\/glareone.eu\/pl\/wp-json\/wp\/v2\/product_cat?post=979"},{"taxonomy":"product_tag","embeddable":true,"href":"https:\/\/glareone.eu\/pl\/wp-json\/wp\/v2\/product_tag?post=979"}],"curies":[{"name":"wp","href":"https:\/\/api.w.org\/{rel}","templated":true}]}}