{"id":976,"date":"2024-04-18T19:26:24","date_gmt":"2024-04-18T19:26:24","guid":{"rendered":"http:\/\/glareone.eu\/produkt\/glareone-combo-boom-statyw-typu-boom\/"},"modified":"2024-05-07T12:01:44","modified_gmt":"2024-05-07T12:01:44","slug":"glareone-combo-boom","status":"publish","type":"product","link":"https:\/\/glareone.eu\/pl\/produkt\/glareone-combo-boom\/","title":{"rendered":"GlareOne Combo Boom &#8211; statyw typu boom"},"content":{"rendered":"<p>Lekki, czterosekcyjny statyw typu boom o maksymalnej wysoko\u015bci 4 metr\u00f3w.<\/p>\n<h3>Prawdziwe 2 w 1<\/h3>\n<p>Combo Boom mo\u017ce by\u0107 u\u017cywany jako statyw w studiu fotograficznym i na planach filmowych. Maksymalny ud\u017awig si\u0119gaj\u0105cy 8 kg bez problemu utrzyma lamp\u0119 z podpi\u0119tym softboxem hexagonalnym o \u015brednicy nawet 120 cm. Dzi\u0119ki mechanizmowi \u0142amanej kolumny centralnej, mo\u017cna go szybko przeobrazi\u0107 w statyw typu boom o bardzo d\u0142ugim ramieniu. W tej konfiguracji mo\u017ce pos\u0142u\u017cy\u0107 do zamocowania lekkiej i niewielkiej lampy czy panelu LED nad planem zdj\u0119ciowym. Trzpie\u0144 wie\u0144cz\u0105cy rami\u0119 jest odpinany, odwracalny i ma dwa punkty monta\u017cowe (1\/4 i 3\/8 cala), co powoduje, \u017ce Combo Boom mo\u017cna tak\u017ce zastosowa\u0107 jako statyw do mikrofonu umieszczonego powy\u017cej planu zdj\u0119ciowego.<\/p>\n<h3>Trwa\u0142o\u015b\u0107<\/h3>\n<p>Statyw jest niemal w ca\u0142o\u015bci wykonany z element\u00f3w metalowych, co powoduje, \u017ce jego \u017cywotno\u015b\u0107 jest niezwykle wysoka. Jedynymi niemetalowymi cz\u0119\u015bciami s\u0105 uchwyty \u015brub blokuj\u0105cych po\u0142o\u017cenie sekcji oraz same stopki n\u00f3g. Wszystkie pozosta\u0142e &#8211; kluczowe dla wytrzyma\u0142o\u015bci konstrukcji fragmenty &#8211; wykonano z aluminum.<\/p>\n<h3>Detale<\/h3>\n<p>Pokr\u0119t\u0142a s\u0105 ergonomicznie ukszta\u0142towane i na tyle du\u017ce, aby zapewni\u0107 pewny chwyt i zapobiec przytrza\u015bni\u0119ciu palc\u00f3w podczas regulacji wysoko\u015bci. Mechanizm \u0142amania kolumny centralnej jest w 100% metalowy i wyposa\u017cony w bardzo du\u017cy uchwyt z regulacj\u0105 pozycji. Nogi s\u0105 d\u0142ugie, dzi\u0119ki czemu daj\u0105 szeroki rozstaw, a co za tym idzie du\u017c\u0105 stabilno\u015b\u0107. Rami\u0119 statywu zwie\u0144czone jest g\u0142owic\u0105 umo\u017cliwiaj\u0105c\u0105 pionowe lub poziome zamocowanie trzpienia, a on sam jest wyprofilowany w taki spos\u00f3b, aby uniemo\u017cliwia\u0107 obracanie si\u0119 lampy zawieszonej nad planem zdj\u0119ciowym. Drugi koniec ramienia wyposa\u017cono w p\u0119tl\u0119 na przeciwwag\u0119, kt\u00f3rej u\u017cycie jest konieczne, aby korzystanie z boomu by\u0142o bezpieczne. Nogi o \u015brednicy 22 mm mog\u0105 by\u0107 wyposa\u017cone w dodatkowe k\u00f3\u0142ka u\u0142atwiaj\u0105ce prac\u0119 w studiu, zw\u0142aszcza z du\u017cymi modyfikatorami \u015bwiat\u0142a.<\/p>\n<h3>Cechy produktu:<\/h3>\n<ul>\n<li>Lekki i wytrzyma\u0142y, wykonany z aluminium.<\/li>\n<li>Dzi\u0119ki \u0142amanej kolumnie centralnej mo\u017ce pracowa\u0107 jako boom.<\/li>\n<li>Osi\u0105ga a\u017c 4 metry wysoko\u015bci maksymalnej.<\/li>\n<li>Ma szeroki rozstaw n\u00f3g, co daje du\u017c\u0105 stabilno\u015b\u0107.<\/li>\n<li>Zaciski sekcji oraz mechanizm \u0142amania kolumny centralnej s\u0105 metalowe.<\/li>\n<li>Trzpie\u0144 monta\u017cowy jest odwracalny i odpinany.<\/li>\n<li>Pokr\u0119t\u0142a zaciskowe s\u0105 du\u017ce i ergonomicznie wyprofilowane.<\/li>\n<li>Rami\u0119 boomu jest bardzo d\u0142ugie (osi\u0105ga a\u017c 205 cm).<\/li>\n<li>Mo\u017ce by\u0107 doposa\u017cony w k\u00f3\u0142ka.<\/li>\n<li>Jest niewielki po z\u0142o\u017ceniu.<\/li>\n<li>D\u017awiga do 8 kg.<\/li>\n<li>Dostarczany w zestawie z torb\u0105 na przeciwwag\u0119.<\/li>\n<\/ul>\n","protected":false},"excerpt":{"rendered":"<p>Lekki, czterosekcyjny statyw typu boom o maksymalnej wysoko\u015bci 4 metr\u00f3w. Prawdziwe 2 w 1 Combo Boom mo\u017ce by\u0107 u\u017cywany jako statyw w studiu fotograficznym i na planach filmowych. Maksymalny ud\u017awig si\u0119gaj\u0105cy 8 kg bez problemu utrzyma lamp\u0119 z podpi\u0119tym softboxem hexagonalnym o \u015brednicy nawet 120 cm. Dzi\u0119ki mechanizmowi \u0142amanej kolumny centralnej, mo\u017cna go szybko przeobrazi\u0107 [&hellip;]<\/p>\n","protected":false},"featured_media":6584,"template":"","meta":[],"product_brand":[],"product_cat":[471],"product_tag":[],"class_list":{"0":"post-976","1":"product","2":"type-product","3":"status-publish","4":"has-post-thumbnail","6":"product_cat-klasyczne","8":"first","9":"instock","10":"product-type-simple"},"yoast_head":"<!-- This site is optimized with the Yoast SEO plugin v27.2 - https:\/\/yoast.com\/product\/yoast-seo-wordpress\/ -->\n<title>GlareOne Combo Boom - statyw typu boom<\/title>\n<meta name=\"description\" content=\"GlareOne Combo Boom - statyw typu boom\" \/>\n<meta name=\"robots\" content=\"index, follow, max-snippet:-1, max-image-preview:large, max-video-preview:-1\" \/>\n<link rel=\"canonical\" href=\"https:\/\/glareone.eu\/pl\/produkt\/glareone-combo-boom\/\" \/>\n<meta property=\"og:locale\" content=\"pl_PL\" \/>\n<meta property=\"og:type\" content=\"article\" \/>\n<meta property=\"og:title\" content=\"GlareOne Combo Boom - statyw typu boom\" \/>\n<meta property=\"og:description\" content=\"GlareOne Combo Boom - statyw typu boom\" \/>\n<meta property=\"og:url\" content=\"https:\/\/glareone.eu\/pl\/produkt\/glareone-combo-boom\/\" \/>\n<meta property=\"og:site_name\" content=\"GlareOne\" \/>\n<meta property=\"article:publisher\" content=\"https:\/\/www.facebook.com\/GlareOneLighting\" \/>\n<meta property=\"article:modified_time\" content=\"2024-05-07T12:01:44+00:00\" \/>\n<meta property=\"og:image\" content=\"https:\/\/glareone.eu\/wp-content\/uploads\/2024\/04\/GlareOne-Combo-Boom-13-1.jpg\" \/>\n\t<meta property=\"og:image:width\" content=\"1200\" \/>\n\t<meta property=\"og:image:height\" content=\"1200\" \/>\n\t<meta property=\"og:image:type\" content=\"image\/jpeg\" \/>\n<meta name=\"twitter:card\" content=\"summary_large_image\" \/>\n<meta name=\"twitter:title\" content=\"GlareOne Combo Boom - statyw typu boom\" \/>\n<meta name=\"twitter:label1\" content=\"Szacowany czas czytania\" \/>\n\t<meta name=\"twitter:data1\" content=\"3 minuty\" \/>\n<script type=\"application\/ld+json\" class=\"yoast-schema-graph\">{\"@context\":\"https:\/\/schema.org\",\"@graph\":[{\"@type\":\"WebPage\",\"@id\":\"https:\/\/glareone.eu\/pl\/produkt\/glareone-combo-boom\/\",\"url\":\"https:\/\/glareone.eu\/pl\/produkt\/glareone-combo-boom\/\",\"name\":\"GlareOne Combo Boom - statyw typu boom\",\"isPartOf\":{\"@id\":\"https:\/\/glareone.eu\/pl\/en\/#website\"},\"primaryImageOfPage\":{\"@id\":\"https:\/\/glareone.eu\/pl\/produkt\/glareone-combo-boom\/#primaryimage\"},\"image\":{\"@id\":\"https:\/\/glareone.eu\/pl\/produkt\/glareone-combo-boom\/#primaryimage\"},\"thumbnailUrl\":\"https:\/\/glareone.eu\/wp-content\/uploads\/2024\/04\/GlareOne-Combo-Boom-13-1.jpg\",\"datePublished\":\"2024-04-18T19:26:24+00:00\",\"dateModified\":\"2024-05-07T12:01:44+00:00\",\"description\":\"GlareOne Combo Boom - statyw typu boom\",\"breadcrumb\":{\"@id\":\"https:\/\/glareone.eu\/pl\/produkt\/glareone-combo-boom\/#breadcrumb\"},\"inLanguage\":\"pl-PL\",\"potentialAction\":[{\"@type\":\"ReadAction\",\"target\":[\"https:\/\/glareone.eu\/pl\/produkt\/glareone-combo-boom\/\"]}]},{\"@type\":\"ImageObject\",\"inLanguage\":\"pl-PL\",\"@id\":\"https:\/\/glareone.eu\/pl\/produkt\/glareone-combo-boom\/#primaryimage\",\"url\":\"https:\/\/glareone.eu\/wp-content\/uploads\/2024\/04\/GlareOne-Combo-Boom-13-1.jpg\",\"contentUrl\":\"https:\/\/glareone.eu\/wp-content\/uploads\/2024\/04\/GlareOne-Combo-Boom-13-1.jpg\",\"width\":1200,\"height\":1200},{\"@type\":\"BreadcrumbList\",\"@id\":\"https:\/\/glareone.eu\/pl\/produkt\/glareone-combo-boom\/#breadcrumb\",\"itemListElement\":[{\"@type\":\"ListItem\",\"position\":1,\"name\":\"Strona g\u0142\u00f3wna\",\"item\":\"https:\/\/glareone.eu\/pl\/\"},{\"@type\":\"ListItem\",\"position\":2,\"name\":\"Wszystkie produkty\",\"item\":\"https:\/\/glareone.eu\/pl\/produkty\/wszystkie-produkty\/\"},{\"@type\":\"ListItem\",\"position\":3,\"name\":\"GlareOne Combo Boom &#8211; statyw typu boom\"}]},{\"@type\":\"WebSite\",\"@id\":\"https:\/\/glareone.eu\/pl\/en\/#website\",\"url\":\"https:\/\/glareone.eu\/pl\/en\/\",\"name\":\"GlareOne\",\"description\":\"Wyposa\u017cenie Studia\",\"publisher\":{\"@id\":\"https:\/\/glareone.eu\/pl\/en\/#organization\"},\"potentialAction\":[{\"@type\":\"SearchAction\",\"target\":{\"@type\":\"EntryPoint\",\"urlTemplate\":\"https:\/\/glareone.eu\/pl\/en\/?s={search_term_string}\"},\"query-input\":{\"@type\":\"PropertyValueSpecification\",\"valueRequired\":true,\"valueName\":\"search_term_string\"}}],\"inLanguage\":\"pl-PL\"},{\"@type\":\"Organization\",\"@id\":\"https:\/\/glareone.eu\/pl\/en\/#organization\",\"name\":\"GlareOne\",\"url\":\"https:\/\/glareone.eu\/pl\/en\/\",\"logo\":{\"@type\":\"ImageObject\",\"inLanguage\":\"pl-PL\",\"@id\":\"https:\/\/glareone.eu\/pl\/en\/#\/schema\/logo\/image\/\",\"url\":\"http:\/\/glareone.eu\/wp-content\/uploads\/2024\/05\/glareone_logo2020_RGB-01-e1715773127189.png\",\"contentUrl\":\"http:\/\/glareone.eu\/wp-content\/uploads\/2024\/05\/glareone_logo2020_RGB-01-e1715773127189.png\",\"width\":1270,\"height\":321,\"caption\":\"GlareOne\"},\"image\":{\"@id\":\"https:\/\/glareone.eu\/pl\/en\/#\/schema\/logo\/image\/\"},\"sameAs\":[\"https:\/\/www.facebook.com\/GlareOneLighting\",\"https:\/\/www.instagram.com\/glareonelighting\/\",\"https:\/\/www.youtube.com\/@GlareOneTV\"]}]}<\/script>\n<!-- \/ Yoast SEO plugin. -->","yoast_head_json":{"title":"GlareOne Combo Boom - statyw typu boom","description":"GlareOne Combo Boom - statyw typu boom","robots":{"index":"index","follow":"follow","max-snippet":"max-snippet:-1","max-image-preview":"max-image-preview:large","max-video-preview":"max-video-preview:-1"},"canonical":"https:\/\/glareone.eu\/pl\/produkt\/glareone-combo-boom\/","og_locale":"pl_PL","og_type":"article","og_title":"GlareOne Combo Boom - statyw typu boom","og_description":"GlareOne Combo Boom - statyw typu boom","og_url":"https:\/\/glareone.eu\/pl\/produkt\/glareone-combo-boom\/","og_site_name":"GlareOne","article_publisher":"https:\/\/www.facebook.com\/GlareOneLighting","article_modified_time":"2024-05-07T12:01:44+00:00","og_image":[{"width":1200,"height":1200,"url":"https:\/\/glareone.eu\/wp-content\/uploads\/2024\/04\/GlareOne-Combo-Boom-13-1.jpg","type":"image\/jpeg"}],"twitter_card":"summary_large_image","twitter_title":"GlareOne Combo Boom - statyw typu boom","twitter_misc":{"Szacowany czas czytania":"3 minuty"},"schema":{"@context":"https:\/\/schema.org","@graph":[{"@type":"WebPage","@id":"https:\/\/glareone.eu\/pl\/produkt\/glareone-combo-boom\/","url":"https:\/\/glareone.eu\/pl\/produkt\/glareone-combo-boom\/","name":"GlareOne Combo Boom - statyw typu boom","isPartOf":{"@id":"https:\/\/glareone.eu\/pl\/en\/#website"},"primaryImageOfPage":{"@id":"https:\/\/glareone.eu\/pl\/produkt\/glareone-combo-boom\/#primaryimage"},"image":{"@id":"https:\/\/glareone.eu\/pl\/produkt\/glareone-combo-boom\/#primaryimage"},"thumbnailUrl":"https:\/\/glareone.eu\/wp-content\/uploads\/2024\/04\/GlareOne-Combo-Boom-13-1.jpg","datePublished":"2024-04-18T19:26:24+00:00","dateModified":"2024-05-07T12:01:44+00:00","description":"GlareOne Combo Boom - statyw typu boom","breadcrumb":{"@id":"https:\/\/glareone.eu\/pl\/produkt\/glareone-combo-boom\/#breadcrumb"},"inLanguage":"pl-PL","potentialAction":[{"@type":"ReadAction","target":["https:\/\/glareone.eu\/pl\/produkt\/glareone-combo-boom\/"]}]},{"@type":"ImageObject","inLanguage":"pl-PL","@id":"https:\/\/glareone.eu\/pl\/produkt\/glareone-combo-boom\/#primaryimage","url":"https:\/\/glareone.eu\/wp-content\/uploads\/2024\/04\/GlareOne-Combo-Boom-13-1.jpg","contentUrl":"https:\/\/glareone.eu\/wp-content\/uploads\/2024\/04\/GlareOne-Combo-Boom-13-1.jpg","width":1200,"height":1200},{"@type":"BreadcrumbList","@id":"https:\/\/glareone.eu\/pl\/produkt\/glareone-combo-boom\/#breadcrumb","itemListElement":[{"@type":"ListItem","position":1,"name":"Strona g\u0142\u00f3wna","item":"https:\/\/glareone.eu\/pl\/"},{"@type":"ListItem","position":2,"name":"Wszystkie produkty","item":"https:\/\/glareone.eu\/pl\/produkty\/wszystkie-produkty\/"},{"@type":"ListItem","position":3,"name":"GlareOne Combo Boom &#8211; statyw typu boom"}]},{"@type":"WebSite","@id":"https:\/\/glareone.eu\/pl\/en\/#website","url":"https:\/\/glareone.eu\/pl\/en\/","name":"GlareOne","description":"Wyposa\u017cenie Studia","publisher":{"@id":"https:\/\/glareone.eu\/pl\/en\/#organization"},"potentialAction":[{"@type":"SearchAction","target":{"@type":"EntryPoint","urlTemplate":"https:\/\/glareone.eu\/pl\/en\/?s={search_term_string}"},"query-input":{"@type":"PropertyValueSpecification","valueRequired":true,"valueName":"search_term_string"}}],"inLanguage":"pl-PL"},{"@type":"Organization","@id":"https:\/\/glareone.eu\/pl\/en\/#organization","name":"GlareOne","url":"https:\/\/glareone.eu\/pl\/en\/","logo":{"@type":"ImageObject","inLanguage":"pl-PL","@id":"https:\/\/glareone.eu\/pl\/en\/#\/schema\/logo\/image\/","url":"http:\/\/glareone.eu\/wp-content\/uploads\/2024\/05\/glareone_logo2020_RGB-01-e1715773127189.png","contentUrl":"http:\/\/glareone.eu\/wp-content\/uploads\/2024\/05\/glareone_logo2020_RGB-01-e1715773127189.png","width":1270,"height":321,"caption":"GlareOne"},"image":{"@id":"https:\/\/glareone.eu\/pl\/en\/#\/schema\/logo\/image\/"},"sameAs":["https:\/\/www.facebook.com\/GlareOneLighting","https:\/\/www.instagram.com\/glareonelighting\/","https:\/\/www.youtube.com\/@GlareOneTV"]}]}},"_links":{"self":[{"href":"https:\/\/glareone.eu\/pl\/wp-json\/wp\/v2\/product\/976","targetHints":{"allow":["GET"]}}],"collection":[{"href":"https:\/\/glareone.eu\/pl\/wp-json\/wp\/v2\/product"}],"about":[{"href":"https:\/\/glareone.eu\/pl\/wp-json\/wp\/v2\/types\/product"}],"wp:featuredmedia":[{"embeddable":true,"href":"https:\/\/glareone.eu\/pl\/wp-json\/wp\/v2\/media\/6584"}],"wp:attachment":[{"href":"https:\/\/glareone.eu\/pl\/wp-json\/wp\/v2\/media?parent=976"}],"wp:term":[{"taxonomy":"product_brand","embeddable":true,"href":"https:\/\/glareone.eu\/pl\/wp-json\/wp\/v2\/product_brand?post=976"},{"taxonomy":"product_cat","embeddable":true,"href":"https:\/\/glareone.eu\/pl\/wp-json\/wp\/v2\/product_cat?post=976"},{"taxonomy":"product_tag","embeddable":true,"href":"https:\/\/glareone.eu\/pl\/wp-json\/wp\/v2\/product_tag?post=976"}],"curies":[{"name":"wp","href":"https:\/\/api.w.org\/{rel}","templated":true}]}}