{"id":974,"date":"2024-04-18T19:26:24","date_gmt":"2024-04-18T19:26:24","guid":{"rendered":"http:\/\/glareone.eu\/produkt\/glareone-hightower-glide-statyw-kolumnowy\/"},"modified":"2024-05-07T12:12:41","modified_gmt":"2024-05-07T12:12:41","slug":"glareone-hightower","status":"publish","type":"product","link":"https:\/\/glareone.eu\/pl\/produkt\/glareone-hightower\/","title":{"rendered":"GlareOne Hightower Glide &#8211; statyw kolumnowy"},"content":{"rendered":"<p>Statyw kolumnowy wyposa\u017cony w k\u00f3\u0142ka.<\/p>\n<h3>Kolumna<\/h3>\n<p>Najwi\u0119ksz\u0105 zalet\u0105 statywu Hightower jest jego konstrukcja, kt\u00f3ra opiera si\u0119 na zastosowaniu jednej, centralnej kolumny, po kt\u00f3rej przesuwa si\u0119 g\u0142owic\u0119 s\u0142u\u017c\u0105c\u0105 do monta\u017cu lamp i akcesori\u00f3w. Taka budowa obni\u017ca \u015brodek ci\u0119\u017cko\u015bci, co powoduje, \u017ce statyw jest bardzo stabilny. Ponadto zajmuje mniej miejsca ni\u017c zwyk\u0142e stawy tr\u00f3jno\u017cne, co ma ogromne znaczenie zw\u0142aszcza w niewielkich studiach. Najistotniejsz\u0105 zalet\u0105 statywu Hightower jest to, \u017ce wyr\u00f3\u017cnia si\u0119 bardzo du\u017c\u0105 regulacj\u0105 wysoko\u015bci roboczej. Dzi\u0119ki mo\u017cliwo\u015bci niemal dowolnego przesuwu g\u0142owicy po kolumnie centralnej lamp\u0119 mo\u017cna zamocowa\u0107 na wysoko\u015bci w przedziale od 34 do 222 centymetr\u00f3w od pod\u0142o\u017ca.<\/p>\n<h3>Trwa\u0142o\u015b\u0107<\/h3>\n<p>Kolumna centralna statywu wykonana jest z rur ze stali chromowanej o \u015brednicy 35 mm, a w\u00f3zek oraz g\u0142owica s\u0105 ze stali malowanej proszkowo. To dzi\u0119ki zastosowaniu tych materia\u0142\u00f3w statyw charakteryzuje si\u0119 du\u017c\u0105 trwa\u0142o\u015bci\u0105 i wytrzyma\u0142o\u015bci\u0105.<\/p>\n<h3>Stabilno\u015b\u0107<\/h3>\n<p>Kolumna umocowana jest na trzyko\u0142owym w\u00f3zku, dzi\u0119ki czemu ma bardzo nisko umieszczony \u015brodek ci\u0119\u017cko\u015bci. K\u00f3\u0142ka s\u0105 oddalone od osi kolumny o 55 cm, dzi\u0119ki czemu Hightower ma szerok\u0105 podstaw\u0119, a to polepsza stabilno\u015b\u0107 i bezpiecze\u0144stwo pracy. K\u00f3\u0142ka maj\u0105 \u015brednic\u0119 75 mm, co sprawia, \u017ce statyw mo\u017cna \u0142atwo przemie\u015bci\u0107 nawet po nier\u00f3wnym pod\u0142o\u017cu.<\/p>\n<h3>Ud\u017awig<\/h3>\n<p>Hightower mo\u017ce unie\u015b\u0107 do 15 kg przy swojej wadze nieznacznie przekraczaj\u0105cej 9 kg. Tak du\u017ca masa statywu wynika z zastosowania solidnych element\u00f3w konstrukcyjnych wykonanych ze stali. G\u0142owica dostarczona w zestawie mo\u017ce unie\u015b\u0107 do 6 kg, co wystarcza do tego, aby zamocowa\u0107 do niej mocn\u0105 lamp\u0119 z du\u017cym modyfikatorem \u015bwiat\u0142a.<\/p>\n<h3>G\u0142owica<\/h3>\n<p>Hightower dostarczany jest wraz z jedn\u0105 g\u0142owic\u0105, ale w razie konieczno\u015bci mo\u017cna kupi\u0107 dodatkow\u0105, umo\u017cliwiaj\u0105c\u0105 zamocowanie dodatkowych lamp lub innych akcesori\u00f3w na jednym statywie. G\u0142owica ma bardzo charakterystyczny, pistoletowy kszta\u0142t, a blokada jej po\u0142o\u017cenia na kolumnie centralnej przypomina j\u0119zyk spustowy. Regulacja wysoko\u015bci jest szeroka (34~222 cm), bardzo szybka i co wa\u017cne bezstopniowa. Trzpie\u0144 o \u015brednicy 16 mm jest odwracalny, odpinany i ma jeden punkt monta\u017cowy z gwintem 1\/4\u201d, do kt\u00f3rego mo\u017cna zamocowa\u0107 aparat, kamer\u0119, mikrofon itp.<\/p>\n<h3>Detale<\/h3>\n<p>Niemal wszystkie po\u0142\u0105czenia w statywie s\u0105 wykonane za pomoc\u0105 \u015brub, a nie nit\u00f3w, kt\u00f3re s\u0105 najcz\u0119\u015bciej stosowane w ta\u0144szych statywach. Heavy Glide dostarczany jest wraz z zestawem kluczy, kt\u00f3re s\u0105 potrzebne do zamocowania k\u00f3\u0142ek i ewentualnego dokr\u0119cenia \u015brub. Mechanizm pochylenia ramienia jest wyposa\u017cony w du\u017c\u0105 r\u0105czk\u0119, kt\u00f3ra gwarantuje pewny chwyt, tak wa\u017cny dla bezpiecznej pracy. Drugi koniec ramienia zaopatrzony jest p\u0119tl\u0119 do zawieszenia przeciwwagi. K\u00f3\u0142ka maj\u0105 du\u017c\u0105 \u015brednic\u0119 (10 mm) i s\u0105 wyposa\u017cone w hamulce. Wszystkie sekcje statywu s\u0105 amortyzowane za pomoc\u0105 spr\u0119\u017cyn.<\/p>\n<h3>Cechy produktu:<\/h3>\n<ul>\n<li>Wykonany w ca\u0142o\u015bci ze stali.<\/li>\n<li>Dostarczany z jedn\u0105 g\u0142owic\u0105 pistoletow\u0105.<\/li>\n<li>Ma szerok\u0105 regulacj\u0119 po\u0142o\u017cenia g\u0142owicy (34~222 cm).<\/li>\n<li>Mo\u017ce by\u0107 u\u017cywany jako statyw\u00a0 do aparatu lub kamery.<\/li>\n<li>Regulacja wysoko\u015bci jest bezstopniowa i bardzo szybka.<\/li>\n<li>Wyposa\u017cony w trzpie\u0144 3\/8\u201d (16 mm) oraz gwint 1\/4\u201d.<\/li>\n<li>Jest wyposa\u017cony w k\u00f3\u0142ka o du\u017cej \u015brednicy.<\/li>\n<li>D\u017awiga do 15 kg.<\/li>\n<li>Dostarczany w zestawie z kluczem potrzebnym do monta\u017cu.<\/li>\n<\/ul>\n","protected":false},"excerpt":{"rendered":"<p>Statyw kolumnowy wyposa\u017cony w k\u00f3\u0142ka. Kolumna Najwi\u0119ksz\u0105 zalet\u0105 statywu Hightower jest jego konstrukcja, kt\u00f3ra opiera si\u0119 na zastosowaniu jednej, centralnej kolumny, po kt\u00f3rej przesuwa si\u0119 g\u0142owic\u0119 s\u0142u\u017c\u0105c\u0105 do monta\u017cu lamp i akcesori\u00f3w. Taka budowa obni\u017ca \u015brodek ci\u0119\u017cko\u015bci, co powoduje, \u017ce statyw jest bardzo stabilny. Ponadto zajmuje mniej miejsca ni\u017c zwyk\u0142e stawy tr\u00f3jno\u017cne, co ma ogromne [&hellip;]<\/p>\n","protected":false},"featured_media":6641,"template":"","meta":[],"product_brand":[],"product_cat":[411],"product_tag":[],"class_list":{"0":"post-974","1":"product","2":"type-product","3":"status-publish","4":"has-post-thumbnail","6":"product_cat-glide","8":"first","9":"instock","10":"product-type-simple"},"yoast_head":"<!-- This site is optimized with the Yoast SEO plugin v27.2 - https:\/\/yoast.com\/product\/yoast-seo-wordpress\/ -->\n<title>GlareOne Hightower Glide - statyw kolumnowy<\/title>\n<meta name=\"description\" content=\"GlareOne Hightower Glide - statyw kolumnowy\" \/>\n<meta name=\"robots\" content=\"index, follow, max-snippet:-1, max-image-preview:large, max-video-preview:-1\" \/>\n<link rel=\"canonical\" href=\"https:\/\/glareone.eu\/pl\/produkt\/glareone-hightower\/\" \/>\n<meta property=\"og:locale\" content=\"pl_PL\" \/>\n<meta property=\"og:type\" content=\"article\" \/>\n<meta property=\"og:title\" content=\"GlareOne Hightower Glide - statyw kolumnowy\" \/>\n<meta property=\"og:description\" content=\"GlareOne Hightower Glide - statyw kolumnowy\" \/>\n<meta property=\"og:url\" content=\"https:\/\/glareone.eu\/pl\/produkt\/glareone-hightower\/\" \/>\n<meta property=\"og:site_name\" content=\"GlareOne\" \/>\n<meta property=\"article:publisher\" content=\"https:\/\/www.facebook.com\/GlareOneLighting\" \/>\n<meta property=\"article:modified_time\" content=\"2024-05-07T12:12:41+00:00\" \/>\n<meta property=\"og:image\" content=\"https:\/\/glareone.eu\/wp-content\/uploads\/2024\/04\/GlareOne-Hightower-Glide-12.jpg\" \/>\n\t<meta property=\"og:image:width\" content=\"1200\" \/>\n\t<meta property=\"og:image:height\" content=\"1200\" \/>\n\t<meta property=\"og:image:type\" content=\"image\/jpeg\" \/>\n<meta name=\"twitter:card\" content=\"summary_large_image\" \/>\n<meta name=\"twitter:title\" content=\"GlareOne Hightower Glide - statyw kolumnowy\" \/>\n<meta name=\"twitter:label1\" content=\"Szacowany czas czytania\" \/>\n\t<meta name=\"twitter:data1\" content=\"3 minuty\" \/>\n<script type=\"application\/ld+json\" class=\"yoast-schema-graph\">{\"@context\":\"https:\/\/schema.org\",\"@graph\":[{\"@type\":\"WebPage\",\"@id\":\"https:\/\/glareone.eu\/pl\/produkt\/glareone-hightower\/\",\"url\":\"https:\/\/glareone.eu\/pl\/produkt\/glareone-hightower\/\",\"name\":\"GlareOne Hightower Glide - statyw kolumnowy\",\"isPartOf\":{\"@id\":\"https:\/\/glareone.eu\/pl\/en\/#website\"},\"primaryImageOfPage\":{\"@id\":\"https:\/\/glareone.eu\/pl\/produkt\/glareone-hightower\/#primaryimage\"},\"image\":{\"@id\":\"https:\/\/glareone.eu\/pl\/produkt\/glareone-hightower\/#primaryimage\"},\"thumbnailUrl\":\"https:\/\/glareone.eu\/wp-content\/uploads\/2024\/04\/GlareOne-Hightower-Glide-12.jpg\",\"datePublished\":\"2024-04-18T19:26:24+00:00\",\"dateModified\":\"2024-05-07T12:12:41+00:00\",\"description\":\"GlareOne Hightower Glide - statyw kolumnowy\",\"breadcrumb\":{\"@id\":\"https:\/\/glareone.eu\/pl\/produkt\/glareone-hightower\/#breadcrumb\"},\"inLanguage\":\"pl-PL\",\"potentialAction\":[{\"@type\":\"ReadAction\",\"target\":[\"https:\/\/glareone.eu\/pl\/produkt\/glareone-hightower\/\"]}]},{\"@type\":\"ImageObject\",\"inLanguage\":\"pl-PL\",\"@id\":\"https:\/\/glareone.eu\/pl\/produkt\/glareone-hightower\/#primaryimage\",\"url\":\"https:\/\/glareone.eu\/wp-content\/uploads\/2024\/04\/GlareOne-Hightower-Glide-12.jpg\",\"contentUrl\":\"https:\/\/glareone.eu\/wp-content\/uploads\/2024\/04\/GlareOne-Hightower-Glide-12.jpg\",\"width\":1200,\"height\":1200},{\"@type\":\"BreadcrumbList\",\"@id\":\"https:\/\/glareone.eu\/pl\/produkt\/glareone-hightower\/#breadcrumb\",\"itemListElement\":[{\"@type\":\"ListItem\",\"position\":1,\"name\":\"Strona g\u0142\u00f3wna\",\"item\":\"https:\/\/glareone.eu\/pl\/\"},{\"@type\":\"ListItem\",\"position\":2,\"name\":\"Wszystkie produkty\",\"item\":\"https:\/\/glareone.eu\/pl\/produkty\/wszystkie-produkty\/\"},{\"@type\":\"ListItem\",\"position\":3,\"name\":\"GlareOne Hightower Glide &#8211; statyw kolumnowy\"}]},{\"@type\":\"WebSite\",\"@id\":\"https:\/\/glareone.eu\/pl\/en\/#website\",\"url\":\"https:\/\/glareone.eu\/pl\/en\/\",\"name\":\"GlareOne\",\"description\":\"Wyposa\u017cenie Studia\",\"publisher\":{\"@id\":\"https:\/\/glareone.eu\/pl\/en\/#organization\"},\"potentialAction\":[{\"@type\":\"SearchAction\",\"target\":{\"@type\":\"EntryPoint\",\"urlTemplate\":\"https:\/\/glareone.eu\/pl\/en\/?s={search_term_string}\"},\"query-input\":{\"@type\":\"PropertyValueSpecification\",\"valueRequired\":true,\"valueName\":\"search_term_string\"}}],\"inLanguage\":\"pl-PL\"},{\"@type\":\"Organization\",\"@id\":\"https:\/\/glareone.eu\/pl\/en\/#organization\",\"name\":\"GlareOne\",\"url\":\"https:\/\/glareone.eu\/pl\/en\/\",\"logo\":{\"@type\":\"ImageObject\",\"inLanguage\":\"pl-PL\",\"@id\":\"https:\/\/glareone.eu\/pl\/en\/#\/schema\/logo\/image\/\",\"url\":\"http:\/\/glareone.eu\/wp-content\/uploads\/2024\/05\/glareone_logo2020_RGB-01-e1715773127189.png\",\"contentUrl\":\"http:\/\/glareone.eu\/wp-content\/uploads\/2024\/05\/glareone_logo2020_RGB-01-e1715773127189.png\",\"width\":1270,\"height\":321,\"caption\":\"GlareOne\"},\"image\":{\"@id\":\"https:\/\/glareone.eu\/pl\/en\/#\/schema\/logo\/image\/\"},\"sameAs\":[\"https:\/\/www.facebook.com\/GlareOneLighting\",\"https:\/\/www.instagram.com\/glareonelighting\/\",\"https:\/\/www.youtube.com\/@GlareOneTV\"]}]}<\/script>\n<!-- \/ Yoast SEO plugin. -->","yoast_head_json":{"title":"GlareOne Hightower Glide - statyw kolumnowy","description":"GlareOne Hightower Glide - statyw kolumnowy","robots":{"index":"index","follow":"follow","max-snippet":"max-snippet:-1","max-image-preview":"max-image-preview:large","max-video-preview":"max-video-preview:-1"},"canonical":"https:\/\/glareone.eu\/pl\/produkt\/glareone-hightower\/","og_locale":"pl_PL","og_type":"article","og_title":"GlareOne Hightower Glide - statyw kolumnowy","og_description":"GlareOne Hightower Glide - statyw kolumnowy","og_url":"https:\/\/glareone.eu\/pl\/produkt\/glareone-hightower\/","og_site_name":"GlareOne","article_publisher":"https:\/\/www.facebook.com\/GlareOneLighting","article_modified_time":"2024-05-07T12:12:41+00:00","og_image":[{"width":1200,"height":1200,"url":"https:\/\/glareone.eu\/wp-content\/uploads\/2024\/04\/GlareOne-Hightower-Glide-12.jpg","type":"image\/jpeg"}],"twitter_card":"summary_large_image","twitter_title":"GlareOne Hightower Glide - statyw kolumnowy","twitter_misc":{"Szacowany czas czytania":"3 minuty"},"schema":{"@context":"https:\/\/schema.org","@graph":[{"@type":"WebPage","@id":"https:\/\/glareone.eu\/pl\/produkt\/glareone-hightower\/","url":"https:\/\/glareone.eu\/pl\/produkt\/glareone-hightower\/","name":"GlareOne Hightower Glide - statyw kolumnowy","isPartOf":{"@id":"https:\/\/glareone.eu\/pl\/en\/#website"},"primaryImageOfPage":{"@id":"https:\/\/glareone.eu\/pl\/produkt\/glareone-hightower\/#primaryimage"},"image":{"@id":"https:\/\/glareone.eu\/pl\/produkt\/glareone-hightower\/#primaryimage"},"thumbnailUrl":"https:\/\/glareone.eu\/wp-content\/uploads\/2024\/04\/GlareOne-Hightower-Glide-12.jpg","datePublished":"2024-04-18T19:26:24+00:00","dateModified":"2024-05-07T12:12:41+00:00","description":"GlareOne Hightower Glide - statyw kolumnowy","breadcrumb":{"@id":"https:\/\/glareone.eu\/pl\/produkt\/glareone-hightower\/#breadcrumb"},"inLanguage":"pl-PL","potentialAction":[{"@type":"ReadAction","target":["https:\/\/glareone.eu\/pl\/produkt\/glareone-hightower\/"]}]},{"@type":"ImageObject","inLanguage":"pl-PL","@id":"https:\/\/glareone.eu\/pl\/produkt\/glareone-hightower\/#primaryimage","url":"https:\/\/glareone.eu\/wp-content\/uploads\/2024\/04\/GlareOne-Hightower-Glide-12.jpg","contentUrl":"https:\/\/glareone.eu\/wp-content\/uploads\/2024\/04\/GlareOne-Hightower-Glide-12.jpg","width":1200,"height":1200},{"@type":"BreadcrumbList","@id":"https:\/\/glareone.eu\/pl\/produkt\/glareone-hightower\/#breadcrumb","itemListElement":[{"@type":"ListItem","position":1,"name":"Strona g\u0142\u00f3wna","item":"https:\/\/glareone.eu\/pl\/"},{"@type":"ListItem","position":2,"name":"Wszystkie produkty","item":"https:\/\/glareone.eu\/pl\/produkty\/wszystkie-produkty\/"},{"@type":"ListItem","position":3,"name":"GlareOne Hightower Glide &#8211; statyw kolumnowy"}]},{"@type":"WebSite","@id":"https:\/\/glareone.eu\/pl\/en\/#website","url":"https:\/\/glareone.eu\/pl\/en\/","name":"GlareOne","description":"Wyposa\u017cenie Studia","publisher":{"@id":"https:\/\/glareone.eu\/pl\/en\/#organization"},"potentialAction":[{"@type":"SearchAction","target":{"@type":"EntryPoint","urlTemplate":"https:\/\/glareone.eu\/pl\/en\/?s={search_term_string}"},"query-input":{"@type":"PropertyValueSpecification","valueRequired":true,"valueName":"search_term_string"}}],"inLanguage":"pl-PL"},{"@type":"Organization","@id":"https:\/\/glareone.eu\/pl\/en\/#organization","name":"GlareOne","url":"https:\/\/glareone.eu\/pl\/en\/","logo":{"@type":"ImageObject","inLanguage":"pl-PL","@id":"https:\/\/glareone.eu\/pl\/en\/#\/schema\/logo\/image\/","url":"http:\/\/glareone.eu\/wp-content\/uploads\/2024\/05\/glareone_logo2020_RGB-01-e1715773127189.png","contentUrl":"http:\/\/glareone.eu\/wp-content\/uploads\/2024\/05\/glareone_logo2020_RGB-01-e1715773127189.png","width":1270,"height":321,"caption":"GlareOne"},"image":{"@id":"https:\/\/glareone.eu\/pl\/en\/#\/schema\/logo\/image\/"},"sameAs":["https:\/\/www.facebook.com\/GlareOneLighting","https:\/\/www.instagram.com\/glareonelighting\/","https:\/\/www.youtube.com\/@GlareOneTV"]}]}},"_links":{"self":[{"href":"https:\/\/glareone.eu\/pl\/wp-json\/wp\/v2\/product\/974","targetHints":{"allow":["GET"]}}],"collection":[{"href":"https:\/\/glareone.eu\/pl\/wp-json\/wp\/v2\/product"}],"about":[{"href":"https:\/\/glareone.eu\/pl\/wp-json\/wp\/v2\/types\/product"}],"wp:featuredmedia":[{"embeddable":true,"href":"https:\/\/glareone.eu\/pl\/wp-json\/wp\/v2\/media\/6641"}],"wp:attachment":[{"href":"https:\/\/glareone.eu\/pl\/wp-json\/wp\/v2\/media?parent=974"}],"wp:term":[{"taxonomy":"product_brand","embeddable":true,"href":"https:\/\/glareone.eu\/pl\/wp-json\/wp\/v2\/product_brand?post=974"},{"taxonomy":"product_cat","embeddable":true,"href":"https:\/\/glareone.eu\/pl\/wp-json\/wp\/v2\/product_cat?post=974"},{"taxonomy":"product_tag","embeddable":true,"href":"https:\/\/glareone.eu\/pl\/wp-json\/wp\/v2\/product_tag?post=974"}],"curies":[{"name":"wp","href":"https:\/\/api.w.org\/{rel}","templated":true}]}}