{"id":973,"date":"2024-04-18T19:26:24","date_gmt":"2024-04-18T19:26:24","guid":{"rendered":"http:\/\/glareone.eu\/produkt\/glareone-prime-boom-statyw-typu-boom\/"},"modified":"2024-05-07T12:06:22","modified_gmt":"2024-05-07T12:06:22","slug":"glareone-prime-boom","status":"publish","type":"product","link":"https:\/\/glareone.eu\/pl\/produkt\/glareone-prime-boom\/","title":{"rendered":"GlareOne Prime Boom &#8211; statyw typu boom"},"content":{"rendered":"<p>Klasyczny statyw typu boom o du\u017cym ud\u017awigu i maksymalnej wysoko\u015bci 3 metr\u00f3w.<\/p>\n<h3>Boom<\/h3>\n<p>Statyw boom (\u017curaw) to jeden z podstawowych statyw\u00f3w, kt\u00f3re powinny go\u015bci\u0107 w ka\u017cdym studiu fotograficznym i filmowym. Najcz\u0119\u015bciej u\u017cywa si\u0119 ich do umieszczania lamp nad planem zdj\u0119ciowym dla uzyskania g\u00f3rnego o\u015bwietlenia. \u017buraw jest r\u00f3wnie\u017c przydatny, gdy lamp\u0119 trzeba umie\u015bci\u0107 powy\u017cej aparatu lub kamery, co przy u\u017cyciu zwyk\u0142ego statywu mo\u017ce by\u0107 k\u0142opotliwe, lub nawet niemo\u017cliwe. Statyw jest dostarczany wraz z 4 kg przeciwwag\u0105 s\u0142u\u017c\u0105c\u0105 do wywa\u017cania ramienia boomu.<\/p>\n<h3>Trwa\u0142o\u015b\u0107<\/h3>\n<p>Prime Boom charakteryzuje si\u0119 du\u017c\u0105 \u015brednic\u0105 sekcji kolumny centralnej i ramienia, co zapewnia wysok\u0105 sztywno\u015b\u0107 konstrukcji, a to z kolei wp\u0142ywa na du\u017cy ud\u017awig i podnosi bezpiecze\u0144stwo na planie zdj\u0119ciowym. Mechanizm regulacji wychylenia \u017curawia jest wykonany w ca\u0142o\u015bci z metalu, co gwarantuje jego spor\u0105 wytrzyma\u0142o\u015b\u0107 oraz d\u0142ug\u0105 \u017cywotno\u015b\u0107. \u0141\u0105cznik n\u00f3g i kolumny centralnej, zaciski sekcji, przeciwwaga oraz g\u0142owica utrzymuj\u0105ca trzpie\u0144 monta\u017cowy s\u0105 r\u00f3wnie\u017c w pe\u0142ni metalowe.<\/p>\n<h3>Detale<\/h3>\n<p>Aby zamocowana na \u017curawiu lampa nie obraca\u0142a si\u0119 podczas pracy, trzpie\u0144 monta\u017cowy jest ryflowany. Mechanizm pochylenia ramienia jest wyposa\u017cony w du\u017c\u0105 r\u0105czk\u0119, kt\u00f3ra gwarantuje pewny chwyt tak wa\u017cny dla bezpiecznej pracy. Rami\u0119 jest zwie\u0144czone solidn\u0105 g\u0142owic\u0105 umo\u017cliwiaj\u0105c\u0105 zamocowanie trzpienia prostopadle i r\u00f3wnolegle do jego osi. Drugi koniec ramienia zaopatrzony jest w gumowy uchwyt, kt\u00f3ry u\u0142atwia regulacj\u0105 k\u0105ta nachylenia. Blokada przeciwwagi pozwala na przesuwanie jej wzd\u0142u\u017c osi ramienia, co pozwala na szybkie zbalansowanie ci\u0119\u017caru lampy. Statyw mo\u017cna doposa\u017cy\u0107 w k\u00f3\u0142eczka, co bardzo u\u0142atwia prac\u0119 w studiu.<\/p>\n<h3>Cechy produktu:<\/h3>\n<ul>\n<li>Idealnie sprawdzi si\u0119 do pracy z lamp\u0105 studyjn\u0105, z niewielkim softboxem.<\/li>\n<li>Osi\u0105ga a\u017c 3 metry wysoko\u015bci maksymalnej.<\/li>\n<li>Ma szeroki rozstaw n\u00f3g co daje du\u017c\u0105 stabilno\u015b\u0107.<\/li>\n<li>Zaciski sekcji oraz mechanizm ramienia wykonane z metalu.<\/li>\n<li>Trzpie\u0144 monta\u017cowy jest odwracalny i odpinany.<\/li>\n<li>Pokr\u0119t\u0142a zaciskowe s\u0105 du\u017ce i ergonomicznie wyprofilowane.<\/li>\n<li>Maksymalna d\u0142ugo\u015b\u0107 ramienia wynosi 220 cm.<\/li>\n<li>Mo\u017ce by\u0107 doposa\u017cony w k\u00f3\u0142ka.<\/li>\n<li>D\u017awiga do 7 kg.<\/li>\n<li>Dostarczany w zestawie z czterokilogramow\u0105 przeciwwag\u0119.<\/li>\n<\/ul>\n","protected":false},"excerpt":{"rendered":"<p>Klasyczny statyw typu boom o du\u017cym ud\u017awigu i maksymalnej wysoko\u015bci 3 metr\u00f3w. Boom Statyw boom (\u017curaw) to jeden z podstawowych statyw\u00f3w, kt\u00f3re powinny go\u015bci\u0107 w ka\u017cdym studiu fotograficznym i filmowym. Najcz\u0119\u015bciej u\u017cywa si\u0119 ich do umieszczania lamp nad planem zdj\u0119ciowym dla uzyskania g\u00f3rnego o\u015bwietlenia. \u017buraw jest r\u00f3wnie\u017c przydatny, gdy lamp\u0119 trzeba umie\u015bci\u0107 powy\u017cej aparatu lub [&hellip;]<\/p>\n","protected":false},"featured_media":6619,"template":"","meta":[],"product_brand":[],"product_cat":[471],"product_tag":[],"class_list":{"0":"post-973","1":"product","2":"type-product","3":"status-publish","4":"has-post-thumbnail","6":"product_cat-klasyczne","8":"first","9":"instock","10":"product-type-simple"},"yoast_head":"<!-- This site is optimized with the Yoast SEO plugin v27.2 - https:\/\/yoast.com\/product\/yoast-seo-wordpress\/ -->\n<title>GlareOne Prime Boom - statyw typu boom<\/title>\n<meta name=\"description\" content=\"GlareOne Prime Boom - statyw typu boom\" \/>\n<meta name=\"robots\" content=\"index, follow, max-snippet:-1, max-image-preview:large, max-video-preview:-1\" \/>\n<link rel=\"canonical\" href=\"https:\/\/glareone.eu\/pl\/produkt\/glareone-prime-boom\/\" \/>\n<meta property=\"og:locale\" content=\"pl_PL\" \/>\n<meta property=\"og:type\" content=\"article\" \/>\n<meta property=\"og:title\" content=\"GlareOne Prime Boom - statyw typu boom\" \/>\n<meta property=\"og:description\" content=\"GlareOne Prime Boom - statyw typu boom\" \/>\n<meta property=\"og:url\" content=\"https:\/\/glareone.eu\/pl\/produkt\/glareone-prime-boom\/\" \/>\n<meta property=\"og:site_name\" content=\"GlareOne\" \/>\n<meta property=\"article:publisher\" content=\"https:\/\/www.facebook.com\/GlareOneLighting\" \/>\n<meta property=\"article:modified_time\" content=\"2024-05-07T12:06:22+00:00\" \/>\n<meta property=\"og:image\" content=\"https:\/\/glareone.eu\/wp-content\/uploads\/2024\/04\/GlareOne-Prime-Boom-11-5.jpg\" \/>\n\t<meta property=\"og:image:width\" content=\"1200\" \/>\n\t<meta property=\"og:image:height\" content=\"1200\" \/>\n\t<meta property=\"og:image:type\" content=\"image\/jpeg\" \/>\n<meta name=\"twitter:card\" content=\"summary_large_image\" \/>\n<meta name=\"twitter:title\" content=\"GlareOne Prime Boom - statyw typu boom\" \/>\n<meta name=\"twitter:label1\" content=\"Szacowany czas czytania\" \/>\n\t<meta name=\"twitter:data1\" content=\"2 minuty\" \/>\n<script type=\"application\/ld+json\" class=\"yoast-schema-graph\">{\"@context\":\"https:\/\/schema.org\",\"@graph\":[{\"@type\":\"WebPage\",\"@id\":\"https:\/\/glareone.eu\/pl\/produkt\/glareone-prime-boom\/\",\"url\":\"https:\/\/glareone.eu\/pl\/produkt\/glareone-prime-boom\/\",\"name\":\"GlareOne Prime Boom - statyw typu boom\",\"isPartOf\":{\"@id\":\"https:\/\/glareone.eu\/pl\/en\/#website\"},\"primaryImageOfPage\":{\"@id\":\"https:\/\/glareone.eu\/pl\/produkt\/glareone-prime-boom\/#primaryimage\"},\"image\":{\"@id\":\"https:\/\/glareone.eu\/pl\/produkt\/glareone-prime-boom\/#primaryimage\"},\"thumbnailUrl\":\"https:\/\/glareone.eu\/wp-content\/uploads\/2024\/04\/GlareOne-Prime-Boom-11-5.jpg\",\"datePublished\":\"2024-04-18T19:26:24+00:00\",\"dateModified\":\"2024-05-07T12:06:22+00:00\",\"description\":\"GlareOne Prime Boom - statyw typu boom\",\"breadcrumb\":{\"@id\":\"https:\/\/glareone.eu\/pl\/produkt\/glareone-prime-boom\/#breadcrumb\"},\"inLanguage\":\"pl-PL\",\"potentialAction\":[{\"@type\":\"ReadAction\",\"target\":[\"https:\/\/glareone.eu\/pl\/produkt\/glareone-prime-boom\/\"]}]},{\"@type\":\"ImageObject\",\"inLanguage\":\"pl-PL\",\"@id\":\"https:\/\/glareone.eu\/pl\/produkt\/glareone-prime-boom\/#primaryimage\",\"url\":\"https:\/\/glareone.eu\/wp-content\/uploads\/2024\/04\/GlareOne-Prime-Boom-11-5.jpg\",\"contentUrl\":\"https:\/\/glareone.eu\/wp-content\/uploads\/2024\/04\/GlareOne-Prime-Boom-11-5.jpg\",\"width\":1200,\"height\":1200},{\"@type\":\"BreadcrumbList\",\"@id\":\"https:\/\/glareone.eu\/pl\/produkt\/glareone-prime-boom\/#breadcrumb\",\"itemListElement\":[{\"@type\":\"ListItem\",\"position\":1,\"name\":\"Strona g\u0142\u00f3wna\",\"item\":\"https:\/\/glareone.eu\/pl\/\"},{\"@type\":\"ListItem\",\"position\":2,\"name\":\"Wszystkie produkty\",\"item\":\"https:\/\/glareone.eu\/pl\/produkty\/wszystkie-produkty\/\"},{\"@type\":\"ListItem\",\"position\":3,\"name\":\"GlareOne Prime Boom &#8211; statyw typu boom\"}]},{\"@type\":\"WebSite\",\"@id\":\"https:\/\/glareone.eu\/pl\/en\/#website\",\"url\":\"https:\/\/glareone.eu\/pl\/en\/\",\"name\":\"GlareOne\",\"description\":\"Wyposa\u017cenie Studia\",\"publisher\":{\"@id\":\"https:\/\/glareone.eu\/pl\/en\/#organization\"},\"potentialAction\":[{\"@type\":\"SearchAction\",\"target\":{\"@type\":\"EntryPoint\",\"urlTemplate\":\"https:\/\/glareone.eu\/pl\/en\/?s={search_term_string}\"},\"query-input\":{\"@type\":\"PropertyValueSpecification\",\"valueRequired\":true,\"valueName\":\"search_term_string\"}}],\"inLanguage\":\"pl-PL\"},{\"@type\":\"Organization\",\"@id\":\"https:\/\/glareone.eu\/pl\/en\/#organization\",\"name\":\"GlareOne\",\"url\":\"https:\/\/glareone.eu\/pl\/en\/\",\"logo\":{\"@type\":\"ImageObject\",\"inLanguage\":\"pl-PL\",\"@id\":\"https:\/\/glareone.eu\/pl\/en\/#\/schema\/logo\/image\/\",\"url\":\"http:\/\/glareone.eu\/wp-content\/uploads\/2024\/05\/glareone_logo2020_RGB-01-e1715773127189.png\",\"contentUrl\":\"http:\/\/glareone.eu\/wp-content\/uploads\/2024\/05\/glareone_logo2020_RGB-01-e1715773127189.png\",\"width\":1270,\"height\":321,\"caption\":\"GlareOne\"},\"image\":{\"@id\":\"https:\/\/glareone.eu\/pl\/en\/#\/schema\/logo\/image\/\"},\"sameAs\":[\"https:\/\/www.facebook.com\/GlareOneLighting\",\"https:\/\/www.instagram.com\/glareonelighting\/\",\"https:\/\/www.youtube.com\/@GlareOneTV\"]}]}<\/script>\n<!-- \/ Yoast SEO plugin. -->","yoast_head_json":{"title":"GlareOne Prime Boom - statyw typu boom","description":"GlareOne Prime Boom - statyw typu boom","robots":{"index":"index","follow":"follow","max-snippet":"max-snippet:-1","max-image-preview":"max-image-preview:large","max-video-preview":"max-video-preview:-1"},"canonical":"https:\/\/glareone.eu\/pl\/produkt\/glareone-prime-boom\/","og_locale":"pl_PL","og_type":"article","og_title":"GlareOne Prime Boom - statyw typu boom","og_description":"GlareOne Prime Boom - statyw typu boom","og_url":"https:\/\/glareone.eu\/pl\/produkt\/glareone-prime-boom\/","og_site_name":"GlareOne","article_publisher":"https:\/\/www.facebook.com\/GlareOneLighting","article_modified_time":"2024-05-07T12:06:22+00:00","og_image":[{"width":1200,"height":1200,"url":"https:\/\/glareone.eu\/wp-content\/uploads\/2024\/04\/GlareOne-Prime-Boom-11-5.jpg","type":"image\/jpeg"}],"twitter_card":"summary_large_image","twitter_title":"GlareOne Prime Boom - statyw typu boom","twitter_misc":{"Szacowany czas czytania":"2 minuty"},"schema":{"@context":"https:\/\/schema.org","@graph":[{"@type":"WebPage","@id":"https:\/\/glareone.eu\/pl\/produkt\/glareone-prime-boom\/","url":"https:\/\/glareone.eu\/pl\/produkt\/glareone-prime-boom\/","name":"GlareOne Prime Boom - statyw typu boom","isPartOf":{"@id":"https:\/\/glareone.eu\/pl\/en\/#website"},"primaryImageOfPage":{"@id":"https:\/\/glareone.eu\/pl\/produkt\/glareone-prime-boom\/#primaryimage"},"image":{"@id":"https:\/\/glareone.eu\/pl\/produkt\/glareone-prime-boom\/#primaryimage"},"thumbnailUrl":"https:\/\/glareone.eu\/wp-content\/uploads\/2024\/04\/GlareOne-Prime-Boom-11-5.jpg","datePublished":"2024-04-18T19:26:24+00:00","dateModified":"2024-05-07T12:06:22+00:00","description":"GlareOne Prime Boom - statyw typu boom","breadcrumb":{"@id":"https:\/\/glareone.eu\/pl\/produkt\/glareone-prime-boom\/#breadcrumb"},"inLanguage":"pl-PL","potentialAction":[{"@type":"ReadAction","target":["https:\/\/glareone.eu\/pl\/produkt\/glareone-prime-boom\/"]}]},{"@type":"ImageObject","inLanguage":"pl-PL","@id":"https:\/\/glareone.eu\/pl\/produkt\/glareone-prime-boom\/#primaryimage","url":"https:\/\/glareone.eu\/wp-content\/uploads\/2024\/04\/GlareOne-Prime-Boom-11-5.jpg","contentUrl":"https:\/\/glareone.eu\/wp-content\/uploads\/2024\/04\/GlareOne-Prime-Boom-11-5.jpg","width":1200,"height":1200},{"@type":"BreadcrumbList","@id":"https:\/\/glareone.eu\/pl\/produkt\/glareone-prime-boom\/#breadcrumb","itemListElement":[{"@type":"ListItem","position":1,"name":"Strona g\u0142\u00f3wna","item":"https:\/\/glareone.eu\/pl\/"},{"@type":"ListItem","position":2,"name":"Wszystkie produkty","item":"https:\/\/glareone.eu\/pl\/produkty\/wszystkie-produkty\/"},{"@type":"ListItem","position":3,"name":"GlareOne Prime Boom &#8211; statyw typu boom"}]},{"@type":"WebSite","@id":"https:\/\/glareone.eu\/pl\/en\/#website","url":"https:\/\/glareone.eu\/pl\/en\/","name":"GlareOne","description":"Wyposa\u017cenie Studia","publisher":{"@id":"https:\/\/glareone.eu\/pl\/en\/#organization"},"potentialAction":[{"@type":"SearchAction","target":{"@type":"EntryPoint","urlTemplate":"https:\/\/glareone.eu\/pl\/en\/?s={search_term_string}"},"query-input":{"@type":"PropertyValueSpecification","valueRequired":true,"valueName":"search_term_string"}}],"inLanguage":"pl-PL"},{"@type":"Organization","@id":"https:\/\/glareone.eu\/pl\/en\/#organization","name":"GlareOne","url":"https:\/\/glareone.eu\/pl\/en\/","logo":{"@type":"ImageObject","inLanguage":"pl-PL","@id":"https:\/\/glareone.eu\/pl\/en\/#\/schema\/logo\/image\/","url":"http:\/\/glareone.eu\/wp-content\/uploads\/2024\/05\/glareone_logo2020_RGB-01-e1715773127189.png","contentUrl":"http:\/\/glareone.eu\/wp-content\/uploads\/2024\/05\/glareone_logo2020_RGB-01-e1715773127189.png","width":1270,"height":321,"caption":"GlareOne"},"image":{"@id":"https:\/\/glareone.eu\/pl\/en\/#\/schema\/logo\/image\/"},"sameAs":["https:\/\/www.facebook.com\/GlareOneLighting","https:\/\/www.instagram.com\/glareonelighting\/","https:\/\/www.youtube.com\/@GlareOneTV"]}]}},"_links":{"self":[{"href":"https:\/\/glareone.eu\/pl\/wp-json\/wp\/v2\/product\/973","targetHints":{"allow":["GET"]}}],"collection":[{"href":"https:\/\/glareone.eu\/pl\/wp-json\/wp\/v2\/product"}],"about":[{"href":"https:\/\/glareone.eu\/pl\/wp-json\/wp\/v2\/types\/product"}],"wp:featuredmedia":[{"embeddable":true,"href":"https:\/\/glareone.eu\/pl\/wp-json\/wp\/v2\/media\/6619"}],"wp:attachment":[{"href":"https:\/\/glareone.eu\/pl\/wp-json\/wp\/v2\/media?parent=973"}],"wp:term":[{"taxonomy":"product_brand","embeddable":true,"href":"https:\/\/glareone.eu\/pl\/wp-json\/wp\/v2\/product_brand?post=973"},{"taxonomy":"product_cat","embeddable":true,"href":"https:\/\/glareone.eu\/pl\/wp-json\/wp\/v2\/product_cat?post=973"},{"taxonomy":"product_tag","embeddable":true,"href":"https:\/\/glareone.eu\/pl\/wp-json\/wp\/v2\/product_tag?post=973"}],"curies":[{"name":"wp","href":"https:\/\/api.w.org\/{rel}","templated":true}]}}