{"id":972,"date":"2024-04-18T19:26:24","date_gmt":"2024-04-18T19:26:24","guid":{"rendered":"http:\/\/glareone.eu\/produkt\/glareone-fatboy-boom-statyw-typu-c-stand\/"},"modified":"2024-05-07T12:08:48","modified_gmt":"2024-05-07T12:08:48","slug":"glareone-fatboy-boom-c-stand","status":"publish","type":"product","link":"https:\/\/glareone.eu\/pl\/produkt\/glareone-fatboy-boom-c-stand\/","title":{"rendered":"GlareOne Fatboy Boom &#8211; statyw typu c-stand"},"content":{"rendered":"<p>Stalowy statyw boom o du\u017cym ud\u017awigu.<\/p>\n<h3>Boom<\/h3>\n<p>Fatboy Boom jest wyposa\u017cony w mechanizm \u0142amania kolumny centralnej, kt\u00f3ry czyni z niego statyw 2w1. Gdy kolumna centralna pracuje w pionie, osi\u0105ga maksymaln\u0105 wysoko\u015b\u0107 315 cm. Natomiast gdy skorzystamy z mechanizmu jej \u0142amania, przeobra\u017ca si\u0119 w boom o du\u017cym ud\u017awigu. Tego rodzaju statyw powinien go\u015bci\u0107 w ka\u017cdym studiu fotograficznym i filmowym, poniewa\u017c pozwala on na bezpieczne umiejscowienie lampy nad planem zdj\u0119ciowym w celu uzyskania o\u015bwietlenia z g\u00f3ry. \u017buraw jest te\u017c przydatny, gdy lamp\u0119 trzeba powiesi\u0107 powy\u017cej aparatu lub kamery, co przy u\u017cyciu zwyk\u0142ego statywu mo\u017ce by\u0107 k\u0142opotliwe lub nawet niemo\u017cliwe.<\/p>\n<h3>Trwa\u0142o\u015b\u0107<\/h3>\n<p>Fatboy jest statywem wykonanym w ca\u0142o\u015bci z chromowanej stali nierdzewnej, zaprojektowanym z my\u015bl\u0105 o trwa\u0142o\u015bci i wytrzyma\u0142o\u015bci przez d\u0142ugie lata. Nale\u017cy on do grupy statyw\u00f3w typu C-Stand, kt\u00f3re od dziesi\u0119cioleci stanowi\u0105 standardowe wyposa\u017cenie na planach filmowych, telewizyjnych i fotograficznych.<\/p>\n<h3>Stabilno\u015b\u0107<\/h3>\n<p>Konstrukcja Fatboya charakteryzuje si\u0119 nisko po\u0142o\u017conym \u015brodkiem ci\u0119\u017cko\u015bci, co powoduje, \u017ce jest on bardzo stabilny, nawet gdy zamontujemy na nim lamp\u0119 z g\u0142\u0119bokim softboksem hexagonalnym. Kszta\u0142t n\u00f3g jest dostosowany do wieszania na nich dodatkowego balastu, kt\u00f3ry podnosi stabilno\u015b\u0107 ca\u0142ej konstrukcji. Nogi zako\u0144czone s\u0105 stopkami, kt\u00f3re maj\u0105 ogranicza\u0107 po\u015blizg na g\u0142adkich powierzchniach.<\/p>\n<h3>Ud\u017awig<\/h3>\n<p>Maksymalnie roz\u0142o\u017cona kolumna centralna Fatboya jest w stanie utrzyma\u0107 obci\u0105\u017cenia si\u0119gaj\u0105ce 20 kg. Tak wielki ud\u017awig pozwala swobodnie pracowa\u0107 nawet z bardzo du\u017cymi softboxami o \u015brednicy 150 cm lub du\u017cymi parasolami.<\/p>\n<h3>Cechy produktu:<\/h3>\n<ul>\n<li>Statyw wykonany z chromowanej stali nierdzewnej.<\/li>\n<li>Dzi\u0119ki \u0142amanej kolumnie centralnej mo\u017ce pracowa\u0107 jako boom.<\/li>\n<li>Ergonomicznie wyprofilowane pokr\u0119t\u0142a zaciskowe.<\/li>\n<li>Gumowane ko\u0144c\u00f3wki n\u00f3g dla lepszej przyczepno\u015b\u0107 na g\u0142adkich powierzchniach.<\/li>\n<li>Osi\u0105ga 315 cm wysoko\u015bci maksymalnej.<\/li>\n<li>Rami\u0119 boomu ma 125 cm.<\/li>\n<li>Trzepie\u0144 monta\u017cowy jest wykonany tak, aby zapobiega\u0107 obracaniu si\u0119 lamp.<\/li>\n<li>Mo\u017ce by\u0107 doposa\u017cony w k\u00f3\u0142ka.<\/li>\n<li>Daje si\u0119 z\u0142o\u017cy\u0107 \u201cna p\u0142asko\u201d.<\/li>\n<li>Ud\u017awig do 20 kg.<\/li>\n<li>Dostarczany w zestawie z torb\u0105 na przeciwwag\u0119.<\/li>\n<\/ul>\n","protected":false},"excerpt":{"rendered":"<p>Stalowy statyw boom o du\u017cym ud\u017awigu. Boom Fatboy Boom jest wyposa\u017cony w mechanizm \u0142amania kolumny centralnej, kt\u00f3ry czyni z niego statyw 2w1. Gdy kolumna centralna pracuje w pionie, osi\u0105ga maksymaln\u0105 wysoko\u015b\u0107 315 cm. Natomiast gdy skorzystamy z mechanizmu jej \u0142amania, przeobra\u017ca si\u0119 w boom o du\u017cym ud\u017awigu. Tego rodzaju statyw powinien go\u015bci\u0107 w ka\u017cdym studiu [&hellip;]<\/p>\n","protected":false},"featured_media":4448,"template":"","meta":[],"product_brand":[],"product_cat":[475],"product_tag":[],"class_list":{"0":"post-972","1":"product","2":"type-product","3":"status-publish","4":"has-post-thumbnail","6":"product_cat-c-stand","8":"first","9":"instock","10":"product-type-simple"},"yoast_head":"<!-- This site is optimized with the Yoast SEO plugin v27.2 - https:\/\/yoast.com\/product\/yoast-seo-wordpress\/ -->\n<title>GlareOne Fatboy Boom - statyw typu c-stand<\/title>\n<meta name=\"description\" content=\"GlareOne Fatboy Boom - statyw typu c-stand\" \/>\n<meta name=\"robots\" content=\"index, follow, max-snippet:-1, max-image-preview:large, max-video-preview:-1\" \/>\n<link rel=\"canonical\" href=\"https:\/\/glareone.eu\/pl\/produkt\/glareone-fatboy-boom-c-stand\/\" \/>\n<meta property=\"og:locale\" content=\"pl_PL\" \/>\n<meta property=\"og:type\" content=\"article\" \/>\n<meta property=\"og:title\" content=\"GlareOne Fatboy Boom - statyw typu c-stand\" \/>\n<meta property=\"og:description\" content=\"GlareOne Fatboy Boom - statyw typu c-stand\" \/>\n<meta property=\"og:url\" content=\"https:\/\/glareone.eu\/pl\/produkt\/glareone-fatboy-boom-c-stand\/\" \/>\n<meta property=\"og:site_name\" content=\"GlareOne\" \/>\n<meta property=\"article:publisher\" content=\"https:\/\/www.facebook.com\/GlareOneLighting\" \/>\n<meta property=\"article:modified_time\" content=\"2024-05-07T12:08:48+00:00\" \/>\n<meta property=\"og:image\" content=\"https:\/\/glareone.eu\/wp-content\/uploads\/2024\/04\/GlareOne-Fatboy-Boom-16.jpg\" \/>\n\t<meta property=\"og:image:width\" content=\"1200\" \/>\n\t<meta property=\"og:image:height\" content=\"1200\" \/>\n\t<meta property=\"og:image:type\" content=\"image\/jpeg\" \/>\n<meta name=\"twitter:card\" content=\"summary_large_image\" \/>\n<meta name=\"twitter:title\" content=\"GlareOne Fatboy Boom - statyw typu c-stand\" \/>\n<meta name=\"twitter:label1\" content=\"Szacowany czas czytania\" \/>\n\t<meta name=\"twitter:data1\" content=\"2 minuty\" \/>\n<script type=\"application\/ld+json\" class=\"yoast-schema-graph\">{\"@context\":\"https:\/\/schema.org\",\"@graph\":[{\"@type\":\"WebPage\",\"@id\":\"https:\/\/glareone.eu\/pl\/produkt\/glareone-fatboy-boom-c-stand\/\",\"url\":\"https:\/\/glareone.eu\/pl\/produkt\/glareone-fatboy-boom-c-stand\/\",\"name\":\"GlareOne Fatboy Boom - statyw typu c-stand\",\"isPartOf\":{\"@id\":\"https:\/\/glareone.eu\/pl\/en\/#website\"},\"primaryImageOfPage\":{\"@id\":\"https:\/\/glareone.eu\/pl\/produkt\/glareone-fatboy-boom-c-stand\/#primaryimage\"},\"image\":{\"@id\":\"https:\/\/glareone.eu\/pl\/produkt\/glareone-fatboy-boom-c-stand\/#primaryimage\"},\"thumbnailUrl\":\"https:\/\/glareone.eu\/wp-content\/uploads\/2024\/04\/GlareOne-Fatboy-Boom-16.jpg\",\"datePublished\":\"2024-04-18T19:26:24+00:00\",\"dateModified\":\"2024-05-07T12:08:48+00:00\",\"description\":\"GlareOne Fatboy Boom - statyw typu c-stand\",\"breadcrumb\":{\"@id\":\"https:\/\/glareone.eu\/pl\/produkt\/glareone-fatboy-boom-c-stand\/#breadcrumb\"},\"inLanguage\":\"pl-PL\",\"potentialAction\":[{\"@type\":\"ReadAction\",\"target\":[\"https:\/\/glareone.eu\/pl\/produkt\/glareone-fatboy-boom-c-stand\/\"]}]},{\"@type\":\"ImageObject\",\"inLanguage\":\"pl-PL\",\"@id\":\"https:\/\/glareone.eu\/pl\/produkt\/glareone-fatboy-boom-c-stand\/#primaryimage\",\"url\":\"https:\/\/glareone.eu\/wp-content\/uploads\/2024\/04\/GlareOne-Fatboy-Boom-16.jpg\",\"contentUrl\":\"https:\/\/glareone.eu\/wp-content\/uploads\/2024\/04\/GlareOne-Fatboy-Boom-16.jpg\",\"width\":1200,\"height\":1200},{\"@type\":\"BreadcrumbList\",\"@id\":\"https:\/\/glareone.eu\/pl\/produkt\/glareone-fatboy-boom-c-stand\/#breadcrumb\",\"itemListElement\":[{\"@type\":\"ListItem\",\"position\":1,\"name\":\"Strona g\u0142\u00f3wna\",\"item\":\"https:\/\/glareone.eu\/pl\/\"},{\"@type\":\"ListItem\",\"position\":2,\"name\":\"Wszystkie produkty\",\"item\":\"https:\/\/glareone.eu\/pl\/produkty\/wszystkie-produkty\/\"},{\"@type\":\"ListItem\",\"position\":3,\"name\":\"GlareOne Fatboy Boom &#8211; statyw typu c-stand\"}]},{\"@type\":\"WebSite\",\"@id\":\"https:\/\/glareone.eu\/pl\/en\/#website\",\"url\":\"https:\/\/glareone.eu\/pl\/en\/\",\"name\":\"GlareOne\",\"description\":\"Wyposa\u017cenie Studia\",\"publisher\":{\"@id\":\"https:\/\/glareone.eu\/pl\/en\/#organization\"},\"potentialAction\":[{\"@type\":\"SearchAction\",\"target\":{\"@type\":\"EntryPoint\",\"urlTemplate\":\"https:\/\/glareone.eu\/pl\/en\/?s={search_term_string}\"},\"query-input\":{\"@type\":\"PropertyValueSpecification\",\"valueRequired\":true,\"valueName\":\"search_term_string\"}}],\"inLanguage\":\"pl-PL\"},{\"@type\":\"Organization\",\"@id\":\"https:\/\/glareone.eu\/pl\/en\/#organization\",\"name\":\"GlareOne\",\"url\":\"https:\/\/glareone.eu\/pl\/en\/\",\"logo\":{\"@type\":\"ImageObject\",\"inLanguage\":\"pl-PL\",\"@id\":\"https:\/\/glareone.eu\/pl\/en\/#\/schema\/logo\/image\/\",\"url\":\"http:\/\/glareone.eu\/wp-content\/uploads\/2024\/05\/glareone_logo2020_RGB-01-e1715773127189.png\",\"contentUrl\":\"http:\/\/glareone.eu\/wp-content\/uploads\/2024\/05\/glareone_logo2020_RGB-01-e1715773127189.png\",\"width\":1270,\"height\":321,\"caption\":\"GlareOne\"},\"image\":{\"@id\":\"https:\/\/glareone.eu\/pl\/en\/#\/schema\/logo\/image\/\"},\"sameAs\":[\"https:\/\/www.facebook.com\/GlareOneLighting\",\"https:\/\/www.instagram.com\/glareonelighting\/\",\"https:\/\/www.youtube.com\/@GlareOneTV\"]}]}<\/script>\n<!-- \/ Yoast SEO plugin. -->","yoast_head_json":{"title":"GlareOne Fatboy Boom - statyw typu c-stand","description":"GlareOne Fatboy Boom - statyw typu c-stand","robots":{"index":"index","follow":"follow","max-snippet":"max-snippet:-1","max-image-preview":"max-image-preview:large","max-video-preview":"max-video-preview:-1"},"canonical":"https:\/\/glareone.eu\/pl\/produkt\/glareone-fatboy-boom-c-stand\/","og_locale":"pl_PL","og_type":"article","og_title":"GlareOne Fatboy Boom - statyw typu c-stand","og_description":"GlareOne Fatboy Boom - statyw typu c-stand","og_url":"https:\/\/glareone.eu\/pl\/produkt\/glareone-fatboy-boom-c-stand\/","og_site_name":"GlareOne","article_publisher":"https:\/\/www.facebook.com\/GlareOneLighting","article_modified_time":"2024-05-07T12:08:48+00:00","og_image":[{"width":1200,"height":1200,"url":"https:\/\/glareone.eu\/wp-content\/uploads\/2024\/04\/GlareOne-Fatboy-Boom-16.jpg","type":"image\/jpeg"}],"twitter_card":"summary_large_image","twitter_title":"GlareOne Fatboy Boom - statyw typu c-stand","twitter_misc":{"Szacowany czas czytania":"2 minuty"},"schema":{"@context":"https:\/\/schema.org","@graph":[{"@type":"WebPage","@id":"https:\/\/glareone.eu\/pl\/produkt\/glareone-fatboy-boom-c-stand\/","url":"https:\/\/glareone.eu\/pl\/produkt\/glareone-fatboy-boom-c-stand\/","name":"GlareOne Fatboy Boom - statyw typu c-stand","isPartOf":{"@id":"https:\/\/glareone.eu\/pl\/en\/#website"},"primaryImageOfPage":{"@id":"https:\/\/glareone.eu\/pl\/produkt\/glareone-fatboy-boom-c-stand\/#primaryimage"},"image":{"@id":"https:\/\/glareone.eu\/pl\/produkt\/glareone-fatboy-boom-c-stand\/#primaryimage"},"thumbnailUrl":"https:\/\/glareone.eu\/wp-content\/uploads\/2024\/04\/GlareOne-Fatboy-Boom-16.jpg","datePublished":"2024-04-18T19:26:24+00:00","dateModified":"2024-05-07T12:08:48+00:00","description":"GlareOne Fatboy Boom - statyw typu c-stand","breadcrumb":{"@id":"https:\/\/glareone.eu\/pl\/produkt\/glareone-fatboy-boom-c-stand\/#breadcrumb"},"inLanguage":"pl-PL","potentialAction":[{"@type":"ReadAction","target":["https:\/\/glareone.eu\/pl\/produkt\/glareone-fatboy-boom-c-stand\/"]}]},{"@type":"ImageObject","inLanguage":"pl-PL","@id":"https:\/\/glareone.eu\/pl\/produkt\/glareone-fatboy-boom-c-stand\/#primaryimage","url":"https:\/\/glareone.eu\/wp-content\/uploads\/2024\/04\/GlareOne-Fatboy-Boom-16.jpg","contentUrl":"https:\/\/glareone.eu\/wp-content\/uploads\/2024\/04\/GlareOne-Fatboy-Boom-16.jpg","width":1200,"height":1200},{"@type":"BreadcrumbList","@id":"https:\/\/glareone.eu\/pl\/produkt\/glareone-fatboy-boom-c-stand\/#breadcrumb","itemListElement":[{"@type":"ListItem","position":1,"name":"Strona g\u0142\u00f3wna","item":"https:\/\/glareone.eu\/pl\/"},{"@type":"ListItem","position":2,"name":"Wszystkie produkty","item":"https:\/\/glareone.eu\/pl\/produkty\/wszystkie-produkty\/"},{"@type":"ListItem","position":3,"name":"GlareOne Fatboy Boom &#8211; statyw typu c-stand"}]},{"@type":"WebSite","@id":"https:\/\/glareone.eu\/pl\/en\/#website","url":"https:\/\/glareone.eu\/pl\/en\/","name":"GlareOne","description":"Wyposa\u017cenie Studia","publisher":{"@id":"https:\/\/glareone.eu\/pl\/en\/#organization"},"potentialAction":[{"@type":"SearchAction","target":{"@type":"EntryPoint","urlTemplate":"https:\/\/glareone.eu\/pl\/en\/?s={search_term_string}"},"query-input":{"@type":"PropertyValueSpecification","valueRequired":true,"valueName":"search_term_string"}}],"inLanguage":"pl-PL"},{"@type":"Organization","@id":"https:\/\/glareone.eu\/pl\/en\/#organization","name":"GlareOne","url":"https:\/\/glareone.eu\/pl\/en\/","logo":{"@type":"ImageObject","inLanguage":"pl-PL","@id":"https:\/\/glareone.eu\/pl\/en\/#\/schema\/logo\/image\/","url":"http:\/\/glareone.eu\/wp-content\/uploads\/2024\/05\/glareone_logo2020_RGB-01-e1715773127189.png","contentUrl":"http:\/\/glareone.eu\/wp-content\/uploads\/2024\/05\/glareone_logo2020_RGB-01-e1715773127189.png","width":1270,"height":321,"caption":"GlareOne"},"image":{"@id":"https:\/\/glareone.eu\/pl\/en\/#\/schema\/logo\/image\/"},"sameAs":["https:\/\/www.facebook.com\/GlareOneLighting","https:\/\/www.instagram.com\/glareonelighting\/","https:\/\/www.youtube.com\/@GlareOneTV"]}]}},"_links":{"self":[{"href":"https:\/\/glareone.eu\/pl\/wp-json\/wp\/v2\/product\/972","targetHints":{"allow":["GET"]}}],"collection":[{"href":"https:\/\/glareone.eu\/pl\/wp-json\/wp\/v2\/product"}],"about":[{"href":"https:\/\/glareone.eu\/pl\/wp-json\/wp\/v2\/types\/product"}],"wp:featuredmedia":[{"embeddable":true,"href":"https:\/\/glareone.eu\/pl\/wp-json\/wp\/v2\/media\/4448"}],"wp:attachment":[{"href":"https:\/\/glareone.eu\/pl\/wp-json\/wp\/v2\/media?parent=972"}],"wp:term":[{"taxonomy":"product_brand","embeddable":true,"href":"https:\/\/glareone.eu\/pl\/wp-json\/wp\/v2\/product_brand?post=972"},{"taxonomy":"product_cat","embeddable":true,"href":"https:\/\/glareone.eu\/pl\/wp-json\/wp\/v2\/product_cat?post=972"},{"taxonomy":"product_tag","embeddable":true,"href":"https:\/\/glareone.eu\/pl\/wp-json\/wp\/v2\/product_tag?post=972"}],"curies":[{"name":"wp","href":"https:\/\/api.w.org\/{rel}","templated":true}]}}