{"id":971,"date":"2024-04-18T19:26:24","date_gmt":"2024-04-18T19:26:24","guid":{"rendered":"http:\/\/glareone.eu\/produkt\/glareone-fatboy-statyw-typu-c-stand\/"},"modified":"2024-05-07T12:08:52","modified_gmt":"2024-05-07T12:08:52","slug":"glareone-fatboy-c-stand","status":"publish","type":"product","link":"https:\/\/glareone.eu\/pl\/produkt\/glareone-fatboy-c-stand\/","title":{"rendered":"GlareOne Fatboy &#8211; statyw typu c-stand"},"content":{"rendered":"<p>Stalowy statyw o du\u017cym ud\u017awigu, wyposa\u017cony w dwa uchwyty, rami\u0119 oraz regulowan\u0105 wysoko\u015b\u0107\u00a0 nogi.<\/p>\n<h3>Trwa\u0142o\u015b\u0107<\/h3>\n<p>Fatboy jest statywem wykonanym w ca\u0142o\u015bci z chromowanej stali nierdzewnej, zaprojektowanym z my\u015bl\u0105 o trwa\u0142o\u015bci i wytrzyma\u0142o\u015bci przez d\u0142ugie lata. Nale\u017cy on do grupy statyw\u00f3w typu C-Stand, kt\u00f3re od dziesi\u0119cioleci stanowi\u0105 standardowe wyposa\u017cenie na planach filmowych, telewizyjnych i fotograficznych.<\/p>\n<h3>Stabilno\u015b\u0107<\/h3>\n<p>Konstrukcja Fatboya charakteryzuje si\u0119 nisko po\u0142o\u017conym \u015brodkiem ci\u0119\u017cko\u015bci, co powoduje, \u017ce jest on bardzo stabilny, nawet gdy zamontujemy na nim lamp\u0119 z g\u0142\u0119bokim softboxem hexagonalnym. Kszta\u0142t n\u00f3g jest dostosowany do wieszania na nich dodatkowego balastu, kt\u00f3ry podnosi stabilno\u015b\u0107 ca\u0142ej konstrukcji. Nogi zako\u0144czone s\u0105 stopkami ograniczaj\u0105cymi po\u015blizg na g\u0142adkich powierzchniach.<\/p>\n<h3>Ud\u017awig<\/h3>\n<p>Maksymalnie roz\u0142o\u017cona kolumna centralna Fatboya jest w stanie utrzyma\u0107 obci\u0105\u017cenia si\u0119gaj\u0105ce 20 kg. Tak wielki ud\u017awig pozwala swobodnie pracowa\u0107 nawet z bardzo du\u017cymi softboxami o \u015brednicy 150 cm lub du\u017cymi parasolami.<\/p>\n<h3>G\u00f3rska noga<\/h3>\n<p>Po\u0142o\u017cenie jednej z n\u00f3g statywu daje si\u0119 regulowa\u0107, a to sprawia, \u017ce mo\u017cna go rozstawia\u0107 w miejscach, w kt\u00f3rych zwyk\u0142e statywy nie mog\u0142yby sta\u0107 bezpiecznie. Mechanizm tzw. g\u00f3rskiej nogi powoduje, \u017ce Fatboya \u0142atwo jest postawi\u0107 na schodach lub na pochy\u0142ym pod\u0142o\u017cu.<\/p>\n<h3>Fajka<\/h3>\n<p>Fatboy jest fabrycznie wyposa\u017cony w rami\u0119, kt\u00f3re pozwala na kreatywn\u0105 prac\u0119 z lampami, poniewa\u017c u\u0142atwia ich umieszczanie poza osi\u0105 statywu, np. powy\u017cej aparatu lub planu zdj\u0119ciowego. Ko\u0144c\u00f3wki fajki &#8211; bo tak \u017cargonowo okre\u015bla si\u0119 rami\u0119 tego statywu &#8211; s\u0105 ryflowane i podci\u0119te w taki spos\u00f3b, aby ograniczy\u0107 mo\u017cliwo\u015b\u0107 obracania si\u0119 lampy i jej opadania. Rami\u0119 mo\u017ce tak\u017ce pos\u0142u\u017cy\u0107 za niewielki wysi\u0119gnik typu boom.<\/p>\n<h3>G\u0142owica<\/h3>\n<p>Fatboy T jest wyekwipowany w zestaw dw\u00f3ch wysokiej jako\u015bci g\u0142owic, kt\u00f3re s\u0142u\u017c\u0105 do mocowania fajki do kolumny centralnej i r\u00f3\u017cnego rodzaju akcesori\u00f3w, takich jak blendy, flagi czy zastawki. G\u0142owice Fatboya T charakteryzuj\u0105 si\u0119 \u0142o\u017cyskowanymi i ergonomicznie wyprofilowanymi pokr\u0119t\u0142ami zaciskowymi.<\/p>\n<h3>Cechy produktu:<\/h3>\n<ul>\n<li>Statyw wykonany z chromowanej stali nierdzewnej.<\/li>\n<li>Dostarczany w zestawie z ramieniem i dwiema g\u0142owicami.<\/li>\n<li>Regulacja wysoko\u015bci jednej z n\u00f3g.<\/li>\n<li>Ergonomicznie wyprofilowane pokr\u0119t\u0142a zaciskowe.<\/li>\n<li>Gumowane ko\u0144c\u00f3wki n\u00f3g dla lepszej przyczepno\u015b\u0107 na g\u0142adkich powierzchniach.<\/li>\n<li>Osi\u0105ga 320 cm wysoko\u015bci maksymalnej.<\/li>\n<li>Mo\u017ce by\u0107 doposa\u017cony w k\u00f3\u0142ka.<\/li>\n<li>Daje si\u0119 z\u0142o\u017cy\u0107 \u201cna p\u0142asko\u201d.<\/li>\n<li>Ud\u017awig do 20 kg.<\/li>\n<\/ul>\n","protected":false},"excerpt":{"rendered":"<p>Stalowy statyw o du\u017cym ud\u017awigu, wyposa\u017cony w dwa uchwyty, rami\u0119 oraz regulowan\u0105 wysoko\u015b\u0107\u00a0 nogi. Trwa\u0142o\u015b\u0107 Fatboy jest statywem wykonanym w ca\u0142o\u015bci z chromowanej stali nierdzewnej, zaprojektowanym z my\u015bl\u0105 o trwa\u0142o\u015bci i wytrzyma\u0142o\u015bci przez d\u0142ugie lata. Nale\u017cy on do grupy statyw\u00f3w typu C-Stand, kt\u00f3re od dziesi\u0119cioleci stanowi\u0105 standardowe wyposa\u017cenie na planach filmowych, telewizyjnych i fotograficznych. Stabilno\u015b\u0107 [&hellip;]<\/p>\n","protected":false},"featured_media":4395,"template":"","meta":[],"product_brand":[],"product_cat":[475],"product_tag":[],"class_list":{"0":"post-971","1":"product","2":"type-product","3":"status-publish","4":"has-post-thumbnail","6":"product_cat-c-stand","8":"first","9":"instock","10":"product-type-simple"},"yoast_head":"<!-- This site is optimized with the Yoast SEO plugin v27.2 - https:\/\/yoast.com\/product\/yoast-seo-wordpress\/ -->\n<title>GlareOne Fatboy - statyw typu c-stand<\/title>\n<meta name=\"description\" content=\"GlareOne Fatboy - statyw typu c-stand\" \/>\n<meta name=\"robots\" content=\"index, follow, max-snippet:-1, max-image-preview:large, max-video-preview:-1\" \/>\n<link rel=\"canonical\" href=\"https:\/\/glareone.eu\/pl\/produkt\/glareone-fatboy-c-stand\/\" \/>\n<meta property=\"og:locale\" content=\"pl_PL\" \/>\n<meta property=\"og:type\" content=\"article\" \/>\n<meta property=\"og:title\" content=\"GlareOne Fatboy - statyw typu c-stand\" \/>\n<meta property=\"og:description\" content=\"GlareOne Fatboy - statyw typu c-stand\" \/>\n<meta property=\"og:url\" content=\"https:\/\/glareone.eu\/pl\/produkt\/glareone-fatboy-c-stand\/\" \/>\n<meta property=\"og:site_name\" content=\"GlareOne\" \/>\n<meta property=\"article:publisher\" content=\"https:\/\/www.facebook.com\/GlareOneLighting\" \/>\n<meta property=\"article:modified_time\" content=\"2024-05-07T12:08:52+00:00\" \/>\n<meta property=\"og:image\" content=\"https:\/\/glareone.eu\/wp-content\/uploads\/2024\/04\/GlareOne-Fatboy-17-1.jpg\" \/>\n\t<meta property=\"og:image:width\" content=\"1200\" \/>\n\t<meta property=\"og:image:height\" content=\"1200\" \/>\n\t<meta property=\"og:image:type\" content=\"image\/jpeg\" \/>\n<meta name=\"twitter:card\" content=\"summary_large_image\" \/>\n<meta name=\"twitter:title\" content=\"GlareOne Fatboy - statyw typu c-stand\" \/>\n<meta name=\"twitter:label1\" content=\"Szacowany czas czytania\" \/>\n\t<meta name=\"twitter:data1\" content=\"3 minuty\" \/>\n<script type=\"application\/ld+json\" class=\"yoast-schema-graph\">{\"@context\":\"https:\/\/schema.org\",\"@graph\":[{\"@type\":\"WebPage\",\"@id\":\"https:\/\/glareone.eu\/pl\/produkt\/glareone-fatboy-c-stand\/\",\"url\":\"https:\/\/glareone.eu\/pl\/produkt\/glareone-fatboy-c-stand\/\",\"name\":\"GlareOne Fatboy - statyw typu c-stand\",\"isPartOf\":{\"@id\":\"https:\/\/glareone.eu\/pl\/en\/#website\"},\"primaryImageOfPage\":{\"@id\":\"https:\/\/glareone.eu\/pl\/produkt\/glareone-fatboy-c-stand\/#primaryimage\"},\"image\":{\"@id\":\"https:\/\/glareone.eu\/pl\/produkt\/glareone-fatboy-c-stand\/#primaryimage\"},\"thumbnailUrl\":\"https:\/\/glareone.eu\/wp-content\/uploads\/2024\/04\/GlareOne-Fatboy-17-1.jpg\",\"datePublished\":\"2024-04-18T19:26:24+00:00\",\"dateModified\":\"2024-05-07T12:08:52+00:00\",\"description\":\"GlareOne Fatboy - statyw typu c-stand\",\"breadcrumb\":{\"@id\":\"https:\/\/glareone.eu\/pl\/produkt\/glareone-fatboy-c-stand\/#breadcrumb\"},\"inLanguage\":\"pl-PL\",\"potentialAction\":[{\"@type\":\"ReadAction\",\"target\":[\"https:\/\/glareone.eu\/pl\/produkt\/glareone-fatboy-c-stand\/\"]}]},{\"@type\":\"ImageObject\",\"inLanguage\":\"pl-PL\",\"@id\":\"https:\/\/glareone.eu\/pl\/produkt\/glareone-fatboy-c-stand\/#primaryimage\",\"url\":\"https:\/\/glareone.eu\/wp-content\/uploads\/2024\/04\/GlareOne-Fatboy-17-1.jpg\",\"contentUrl\":\"https:\/\/glareone.eu\/wp-content\/uploads\/2024\/04\/GlareOne-Fatboy-17-1.jpg\",\"width\":1200,\"height\":1200},{\"@type\":\"BreadcrumbList\",\"@id\":\"https:\/\/glareone.eu\/pl\/produkt\/glareone-fatboy-c-stand\/#breadcrumb\",\"itemListElement\":[{\"@type\":\"ListItem\",\"position\":1,\"name\":\"Strona g\u0142\u00f3wna\",\"item\":\"https:\/\/glareone.eu\/pl\/\"},{\"@type\":\"ListItem\",\"position\":2,\"name\":\"Wszystkie produkty\",\"item\":\"https:\/\/glareone.eu\/pl\/produkty\/wszystkie-produkty\/\"},{\"@type\":\"ListItem\",\"position\":3,\"name\":\"GlareOne Fatboy &#8211; statyw typu c-stand\"}]},{\"@type\":\"WebSite\",\"@id\":\"https:\/\/glareone.eu\/pl\/en\/#website\",\"url\":\"https:\/\/glareone.eu\/pl\/en\/\",\"name\":\"GlareOne\",\"description\":\"Wyposa\u017cenie Studia\",\"publisher\":{\"@id\":\"https:\/\/glareone.eu\/pl\/en\/#organization\"},\"potentialAction\":[{\"@type\":\"SearchAction\",\"target\":{\"@type\":\"EntryPoint\",\"urlTemplate\":\"https:\/\/glareone.eu\/pl\/en\/?s={search_term_string}\"},\"query-input\":{\"@type\":\"PropertyValueSpecification\",\"valueRequired\":true,\"valueName\":\"search_term_string\"}}],\"inLanguage\":\"pl-PL\"},{\"@type\":\"Organization\",\"@id\":\"https:\/\/glareone.eu\/pl\/en\/#organization\",\"name\":\"GlareOne\",\"url\":\"https:\/\/glareone.eu\/pl\/en\/\",\"logo\":{\"@type\":\"ImageObject\",\"inLanguage\":\"pl-PL\",\"@id\":\"https:\/\/glareone.eu\/pl\/en\/#\/schema\/logo\/image\/\",\"url\":\"http:\/\/glareone.eu\/wp-content\/uploads\/2024\/05\/glareone_logo2020_RGB-01-e1715773127189.png\",\"contentUrl\":\"http:\/\/glareone.eu\/wp-content\/uploads\/2024\/05\/glareone_logo2020_RGB-01-e1715773127189.png\",\"width\":1270,\"height\":321,\"caption\":\"GlareOne\"},\"image\":{\"@id\":\"https:\/\/glareone.eu\/pl\/en\/#\/schema\/logo\/image\/\"},\"sameAs\":[\"https:\/\/www.facebook.com\/GlareOneLighting\",\"https:\/\/www.instagram.com\/glareonelighting\/\",\"https:\/\/www.youtube.com\/@GlareOneTV\"]}]}<\/script>\n<!-- \/ Yoast SEO plugin. -->","yoast_head_json":{"title":"GlareOne Fatboy - statyw typu c-stand","description":"GlareOne Fatboy - statyw typu c-stand","robots":{"index":"index","follow":"follow","max-snippet":"max-snippet:-1","max-image-preview":"max-image-preview:large","max-video-preview":"max-video-preview:-1"},"canonical":"https:\/\/glareone.eu\/pl\/produkt\/glareone-fatboy-c-stand\/","og_locale":"pl_PL","og_type":"article","og_title":"GlareOne Fatboy - statyw typu c-stand","og_description":"GlareOne Fatboy - statyw typu c-stand","og_url":"https:\/\/glareone.eu\/pl\/produkt\/glareone-fatboy-c-stand\/","og_site_name":"GlareOne","article_publisher":"https:\/\/www.facebook.com\/GlareOneLighting","article_modified_time":"2024-05-07T12:08:52+00:00","og_image":[{"width":1200,"height":1200,"url":"https:\/\/glareone.eu\/wp-content\/uploads\/2024\/04\/GlareOne-Fatboy-17-1.jpg","type":"image\/jpeg"}],"twitter_card":"summary_large_image","twitter_title":"GlareOne Fatboy - statyw typu c-stand","twitter_misc":{"Szacowany czas czytania":"3 minuty"},"schema":{"@context":"https:\/\/schema.org","@graph":[{"@type":"WebPage","@id":"https:\/\/glareone.eu\/pl\/produkt\/glareone-fatboy-c-stand\/","url":"https:\/\/glareone.eu\/pl\/produkt\/glareone-fatboy-c-stand\/","name":"GlareOne Fatboy - statyw typu c-stand","isPartOf":{"@id":"https:\/\/glareone.eu\/pl\/en\/#website"},"primaryImageOfPage":{"@id":"https:\/\/glareone.eu\/pl\/produkt\/glareone-fatboy-c-stand\/#primaryimage"},"image":{"@id":"https:\/\/glareone.eu\/pl\/produkt\/glareone-fatboy-c-stand\/#primaryimage"},"thumbnailUrl":"https:\/\/glareone.eu\/wp-content\/uploads\/2024\/04\/GlareOne-Fatboy-17-1.jpg","datePublished":"2024-04-18T19:26:24+00:00","dateModified":"2024-05-07T12:08:52+00:00","description":"GlareOne Fatboy - statyw typu c-stand","breadcrumb":{"@id":"https:\/\/glareone.eu\/pl\/produkt\/glareone-fatboy-c-stand\/#breadcrumb"},"inLanguage":"pl-PL","potentialAction":[{"@type":"ReadAction","target":["https:\/\/glareone.eu\/pl\/produkt\/glareone-fatboy-c-stand\/"]}]},{"@type":"ImageObject","inLanguage":"pl-PL","@id":"https:\/\/glareone.eu\/pl\/produkt\/glareone-fatboy-c-stand\/#primaryimage","url":"https:\/\/glareone.eu\/wp-content\/uploads\/2024\/04\/GlareOne-Fatboy-17-1.jpg","contentUrl":"https:\/\/glareone.eu\/wp-content\/uploads\/2024\/04\/GlareOne-Fatboy-17-1.jpg","width":1200,"height":1200},{"@type":"BreadcrumbList","@id":"https:\/\/glareone.eu\/pl\/produkt\/glareone-fatboy-c-stand\/#breadcrumb","itemListElement":[{"@type":"ListItem","position":1,"name":"Strona g\u0142\u00f3wna","item":"https:\/\/glareone.eu\/pl\/"},{"@type":"ListItem","position":2,"name":"Wszystkie produkty","item":"https:\/\/glareone.eu\/pl\/produkty\/wszystkie-produkty\/"},{"@type":"ListItem","position":3,"name":"GlareOne Fatboy &#8211; statyw typu c-stand"}]},{"@type":"WebSite","@id":"https:\/\/glareone.eu\/pl\/en\/#website","url":"https:\/\/glareone.eu\/pl\/en\/","name":"GlareOne","description":"Wyposa\u017cenie Studia","publisher":{"@id":"https:\/\/glareone.eu\/pl\/en\/#organization"},"potentialAction":[{"@type":"SearchAction","target":{"@type":"EntryPoint","urlTemplate":"https:\/\/glareone.eu\/pl\/en\/?s={search_term_string}"},"query-input":{"@type":"PropertyValueSpecification","valueRequired":true,"valueName":"search_term_string"}}],"inLanguage":"pl-PL"},{"@type":"Organization","@id":"https:\/\/glareone.eu\/pl\/en\/#organization","name":"GlareOne","url":"https:\/\/glareone.eu\/pl\/en\/","logo":{"@type":"ImageObject","inLanguage":"pl-PL","@id":"https:\/\/glareone.eu\/pl\/en\/#\/schema\/logo\/image\/","url":"http:\/\/glareone.eu\/wp-content\/uploads\/2024\/05\/glareone_logo2020_RGB-01-e1715773127189.png","contentUrl":"http:\/\/glareone.eu\/wp-content\/uploads\/2024\/05\/glareone_logo2020_RGB-01-e1715773127189.png","width":1270,"height":321,"caption":"GlareOne"},"image":{"@id":"https:\/\/glareone.eu\/pl\/en\/#\/schema\/logo\/image\/"},"sameAs":["https:\/\/www.facebook.com\/GlareOneLighting","https:\/\/www.instagram.com\/glareonelighting\/","https:\/\/www.youtube.com\/@GlareOneTV"]}]}},"_links":{"self":[{"href":"https:\/\/glareone.eu\/pl\/wp-json\/wp\/v2\/product\/971","targetHints":{"allow":["GET"]}}],"collection":[{"href":"https:\/\/glareone.eu\/pl\/wp-json\/wp\/v2\/product"}],"about":[{"href":"https:\/\/glareone.eu\/pl\/wp-json\/wp\/v2\/types\/product"}],"wp:featuredmedia":[{"embeddable":true,"href":"https:\/\/glareone.eu\/pl\/wp-json\/wp\/v2\/media\/4395"}],"wp:attachment":[{"href":"https:\/\/glareone.eu\/pl\/wp-json\/wp\/v2\/media?parent=971"}],"wp:term":[{"taxonomy":"product_brand","embeddable":true,"href":"https:\/\/glareone.eu\/pl\/wp-json\/wp\/v2\/product_brand?post=971"},{"taxonomy":"product_cat","embeddable":true,"href":"https:\/\/glareone.eu\/pl\/wp-json\/wp\/v2\/product_cat?post=971"},{"taxonomy":"product_tag","embeddable":true,"href":"https:\/\/glareone.eu\/pl\/wp-json\/wp\/v2\/product_tag?post=971"}],"curies":[{"name":"wp","href":"https:\/\/api.w.org\/{rel}","templated":true}]}}