{"id":970,"date":"2024-04-18T19:26:24","date_gmt":"2024-04-18T19:26:24","guid":{"rendered":"http:\/\/glareone.eu\/produkt\/glareone-led-1000\/"},"modified":"2024-04-26T11:24:43","modified_gmt":"2024-04-26T11:24:43","slug":"glareone-led-1000","status":"publish","type":"product","link":"https:\/\/glareone.eu\/pl\/produkt\/glareone-led-1000\/","title":{"rendered":"GlareOne LED 1000"},"content":{"rendered":"<p>Studyjna lampa \u015bwiat\u0142a ci\u0105g\u0142ego wykorzystuj\u0105ca matryc\u0119 LED o mocy 100 W, cechuj\u0105ca si\u0119 bardzo dobrym odwzorowaniem barw (CRI&gt;96), wysok\u0105 wydajno\u015bci\u0105 i jasno\u015bci\u0105, mocowaniem modyfikator\u00f3w \u015bwiat\u0142a typu Bowens, zestawem efekt\u00f3w o\u015bwietleniowych oraz zdalnym sterowaniem Bluetooth.<\/p>\n<h3>\u015awiat\u0142o dzienne<\/h3>\n<p>GlareOne LED 1000 wyposa\u017cona jest w matryc\u0119 diod LED sk\u0142adaj\u0105c\u0105 si\u0119 z 143 modu\u0142\u00f3w SMD, kt\u00f3re s\u0105 rozstawione wewn\u0105trz bagnetu mocowania modyfikator\u00f3w \u015bwiat\u0142a. Dzi\u0119ki nim lampa jest w stanie wytwarza\u0107 \u015bwiat\u0142o, kt\u00f3re pod wzgl\u0119dem kolor\u00f3w odpowiada temperaturze barwowej \u015bwiat\u0142a dziennego wynosz\u0105c\u0105 5500 stopni Kelvina. GlareOne LED 1000 mo\u017cna bez k\u0142opot\u00f3w stosowa\u0107 wsp\u00f3lnie ze \u015bwiat\u0142em dziennym p\u0142yn\u0105cym z okien, zar\u00f3wno w warunkach domowych, jak i studyjnych.<\/p>\n<h3>Du\u017ca moc<\/h3>\n<p>Maksymalna moc lampy wynosi 100 W, co daje sporo swobody w doborze modyfikator\u00f3w \u015bwiat\u0142a oraz zapewnia spory komfort pracy podczas sesji. Lampa bez problem\u00f3w wype\u0142ni \u015bwiat\u0142em softbox oktagonalny o \u015brednicy 120 cm lub parasol o \u015brednicy 165 cm. Z za\u0142o\u017con\u0105 czasz\u0105 GlareOne LED 1000 jest w stanie wytworzy\u0107 \u015bwiat\u0142o o nat\u0119\u017ceniu ponad 12500 luks\u00f3w (z odleg\u0142o\u015bci 1 metra), a to przek\u0142ada si\u0119 na przys\u0142on\u0119 f\/13 (ISO 100, 1\/60s). Po zamontowaniu softboxa 60&#215;90 uzysukejmy przys\u0142ony f\/5.6, a to z kolei daje dobry punkt wyj\u015bcia do portret\u00f3w, zdj\u0119\u0107 noworodkowych lub nawet fotografii typu beauty.<\/p>\n<h3>Dobre kolory<\/h3>\n<p>\u015awiat\u0142o padaj\u0105ce z lampy gwarantuje bardzo dobre odwzorowanie barw obiekt\u00f3w, kt\u00f3re b\u0119d\u0105 uwiecznione na fotografii lub filmie. Wska\u017anik TLCI (Television Lighting Consistency Index m\u00f3wi\u0105cy o jako\u015bci \u015bwiat\u0142a) wynosi &gt;98, a to \u015bwiadczy o tym, \u017ce lampa \u015bwietnie sprawdza si\u0119 jako o\u015bwietlenie planu zdj\u0119ciowego.<\/p>\n<h3>Efekty o\u015bwietleniowe<\/h3>\n<p>Lampa wyposa\u017cona jest w 9 efekt\u00f3w o\u015bwietleniowych, kt\u00f3re pozwalaj\u0105 symulowa\u0107 \u015bwiat\u0142o p\u0142yn\u0105ce z zepsutej \u015bwietl\u00f3wki, ogni sztucznych, b\u0142yskawicy, b\u0142ysk\u00f3w fleszy, ekranu telewizora i innych. Efekty te mog\u0105 okaza\u0107 si\u0119 przydatne dla os\u00f3b, kt\u00f3re zamierzaj\u0105 wykorzysta\u0107 GlareOne LED 1000 do pracy na planie filmowym.<\/p>\n<h3>Uniwersalno\u015b\u0107<\/h3>\n<p>Dzi\u0119ki mocowaniu akcesori\u00f3w typu Bowens mo\u017ce wsp\u00f3\u0142pracowa\u0107 z niemal ka\u017cdym modyfikatorem \u015bwiat\u0142a dost\u0119pnym na rynku, produkowanym przez GlareOne lub przez jedn\u0105 z wielu innych marek. Lamp\u0119 mo\u017cna stosowa\u0107 z przer\u00f3\u017cnymi softboxami, strumienicami, wrotami, czaszami, soczewkami Fresnela, itp.<\/p>\n<h3>All-in-one<\/h3>\n<p>Kompaktowa konfiguracja lampy charakteryzuje si\u0119 zwart\u0105, jednoelementow\u0105 konstrukcj\u0105, a to sprawia, \u017ce \u0142atwo jest j\u0105 nie tylko przetransportowa\u0107 ale i przechowa\u0107.<\/p>\n<h3>Cechy GlareOne LED 1000:<\/h3>\n<ul>\n<li>przydatna zar\u00f3wno w fotografii, jak i filmowaniu,<\/li>\n<li>lekka, kompaktowa i \u0142atwa w transporcie (wa\u017cy jedynie 1,25 kg),<\/li>\n<li>\u015bwiat\u0142o dopasowane do temperatury barwowej \u015bwiat\u0142a dziennego (5500\u00b1200K),<\/li>\n<li>wyposa\u017cona w matryc\u0119 143 diod COB LED o \u0142\u0105cznej mocy 100 W,<\/li>\n<li>wysokie parametry odwzorowania barw (CRI &gt;96, TLCI &gt;98),<\/li>\n<li>p\u0142ynna, bezstopniowa regulacja jasno\u015bci (0~100%),<\/li>\n<li>mocowanie modyfikator\u00f3w \u015bwiat\u0142a typu Bowens,<\/li>\n<li>9 efekt\u00f3w o\u015bwietleniowych symuluj\u0105cych b\u0142yskawice, ekran TV, zepsut\u0105 \u015bwietl\u00f3wk\u0119, itd,<\/li>\n<li>cichy i wydajny system aktywnego ch\u0142odzenia (&lt;35dB),<\/li>\n<li>zintegrowany uchwyt do parasolek,<\/li>\n<li>ergonomicznie zaprojektowany uchwyt umo\u017cliwiaj\u0105cy regulacj\u0119 k\u0105ta nachylenia,<\/li>\n<li>dostarczana w zestawie z przewodem zasilaj\u0105cym, czasz\u0105 i pokryw\u0105 ochronn\u0105.<\/li>\n<\/ul>\n","protected":false},"excerpt":{"rendered":"<p>Studyjna lampa \u015bwiat\u0142a ci\u0105g\u0142ego wykorzystuj\u0105ca matryc\u0119 LED o mocy 100 W, cechuj\u0105ca si\u0119 bardzo dobrym odwzorowaniem barw (CRI&gt;96), wysok\u0105 wydajno\u015bci\u0105 i jasno\u015bci\u0105, mocowaniem modyfikator\u00f3w \u015bwiat\u0142a typu Bowens, zestawem efekt\u00f3w o\u015bwietleniowych oraz zdalnym sterowaniem Bluetooth. \u015awiat\u0142o dzienne GlareOne LED 1000 wyposa\u017cona jest w matryc\u0119 diod LED sk\u0142adaj\u0105c\u0105 si\u0119 z 143 modu\u0142\u00f3w SMD, kt\u00f3re s\u0105 rozstawione wewn\u0105trz [&hellip;]<\/p>\n","protected":false},"featured_media":3621,"template":"","meta":[],"product_brand":[],"product_cat":[329],"product_tag":[],"class_list":{"0":"post-970","1":"product","2":"type-product","3":"status-publish","4":"has-post-thumbnail","6":"product_cat-lampy-led-z-mocowaniem-bowens","8":"first","9":"instock","10":"product-type-simple"},"yoast_head":"<!-- This site is optimized with the Yoast SEO plugin v27.2 - https:\/\/yoast.com\/product\/yoast-seo-wordpress\/ -->\n<title>GlareOne LED 1000<\/title>\n<meta name=\"description\" content=\"GlareOne LED 1000\" \/>\n<meta name=\"robots\" content=\"index, follow, max-snippet:-1, max-image-preview:large, max-video-preview:-1\" \/>\n<link rel=\"canonical\" href=\"https:\/\/glareone.eu\/pl\/produkt\/glareone-led-1000\/\" \/>\n<meta property=\"og:locale\" content=\"pl_PL\" \/>\n<meta property=\"og:type\" content=\"article\" \/>\n<meta property=\"og:title\" content=\"GlareOne LED 1000\" \/>\n<meta property=\"og:description\" content=\"GlareOne LED 1000\" \/>\n<meta property=\"og:url\" content=\"https:\/\/glareone.eu\/pl\/produkt\/glareone-led-1000\/\" \/>\n<meta property=\"og:site_name\" content=\"GlareOne\" \/>\n<meta property=\"article:publisher\" content=\"https:\/\/www.facebook.com\/GlareOneLighting\" \/>\n<meta property=\"article:modified_time\" content=\"2024-04-26T11:24:43+00:00\" \/>\n<meta property=\"og:image\" content=\"https:\/\/glareone.eu\/wp-content\/uploads\/2024\/04\/GlareOne-LED1000-01.jpg\" \/>\n\t<meta property=\"og:image:width\" content=\"1200\" \/>\n\t<meta property=\"og:image:height\" content=\"1200\" \/>\n\t<meta property=\"og:image:type\" content=\"image\/jpeg\" \/>\n<meta name=\"twitter:card\" content=\"summary_large_image\" \/>\n<meta name=\"twitter:title\" content=\"GlareOne LED 1000\" \/>\n<meta name=\"twitter:label1\" content=\"Szacowany czas czytania\" \/>\n\t<meta name=\"twitter:data1\" content=\"3 minuty\" \/>\n<script type=\"application\/ld+json\" class=\"yoast-schema-graph\">{\"@context\":\"https:\/\/schema.org\",\"@graph\":[{\"@type\":\"WebPage\",\"@id\":\"https:\/\/glareone.eu\/pl\/produkt\/glareone-led-1000\/\",\"url\":\"https:\/\/glareone.eu\/pl\/produkt\/glareone-led-1000\/\",\"name\":\"GlareOne LED 1000\",\"isPartOf\":{\"@id\":\"https:\/\/glareone.eu\/pl\/en\/#website\"},\"primaryImageOfPage\":{\"@id\":\"https:\/\/glareone.eu\/pl\/produkt\/glareone-led-1000\/#primaryimage\"},\"image\":{\"@id\":\"https:\/\/glareone.eu\/pl\/produkt\/glareone-led-1000\/#primaryimage\"},\"thumbnailUrl\":\"https:\/\/glareone.eu\/wp-content\/uploads\/2024\/04\/GlareOne-LED1000-01.jpg\",\"datePublished\":\"2024-04-18T19:26:24+00:00\",\"dateModified\":\"2024-04-26T11:24:43+00:00\",\"description\":\"GlareOne LED 1000\",\"breadcrumb\":{\"@id\":\"https:\/\/glareone.eu\/pl\/produkt\/glareone-led-1000\/#breadcrumb\"},\"inLanguage\":\"pl-PL\",\"potentialAction\":[{\"@type\":\"ReadAction\",\"target\":[\"https:\/\/glareone.eu\/pl\/produkt\/glareone-led-1000\/\"]}]},{\"@type\":\"ImageObject\",\"inLanguage\":\"pl-PL\",\"@id\":\"https:\/\/glareone.eu\/pl\/produkt\/glareone-led-1000\/#primaryimage\",\"url\":\"https:\/\/glareone.eu\/wp-content\/uploads\/2024\/04\/GlareOne-LED1000-01.jpg\",\"contentUrl\":\"https:\/\/glareone.eu\/wp-content\/uploads\/2024\/04\/GlareOne-LED1000-01.jpg\",\"width\":1200,\"height\":1200},{\"@type\":\"BreadcrumbList\",\"@id\":\"https:\/\/glareone.eu\/pl\/produkt\/glareone-led-1000\/#breadcrumb\",\"itemListElement\":[{\"@type\":\"ListItem\",\"position\":1,\"name\":\"Strona g\u0142\u00f3wna\",\"item\":\"https:\/\/glareone.eu\/pl\/\"},{\"@type\":\"ListItem\",\"position\":2,\"name\":\"Wszystkie produkty\",\"item\":\"https:\/\/glareone.eu\/pl\/produkty\/wszystkie-produkty\/\"},{\"@type\":\"ListItem\",\"position\":3,\"name\":\"GlareOne LED 1000\"}]},{\"@type\":\"WebSite\",\"@id\":\"https:\/\/glareone.eu\/pl\/en\/#website\",\"url\":\"https:\/\/glareone.eu\/pl\/en\/\",\"name\":\"GlareOne\",\"description\":\"Wyposa\u017cenie Studia\",\"publisher\":{\"@id\":\"https:\/\/glareone.eu\/pl\/en\/#organization\"},\"potentialAction\":[{\"@type\":\"SearchAction\",\"target\":{\"@type\":\"EntryPoint\",\"urlTemplate\":\"https:\/\/glareone.eu\/pl\/en\/?s={search_term_string}\"},\"query-input\":{\"@type\":\"PropertyValueSpecification\",\"valueRequired\":true,\"valueName\":\"search_term_string\"}}],\"inLanguage\":\"pl-PL\"},{\"@type\":\"Organization\",\"@id\":\"https:\/\/glareone.eu\/pl\/en\/#organization\",\"name\":\"GlareOne\",\"url\":\"https:\/\/glareone.eu\/pl\/en\/\",\"logo\":{\"@type\":\"ImageObject\",\"inLanguage\":\"pl-PL\",\"@id\":\"https:\/\/glareone.eu\/pl\/en\/#\/schema\/logo\/image\/\",\"url\":\"http:\/\/glareone.eu\/wp-content\/uploads\/2024\/05\/glareone_logo2020_RGB-01-e1715773127189.png\",\"contentUrl\":\"http:\/\/glareone.eu\/wp-content\/uploads\/2024\/05\/glareone_logo2020_RGB-01-e1715773127189.png\",\"width\":1270,\"height\":321,\"caption\":\"GlareOne\"},\"image\":{\"@id\":\"https:\/\/glareone.eu\/pl\/en\/#\/schema\/logo\/image\/\"},\"sameAs\":[\"https:\/\/www.facebook.com\/GlareOneLighting\",\"https:\/\/www.instagram.com\/glareonelighting\/\",\"https:\/\/www.youtube.com\/@GlareOneTV\"]}]}<\/script>\n<!-- \/ Yoast SEO plugin. -->","yoast_head_json":{"title":"GlareOne LED 1000","description":"GlareOne LED 1000","robots":{"index":"index","follow":"follow","max-snippet":"max-snippet:-1","max-image-preview":"max-image-preview:large","max-video-preview":"max-video-preview:-1"},"canonical":"https:\/\/glareone.eu\/pl\/produkt\/glareone-led-1000\/","og_locale":"pl_PL","og_type":"article","og_title":"GlareOne LED 1000","og_description":"GlareOne LED 1000","og_url":"https:\/\/glareone.eu\/pl\/produkt\/glareone-led-1000\/","og_site_name":"GlareOne","article_publisher":"https:\/\/www.facebook.com\/GlareOneLighting","article_modified_time":"2024-04-26T11:24:43+00:00","og_image":[{"width":1200,"height":1200,"url":"https:\/\/glareone.eu\/wp-content\/uploads\/2024\/04\/GlareOne-LED1000-01.jpg","type":"image\/jpeg"}],"twitter_card":"summary_large_image","twitter_title":"GlareOne LED 1000","twitter_misc":{"Szacowany czas czytania":"3 minuty"},"schema":{"@context":"https:\/\/schema.org","@graph":[{"@type":"WebPage","@id":"https:\/\/glareone.eu\/pl\/produkt\/glareone-led-1000\/","url":"https:\/\/glareone.eu\/pl\/produkt\/glareone-led-1000\/","name":"GlareOne LED 1000","isPartOf":{"@id":"https:\/\/glareone.eu\/pl\/en\/#website"},"primaryImageOfPage":{"@id":"https:\/\/glareone.eu\/pl\/produkt\/glareone-led-1000\/#primaryimage"},"image":{"@id":"https:\/\/glareone.eu\/pl\/produkt\/glareone-led-1000\/#primaryimage"},"thumbnailUrl":"https:\/\/glareone.eu\/wp-content\/uploads\/2024\/04\/GlareOne-LED1000-01.jpg","datePublished":"2024-04-18T19:26:24+00:00","dateModified":"2024-04-26T11:24:43+00:00","description":"GlareOne LED 1000","breadcrumb":{"@id":"https:\/\/glareone.eu\/pl\/produkt\/glareone-led-1000\/#breadcrumb"},"inLanguage":"pl-PL","potentialAction":[{"@type":"ReadAction","target":["https:\/\/glareone.eu\/pl\/produkt\/glareone-led-1000\/"]}]},{"@type":"ImageObject","inLanguage":"pl-PL","@id":"https:\/\/glareone.eu\/pl\/produkt\/glareone-led-1000\/#primaryimage","url":"https:\/\/glareone.eu\/wp-content\/uploads\/2024\/04\/GlareOne-LED1000-01.jpg","contentUrl":"https:\/\/glareone.eu\/wp-content\/uploads\/2024\/04\/GlareOne-LED1000-01.jpg","width":1200,"height":1200},{"@type":"BreadcrumbList","@id":"https:\/\/glareone.eu\/pl\/produkt\/glareone-led-1000\/#breadcrumb","itemListElement":[{"@type":"ListItem","position":1,"name":"Strona g\u0142\u00f3wna","item":"https:\/\/glareone.eu\/pl\/"},{"@type":"ListItem","position":2,"name":"Wszystkie produkty","item":"https:\/\/glareone.eu\/pl\/produkty\/wszystkie-produkty\/"},{"@type":"ListItem","position":3,"name":"GlareOne LED 1000"}]},{"@type":"WebSite","@id":"https:\/\/glareone.eu\/pl\/en\/#website","url":"https:\/\/glareone.eu\/pl\/en\/","name":"GlareOne","description":"Wyposa\u017cenie Studia","publisher":{"@id":"https:\/\/glareone.eu\/pl\/en\/#organization"},"potentialAction":[{"@type":"SearchAction","target":{"@type":"EntryPoint","urlTemplate":"https:\/\/glareone.eu\/pl\/en\/?s={search_term_string}"},"query-input":{"@type":"PropertyValueSpecification","valueRequired":true,"valueName":"search_term_string"}}],"inLanguage":"pl-PL"},{"@type":"Organization","@id":"https:\/\/glareone.eu\/pl\/en\/#organization","name":"GlareOne","url":"https:\/\/glareone.eu\/pl\/en\/","logo":{"@type":"ImageObject","inLanguage":"pl-PL","@id":"https:\/\/glareone.eu\/pl\/en\/#\/schema\/logo\/image\/","url":"http:\/\/glareone.eu\/wp-content\/uploads\/2024\/05\/glareone_logo2020_RGB-01-e1715773127189.png","contentUrl":"http:\/\/glareone.eu\/wp-content\/uploads\/2024\/05\/glareone_logo2020_RGB-01-e1715773127189.png","width":1270,"height":321,"caption":"GlareOne"},"image":{"@id":"https:\/\/glareone.eu\/pl\/en\/#\/schema\/logo\/image\/"},"sameAs":["https:\/\/www.facebook.com\/GlareOneLighting","https:\/\/www.instagram.com\/glareonelighting\/","https:\/\/www.youtube.com\/@GlareOneTV"]}]}},"_links":{"self":[{"href":"https:\/\/glareone.eu\/pl\/wp-json\/wp\/v2\/product\/970","targetHints":{"allow":["GET"]}}],"collection":[{"href":"https:\/\/glareone.eu\/pl\/wp-json\/wp\/v2\/product"}],"about":[{"href":"https:\/\/glareone.eu\/pl\/wp-json\/wp\/v2\/types\/product"}],"wp:featuredmedia":[{"embeddable":true,"href":"https:\/\/glareone.eu\/pl\/wp-json\/wp\/v2\/media\/3621"}],"wp:attachment":[{"href":"https:\/\/glareone.eu\/pl\/wp-json\/wp\/v2\/media?parent=970"}],"wp:term":[{"taxonomy":"product_brand","embeddable":true,"href":"https:\/\/glareone.eu\/pl\/wp-json\/wp\/v2\/product_brand?post=970"},{"taxonomy":"product_cat","embeddable":true,"href":"https:\/\/glareone.eu\/pl\/wp-json\/wp\/v2\/product_cat?post=970"},{"taxonomy":"product_tag","embeddable":true,"href":"https:\/\/glareone.eu\/pl\/wp-json\/wp\/v2\/product_tag?post=970"}],"curies":[{"name":"wp","href":"https:\/\/api.w.org\/{rel}","templated":true}]}}