{"id":954,"date":"2024-04-18T19:26:22","date_gmt":"2024-04-18T19:26:22","guid":{"rendered":"http:\/\/glareone.eu\/produkt\/glareone-arc-60x180-cm-blenda-zakrzywiona-4w1\/"},"modified":"2024-05-06T07:30:08","modified_gmt":"2024-05-06T07:30:08","slug":"glareone-arc-60x180-cm-4w1","status":"publish","type":"product","link":"https:\/\/glareone.eu\/pl\/produkt\/glareone-arc-60x180-cm-4w1\/","title":{"rendered":"GlareOne Arc 60&#215;180 cm &#8211; blenda zakrzywiona 4w1"},"content":{"rendered":"<p>GlareOne Arc to zakrzywiona blenda stworzona do pracy podczas sesji portretowych jako idealne wype\u0142nienie cieni i podkre\u015blenie oczu portretowanej osoby. Idealnie sprawdzi si\u0119 podczas sesji portretowych &#8211; szczeg\u00f3lnie typu beauty.<\/p>\n<h3>Zakrzywiona powierzchnia<\/h3>\n<p>Charakterystyczny, przypominaj\u0105cy \u0142uk kszta\u0142t blendy powoduje, \u017ce \u015bwiat\u0142o odbite od jej powierzchni jest kierowane na twarz portretowanej osoby r\u00f3wnomiernie &#8211; nie tylko od do\u0142u, ale te\u017c z boku. To sprawia, \u017ce cienie s\u0105 r\u00f3wno wype\u0142nione.<\/p>\n<h3>Podkre\u015bla oczy<\/h3>\n<p>Najwi\u0119ksz\u0105 zalet\u0105 zakrzywionej blendy jest jej unikalny kszta\u0142t, kt\u00f3ry idealnie wpisuje si\u0119 w okr\u0105g\u0142\u0105 \u017arenic\u0119 oka. To sprawia, \u017ce jest ono r\u00f3wnomiernie o\u015bwietlone i zyskuje nie tylko lepszy kontrast, ale te\u017c barw\u0119.<\/p>\n<h3>Pi\u0119\u0107 ekran\u00f3w<\/h3>\n<p>GlareOne Arc posiada a\u017c pi\u0119\u0107 ekran\u00f3w, kt\u00f3re mo\u017cna u\u017cy\u0107 podczas fotografowania:<\/p>\n<ol>\n<li>Ekran <strong>bia\u0142y<\/strong> &#8211; delikatnie rozprasza cienie i do\u015bwietla oko. Jest neutralny kolorystycznie.<\/li>\n<li>Ekran <strong>srebrno-bia\u0142y <\/strong>&#8211; jest opcj\u0105 po\u015bredni\u0105 pomi\u0119dzy bia\u0142ym a srebrnym. Umiarkowanie rozprasza cienie i do\u015bwietla oko.<\/li>\n<li>Ekran <strong>srebrny<\/strong> &#8211; daje mocne odbicie \u015bwiat\u0142a i wi\u0119cej kontrastu ni\u017c ekran bia\u0142y. To powoduje, \u017ce oczy b\u0142yszcz\u0105 si\u0119 mocniej. Jest neutralny kolorystycznie.<\/li>\n<li>Ekran <strong>srebrno-z\u0142oty<\/strong> &#8211; daje sporo \u015bwiat\u0142a i podbija kontrast, podobnie jak ekran srebrny, ale w por\u00f3wnaniu do niego ociepla odbite \u015bwiat\u0142o. Mo\u017ce to dzia\u0142a\u0107 bardzo korzystnie przy portretach, dzi\u0119ki ociepleniu ton\u00f3w sk\u00f3ry.<\/li>\n<li>Ekran <strong>czarny<\/strong> &#8211; w przeciwie\u0144stwie do innych ekran\u00f3w s\u0142u\u017cy nie do odbijania \u015bwiat\u0142a, ale do jego wyt\u0142umienia, co powoduje pog\u0142\u0119bienie si\u0119 cieni. Jest neutralny kolorystycznie.<\/li>\n<\/ol>\n<h3>Cechy produktu:<\/h3>\n<ul>\n<li>Idealna bledna do sesji portretowych.<\/li>\n<li>Wspaniale podkre\u015bla oczy.<\/li>\n<li>Wyposa\u017cona w pi\u0119\u0107 ekran\u00f3w odbijaj\u0105cych.<\/li>\n<li>Pozwala na regulacj\u0119 k\u0105ta nachylenia.<\/li>\n<li>Ma stela\u017c wykonany z metalu.<\/li>\n<li>Pasuje do ka\u017cdego statywu o\u015bwietleniowego (mocowanie 5\/8\u201d).<\/li>\n<li>Dostarczana jest w por\u0119cznym pokrowcu.<\/li>\n<\/ul>\n","protected":false},"excerpt":{"rendered":"<p>GlareOne Arc to zakrzywiona blenda stworzona do pracy podczas sesji portretowych jako idealne wype\u0142nienie cieni i podkre\u015blenie oczu portretowanej osoby. Idealnie sprawdzi si\u0119 podczas sesji portretowych &#8211; szczeg\u00f3lnie typu beauty. Zakrzywiona powierzchnia Charakterystyczny, przypominaj\u0105cy \u0142uk kszta\u0142t blendy powoduje, \u017ce \u015bwiat\u0142o odbite od jej powierzchni jest kierowane na twarz portretowanej osoby r\u00f3wnomiernie &#8211; nie tylko od [&hellip;]<\/p>\n","protected":false},"featured_media":4348,"template":"","meta":[],"product_brand":[],"product_cat":[426],"product_tag":[],"class_list":{"0":"post-954","1":"product","2":"type-product","3":"status-publish","4":"has-post-thumbnail","6":"product_cat-blendy-i-flagi","8":"first","9":"instock","10":"product-type-simple"},"yoast_head":"<!-- This site is optimized with the Yoast SEO plugin v27.2 - https:\/\/yoast.com\/product\/yoast-seo-wordpress\/ -->\n<title>GlareOne Arc 60x180 cm - blenda zakrzywiona 4w1<\/title>\n<meta name=\"description\" content=\"GlareOne Arc 60x180 cm - blenda zakrzywiona 4w1\" \/>\n<meta name=\"robots\" content=\"index, follow, max-snippet:-1, max-image-preview:large, max-video-preview:-1\" \/>\n<link rel=\"canonical\" href=\"https:\/\/glareone.eu\/pl\/produkt\/glareone-arc-60x180-cm-4w1\/\" \/>\n<meta property=\"og:locale\" content=\"pl_PL\" \/>\n<meta property=\"og:type\" content=\"article\" \/>\n<meta property=\"og:title\" content=\"GlareOne Arc 60x180 cm - blenda zakrzywiona 4w1\" \/>\n<meta property=\"og:description\" content=\"GlareOne Arc 60x180 cm - blenda zakrzywiona 4w1\" \/>\n<meta property=\"og:url\" content=\"https:\/\/glareone.eu\/pl\/produkt\/glareone-arc-60x180-cm-4w1\/\" \/>\n<meta property=\"og:site_name\" content=\"GlareOne\" \/>\n<meta property=\"article:publisher\" content=\"https:\/\/www.facebook.com\/GlareOneLighting\" \/>\n<meta property=\"article:modified_time\" content=\"2024-05-06T07:30:08+00:00\" \/>\n<meta property=\"og:image\" content=\"https:\/\/glareone.eu\/wp-content\/uploads\/2024\/04\/SBARC60X180_01.jpg\" \/>\n\t<meta property=\"og:image:width\" content=\"2000\" \/>\n\t<meta property=\"og:image:height\" content=\"2000\" \/>\n\t<meta property=\"og:image:type\" content=\"image\/jpeg\" \/>\n<meta name=\"twitter:card\" content=\"summary_large_image\" \/>\n<meta name=\"twitter:title\" content=\"GlareOne Arc 60x180 cm - blenda zakrzywiona 4w1\" \/>\n<meta name=\"twitter:label1\" content=\"Szacowany czas czytania\" \/>\n\t<meta name=\"twitter:data1\" content=\"2 minuty\" \/>\n<script type=\"application\/ld+json\" class=\"yoast-schema-graph\">{\"@context\":\"https:\/\/schema.org\",\"@graph\":[{\"@type\":\"WebPage\",\"@id\":\"https:\/\/glareone.eu\/pl\/produkt\/glareone-arc-60x180-cm-4w1\/\",\"url\":\"https:\/\/glareone.eu\/pl\/produkt\/glareone-arc-60x180-cm-4w1\/\",\"name\":\"GlareOne Arc 60x180 cm - blenda zakrzywiona 4w1\",\"isPartOf\":{\"@id\":\"https:\/\/glareone.eu\/pl\/en\/#website\"},\"primaryImageOfPage\":{\"@id\":\"https:\/\/glareone.eu\/pl\/produkt\/glareone-arc-60x180-cm-4w1\/#primaryimage\"},\"image\":{\"@id\":\"https:\/\/glareone.eu\/pl\/produkt\/glareone-arc-60x180-cm-4w1\/#primaryimage\"},\"thumbnailUrl\":\"https:\/\/glareone.eu\/wp-content\/uploads\/2024\/04\/SBARC60X180_01.jpg\",\"datePublished\":\"2024-04-18T19:26:22+00:00\",\"dateModified\":\"2024-05-06T07:30:08+00:00\",\"description\":\"GlareOne Arc 60x180 cm - blenda zakrzywiona 4w1\",\"breadcrumb\":{\"@id\":\"https:\/\/glareone.eu\/pl\/produkt\/glareone-arc-60x180-cm-4w1\/#breadcrumb\"},\"inLanguage\":\"pl-PL\",\"potentialAction\":[{\"@type\":\"ReadAction\",\"target\":[\"https:\/\/glareone.eu\/pl\/produkt\/glareone-arc-60x180-cm-4w1\/\"]}]},{\"@type\":\"ImageObject\",\"inLanguage\":\"pl-PL\",\"@id\":\"https:\/\/glareone.eu\/pl\/produkt\/glareone-arc-60x180-cm-4w1\/#primaryimage\",\"url\":\"https:\/\/glareone.eu\/wp-content\/uploads\/2024\/04\/SBARC60X180_01.jpg\",\"contentUrl\":\"https:\/\/glareone.eu\/wp-content\/uploads\/2024\/04\/SBARC60X180_01.jpg\",\"width\":2000,\"height\":2000},{\"@type\":\"BreadcrumbList\",\"@id\":\"https:\/\/glareone.eu\/pl\/produkt\/glareone-arc-60x180-cm-4w1\/#breadcrumb\",\"itemListElement\":[{\"@type\":\"ListItem\",\"position\":1,\"name\":\"Strona g\u0142\u00f3wna\",\"item\":\"https:\/\/glareone.eu\/pl\/\"},{\"@type\":\"ListItem\",\"position\":2,\"name\":\"Wszystkie produkty\",\"item\":\"https:\/\/glareone.eu\/pl\/produkty\/wszystkie-produkty\/\"},{\"@type\":\"ListItem\",\"position\":3,\"name\":\"GlareOne Arc 60&#215;180 cm &#8211; blenda zakrzywiona 4w1\"}]},{\"@type\":\"WebSite\",\"@id\":\"https:\/\/glareone.eu\/pl\/en\/#website\",\"url\":\"https:\/\/glareone.eu\/pl\/en\/\",\"name\":\"GlareOne\",\"description\":\"Wyposa\u017cenie Studia\",\"publisher\":{\"@id\":\"https:\/\/glareone.eu\/pl\/en\/#organization\"},\"potentialAction\":[{\"@type\":\"SearchAction\",\"target\":{\"@type\":\"EntryPoint\",\"urlTemplate\":\"https:\/\/glareone.eu\/pl\/en\/?s={search_term_string}\"},\"query-input\":{\"@type\":\"PropertyValueSpecification\",\"valueRequired\":true,\"valueName\":\"search_term_string\"}}],\"inLanguage\":\"pl-PL\"},{\"@type\":\"Organization\",\"@id\":\"https:\/\/glareone.eu\/pl\/en\/#organization\",\"name\":\"GlareOne\",\"url\":\"https:\/\/glareone.eu\/pl\/en\/\",\"logo\":{\"@type\":\"ImageObject\",\"inLanguage\":\"pl-PL\",\"@id\":\"https:\/\/glareone.eu\/pl\/en\/#\/schema\/logo\/image\/\",\"url\":\"http:\/\/glareone.eu\/wp-content\/uploads\/2024\/05\/glareone_logo2020_RGB-01-e1715773127189.png\",\"contentUrl\":\"http:\/\/glareone.eu\/wp-content\/uploads\/2024\/05\/glareone_logo2020_RGB-01-e1715773127189.png\",\"width\":1270,\"height\":321,\"caption\":\"GlareOne\"},\"image\":{\"@id\":\"https:\/\/glareone.eu\/pl\/en\/#\/schema\/logo\/image\/\"},\"sameAs\":[\"https:\/\/www.facebook.com\/GlareOneLighting\",\"https:\/\/www.instagram.com\/glareonelighting\/\",\"https:\/\/www.youtube.com\/@GlareOneTV\"]}]}<\/script>\n<!-- \/ Yoast SEO plugin. -->","yoast_head_json":{"title":"GlareOne Arc 60x180 cm - blenda zakrzywiona 4w1","description":"GlareOne Arc 60x180 cm - blenda zakrzywiona 4w1","robots":{"index":"index","follow":"follow","max-snippet":"max-snippet:-1","max-image-preview":"max-image-preview:large","max-video-preview":"max-video-preview:-1"},"canonical":"https:\/\/glareone.eu\/pl\/produkt\/glareone-arc-60x180-cm-4w1\/","og_locale":"pl_PL","og_type":"article","og_title":"GlareOne Arc 60x180 cm - blenda zakrzywiona 4w1","og_description":"GlareOne Arc 60x180 cm - blenda zakrzywiona 4w1","og_url":"https:\/\/glareone.eu\/pl\/produkt\/glareone-arc-60x180-cm-4w1\/","og_site_name":"GlareOne","article_publisher":"https:\/\/www.facebook.com\/GlareOneLighting","article_modified_time":"2024-05-06T07:30:08+00:00","og_image":[{"width":2000,"height":2000,"url":"https:\/\/glareone.eu\/wp-content\/uploads\/2024\/04\/SBARC60X180_01.jpg","type":"image\/jpeg"}],"twitter_card":"summary_large_image","twitter_title":"GlareOne Arc 60x180 cm - blenda zakrzywiona 4w1","twitter_misc":{"Szacowany czas czytania":"2 minuty"},"schema":{"@context":"https:\/\/schema.org","@graph":[{"@type":"WebPage","@id":"https:\/\/glareone.eu\/pl\/produkt\/glareone-arc-60x180-cm-4w1\/","url":"https:\/\/glareone.eu\/pl\/produkt\/glareone-arc-60x180-cm-4w1\/","name":"GlareOne Arc 60x180 cm - blenda zakrzywiona 4w1","isPartOf":{"@id":"https:\/\/glareone.eu\/pl\/en\/#website"},"primaryImageOfPage":{"@id":"https:\/\/glareone.eu\/pl\/produkt\/glareone-arc-60x180-cm-4w1\/#primaryimage"},"image":{"@id":"https:\/\/glareone.eu\/pl\/produkt\/glareone-arc-60x180-cm-4w1\/#primaryimage"},"thumbnailUrl":"https:\/\/glareone.eu\/wp-content\/uploads\/2024\/04\/SBARC60X180_01.jpg","datePublished":"2024-04-18T19:26:22+00:00","dateModified":"2024-05-06T07:30:08+00:00","description":"GlareOne Arc 60x180 cm - blenda zakrzywiona 4w1","breadcrumb":{"@id":"https:\/\/glareone.eu\/pl\/produkt\/glareone-arc-60x180-cm-4w1\/#breadcrumb"},"inLanguage":"pl-PL","potentialAction":[{"@type":"ReadAction","target":["https:\/\/glareone.eu\/pl\/produkt\/glareone-arc-60x180-cm-4w1\/"]}]},{"@type":"ImageObject","inLanguage":"pl-PL","@id":"https:\/\/glareone.eu\/pl\/produkt\/glareone-arc-60x180-cm-4w1\/#primaryimage","url":"https:\/\/glareone.eu\/wp-content\/uploads\/2024\/04\/SBARC60X180_01.jpg","contentUrl":"https:\/\/glareone.eu\/wp-content\/uploads\/2024\/04\/SBARC60X180_01.jpg","width":2000,"height":2000},{"@type":"BreadcrumbList","@id":"https:\/\/glareone.eu\/pl\/produkt\/glareone-arc-60x180-cm-4w1\/#breadcrumb","itemListElement":[{"@type":"ListItem","position":1,"name":"Strona g\u0142\u00f3wna","item":"https:\/\/glareone.eu\/pl\/"},{"@type":"ListItem","position":2,"name":"Wszystkie produkty","item":"https:\/\/glareone.eu\/pl\/produkty\/wszystkie-produkty\/"},{"@type":"ListItem","position":3,"name":"GlareOne Arc 60&#215;180 cm &#8211; blenda zakrzywiona 4w1"}]},{"@type":"WebSite","@id":"https:\/\/glareone.eu\/pl\/en\/#website","url":"https:\/\/glareone.eu\/pl\/en\/","name":"GlareOne","description":"Wyposa\u017cenie Studia","publisher":{"@id":"https:\/\/glareone.eu\/pl\/en\/#organization"},"potentialAction":[{"@type":"SearchAction","target":{"@type":"EntryPoint","urlTemplate":"https:\/\/glareone.eu\/pl\/en\/?s={search_term_string}"},"query-input":{"@type":"PropertyValueSpecification","valueRequired":true,"valueName":"search_term_string"}}],"inLanguage":"pl-PL"},{"@type":"Organization","@id":"https:\/\/glareone.eu\/pl\/en\/#organization","name":"GlareOne","url":"https:\/\/glareone.eu\/pl\/en\/","logo":{"@type":"ImageObject","inLanguage":"pl-PL","@id":"https:\/\/glareone.eu\/pl\/en\/#\/schema\/logo\/image\/","url":"http:\/\/glareone.eu\/wp-content\/uploads\/2024\/05\/glareone_logo2020_RGB-01-e1715773127189.png","contentUrl":"http:\/\/glareone.eu\/wp-content\/uploads\/2024\/05\/glareone_logo2020_RGB-01-e1715773127189.png","width":1270,"height":321,"caption":"GlareOne"},"image":{"@id":"https:\/\/glareone.eu\/pl\/en\/#\/schema\/logo\/image\/"},"sameAs":["https:\/\/www.facebook.com\/GlareOneLighting","https:\/\/www.instagram.com\/glareonelighting\/","https:\/\/www.youtube.com\/@GlareOneTV"]}]}},"_links":{"self":[{"href":"https:\/\/glareone.eu\/pl\/wp-json\/wp\/v2\/product\/954","targetHints":{"allow":["GET"]}}],"collection":[{"href":"https:\/\/glareone.eu\/pl\/wp-json\/wp\/v2\/product"}],"about":[{"href":"https:\/\/glareone.eu\/pl\/wp-json\/wp\/v2\/types\/product"}],"wp:featuredmedia":[{"embeddable":true,"href":"https:\/\/glareone.eu\/pl\/wp-json\/wp\/v2\/media\/4348"}],"wp:attachment":[{"href":"https:\/\/glareone.eu\/pl\/wp-json\/wp\/v2\/media?parent=954"}],"wp:term":[{"taxonomy":"product_brand","embeddable":true,"href":"https:\/\/glareone.eu\/pl\/wp-json\/wp\/v2\/product_brand?post=954"},{"taxonomy":"product_cat","embeddable":true,"href":"https:\/\/glareone.eu\/pl\/wp-json\/wp\/v2\/product_cat?post=954"},{"taxonomy":"product_tag","embeddable":true,"href":"https:\/\/glareone.eu\/pl\/wp-json\/wp\/v2\/product_tag?post=954"}],"curies":[{"name":"wp","href":"https:\/\/api.w.org\/{rel}","templated":true}]}}