{"id":948,"date":"2024-04-18T19:26:20","date_gmt":"2024-04-18T19:26:20","guid":{"rendered":"http:\/\/glareone.eu\/produkt\/glareone-flash-ur-odbiornik-uniwersalny\/"},"modified":"2025-12-12T10:50:50","modified_gmt":"2025-12-12T10:50:50","slug":"glareone-flash-ur","status":"publish","type":"product","link":"https:\/\/glareone.eu\/pl\/produkt\/glareone-flash-ur\/","title":{"rendered":"GlareOne Flash UR &#8211; odbiornik uniwersalny"},"content":{"rendered":"<p>Uniwersalny odbiornik, kt\u00f3ry pozwala na zdalne wyzwalanie lamp b\u0142yskowych r\u00f3\u017cnych marek za pomoc\u0105 wyzwalacza GlareOne Flash RC.<\/p>\n<h3>Kompatybilny z ka\u017cd\u0105 lamp\u0105<\/h3>\n<p>Odbiornik jest wyposa\u017cony w standardow\u0105 wtyczk\u0119 typu Jack 3,5 mm. To sprawia, \u017ce mo\u017ce by\u0107 wykorzystywany z niemal ka\u017cd\u0105 studyjn\u0105 lamp\u0105 b\u0142yskow\u0105 niezale\u017cnie od jej marki, o ile ta jest wyposa\u017cona w pasuj\u0105ce gniazdo, a tak najcz\u0119\u015bciej jest.<\/p>\n<h3>Bezprzewodowy<\/h3>\n<p>Do komunikacji z nadajnikiem GlareOne Flash RC wykorzystywana jest cz\u0119stotliwo\u015b\u0107 radiowa 2.4 GHz, kt\u00f3ra pozwala na szybkie i stabilne przesy\u0142anie informacji, a zasi\u0119g transmisji si\u0119ga nawet 300 metr\u00f3w.<\/p>\n<h3>\u0141atwy w obs\u0142udze<\/h3>\n<p>Flash UR mo\u017cna \u0142atwo po\u0142\u0105czy\u0107 z lampami b\u0142yskowymi, a jego konfiguracja jest bardzo prosta. Dzi\u0119ki wbudowanemu ekranowi LCD mo\u017cna szybkim rzutem oka stwierdzi\u0107, do jakiego kana\u0142u odbiornik jest przypisany. Zmiana parametr\u00f3w pracy odbywa si\u0119 za pomoc\u0105 trzech du\u017cych przycisk\u00f3w.<\/p>\n<h3>Stabilne zasilanie<\/h3>\n<p>Odbiornik jest wyposa\u017cony we wbudowany akumulator litowo-jonowy o pojemno\u015bci 500 mAh, kt\u00f3ry wystarczy na ponad 100h pracy. Jego \u0142adowanie odbywa si\u0119 za pomoc\u0105 portu USB-C umieszczonego na obudowie urz\u0105dzenia.<\/p>\n<h3>Cechy GlareOne Flash UR<\/h3>\n<ul>\n<li>Mo\u017ce by\u0107 stosowany z lampami wyposa\u017conymi w z\u0142\u0105cze synchronizacyjne.<\/li>\n<li>Jest kompatybilny z nadajnikiem GlareOne Flash RC.<\/li>\n<li>Pozwala na zdalne wyzwalanie lamp b\u0142yskowych innych marek.<\/li>\n<li>Posiada wbudowany akumulator, kt\u00f3ry \u0142aduje si\u0119 za pomoc\u0105 gniazda USB-C.<\/li>\n<li>Zasi\u0119g a\u017c do 300 m.<\/li>\n<li>Cz\u0119stotliwo\u015b\u0107 radiowa 2.4 GHz.<\/li>\n<li>Wbudowany akumulator.<\/li>\n<li>\u0141adowanie za pomoc\u0105 portu USB-C.<\/li>\n<\/ul>\n","protected":false},"excerpt":{"rendered":"<p>Uniwersalny odbiornik, kt\u00f3ry pozwala na zdalne wyzwalanie lamp b\u0142yskowych r\u00f3\u017cnych marek za pomoc\u0105 wyzwalacza GlareOne Flash RC. Kompatybilny z ka\u017cd\u0105 lamp\u0105 Odbiornik jest wyposa\u017cony w standardow\u0105 wtyczk\u0119 typu Jack 3,5 mm. To sprawia, \u017ce mo\u017ce by\u0107 wykorzystywany z niemal ka\u017cd\u0105 studyjn\u0105 lamp\u0105 b\u0142yskow\u0105 niezale\u017cnie od jej marki, o ile ta jest wyposa\u017cona w pasuj\u0105ce gniazdo, [&hellip;]<\/p>\n","protected":false},"featured_media":6408,"template":"","meta":[],"product_brand":[],"product_cat":[378,354],"product_tag":[],"class_list":{"0":"post-948","1":"product","2":"type-product","3":"status-publish","4":"has-post-thumbnail","6":"product_cat-antares","7":"product_cat-vega","9":"first","10":"instock","11":"product-type-simple"},"yoast_head":"<!-- This site is optimized with the Yoast SEO plugin v27.2 - https:\/\/yoast.com\/product\/yoast-seo-wordpress\/ -->\n<title>GlareOne Flash UR - odbiornik uniwersalny<\/title>\n<meta name=\"description\" content=\"GlareOne Flash UR - odbiornik uniwersalny\" \/>\n<meta name=\"robots\" content=\"index, follow, max-snippet:-1, max-image-preview:large, max-video-preview:-1\" \/>\n<link rel=\"canonical\" href=\"https:\/\/glareone.eu\/pl\/produkt\/glareone-flash-ur\/\" \/>\n<meta property=\"og:locale\" content=\"pl_PL\" \/>\n<meta property=\"og:type\" content=\"article\" \/>\n<meta property=\"og:title\" content=\"GlareOne Flash UR - odbiornik uniwersalny\" \/>\n<meta property=\"og:description\" content=\"GlareOne Flash UR - odbiornik uniwersalny\" \/>\n<meta property=\"og:url\" content=\"https:\/\/glareone.eu\/pl\/produkt\/glareone-flash-ur\/\" \/>\n<meta property=\"og:site_name\" content=\"GlareOne\" \/>\n<meta property=\"article:publisher\" content=\"https:\/\/www.facebook.com\/GlareOneLighting\" \/>\n<meta property=\"article:modified_time\" content=\"2025-12-12T10:50:50+00:00\" \/>\n<meta property=\"og:image\" content=\"https:\/\/glareone.eu\/wp-content\/uploads\/2024\/04\/GlareOne-Flash-UR-odbiornik-uniwersalny.png\" \/>\n\t<meta property=\"og:image:width\" content=\"1487\" \/>\n\t<meta property=\"og:image:height\" content=\"1288\" \/>\n\t<meta property=\"og:image:type\" content=\"image\/png\" \/>\n<meta name=\"twitter:card\" content=\"summary_large_image\" \/>\n<meta name=\"twitter:title\" content=\"GlareOne Flash UR - odbiornik uniwersalny\" \/>\n<meta name=\"twitter:label1\" content=\"Szacowany czas czytania\" \/>\n\t<meta name=\"twitter:data1\" content=\"1 minuta\" \/>\n<script type=\"application\/ld+json\" class=\"yoast-schema-graph\">{\"@context\":\"https:\/\/schema.org\",\"@graph\":[{\"@type\":\"WebPage\",\"@id\":\"https:\/\/glareone.eu\/pl\/produkt\/glareone-flash-ur\/\",\"url\":\"https:\/\/glareone.eu\/pl\/produkt\/glareone-flash-ur\/\",\"name\":\"GlareOne Flash UR - odbiornik uniwersalny\",\"isPartOf\":{\"@id\":\"https:\/\/glareone.eu\/pl\/en\/#website\"},\"primaryImageOfPage\":{\"@id\":\"https:\/\/glareone.eu\/pl\/produkt\/glareone-flash-ur\/#primaryimage\"},\"image\":{\"@id\":\"https:\/\/glareone.eu\/pl\/produkt\/glareone-flash-ur\/#primaryimage\"},\"thumbnailUrl\":\"https:\/\/glareone.eu\/wp-content\/uploads\/2024\/04\/GlareOne-Flash-UR-odbiornik-uniwersalny.png\",\"datePublished\":\"2024-04-18T19:26:20+00:00\",\"dateModified\":\"2025-12-12T10:50:50+00:00\",\"description\":\"GlareOne Flash UR - odbiornik uniwersalny\",\"breadcrumb\":{\"@id\":\"https:\/\/glareone.eu\/pl\/produkt\/glareone-flash-ur\/#breadcrumb\"},\"inLanguage\":\"pl-PL\",\"potentialAction\":[{\"@type\":\"ReadAction\",\"target\":[\"https:\/\/glareone.eu\/pl\/produkt\/glareone-flash-ur\/\"]}]},{\"@type\":\"ImageObject\",\"inLanguage\":\"pl-PL\",\"@id\":\"https:\/\/glareone.eu\/pl\/produkt\/glareone-flash-ur\/#primaryimage\",\"url\":\"https:\/\/glareone.eu\/wp-content\/uploads\/2024\/04\/GlareOne-Flash-UR-odbiornik-uniwersalny.png\",\"contentUrl\":\"https:\/\/glareone.eu\/wp-content\/uploads\/2024\/04\/GlareOne-Flash-UR-odbiornik-uniwersalny.png\",\"width\":1487,\"height\":1288},{\"@type\":\"BreadcrumbList\",\"@id\":\"https:\/\/glareone.eu\/pl\/produkt\/glareone-flash-ur\/#breadcrumb\",\"itemListElement\":[{\"@type\":\"ListItem\",\"position\":1,\"name\":\"Strona g\u0142\u00f3wna\",\"item\":\"https:\/\/glareone.eu\/pl\/\"},{\"@type\":\"ListItem\",\"position\":2,\"name\":\"Wszystkie produkty\",\"item\":\"https:\/\/glareone.eu\/pl\/produkty\/wszystkie-produkty\/\"},{\"@type\":\"ListItem\",\"position\":3,\"name\":\"GlareOne Flash UR &#8211; odbiornik uniwersalny\"}]},{\"@type\":\"WebSite\",\"@id\":\"https:\/\/glareone.eu\/pl\/en\/#website\",\"url\":\"https:\/\/glareone.eu\/pl\/en\/\",\"name\":\"GlareOne\",\"description\":\"Wyposa\u017cenie Studia\",\"publisher\":{\"@id\":\"https:\/\/glareone.eu\/pl\/en\/#organization\"},\"potentialAction\":[{\"@type\":\"SearchAction\",\"target\":{\"@type\":\"EntryPoint\",\"urlTemplate\":\"https:\/\/glareone.eu\/pl\/en\/?s={search_term_string}\"},\"query-input\":{\"@type\":\"PropertyValueSpecification\",\"valueRequired\":true,\"valueName\":\"search_term_string\"}}],\"inLanguage\":\"pl-PL\"},{\"@type\":\"Organization\",\"@id\":\"https:\/\/glareone.eu\/pl\/en\/#organization\",\"name\":\"GlareOne\",\"url\":\"https:\/\/glareone.eu\/pl\/en\/\",\"logo\":{\"@type\":\"ImageObject\",\"inLanguage\":\"pl-PL\",\"@id\":\"https:\/\/glareone.eu\/pl\/en\/#\/schema\/logo\/image\/\",\"url\":\"http:\/\/glareone.eu\/wp-content\/uploads\/2024\/05\/glareone_logo2020_RGB-01-e1715773127189.png\",\"contentUrl\":\"http:\/\/glareone.eu\/wp-content\/uploads\/2024\/05\/glareone_logo2020_RGB-01-e1715773127189.png\",\"width\":1270,\"height\":321,\"caption\":\"GlareOne\"},\"image\":{\"@id\":\"https:\/\/glareone.eu\/pl\/en\/#\/schema\/logo\/image\/\"},\"sameAs\":[\"https:\/\/www.facebook.com\/GlareOneLighting\",\"https:\/\/www.instagram.com\/glareonelighting\/\",\"https:\/\/www.youtube.com\/@GlareOneTV\"]}]}<\/script>\n<!-- \/ Yoast SEO plugin. -->","yoast_head_json":{"title":"GlareOne Flash UR - odbiornik uniwersalny","description":"GlareOne Flash UR - odbiornik uniwersalny","robots":{"index":"index","follow":"follow","max-snippet":"max-snippet:-1","max-image-preview":"max-image-preview:large","max-video-preview":"max-video-preview:-1"},"canonical":"https:\/\/glareone.eu\/pl\/produkt\/glareone-flash-ur\/","og_locale":"pl_PL","og_type":"article","og_title":"GlareOne Flash UR - odbiornik uniwersalny","og_description":"GlareOne Flash UR - odbiornik uniwersalny","og_url":"https:\/\/glareone.eu\/pl\/produkt\/glareone-flash-ur\/","og_site_name":"GlareOne","article_publisher":"https:\/\/www.facebook.com\/GlareOneLighting","article_modified_time":"2025-12-12T10:50:50+00:00","og_image":[{"width":1487,"height":1288,"url":"https:\/\/glareone.eu\/wp-content\/uploads\/2024\/04\/GlareOne-Flash-UR-odbiornik-uniwersalny.png","type":"image\/png"}],"twitter_card":"summary_large_image","twitter_title":"GlareOne Flash UR - odbiornik uniwersalny","twitter_misc":{"Szacowany czas czytania":"1 minuta"},"schema":{"@context":"https:\/\/schema.org","@graph":[{"@type":"WebPage","@id":"https:\/\/glareone.eu\/pl\/produkt\/glareone-flash-ur\/","url":"https:\/\/glareone.eu\/pl\/produkt\/glareone-flash-ur\/","name":"GlareOne Flash UR - odbiornik uniwersalny","isPartOf":{"@id":"https:\/\/glareone.eu\/pl\/en\/#website"},"primaryImageOfPage":{"@id":"https:\/\/glareone.eu\/pl\/produkt\/glareone-flash-ur\/#primaryimage"},"image":{"@id":"https:\/\/glareone.eu\/pl\/produkt\/glareone-flash-ur\/#primaryimage"},"thumbnailUrl":"https:\/\/glareone.eu\/wp-content\/uploads\/2024\/04\/GlareOne-Flash-UR-odbiornik-uniwersalny.png","datePublished":"2024-04-18T19:26:20+00:00","dateModified":"2025-12-12T10:50:50+00:00","description":"GlareOne Flash UR - odbiornik uniwersalny","breadcrumb":{"@id":"https:\/\/glareone.eu\/pl\/produkt\/glareone-flash-ur\/#breadcrumb"},"inLanguage":"pl-PL","potentialAction":[{"@type":"ReadAction","target":["https:\/\/glareone.eu\/pl\/produkt\/glareone-flash-ur\/"]}]},{"@type":"ImageObject","inLanguage":"pl-PL","@id":"https:\/\/glareone.eu\/pl\/produkt\/glareone-flash-ur\/#primaryimage","url":"https:\/\/glareone.eu\/wp-content\/uploads\/2024\/04\/GlareOne-Flash-UR-odbiornik-uniwersalny.png","contentUrl":"https:\/\/glareone.eu\/wp-content\/uploads\/2024\/04\/GlareOne-Flash-UR-odbiornik-uniwersalny.png","width":1487,"height":1288},{"@type":"BreadcrumbList","@id":"https:\/\/glareone.eu\/pl\/produkt\/glareone-flash-ur\/#breadcrumb","itemListElement":[{"@type":"ListItem","position":1,"name":"Strona g\u0142\u00f3wna","item":"https:\/\/glareone.eu\/pl\/"},{"@type":"ListItem","position":2,"name":"Wszystkie produkty","item":"https:\/\/glareone.eu\/pl\/produkty\/wszystkie-produkty\/"},{"@type":"ListItem","position":3,"name":"GlareOne Flash UR &#8211; odbiornik uniwersalny"}]},{"@type":"WebSite","@id":"https:\/\/glareone.eu\/pl\/en\/#website","url":"https:\/\/glareone.eu\/pl\/en\/","name":"GlareOne","description":"Wyposa\u017cenie Studia","publisher":{"@id":"https:\/\/glareone.eu\/pl\/en\/#organization"},"potentialAction":[{"@type":"SearchAction","target":{"@type":"EntryPoint","urlTemplate":"https:\/\/glareone.eu\/pl\/en\/?s={search_term_string}"},"query-input":{"@type":"PropertyValueSpecification","valueRequired":true,"valueName":"search_term_string"}}],"inLanguage":"pl-PL"},{"@type":"Organization","@id":"https:\/\/glareone.eu\/pl\/en\/#organization","name":"GlareOne","url":"https:\/\/glareone.eu\/pl\/en\/","logo":{"@type":"ImageObject","inLanguage":"pl-PL","@id":"https:\/\/glareone.eu\/pl\/en\/#\/schema\/logo\/image\/","url":"http:\/\/glareone.eu\/wp-content\/uploads\/2024\/05\/glareone_logo2020_RGB-01-e1715773127189.png","contentUrl":"http:\/\/glareone.eu\/wp-content\/uploads\/2024\/05\/glareone_logo2020_RGB-01-e1715773127189.png","width":1270,"height":321,"caption":"GlareOne"},"image":{"@id":"https:\/\/glareone.eu\/pl\/en\/#\/schema\/logo\/image\/"},"sameAs":["https:\/\/www.facebook.com\/GlareOneLighting","https:\/\/www.instagram.com\/glareonelighting\/","https:\/\/www.youtube.com\/@GlareOneTV"]}]}},"_links":{"self":[{"href":"https:\/\/glareone.eu\/pl\/wp-json\/wp\/v2\/product\/948","targetHints":{"allow":["GET"]}}],"collection":[{"href":"https:\/\/glareone.eu\/pl\/wp-json\/wp\/v2\/product"}],"about":[{"href":"https:\/\/glareone.eu\/pl\/wp-json\/wp\/v2\/types\/product"}],"wp:featuredmedia":[{"embeddable":true,"href":"https:\/\/glareone.eu\/pl\/wp-json\/wp\/v2\/media\/6408"}],"wp:attachment":[{"href":"https:\/\/glareone.eu\/pl\/wp-json\/wp\/v2\/media?parent=948"}],"wp:term":[{"taxonomy":"product_brand","embeddable":true,"href":"https:\/\/glareone.eu\/pl\/wp-json\/wp\/v2\/product_brand?post=948"},{"taxonomy":"product_cat","embeddable":true,"href":"https:\/\/glareone.eu\/pl\/wp-json\/wp\/v2\/product_cat?post=948"},{"taxonomy":"product_tag","embeddable":true,"href":"https:\/\/glareone.eu\/pl\/wp-json\/wp\/v2\/product_tag?post=948"}],"curies":[{"name":"wp","href":"https:\/\/api.w.org\/{rel}","templated":true}]}}