{"id":947,"date":"2024-04-18T19:26:20","date_gmt":"2024-04-18T19:26:20","guid":{"rendered":"http:\/\/glareone.eu\/produkt\/glareone-statyw-stolowy-60-cm-z-glowica-kulowa\/"},"modified":"2024-05-07T12:17:15","modified_gmt":"2024-05-07T12:17:15","slug":"glareone-statyw-stolowy-60-cm-z-glowica-kulowa","status":"publish","type":"product","link":"https:\/\/glareone.eu\/pl\/produkt\/glareone-statyw-stolowy-60-cm-z-glowica-kulowa\/","title":{"rendered":"GlareOne Statyw sto\u0142owy 60 cm z g\u0142owic\u0105 kulow\u0105"},"content":{"rendered":"<p>Uniwersalny statyw sto\u0142owy o wysoko\u015bci maksymalnej 60 cm, kt\u00f3ry zamontujesz na blacie lub biurku. Mo\u017cesz zamontowa\u0107 na nim m.in. aparat, lamp\u0119, mikrofon, o\u015bwietlenie studyjne i inne akcesoria. Posiada regulowan\u0105 wysoko\u015b\u0107 w zakresie 35-60 cm. Zako\u0144czony jest trzpieniem lampy studyjnej razem z gwintem 1\/4 cala. W zestawie posiada ma\u0142\u0105 g\u0142owic\u0119 z gwintem 1\/4 cala.<\/p>\n<h3>Zastosowanie<\/h3>\n<p>Idealnie nadaje si\u0119 do studia i organizacji miejsca nagrywania lub fotografowania przy biurku. Zajmuje bardzo ma\u0142o miejsca, a sprz\u0119t zamontowany na statywie ogranicza si\u0119 tylko do jednej kolumny stabilnie zamontowanej do blatu. Trzpie\u0144 statywowy umo\u017cliwia zamontowanie standardowej studyjnej lampy LED lub lampy b\u0142yskowej, a g\u0142owica do\u0142\u0105czona do statywu pozwoli zamontowa\u0107 lekki panel LED lub na przyk\u0142ad mikrofon.<\/p>\n<h3>Cechy produktu:<\/h3>\n<ul>\n<li>Wytrzyma\u0142a i lekka aluminiowa konstrukcja.<\/li>\n<li>Nadaje si\u0119 do pracy z lekkimi akcesoriami, jak i lampami studyjnymi.<\/li>\n<li>Mo\u017ce by\u0107 u\u017cywany z g\u0142owic\u0105 do\u0142\u0105czon\u0105 do zestawu.<\/li>\n<li>Regulowany szeroki zakres zacisku do 8,5 cm.<\/li>\n<li>D\u0142ugo\u015b\u0107 mo\u017ce by\u0107 regulowana od 35 do 60 cm.<\/li>\n<li>Trzpie\u0144 ma gwint 1\/4 cala.<\/li>\n<li>Zaciski oraz rurki s\u0105 wykonane z aluminium.<\/li>\n<li>Maksymalny ud\u017awig to 2 kg.<\/li>\n<\/ul>\n","protected":false},"excerpt":{"rendered":"<p>Uniwersalny statyw sto\u0142owy o wysoko\u015bci maksymalnej 60 cm, kt\u00f3ry zamontujesz na blacie lub biurku. Mo\u017cesz zamontowa\u0107 na nim m.in. aparat, lamp\u0119, mikrofon, o\u015bwietlenie studyjne i inne akcesoria. Posiada regulowan\u0105 wysoko\u015b\u0107 w zakresie 35-60 cm. Zako\u0144czony jest trzpieniem lampy studyjnej razem z gwintem 1\/4 cala. W zestawie posiada ma\u0142\u0105 g\u0142owic\u0119 z gwintem 1\/4 cala. Zastosowanie Idealnie [&hellip;]<\/p>\n","protected":false},"featured_media":6652,"template":"","meta":[],"product_brand":[],"product_cat":[479],"product_tag":[],"class_list":{"0":"post-947","1":"product","2":"type-product","3":"status-publish","4":"has-post-thumbnail","6":"product_cat-inne","8":"first","9":"instock","10":"product-type-simple"},"yoast_head":"<!-- This site is optimized with the Yoast SEO plugin v27.2 - https:\/\/yoast.com\/product\/yoast-seo-wordpress\/ -->\n<title>GlareOne Statyw sto\u0142owy 60 cm z g\u0142owic\u0105 kulow\u0105<\/title>\n<meta name=\"description\" content=\"GlareOne Statyw sto\u0142owy 60 cm z g\u0142owic\u0105 kulow\u0105\" \/>\n<meta name=\"robots\" content=\"index, follow, max-snippet:-1, max-image-preview:large, max-video-preview:-1\" \/>\n<link rel=\"canonical\" href=\"https:\/\/glareone.eu\/pl\/produkt\/glareone-statyw-stolowy-60-cm-z-glowica-kulowa\/\" \/>\n<meta property=\"og:locale\" content=\"pl_PL\" \/>\n<meta property=\"og:type\" content=\"article\" \/>\n<meta property=\"og:title\" content=\"GlareOne Statyw sto\u0142owy 60 cm z g\u0142owic\u0105 kulow\u0105\" \/>\n<meta property=\"og:description\" content=\"GlareOne Statyw sto\u0142owy 60 cm z g\u0142owic\u0105 kulow\u0105\" \/>\n<meta property=\"og:url\" content=\"https:\/\/glareone.eu\/pl\/produkt\/glareone-statyw-stolowy-60-cm-z-glowica-kulowa\/\" \/>\n<meta property=\"og:site_name\" content=\"GlareOne\" \/>\n<meta property=\"article:publisher\" content=\"https:\/\/www.facebook.com\/GlareOneLighting\" \/>\n<meta property=\"article:modified_time\" content=\"2024-05-07T12:17:15+00:00\" \/>\n<meta property=\"og:image\" content=\"https:\/\/glareone.eu\/wp-content\/uploads\/2024\/04\/SLS50-701_01.jpg\" \/>\n\t<meta property=\"og:image:width\" content=\"1200\" \/>\n\t<meta property=\"og:image:height\" content=\"1200\" \/>\n\t<meta property=\"og:image:type\" content=\"image\/jpeg\" \/>\n<meta name=\"twitter:card\" content=\"summary_large_image\" \/>\n<meta name=\"twitter:title\" content=\"GlareOne Statyw sto\u0142owy 60 cm z g\u0142owic\u0105 kulow\u0105\" \/>\n<meta name=\"twitter:label1\" content=\"Szacowany czas czytania\" \/>\n\t<meta name=\"twitter:data1\" content=\"2 minuty\" \/>\n<script type=\"application\/ld+json\" class=\"yoast-schema-graph\">{\"@context\":\"https:\/\/schema.org\",\"@graph\":[{\"@type\":\"WebPage\",\"@id\":\"https:\/\/glareone.eu\/pl\/produkt\/glareone-statyw-stolowy-60-cm-z-glowica-kulowa\/\",\"url\":\"https:\/\/glareone.eu\/pl\/produkt\/glareone-statyw-stolowy-60-cm-z-glowica-kulowa\/\",\"name\":\"GlareOne Statyw sto\u0142owy 60 cm z g\u0142owic\u0105 kulow\u0105\",\"isPartOf\":{\"@id\":\"https:\/\/glareone.eu\/pl\/en\/#website\"},\"primaryImageOfPage\":{\"@id\":\"https:\/\/glareone.eu\/pl\/produkt\/glareone-statyw-stolowy-60-cm-z-glowica-kulowa\/#primaryimage\"},\"image\":{\"@id\":\"https:\/\/glareone.eu\/pl\/produkt\/glareone-statyw-stolowy-60-cm-z-glowica-kulowa\/#primaryimage\"},\"thumbnailUrl\":\"https:\/\/glareone.eu\/wp-content\/uploads\/2024\/04\/SLS50-701_01.jpg\",\"datePublished\":\"2024-04-18T19:26:20+00:00\",\"dateModified\":\"2024-05-07T12:17:15+00:00\",\"description\":\"GlareOne Statyw sto\u0142owy 60 cm z g\u0142owic\u0105 kulow\u0105\",\"breadcrumb\":{\"@id\":\"https:\/\/glareone.eu\/pl\/produkt\/glareone-statyw-stolowy-60-cm-z-glowica-kulowa\/#breadcrumb\"},\"inLanguage\":\"pl-PL\",\"potentialAction\":[{\"@type\":\"ReadAction\",\"target\":[\"https:\/\/glareone.eu\/pl\/produkt\/glareone-statyw-stolowy-60-cm-z-glowica-kulowa\/\"]}]},{\"@type\":\"ImageObject\",\"inLanguage\":\"pl-PL\",\"@id\":\"https:\/\/glareone.eu\/pl\/produkt\/glareone-statyw-stolowy-60-cm-z-glowica-kulowa\/#primaryimage\",\"url\":\"https:\/\/glareone.eu\/wp-content\/uploads\/2024\/04\/SLS50-701_01.jpg\",\"contentUrl\":\"https:\/\/glareone.eu\/wp-content\/uploads\/2024\/04\/SLS50-701_01.jpg\",\"width\":1200,\"height\":1200},{\"@type\":\"BreadcrumbList\",\"@id\":\"https:\/\/glareone.eu\/pl\/produkt\/glareone-statyw-stolowy-60-cm-z-glowica-kulowa\/#breadcrumb\",\"itemListElement\":[{\"@type\":\"ListItem\",\"position\":1,\"name\":\"Strona g\u0142\u00f3wna\",\"item\":\"https:\/\/glareone.eu\/pl\/\"},{\"@type\":\"ListItem\",\"position\":2,\"name\":\"Wszystkie produkty\",\"item\":\"https:\/\/glareone.eu\/pl\/produkty\/wszystkie-produkty\/\"},{\"@type\":\"ListItem\",\"position\":3,\"name\":\"GlareOne Statyw sto\u0142owy 60 cm z g\u0142owic\u0105 kulow\u0105\"}]},{\"@type\":\"WebSite\",\"@id\":\"https:\/\/glareone.eu\/pl\/en\/#website\",\"url\":\"https:\/\/glareone.eu\/pl\/en\/\",\"name\":\"GlareOne\",\"description\":\"Wyposa\u017cenie Studia\",\"publisher\":{\"@id\":\"https:\/\/glareone.eu\/pl\/en\/#organization\"},\"potentialAction\":[{\"@type\":\"SearchAction\",\"target\":{\"@type\":\"EntryPoint\",\"urlTemplate\":\"https:\/\/glareone.eu\/pl\/en\/?s={search_term_string}\"},\"query-input\":{\"@type\":\"PropertyValueSpecification\",\"valueRequired\":true,\"valueName\":\"search_term_string\"}}],\"inLanguage\":\"pl-PL\"},{\"@type\":\"Organization\",\"@id\":\"https:\/\/glareone.eu\/pl\/en\/#organization\",\"name\":\"GlareOne\",\"url\":\"https:\/\/glareone.eu\/pl\/en\/\",\"logo\":{\"@type\":\"ImageObject\",\"inLanguage\":\"pl-PL\",\"@id\":\"https:\/\/glareone.eu\/pl\/en\/#\/schema\/logo\/image\/\",\"url\":\"http:\/\/glareone.eu\/wp-content\/uploads\/2024\/05\/glareone_logo2020_RGB-01-e1715773127189.png\",\"contentUrl\":\"http:\/\/glareone.eu\/wp-content\/uploads\/2024\/05\/glareone_logo2020_RGB-01-e1715773127189.png\",\"width\":1270,\"height\":321,\"caption\":\"GlareOne\"},\"image\":{\"@id\":\"https:\/\/glareone.eu\/pl\/en\/#\/schema\/logo\/image\/\"},\"sameAs\":[\"https:\/\/www.facebook.com\/GlareOneLighting\",\"https:\/\/www.instagram.com\/glareonelighting\/\",\"https:\/\/www.youtube.com\/@GlareOneTV\"]}]}<\/script>\n<!-- \/ Yoast SEO plugin. -->","yoast_head_json":{"title":"GlareOne Statyw sto\u0142owy 60 cm z g\u0142owic\u0105 kulow\u0105","description":"GlareOne Statyw sto\u0142owy 60 cm z g\u0142owic\u0105 kulow\u0105","robots":{"index":"index","follow":"follow","max-snippet":"max-snippet:-1","max-image-preview":"max-image-preview:large","max-video-preview":"max-video-preview:-1"},"canonical":"https:\/\/glareone.eu\/pl\/produkt\/glareone-statyw-stolowy-60-cm-z-glowica-kulowa\/","og_locale":"pl_PL","og_type":"article","og_title":"GlareOne Statyw sto\u0142owy 60 cm z g\u0142owic\u0105 kulow\u0105","og_description":"GlareOne Statyw sto\u0142owy 60 cm z g\u0142owic\u0105 kulow\u0105","og_url":"https:\/\/glareone.eu\/pl\/produkt\/glareone-statyw-stolowy-60-cm-z-glowica-kulowa\/","og_site_name":"GlareOne","article_publisher":"https:\/\/www.facebook.com\/GlareOneLighting","article_modified_time":"2024-05-07T12:17:15+00:00","og_image":[{"width":1200,"height":1200,"url":"https:\/\/glareone.eu\/wp-content\/uploads\/2024\/04\/SLS50-701_01.jpg","type":"image\/jpeg"}],"twitter_card":"summary_large_image","twitter_title":"GlareOne Statyw sto\u0142owy 60 cm z g\u0142owic\u0105 kulow\u0105","twitter_misc":{"Szacowany czas czytania":"2 minuty"},"schema":{"@context":"https:\/\/schema.org","@graph":[{"@type":"WebPage","@id":"https:\/\/glareone.eu\/pl\/produkt\/glareone-statyw-stolowy-60-cm-z-glowica-kulowa\/","url":"https:\/\/glareone.eu\/pl\/produkt\/glareone-statyw-stolowy-60-cm-z-glowica-kulowa\/","name":"GlareOne Statyw sto\u0142owy 60 cm z g\u0142owic\u0105 kulow\u0105","isPartOf":{"@id":"https:\/\/glareone.eu\/pl\/en\/#website"},"primaryImageOfPage":{"@id":"https:\/\/glareone.eu\/pl\/produkt\/glareone-statyw-stolowy-60-cm-z-glowica-kulowa\/#primaryimage"},"image":{"@id":"https:\/\/glareone.eu\/pl\/produkt\/glareone-statyw-stolowy-60-cm-z-glowica-kulowa\/#primaryimage"},"thumbnailUrl":"https:\/\/glareone.eu\/wp-content\/uploads\/2024\/04\/SLS50-701_01.jpg","datePublished":"2024-04-18T19:26:20+00:00","dateModified":"2024-05-07T12:17:15+00:00","description":"GlareOne Statyw sto\u0142owy 60 cm z g\u0142owic\u0105 kulow\u0105","breadcrumb":{"@id":"https:\/\/glareone.eu\/pl\/produkt\/glareone-statyw-stolowy-60-cm-z-glowica-kulowa\/#breadcrumb"},"inLanguage":"pl-PL","potentialAction":[{"@type":"ReadAction","target":["https:\/\/glareone.eu\/pl\/produkt\/glareone-statyw-stolowy-60-cm-z-glowica-kulowa\/"]}]},{"@type":"ImageObject","inLanguage":"pl-PL","@id":"https:\/\/glareone.eu\/pl\/produkt\/glareone-statyw-stolowy-60-cm-z-glowica-kulowa\/#primaryimage","url":"https:\/\/glareone.eu\/wp-content\/uploads\/2024\/04\/SLS50-701_01.jpg","contentUrl":"https:\/\/glareone.eu\/wp-content\/uploads\/2024\/04\/SLS50-701_01.jpg","width":1200,"height":1200},{"@type":"BreadcrumbList","@id":"https:\/\/glareone.eu\/pl\/produkt\/glareone-statyw-stolowy-60-cm-z-glowica-kulowa\/#breadcrumb","itemListElement":[{"@type":"ListItem","position":1,"name":"Strona g\u0142\u00f3wna","item":"https:\/\/glareone.eu\/pl\/"},{"@type":"ListItem","position":2,"name":"Wszystkie produkty","item":"https:\/\/glareone.eu\/pl\/produkty\/wszystkie-produkty\/"},{"@type":"ListItem","position":3,"name":"GlareOne Statyw sto\u0142owy 60 cm z g\u0142owic\u0105 kulow\u0105"}]},{"@type":"WebSite","@id":"https:\/\/glareone.eu\/pl\/en\/#website","url":"https:\/\/glareone.eu\/pl\/en\/","name":"GlareOne","description":"Wyposa\u017cenie Studia","publisher":{"@id":"https:\/\/glareone.eu\/pl\/en\/#organization"},"potentialAction":[{"@type":"SearchAction","target":{"@type":"EntryPoint","urlTemplate":"https:\/\/glareone.eu\/pl\/en\/?s={search_term_string}"},"query-input":{"@type":"PropertyValueSpecification","valueRequired":true,"valueName":"search_term_string"}}],"inLanguage":"pl-PL"},{"@type":"Organization","@id":"https:\/\/glareone.eu\/pl\/en\/#organization","name":"GlareOne","url":"https:\/\/glareone.eu\/pl\/en\/","logo":{"@type":"ImageObject","inLanguage":"pl-PL","@id":"https:\/\/glareone.eu\/pl\/en\/#\/schema\/logo\/image\/","url":"http:\/\/glareone.eu\/wp-content\/uploads\/2024\/05\/glareone_logo2020_RGB-01-e1715773127189.png","contentUrl":"http:\/\/glareone.eu\/wp-content\/uploads\/2024\/05\/glareone_logo2020_RGB-01-e1715773127189.png","width":1270,"height":321,"caption":"GlareOne"},"image":{"@id":"https:\/\/glareone.eu\/pl\/en\/#\/schema\/logo\/image\/"},"sameAs":["https:\/\/www.facebook.com\/GlareOneLighting","https:\/\/www.instagram.com\/glareonelighting\/","https:\/\/www.youtube.com\/@GlareOneTV"]}]}},"_links":{"self":[{"href":"https:\/\/glareone.eu\/pl\/wp-json\/wp\/v2\/product\/947","targetHints":{"allow":["GET"]}}],"collection":[{"href":"https:\/\/glareone.eu\/pl\/wp-json\/wp\/v2\/product"}],"about":[{"href":"https:\/\/glareone.eu\/pl\/wp-json\/wp\/v2\/types\/product"}],"wp:featuredmedia":[{"embeddable":true,"href":"https:\/\/glareone.eu\/pl\/wp-json\/wp\/v2\/media\/6652"}],"wp:attachment":[{"href":"https:\/\/glareone.eu\/pl\/wp-json\/wp\/v2\/media?parent=947"}],"wp:term":[{"taxonomy":"product_brand","embeddable":true,"href":"https:\/\/glareone.eu\/pl\/wp-json\/wp\/v2\/product_brand?post=947"},{"taxonomy":"product_cat","embeddable":true,"href":"https:\/\/glareone.eu\/pl\/wp-json\/wp\/v2\/product_cat?post=947"},{"taxonomy":"product_tag","embeddable":true,"href":"https:\/\/glareone.eu\/pl\/wp-json\/wp\/v2\/product_tag?post=947"}],"curies":[{"name":"wp","href":"https:\/\/api.w.org\/{rel}","templated":true}]}}