{"id":946,"date":"2024-04-18T19:26:20","date_gmt":"2024-04-18T19:26:20","guid":{"rendered":"http:\/\/glareone.eu\/produkt\/glareone-parasolka-orb-srebrna-110-gleboki-parasol-z-dyfuzorem\/"},"modified":"2025-08-11T10:24:16","modified_gmt":"2025-08-11T10:24:16","slug":"glareone-orb-110-srebrny","status":"publish","type":"product","link":"https:\/\/glareone.eu\/pl\/produkt\/glareone-orb-110-srebrny\/","title":{"rendered":"GlareOne ORB 110 srebrny"},"content":{"rendered":"<p>GlareOne Orb 110 Silver to g\u0142\u0119boki parasol o du\u017cej \u015brednicy, charakteryzuj\u0105cy si\u0119 srebrn\u0105 powierzchni\u0105 odbijaj\u0105c\u0105 \u015bwiat\u0142o oraz dyfuzorem dostarczanym w zestawie.<\/p>\n<h3>Wielofunkcyjny<\/h3>\n<p>Znajdzie zastosowanie w bardzo wielu sytuacjach zdj\u0119ciowych zar\u00f3wno w studiu, jak i w plenerze. Srebrny ekran odbijaj\u0105cy sprawia, \u017ce \u015bwiat\u0142o jest mocne i kontrastowe, co przyda si\u0119 np. podczas zdj\u0119\u0107 modowych. Po dopi\u0119ciu dyfuzora \u015bwiat\u0142o staje si\u0119 mi\u0119kkie i rozproszone &#8211; idealne do delikatnych portret\u00f3w. Dzi\u0119ki konstrukcji o 16 \u015bciankach kszta\u0142t parasola jest zbli\u017cony do okr\u0119gu, a to gwarantuje naturalne odbicia w oczach fotografowanych os\u00f3b.<\/p>\n<h3>Prosty w u\u017cyciu<\/h3>\n<p>Wystarczy go roz\u0142o\u017cy\u0107 jak zwyk\u0142y parasol przeciwdeszczowy i przymocowa\u0107 do lampy, a pasuje do ka\u017cdej &#8211; zar\u00f3wno b\u0142yskowej, jak i \u015bwiat\u0142a ci\u0105g\u0142ego.<\/p>\n<h3>G\u0142\u0119boki<\/h3>\n<p>Du\u017ca g\u0142\u0119boko\u015b\u0107 parasola sprawia, \u017ce \u0142atwiej jest opanowa\u0107 o\u015bwietlenie sceny, a co za tym idzie &#8211; pro\u015bciej jest osi\u0105gn\u0105\u0107 zamierzony efekt. GlareOne Orb znacznie lepiej kierunkuje \u015bwiat\u0142o w por\u00f3wnaniu do swoich p\u0142ytkich odpowiednik\u00f3w.<\/p>\n<h3>Cechy produktu:<\/h3>\n<ul>\n<li>z powodzeniem sprawdza si\u0119 zar\u00f3wno w studiu, jak i poza nim,<\/li>\n<li>pozwala uzyska\u0107 kontrastowe o\u015bwietlenie,<\/li>\n<li>16-boczny kszta\u0142t daje naturalne odbicia w oczach fotografowanych os\u00f3b,<\/li>\n<li>dzi\u0119ki g\u0142\u0119bokiemu profilowi daje bardzo dobr\u0105 kontrol\u0119 nad \u015bwiat\u0142em,<\/li>\n<li>wyposa\u017cony w dodatkowy dyfuzor zmi\u0119kczaj\u0105cy \u015bwiat\u0142o,<\/li>\n<li>szybko si\u0119 rozk\u0142ada i sk\u0142ada,<\/li>\n<li>por\u0119czny, lekki i \u0142atwy w transporcie,<\/li>\n<li>oparty na stela\u017cu z w\u0142\u00f3kna szklanego,<\/li>\n<li>metalowy trzpie\u0144 pasuje do niemal ka\u017cdej lampy studyjnej,<\/li>\n<li>jest dostarczany w por\u0119cznym pokrowcu.<\/li>\n<\/ul>\n","protected":false},"excerpt":{"rendered":"<p>GlareOne Orb 110 Silver to g\u0142\u0119boki parasol o du\u017cej \u015brednicy, charakteryzuj\u0105cy si\u0119 srebrn\u0105 powierzchni\u0105 odbijaj\u0105c\u0105 \u015bwiat\u0142o oraz dyfuzorem dostarczanym w zestawie. Wielofunkcyjny Znajdzie zastosowanie w bardzo wielu sytuacjach zdj\u0119ciowych zar\u00f3wno w studiu, jak i w plenerze. Srebrny ekran odbijaj\u0105cy sprawia, \u017ce \u015bwiat\u0142o jest mocne i kontrastowe, co przyda si\u0119 np. podczas zdj\u0119\u0107 modowych. Po dopi\u0119ciu [&hellip;]<\/p>\n","protected":false},"featured_media":6473,"template":"","meta":[],"product_brand":[],"product_cat":[458],"product_tag":[],"class_list":{"0":"post-946","1":"product","2":"type-product","3":"status-publish","4":"has-post-thumbnail","6":"product_cat-orb","8":"first","9":"instock","10":"product-type-simple"},"yoast_head":"<!-- This site is optimized with the Yoast SEO plugin v27.2 - https:\/\/yoast.com\/product\/yoast-seo-wordpress\/ -->\n<title>GlareOne Parasolka ORB srebrna 110 - g\u0142\u0119boki parasol z dyfuzorem<\/title>\n<meta name=\"description\" content=\"GlareOne Parasolka ORB srebrna 110 - g\u0142\u0119boki parasol z dyfuzorem\" \/>\n<meta name=\"robots\" content=\"index, follow, max-snippet:-1, max-image-preview:large, max-video-preview:-1\" \/>\n<link rel=\"canonical\" href=\"https:\/\/glareone.eu\/pl\/produkt\/glareone-orb-110-srebrny\/\" \/>\n<meta property=\"og:locale\" content=\"pl_PL\" \/>\n<meta property=\"og:type\" content=\"article\" \/>\n<meta property=\"og:title\" content=\"GlareOne Parasolka ORB srebrna 110 - g\u0142\u0119boki parasol z dyfuzorem\" \/>\n<meta property=\"og:description\" content=\"GlareOne Parasolka ORB srebrna 110 - g\u0142\u0119boki parasol z dyfuzorem\" \/>\n<meta property=\"og:url\" content=\"https:\/\/glareone.eu\/pl\/produkt\/glareone-orb-110-srebrny\/\" \/>\n<meta property=\"og:site_name\" content=\"GlareOne\" \/>\n<meta property=\"article:publisher\" content=\"https:\/\/www.facebook.com\/GlareOneLighting\" \/>\n<meta property=\"article:modified_time\" content=\"2025-08-11T10:24:16+00:00\" \/>\n<meta property=\"og:image\" content=\"https:\/\/glareone.eu\/wp-content\/uploads\/2024\/04\/GlareOne-Orb-110-Silver-1_2k.jpg\" \/>\n\t<meta property=\"og:image:width\" content=\"2000\" \/>\n\t<meta property=\"og:image:height\" content=\"2000\" \/>\n\t<meta property=\"og:image:type\" content=\"image\/jpeg\" \/>\n<meta name=\"twitter:card\" content=\"summary_large_image\" \/>\n<meta name=\"twitter:title\" content=\"GlareOne Parasolka ORB srebrna 110 - g\u0142\u0119boki parasol z dyfuzorem\" \/>\n<meta name=\"twitter:label1\" content=\"Szacowany czas czytania\" \/>\n\t<meta name=\"twitter:data1\" content=\"1 minuta\" \/>\n<script type=\"application\/ld+json\" class=\"yoast-schema-graph\">{\"@context\":\"https:\/\/schema.org\",\"@graph\":[{\"@type\":\"WebPage\",\"@id\":\"https:\/\/glareone.eu\/pl\/produkt\/glareone-orb-110-srebrny\/\",\"url\":\"https:\/\/glareone.eu\/pl\/produkt\/glareone-orb-110-srebrny\/\",\"name\":\"GlareOne Parasolka ORB srebrna 110 - g\u0142\u0119boki parasol z dyfuzorem\",\"isPartOf\":{\"@id\":\"https:\/\/glareone.eu\/pl\/en\/#website\"},\"primaryImageOfPage\":{\"@id\":\"https:\/\/glareone.eu\/pl\/produkt\/glareone-orb-110-srebrny\/#primaryimage\"},\"image\":{\"@id\":\"https:\/\/glareone.eu\/pl\/produkt\/glareone-orb-110-srebrny\/#primaryimage\"},\"thumbnailUrl\":\"https:\/\/glareone.eu\/wp-content\/uploads\/2024\/04\/GlareOne-Orb-110-Silver-1_2k.jpg\",\"datePublished\":\"2024-04-18T19:26:20+00:00\",\"dateModified\":\"2025-08-11T10:24:16+00:00\",\"description\":\"GlareOne Parasolka ORB srebrna 110 - g\u0142\u0119boki parasol z dyfuzorem\",\"breadcrumb\":{\"@id\":\"https:\/\/glareone.eu\/pl\/produkt\/glareone-orb-110-srebrny\/#breadcrumb\"},\"inLanguage\":\"pl-PL\",\"potentialAction\":[{\"@type\":\"ReadAction\",\"target\":[\"https:\/\/glareone.eu\/pl\/produkt\/glareone-orb-110-srebrny\/\"]}]},{\"@type\":\"ImageObject\",\"inLanguage\":\"pl-PL\",\"@id\":\"https:\/\/glareone.eu\/pl\/produkt\/glareone-orb-110-srebrny\/#primaryimage\",\"url\":\"https:\/\/glareone.eu\/wp-content\/uploads\/2024\/04\/GlareOne-Orb-110-Silver-1_2k.jpg\",\"contentUrl\":\"https:\/\/glareone.eu\/wp-content\/uploads\/2024\/04\/GlareOne-Orb-110-Silver-1_2k.jpg\",\"width\":2000,\"height\":2000},{\"@type\":\"BreadcrumbList\",\"@id\":\"https:\/\/glareone.eu\/pl\/produkt\/glareone-orb-110-srebrny\/#breadcrumb\",\"itemListElement\":[{\"@type\":\"ListItem\",\"position\":1,\"name\":\"Strona g\u0142\u00f3wna\",\"item\":\"https:\/\/glareone.eu\/pl\/\"},{\"@type\":\"ListItem\",\"position\":2,\"name\":\"Wszystkie produkty\",\"item\":\"https:\/\/glareone.eu\/pl\/produkty\/wszystkie-produkty\/\"},{\"@type\":\"ListItem\",\"position\":3,\"name\":\"GlareOne ORB 110 srebrny\"}]},{\"@type\":\"WebSite\",\"@id\":\"https:\/\/glareone.eu\/pl\/en\/#website\",\"url\":\"https:\/\/glareone.eu\/pl\/en\/\",\"name\":\"GlareOne\",\"description\":\"Wyposa\u017cenie Studia\",\"publisher\":{\"@id\":\"https:\/\/glareone.eu\/pl\/en\/#organization\"},\"potentialAction\":[{\"@type\":\"SearchAction\",\"target\":{\"@type\":\"EntryPoint\",\"urlTemplate\":\"https:\/\/glareone.eu\/pl\/en\/?s={search_term_string}\"},\"query-input\":{\"@type\":\"PropertyValueSpecification\",\"valueRequired\":true,\"valueName\":\"search_term_string\"}}],\"inLanguage\":\"pl-PL\"},{\"@type\":\"Organization\",\"@id\":\"https:\/\/glareone.eu\/pl\/en\/#organization\",\"name\":\"GlareOne\",\"url\":\"https:\/\/glareone.eu\/pl\/en\/\",\"logo\":{\"@type\":\"ImageObject\",\"inLanguage\":\"pl-PL\",\"@id\":\"https:\/\/glareone.eu\/pl\/en\/#\/schema\/logo\/image\/\",\"url\":\"http:\/\/glareone.eu\/wp-content\/uploads\/2024\/05\/glareone_logo2020_RGB-01-e1715773127189.png\",\"contentUrl\":\"http:\/\/glareone.eu\/wp-content\/uploads\/2024\/05\/glareone_logo2020_RGB-01-e1715773127189.png\",\"width\":1270,\"height\":321,\"caption\":\"GlareOne\"},\"image\":{\"@id\":\"https:\/\/glareone.eu\/pl\/en\/#\/schema\/logo\/image\/\"},\"sameAs\":[\"https:\/\/www.facebook.com\/GlareOneLighting\",\"https:\/\/www.instagram.com\/glareonelighting\/\",\"https:\/\/www.youtube.com\/@GlareOneTV\"]}]}<\/script>\n<!-- \/ Yoast SEO plugin. -->","yoast_head_json":{"title":"GlareOne Parasolka ORB srebrna 110 - g\u0142\u0119boki parasol z dyfuzorem","description":"GlareOne Parasolka ORB srebrna 110 - g\u0142\u0119boki parasol z dyfuzorem","robots":{"index":"index","follow":"follow","max-snippet":"max-snippet:-1","max-image-preview":"max-image-preview:large","max-video-preview":"max-video-preview:-1"},"canonical":"https:\/\/glareone.eu\/pl\/produkt\/glareone-orb-110-srebrny\/","og_locale":"pl_PL","og_type":"article","og_title":"GlareOne Parasolka ORB srebrna 110 - g\u0142\u0119boki parasol z dyfuzorem","og_description":"GlareOne Parasolka ORB srebrna 110 - g\u0142\u0119boki parasol z dyfuzorem","og_url":"https:\/\/glareone.eu\/pl\/produkt\/glareone-orb-110-srebrny\/","og_site_name":"GlareOne","article_publisher":"https:\/\/www.facebook.com\/GlareOneLighting","article_modified_time":"2025-08-11T10:24:16+00:00","og_image":[{"width":2000,"height":2000,"url":"https:\/\/glareone.eu\/wp-content\/uploads\/2024\/04\/GlareOne-Orb-110-Silver-1_2k.jpg","type":"image\/jpeg"}],"twitter_card":"summary_large_image","twitter_title":"GlareOne Parasolka ORB srebrna 110 - g\u0142\u0119boki parasol z dyfuzorem","twitter_misc":{"Szacowany czas czytania":"1 minuta"},"schema":{"@context":"https:\/\/schema.org","@graph":[{"@type":"WebPage","@id":"https:\/\/glareone.eu\/pl\/produkt\/glareone-orb-110-srebrny\/","url":"https:\/\/glareone.eu\/pl\/produkt\/glareone-orb-110-srebrny\/","name":"GlareOne Parasolka ORB srebrna 110 - g\u0142\u0119boki parasol z dyfuzorem","isPartOf":{"@id":"https:\/\/glareone.eu\/pl\/en\/#website"},"primaryImageOfPage":{"@id":"https:\/\/glareone.eu\/pl\/produkt\/glareone-orb-110-srebrny\/#primaryimage"},"image":{"@id":"https:\/\/glareone.eu\/pl\/produkt\/glareone-orb-110-srebrny\/#primaryimage"},"thumbnailUrl":"https:\/\/glareone.eu\/wp-content\/uploads\/2024\/04\/GlareOne-Orb-110-Silver-1_2k.jpg","datePublished":"2024-04-18T19:26:20+00:00","dateModified":"2025-08-11T10:24:16+00:00","description":"GlareOne Parasolka ORB srebrna 110 - g\u0142\u0119boki parasol z dyfuzorem","breadcrumb":{"@id":"https:\/\/glareone.eu\/pl\/produkt\/glareone-orb-110-srebrny\/#breadcrumb"},"inLanguage":"pl-PL","potentialAction":[{"@type":"ReadAction","target":["https:\/\/glareone.eu\/pl\/produkt\/glareone-orb-110-srebrny\/"]}]},{"@type":"ImageObject","inLanguage":"pl-PL","@id":"https:\/\/glareone.eu\/pl\/produkt\/glareone-orb-110-srebrny\/#primaryimage","url":"https:\/\/glareone.eu\/wp-content\/uploads\/2024\/04\/GlareOne-Orb-110-Silver-1_2k.jpg","contentUrl":"https:\/\/glareone.eu\/wp-content\/uploads\/2024\/04\/GlareOne-Orb-110-Silver-1_2k.jpg","width":2000,"height":2000},{"@type":"BreadcrumbList","@id":"https:\/\/glareone.eu\/pl\/produkt\/glareone-orb-110-srebrny\/#breadcrumb","itemListElement":[{"@type":"ListItem","position":1,"name":"Strona g\u0142\u00f3wna","item":"https:\/\/glareone.eu\/pl\/"},{"@type":"ListItem","position":2,"name":"Wszystkie produkty","item":"https:\/\/glareone.eu\/pl\/produkty\/wszystkie-produkty\/"},{"@type":"ListItem","position":3,"name":"GlareOne ORB 110 srebrny"}]},{"@type":"WebSite","@id":"https:\/\/glareone.eu\/pl\/en\/#website","url":"https:\/\/glareone.eu\/pl\/en\/","name":"GlareOne","description":"Wyposa\u017cenie Studia","publisher":{"@id":"https:\/\/glareone.eu\/pl\/en\/#organization"},"potentialAction":[{"@type":"SearchAction","target":{"@type":"EntryPoint","urlTemplate":"https:\/\/glareone.eu\/pl\/en\/?s={search_term_string}"},"query-input":{"@type":"PropertyValueSpecification","valueRequired":true,"valueName":"search_term_string"}}],"inLanguage":"pl-PL"},{"@type":"Organization","@id":"https:\/\/glareone.eu\/pl\/en\/#organization","name":"GlareOne","url":"https:\/\/glareone.eu\/pl\/en\/","logo":{"@type":"ImageObject","inLanguage":"pl-PL","@id":"https:\/\/glareone.eu\/pl\/en\/#\/schema\/logo\/image\/","url":"http:\/\/glareone.eu\/wp-content\/uploads\/2024\/05\/glareone_logo2020_RGB-01-e1715773127189.png","contentUrl":"http:\/\/glareone.eu\/wp-content\/uploads\/2024\/05\/glareone_logo2020_RGB-01-e1715773127189.png","width":1270,"height":321,"caption":"GlareOne"},"image":{"@id":"https:\/\/glareone.eu\/pl\/en\/#\/schema\/logo\/image\/"},"sameAs":["https:\/\/www.facebook.com\/GlareOneLighting","https:\/\/www.instagram.com\/glareonelighting\/","https:\/\/www.youtube.com\/@GlareOneTV"]}]}},"_links":{"self":[{"href":"https:\/\/glareone.eu\/pl\/wp-json\/wp\/v2\/product\/946","targetHints":{"allow":["GET"]}}],"collection":[{"href":"https:\/\/glareone.eu\/pl\/wp-json\/wp\/v2\/product"}],"about":[{"href":"https:\/\/glareone.eu\/pl\/wp-json\/wp\/v2\/types\/product"}],"wp:featuredmedia":[{"embeddable":true,"href":"https:\/\/glareone.eu\/pl\/wp-json\/wp\/v2\/media\/6473"}],"wp:attachment":[{"href":"https:\/\/glareone.eu\/pl\/wp-json\/wp\/v2\/media?parent=946"}],"wp:term":[{"taxonomy":"product_brand","embeddable":true,"href":"https:\/\/glareone.eu\/pl\/wp-json\/wp\/v2\/product_brand?post=946"},{"taxonomy":"product_cat","embeddable":true,"href":"https:\/\/glareone.eu\/pl\/wp-json\/wp\/v2\/product_cat?post=946"},{"taxonomy":"product_tag","embeddable":true,"href":"https:\/\/glareone.eu\/pl\/wp-json\/wp\/v2\/product_tag?post=946"}],"curies":[{"name":"wp","href":"https:\/\/api.w.org\/{rel}","templated":true}]}}