{"id":943,"date":"2024-04-18T19:26:20","date_gmt":"2024-04-18T19:26:20","guid":{"rendered":"http:\/\/glareone.eu\/produkt\/glareone-flash-rc-wyzwalacz\/"},"modified":"2024-05-07T10:45:13","modified_gmt":"2024-05-07T10:45:13","slug":"glareone-flash-rc","status":"publish","type":"product","link":"https:\/\/glareone.eu\/pl\/produkt\/glareone-flash-rc\/","title":{"rendered":"GlareOne Flash RC &#8211; wyzwalacz"},"content":{"rendered":"<p>Radiowy sterownik do lamp b\u0142yskowych GlareOne Vega pozwalaj\u0105cy na zdalne sterowanie moc\u0105 oraz synchronizacj\u0119 b\u0142ysku z migawk\u0105 aparatu.<\/p>\n<h3>Kompatybilny z ka\u017cdym aparatem<\/h3>\n<p>Nadajnik jest wyposa\u017cony w standardow\u0105 stopk\u0119 ISO, dzi\u0119ki czemu mo\u017ce by\u0107 wykorzystywany z ka\u017cdym aparatem, niezale\u017cnie od jego marki, w\u0142\u0105czaj\u0105c w to aparaty cyfrowe (lustrzanki i bezlusterkowce) oraz aparaty analogowe.<\/p>\n<h3>Bezprzewodowy<\/h3>\n<p>Do komunikacji z lampami nadajnik wykorzystuje cz\u0119stotliwo\u015b\u0107 radiow\u0105 2.4 GHz, kt\u00f3ra pozwala na szybkie i stabilne przesy\u0142anie informacji, a jego zasi\u0119g si\u0119ga nawet 300 metr\u00f3w.<\/p>\n<h3>\u0141atwy w obs\u0142udze<\/h3>\n<p>Flash RC mo\u017cna \u0142atwo po\u0142\u0105czy\u0107 z lampami serii GlareOne Vega, kt\u00f3re s\u0105 kompatybilne z nadajnikiem. Wystarczy ustawi\u0107 na obu urz\u0105dzeniach ten sam kana\u0142 komunikacji, podpi\u0105\u0107 Flash RC do aparatu i fotografowa\u0107. Nie trzeba stosowa\u0107 \u017cadnych adapter\u00f3w, przewod\u00f3w czy wpina\u0107 w lamp\u0119 dodatkowych odbiornik\u00f3w.<\/p>\n<h3>Funkcjonalny<\/h3>\n<p>Mo\u017cliwe jest sterowanie a\u017c 16-ma grupami lamp, co pozwala stosowa\u0107 bardzo skomplikowane uk\u0142ady o\u015bwietlenia zawieraj\u0105ce wiele \u017ar\u00f3de\u0142 \u015bwiat\u0142a. Jednocze\u015bnie dost\u0119p do 16 kana\u0142\u00f3w komunikacji daje mo\u017cliwo\u015b\u0107 unikni\u0119cia zak\u0142\u00f3ce\u0144 ze strony nadajnik\u00f3w stosowanych przez innych fotograf\u00f3w pracuj\u0105cych w pobli\u017cu. Moc b\u0142ysku lamp mo\u017cna r\u0119cznie regulowa\u0107 z poziomu nadajnika, a maksymalny czas synchronizacji wynosi 1\/250 sekundy.<\/p>\n<h3>Smart design<\/h3>\n<p>Flash RC wyr\u00f3\u017cnia si\u0119 bardzo ma\u0142\u0105 mas\u0105 i rozmiarami, a jednocze\u015bnie zapewnia wysoki komfort pracy. Wyposa\u017cony jest w jasny i czytelny ekran LCD, du\u017ce klawisze steruj\u0105ce oraz automatyczn\u0105 blokad\u0119 stopki, kt\u00f3ra podnosi bezpiecze\u0144stwo pracy z aparatem.<\/p>\n<h3>Cechy GlareOne Flash RC<\/h3>\n<ul>\n<li>Bezprzewodowy sterownik i wyzwalacz lamp b\u0142yskowych GlareOne Vega, Antares.<\/li>\n<li>Kompatybilny z aparatami wyposa\u017conymi w stopk\u0119 ISO (Canon, Nikon, Sony, Olympus, Panasonic, Fujifilm, Pentax, itd.).<\/li>\n<li>Zasi\u0119g a\u017c do 300 m.<\/li>\n<li>Cz\u0119stotliwo\u015b\u0107 radiowa 2.4 GHz.<\/li>\n<li>16 kana\u0142\u00f3w komunikacji i 10 grup lamp.<\/li>\n<li>Prosty w obs\u0142udze.<\/li>\n<li>Du\u017cy i jasny ekran LCD.<\/li>\n<li>Stopka po\u0142\u0105czeniowa\u00a0 z szybk\u0105 blokad\u0105.<\/li>\n<li>Zasilanie z dw\u00f3ch baterii AAA.<\/li>\n<\/ul>\n","protected":false},"excerpt":{"rendered":"<p>Radiowy sterownik do lamp b\u0142yskowych GlareOne Vega pozwalaj\u0105cy na zdalne sterowanie moc\u0105 oraz synchronizacj\u0119 b\u0142ysku z migawk\u0105 aparatu. Kompatybilny z ka\u017cdym aparatem Nadajnik jest wyposa\u017cony w standardow\u0105 stopk\u0119 ISO, dzi\u0119ki czemu mo\u017ce by\u0107 wykorzystywany z ka\u017cdym aparatem, niezale\u017cnie od jego marki, w\u0142\u0105czaj\u0105c w to aparaty cyfrowe (lustrzanki i bezlusterkowce) oraz aparaty analogowe. Bezprzewodowy Do komunikacji [&hellip;]<\/p>\n","protected":false},"featured_media":6377,"template":"","meta":[],"product_brand":[],"product_cat":[378,354],"product_tag":[],"class_list":{"0":"post-943","1":"product","2":"type-product","3":"status-publish","4":"has-post-thumbnail","6":"product_cat-antares","7":"product_cat-vega","9":"first","10":"instock","11":"product-type-simple"},"yoast_head":"<!-- This site is optimized with the Yoast SEO plugin v27.2 - https:\/\/yoast.com\/product\/yoast-seo-wordpress\/ -->\n<title>GlareOne Flash RC - wyzwalacz<\/title>\n<meta name=\"description\" content=\"GlareOne Flash RC - wyzwalacz\" \/>\n<meta name=\"robots\" content=\"index, follow, max-snippet:-1, max-image-preview:large, max-video-preview:-1\" \/>\n<link rel=\"canonical\" href=\"https:\/\/glareone.eu\/pl\/produkt\/glareone-flash-rc\/\" \/>\n<meta property=\"og:locale\" content=\"pl_PL\" \/>\n<meta property=\"og:type\" content=\"article\" \/>\n<meta property=\"og:title\" content=\"GlareOne Flash RC - wyzwalacz\" \/>\n<meta property=\"og:description\" content=\"GlareOne Flash RC - wyzwalacz\" \/>\n<meta property=\"og:url\" content=\"https:\/\/glareone.eu\/pl\/produkt\/glareone-flash-rc\/\" \/>\n<meta property=\"og:site_name\" content=\"GlareOne\" \/>\n<meta property=\"article:publisher\" content=\"https:\/\/www.facebook.com\/GlareOneLighting\" \/>\n<meta property=\"article:modified_time\" content=\"2024-05-07T10:45:13+00:00\" \/>\n<meta property=\"og:image\" content=\"https:\/\/glareone.eu\/wp-content\/uploads\/2024\/04\/SFLASHRC-GlareOne-Flash-RC-1_tn.jpg\" \/>\n\t<meta property=\"og:image:width\" content=\"2000\" \/>\n\t<meta property=\"og:image:height\" content=\"2000\" \/>\n\t<meta property=\"og:image:type\" content=\"image\/jpeg\" \/>\n<meta name=\"twitter:card\" content=\"summary_large_image\" \/>\n<meta name=\"twitter:title\" content=\"GlareOne Flash RC - wyzwalacz\" \/>\n<meta name=\"twitter:label1\" content=\"Szacowany czas czytania\" \/>\n\t<meta name=\"twitter:data1\" content=\"2 minuty\" \/>\n<script type=\"application\/ld+json\" class=\"yoast-schema-graph\">{\"@context\":\"https:\/\/schema.org\",\"@graph\":[{\"@type\":\"WebPage\",\"@id\":\"https:\/\/glareone.eu\/pl\/produkt\/glareone-flash-rc\/\",\"url\":\"https:\/\/glareone.eu\/pl\/produkt\/glareone-flash-rc\/\",\"name\":\"GlareOne Flash RC - wyzwalacz\",\"isPartOf\":{\"@id\":\"https:\/\/glareone.eu\/pl\/en\/#website\"},\"primaryImageOfPage\":{\"@id\":\"https:\/\/glareone.eu\/pl\/produkt\/glareone-flash-rc\/#primaryimage\"},\"image\":{\"@id\":\"https:\/\/glareone.eu\/pl\/produkt\/glareone-flash-rc\/#primaryimage\"},\"thumbnailUrl\":\"https:\/\/glareone.eu\/wp-content\/uploads\/2024\/04\/SFLASHRC-GlareOne-Flash-RC-1_tn.jpg\",\"datePublished\":\"2024-04-18T19:26:20+00:00\",\"dateModified\":\"2024-05-07T10:45:13+00:00\",\"description\":\"GlareOne Flash RC - wyzwalacz\",\"breadcrumb\":{\"@id\":\"https:\/\/glareone.eu\/pl\/produkt\/glareone-flash-rc\/#breadcrumb\"},\"inLanguage\":\"pl-PL\",\"potentialAction\":[{\"@type\":\"ReadAction\",\"target\":[\"https:\/\/glareone.eu\/pl\/produkt\/glareone-flash-rc\/\"]}]},{\"@type\":\"ImageObject\",\"inLanguage\":\"pl-PL\",\"@id\":\"https:\/\/glareone.eu\/pl\/produkt\/glareone-flash-rc\/#primaryimage\",\"url\":\"https:\/\/glareone.eu\/wp-content\/uploads\/2024\/04\/SFLASHRC-GlareOne-Flash-RC-1_tn.jpg\",\"contentUrl\":\"https:\/\/glareone.eu\/wp-content\/uploads\/2024\/04\/SFLASHRC-GlareOne-Flash-RC-1_tn.jpg\",\"width\":2000,\"height\":2000},{\"@type\":\"BreadcrumbList\",\"@id\":\"https:\/\/glareone.eu\/pl\/produkt\/glareone-flash-rc\/#breadcrumb\",\"itemListElement\":[{\"@type\":\"ListItem\",\"position\":1,\"name\":\"Strona g\u0142\u00f3wna\",\"item\":\"https:\/\/glareone.eu\/pl\/\"},{\"@type\":\"ListItem\",\"position\":2,\"name\":\"Wszystkie produkty\",\"item\":\"https:\/\/glareone.eu\/pl\/produkty\/wszystkie-produkty\/\"},{\"@type\":\"ListItem\",\"position\":3,\"name\":\"GlareOne Flash RC &#8211; wyzwalacz\"}]},{\"@type\":\"WebSite\",\"@id\":\"https:\/\/glareone.eu\/pl\/en\/#website\",\"url\":\"https:\/\/glareone.eu\/pl\/en\/\",\"name\":\"GlareOne\",\"description\":\"Wyposa\u017cenie Studia\",\"publisher\":{\"@id\":\"https:\/\/glareone.eu\/pl\/en\/#organization\"},\"potentialAction\":[{\"@type\":\"SearchAction\",\"target\":{\"@type\":\"EntryPoint\",\"urlTemplate\":\"https:\/\/glareone.eu\/pl\/en\/?s={search_term_string}\"},\"query-input\":{\"@type\":\"PropertyValueSpecification\",\"valueRequired\":true,\"valueName\":\"search_term_string\"}}],\"inLanguage\":\"pl-PL\"},{\"@type\":\"Organization\",\"@id\":\"https:\/\/glareone.eu\/pl\/en\/#organization\",\"name\":\"GlareOne\",\"url\":\"https:\/\/glareone.eu\/pl\/en\/\",\"logo\":{\"@type\":\"ImageObject\",\"inLanguage\":\"pl-PL\",\"@id\":\"https:\/\/glareone.eu\/pl\/en\/#\/schema\/logo\/image\/\",\"url\":\"http:\/\/glareone.eu\/wp-content\/uploads\/2024\/05\/glareone_logo2020_RGB-01-e1715773127189.png\",\"contentUrl\":\"http:\/\/glareone.eu\/wp-content\/uploads\/2024\/05\/glareone_logo2020_RGB-01-e1715773127189.png\",\"width\":1270,\"height\":321,\"caption\":\"GlareOne\"},\"image\":{\"@id\":\"https:\/\/glareone.eu\/pl\/en\/#\/schema\/logo\/image\/\"},\"sameAs\":[\"https:\/\/www.facebook.com\/GlareOneLighting\",\"https:\/\/www.instagram.com\/glareonelighting\/\",\"https:\/\/www.youtube.com\/@GlareOneTV\"]}]}<\/script>\n<!-- \/ Yoast SEO plugin. -->","yoast_head_json":{"title":"GlareOne Flash RC - wyzwalacz","description":"GlareOne Flash RC - wyzwalacz","robots":{"index":"index","follow":"follow","max-snippet":"max-snippet:-1","max-image-preview":"max-image-preview:large","max-video-preview":"max-video-preview:-1"},"canonical":"https:\/\/glareone.eu\/pl\/produkt\/glareone-flash-rc\/","og_locale":"pl_PL","og_type":"article","og_title":"GlareOne Flash RC - wyzwalacz","og_description":"GlareOne Flash RC - wyzwalacz","og_url":"https:\/\/glareone.eu\/pl\/produkt\/glareone-flash-rc\/","og_site_name":"GlareOne","article_publisher":"https:\/\/www.facebook.com\/GlareOneLighting","article_modified_time":"2024-05-07T10:45:13+00:00","og_image":[{"width":2000,"height":2000,"url":"https:\/\/glareone.eu\/wp-content\/uploads\/2024\/04\/SFLASHRC-GlareOne-Flash-RC-1_tn.jpg","type":"image\/jpeg"}],"twitter_card":"summary_large_image","twitter_title":"GlareOne Flash RC - wyzwalacz","twitter_misc":{"Szacowany czas czytania":"2 minuty"},"schema":{"@context":"https:\/\/schema.org","@graph":[{"@type":"WebPage","@id":"https:\/\/glareone.eu\/pl\/produkt\/glareone-flash-rc\/","url":"https:\/\/glareone.eu\/pl\/produkt\/glareone-flash-rc\/","name":"GlareOne Flash RC - wyzwalacz","isPartOf":{"@id":"https:\/\/glareone.eu\/pl\/en\/#website"},"primaryImageOfPage":{"@id":"https:\/\/glareone.eu\/pl\/produkt\/glareone-flash-rc\/#primaryimage"},"image":{"@id":"https:\/\/glareone.eu\/pl\/produkt\/glareone-flash-rc\/#primaryimage"},"thumbnailUrl":"https:\/\/glareone.eu\/wp-content\/uploads\/2024\/04\/SFLASHRC-GlareOne-Flash-RC-1_tn.jpg","datePublished":"2024-04-18T19:26:20+00:00","dateModified":"2024-05-07T10:45:13+00:00","description":"GlareOne Flash RC - wyzwalacz","breadcrumb":{"@id":"https:\/\/glareone.eu\/pl\/produkt\/glareone-flash-rc\/#breadcrumb"},"inLanguage":"pl-PL","potentialAction":[{"@type":"ReadAction","target":["https:\/\/glareone.eu\/pl\/produkt\/glareone-flash-rc\/"]}]},{"@type":"ImageObject","inLanguage":"pl-PL","@id":"https:\/\/glareone.eu\/pl\/produkt\/glareone-flash-rc\/#primaryimage","url":"https:\/\/glareone.eu\/wp-content\/uploads\/2024\/04\/SFLASHRC-GlareOne-Flash-RC-1_tn.jpg","contentUrl":"https:\/\/glareone.eu\/wp-content\/uploads\/2024\/04\/SFLASHRC-GlareOne-Flash-RC-1_tn.jpg","width":2000,"height":2000},{"@type":"BreadcrumbList","@id":"https:\/\/glareone.eu\/pl\/produkt\/glareone-flash-rc\/#breadcrumb","itemListElement":[{"@type":"ListItem","position":1,"name":"Strona g\u0142\u00f3wna","item":"https:\/\/glareone.eu\/pl\/"},{"@type":"ListItem","position":2,"name":"Wszystkie produkty","item":"https:\/\/glareone.eu\/pl\/produkty\/wszystkie-produkty\/"},{"@type":"ListItem","position":3,"name":"GlareOne Flash RC &#8211; wyzwalacz"}]},{"@type":"WebSite","@id":"https:\/\/glareone.eu\/pl\/en\/#website","url":"https:\/\/glareone.eu\/pl\/en\/","name":"GlareOne","description":"Wyposa\u017cenie Studia","publisher":{"@id":"https:\/\/glareone.eu\/pl\/en\/#organization"},"potentialAction":[{"@type":"SearchAction","target":{"@type":"EntryPoint","urlTemplate":"https:\/\/glareone.eu\/pl\/en\/?s={search_term_string}"},"query-input":{"@type":"PropertyValueSpecification","valueRequired":true,"valueName":"search_term_string"}}],"inLanguage":"pl-PL"},{"@type":"Organization","@id":"https:\/\/glareone.eu\/pl\/en\/#organization","name":"GlareOne","url":"https:\/\/glareone.eu\/pl\/en\/","logo":{"@type":"ImageObject","inLanguage":"pl-PL","@id":"https:\/\/glareone.eu\/pl\/en\/#\/schema\/logo\/image\/","url":"http:\/\/glareone.eu\/wp-content\/uploads\/2024\/05\/glareone_logo2020_RGB-01-e1715773127189.png","contentUrl":"http:\/\/glareone.eu\/wp-content\/uploads\/2024\/05\/glareone_logo2020_RGB-01-e1715773127189.png","width":1270,"height":321,"caption":"GlareOne"},"image":{"@id":"https:\/\/glareone.eu\/pl\/en\/#\/schema\/logo\/image\/"},"sameAs":["https:\/\/www.facebook.com\/GlareOneLighting","https:\/\/www.instagram.com\/glareonelighting\/","https:\/\/www.youtube.com\/@GlareOneTV"]}]}},"_links":{"self":[{"href":"https:\/\/glareone.eu\/pl\/wp-json\/wp\/v2\/product\/943","targetHints":{"allow":["GET"]}}],"collection":[{"href":"https:\/\/glareone.eu\/pl\/wp-json\/wp\/v2\/product"}],"about":[{"href":"https:\/\/glareone.eu\/pl\/wp-json\/wp\/v2\/types\/product"}],"wp:featuredmedia":[{"embeddable":true,"href":"https:\/\/glareone.eu\/pl\/wp-json\/wp\/v2\/media\/6377"}],"wp:attachment":[{"href":"https:\/\/glareone.eu\/pl\/wp-json\/wp\/v2\/media?parent=943"}],"wp:term":[{"taxonomy":"product_brand","embeddable":true,"href":"https:\/\/glareone.eu\/pl\/wp-json\/wp\/v2\/product_brand?post=943"},{"taxonomy":"product_cat","embeddable":true,"href":"https:\/\/glareone.eu\/pl\/wp-json\/wp\/v2\/product_cat?post=943"},{"taxonomy":"product_tag","embeddable":true,"href":"https:\/\/glareone.eu\/pl\/wp-json\/wp\/v2\/product_tag?post=943"}],"curies":[{"name":"wp","href":"https:\/\/api.w.org\/{rel}","templated":true}]}}