{"id":942,"date":"2024-04-18T19:26:20","date_gmt":"2024-04-18T19:26:20","guid":{"rendered":"http:\/\/glareone.eu\/produkt\/glareone-vega-400-studyjna-lampa-blyskowa\/"},"modified":"2024-05-23T10:01:53","modified_gmt":"2024-05-23T10:01:53","slug":"glareone-vega-400-studyjna-lampa-blyskowa","status":"publish","type":"product","link":"https:\/\/glareone.eu\/pl\/produkt\/glareone-vega-400-studyjna-lampa-blyskowa\/","title":{"rendered":"GlareOne Vega 400 &#8211; studyjna lampa b\u0142yskowa"},"content":{"rendered":"<p><span style=\"font-weight: 400;\">GlareOne Vega 400 to kompaktowa, b\u0142yskowa lampa studyjna o mocy 400 Ws, wyposa\u017cona w \u015bwiat\u0142o pilotuj\u0105ce LED, mocowanie modyfikator\u00f3w \u015bwiat\u0142a typu Bowens oraz wbudowane radiowe sterowanie.<\/span><\/p>\n<h3><strong>Wysoka wydajno\u015b\u0107<\/strong><\/h3>\n<p>Maksymalna moc lampy to 400 Ws (J) i jest to poziom gwarantuj\u0105cy komfortow\u0105 prac\u0119 w bardzo szerokiej gamie\u00a0 temat\u00f3w, jakie fotograf mo\u017ce podj\u0105\u0107 w studiu fotograficznym. Lampa \u015bwietnie nada si\u0119 nie tylko do wykonywania portret\u00f3w, ale mo\u017ce te\u017c s\u0142u\u017cy\u0107 do zdj\u0119\u0107 martwej natury czy fotografii produktowej. Dzi\u0119ki aktywnemu ch\u0142odzeniu oraz nowoczesnej konstrukcji szybko\u015b\u0107 \u0142adowania na pe\u0142nej mocy b\u0142ysku wynosi niespe\u0142na 1 sekund\u0119.<\/p>\n<h3><strong>Wszechstronno\u015b\u0107 lampy GlareOne Vega 400<\/strong><\/h3>\n<p>Zakres regulacji energii b\u0142ysku wynosi a\u017c 6 stopni przys\u0142ony. Oznacza to, \u017ce podczas wykonywania uj\u0119\u0107 portretowych z p\u0142ytk\u0105 g\u0142\u0119bi\u0105 ostro\u015bci mo\u017cliwe jest ustawienie ma\u0142ej mocy b\u0142ysku, a gdy zachodzi taka potrzeba, lampa b\u0119dzie w stanie wygenerowa\u0107 tak du\u017co \u015bwiat\u0142a, aby mo\u017cliwe by\u0142o korzystanie z mocno zamkni\u0119tych przys\u0142on dla uzyskania du\u017cej g\u0142\u0119bi ostro\u015bci.<\/p>\n<h3><strong>Radiowe sterowanie<\/strong><\/h3>\n<p>Vega 400 jest wyposa\u017cona w odbiornik, kt\u00f3ry komunikuje si\u0119 z nadajnikiem GlareOne Flash RC. Dzi\u0119ki temu mo\u017cliwe jest zdalne ustawienie energii b\u0142ysku, bez konieczno\u015bci podchodzenia do lampy, co bardzo u\u0142atwia i usprawnia prac\u0119 w studiu.<\/p>\n<h3><strong>\u015awiat\u0142o pilotuj\u0105ce LED<\/strong><\/h3>\n<p>Lampa posiada \u015bwiat\u0142o pilotuj\u0105ce wykorzystuj\u0105ce uk\u0142ad LED o maksymalnej mocy 15 W. Jest to nowoczesne rozwi\u0105zanie, kt\u00f3re jest wydajniejsze, mniejsze, trwalsze i co bardzo istotne &#8211; bezpieczniejsze od szeroko stosowanych w innych lampach \u017car\u00f3wek halogenowych. \u015awiat\u0142o pilotuj\u0105ce Vega 400 mo\u017ce pracowa\u0107 w trybie proporcjonalnym, kt\u00f3ry jest powi\u0105zany z energi\u0105 b\u0142ysku, jak\u0105 nastawimy, ale mo\u017ce te\u017c by\u0107 na sta\u0142e w\u0142\u0105czone na pe\u0142n\u0105 moc lub wy\u0142\u0105czone.<\/p>\n<h3><strong>Prostota obs\u0142ugi lampy <\/strong><strong>GlareOne Vega 400<\/strong><\/h3>\n<p>Tylny panel wyposa\u017cony jest w czytelny, pod\u015bwietlany ekran LCD, kt\u00f3ry wy\u015bwietla najwa\u017cniejsze parametry pracy, a samo sterowanie jest intuicyjne i\u00a0 bardzo proste do opanowania. Zmiana ustawie\u0144 energii b\u0142ysku czy te\u017c trybu pracy \u015bwiat\u0142a pilotuj\u0105cego odbywa si\u0119 za pomoc\u0105 pokr\u0119t\u0142a oraz jedynie dw\u00f3ch przycisk\u00f3w. To wszystko sprawia, \u017ce bardzo szybko mo\u017cna si\u0119 nauczy\u0107 obs\u0142ugi lampy.<\/p>\n<h3><strong>Modyfikatory \u015bwiat\u0142a<\/strong><\/h3>\n<p>GlareOne Vega 400 jest wyposa\u017cona w mocowanie typu Bowens, kt\u00f3re pozwala na zastosowanie niezwykle szerokiej gamy\u00a0 akcesori\u00f3w s\u0142u\u017c\u0105cych do modyfikowania \u015bwiat\u0142a. Mo\u017cna korzysta\u0107 z softbox\u00f3w o r\u00f3\u017cnych rozmiarach i kszta\u0142tach, czasz, strumienic, wr\u00f3t i nasadek typu Beauty-dish. Ponadto dzi\u0119ki zintegrowanemu z uchwytem statywowym mocowaniu, Vega 400 mo\u017ce by\u0107 tak\u017ce stosowana z parasolami.<\/p>\n<h3><strong>Kompaktowo\u015b\u0107<\/strong><\/h3>\n<p>Obudowa wykonana jest z wysokiej jako\u015bci tworzywa sztucznego, dzi\u0119ki czemu Vega 400 charakteryzuje si\u0119 niewielk\u0105 mas\u0105 w\u0142asn\u0105. Ponadto nowoczesny projekt oraz zastosowanie o\u015bwietlenia pilotuj\u0105cego opartego o technologi\u0119 LED pozwoli\u0142o na zamkni\u0119cie podzespo\u0142\u00f3w w korpusie o niewielkich rozmiarach. Niska waga i ma\u0142e rozmiary powoduj\u0105, \u017ce lamp\u0119 mo\u017cna nie tylko wygodnie transportowa\u0107, ale te\u017c \u0142atwo przechowywa\u0107.<\/p>\n<h3><strong>Cechy GlareOne Vega 400<\/strong><\/h3>\n<ul>\n<li>\u0141atwa w u\u017cyciu i wszechstronna lampa b\u0142yskowa o mocy 400 Ws.<\/li>\n<li>Lekka, niezwykle kompaktowa i \u0142atwa w transporcie.<\/li>\n<li>Stabilna temperatura barwowa (5500\u00b1200K) w ca\u0142ym zakresie regulacji energii b\u0142ysku.<\/li>\n<li>Mo\u017cliwo\u015b\u0107 zmiany mocy w zakresie 6 stopni przys\u0142ony (1\/1~1\/32).<\/li>\n<li>Bardzo kr\u00f3tki czas \u0142adowania &#8211; jedynie 0,9 s na pe\u0142nej mocy.<\/li>\n<li>Posiada \u015bwiat\u0142o pilotuj\u0105ce LED o mocy 15 W (ekwiwalent ok. 150 W lampy halogenowej).<\/li>\n<li>Wyposa\u017cona w mocowanie modyfikator\u00f3w \u015bwiat\u0142a typu Bowens.<\/li>\n<li>Wbudowany odbiornik radiowy kompatybilny z wyzwalaczem GlareOne Flash RC (dost\u0119pny oddzielnie).<\/li>\n<li>Mo\u017ce by\u0107 przypisana do jednej z 16 grup lamp w 32 kana\u0142ach komunikacji.<\/li>\n<li>Wyposa\u017cona w fotocel\u0119 oraz standardowe gniazdo synchronizacyjne 3.5 mm.<\/li>\n<li>Wydajny system aktywnego ch\u0142odzenia oraz bezpiecznik temperaturowy.<\/li>\n<li>Zintegrowany w mocowanie statywowe uchwyt do parasolek.<\/li>\n<li>Ergonomicznie zaprojektowany uchwyt umo\u017cliwiaj\u0105cy regulacj\u0119 k\u0105ta nachylenia.<\/li>\n<li>Dostarczana w zestawie z przewodem zasilaj\u0105cym, pokryw\u0105 ochronn\u0105 i instrukcj\u0105 obs\u0142ugi.<\/li>\n<\/ul>\n","protected":false},"excerpt":{"rendered":"<p>GlareOne Vega 400 to kompaktowa, b\u0142yskowa lampa studyjna o mocy 400 Ws, wyposa\u017cona w \u015bwiat\u0142o pilotuj\u0105ce LED, mocowanie modyfikator\u00f3w \u015bwiat\u0142a typu Bowens oraz wbudowane radiowe sterowanie. Wysoka wydajno\u015b\u0107 Maksymalna moc lampy to 400 Ws (J) i jest to poziom gwarantuj\u0105cy komfortow\u0105 prac\u0119 w bardzo szerokiej gamie\u00a0 temat\u00f3w, jakie fotograf mo\u017ce podj\u0105\u0107 w studiu fotograficznym. Lampa [&hellip;]<\/p>\n","protected":false},"featured_media":1888,"template":"","meta":[],"product_brand":[],"product_cat":[354],"product_tag":[],"class_list":{"0":"post-942","1":"product","2":"type-product","3":"status-publish","4":"has-post-thumbnail","6":"product_cat-vega","8":"first","9":"instock","10":"product-type-simple"},"yoast_head":"<!-- This site is optimized with the Yoast SEO plugin v27.2 - https:\/\/yoast.com\/product\/yoast-seo-wordpress\/ -->\n<title>GlareOne Vega 400 - studyjna lampa b\u0142yskowa<\/title>\n<meta name=\"description\" content=\"GlareOne Vega 400 - kompaktowa, b\u0142yskowa lampa studyjna o mocy 400 Ws, wyposa\u017cona w \u015bwiat\u0142o pilotuj\u0105ce LED i mocowanie modyfikator\u00f3w \u015bwiat\u0142a typu Bowens.\" \/>\n<meta name=\"robots\" content=\"index, follow, max-snippet:-1, max-image-preview:large, max-video-preview:-1\" \/>\n<link rel=\"canonical\" href=\"https:\/\/glareone.eu\/pl\/produkt\/glareone-vega-400-studyjna-lampa-blyskowa\/\" \/>\n<meta property=\"og:locale\" content=\"pl_PL\" \/>\n<meta property=\"og:type\" content=\"article\" \/>\n<meta property=\"og:title\" content=\"GlareOne Vega 400 - studyjna lampa b\u0142yskowa\" \/>\n<meta property=\"og:description\" content=\"GlareOne Vega 400 - kompaktowa, b\u0142yskowa lampa studyjna o mocy 400 Ws, wyposa\u017cona w \u015bwiat\u0142o pilotuj\u0105ce LED i mocowanie modyfikator\u00f3w \u015bwiat\u0142a typu Bowens.\" \/>\n<meta property=\"og:url\" content=\"https:\/\/glareone.eu\/pl\/produkt\/glareone-vega-400-studyjna-lampa-blyskowa\/\" \/>\n<meta property=\"og:site_name\" content=\"GlareOne\" \/>\n<meta property=\"article:publisher\" content=\"https:\/\/www.facebook.com\/GlareOneLighting\" \/>\n<meta property=\"article:modified_time\" content=\"2024-05-23T10:01:53+00:00\" \/>\n<meta property=\"og:image\" content=\"https:\/\/glareone.eu\/wp-content\/uploads\/2024\/04\/SVEGA400-GlareOne-Vega-400-1_tn.jpg\" \/>\n\t<meta property=\"og:image:width\" content=\"2000\" \/>\n\t<meta property=\"og:image:height\" content=\"2000\" \/>\n\t<meta property=\"og:image:type\" content=\"image\/jpeg\" \/>\n<meta name=\"twitter:card\" content=\"summary_large_image\" \/>\n<meta name=\"twitter:title\" content=\"GlareOne Vega 400 - studyjna lampa b\u0142yskowa\" \/>\n<meta name=\"twitter:label1\" content=\"Szacowany czas czytania\" \/>\n\t<meta name=\"twitter:data1\" content=\"3 minuty\" \/>\n<script type=\"application\/ld+json\" class=\"yoast-schema-graph\">{\"@context\":\"https:\/\/schema.org\",\"@graph\":[{\"@type\":\"WebPage\",\"@id\":\"https:\/\/glareone.eu\/pl\/produkt\/glareone-vega-400-studyjna-lampa-blyskowa\/\",\"url\":\"https:\/\/glareone.eu\/pl\/produkt\/glareone-vega-400-studyjna-lampa-blyskowa\/\",\"name\":\"GlareOne Vega 400 - studyjna lampa b\u0142yskowa\",\"isPartOf\":{\"@id\":\"https:\/\/glareone.eu\/pl\/en\/#website\"},\"primaryImageOfPage\":{\"@id\":\"https:\/\/glareone.eu\/pl\/produkt\/glareone-vega-400-studyjna-lampa-blyskowa\/#primaryimage\"},\"image\":{\"@id\":\"https:\/\/glareone.eu\/pl\/produkt\/glareone-vega-400-studyjna-lampa-blyskowa\/#primaryimage\"},\"thumbnailUrl\":\"https:\/\/glareone.eu\/wp-content\/uploads\/2024\/04\/SVEGA400-GlareOne-Vega-400-1_tn.jpg\",\"datePublished\":\"2024-04-18T19:26:20+00:00\",\"dateModified\":\"2024-05-23T10:01:53+00:00\",\"description\":\"GlareOne Vega 400 - kompaktowa, b\u0142yskowa lampa studyjna o mocy 400 Ws, wyposa\u017cona w \u015bwiat\u0142o pilotuj\u0105ce LED i mocowanie modyfikator\u00f3w \u015bwiat\u0142a typu Bowens.\",\"breadcrumb\":{\"@id\":\"https:\/\/glareone.eu\/pl\/produkt\/glareone-vega-400-studyjna-lampa-blyskowa\/#breadcrumb\"},\"inLanguage\":\"pl-PL\",\"potentialAction\":[{\"@type\":\"ReadAction\",\"target\":[\"https:\/\/glareone.eu\/pl\/produkt\/glareone-vega-400-studyjna-lampa-blyskowa\/\"]}]},{\"@type\":\"ImageObject\",\"inLanguage\":\"pl-PL\",\"@id\":\"https:\/\/glareone.eu\/pl\/produkt\/glareone-vega-400-studyjna-lampa-blyskowa\/#primaryimage\",\"url\":\"https:\/\/glareone.eu\/wp-content\/uploads\/2024\/04\/SVEGA400-GlareOne-Vega-400-1_tn.jpg\",\"contentUrl\":\"https:\/\/glareone.eu\/wp-content\/uploads\/2024\/04\/SVEGA400-GlareOne-Vega-400-1_tn.jpg\",\"width\":2000,\"height\":2000},{\"@type\":\"BreadcrumbList\",\"@id\":\"https:\/\/glareone.eu\/pl\/produkt\/glareone-vega-400-studyjna-lampa-blyskowa\/#breadcrumb\",\"itemListElement\":[{\"@type\":\"ListItem\",\"position\":1,\"name\":\"Strona g\u0142\u00f3wna\",\"item\":\"https:\/\/glareone.eu\/pl\/\"},{\"@type\":\"ListItem\",\"position\":2,\"name\":\"Wszystkie produkty\",\"item\":\"https:\/\/glareone.eu\/pl\/produkty\/wszystkie-produkty\/\"},{\"@type\":\"ListItem\",\"position\":3,\"name\":\"GlareOne Vega 400 &#8211; studyjna lampa b\u0142yskowa\"}]},{\"@type\":\"WebSite\",\"@id\":\"https:\/\/glareone.eu\/pl\/en\/#website\",\"url\":\"https:\/\/glareone.eu\/pl\/en\/\",\"name\":\"GlareOne\",\"description\":\"Wyposa\u017cenie Studia\",\"publisher\":{\"@id\":\"https:\/\/glareone.eu\/pl\/en\/#organization\"},\"potentialAction\":[{\"@type\":\"SearchAction\",\"target\":{\"@type\":\"EntryPoint\",\"urlTemplate\":\"https:\/\/glareone.eu\/pl\/en\/?s={search_term_string}\"},\"query-input\":{\"@type\":\"PropertyValueSpecification\",\"valueRequired\":true,\"valueName\":\"search_term_string\"}}],\"inLanguage\":\"pl-PL\"},{\"@type\":\"Organization\",\"@id\":\"https:\/\/glareone.eu\/pl\/en\/#organization\",\"name\":\"GlareOne\",\"url\":\"https:\/\/glareone.eu\/pl\/en\/\",\"logo\":{\"@type\":\"ImageObject\",\"inLanguage\":\"pl-PL\",\"@id\":\"https:\/\/glareone.eu\/pl\/en\/#\/schema\/logo\/image\/\",\"url\":\"http:\/\/glareone.eu\/wp-content\/uploads\/2024\/05\/glareone_logo2020_RGB-01-e1715773127189.png\",\"contentUrl\":\"http:\/\/glareone.eu\/wp-content\/uploads\/2024\/05\/glareone_logo2020_RGB-01-e1715773127189.png\",\"width\":1270,\"height\":321,\"caption\":\"GlareOne\"},\"image\":{\"@id\":\"https:\/\/glareone.eu\/pl\/en\/#\/schema\/logo\/image\/\"},\"sameAs\":[\"https:\/\/www.facebook.com\/GlareOneLighting\",\"https:\/\/www.instagram.com\/glareonelighting\/\",\"https:\/\/www.youtube.com\/@GlareOneTV\"]}]}<\/script>\n<!-- \/ Yoast SEO plugin. -->","yoast_head_json":{"title":"GlareOne Vega 400 - studyjna lampa b\u0142yskowa","description":"GlareOne Vega 400 - kompaktowa, b\u0142yskowa lampa studyjna o mocy 400 Ws, wyposa\u017cona w \u015bwiat\u0142o pilotuj\u0105ce LED i mocowanie modyfikator\u00f3w \u015bwiat\u0142a typu Bowens.","robots":{"index":"index","follow":"follow","max-snippet":"max-snippet:-1","max-image-preview":"max-image-preview:large","max-video-preview":"max-video-preview:-1"},"canonical":"https:\/\/glareone.eu\/pl\/produkt\/glareone-vega-400-studyjna-lampa-blyskowa\/","og_locale":"pl_PL","og_type":"article","og_title":"GlareOne Vega 400 - studyjna lampa b\u0142yskowa","og_description":"GlareOne Vega 400 - kompaktowa, b\u0142yskowa lampa studyjna o mocy 400 Ws, wyposa\u017cona w \u015bwiat\u0142o pilotuj\u0105ce LED i mocowanie modyfikator\u00f3w \u015bwiat\u0142a typu Bowens.","og_url":"https:\/\/glareone.eu\/pl\/produkt\/glareone-vega-400-studyjna-lampa-blyskowa\/","og_site_name":"GlareOne","article_publisher":"https:\/\/www.facebook.com\/GlareOneLighting","article_modified_time":"2024-05-23T10:01:53+00:00","og_image":[{"width":2000,"height":2000,"url":"https:\/\/glareone.eu\/wp-content\/uploads\/2024\/04\/SVEGA400-GlareOne-Vega-400-1_tn.jpg","type":"image\/jpeg"}],"twitter_card":"summary_large_image","twitter_title":"GlareOne Vega 400 - studyjna lampa b\u0142yskowa","twitter_misc":{"Szacowany czas czytania":"3 minuty"},"schema":{"@context":"https:\/\/schema.org","@graph":[{"@type":"WebPage","@id":"https:\/\/glareone.eu\/pl\/produkt\/glareone-vega-400-studyjna-lampa-blyskowa\/","url":"https:\/\/glareone.eu\/pl\/produkt\/glareone-vega-400-studyjna-lampa-blyskowa\/","name":"GlareOne Vega 400 - studyjna lampa b\u0142yskowa","isPartOf":{"@id":"https:\/\/glareone.eu\/pl\/en\/#website"},"primaryImageOfPage":{"@id":"https:\/\/glareone.eu\/pl\/produkt\/glareone-vega-400-studyjna-lampa-blyskowa\/#primaryimage"},"image":{"@id":"https:\/\/glareone.eu\/pl\/produkt\/glareone-vega-400-studyjna-lampa-blyskowa\/#primaryimage"},"thumbnailUrl":"https:\/\/glareone.eu\/wp-content\/uploads\/2024\/04\/SVEGA400-GlareOne-Vega-400-1_tn.jpg","datePublished":"2024-04-18T19:26:20+00:00","dateModified":"2024-05-23T10:01:53+00:00","description":"GlareOne Vega 400 - kompaktowa, b\u0142yskowa lampa studyjna o mocy 400 Ws, wyposa\u017cona w \u015bwiat\u0142o pilotuj\u0105ce LED i mocowanie modyfikator\u00f3w \u015bwiat\u0142a typu Bowens.","breadcrumb":{"@id":"https:\/\/glareone.eu\/pl\/produkt\/glareone-vega-400-studyjna-lampa-blyskowa\/#breadcrumb"},"inLanguage":"pl-PL","potentialAction":[{"@type":"ReadAction","target":["https:\/\/glareone.eu\/pl\/produkt\/glareone-vega-400-studyjna-lampa-blyskowa\/"]}]},{"@type":"ImageObject","inLanguage":"pl-PL","@id":"https:\/\/glareone.eu\/pl\/produkt\/glareone-vega-400-studyjna-lampa-blyskowa\/#primaryimage","url":"https:\/\/glareone.eu\/wp-content\/uploads\/2024\/04\/SVEGA400-GlareOne-Vega-400-1_tn.jpg","contentUrl":"https:\/\/glareone.eu\/wp-content\/uploads\/2024\/04\/SVEGA400-GlareOne-Vega-400-1_tn.jpg","width":2000,"height":2000},{"@type":"BreadcrumbList","@id":"https:\/\/glareone.eu\/pl\/produkt\/glareone-vega-400-studyjna-lampa-blyskowa\/#breadcrumb","itemListElement":[{"@type":"ListItem","position":1,"name":"Strona g\u0142\u00f3wna","item":"https:\/\/glareone.eu\/pl\/"},{"@type":"ListItem","position":2,"name":"Wszystkie produkty","item":"https:\/\/glareone.eu\/pl\/produkty\/wszystkie-produkty\/"},{"@type":"ListItem","position":3,"name":"GlareOne Vega 400 &#8211; studyjna lampa b\u0142yskowa"}]},{"@type":"WebSite","@id":"https:\/\/glareone.eu\/pl\/en\/#website","url":"https:\/\/glareone.eu\/pl\/en\/","name":"GlareOne","description":"Wyposa\u017cenie Studia","publisher":{"@id":"https:\/\/glareone.eu\/pl\/en\/#organization"},"potentialAction":[{"@type":"SearchAction","target":{"@type":"EntryPoint","urlTemplate":"https:\/\/glareone.eu\/pl\/en\/?s={search_term_string}"},"query-input":{"@type":"PropertyValueSpecification","valueRequired":true,"valueName":"search_term_string"}}],"inLanguage":"pl-PL"},{"@type":"Organization","@id":"https:\/\/glareone.eu\/pl\/en\/#organization","name":"GlareOne","url":"https:\/\/glareone.eu\/pl\/en\/","logo":{"@type":"ImageObject","inLanguage":"pl-PL","@id":"https:\/\/glareone.eu\/pl\/en\/#\/schema\/logo\/image\/","url":"http:\/\/glareone.eu\/wp-content\/uploads\/2024\/05\/glareone_logo2020_RGB-01-e1715773127189.png","contentUrl":"http:\/\/glareone.eu\/wp-content\/uploads\/2024\/05\/glareone_logo2020_RGB-01-e1715773127189.png","width":1270,"height":321,"caption":"GlareOne"},"image":{"@id":"https:\/\/glareone.eu\/pl\/en\/#\/schema\/logo\/image\/"},"sameAs":["https:\/\/www.facebook.com\/GlareOneLighting","https:\/\/www.instagram.com\/glareonelighting\/","https:\/\/www.youtube.com\/@GlareOneTV"]}]}},"_links":{"self":[{"href":"https:\/\/glareone.eu\/pl\/wp-json\/wp\/v2\/product\/942","targetHints":{"allow":["GET"]}}],"collection":[{"href":"https:\/\/glareone.eu\/pl\/wp-json\/wp\/v2\/product"}],"about":[{"href":"https:\/\/glareone.eu\/pl\/wp-json\/wp\/v2\/types\/product"}],"wp:featuredmedia":[{"embeddable":true,"href":"https:\/\/glareone.eu\/pl\/wp-json\/wp\/v2\/media\/1888"}],"wp:attachment":[{"href":"https:\/\/glareone.eu\/pl\/wp-json\/wp\/v2\/media?parent=942"}],"wp:term":[{"taxonomy":"product_brand","embeddable":true,"href":"https:\/\/glareone.eu\/pl\/wp-json\/wp\/v2\/product_brand?post=942"},{"taxonomy":"product_cat","embeddable":true,"href":"https:\/\/glareone.eu\/pl\/wp-json\/wp\/v2\/product_cat?post=942"},{"taxonomy":"product_tag","embeddable":true,"href":"https:\/\/glareone.eu\/pl\/wp-json\/wp\/v2\/product_tag?post=942"}],"curies":[{"name":"wp","href":"https:\/\/api.w.org\/{rel}","templated":true}]}}