{"id":940,"date":"2024-04-18T19:26:20","date_gmt":"2024-04-18T19:26:20","guid":{"rendered":"http:\/\/glareone.eu\/produkt\/glareone-alki-200-statyw-oswietleniowy\/"},"modified":"2024-05-07T12:45:14","modified_gmt":"2024-05-07T12:45:14","slug":"glareone-alki-200","status":"publish","type":"product","link":"https:\/\/glareone.eu\/pl\/produkt\/glareone-alki-200\/","title":{"rendered":"GlareOne Alki 200 &#8211; statyw o\u015bwietleniowy"},"content":{"rendered":"<p>GlareOne Alki 200 to bardzo lekki, niezwykle wszechstronny statyw. \u015awietnie si\u0119 sprawdzi, gdy liczy si\u0119 niska waga sprz\u0119tu, jego niewielki rozmiar oraz maksymalna u\u017cyteczno\u015b\u0107.<\/p>\n<p>Statyw ten jest wyj\u0105tkowo kompaktowy po z\u0142o\u017ceniu (mierzy jedynie 51 cm), dzi\u0119ki mechanizmowi odwrotnego sk\u0142adania n\u00f3g. Jednocze\u015bnie daje si\u0119 rozci\u0105gn\u0105\u0107 a\u017c do wysoko\u015bci 200 cm, dzi\u0119ki czteroelementowej konstrukcji kolumny centralnej.<\/p>\n<p>Statyw jest niemal w ca\u0142o\u015bci wyprodukowany z metalu. Nogi s\u0105 wykonane ze stali, aby zapewni\u0107 najwy\u017csz\u0105 mo\u017cliw\u0105 stabilno\u015b\u0107 i trwa\u0142o\u015b\u0107, a elementy kolumny centralnej i \u0142\u0105cznik n\u00f3g s\u0105 zbudowane z aluminium, aby zachowa\u0107 niewielk\u0105 wag\u0119.<\/p>\n<p>Maksymalne obci\u0105\u017cenie, jakie Alki 200 jest w stanie przenie\u015b\u0107 to 1,5 kg, co sprawia, \u017ce nada si\u0119 na podstaw\u0119 do ka\u017cdej reporterskiej lampy b\u0142yskowej lub niewielkiej, zasilanej bateryjnie lampy studyjnej. Ponadto Alki 200 b\u0119dzie \u015bwietnie pasowa\u0142 do wszystkich paneli LED GlareOne, ale mo\u017ce by\u0107 te\u017c zastosowany z dowolnymi innymi ma\u0142ymi lampami LED innych producent\u00f3w. Wszystko to sprawia, \u017ce Alki 200 jest niezwykle wszechstronnym statywem i przyda si\u0119 ka\u017cdemu fotografowi, kamerzy\u015bcie czy vlogerowi.<\/p>\n<p>Alki 200 mo\u017ce s\u0142u\u017cy\u0107 jako statyw zar\u00f3wno w warunkach plenerowych, jak i w studyjnych.<\/p>\n<p>Szczeg\u00f3lnie przyda si\u0119 w ma\u0142ym, domowym studio, gdzie liczy si\u0119 ka\u017cdy centymetr kwadratowy. Kiedy potrzebujemy ustawi\u0107 \u015bwiat\u0142o do wideokonferencji lub postawi\u0107 lamp\u0119 nisko nad ziemi\u0105, aby o\u015bwietli\u0107 t\u0142o \u2014 Alki 200 idealnie nada si\u0119 do tego celu. Ale to nie wszystko, poniewa\u017c kolumn\u0119 centraln\u0105 mo\u017cna oddzieli\u0107 od n\u00f3g i przekszta\u0142ci\u0107 w wysi\u0119gnik, za pomoc\u0105 kt\u00f3rego my lub nasz asystent b\u0119dziemy mogli umie\u015bci\u0107 lamp\u0119 wysoko ponad g\u0142ow\u0105.<\/p>\n<h3>Cechy produktu:<\/h3>\n<ul>\n<li>Solidny, wszechstronny i kompaktowy statyw do lamp.<\/li>\n<li>Idealny dla fotograf\u00f3w, filmowc\u00f3w i vloger\u00f3w zar\u00f3wno do pracy poza studiem, jak i w nim.<\/li>\n<li>Wyposa\u017cony w mechanizm odwrotnego sk\u0142adania n\u00f3g zapewniaj\u0105cy wyj\u0105tkow\u0105 mobilno\u015b\u0107.<\/li>\n<li>Osi\u0105ga a\u017c 200 cm wysoko\u015bci przy zachowaniu 51 cm d\u0142ugo\u015bci po z\u0142o\u017ceniu, 1,5 kg maksymalnego ud\u017awigu sprawia, \u017ce idealnie nadaje si\u0119 do ma\u0142ych paneli LED i reporterskich lamp b\u0142yskowych.<\/li>\n<li>Wa\u017cy mniej ni\u017c 1 kg.<\/li>\n<li>Mo\u017cna go b\u0142yskawicznie roz\u0142o\u017cy\u0107 i z\u0142o\u017cy\u0107 dzi\u0119ki zaciskom sekcji kolumny centralnej.<\/li>\n<li>Wyposa\u017cony w od\u0142\u0105czane nogi, co umo\u017cliwia przekszta\u0142cenie go w wysi\u0119gnik.<\/li>\n<li>Jest wyposa\u017cony w \u015brub\u0119 \u00bc \u201d, co pozwala montowa\u0107 r\u00f3\u017cne akcesoria, takie jak lampy czy mikrofony.<\/li>\n<li>Kolumna centralna i nogi wykonane z metalu.<\/li>\n<\/ul>\n","protected":false},"excerpt":{"rendered":"<p>GlareOne Alki 200 to bardzo lekki, niezwykle wszechstronny statyw. \u015awietnie si\u0119 sprawdzi, gdy liczy si\u0119 niska waga sprz\u0119tu, jego niewielki rozmiar oraz maksymalna u\u017cyteczno\u015b\u0107. Statyw ten jest wyj\u0105tkowo kompaktowy po z\u0142o\u017ceniu (mierzy jedynie 51 cm), dzi\u0119ki mechanizmowi odwrotnego sk\u0142adania n\u00f3g. Jednocze\u015bnie daje si\u0119 rozci\u0105gn\u0105\u0107 a\u017c do wysoko\u015bci 200 cm, dzi\u0119ki czteroelementowej konstrukcji kolumny centralnej. Statyw [&hellip;]<\/p>\n","protected":false},"featured_media":6696,"template":"","meta":[],"product_brand":[],"product_cat":[479],"product_tag":[],"class_list":{"0":"post-940","1":"product","2":"type-product","3":"status-publish","4":"has-post-thumbnail","6":"product_cat-inne","8":"first","9":"instock","10":"product-type-simple"},"yoast_head":"<!-- This site is optimized with the Yoast SEO plugin v27.2 - https:\/\/yoast.com\/product\/yoast-seo-wordpress\/ -->\n<title>GlareOne Alki 200 - statyw o\u015bwietleniowy<\/title>\n<meta name=\"description\" content=\"GlareOne Alki 200 - statyw o\u015bwietleniowy\" \/>\n<meta name=\"robots\" content=\"index, follow, max-snippet:-1, max-image-preview:large, max-video-preview:-1\" \/>\n<link rel=\"canonical\" href=\"https:\/\/glareone.eu\/pl\/produkt\/glareone-alki-200\/\" \/>\n<meta property=\"og:locale\" content=\"pl_PL\" \/>\n<meta property=\"og:type\" content=\"article\" \/>\n<meta property=\"og:title\" content=\"GlareOne Alki 200 - statyw o\u015bwietleniowy\" \/>\n<meta property=\"og:description\" content=\"GlareOne Alki 200 - statyw o\u015bwietleniowy\" \/>\n<meta property=\"og:url\" content=\"https:\/\/glareone.eu\/pl\/produkt\/glareone-alki-200\/\" \/>\n<meta property=\"og:site_name\" content=\"GlareOne\" \/>\n<meta property=\"article:publisher\" content=\"https:\/\/www.facebook.com\/GlareOneLighting\" \/>\n<meta property=\"article:modified_time\" content=\"2024-05-07T12:45:14+00:00\" \/>\n<meta property=\"og:image\" content=\"https:\/\/glareone.eu\/wp-content\/uploads\/2024\/04\/SLSF200-GlareOne-Alki-200-002-scaled.jpg\" \/>\n\t<meta property=\"og:image:width\" content=\"2560\" \/>\n\t<meta property=\"og:image:height\" content=\"2560\" \/>\n\t<meta property=\"og:image:type\" content=\"image\/jpeg\" \/>\n<meta name=\"twitter:card\" content=\"summary_large_image\" \/>\n<meta name=\"twitter:title\" content=\"GlareOne Alki 200 - statyw o\u015bwietleniowy\" \/>\n<meta name=\"twitter:label1\" content=\"Szacowany czas czytania\" \/>\n\t<meta name=\"twitter:data1\" content=\"3 minuty\" \/>\n<script type=\"application\/ld+json\" class=\"yoast-schema-graph\">{\"@context\":\"https:\/\/schema.org\",\"@graph\":[{\"@type\":\"WebPage\",\"@id\":\"https:\/\/glareone.eu\/pl\/produkt\/glareone-alki-200\/\",\"url\":\"https:\/\/glareone.eu\/pl\/produkt\/glareone-alki-200\/\",\"name\":\"GlareOne Alki 200 - statyw o\u015bwietleniowy\",\"isPartOf\":{\"@id\":\"https:\/\/glareone.eu\/pl\/en\/#website\"},\"primaryImageOfPage\":{\"@id\":\"https:\/\/glareone.eu\/pl\/produkt\/glareone-alki-200\/#primaryimage\"},\"image\":{\"@id\":\"https:\/\/glareone.eu\/pl\/produkt\/glareone-alki-200\/#primaryimage\"},\"thumbnailUrl\":\"https:\/\/glareone.eu\/wp-content\/uploads\/2024\/04\/SLSF200-GlareOne-Alki-200-002-scaled.jpg\",\"datePublished\":\"2024-04-18T19:26:20+00:00\",\"dateModified\":\"2024-05-07T12:45:14+00:00\",\"description\":\"GlareOne Alki 200 - statyw o\u015bwietleniowy\",\"breadcrumb\":{\"@id\":\"https:\/\/glareone.eu\/pl\/produkt\/glareone-alki-200\/#breadcrumb\"},\"inLanguage\":\"pl-PL\",\"potentialAction\":[{\"@type\":\"ReadAction\",\"target\":[\"https:\/\/glareone.eu\/pl\/produkt\/glareone-alki-200\/\"]}]},{\"@type\":\"ImageObject\",\"inLanguage\":\"pl-PL\",\"@id\":\"https:\/\/glareone.eu\/pl\/produkt\/glareone-alki-200\/#primaryimage\",\"url\":\"https:\/\/glareone.eu\/wp-content\/uploads\/2024\/04\/SLSF200-GlareOne-Alki-200-002-scaled.jpg\",\"contentUrl\":\"https:\/\/glareone.eu\/wp-content\/uploads\/2024\/04\/SLSF200-GlareOne-Alki-200-002-scaled.jpg\",\"width\":2560,\"height\":2560},{\"@type\":\"BreadcrumbList\",\"@id\":\"https:\/\/glareone.eu\/pl\/produkt\/glareone-alki-200\/#breadcrumb\",\"itemListElement\":[{\"@type\":\"ListItem\",\"position\":1,\"name\":\"Strona g\u0142\u00f3wna\",\"item\":\"https:\/\/glareone.eu\/pl\/\"},{\"@type\":\"ListItem\",\"position\":2,\"name\":\"Wszystkie produkty\",\"item\":\"https:\/\/glareone.eu\/pl\/produkty\/wszystkie-produkty\/\"},{\"@type\":\"ListItem\",\"position\":3,\"name\":\"GlareOne Alki 200 &#8211; statyw o\u015bwietleniowy\"}]},{\"@type\":\"WebSite\",\"@id\":\"https:\/\/glareone.eu\/pl\/en\/#website\",\"url\":\"https:\/\/glareone.eu\/pl\/en\/\",\"name\":\"GlareOne\",\"description\":\"Wyposa\u017cenie Studia\",\"publisher\":{\"@id\":\"https:\/\/glareone.eu\/pl\/en\/#organization\"},\"potentialAction\":[{\"@type\":\"SearchAction\",\"target\":{\"@type\":\"EntryPoint\",\"urlTemplate\":\"https:\/\/glareone.eu\/pl\/en\/?s={search_term_string}\"},\"query-input\":{\"@type\":\"PropertyValueSpecification\",\"valueRequired\":true,\"valueName\":\"search_term_string\"}}],\"inLanguage\":\"pl-PL\"},{\"@type\":\"Organization\",\"@id\":\"https:\/\/glareone.eu\/pl\/en\/#organization\",\"name\":\"GlareOne\",\"url\":\"https:\/\/glareone.eu\/pl\/en\/\",\"logo\":{\"@type\":\"ImageObject\",\"inLanguage\":\"pl-PL\",\"@id\":\"https:\/\/glareone.eu\/pl\/en\/#\/schema\/logo\/image\/\",\"url\":\"http:\/\/glareone.eu\/wp-content\/uploads\/2024\/05\/glareone_logo2020_RGB-01-e1715773127189.png\",\"contentUrl\":\"http:\/\/glareone.eu\/wp-content\/uploads\/2024\/05\/glareone_logo2020_RGB-01-e1715773127189.png\",\"width\":1270,\"height\":321,\"caption\":\"GlareOne\"},\"image\":{\"@id\":\"https:\/\/glareone.eu\/pl\/en\/#\/schema\/logo\/image\/\"},\"sameAs\":[\"https:\/\/www.facebook.com\/GlareOneLighting\",\"https:\/\/www.instagram.com\/glareonelighting\/\",\"https:\/\/www.youtube.com\/@GlareOneTV\"]}]}<\/script>\n<!-- \/ Yoast SEO plugin. -->","yoast_head_json":{"title":"GlareOne Alki 200 - statyw o\u015bwietleniowy","description":"GlareOne Alki 200 - statyw o\u015bwietleniowy","robots":{"index":"index","follow":"follow","max-snippet":"max-snippet:-1","max-image-preview":"max-image-preview:large","max-video-preview":"max-video-preview:-1"},"canonical":"https:\/\/glareone.eu\/pl\/produkt\/glareone-alki-200\/","og_locale":"pl_PL","og_type":"article","og_title":"GlareOne Alki 200 - statyw o\u015bwietleniowy","og_description":"GlareOne Alki 200 - statyw o\u015bwietleniowy","og_url":"https:\/\/glareone.eu\/pl\/produkt\/glareone-alki-200\/","og_site_name":"GlareOne","article_publisher":"https:\/\/www.facebook.com\/GlareOneLighting","article_modified_time":"2024-05-07T12:45:14+00:00","og_image":[{"width":2560,"height":2560,"url":"https:\/\/glareone.eu\/wp-content\/uploads\/2024\/04\/SLSF200-GlareOne-Alki-200-002-scaled.jpg","type":"image\/jpeg"}],"twitter_card":"summary_large_image","twitter_title":"GlareOne Alki 200 - statyw o\u015bwietleniowy","twitter_misc":{"Szacowany czas czytania":"3 minuty"},"schema":{"@context":"https:\/\/schema.org","@graph":[{"@type":"WebPage","@id":"https:\/\/glareone.eu\/pl\/produkt\/glareone-alki-200\/","url":"https:\/\/glareone.eu\/pl\/produkt\/glareone-alki-200\/","name":"GlareOne Alki 200 - statyw o\u015bwietleniowy","isPartOf":{"@id":"https:\/\/glareone.eu\/pl\/en\/#website"},"primaryImageOfPage":{"@id":"https:\/\/glareone.eu\/pl\/produkt\/glareone-alki-200\/#primaryimage"},"image":{"@id":"https:\/\/glareone.eu\/pl\/produkt\/glareone-alki-200\/#primaryimage"},"thumbnailUrl":"https:\/\/glareone.eu\/wp-content\/uploads\/2024\/04\/SLSF200-GlareOne-Alki-200-002-scaled.jpg","datePublished":"2024-04-18T19:26:20+00:00","dateModified":"2024-05-07T12:45:14+00:00","description":"GlareOne Alki 200 - statyw o\u015bwietleniowy","breadcrumb":{"@id":"https:\/\/glareone.eu\/pl\/produkt\/glareone-alki-200\/#breadcrumb"},"inLanguage":"pl-PL","potentialAction":[{"@type":"ReadAction","target":["https:\/\/glareone.eu\/pl\/produkt\/glareone-alki-200\/"]}]},{"@type":"ImageObject","inLanguage":"pl-PL","@id":"https:\/\/glareone.eu\/pl\/produkt\/glareone-alki-200\/#primaryimage","url":"https:\/\/glareone.eu\/wp-content\/uploads\/2024\/04\/SLSF200-GlareOne-Alki-200-002-scaled.jpg","contentUrl":"https:\/\/glareone.eu\/wp-content\/uploads\/2024\/04\/SLSF200-GlareOne-Alki-200-002-scaled.jpg","width":2560,"height":2560},{"@type":"BreadcrumbList","@id":"https:\/\/glareone.eu\/pl\/produkt\/glareone-alki-200\/#breadcrumb","itemListElement":[{"@type":"ListItem","position":1,"name":"Strona g\u0142\u00f3wna","item":"https:\/\/glareone.eu\/pl\/"},{"@type":"ListItem","position":2,"name":"Wszystkie produkty","item":"https:\/\/glareone.eu\/pl\/produkty\/wszystkie-produkty\/"},{"@type":"ListItem","position":3,"name":"GlareOne Alki 200 &#8211; statyw o\u015bwietleniowy"}]},{"@type":"WebSite","@id":"https:\/\/glareone.eu\/pl\/en\/#website","url":"https:\/\/glareone.eu\/pl\/en\/","name":"GlareOne","description":"Wyposa\u017cenie Studia","publisher":{"@id":"https:\/\/glareone.eu\/pl\/en\/#organization"},"potentialAction":[{"@type":"SearchAction","target":{"@type":"EntryPoint","urlTemplate":"https:\/\/glareone.eu\/pl\/en\/?s={search_term_string}"},"query-input":{"@type":"PropertyValueSpecification","valueRequired":true,"valueName":"search_term_string"}}],"inLanguage":"pl-PL"},{"@type":"Organization","@id":"https:\/\/glareone.eu\/pl\/en\/#organization","name":"GlareOne","url":"https:\/\/glareone.eu\/pl\/en\/","logo":{"@type":"ImageObject","inLanguage":"pl-PL","@id":"https:\/\/glareone.eu\/pl\/en\/#\/schema\/logo\/image\/","url":"http:\/\/glareone.eu\/wp-content\/uploads\/2024\/05\/glareone_logo2020_RGB-01-e1715773127189.png","contentUrl":"http:\/\/glareone.eu\/wp-content\/uploads\/2024\/05\/glareone_logo2020_RGB-01-e1715773127189.png","width":1270,"height":321,"caption":"GlareOne"},"image":{"@id":"https:\/\/glareone.eu\/pl\/en\/#\/schema\/logo\/image\/"},"sameAs":["https:\/\/www.facebook.com\/GlareOneLighting","https:\/\/www.instagram.com\/glareonelighting\/","https:\/\/www.youtube.com\/@GlareOneTV"]}]}},"_links":{"self":[{"href":"https:\/\/glareone.eu\/pl\/wp-json\/wp\/v2\/product\/940","targetHints":{"allow":["GET"]}}],"collection":[{"href":"https:\/\/glareone.eu\/pl\/wp-json\/wp\/v2\/product"}],"about":[{"href":"https:\/\/glareone.eu\/pl\/wp-json\/wp\/v2\/types\/product"}],"wp:featuredmedia":[{"embeddable":true,"href":"https:\/\/glareone.eu\/pl\/wp-json\/wp\/v2\/media\/6696"}],"wp:attachment":[{"href":"https:\/\/glareone.eu\/pl\/wp-json\/wp\/v2\/media?parent=940"}],"wp:term":[{"taxonomy":"product_brand","embeddable":true,"href":"https:\/\/glareone.eu\/pl\/wp-json\/wp\/v2\/product_brand?post=940"},{"taxonomy":"product_cat","embeddable":true,"href":"https:\/\/glareone.eu\/pl\/wp-json\/wp\/v2\/product_cat?post=940"},{"taxonomy":"product_tag","embeddable":true,"href":"https:\/\/glareone.eu\/pl\/wp-json\/wp\/v2\/product_tag?post=940"}],"curies":[{"name":"wp","href":"https:\/\/api.w.org\/{rel}","templated":true}]}}