{"id":939,"date":"2024-04-18T19:26:20","date_gmt":"2024-04-18T19:26:20","guid":{"rendered":"http:\/\/glareone.eu\/produkt\/glareone-kenku-130-uchwyt-do-blend\/"},"modified":"2024-05-13T08:17:14","modified_gmt":"2024-05-13T08:17:14","slug":"glareone-kenku-130","status":"publish","type":"product","link":"https:\/\/glareone.eu\/pl\/produkt\/glareone-kenku-130\/","title":{"rendered":"GlareOne Kenku 130 &#8211; uchwyt do blend"},"content":{"rendered":"<p><strong>GlareOne Kenku 130<\/strong> to uchwyt, kt\u00f3ry pozwala przekszta\u0142ci\u0107 niemal ka\u017cdy statyw studyjny w asystenta odpowiedzialnego za trzymanie blendy.<\/p>\n<p>Dzi\u0119ki temu, \u017ce d\u0142ugo\u015b\u0107 uchwytu mo\u017ce by\u0107 regulowana w zakresie od 54 do 130 cm b\u0119dzie pasowa\u0142 do zdecydowanej wi\u0119kszo\u015bci sk\u0142adanych blend dost\u0119pnych na rynku.<\/p>\n<p>Wyposa\u017cony jest w dwa zaciski, kt\u00f3re pozwalaj\u0105 na bezpo\u015bredni monta\u017c blendy, a ich po\u0142o\u017cenie mo\u017cna regulowa\u0107, przesuwaj\u0105c w g\u00f3r\u0119 i w d\u00f3\u0142 sekcji. G\u0142owica daje mo\u017cliwo\u015b\u0107 regulacji k\u0105ta pochylenia, a dzi\u0119ki temu, \u017ce zaciski sekcji s\u0105 wyposa\u017cone w d\u017awignie, sk\u0142adanie i rozk\u0142adanie jest szybkie i \u0142atwe.<\/p>\n<p>W razie konieczno\u015bci mo\u017cna go te\u017c u\u017cy\u0107 jako rami\u0119 (boom) i zastosowa\u0107 do umieszczenia niewielkich paneli LED lub reporterskich lamp b\u0142yskowych ponad fotografowanym obiektem.<\/p>\n<p>Jeden z ko\u0144c\u00f3w ramienia wyposa\u017cony jest w standardowy gwint m\u0119ski typu 1\/4 cala, co daje sporo mo\u017cliwo\u015bci monta\u017cowych. Drugi koniec uchwytu posiada otw\u00f3r, dzi\u0119ki kt\u00f3remu mo\u017cna zamocowa\u0107 przeciwwag\u0119 (nie jest dostarczana w komplecie).<\/p>\n<p>Uchwyt wykonany jest niemal ca\u0142kowicie z aluminium, co gwarantuje niewielk\u0105 mas\u0119 (ok. 500 g), a tak\u017ce du\u017c\u0105 sztywno\u015b\u0107 i wytrzyma\u0142o\u015b\u0107. Maksymalne obci\u0105\u017cenie wynosi 1 kg.<\/p>\n<h3>Cechy produktu:<\/h3>\n<ul>\n<li>\u0141atwy w u\u017cyciu uchwyt zaprojektowany specjalnie dla blend.<\/li>\n<li>Niezb\u0119dny w ka\u017cdym studiu i podczas prac w plenerze.<\/li>\n<li>D\u0142ugo\u015b\u0107 mo\u017cna regulowa\u0107 w zakresie od 54 do 130 cm.<\/li>\n<li>Mo\u017ce by\u0107 u\u017cywany jako dodatek do zwyk\u0142ego statywu studyjnego.<\/li>\n<li>Zaopatrzony w dwa zaciski pozwalaj\u0105ce na bezpo\u015bredni monta\u017c sk\u0142adanych blend.<\/li>\n<li>Jest wyposa\u017cony w gwint \u00bc\u201d, pozwalaj\u0105cy na monta\u017c ma\u0142ych paneli LED, mikrofon\u00f3w czy b\u0142yskowych lamp reporterskich.<\/li>\n<li>Ud\u017awig maksymalny wynosi 1 kg.<\/li>\n<li>Mo\u017cna go b\u0142yskawicznie roz\u0142o\u017cy\u0107 i z\u0142o\u017cy\u0107.<\/li>\n<li>Wbudowana, ca\u0142kowicie metalowa g\u0142owica pozwalaj\u0105ca regulowa\u0107 k\u0105t pochylenia.<\/li>\n<\/ul>\n","protected":false},"excerpt":{"rendered":"<p>GlareOne Kenku 130 to uchwyt, kt\u00f3ry pozwala przekszta\u0142ci\u0107 niemal ka\u017cdy statyw studyjny w asystenta odpowiedzialnego za trzymanie blendy. Dzi\u0119ki temu, \u017ce d\u0142ugo\u015b\u0107 uchwytu mo\u017ce by\u0107 regulowana w zakresie od 54 do 130 cm b\u0119dzie pasowa\u0142 do zdecydowanej wi\u0119kszo\u015bci sk\u0142adanych blend dost\u0119pnych na rynku. Wyposa\u017cony jest w dwa zaciski, kt\u00f3re pozwalaj\u0105 na bezpo\u015bredni monta\u017c blendy, a [&hellip;]<\/p>\n","protected":false},"featured_media":8646,"template":"","meta":[],"product_brand":[],"product_cat":[442],"product_tag":[],"class_list":{"0":"post-939","1":"product","2":"type-product","3":"status-publish","4":"has-post-thumbnail","6":"product_cat-inne-akcesoria","8":"first","9":"instock","10":"product-type-simple"},"yoast_head":"<!-- This site is optimized with the Yoast SEO plugin v27.2 - https:\/\/yoast.com\/product\/yoast-seo-wordpress\/ -->\n<title>GlareOne Kenku 130 - uchwyt do blend<\/title>\n<meta name=\"description\" content=\"GlareOne Kenku 130 - uchwyt do blend\" \/>\n<meta name=\"robots\" content=\"index, follow, max-snippet:-1, max-image-preview:large, max-video-preview:-1\" \/>\n<link rel=\"canonical\" href=\"https:\/\/glareone.eu\/pl\/produkt\/glareone-kenku-130\/\" \/>\n<meta property=\"og:locale\" content=\"pl_PL\" \/>\n<meta property=\"og:type\" content=\"article\" \/>\n<meta property=\"og:title\" content=\"GlareOne Kenku 130 - uchwyt do blend\" \/>\n<meta property=\"og:description\" content=\"GlareOne Kenku 130 - uchwyt do blend\" \/>\n<meta property=\"og:url\" content=\"https:\/\/glareone.eu\/pl\/produkt\/glareone-kenku-130\/\" \/>\n<meta property=\"og:site_name\" content=\"GlareOne\" \/>\n<meta property=\"article:publisher\" content=\"https:\/\/www.facebook.com\/GlareOneLighting\" \/>\n<meta property=\"article:modified_time\" content=\"2024-05-13T08:17:14+00:00\" \/>\n<meta property=\"og:image\" content=\"https:\/\/glareone.eu\/wp-content\/uploads\/2024\/04\/SBABRM130-GlareOne-Kenku-130-003-scaled.jpg\" \/>\n\t<meta property=\"og:image:width\" content=\"2560\" \/>\n\t<meta property=\"og:image:height\" content=\"2560\" \/>\n\t<meta property=\"og:image:type\" content=\"image\/jpeg\" \/>\n<meta name=\"twitter:card\" content=\"summary_large_image\" \/>\n<meta name=\"twitter:title\" content=\"GlareOne Kenku 130 - uchwyt do blend\" \/>\n<meta name=\"twitter:label1\" content=\"Szacowany czas czytania\" \/>\n\t<meta name=\"twitter:data1\" content=\"2 minuty\" \/>\n<script type=\"application\/ld+json\" class=\"yoast-schema-graph\">{\"@context\":\"https:\/\/schema.org\",\"@graph\":[{\"@type\":\"WebPage\",\"@id\":\"https:\/\/glareone.eu\/pl\/produkt\/glareone-kenku-130\/\",\"url\":\"https:\/\/glareone.eu\/pl\/produkt\/glareone-kenku-130\/\",\"name\":\"GlareOne Kenku 130 - uchwyt do blend\",\"isPartOf\":{\"@id\":\"https:\/\/glareone.eu\/pl\/en\/#website\"},\"primaryImageOfPage\":{\"@id\":\"https:\/\/glareone.eu\/pl\/produkt\/glareone-kenku-130\/#primaryimage\"},\"image\":{\"@id\":\"https:\/\/glareone.eu\/pl\/produkt\/glareone-kenku-130\/#primaryimage\"},\"thumbnailUrl\":\"https:\/\/glareone.eu\/wp-content\/uploads\/2024\/04\/SBABRM130-GlareOne-Kenku-130-003-scaled.jpg\",\"datePublished\":\"2024-04-18T19:26:20+00:00\",\"dateModified\":\"2024-05-13T08:17:14+00:00\",\"description\":\"GlareOne Kenku 130 - uchwyt do blend\",\"breadcrumb\":{\"@id\":\"https:\/\/glareone.eu\/pl\/produkt\/glareone-kenku-130\/#breadcrumb\"},\"inLanguage\":\"pl-PL\",\"potentialAction\":[{\"@type\":\"ReadAction\",\"target\":[\"https:\/\/glareone.eu\/pl\/produkt\/glareone-kenku-130\/\"]}]},{\"@type\":\"ImageObject\",\"inLanguage\":\"pl-PL\",\"@id\":\"https:\/\/glareone.eu\/pl\/produkt\/glareone-kenku-130\/#primaryimage\",\"url\":\"https:\/\/glareone.eu\/wp-content\/uploads\/2024\/04\/SBABRM130-GlareOne-Kenku-130-003-scaled.jpg\",\"contentUrl\":\"https:\/\/glareone.eu\/wp-content\/uploads\/2024\/04\/SBABRM130-GlareOne-Kenku-130-003-scaled.jpg\",\"width\":2560,\"height\":2560},{\"@type\":\"BreadcrumbList\",\"@id\":\"https:\/\/glareone.eu\/pl\/produkt\/glareone-kenku-130\/#breadcrumb\",\"itemListElement\":[{\"@type\":\"ListItem\",\"position\":1,\"name\":\"Strona g\u0142\u00f3wna\",\"item\":\"https:\/\/glareone.eu\/pl\/\"},{\"@type\":\"ListItem\",\"position\":2,\"name\":\"Wszystkie produkty\",\"item\":\"https:\/\/glareone.eu\/pl\/produkty\/wszystkie-produkty\/\"},{\"@type\":\"ListItem\",\"position\":3,\"name\":\"GlareOne Kenku 130 &#8211; uchwyt do blend\"}]},{\"@type\":\"WebSite\",\"@id\":\"https:\/\/glareone.eu\/pl\/en\/#website\",\"url\":\"https:\/\/glareone.eu\/pl\/en\/\",\"name\":\"GlareOne\",\"description\":\"Wyposa\u017cenie Studia\",\"publisher\":{\"@id\":\"https:\/\/glareone.eu\/pl\/en\/#organization\"},\"potentialAction\":[{\"@type\":\"SearchAction\",\"target\":{\"@type\":\"EntryPoint\",\"urlTemplate\":\"https:\/\/glareone.eu\/pl\/en\/?s={search_term_string}\"},\"query-input\":{\"@type\":\"PropertyValueSpecification\",\"valueRequired\":true,\"valueName\":\"search_term_string\"}}],\"inLanguage\":\"pl-PL\"},{\"@type\":\"Organization\",\"@id\":\"https:\/\/glareone.eu\/pl\/en\/#organization\",\"name\":\"GlareOne\",\"url\":\"https:\/\/glareone.eu\/pl\/en\/\",\"logo\":{\"@type\":\"ImageObject\",\"inLanguage\":\"pl-PL\",\"@id\":\"https:\/\/glareone.eu\/pl\/en\/#\/schema\/logo\/image\/\",\"url\":\"http:\/\/glareone.eu\/wp-content\/uploads\/2024\/05\/glareone_logo2020_RGB-01-e1715773127189.png\",\"contentUrl\":\"http:\/\/glareone.eu\/wp-content\/uploads\/2024\/05\/glareone_logo2020_RGB-01-e1715773127189.png\",\"width\":1270,\"height\":321,\"caption\":\"GlareOne\"},\"image\":{\"@id\":\"https:\/\/glareone.eu\/pl\/en\/#\/schema\/logo\/image\/\"},\"sameAs\":[\"https:\/\/www.facebook.com\/GlareOneLighting\",\"https:\/\/www.instagram.com\/glareonelighting\/\",\"https:\/\/www.youtube.com\/@GlareOneTV\"]}]}<\/script>\n<!-- \/ Yoast SEO plugin. -->","yoast_head_json":{"title":"GlareOne Kenku 130 - uchwyt do blend","description":"GlareOne Kenku 130 - uchwyt do blend","robots":{"index":"index","follow":"follow","max-snippet":"max-snippet:-1","max-image-preview":"max-image-preview:large","max-video-preview":"max-video-preview:-1"},"canonical":"https:\/\/glareone.eu\/pl\/produkt\/glareone-kenku-130\/","og_locale":"pl_PL","og_type":"article","og_title":"GlareOne Kenku 130 - uchwyt do blend","og_description":"GlareOne Kenku 130 - uchwyt do blend","og_url":"https:\/\/glareone.eu\/pl\/produkt\/glareone-kenku-130\/","og_site_name":"GlareOne","article_publisher":"https:\/\/www.facebook.com\/GlareOneLighting","article_modified_time":"2024-05-13T08:17:14+00:00","og_image":[{"width":2560,"height":2560,"url":"https:\/\/glareone.eu\/wp-content\/uploads\/2024\/04\/SBABRM130-GlareOne-Kenku-130-003-scaled.jpg","type":"image\/jpeg"}],"twitter_card":"summary_large_image","twitter_title":"GlareOne Kenku 130 - uchwyt do blend","twitter_misc":{"Szacowany czas czytania":"2 minuty"},"schema":{"@context":"https:\/\/schema.org","@graph":[{"@type":"WebPage","@id":"https:\/\/glareone.eu\/pl\/produkt\/glareone-kenku-130\/","url":"https:\/\/glareone.eu\/pl\/produkt\/glareone-kenku-130\/","name":"GlareOne Kenku 130 - uchwyt do blend","isPartOf":{"@id":"https:\/\/glareone.eu\/pl\/en\/#website"},"primaryImageOfPage":{"@id":"https:\/\/glareone.eu\/pl\/produkt\/glareone-kenku-130\/#primaryimage"},"image":{"@id":"https:\/\/glareone.eu\/pl\/produkt\/glareone-kenku-130\/#primaryimage"},"thumbnailUrl":"https:\/\/glareone.eu\/wp-content\/uploads\/2024\/04\/SBABRM130-GlareOne-Kenku-130-003-scaled.jpg","datePublished":"2024-04-18T19:26:20+00:00","dateModified":"2024-05-13T08:17:14+00:00","description":"GlareOne Kenku 130 - uchwyt do blend","breadcrumb":{"@id":"https:\/\/glareone.eu\/pl\/produkt\/glareone-kenku-130\/#breadcrumb"},"inLanguage":"pl-PL","potentialAction":[{"@type":"ReadAction","target":["https:\/\/glareone.eu\/pl\/produkt\/glareone-kenku-130\/"]}]},{"@type":"ImageObject","inLanguage":"pl-PL","@id":"https:\/\/glareone.eu\/pl\/produkt\/glareone-kenku-130\/#primaryimage","url":"https:\/\/glareone.eu\/wp-content\/uploads\/2024\/04\/SBABRM130-GlareOne-Kenku-130-003-scaled.jpg","contentUrl":"https:\/\/glareone.eu\/wp-content\/uploads\/2024\/04\/SBABRM130-GlareOne-Kenku-130-003-scaled.jpg","width":2560,"height":2560},{"@type":"BreadcrumbList","@id":"https:\/\/glareone.eu\/pl\/produkt\/glareone-kenku-130\/#breadcrumb","itemListElement":[{"@type":"ListItem","position":1,"name":"Strona g\u0142\u00f3wna","item":"https:\/\/glareone.eu\/pl\/"},{"@type":"ListItem","position":2,"name":"Wszystkie produkty","item":"https:\/\/glareone.eu\/pl\/produkty\/wszystkie-produkty\/"},{"@type":"ListItem","position":3,"name":"GlareOne Kenku 130 &#8211; uchwyt do blend"}]},{"@type":"WebSite","@id":"https:\/\/glareone.eu\/pl\/en\/#website","url":"https:\/\/glareone.eu\/pl\/en\/","name":"GlareOne","description":"Wyposa\u017cenie Studia","publisher":{"@id":"https:\/\/glareone.eu\/pl\/en\/#organization"},"potentialAction":[{"@type":"SearchAction","target":{"@type":"EntryPoint","urlTemplate":"https:\/\/glareone.eu\/pl\/en\/?s={search_term_string}"},"query-input":{"@type":"PropertyValueSpecification","valueRequired":true,"valueName":"search_term_string"}}],"inLanguage":"pl-PL"},{"@type":"Organization","@id":"https:\/\/glareone.eu\/pl\/en\/#organization","name":"GlareOne","url":"https:\/\/glareone.eu\/pl\/en\/","logo":{"@type":"ImageObject","inLanguage":"pl-PL","@id":"https:\/\/glareone.eu\/pl\/en\/#\/schema\/logo\/image\/","url":"http:\/\/glareone.eu\/wp-content\/uploads\/2024\/05\/glareone_logo2020_RGB-01-e1715773127189.png","contentUrl":"http:\/\/glareone.eu\/wp-content\/uploads\/2024\/05\/glareone_logo2020_RGB-01-e1715773127189.png","width":1270,"height":321,"caption":"GlareOne"},"image":{"@id":"https:\/\/glareone.eu\/pl\/en\/#\/schema\/logo\/image\/"},"sameAs":["https:\/\/www.facebook.com\/GlareOneLighting","https:\/\/www.instagram.com\/glareonelighting\/","https:\/\/www.youtube.com\/@GlareOneTV"]}]}},"_links":{"self":[{"href":"https:\/\/glareone.eu\/pl\/wp-json\/wp\/v2\/product\/939","targetHints":{"allow":["GET"]}}],"collection":[{"href":"https:\/\/glareone.eu\/pl\/wp-json\/wp\/v2\/product"}],"about":[{"href":"https:\/\/glareone.eu\/pl\/wp-json\/wp\/v2\/types\/product"}],"wp:featuredmedia":[{"embeddable":true,"href":"https:\/\/glareone.eu\/pl\/wp-json\/wp\/v2\/media\/8646"}],"wp:attachment":[{"href":"https:\/\/glareone.eu\/pl\/wp-json\/wp\/v2\/media?parent=939"}],"wp:term":[{"taxonomy":"product_brand","embeddable":true,"href":"https:\/\/glareone.eu\/pl\/wp-json\/wp\/v2\/product_brand?post=939"},{"taxonomy":"product_cat","embeddable":true,"href":"https:\/\/glareone.eu\/pl\/wp-json\/wp\/v2\/product_cat?post=939"},{"taxonomy":"product_tag","embeddable":true,"href":"https:\/\/glareone.eu\/pl\/wp-json\/wp\/v2\/product_tag?post=939"}],"curies":[{"name":"wp","href":"https:\/\/api.w.org\/{rel}","templated":true}]}}