{"id":936,"date":"2024-04-18T19:26:20","date_gmt":"2024-04-18T19:26:20","guid":{"rendered":"http:\/\/glareone.eu\/produkt\/glareone-stork-225-statyw-studyjny\/"},"modified":"2024-05-07T11:59:09","modified_gmt":"2024-05-07T11:59:09","slug":"glareone-stork-225-statyw-studyjny","status":"publish","type":"product","link":"https:\/\/glareone.eu\/pl\/produkt\/glareone-stork-225-statyw-studyjny\/","title":{"rendered":"GlareOne Stork 225 &#8211; statyw studyjny"},"content":{"rendered":"<p>GlareOne Stork 225 to wytrzyma\u0142y, amortyzowany, uniwersalny statyw studyjny wyposa\u017cony w dwustronny trzpie\u0144 5\/8&#8243;, wyr\u00f3\u017cniaj\u0105cy si\u0119 du\u017c\u0105 wszechstronno\u015bci\u0105 i wysok\u0105 jako\u015bci\u0105 wykonania. Jest to doskona\u0142y, lekki statyw do ka\u017cdego domowego i profesjonalnego studia.<\/p>\n<h3><strong>Wielofunkcyjny<\/strong><\/h3>\n<p>GlareOne Stork mo\u017ce s\u0142u\u017cy\u0107 jako podstawa dla wszelkiego rodzaju lamp, w tym kompaktowych lamp studyjnych, g\u0142owic b\u0142yskowych, lamp \u015bwiat\u0142a ci\u0105g\u0142ego i paneli LED, lamp typu speedlite i innych. Dzi\u0119ki dwustronnemu trzpieniowi monta\u017cowemu wyposa\u017conemu w \u015bruby 1\/4&#8243;-20 i 3\/8&#8243; mo\u017cna na nim zamocowa\u0107 wiele akcesori\u00f3w, takich jak uchwyt do lamp reporterskich, zaciski czy klamry. W po\u0142\u0105czeniu z ramieniem GlareOne Kenku 130 mo\u017ce s\u0142u\u017cy\u0107 jako uchwyt na blend\u0119 lub nawet jako \u017curaw do ma\u0142ych i lekkich lamp. W po\u0142\u0105czeniu z poprzeczk\u0105 (dost\u0119pna oddzielnie) i drugim statywem mo\u017ce s\u0142u\u017cy\u0107 jako element mobilnego zestawu do zawieszania te\u0142 papierowych czy materia\u0142owych.<\/p>\n<h3><strong>Amortyzowany<\/strong><\/h3>\n<p>Zastosowanie amortyzacji powietrznej sprawia, \u017ce statyw jest bardziej przyjazny dla u\u017cytkownika, ale te\u017c dla samych lamp, zw\u0142aszcza w sytuacji gdy podpi\u0119te s\u0105 do nich du\u017ce modyfikatory \u015bwiat\u0142a. Amortyzacja powietrzna zapobiega nag\u0142emu i niekontrolowanemu opadni\u0119ciu lampy po odblokowaniu pokr\u0119t\u0142a \u0142\u0105cznika kolumny centralnej.<\/p>\n<h3><strong>Wysokiej jako\u015bci materia\u0142y<\/strong><\/h3>\n<p>Kolumna centralna i nogi wykonane s\u0105 z anodowanych rur aluminiowych, co zapewnia nisk\u0105 mas\u0119 statywu, ale jednocze\u015bnie gwarantuje du\u017c\u0105 sztywno\u015b\u0107 i stabilno\u015b\u0107 jego konstrukcji. \u0141\u0105czniki (zaciski) sekcji kolumny centralnej s\u0105 r\u00f3wnie\u017c wykonane z aluminum i zapewniaj\u0105 dobry chwyt i bezpiecze\u0144stwo, nawet po d\u0142ugim okresie u\u017cytkowania. Jedynymi niemetalowymi cz\u0119\u015bciami statywu s\u0105 pokr\u0119t\u0142a blokuj\u0105ce, kt\u00f3re s\u0105 wykonane z wysokiej jako\u015bci tworzywa sztucznego.<\/p>\n<h3><strong>Smart design<\/strong><\/h3>\n<p>Pokr\u0119t\u0142a s\u0105 ergonomicznie ukszta\u0142towane i wystarczaj\u0105co du\u017ce, aby zapewni\u0107 dobry chwyt i zapobiec przytrza\u015bni\u0119ciu palc\u00f3w podczas regulacji wysoko\u015bci. Ko\u0144c\u00f3wki n\u00f3g wyposa\u017cone s\u0105 w gumowe ko\u0144c\u00f3wki minimalizuj\u0105ce \u015blizganie si\u0119 po g\u0142adkich powierzchniach. G\u00f3rna cz\u0119\u015b\u0107 stojaka posiada prost\u0105 g\u0142owic\u0119 umo\u017cliwiaj\u0105c\u0105 prostopad\u0142e zamocowanie trzpienia monta\u017cowego. Nogi o \u015brednicy 22 mm mog\u0105 by\u0107 wyposa\u017cone w dodatkowe k\u00f3\u0142ka u\u0142atwiaj\u0105ce prac\u0119 w studiu, zw\u0142aszcza z du\u017cymi modyfikatorami \u015bwiat\u0142a.<\/p>\n<h3><strong>Cechy produktu:<\/strong><\/h3>\n<ul>\n<li>Lekki i wytrzyma\u0142y statyw studyjny.<\/li>\n<li>Aluminiowa konstrukcja zapewniaj\u0105ca nisk\u0105 mas\u0119 i du\u017c\u0105 sztywno\u015b\u0107.<\/li>\n<li>Amortyzacja powietrzna dla bezpiecze\u0144stwa podczas regulacji wysoko\u015bci.<\/li>\n<li>Szeroki rozstaw n\u00f3g zapewnia wysok\u0105 stabilno\u015b\u0107.<\/li>\n<li>Metalowe \u0142\u0105czniki kolumny centralnej.<\/li>\n<li>Odwracalny i odpinany trzpie\u0144 5\/8&#8243; wyposa\u017cony w gwinty 1\/4 &#8222;-20 i 3\/8&#8221;.<\/li>\n<li>Ergonomicznie wyprofilowane pokr\u0119t\u0142a.<\/li>\n<li>Gumowane ko\u0144c\u00f3wki n\u00f3g dla lepszej przyczepno\u015b\u0107 na g\u0142adkich powierzchniach.<\/li>\n<li>Osi\u0105ga 225 cm wysoko\u015bci maksymalnej przy minimalnej wynosz\u0105cej 96 cm.<\/li>\n<li>D\u0142ugo\u015b\u0107 po z\u0142o\u017ceniu to 81 cm.<\/li>\n<li>Ud\u017awig do 7 kg.<\/li>\n<\/ul>\n","protected":false},"excerpt":{"rendered":"<p>GlareOne Stork 225 to wytrzyma\u0142y, amortyzowany, uniwersalny statyw studyjny wyposa\u017cony w dwustronny trzpie\u0144 5\/8&#8243;, wyr\u00f3\u017cniaj\u0105cy si\u0119 du\u017c\u0105 wszechstronno\u015bci\u0105 i wysok\u0105 jako\u015bci\u0105 wykonania. Jest to doskona\u0142y, lekki statyw do ka\u017cdego domowego i profesjonalnego studia. Wielofunkcyjny GlareOne Stork mo\u017ce s\u0142u\u017cy\u0107 jako podstawa dla wszelkiego rodzaju lamp, w tym kompaktowych lamp studyjnych, g\u0142owic b\u0142yskowych, lamp \u015bwiat\u0142a ci\u0105g\u0142ego i [&hellip;]<\/p>\n","protected":false},"featured_media":3677,"template":"","meta":[],"product_brand":[],"product_cat":[471],"product_tag":[],"class_list":{"0":"post-936","1":"product","2":"type-product","3":"status-publish","4":"has-post-thumbnail","6":"product_cat-klasyczne","8":"first","9":"instock","10":"product-type-simple"},"yoast_head":"<!-- This site is optimized with the Yoast SEO plugin v27.2 - https:\/\/yoast.com\/product\/yoast-seo-wordpress\/ -->\n<title>GlareOne Stork 225 - statyw studyjny<\/title>\n<meta name=\"description\" content=\"GlareOne Stork 225 - statyw studyjny\" \/>\n<meta name=\"robots\" content=\"index, follow, max-snippet:-1, max-image-preview:large, max-video-preview:-1\" \/>\n<link rel=\"canonical\" href=\"https:\/\/glareone.eu\/pl\/produkt\/glareone-stork-225-statyw-studyjny\/\" \/>\n<meta property=\"og:locale\" content=\"pl_PL\" \/>\n<meta property=\"og:type\" content=\"article\" \/>\n<meta property=\"og:title\" content=\"GlareOne Stork 225 - statyw studyjny\" \/>\n<meta property=\"og:description\" content=\"GlareOne Stork 225 - statyw studyjny\" \/>\n<meta property=\"og:url\" content=\"https:\/\/glareone.eu\/pl\/produkt\/glareone-stork-225-statyw-studyjny\/\" \/>\n<meta property=\"og:site_name\" content=\"GlareOne\" \/>\n<meta property=\"article:publisher\" content=\"https:\/\/www.facebook.com\/GlareOneLighting\" \/>\n<meta property=\"article:modified_time\" content=\"2024-05-07T11:59:09+00:00\" \/>\n<meta property=\"og:image\" content=\"https:\/\/glareone.eu\/wp-content\/uploads\/2024\/04\/SLSAI225-GlareOne-Stork-225-002-scaled.jpg\" \/>\n\t<meta property=\"og:image:width\" content=\"2560\" \/>\n\t<meta property=\"og:image:height\" content=\"2560\" \/>\n\t<meta property=\"og:image:type\" content=\"image\/jpeg\" \/>\n<meta name=\"twitter:card\" content=\"summary_large_image\" \/>\n<meta name=\"twitter:title\" content=\"GlareOne Stork 225 - statyw studyjny\" \/>\n<script type=\"application\/ld+json\" class=\"yoast-schema-graph\">{\"@context\":\"https:\/\/schema.org\",\"@graph\":[{\"@type\":\"WebPage\",\"@id\":\"https:\/\/glareone.eu\/pl\/produkt\/glareone-stork-225-statyw-studyjny\/\",\"url\":\"https:\/\/glareone.eu\/pl\/produkt\/glareone-stork-225-statyw-studyjny\/\",\"name\":\"GlareOne Stork 225 - statyw studyjny\",\"isPartOf\":{\"@id\":\"https:\/\/glareone.eu\/pl\/en\/#website\"},\"primaryImageOfPage\":{\"@id\":\"https:\/\/glareone.eu\/pl\/produkt\/glareone-stork-225-statyw-studyjny\/#primaryimage\"},\"image\":{\"@id\":\"https:\/\/glareone.eu\/pl\/produkt\/glareone-stork-225-statyw-studyjny\/#primaryimage\"},\"thumbnailUrl\":\"https:\/\/glareone.eu\/wp-content\/uploads\/2024\/04\/SLSAI225-GlareOne-Stork-225-002-scaled.jpg\",\"datePublished\":\"2024-04-18T19:26:20+00:00\",\"dateModified\":\"2024-05-07T11:59:09+00:00\",\"description\":\"GlareOne Stork 225 - statyw studyjny\",\"breadcrumb\":{\"@id\":\"https:\/\/glareone.eu\/pl\/produkt\/glareone-stork-225-statyw-studyjny\/#breadcrumb\"},\"inLanguage\":\"pl-PL\",\"potentialAction\":[{\"@type\":\"ReadAction\",\"target\":[\"https:\/\/glareone.eu\/pl\/produkt\/glareone-stork-225-statyw-studyjny\/\"]}]},{\"@type\":\"ImageObject\",\"inLanguage\":\"pl-PL\",\"@id\":\"https:\/\/glareone.eu\/pl\/produkt\/glareone-stork-225-statyw-studyjny\/#primaryimage\",\"url\":\"https:\/\/glareone.eu\/wp-content\/uploads\/2024\/04\/SLSAI225-GlareOne-Stork-225-002-scaled.jpg\",\"contentUrl\":\"https:\/\/glareone.eu\/wp-content\/uploads\/2024\/04\/SLSAI225-GlareOne-Stork-225-002-scaled.jpg\",\"width\":2560,\"height\":2560},{\"@type\":\"BreadcrumbList\",\"@id\":\"https:\/\/glareone.eu\/pl\/produkt\/glareone-stork-225-statyw-studyjny\/#breadcrumb\",\"itemListElement\":[{\"@type\":\"ListItem\",\"position\":1,\"name\":\"Strona g\u0142\u00f3wna\",\"item\":\"https:\/\/glareone.eu\/pl\/\"},{\"@type\":\"ListItem\",\"position\":2,\"name\":\"Wszystkie produkty\",\"item\":\"https:\/\/glareone.eu\/pl\/produkty\/wszystkie-produkty\/\"},{\"@type\":\"ListItem\",\"position\":3,\"name\":\"GlareOne Stork 225 &#8211; statyw studyjny\"}]},{\"@type\":\"WebSite\",\"@id\":\"https:\/\/glareone.eu\/pl\/en\/#website\",\"url\":\"https:\/\/glareone.eu\/pl\/en\/\",\"name\":\"GlareOne\",\"description\":\"Wyposa\u017cenie Studia\",\"publisher\":{\"@id\":\"https:\/\/glareone.eu\/pl\/en\/#organization\"},\"potentialAction\":[{\"@type\":\"SearchAction\",\"target\":{\"@type\":\"EntryPoint\",\"urlTemplate\":\"https:\/\/glareone.eu\/pl\/en\/?s={search_term_string}\"},\"query-input\":{\"@type\":\"PropertyValueSpecification\",\"valueRequired\":true,\"valueName\":\"search_term_string\"}}],\"inLanguage\":\"pl-PL\"},{\"@type\":\"Organization\",\"@id\":\"https:\/\/glareone.eu\/pl\/en\/#organization\",\"name\":\"GlareOne\",\"url\":\"https:\/\/glareone.eu\/pl\/en\/\",\"logo\":{\"@type\":\"ImageObject\",\"inLanguage\":\"pl-PL\",\"@id\":\"https:\/\/glareone.eu\/pl\/en\/#\/schema\/logo\/image\/\",\"url\":\"http:\/\/glareone.eu\/wp-content\/uploads\/2024\/05\/glareone_logo2020_RGB-01-e1715773127189.png\",\"contentUrl\":\"http:\/\/glareone.eu\/wp-content\/uploads\/2024\/05\/glareone_logo2020_RGB-01-e1715773127189.png\",\"width\":1270,\"height\":321,\"caption\":\"GlareOne\"},\"image\":{\"@id\":\"https:\/\/glareone.eu\/pl\/en\/#\/schema\/logo\/image\/\"},\"sameAs\":[\"https:\/\/www.facebook.com\/GlareOneLighting\",\"https:\/\/www.instagram.com\/glareonelighting\/\",\"https:\/\/www.youtube.com\/@GlareOneTV\"]}]}<\/script>\n<!-- \/ Yoast SEO plugin. -->","yoast_head_json":{"title":"GlareOne Stork 225 - statyw studyjny","description":"GlareOne Stork 225 - statyw studyjny","robots":{"index":"index","follow":"follow","max-snippet":"max-snippet:-1","max-image-preview":"max-image-preview:large","max-video-preview":"max-video-preview:-1"},"canonical":"https:\/\/glareone.eu\/pl\/produkt\/glareone-stork-225-statyw-studyjny\/","og_locale":"pl_PL","og_type":"article","og_title":"GlareOne Stork 225 - statyw studyjny","og_description":"GlareOne Stork 225 - statyw studyjny","og_url":"https:\/\/glareone.eu\/pl\/produkt\/glareone-stork-225-statyw-studyjny\/","og_site_name":"GlareOne","article_publisher":"https:\/\/www.facebook.com\/GlareOneLighting","article_modified_time":"2024-05-07T11:59:09+00:00","og_image":[{"width":2560,"height":2560,"url":"https:\/\/glareone.eu\/wp-content\/uploads\/2024\/04\/SLSAI225-GlareOne-Stork-225-002-scaled.jpg","type":"image\/jpeg"}],"twitter_card":"summary_large_image","twitter_title":"GlareOne Stork 225 - statyw studyjny","schema":{"@context":"https:\/\/schema.org","@graph":[{"@type":"WebPage","@id":"https:\/\/glareone.eu\/pl\/produkt\/glareone-stork-225-statyw-studyjny\/","url":"https:\/\/glareone.eu\/pl\/produkt\/glareone-stork-225-statyw-studyjny\/","name":"GlareOne Stork 225 - statyw studyjny","isPartOf":{"@id":"https:\/\/glareone.eu\/pl\/en\/#website"},"primaryImageOfPage":{"@id":"https:\/\/glareone.eu\/pl\/produkt\/glareone-stork-225-statyw-studyjny\/#primaryimage"},"image":{"@id":"https:\/\/glareone.eu\/pl\/produkt\/glareone-stork-225-statyw-studyjny\/#primaryimage"},"thumbnailUrl":"https:\/\/glareone.eu\/wp-content\/uploads\/2024\/04\/SLSAI225-GlareOne-Stork-225-002-scaled.jpg","datePublished":"2024-04-18T19:26:20+00:00","dateModified":"2024-05-07T11:59:09+00:00","description":"GlareOne Stork 225 - statyw studyjny","breadcrumb":{"@id":"https:\/\/glareone.eu\/pl\/produkt\/glareone-stork-225-statyw-studyjny\/#breadcrumb"},"inLanguage":"pl-PL","potentialAction":[{"@type":"ReadAction","target":["https:\/\/glareone.eu\/pl\/produkt\/glareone-stork-225-statyw-studyjny\/"]}]},{"@type":"ImageObject","inLanguage":"pl-PL","@id":"https:\/\/glareone.eu\/pl\/produkt\/glareone-stork-225-statyw-studyjny\/#primaryimage","url":"https:\/\/glareone.eu\/wp-content\/uploads\/2024\/04\/SLSAI225-GlareOne-Stork-225-002-scaled.jpg","contentUrl":"https:\/\/glareone.eu\/wp-content\/uploads\/2024\/04\/SLSAI225-GlareOne-Stork-225-002-scaled.jpg","width":2560,"height":2560},{"@type":"BreadcrumbList","@id":"https:\/\/glareone.eu\/pl\/produkt\/glareone-stork-225-statyw-studyjny\/#breadcrumb","itemListElement":[{"@type":"ListItem","position":1,"name":"Strona g\u0142\u00f3wna","item":"https:\/\/glareone.eu\/pl\/"},{"@type":"ListItem","position":2,"name":"Wszystkie produkty","item":"https:\/\/glareone.eu\/pl\/produkty\/wszystkie-produkty\/"},{"@type":"ListItem","position":3,"name":"GlareOne Stork 225 &#8211; statyw studyjny"}]},{"@type":"WebSite","@id":"https:\/\/glareone.eu\/pl\/en\/#website","url":"https:\/\/glareone.eu\/pl\/en\/","name":"GlareOne","description":"Wyposa\u017cenie Studia","publisher":{"@id":"https:\/\/glareone.eu\/pl\/en\/#organization"},"potentialAction":[{"@type":"SearchAction","target":{"@type":"EntryPoint","urlTemplate":"https:\/\/glareone.eu\/pl\/en\/?s={search_term_string}"},"query-input":{"@type":"PropertyValueSpecification","valueRequired":true,"valueName":"search_term_string"}}],"inLanguage":"pl-PL"},{"@type":"Organization","@id":"https:\/\/glareone.eu\/pl\/en\/#organization","name":"GlareOne","url":"https:\/\/glareone.eu\/pl\/en\/","logo":{"@type":"ImageObject","inLanguage":"pl-PL","@id":"https:\/\/glareone.eu\/pl\/en\/#\/schema\/logo\/image\/","url":"http:\/\/glareone.eu\/wp-content\/uploads\/2024\/05\/glareone_logo2020_RGB-01-e1715773127189.png","contentUrl":"http:\/\/glareone.eu\/wp-content\/uploads\/2024\/05\/glareone_logo2020_RGB-01-e1715773127189.png","width":1270,"height":321,"caption":"GlareOne"},"image":{"@id":"https:\/\/glareone.eu\/pl\/en\/#\/schema\/logo\/image\/"},"sameAs":["https:\/\/www.facebook.com\/GlareOneLighting","https:\/\/www.instagram.com\/glareonelighting\/","https:\/\/www.youtube.com\/@GlareOneTV"]}]}},"_links":{"self":[{"href":"https:\/\/glareone.eu\/pl\/wp-json\/wp\/v2\/product\/936","targetHints":{"allow":["GET"]}}],"collection":[{"href":"https:\/\/glareone.eu\/pl\/wp-json\/wp\/v2\/product"}],"about":[{"href":"https:\/\/glareone.eu\/pl\/wp-json\/wp\/v2\/types\/product"}],"wp:featuredmedia":[{"embeddable":true,"href":"https:\/\/glareone.eu\/pl\/wp-json\/wp\/v2\/media\/3677"}],"wp:attachment":[{"href":"https:\/\/glareone.eu\/pl\/wp-json\/wp\/v2\/media?parent=936"}],"wp:term":[{"taxonomy":"product_brand","embeddable":true,"href":"https:\/\/glareone.eu\/pl\/wp-json\/wp\/v2\/product_brand?post=936"},{"taxonomy":"product_cat","embeddable":true,"href":"https:\/\/glareone.eu\/pl\/wp-json\/wp\/v2\/product_cat?post=936"},{"taxonomy":"product_tag","embeddable":true,"href":"https:\/\/glareone.eu\/pl\/wp-json\/wp\/v2\/product_tag?post=936"}],"curies":[{"name":"wp","href":"https:\/\/api.w.org\/{rel}","templated":true}]}}