{"id":935,"date":"2024-04-18T19:26:20","date_gmt":"2024-04-18T19:26:20","guid":{"rendered":"http:\/\/glareone.eu\/produkt\/glareone-grid-do-softboxow-hexa-70-easy-fold-deep\/"},"modified":"2024-05-13T12:42:36","modified_gmt":"2024-05-13T12:42:36","slug":"glareone-grid-do-softboxow-hexa-70-easy-fold-deep","status":"publish","type":"product","link":"https:\/\/glareone.eu\/pl\/produkt\/glareone-grid-do-softboxow-hexa-70-easy-fold-deep\/","title":{"rendered":"GlareOne Grid do softbox\u00f3w Hexa 70 Easy Fold Deep"},"content":{"rendered":"<p>Plaster miodu przewidziany do u\u017cycia z softboxami GlareOne Hexa Easy Fold Deep 70 cm, ale mo\u017ce by\u0107 u\u017cywany z ka\u017cdym innym softboxem szesnasto\u015bciennym wyposa\u017conym w mocowanie grid\u00f3w oraz \u015brednic\u0119 70 cm.<\/p>\n<h3>Cechy produktu:<\/h3>\n<ul>\n<li>daje pe\u0142niejsz\u0105 kontrol\u0119 nad mi\u0119kkim \u015bwiat\u0142em padaj\u0105cym z softboxa<\/li>\n<li>pozwala uzyska\u0107 mocniejsz\u0105 separacj\u0119 fotografowanego obiektu od t\u0142a<\/li>\n<li>nieznacznie podbija kontrast fotografowanej sceny<\/li>\n<li>przydatny zar\u00f3wno w fotografii modowej, portretowej jak i produktowej<\/li>\n<li>daje si\u0119 \u0142atwo z\u0142o\u017cy\u0107 i schowa\u0107 do pokrowca razem z softboxem<\/li>\n<li>montowany do softboxa za pomoc\u0105 rzep\u00f3w<\/li>\n<\/ul>\n","protected":false},"excerpt":{"rendered":"<p>Plaster miodu przewidziany do u\u017cycia z softboxami GlareOne Hexa Easy Fold Deep 70 cm, ale mo\u017ce by\u0107 u\u017cywany z ka\u017cdym innym softboxem szesnasto\u015bciennym wyposa\u017conym w mocowanie grid\u00f3w oraz \u015brednic\u0119 70 cm. Cechy produktu: daje pe\u0142niejsz\u0105 kontrol\u0119 nad mi\u0119kkim \u015bwiat\u0142em padaj\u0105cym z softboxa pozwala uzyska\u0107 mocniejsz\u0105 separacj\u0119 fotografowanego obiektu od t\u0142a nieznacznie podbija kontrast fotografowanej sceny [&hellip;]<\/p>\n","protected":false},"featured_media":7898,"template":"","meta":[],"product_brand":[],"product_cat":[467],"product_tag":[],"class_list":{"0":"post-935","1":"product","2":"type-product","3":"status-publish","4":"has-post-thumbnail","6":"product_cat-gridy-softboxy","8":"first","9":"instock","10":"product-type-simple"},"yoast_head":"<!-- This site is optimized with the Yoast SEO plugin v27.2 - https:\/\/yoast.com\/product\/yoast-seo-wordpress\/ -->\n<title>GlareOne Grid do softbox\u00f3w Hexa 70 Easy Fold Deep<\/title>\n<meta name=\"description\" content=\"GlareOne Grid do softbox\u00f3w Hexa 70 Easy Fold Deep\" \/>\n<meta name=\"robots\" content=\"index, follow, max-snippet:-1, max-image-preview:large, max-video-preview:-1\" \/>\n<link rel=\"canonical\" href=\"https:\/\/glareone.eu\/pl\/produkt\/glareone-grid-do-softboxow-hexa-70-easy-fold-deep\/\" \/>\n<meta property=\"og:locale\" content=\"pl_PL\" \/>\n<meta property=\"og:type\" content=\"article\" \/>\n<meta property=\"og:title\" content=\"GlareOne Grid do softbox\u00f3w Hexa 70 Easy Fold Deep\" \/>\n<meta property=\"og:description\" content=\"GlareOne Grid do softbox\u00f3w Hexa 70 Easy Fold Deep\" \/>\n<meta property=\"og:url\" content=\"https:\/\/glareone.eu\/pl\/produkt\/glareone-grid-do-softboxow-hexa-70-easy-fold-deep\/\" \/>\n<meta property=\"og:site_name\" content=\"GlareOne\" \/>\n<meta property=\"article:publisher\" content=\"https:\/\/www.facebook.com\/GlareOneLighting\" \/>\n<meta property=\"article:modified_time\" content=\"2024-05-13T12:42:36+00:00\" \/>\n<meta property=\"og:image\" content=\"https:\/\/glareone.eu\/wp-content\/uploads\/2024\/04\/SHGP70-02.jpg\" \/>\n\t<meta property=\"og:image:width\" content=\"1000\" \/>\n\t<meta property=\"og:image:height\" content=\"1000\" \/>\n\t<meta property=\"og:image:type\" content=\"image\/jpeg\" \/>\n<meta name=\"twitter:card\" content=\"summary_large_image\" \/>\n<meta name=\"twitter:title\" content=\"GlareOne Grid do softbox\u00f3w Hexa 70 Easy Fold Deep\" \/>\n<meta name=\"twitter:label1\" content=\"Szacowany czas czytania\" \/>\n\t<meta name=\"twitter:data1\" content=\"1 minuta\" \/>\n<script type=\"application\/ld+json\" class=\"yoast-schema-graph\">{\"@context\":\"https:\/\/schema.org\",\"@graph\":[{\"@type\":\"WebPage\",\"@id\":\"https:\/\/glareone.eu\/pl\/produkt\/glareone-grid-do-softboxow-hexa-70-easy-fold-deep\/\",\"url\":\"https:\/\/glareone.eu\/pl\/produkt\/glareone-grid-do-softboxow-hexa-70-easy-fold-deep\/\",\"name\":\"GlareOne Grid do softbox\u00f3w Hexa 70 Easy Fold Deep\",\"isPartOf\":{\"@id\":\"https:\/\/glareone.eu\/pl\/en\/#website\"},\"primaryImageOfPage\":{\"@id\":\"https:\/\/glareone.eu\/pl\/produkt\/glareone-grid-do-softboxow-hexa-70-easy-fold-deep\/#primaryimage\"},\"image\":{\"@id\":\"https:\/\/glareone.eu\/pl\/produkt\/glareone-grid-do-softboxow-hexa-70-easy-fold-deep\/#primaryimage\"},\"thumbnailUrl\":\"https:\/\/glareone.eu\/wp-content\/uploads\/2024\/04\/SHGP70-02.jpg\",\"datePublished\":\"2024-04-18T19:26:20+00:00\",\"dateModified\":\"2024-05-13T12:42:36+00:00\",\"description\":\"GlareOne Grid do softbox\u00f3w Hexa 70 Easy Fold Deep\",\"breadcrumb\":{\"@id\":\"https:\/\/glareone.eu\/pl\/produkt\/glareone-grid-do-softboxow-hexa-70-easy-fold-deep\/#breadcrumb\"},\"inLanguage\":\"pl-PL\",\"potentialAction\":[{\"@type\":\"ReadAction\",\"target\":[\"https:\/\/glareone.eu\/pl\/produkt\/glareone-grid-do-softboxow-hexa-70-easy-fold-deep\/\"]}]},{\"@type\":\"ImageObject\",\"inLanguage\":\"pl-PL\",\"@id\":\"https:\/\/glareone.eu\/pl\/produkt\/glareone-grid-do-softboxow-hexa-70-easy-fold-deep\/#primaryimage\",\"url\":\"https:\/\/glareone.eu\/wp-content\/uploads\/2024\/04\/SHGP70-02.jpg\",\"contentUrl\":\"https:\/\/glareone.eu\/wp-content\/uploads\/2024\/04\/SHGP70-02.jpg\",\"width\":1000,\"height\":1000,\"caption\":\"PLATINSTUDIO.COM\"},{\"@type\":\"BreadcrumbList\",\"@id\":\"https:\/\/glareone.eu\/pl\/produkt\/glareone-grid-do-softboxow-hexa-70-easy-fold-deep\/#breadcrumb\",\"itemListElement\":[{\"@type\":\"ListItem\",\"position\":1,\"name\":\"Strona g\u0142\u00f3wna\",\"item\":\"https:\/\/glareone.eu\/pl\/\"},{\"@type\":\"ListItem\",\"position\":2,\"name\":\"Wszystkie produkty\",\"item\":\"https:\/\/glareone.eu\/pl\/produkty\/wszystkie-produkty\/\"},{\"@type\":\"ListItem\",\"position\":3,\"name\":\"GlareOne Grid do softbox\u00f3w Hexa 70 Easy Fold Deep\"}]},{\"@type\":\"WebSite\",\"@id\":\"https:\/\/glareone.eu\/pl\/en\/#website\",\"url\":\"https:\/\/glareone.eu\/pl\/en\/\",\"name\":\"GlareOne\",\"description\":\"Wyposa\u017cenie Studia\",\"publisher\":{\"@id\":\"https:\/\/glareone.eu\/pl\/en\/#organization\"},\"potentialAction\":[{\"@type\":\"SearchAction\",\"target\":{\"@type\":\"EntryPoint\",\"urlTemplate\":\"https:\/\/glareone.eu\/pl\/en\/?s={search_term_string}\"},\"query-input\":{\"@type\":\"PropertyValueSpecification\",\"valueRequired\":true,\"valueName\":\"search_term_string\"}}],\"inLanguage\":\"pl-PL\"},{\"@type\":\"Organization\",\"@id\":\"https:\/\/glareone.eu\/pl\/en\/#organization\",\"name\":\"GlareOne\",\"url\":\"https:\/\/glareone.eu\/pl\/en\/\",\"logo\":{\"@type\":\"ImageObject\",\"inLanguage\":\"pl-PL\",\"@id\":\"https:\/\/glareone.eu\/pl\/en\/#\/schema\/logo\/image\/\",\"url\":\"http:\/\/glareone.eu\/wp-content\/uploads\/2024\/05\/glareone_logo2020_RGB-01-e1715773127189.png\",\"contentUrl\":\"http:\/\/glareone.eu\/wp-content\/uploads\/2024\/05\/glareone_logo2020_RGB-01-e1715773127189.png\",\"width\":1270,\"height\":321,\"caption\":\"GlareOne\"},\"image\":{\"@id\":\"https:\/\/glareone.eu\/pl\/en\/#\/schema\/logo\/image\/\"},\"sameAs\":[\"https:\/\/www.facebook.com\/GlareOneLighting\",\"https:\/\/www.instagram.com\/glareonelighting\/\",\"https:\/\/www.youtube.com\/@GlareOneTV\"]}]}<\/script>\n<!-- \/ Yoast SEO plugin. -->","yoast_head_json":{"title":"GlareOne Grid do softbox\u00f3w Hexa 70 Easy Fold Deep","description":"GlareOne Grid do softbox\u00f3w Hexa 70 Easy Fold Deep","robots":{"index":"index","follow":"follow","max-snippet":"max-snippet:-1","max-image-preview":"max-image-preview:large","max-video-preview":"max-video-preview:-1"},"canonical":"https:\/\/glareone.eu\/pl\/produkt\/glareone-grid-do-softboxow-hexa-70-easy-fold-deep\/","og_locale":"pl_PL","og_type":"article","og_title":"GlareOne Grid do softbox\u00f3w Hexa 70 Easy Fold Deep","og_description":"GlareOne Grid do softbox\u00f3w Hexa 70 Easy Fold Deep","og_url":"https:\/\/glareone.eu\/pl\/produkt\/glareone-grid-do-softboxow-hexa-70-easy-fold-deep\/","og_site_name":"GlareOne","article_publisher":"https:\/\/www.facebook.com\/GlareOneLighting","article_modified_time":"2024-05-13T12:42:36+00:00","og_image":[{"width":1000,"height":1000,"url":"https:\/\/glareone.eu\/wp-content\/uploads\/2024\/04\/SHGP70-02.jpg","type":"image\/jpeg"}],"twitter_card":"summary_large_image","twitter_title":"GlareOne Grid do softbox\u00f3w Hexa 70 Easy Fold Deep","twitter_misc":{"Szacowany czas czytania":"1 minuta"},"schema":{"@context":"https:\/\/schema.org","@graph":[{"@type":"WebPage","@id":"https:\/\/glareone.eu\/pl\/produkt\/glareone-grid-do-softboxow-hexa-70-easy-fold-deep\/","url":"https:\/\/glareone.eu\/pl\/produkt\/glareone-grid-do-softboxow-hexa-70-easy-fold-deep\/","name":"GlareOne Grid do softbox\u00f3w Hexa 70 Easy Fold Deep","isPartOf":{"@id":"https:\/\/glareone.eu\/pl\/en\/#website"},"primaryImageOfPage":{"@id":"https:\/\/glareone.eu\/pl\/produkt\/glareone-grid-do-softboxow-hexa-70-easy-fold-deep\/#primaryimage"},"image":{"@id":"https:\/\/glareone.eu\/pl\/produkt\/glareone-grid-do-softboxow-hexa-70-easy-fold-deep\/#primaryimage"},"thumbnailUrl":"https:\/\/glareone.eu\/wp-content\/uploads\/2024\/04\/SHGP70-02.jpg","datePublished":"2024-04-18T19:26:20+00:00","dateModified":"2024-05-13T12:42:36+00:00","description":"GlareOne Grid do softbox\u00f3w Hexa 70 Easy Fold Deep","breadcrumb":{"@id":"https:\/\/glareone.eu\/pl\/produkt\/glareone-grid-do-softboxow-hexa-70-easy-fold-deep\/#breadcrumb"},"inLanguage":"pl-PL","potentialAction":[{"@type":"ReadAction","target":["https:\/\/glareone.eu\/pl\/produkt\/glareone-grid-do-softboxow-hexa-70-easy-fold-deep\/"]}]},{"@type":"ImageObject","inLanguage":"pl-PL","@id":"https:\/\/glareone.eu\/pl\/produkt\/glareone-grid-do-softboxow-hexa-70-easy-fold-deep\/#primaryimage","url":"https:\/\/glareone.eu\/wp-content\/uploads\/2024\/04\/SHGP70-02.jpg","contentUrl":"https:\/\/glareone.eu\/wp-content\/uploads\/2024\/04\/SHGP70-02.jpg","width":1000,"height":1000,"caption":"PLATINSTUDIO.COM"},{"@type":"BreadcrumbList","@id":"https:\/\/glareone.eu\/pl\/produkt\/glareone-grid-do-softboxow-hexa-70-easy-fold-deep\/#breadcrumb","itemListElement":[{"@type":"ListItem","position":1,"name":"Strona g\u0142\u00f3wna","item":"https:\/\/glareone.eu\/pl\/"},{"@type":"ListItem","position":2,"name":"Wszystkie produkty","item":"https:\/\/glareone.eu\/pl\/produkty\/wszystkie-produkty\/"},{"@type":"ListItem","position":3,"name":"GlareOne Grid do softbox\u00f3w Hexa 70 Easy Fold Deep"}]},{"@type":"WebSite","@id":"https:\/\/glareone.eu\/pl\/en\/#website","url":"https:\/\/glareone.eu\/pl\/en\/","name":"GlareOne","description":"Wyposa\u017cenie Studia","publisher":{"@id":"https:\/\/glareone.eu\/pl\/en\/#organization"},"potentialAction":[{"@type":"SearchAction","target":{"@type":"EntryPoint","urlTemplate":"https:\/\/glareone.eu\/pl\/en\/?s={search_term_string}"},"query-input":{"@type":"PropertyValueSpecification","valueRequired":true,"valueName":"search_term_string"}}],"inLanguage":"pl-PL"},{"@type":"Organization","@id":"https:\/\/glareone.eu\/pl\/en\/#organization","name":"GlareOne","url":"https:\/\/glareone.eu\/pl\/en\/","logo":{"@type":"ImageObject","inLanguage":"pl-PL","@id":"https:\/\/glareone.eu\/pl\/en\/#\/schema\/logo\/image\/","url":"http:\/\/glareone.eu\/wp-content\/uploads\/2024\/05\/glareone_logo2020_RGB-01-e1715773127189.png","contentUrl":"http:\/\/glareone.eu\/wp-content\/uploads\/2024\/05\/glareone_logo2020_RGB-01-e1715773127189.png","width":1270,"height":321,"caption":"GlareOne"},"image":{"@id":"https:\/\/glareone.eu\/pl\/en\/#\/schema\/logo\/image\/"},"sameAs":["https:\/\/www.facebook.com\/GlareOneLighting","https:\/\/www.instagram.com\/glareonelighting\/","https:\/\/www.youtube.com\/@GlareOneTV"]}]}},"_links":{"self":[{"href":"https:\/\/glareone.eu\/pl\/wp-json\/wp\/v2\/product\/935","targetHints":{"allow":["GET"]}}],"collection":[{"href":"https:\/\/glareone.eu\/pl\/wp-json\/wp\/v2\/product"}],"about":[{"href":"https:\/\/glareone.eu\/pl\/wp-json\/wp\/v2\/types\/product"}],"wp:featuredmedia":[{"embeddable":true,"href":"https:\/\/glareone.eu\/pl\/wp-json\/wp\/v2\/media\/7898"}],"wp:attachment":[{"href":"https:\/\/glareone.eu\/pl\/wp-json\/wp\/v2\/media?parent=935"}],"wp:term":[{"taxonomy":"product_brand","embeddable":true,"href":"https:\/\/glareone.eu\/pl\/wp-json\/wp\/v2\/product_brand?post=935"},{"taxonomy":"product_cat","embeddable":true,"href":"https:\/\/glareone.eu\/pl\/wp-json\/wp\/v2\/product_cat?post=935"},{"taxonomy":"product_tag","embeddable":true,"href":"https:\/\/glareone.eu\/pl\/wp-json\/wp\/v2\/product_tag?post=935"}],"curies":[{"name":"wp","href":"https:\/\/api.w.org\/{rel}","templated":true}]}}