{"id":934,"date":"2024-04-18T19:26:20","date_gmt":"2024-04-18T19:26:20","guid":{"rendered":"http:\/\/glareone.eu\/produkt\/glareone-led-rc\/"},"modified":"2025-03-20T07:24:16","modified_gmt":"2025-03-20T07:24:16","slug":"glareone-led-rc","status":"publish","type":"product","link":"https:\/\/glareone.eu\/pl\/produkt\/glareone-led-rc\/","title":{"rendered":"GlareOne LED RC"},"content":{"rendered":"<p>Pilot zdalnego sterowania do lamp GlareOne LED umo\u017cliwiaj\u0105cy zmian\u0119 jasno\u015bci oraz temperatury barwowej \u015bwiat\u0142a. Wyposa\u017cony jest w ekran LCD oraz zestaw klawiszy, kt\u00f3re pozwalaj\u0105 zdalnie kontrolowa\u0107 parametry pracy lamp. Urz\u0105dzenie jest bardzo \u0142atwe w u\u017cyciu, a dzi\u0119ki ma\u0142ym rozmiarom i niskiej wadze mo\u017cna go schowa\u0107 w kieszeni i mie\u0107 ci\u0105gle przy sobie podczas pracy.<\/p>\n<p>Wybrane lampy GlareOne LED s\u0105 wyposa\u017cone w odbiornik radiowy kompatybilny z pilotem LED RC, co sprawia, \u017ce mo\u017cliwa jest bezprzewodowa zmiana zar\u00f3wno jasno\u015bci \u015bwiat\u0142a, jak i jego temperatury barwowej. Ponadto pilot obs\u0142uguje 16 kana\u0142\u00f3w komunikacji oraz do 10 grup lamp. Jest to szczeg\u00f3lnie przydatne, gdy korzysta si\u0119 z rozbudowanych zestaw\u00f3w o\u015bwietleniowych lub gdy dost\u0119p do panelu sterowania lamp jest utrudniony.<\/p>\n<h3>Cechy GlareOne LED RC<\/h3>\n<ul>\n<li>zapewnia zdaln\u0105 kontrol\u0119 nad jasno\u015bci\u0105 i temperatur\u0105 barwow\u0105 \u015bwiat\u0142a,<\/li>\n<li>kompatybilny z lampami z serii GlareOne LED (opr\u00f3cz modelu LED 1000),<\/li>\n<li>Wykorzystuje cz\u0119stotliwo\u015b\u0107 radiow\u0105 2,4 GHz a jego maksymalny zasi\u0119g wynosi 100 m,<\/li>\n<li>Obs\u0142uguje do 10 grup lamp w 16 kana\u0142ach komunikacji radiowej,<\/li>\n<li>Wyposa\u017cony w ekran LCD wskazuj\u0105cy aktualne nastawy lamp,<\/li>\n<li>Zasilany za pomoc\u0105 dw\u00f3ch baterii typu AAA.<\/li>\n<\/ul>\n","protected":false},"excerpt":{"rendered":"<p>Pilot zdalnego sterowania do lamp GlareOne LED umo\u017cliwiaj\u0105cy zmian\u0119 jasno\u015bci oraz temperatury barwowej \u015bwiat\u0142a. Wyposa\u017cony jest w ekran LCD oraz zestaw klawiszy, kt\u00f3re pozwalaj\u0105 zdalnie kontrolowa\u0107 parametry pracy lamp. Urz\u0105dzenie jest bardzo \u0142atwe w u\u017cyciu, a dzi\u0119ki ma\u0142ym rozmiarom i niskiej wadze mo\u017cna go schowa\u0107 w kieszeni i mie\u0107 ci\u0105gle przy sobie podczas pracy. Wybrane [&hellip;]<\/p>\n","protected":false},"featured_media":6498,"template":"","meta":[],"product_brand":[],"product_cat":[329],"product_tag":[],"class_list":{"0":"post-934","1":"product","2":"type-product","3":"status-publish","4":"has-post-thumbnail","6":"product_cat-lampy-led-z-mocowaniem-bowens","8":"first","9":"instock","10":"product-type-simple"},"yoast_head":"<!-- This site is optimized with the Yoast SEO plugin v27.2 - https:\/\/yoast.com\/product\/yoast-seo-wordpress\/ -->\n<title>GlareOne LED RC<\/title>\n<meta name=\"description\" content=\"GlareOne LED RC to pilot zdalnego sterowania do lamp GlareOne LED. Zapewnia zdaln\u0105 kontrol\u0119 nad jasno\u015bci\u0105 i temperatur\u0105 barwow\u0105 \u015bwiat\u0142a,\" \/>\n<meta name=\"robots\" content=\"index, follow, max-snippet:-1, max-image-preview:large, max-video-preview:-1\" \/>\n<link rel=\"canonical\" href=\"https:\/\/glareone.eu\/pl\/produkt\/glareone-led-rc\/\" \/>\n<meta property=\"og:locale\" content=\"pl_PL\" \/>\n<meta property=\"og:type\" content=\"article\" \/>\n<meta property=\"og:title\" content=\"GlareOne LED RC\" \/>\n<meta property=\"og:description\" content=\"GlareOne LED RC to pilot zdalnego sterowania do lamp GlareOne LED. Zapewnia zdaln\u0105 kontrol\u0119 nad jasno\u015bci\u0105 i temperatur\u0105 barwow\u0105 \u015bwiat\u0142a,\" \/>\n<meta property=\"og:url\" content=\"https:\/\/glareone.eu\/pl\/produkt\/glareone-led-rc\/\" \/>\n<meta property=\"og:site_name\" content=\"GlareOne\" \/>\n<meta property=\"article:publisher\" content=\"https:\/\/www.facebook.com\/GlareOneLighting\" \/>\n<meta property=\"article:modified_time\" content=\"2025-03-20T07:24:16+00:00\" \/>\n<meta property=\"og:image\" content=\"https:\/\/glareone.eu\/wp-content\/uploads\/2024\/04\/GlareOne-LED-RC-01.png\" \/>\n\t<meta property=\"og:image:width\" content=\"2000\" \/>\n\t<meta property=\"og:image:height\" content=\"2000\" \/>\n\t<meta property=\"og:image:type\" content=\"image\/png\" \/>\n<meta name=\"twitter:card\" content=\"summary_large_image\" \/>\n<meta name=\"twitter:title\" content=\"GlareOne LED RC\" \/>\n<meta name=\"twitter:label1\" content=\"Szacowany czas czytania\" \/>\n\t<meta name=\"twitter:data1\" content=\"1 minuta\" \/>\n<script type=\"application\/ld+json\" class=\"yoast-schema-graph\">{\"@context\":\"https:\/\/schema.org\",\"@graph\":[{\"@type\":\"WebPage\",\"@id\":\"https:\/\/glareone.eu\/pl\/produkt\/glareone-led-rc\/\",\"url\":\"https:\/\/glareone.eu\/pl\/produkt\/glareone-led-rc\/\",\"name\":\"GlareOne LED RC\",\"isPartOf\":{\"@id\":\"https:\/\/glareone.eu\/pl\/en\/#website\"},\"primaryImageOfPage\":{\"@id\":\"https:\/\/glareone.eu\/pl\/produkt\/glareone-led-rc\/#primaryimage\"},\"image\":{\"@id\":\"https:\/\/glareone.eu\/pl\/produkt\/glareone-led-rc\/#primaryimage\"},\"thumbnailUrl\":\"https:\/\/glareone.eu\/wp-content\/uploads\/2024\/04\/GlareOne-LED-RC-01.png\",\"datePublished\":\"2024-04-18T19:26:20+00:00\",\"dateModified\":\"2025-03-20T07:24:16+00:00\",\"description\":\"GlareOne LED RC to pilot zdalnego sterowania do lamp GlareOne LED. Zapewnia zdaln\u0105 kontrol\u0119 nad jasno\u015bci\u0105 i temperatur\u0105 barwow\u0105 \u015bwiat\u0142a,\",\"breadcrumb\":{\"@id\":\"https:\/\/glareone.eu\/pl\/produkt\/glareone-led-rc\/#breadcrumb\"},\"inLanguage\":\"pl-PL\",\"potentialAction\":[{\"@type\":\"ReadAction\",\"target\":[\"https:\/\/glareone.eu\/pl\/produkt\/glareone-led-rc\/\"]}]},{\"@type\":\"ImageObject\",\"inLanguage\":\"pl-PL\",\"@id\":\"https:\/\/glareone.eu\/pl\/produkt\/glareone-led-rc\/#primaryimage\",\"url\":\"https:\/\/glareone.eu\/wp-content\/uploads\/2024\/04\/GlareOne-LED-RC-01.png\",\"contentUrl\":\"https:\/\/glareone.eu\/wp-content\/uploads\/2024\/04\/GlareOne-LED-RC-01.png\",\"width\":2000,\"height\":2000},{\"@type\":\"BreadcrumbList\",\"@id\":\"https:\/\/glareone.eu\/pl\/produkt\/glareone-led-rc\/#breadcrumb\",\"itemListElement\":[{\"@type\":\"ListItem\",\"position\":1,\"name\":\"Strona g\u0142\u00f3wna\",\"item\":\"https:\/\/glareone.eu\/pl\/\"},{\"@type\":\"ListItem\",\"position\":2,\"name\":\"Wszystkie produkty\",\"item\":\"https:\/\/glareone.eu\/pl\/produkty\/wszystkie-produkty\/\"},{\"@type\":\"ListItem\",\"position\":3,\"name\":\"GlareOne LED RC\"}]},{\"@type\":\"WebSite\",\"@id\":\"https:\/\/glareone.eu\/pl\/en\/#website\",\"url\":\"https:\/\/glareone.eu\/pl\/en\/\",\"name\":\"GlareOne\",\"description\":\"Wyposa\u017cenie Studia\",\"publisher\":{\"@id\":\"https:\/\/glareone.eu\/pl\/en\/#organization\"},\"potentialAction\":[{\"@type\":\"SearchAction\",\"target\":{\"@type\":\"EntryPoint\",\"urlTemplate\":\"https:\/\/glareone.eu\/pl\/en\/?s={search_term_string}\"},\"query-input\":{\"@type\":\"PropertyValueSpecification\",\"valueRequired\":true,\"valueName\":\"search_term_string\"}}],\"inLanguage\":\"pl-PL\"},{\"@type\":\"Organization\",\"@id\":\"https:\/\/glareone.eu\/pl\/en\/#organization\",\"name\":\"GlareOne\",\"url\":\"https:\/\/glareone.eu\/pl\/en\/\",\"logo\":{\"@type\":\"ImageObject\",\"inLanguage\":\"pl-PL\",\"@id\":\"https:\/\/glareone.eu\/pl\/en\/#\/schema\/logo\/image\/\",\"url\":\"http:\/\/glareone.eu\/wp-content\/uploads\/2024\/05\/glareone_logo2020_RGB-01-e1715773127189.png\",\"contentUrl\":\"http:\/\/glareone.eu\/wp-content\/uploads\/2024\/05\/glareone_logo2020_RGB-01-e1715773127189.png\",\"width\":1270,\"height\":321,\"caption\":\"GlareOne\"},\"image\":{\"@id\":\"https:\/\/glareone.eu\/pl\/en\/#\/schema\/logo\/image\/\"},\"sameAs\":[\"https:\/\/www.facebook.com\/GlareOneLighting\",\"https:\/\/www.instagram.com\/glareonelighting\/\",\"https:\/\/www.youtube.com\/@GlareOneTV\"]}]}<\/script>\n<!-- \/ Yoast SEO plugin. -->","yoast_head_json":{"title":"GlareOne LED RC","description":"GlareOne LED RC to pilot zdalnego sterowania do lamp GlareOne LED. Zapewnia zdaln\u0105 kontrol\u0119 nad jasno\u015bci\u0105 i temperatur\u0105 barwow\u0105 \u015bwiat\u0142a,","robots":{"index":"index","follow":"follow","max-snippet":"max-snippet:-1","max-image-preview":"max-image-preview:large","max-video-preview":"max-video-preview:-1"},"canonical":"https:\/\/glareone.eu\/pl\/produkt\/glareone-led-rc\/","og_locale":"pl_PL","og_type":"article","og_title":"GlareOne LED RC","og_description":"GlareOne LED RC to pilot zdalnego sterowania do lamp GlareOne LED. Zapewnia zdaln\u0105 kontrol\u0119 nad jasno\u015bci\u0105 i temperatur\u0105 barwow\u0105 \u015bwiat\u0142a,","og_url":"https:\/\/glareone.eu\/pl\/produkt\/glareone-led-rc\/","og_site_name":"GlareOne","article_publisher":"https:\/\/www.facebook.com\/GlareOneLighting","article_modified_time":"2025-03-20T07:24:16+00:00","og_image":[{"width":2000,"height":2000,"url":"https:\/\/glareone.eu\/wp-content\/uploads\/2024\/04\/GlareOne-LED-RC-01.png","type":"image\/png"}],"twitter_card":"summary_large_image","twitter_title":"GlareOne LED RC","twitter_misc":{"Szacowany czas czytania":"1 minuta"},"schema":{"@context":"https:\/\/schema.org","@graph":[{"@type":"WebPage","@id":"https:\/\/glareone.eu\/pl\/produkt\/glareone-led-rc\/","url":"https:\/\/glareone.eu\/pl\/produkt\/glareone-led-rc\/","name":"GlareOne LED RC","isPartOf":{"@id":"https:\/\/glareone.eu\/pl\/en\/#website"},"primaryImageOfPage":{"@id":"https:\/\/glareone.eu\/pl\/produkt\/glareone-led-rc\/#primaryimage"},"image":{"@id":"https:\/\/glareone.eu\/pl\/produkt\/glareone-led-rc\/#primaryimage"},"thumbnailUrl":"https:\/\/glareone.eu\/wp-content\/uploads\/2024\/04\/GlareOne-LED-RC-01.png","datePublished":"2024-04-18T19:26:20+00:00","dateModified":"2025-03-20T07:24:16+00:00","description":"GlareOne LED RC to pilot zdalnego sterowania do lamp GlareOne LED. Zapewnia zdaln\u0105 kontrol\u0119 nad jasno\u015bci\u0105 i temperatur\u0105 barwow\u0105 \u015bwiat\u0142a,","breadcrumb":{"@id":"https:\/\/glareone.eu\/pl\/produkt\/glareone-led-rc\/#breadcrumb"},"inLanguage":"pl-PL","potentialAction":[{"@type":"ReadAction","target":["https:\/\/glareone.eu\/pl\/produkt\/glareone-led-rc\/"]}]},{"@type":"ImageObject","inLanguage":"pl-PL","@id":"https:\/\/glareone.eu\/pl\/produkt\/glareone-led-rc\/#primaryimage","url":"https:\/\/glareone.eu\/wp-content\/uploads\/2024\/04\/GlareOne-LED-RC-01.png","contentUrl":"https:\/\/glareone.eu\/wp-content\/uploads\/2024\/04\/GlareOne-LED-RC-01.png","width":2000,"height":2000},{"@type":"BreadcrumbList","@id":"https:\/\/glareone.eu\/pl\/produkt\/glareone-led-rc\/#breadcrumb","itemListElement":[{"@type":"ListItem","position":1,"name":"Strona g\u0142\u00f3wna","item":"https:\/\/glareone.eu\/pl\/"},{"@type":"ListItem","position":2,"name":"Wszystkie produkty","item":"https:\/\/glareone.eu\/pl\/produkty\/wszystkie-produkty\/"},{"@type":"ListItem","position":3,"name":"GlareOne LED RC"}]},{"@type":"WebSite","@id":"https:\/\/glareone.eu\/pl\/en\/#website","url":"https:\/\/glareone.eu\/pl\/en\/","name":"GlareOne","description":"Wyposa\u017cenie Studia","publisher":{"@id":"https:\/\/glareone.eu\/pl\/en\/#organization"},"potentialAction":[{"@type":"SearchAction","target":{"@type":"EntryPoint","urlTemplate":"https:\/\/glareone.eu\/pl\/en\/?s={search_term_string}"},"query-input":{"@type":"PropertyValueSpecification","valueRequired":true,"valueName":"search_term_string"}}],"inLanguage":"pl-PL"},{"@type":"Organization","@id":"https:\/\/glareone.eu\/pl\/en\/#organization","name":"GlareOne","url":"https:\/\/glareone.eu\/pl\/en\/","logo":{"@type":"ImageObject","inLanguage":"pl-PL","@id":"https:\/\/glareone.eu\/pl\/en\/#\/schema\/logo\/image\/","url":"http:\/\/glareone.eu\/wp-content\/uploads\/2024\/05\/glareone_logo2020_RGB-01-e1715773127189.png","contentUrl":"http:\/\/glareone.eu\/wp-content\/uploads\/2024\/05\/glareone_logo2020_RGB-01-e1715773127189.png","width":1270,"height":321,"caption":"GlareOne"},"image":{"@id":"https:\/\/glareone.eu\/pl\/en\/#\/schema\/logo\/image\/"},"sameAs":["https:\/\/www.facebook.com\/GlareOneLighting","https:\/\/www.instagram.com\/glareonelighting\/","https:\/\/www.youtube.com\/@GlareOneTV"]}]}},"_links":{"self":[{"href":"https:\/\/glareone.eu\/pl\/wp-json\/wp\/v2\/product\/934","targetHints":{"allow":["GET"]}}],"collection":[{"href":"https:\/\/glareone.eu\/pl\/wp-json\/wp\/v2\/product"}],"about":[{"href":"https:\/\/glareone.eu\/pl\/wp-json\/wp\/v2\/types\/product"}],"wp:featuredmedia":[{"embeddable":true,"href":"https:\/\/glareone.eu\/pl\/wp-json\/wp\/v2\/media\/6498"}],"wp:attachment":[{"href":"https:\/\/glareone.eu\/pl\/wp-json\/wp\/v2\/media?parent=934"}],"wp:term":[{"taxonomy":"product_brand","embeddable":true,"href":"https:\/\/glareone.eu\/pl\/wp-json\/wp\/v2\/product_brand?post=934"},{"taxonomy":"product_cat","embeddable":true,"href":"https:\/\/glareone.eu\/pl\/wp-json\/wp\/v2\/product_cat?post=934"},{"taxonomy":"product_tag","embeddable":true,"href":"https:\/\/glareone.eu\/pl\/wp-json\/wp\/v2\/product_tag?post=934"}],"curies":[{"name":"wp","href":"https:\/\/api.w.org\/{rel}","templated":true}]}}