{"id":933,"date":"2024-04-18T19:26:20","date_gmt":"2024-04-18T19:26:20","guid":{"rendered":"http:\/\/glareone.eu\/produkt\/glareone-wrota-z-plastrem-miodu-i-zestawem-filtrow-kolorowych-do-czasz-18-cm\/"},"modified":"2024-05-10T09:24:12","modified_gmt":"2024-05-10T09:24:12","slug":"glareone-wrota-z-plastrem-miodu-i-zestawem-filtrow-kolorowych-do-czasz-18-cm","status":"publish","type":"product","link":"https:\/\/glareone.eu\/pl\/produkt\/glareone-wrota-z-plastrem-miodu-i-zestawem-filtrow-kolorowych-do-czasz-18-cm\/","title":{"rendered":"GlareOne Wrota z plastrem miodu i zestawem filtr\u00f3w kolorowych do czasz 18 cm"},"content":{"rendered":"<p>Wrota GlareOne s\u0105 przystosowane do czasz sztandarowych o \u015brednicy 18 cm i s\u0142u\u017c\u0105 do modelowania \u015bwiat\u0142a padaj\u0105cego na plan zdj\u0119ciowy. Po\u0142o\u017cenie skrzyde\u0142 wr\u00f3t mo\u017cna regulowa\u0107, co pomaga nie tylko w modyfikowaniu \u015bwiat\u0142a, ale te\u017c pozwala na ograniczenie efektu flar w obiektywie lub rozchodzenia si\u0119 \u015bwiat\u0142a na obiekty, kt\u00f3re chcemy pozostawi\u0107 w cieniu.<br \/>\nW pude\u0142ku z wrotami dostarczany jest tak\u017ce plaster miodu, kt\u00f3ry zwi\u0119ksza kontrol\u0119 nad \u015bwiat\u0142em oraz zestaw czterech podstawowych filtr\u00f3w barwnych (\u017c\u00f3\u0142tego, czerwonego, zielonego i niebieskiego). Filtry te zamocowane s\u0105 w metalowych ramkach, kt\u00f3re daje si\u0119 \u0142atwo montowa\u0107 we wrotach za pomoc\u0105 wbudowanych magnes\u00f3w.<\/p>\n<h3>Cechy produktu:<\/h3>\n<ul>\n<li>pasuj\u0105 do niemal ka\u017cdej czaszy o \u015brednicy 18 cm (7\u201d),<\/li>\n<li>w komplecie znajduje si\u0119 zestaw filtr\u00f3w kolorowych (\u017c\u00f3\u0142ty, czerwony, zielony, niebieski),<\/li>\n<li>dostarczane wraz z 30\u00b0 plastrem miodu, kt\u00f3ry pozwala na dok\u0142adniejsze panowanie nad \u015bwiat\u0142em,<\/li>\n<li>wykonane ca\u0142kowicie z metalu.<\/li>\n<\/ul>\n","protected":false},"excerpt":{"rendered":"<p>Wrota GlareOne s\u0105 przystosowane do czasz sztandarowych o \u015brednicy 18 cm i s\u0142u\u017c\u0105 do modelowania \u015bwiat\u0142a padaj\u0105cego na plan zdj\u0119ciowy. Po\u0142o\u017cenie skrzyde\u0142 wr\u00f3t mo\u017cna regulowa\u0107, co pomaga nie tylko w modyfikowaniu \u015bwiat\u0142a, ale te\u017c pozwala na ograniczenie efektu flar w obiektywie lub rozchodzenia si\u0119 \u015bwiat\u0142a na obiekty, kt\u00f3re chcemy pozostawi\u0107 w cieniu. W pude\u0142ku z [&hellip;]<\/p>\n","protected":false},"featured_media":8018,"template":"","meta":[],"product_brand":[],"product_cat":[486],"product_tag":[],"class_list":{"0":"post-933","1":"product","2":"type-product","3":"status-publish","4":"has-post-thumbnail","6":"product_cat-czasze","8":"first","9":"instock","10":"product-type-simple"},"yoast_head":"<!-- This site is optimized with the Yoast SEO plugin v27.2 - https:\/\/yoast.com\/product\/yoast-seo-wordpress\/ -->\n<title>GlareOne Wrota z plastrem miodu i zestawem filtr\u00f3w kolorowych do czasz 18 cm<\/title>\n<meta name=\"description\" content=\"GlareOne Wrota z plastrem miodu i zestawem filtr\u00f3w kolorowych do czasz 18 cm\" \/>\n<meta name=\"robots\" content=\"index, follow, max-snippet:-1, max-image-preview:large, max-video-preview:-1\" \/>\n<link rel=\"canonical\" href=\"https:\/\/glareone.eu\/pl\/produkt\/glareone-wrota-z-plastrem-miodu-i-zestawem-filtrow-kolorowych-do-czasz-18-cm\/\" \/>\n<meta property=\"og:locale\" content=\"pl_PL\" \/>\n<meta property=\"og:type\" content=\"article\" \/>\n<meta property=\"og:title\" content=\"GlareOne Wrota z plastrem miodu i zestawem filtr\u00f3w kolorowych do czasz 18 cm\" \/>\n<meta property=\"og:description\" content=\"GlareOne Wrota z plastrem miodu i zestawem filtr\u00f3w kolorowych do czasz 18 cm\" \/>\n<meta property=\"og:url\" content=\"https:\/\/glareone.eu\/pl\/produkt\/glareone-wrota-z-plastrem-miodu-i-zestawem-filtrow-kolorowych-do-czasz-18-cm\/\" \/>\n<meta property=\"og:site_name\" content=\"GlareOne\" \/>\n<meta property=\"article:publisher\" content=\"https:\/\/www.facebook.com\/GlareOneLighting\" \/>\n<meta property=\"article:modified_time\" content=\"2024-05-10T09:24:12+00:00\" \/>\n<meta property=\"og:image\" content=\"https:\/\/glareone.eu\/wp-content\/uploads\/2024\/04\/SBD65-10-B.jpg\" \/>\n\t<meta property=\"og:image:width\" content=\"1000\" \/>\n\t<meta property=\"og:image:height\" content=\"1000\" \/>\n\t<meta property=\"og:image:type\" content=\"image\/jpeg\" \/>\n<meta name=\"twitter:card\" content=\"summary_large_image\" \/>\n<meta name=\"twitter:title\" content=\"GlareOne Wrota z plastrem miodu i zestawem filtr\u00f3w kolorowych do czasz 18 cm\" \/>\n<meta name=\"twitter:label1\" content=\"Szacowany czas czytania\" \/>\n\t<meta name=\"twitter:data1\" content=\"1 minuta\" \/>\n<script type=\"application\/ld+json\" class=\"yoast-schema-graph\">{\"@context\":\"https:\/\/schema.org\",\"@graph\":[{\"@type\":\"WebPage\",\"@id\":\"https:\/\/glareone.eu\/pl\/produkt\/glareone-wrota-z-plastrem-miodu-i-zestawem-filtrow-kolorowych-do-czasz-18-cm\/\",\"url\":\"https:\/\/glareone.eu\/pl\/produkt\/glareone-wrota-z-plastrem-miodu-i-zestawem-filtrow-kolorowych-do-czasz-18-cm\/\",\"name\":\"GlareOne Wrota z plastrem miodu i zestawem filtr\u00f3w kolorowych do czasz 18 cm\",\"isPartOf\":{\"@id\":\"https:\/\/glareone.eu\/pl\/en\/#website\"},\"primaryImageOfPage\":{\"@id\":\"https:\/\/glareone.eu\/pl\/produkt\/glareone-wrota-z-plastrem-miodu-i-zestawem-filtrow-kolorowych-do-czasz-18-cm\/#primaryimage\"},\"image\":{\"@id\":\"https:\/\/glareone.eu\/pl\/produkt\/glareone-wrota-z-plastrem-miodu-i-zestawem-filtrow-kolorowych-do-czasz-18-cm\/#primaryimage\"},\"thumbnailUrl\":\"https:\/\/glareone.eu\/wp-content\/uploads\/2024\/04\/SBD65-10-B.jpg\",\"datePublished\":\"2024-04-18T19:26:20+00:00\",\"dateModified\":\"2024-05-10T09:24:12+00:00\",\"description\":\"GlareOne Wrota z plastrem miodu i zestawem filtr\u00f3w kolorowych do czasz 18 cm\",\"breadcrumb\":{\"@id\":\"https:\/\/glareone.eu\/pl\/produkt\/glareone-wrota-z-plastrem-miodu-i-zestawem-filtrow-kolorowych-do-czasz-18-cm\/#breadcrumb\"},\"inLanguage\":\"pl-PL\",\"potentialAction\":[{\"@type\":\"ReadAction\",\"target\":[\"https:\/\/glareone.eu\/pl\/produkt\/glareone-wrota-z-plastrem-miodu-i-zestawem-filtrow-kolorowych-do-czasz-18-cm\/\"]}]},{\"@type\":\"ImageObject\",\"inLanguage\":\"pl-PL\",\"@id\":\"https:\/\/glareone.eu\/pl\/produkt\/glareone-wrota-z-plastrem-miodu-i-zestawem-filtrow-kolorowych-do-czasz-18-cm\/#primaryimage\",\"url\":\"https:\/\/glareone.eu\/wp-content\/uploads\/2024\/04\/SBD65-10-B.jpg\",\"contentUrl\":\"https:\/\/glareone.eu\/wp-content\/uploads\/2024\/04\/SBD65-10-B.jpg\",\"width\":1000,\"height\":1000,\"caption\":\"PLATINSTUDIO.COM\"},{\"@type\":\"BreadcrumbList\",\"@id\":\"https:\/\/glareone.eu\/pl\/produkt\/glareone-wrota-z-plastrem-miodu-i-zestawem-filtrow-kolorowych-do-czasz-18-cm\/#breadcrumb\",\"itemListElement\":[{\"@type\":\"ListItem\",\"position\":1,\"name\":\"Strona g\u0142\u00f3wna\",\"item\":\"https:\/\/glareone.eu\/pl\/\"},{\"@type\":\"ListItem\",\"position\":2,\"name\":\"Wszystkie produkty\",\"item\":\"https:\/\/glareone.eu\/pl\/produkty\/wszystkie-produkty\/\"},{\"@type\":\"ListItem\",\"position\":3,\"name\":\"GlareOne Wrota z plastrem miodu i zestawem filtr\u00f3w kolorowych do czasz 18 cm\"}]},{\"@type\":\"WebSite\",\"@id\":\"https:\/\/glareone.eu\/pl\/en\/#website\",\"url\":\"https:\/\/glareone.eu\/pl\/en\/\",\"name\":\"GlareOne\",\"description\":\"Wyposa\u017cenie Studia\",\"publisher\":{\"@id\":\"https:\/\/glareone.eu\/pl\/en\/#organization\"},\"potentialAction\":[{\"@type\":\"SearchAction\",\"target\":{\"@type\":\"EntryPoint\",\"urlTemplate\":\"https:\/\/glareone.eu\/pl\/en\/?s={search_term_string}\"},\"query-input\":{\"@type\":\"PropertyValueSpecification\",\"valueRequired\":true,\"valueName\":\"search_term_string\"}}],\"inLanguage\":\"pl-PL\"},{\"@type\":\"Organization\",\"@id\":\"https:\/\/glareone.eu\/pl\/en\/#organization\",\"name\":\"GlareOne\",\"url\":\"https:\/\/glareone.eu\/pl\/en\/\",\"logo\":{\"@type\":\"ImageObject\",\"inLanguage\":\"pl-PL\",\"@id\":\"https:\/\/glareone.eu\/pl\/en\/#\/schema\/logo\/image\/\",\"url\":\"http:\/\/glareone.eu\/wp-content\/uploads\/2024\/05\/glareone_logo2020_RGB-01-e1715773127189.png\",\"contentUrl\":\"http:\/\/glareone.eu\/wp-content\/uploads\/2024\/05\/glareone_logo2020_RGB-01-e1715773127189.png\",\"width\":1270,\"height\":321,\"caption\":\"GlareOne\"},\"image\":{\"@id\":\"https:\/\/glareone.eu\/pl\/en\/#\/schema\/logo\/image\/\"},\"sameAs\":[\"https:\/\/www.facebook.com\/GlareOneLighting\",\"https:\/\/www.instagram.com\/glareonelighting\/\",\"https:\/\/www.youtube.com\/@GlareOneTV\"]}]}<\/script>\n<!-- \/ Yoast SEO plugin. -->","yoast_head_json":{"title":"GlareOne Wrota z plastrem miodu i zestawem filtr\u00f3w kolorowych do czasz 18 cm","description":"GlareOne Wrota z plastrem miodu i zestawem filtr\u00f3w kolorowych do czasz 18 cm","robots":{"index":"index","follow":"follow","max-snippet":"max-snippet:-1","max-image-preview":"max-image-preview:large","max-video-preview":"max-video-preview:-1"},"canonical":"https:\/\/glareone.eu\/pl\/produkt\/glareone-wrota-z-plastrem-miodu-i-zestawem-filtrow-kolorowych-do-czasz-18-cm\/","og_locale":"pl_PL","og_type":"article","og_title":"GlareOne Wrota z plastrem miodu i zestawem filtr\u00f3w kolorowych do czasz 18 cm","og_description":"GlareOne Wrota z plastrem miodu i zestawem filtr\u00f3w kolorowych do czasz 18 cm","og_url":"https:\/\/glareone.eu\/pl\/produkt\/glareone-wrota-z-plastrem-miodu-i-zestawem-filtrow-kolorowych-do-czasz-18-cm\/","og_site_name":"GlareOne","article_publisher":"https:\/\/www.facebook.com\/GlareOneLighting","article_modified_time":"2024-05-10T09:24:12+00:00","og_image":[{"width":1000,"height":1000,"url":"https:\/\/glareone.eu\/wp-content\/uploads\/2024\/04\/SBD65-10-B.jpg","type":"image\/jpeg"}],"twitter_card":"summary_large_image","twitter_title":"GlareOne Wrota z plastrem miodu i zestawem filtr\u00f3w kolorowych do czasz 18 cm","twitter_misc":{"Szacowany czas czytania":"1 minuta"},"schema":{"@context":"https:\/\/schema.org","@graph":[{"@type":"WebPage","@id":"https:\/\/glareone.eu\/pl\/produkt\/glareone-wrota-z-plastrem-miodu-i-zestawem-filtrow-kolorowych-do-czasz-18-cm\/","url":"https:\/\/glareone.eu\/pl\/produkt\/glareone-wrota-z-plastrem-miodu-i-zestawem-filtrow-kolorowych-do-czasz-18-cm\/","name":"GlareOne Wrota z plastrem miodu i zestawem filtr\u00f3w kolorowych do czasz 18 cm","isPartOf":{"@id":"https:\/\/glareone.eu\/pl\/en\/#website"},"primaryImageOfPage":{"@id":"https:\/\/glareone.eu\/pl\/produkt\/glareone-wrota-z-plastrem-miodu-i-zestawem-filtrow-kolorowych-do-czasz-18-cm\/#primaryimage"},"image":{"@id":"https:\/\/glareone.eu\/pl\/produkt\/glareone-wrota-z-plastrem-miodu-i-zestawem-filtrow-kolorowych-do-czasz-18-cm\/#primaryimage"},"thumbnailUrl":"https:\/\/glareone.eu\/wp-content\/uploads\/2024\/04\/SBD65-10-B.jpg","datePublished":"2024-04-18T19:26:20+00:00","dateModified":"2024-05-10T09:24:12+00:00","description":"GlareOne Wrota z plastrem miodu i zestawem filtr\u00f3w kolorowych do czasz 18 cm","breadcrumb":{"@id":"https:\/\/glareone.eu\/pl\/produkt\/glareone-wrota-z-plastrem-miodu-i-zestawem-filtrow-kolorowych-do-czasz-18-cm\/#breadcrumb"},"inLanguage":"pl-PL","potentialAction":[{"@type":"ReadAction","target":["https:\/\/glareone.eu\/pl\/produkt\/glareone-wrota-z-plastrem-miodu-i-zestawem-filtrow-kolorowych-do-czasz-18-cm\/"]}]},{"@type":"ImageObject","inLanguage":"pl-PL","@id":"https:\/\/glareone.eu\/pl\/produkt\/glareone-wrota-z-plastrem-miodu-i-zestawem-filtrow-kolorowych-do-czasz-18-cm\/#primaryimage","url":"https:\/\/glareone.eu\/wp-content\/uploads\/2024\/04\/SBD65-10-B.jpg","contentUrl":"https:\/\/glareone.eu\/wp-content\/uploads\/2024\/04\/SBD65-10-B.jpg","width":1000,"height":1000,"caption":"PLATINSTUDIO.COM"},{"@type":"BreadcrumbList","@id":"https:\/\/glareone.eu\/pl\/produkt\/glareone-wrota-z-plastrem-miodu-i-zestawem-filtrow-kolorowych-do-czasz-18-cm\/#breadcrumb","itemListElement":[{"@type":"ListItem","position":1,"name":"Strona g\u0142\u00f3wna","item":"https:\/\/glareone.eu\/pl\/"},{"@type":"ListItem","position":2,"name":"Wszystkie produkty","item":"https:\/\/glareone.eu\/pl\/produkty\/wszystkie-produkty\/"},{"@type":"ListItem","position":3,"name":"GlareOne Wrota z plastrem miodu i zestawem filtr\u00f3w kolorowych do czasz 18 cm"}]},{"@type":"WebSite","@id":"https:\/\/glareone.eu\/pl\/en\/#website","url":"https:\/\/glareone.eu\/pl\/en\/","name":"GlareOne","description":"Wyposa\u017cenie Studia","publisher":{"@id":"https:\/\/glareone.eu\/pl\/en\/#organization"},"potentialAction":[{"@type":"SearchAction","target":{"@type":"EntryPoint","urlTemplate":"https:\/\/glareone.eu\/pl\/en\/?s={search_term_string}"},"query-input":{"@type":"PropertyValueSpecification","valueRequired":true,"valueName":"search_term_string"}}],"inLanguage":"pl-PL"},{"@type":"Organization","@id":"https:\/\/glareone.eu\/pl\/en\/#organization","name":"GlareOne","url":"https:\/\/glareone.eu\/pl\/en\/","logo":{"@type":"ImageObject","inLanguage":"pl-PL","@id":"https:\/\/glareone.eu\/pl\/en\/#\/schema\/logo\/image\/","url":"http:\/\/glareone.eu\/wp-content\/uploads\/2024\/05\/glareone_logo2020_RGB-01-e1715773127189.png","contentUrl":"http:\/\/glareone.eu\/wp-content\/uploads\/2024\/05\/glareone_logo2020_RGB-01-e1715773127189.png","width":1270,"height":321,"caption":"GlareOne"},"image":{"@id":"https:\/\/glareone.eu\/pl\/en\/#\/schema\/logo\/image\/"},"sameAs":["https:\/\/www.facebook.com\/GlareOneLighting","https:\/\/www.instagram.com\/glareonelighting\/","https:\/\/www.youtube.com\/@GlareOneTV"]}]}},"_links":{"self":[{"href":"https:\/\/glareone.eu\/pl\/wp-json\/wp\/v2\/product\/933","targetHints":{"allow":["GET"]}}],"collection":[{"href":"https:\/\/glareone.eu\/pl\/wp-json\/wp\/v2\/product"}],"about":[{"href":"https:\/\/glareone.eu\/pl\/wp-json\/wp\/v2\/types\/product"}],"wp:featuredmedia":[{"embeddable":true,"href":"https:\/\/glareone.eu\/pl\/wp-json\/wp\/v2\/media\/8018"}],"wp:attachment":[{"href":"https:\/\/glareone.eu\/pl\/wp-json\/wp\/v2\/media?parent=933"}],"wp:term":[{"taxonomy":"product_brand","embeddable":true,"href":"https:\/\/glareone.eu\/pl\/wp-json\/wp\/v2\/product_brand?post=933"},{"taxonomy":"product_cat","embeddable":true,"href":"https:\/\/glareone.eu\/pl\/wp-json\/wp\/v2\/product_cat?post=933"},{"taxonomy":"product_tag","embeddable":true,"href":"https:\/\/glareone.eu\/pl\/wp-json\/wp\/v2\/product_tag?post=933"}],"curies":[{"name":"wp","href":"https:\/\/api.w.org\/{rel}","templated":true}]}}