{"id":932,"date":"2024-04-18T19:26:20","date_gmt":"2024-04-18T19:26:20","guid":{"rendered":"http:\/\/glareone.eu\/produkt\/glareone-mini-glowica-z-goraca-stopka\/"},"modified":"2024-05-13T08:25:08","modified_gmt":"2024-05-13T08:25:08","slug":"glareone-mini-glowica-z-goraca-stopka","status":"publish","type":"product","link":"https:\/\/glareone.eu\/pl\/produkt\/glareone-mini-glowica-z-goraca-stopka\/","title":{"rendered":"GlareOne Mini g\u0142owica z gor\u0105c\u0105 stopk\u0105"},"content":{"rendered":"<p>GlareOne Mini Ballhead to niewielka g\u0142owica kulowa, kt\u00f3ra z pewno\u015bci\u0105 przyda si\u0119 w ka\u017cdym studiu fotografa lub filmowca. Dzi\u0119ki niej mo\u017cna w prosty spos\u00f3b zamontowa\u0107 dodatkowe o\u015bwietlenie bezpo\u015brednio na kamer\u0119 lub aparat, osadzi\u0107 panel LED na statywie czy doczepi\u0107 dodatkow\u0105 kamer\u0119 sportow\u0105, jednocze\u015bnie reguluj\u0105c ich po\u0142o\u017cenie. Mo\u017cliwo\u015bci zastosowa\u0144 tego rodzaju g\u0142owicy jest wiele.<br \/>\nG\u0142owica wyposa\u017cona jest w odkr\u0119cany adapter, przez co mo\u017ce by\u0107 podpi\u0119ta bezpo\u015brednio do stopki akcesori\u00f3w niemal wszystkich lustrzanek cyfrowych, bezlusterkowc\u00f3w i kamer video. Poza adapterem stopki mamy do dyspozycji dwa gwinty mocuj\u0105ce w rozmiarze 1\/4&#8243;-20 (m\u0119ski i \u017ce\u0144ski), dzi\u0119ki kt\u00f3rym g\u0142owic\u0119 mo\u017cna po\u0142\u0105czy\u0107 z niemal ka\u017cdym statywem.<br \/>\nGlareOne Mini Ballhead wykonana jest z metalu, co zapewnia du\u017c\u0105 trwa\u0142o\u015b\u0107. Maksymalny ud\u017awig wynosi ok. 500 g. Kula wyposa\u017cona jest w zacisk po\u0142o\u017cenia oraz blokad\u0119 pozycji pionowej.<\/p>\n<h3>Cechy produktu:<\/h3>\n<ul>\n<li>prosta w u\u017cyciu i kompaktowa g\u0142owica kulowa do mocowania lekkich akcesori\u00f3w,<\/li>\n<li>mo\u017ce by\u0107 u\u017cywana z lustrzankami, bezlusterkowcami i kamerami,<\/li>\n<li>pasuje tak\u017ce do statyw\u00f3w, w tym te\u017c studyjnych,<\/li>\n<li>wyposa\u017cona w blokad\u0119 po\u0142o\u017cenia kuli,<\/li>\n<li>posiada szeroki zakres regulacji w pionie: -90\u00b0\/+40\u00b0,<\/li>\n<li>wbudowane dwa punkty monta\u017cowe 1\/4&#8243;-20 (m\u0119ski i \u017ce\u0144ski),<\/li>\n<li>dostarczana z adapterem typu cold shoe.<\/li>\n<\/ul>\n","protected":false},"excerpt":{"rendered":"<p>GlareOne Mini Ballhead to niewielka g\u0142owica kulowa, kt\u00f3ra z pewno\u015bci\u0105 przyda si\u0119 w ka\u017cdym studiu fotografa lub filmowca. Dzi\u0119ki niej mo\u017cna w prosty spos\u00f3b zamontowa\u0107 dodatkowe o\u015bwietlenie bezpo\u015brednio na kamer\u0119 lub aparat, osadzi\u0107 panel LED na statywie czy doczepi\u0107 dodatkow\u0105 kamer\u0119 sportow\u0105, jednocze\u015bnie reguluj\u0105c ich po\u0142o\u017cenie. Mo\u017cliwo\u015bci zastosowa\u0144 tego rodzaju g\u0142owicy jest wiele. G\u0142owica wyposa\u017cona [&hellip;]<\/p>\n","protected":false},"featured_media":8680,"template":"","meta":[],"product_brand":[],"product_cat":[442],"product_tag":[],"class_list":{"0":"post-932","1":"product","2":"type-product","3":"status-publish","4":"has-post-thumbnail","6":"product_cat-inne-akcesoria","8":"first","9":"instock","10":"product-type-simple"},"yoast_head":"<!-- This site is optimized with the Yoast SEO plugin v27.2 - https:\/\/yoast.com\/product\/yoast-seo-wordpress\/ -->\n<title>GlareOne Mini g\u0142owica z gor\u0105c\u0105 stopk\u0105<\/title>\n<meta name=\"description\" content=\"GlareOne Mini g\u0142owica z gor\u0105c\u0105 stopk\u0105\" \/>\n<meta name=\"robots\" content=\"index, follow, max-snippet:-1, max-image-preview:large, max-video-preview:-1\" \/>\n<link rel=\"canonical\" href=\"https:\/\/glareone.eu\/pl\/produkt\/glareone-mini-glowica-z-goraca-stopka\/\" \/>\n<meta property=\"og:locale\" content=\"pl_PL\" \/>\n<meta property=\"og:type\" content=\"article\" \/>\n<meta property=\"og:title\" content=\"GlareOne Mini g\u0142owica z gor\u0105c\u0105 stopk\u0105\" \/>\n<meta property=\"og:description\" content=\"GlareOne Mini g\u0142owica z gor\u0105c\u0105 stopk\u0105\" \/>\n<meta property=\"og:url\" content=\"https:\/\/glareone.eu\/pl\/produkt\/glareone-mini-glowica-z-goraca-stopka\/\" \/>\n<meta property=\"og:site_name\" content=\"GlareOne\" \/>\n<meta property=\"article:publisher\" content=\"https:\/\/www.facebook.com\/GlareOneLighting\" \/>\n<meta property=\"article:modified_time\" content=\"2024-05-13T08:25:08+00:00\" \/>\n<meta property=\"og:image\" content=\"https:\/\/glareone.eu\/wp-content\/uploads\/2024\/04\/SBMIN2-02.jpg\" \/>\n\t<meta property=\"og:image:width\" content=\"1000\" \/>\n\t<meta property=\"og:image:height\" content=\"1000\" \/>\n\t<meta property=\"og:image:type\" content=\"image\/jpeg\" \/>\n<meta name=\"twitter:card\" content=\"summary_large_image\" \/>\n<meta name=\"twitter:title\" content=\"GlareOne Mini g\u0142owica z gor\u0105c\u0105 stopk\u0105\" \/>\n<meta name=\"twitter:label1\" content=\"Szacowany czas czytania\" \/>\n\t<meta name=\"twitter:data1\" content=\"2 minuty\" \/>\n<script type=\"application\/ld+json\" class=\"yoast-schema-graph\">{\"@context\":\"https:\/\/schema.org\",\"@graph\":[{\"@type\":\"WebPage\",\"@id\":\"https:\/\/glareone.eu\/pl\/produkt\/glareone-mini-glowica-z-goraca-stopka\/\",\"url\":\"https:\/\/glareone.eu\/pl\/produkt\/glareone-mini-glowica-z-goraca-stopka\/\",\"name\":\"GlareOne Mini g\u0142owica z gor\u0105c\u0105 stopk\u0105\",\"isPartOf\":{\"@id\":\"https:\/\/glareone.eu\/pl\/en\/#website\"},\"primaryImageOfPage\":{\"@id\":\"https:\/\/glareone.eu\/pl\/produkt\/glareone-mini-glowica-z-goraca-stopka\/#primaryimage\"},\"image\":{\"@id\":\"https:\/\/glareone.eu\/pl\/produkt\/glareone-mini-glowica-z-goraca-stopka\/#primaryimage\"},\"thumbnailUrl\":\"https:\/\/glareone.eu\/wp-content\/uploads\/2024\/04\/SBMIN2-02.jpg\",\"datePublished\":\"2024-04-18T19:26:20+00:00\",\"dateModified\":\"2024-05-13T08:25:08+00:00\",\"description\":\"GlareOne Mini g\u0142owica z gor\u0105c\u0105 stopk\u0105\",\"breadcrumb\":{\"@id\":\"https:\/\/glareone.eu\/pl\/produkt\/glareone-mini-glowica-z-goraca-stopka\/#breadcrumb\"},\"inLanguage\":\"pl-PL\",\"potentialAction\":[{\"@type\":\"ReadAction\",\"target\":[\"https:\/\/glareone.eu\/pl\/produkt\/glareone-mini-glowica-z-goraca-stopka\/\"]}]},{\"@type\":\"ImageObject\",\"inLanguage\":\"pl-PL\",\"@id\":\"https:\/\/glareone.eu\/pl\/produkt\/glareone-mini-glowica-z-goraca-stopka\/#primaryimage\",\"url\":\"https:\/\/glareone.eu\/wp-content\/uploads\/2024\/04\/SBMIN2-02.jpg\",\"contentUrl\":\"https:\/\/glareone.eu\/wp-content\/uploads\/2024\/04\/SBMIN2-02.jpg\",\"width\":1000,\"height\":1000,\"caption\":\"PLATINSTUDIO.COM\"},{\"@type\":\"BreadcrumbList\",\"@id\":\"https:\/\/glareone.eu\/pl\/produkt\/glareone-mini-glowica-z-goraca-stopka\/#breadcrumb\",\"itemListElement\":[{\"@type\":\"ListItem\",\"position\":1,\"name\":\"Strona g\u0142\u00f3wna\",\"item\":\"https:\/\/glareone.eu\/pl\/\"},{\"@type\":\"ListItem\",\"position\":2,\"name\":\"Wszystkie produkty\",\"item\":\"https:\/\/glareone.eu\/pl\/produkty\/wszystkie-produkty\/\"},{\"@type\":\"ListItem\",\"position\":3,\"name\":\"GlareOne Mini g\u0142owica z gor\u0105c\u0105 stopk\u0105\"}]},{\"@type\":\"WebSite\",\"@id\":\"https:\/\/glareone.eu\/pl\/en\/#website\",\"url\":\"https:\/\/glareone.eu\/pl\/en\/\",\"name\":\"GlareOne\",\"description\":\"Wyposa\u017cenie Studia\",\"publisher\":{\"@id\":\"https:\/\/glareone.eu\/pl\/en\/#organization\"},\"potentialAction\":[{\"@type\":\"SearchAction\",\"target\":{\"@type\":\"EntryPoint\",\"urlTemplate\":\"https:\/\/glareone.eu\/pl\/en\/?s={search_term_string}\"},\"query-input\":{\"@type\":\"PropertyValueSpecification\",\"valueRequired\":true,\"valueName\":\"search_term_string\"}}],\"inLanguage\":\"pl-PL\"},{\"@type\":\"Organization\",\"@id\":\"https:\/\/glareone.eu\/pl\/en\/#organization\",\"name\":\"GlareOne\",\"url\":\"https:\/\/glareone.eu\/pl\/en\/\",\"logo\":{\"@type\":\"ImageObject\",\"inLanguage\":\"pl-PL\",\"@id\":\"https:\/\/glareone.eu\/pl\/en\/#\/schema\/logo\/image\/\",\"url\":\"http:\/\/glareone.eu\/wp-content\/uploads\/2024\/05\/glareone_logo2020_RGB-01-e1715773127189.png\",\"contentUrl\":\"http:\/\/glareone.eu\/wp-content\/uploads\/2024\/05\/glareone_logo2020_RGB-01-e1715773127189.png\",\"width\":1270,\"height\":321,\"caption\":\"GlareOne\"},\"image\":{\"@id\":\"https:\/\/glareone.eu\/pl\/en\/#\/schema\/logo\/image\/\"},\"sameAs\":[\"https:\/\/www.facebook.com\/GlareOneLighting\",\"https:\/\/www.instagram.com\/glareonelighting\/\",\"https:\/\/www.youtube.com\/@GlareOneTV\"]}]}<\/script>\n<!-- \/ Yoast SEO plugin. -->","yoast_head_json":{"title":"GlareOne Mini g\u0142owica z gor\u0105c\u0105 stopk\u0105","description":"GlareOne Mini g\u0142owica z gor\u0105c\u0105 stopk\u0105","robots":{"index":"index","follow":"follow","max-snippet":"max-snippet:-1","max-image-preview":"max-image-preview:large","max-video-preview":"max-video-preview:-1"},"canonical":"https:\/\/glareone.eu\/pl\/produkt\/glareone-mini-glowica-z-goraca-stopka\/","og_locale":"pl_PL","og_type":"article","og_title":"GlareOne Mini g\u0142owica z gor\u0105c\u0105 stopk\u0105","og_description":"GlareOne Mini g\u0142owica z gor\u0105c\u0105 stopk\u0105","og_url":"https:\/\/glareone.eu\/pl\/produkt\/glareone-mini-glowica-z-goraca-stopka\/","og_site_name":"GlareOne","article_publisher":"https:\/\/www.facebook.com\/GlareOneLighting","article_modified_time":"2024-05-13T08:25:08+00:00","og_image":[{"width":1000,"height":1000,"url":"https:\/\/glareone.eu\/wp-content\/uploads\/2024\/04\/SBMIN2-02.jpg","type":"image\/jpeg"}],"twitter_card":"summary_large_image","twitter_title":"GlareOne Mini g\u0142owica z gor\u0105c\u0105 stopk\u0105","twitter_misc":{"Szacowany czas czytania":"2 minuty"},"schema":{"@context":"https:\/\/schema.org","@graph":[{"@type":"WebPage","@id":"https:\/\/glareone.eu\/pl\/produkt\/glareone-mini-glowica-z-goraca-stopka\/","url":"https:\/\/glareone.eu\/pl\/produkt\/glareone-mini-glowica-z-goraca-stopka\/","name":"GlareOne Mini g\u0142owica z gor\u0105c\u0105 stopk\u0105","isPartOf":{"@id":"https:\/\/glareone.eu\/pl\/en\/#website"},"primaryImageOfPage":{"@id":"https:\/\/glareone.eu\/pl\/produkt\/glareone-mini-glowica-z-goraca-stopka\/#primaryimage"},"image":{"@id":"https:\/\/glareone.eu\/pl\/produkt\/glareone-mini-glowica-z-goraca-stopka\/#primaryimage"},"thumbnailUrl":"https:\/\/glareone.eu\/wp-content\/uploads\/2024\/04\/SBMIN2-02.jpg","datePublished":"2024-04-18T19:26:20+00:00","dateModified":"2024-05-13T08:25:08+00:00","description":"GlareOne Mini g\u0142owica z gor\u0105c\u0105 stopk\u0105","breadcrumb":{"@id":"https:\/\/glareone.eu\/pl\/produkt\/glareone-mini-glowica-z-goraca-stopka\/#breadcrumb"},"inLanguage":"pl-PL","potentialAction":[{"@type":"ReadAction","target":["https:\/\/glareone.eu\/pl\/produkt\/glareone-mini-glowica-z-goraca-stopka\/"]}]},{"@type":"ImageObject","inLanguage":"pl-PL","@id":"https:\/\/glareone.eu\/pl\/produkt\/glareone-mini-glowica-z-goraca-stopka\/#primaryimage","url":"https:\/\/glareone.eu\/wp-content\/uploads\/2024\/04\/SBMIN2-02.jpg","contentUrl":"https:\/\/glareone.eu\/wp-content\/uploads\/2024\/04\/SBMIN2-02.jpg","width":1000,"height":1000,"caption":"PLATINSTUDIO.COM"},{"@type":"BreadcrumbList","@id":"https:\/\/glareone.eu\/pl\/produkt\/glareone-mini-glowica-z-goraca-stopka\/#breadcrumb","itemListElement":[{"@type":"ListItem","position":1,"name":"Strona g\u0142\u00f3wna","item":"https:\/\/glareone.eu\/pl\/"},{"@type":"ListItem","position":2,"name":"Wszystkie produkty","item":"https:\/\/glareone.eu\/pl\/produkty\/wszystkie-produkty\/"},{"@type":"ListItem","position":3,"name":"GlareOne Mini g\u0142owica z gor\u0105c\u0105 stopk\u0105"}]},{"@type":"WebSite","@id":"https:\/\/glareone.eu\/pl\/en\/#website","url":"https:\/\/glareone.eu\/pl\/en\/","name":"GlareOne","description":"Wyposa\u017cenie Studia","publisher":{"@id":"https:\/\/glareone.eu\/pl\/en\/#organization"},"potentialAction":[{"@type":"SearchAction","target":{"@type":"EntryPoint","urlTemplate":"https:\/\/glareone.eu\/pl\/en\/?s={search_term_string}"},"query-input":{"@type":"PropertyValueSpecification","valueRequired":true,"valueName":"search_term_string"}}],"inLanguage":"pl-PL"},{"@type":"Organization","@id":"https:\/\/glareone.eu\/pl\/en\/#organization","name":"GlareOne","url":"https:\/\/glareone.eu\/pl\/en\/","logo":{"@type":"ImageObject","inLanguage":"pl-PL","@id":"https:\/\/glareone.eu\/pl\/en\/#\/schema\/logo\/image\/","url":"http:\/\/glareone.eu\/wp-content\/uploads\/2024\/05\/glareone_logo2020_RGB-01-e1715773127189.png","contentUrl":"http:\/\/glareone.eu\/wp-content\/uploads\/2024\/05\/glareone_logo2020_RGB-01-e1715773127189.png","width":1270,"height":321,"caption":"GlareOne"},"image":{"@id":"https:\/\/glareone.eu\/pl\/en\/#\/schema\/logo\/image\/"},"sameAs":["https:\/\/www.facebook.com\/GlareOneLighting","https:\/\/www.instagram.com\/glareonelighting\/","https:\/\/www.youtube.com\/@GlareOneTV"]}]}},"_links":{"self":[{"href":"https:\/\/glareone.eu\/pl\/wp-json\/wp\/v2\/product\/932","targetHints":{"allow":["GET"]}}],"collection":[{"href":"https:\/\/glareone.eu\/pl\/wp-json\/wp\/v2\/product"}],"about":[{"href":"https:\/\/glareone.eu\/pl\/wp-json\/wp\/v2\/types\/product"}],"wp:featuredmedia":[{"embeddable":true,"href":"https:\/\/glareone.eu\/pl\/wp-json\/wp\/v2\/media\/8680"}],"wp:attachment":[{"href":"https:\/\/glareone.eu\/pl\/wp-json\/wp\/v2\/media?parent=932"}],"wp:term":[{"taxonomy":"product_brand","embeddable":true,"href":"https:\/\/glareone.eu\/pl\/wp-json\/wp\/v2\/product_brand?post=932"},{"taxonomy":"product_cat","embeddable":true,"href":"https:\/\/glareone.eu\/pl\/wp-json\/wp\/v2\/product_cat?post=932"},{"taxonomy":"product_tag","embeddable":true,"href":"https:\/\/glareone.eu\/pl\/wp-json\/wp\/v2\/product_tag?post=932"}],"curies":[{"name":"wp","href":"https:\/\/api.w.org\/{rel}","templated":true}]}}