{"id":930,"date":"2024-04-18T19:26:20","date_gmt":"2024-04-18T19:26:20","guid":{"rendered":"http:\/\/glareone.eu\/produkt\/glareone-system-zawieszania-tla-z-poprzeczka-teleskopowa-oraz-pokrowcem\/"},"modified":"2024-05-07T11:31:31","modified_gmt":"2024-05-07T11:31:31","slug":"glareone-system-zawieszania-tla-z-poprzeczka-teleskopowa-oraz-pokrowcem","status":"publish","type":"product","link":"https:\/\/glareone.eu\/pl\/produkt\/glareone-system-zawieszania-tla-z-poprzeczka-teleskopowa-oraz-pokrowcem\/","title":{"rendered":"GlareOne System zawieszania t\u0142a z poprzeczk\u0105 teleskopow\u0105 oraz pokrowcem"},"content":{"rendered":"<p>Sk\u0142adany system zawieszania t\u0142a umo\u017cliwia \u0142atwe i szybkie rozwieszanie t\u0142a fotograficznego lub wideo.<\/p>\n<p>System charakteryzuje si\u0119 prost\u0105 i intuicyjn\u0105 instalacj\u0105. Dzi\u0119ki \u0142atwemu monta\u017cowi oraz mo\u017cliwo\u015bci roz\u0142o\u017cenia ca\u0142ego systemu na cz\u0119\u015bci, idealnie nadaje si\u0119 do sesji plenerowych, okazjonalnych i wsz\u0119dzie tam, gdzie nie mamy wiele miejsca na roz\u0142o\u017cone t\u0142o lub u\u017cywamy go sporadycznie.<\/p>\n<p>Teleskopowa belka poprzeczna do zawieszania te\u0142 ma zakres pracy od 114 cm do 300 cm. Mocowanie na statywie o\u015bwietleniowym z trzpieniem 16 mm. Przeznaczona do zawieszenia t\u0142a fotograficznego o szeroko\u015bci maksymalnie 300 cm. Belka posiada trzy segmenty, z kt\u00f3rych ka\u017cdy mo\u017cna blokowa\u0107 w na dowolnym wymiarze, co pozwala na w\u0142a\u015bciwe dopasowanie szeroko\u015bci poprzeczki do t\u0142a lub ograniczonego miejsca na system zawieszania te\u0142.<\/p>\n<h4><strong>System sk\u0142ada si\u0119 z:<\/strong><\/h4>\n<ul>\n<li><strong>2 x statyw o\u015bwietleniowy <\/strong>o maksymalnej wysoko\u015bci 260 cm,<\/li>\n<li><strong>belka teleskopowa<\/strong> o zakresie pracy od 114 cm do 300 cm,<\/li>\n<li><strong>du\u017cy wygodny pokrowiec.\u00a0<\/strong><\/li>\n<\/ul>\n","protected":false},"excerpt":{"rendered":"<p>Sk\u0142adany system zawieszania t\u0142a umo\u017cliwia \u0142atwe i szybkie rozwieszanie t\u0142a fotograficznego lub wideo. System charakteryzuje si\u0119 prost\u0105 i intuicyjn\u0105 instalacj\u0105. Dzi\u0119ki \u0142atwemu monta\u017cowi oraz mo\u017cliwo\u015bci roz\u0142o\u017cenia ca\u0142ego systemu na cz\u0119\u015bci, idealnie nadaje si\u0119 do sesji plenerowych, okazjonalnych i wsz\u0119dzie tam, gdzie nie mamy wiele miejsca na roz\u0142o\u017cone t\u0142o lub u\u017cywamy go sporadycznie. Teleskopowa belka poprzeczna [&hellip;]<\/p>\n","protected":false},"featured_media":6509,"template":"","meta":[],"product_brand":[],"product_cat":[438],"product_tag":[],"class_list":{"0":"post-930","1":"product","2":"type-product","3":"status-publish","4":"has-post-thumbnail","6":"product_cat-systemy-zawieszania-tla","8":"first","9":"instock","10":"product-type-simple"},"yoast_head":"<!-- This site is optimized with the Yoast SEO plugin v27.2 - https:\/\/yoast.com\/product\/yoast-seo-wordpress\/ -->\n<title>GlareOne System zawieszania t\u0142a z poprzeczk\u0105 teleskopow\u0105 oraz pokrowcem<\/title>\n<meta name=\"description\" content=\"GlareOne System zawieszania t\u0142a z poprzeczk\u0105 teleskopow\u0105 oraz pokrowcem\" \/>\n<meta name=\"robots\" content=\"index, follow, max-snippet:-1, max-image-preview:large, max-video-preview:-1\" \/>\n<link rel=\"canonical\" href=\"https:\/\/glareone.eu\/pl\/produkt\/glareone-system-zawieszania-tla-z-poprzeczka-teleskopowa-oraz-pokrowcem\/\" \/>\n<meta property=\"og:locale\" content=\"pl_PL\" \/>\n<meta property=\"og:type\" content=\"article\" \/>\n<meta property=\"og:title\" content=\"GlareOne System zawieszania t\u0142a z poprzeczk\u0105 teleskopow\u0105 oraz pokrowcem\" \/>\n<meta property=\"og:description\" content=\"GlareOne System zawieszania t\u0142a z poprzeczk\u0105 teleskopow\u0105 oraz pokrowcem\" \/>\n<meta property=\"og:url\" content=\"https:\/\/glareone.eu\/pl\/produkt\/glareone-system-zawieszania-tla-z-poprzeczka-teleskopowa-oraz-pokrowcem\/\" \/>\n<meta property=\"og:site_name\" content=\"GlareOne\" \/>\n<meta property=\"article:publisher\" content=\"https:\/\/www.facebook.com\/GlareOneLighting\" \/>\n<meta property=\"article:modified_time\" content=\"2024-05-07T11:31:31+00:00\" \/>\n<meta property=\"og:image\" content=\"https:\/\/glareone.eu\/wp-content\/uploads\/2024\/04\/BS901AS_001.jpg\" \/>\n\t<meta property=\"og:image:width\" content=\"1000\" \/>\n\t<meta property=\"og:image:height\" content=\"1000\" \/>\n\t<meta property=\"og:image:type\" content=\"image\/jpeg\" \/>\n<meta name=\"twitter:card\" content=\"summary_large_image\" \/>\n<meta name=\"twitter:title\" content=\"GlareOne System zawieszania t\u0142a z poprzeczk\u0105 teleskopow\u0105 oraz pokrowcem\" \/>\n<meta name=\"twitter:label1\" content=\"Szacowany czas czytania\" \/>\n\t<meta name=\"twitter:data1\" content=\"1 minuta\" \/>\n<script type=\"application\/ld+json\" class=\"yoast-schema-graph\">{\"@context\":\"https:\/\/schema.org\",\"@graph\":[{\"@type\":\"WebPage\",\"@id\":\"https:\/\/glareone.eu\/pl\/produkt\/glareone-system-zawieszania-tla-z-poprzeczka-teleskopowa-oraz-pokrowcem\/\",\"url\":\"https:\/\/glareone.eu\/pl\/produkt\/glareone-system-zawieszania-tla-z-poprzeczka-teleskopowa-oraz-pokrowcem\/\",\"name\":\"GlareOne System zawieszania t\u0142a z poprzeczk\u0105 teleskopow\u0105 oraz pokrowcem\",\"isPartOf\":{\"@id\":\"https:\/\/glareone.eu\/pl\/en\/#website\"},\"primaryImageOfPage\":{\"@id\":\"https:\/\/glareone.eu\/pl\/produkt\/glareone-system-zawieszania-tla-z-poprzeczka-teleskopowa-oraz-pokrowcem\/#primaryimage\"},\"image\":{\"@id\":\"https:\/\/glareone.eu\/pl\/produkt\/glareone-system-zawieszania-tla-z-poprzeczka-teleskopowa-oraz-pokrowcem\/#primaryimage\"},\"thumbnailUrl\":\"https:\/\/glareone.eu\/wp-content\/uploads\/2024\/04\/BS901AS_001.jpg\",\"datePublished\":\"2024-04-18T19:26:20+00:00\",\"dateModified\":\"2024-05-07T11:31:31+00:00\",\"description\":\"GlareOne System zawieszania t\u0142a z poprzeczk\u0105 teleskopow\u0105 oraz pokrowcem\",\"breadcrumb\":{\"@id\":\"https:\/\/glareone.eu\/pl\/produkt\/glareone-system-zawieszania-tla-z-poprzeczka-teleskopowa-oraz-pokrowcem\/#breadcrumb\"},\"inLanguage\":\"pl-PL\",\"potentialAction\":[{\"@type\":\"ReadAction\",\"target\":[\"https:\/\/glareone.eu\/pl\/produkt\/glareone-system-zawieszania-tla-z-poprzeczka-teleskopowa-oraz-pokrowcem\/\"]}]},{\"@type\":\"ImageObject\",\"inLanguage\":\"pl-PL\",\"@id\":\"https:\/\/glareone.eu\/pl\/produkt\/glareone-system-zawieszania-tla-z-poprzeczka-teleskopowa-oraz-pokrowcem\/#primaryimage\",\"url\":\"https:\/\/glareone.eu\/wp-content\/uploads\/2024\/04\/BS901AS_001.jpg\",\"contentUrl\":\"https:\/\/glareone.eu\/wp-content\/uploads\/2024\/04\/BS901AS_001.jpg\",\"width\":1000,\"height\":1000},{\"@type\":\"BreadcrumbList\",\"@id\":\"https:\/\/glareone.eu\/pl\/produkt\/glareone-system-zawieszania-tla-z-poprzeczka-teleskopowa-oraz-pokrowcem\/#breadcrumb\",\"itemListElement\":[{\"@type\":\"ListItem\",\"position\":1,\"name\":\"Strona g\u0142\u00f3wna\",\"item\":\"https:\/\/glareone.eu\/pl\/\"},{\"@type\":\"ListItem\",\"position\":2,\"name\":\"Wszystkie produkty\",\"item\":\"https:\/\/glareone.eu\/pl\/produkty\/wszystkie-produkty\/\"},{\"@type\":\"ListItem\",\"position\":3,\"name\":\"GlareOne System zawieszania t\u0142a z poprzeczk\u0105 teleskopow\u0105 oraz pokrowcem\"}]},{\"@type\":\"WebSite\",\"@id\":\"https:\/\/glareone.eu\/pl\/en\/#website\",\"url\":\"https:\/\/glareone.eu\/pl\/en\/\",\"name\":\"GlareOne\",\"description\":\"Wyposa\u017cenie Studia\",\"publisher\":{\"@id\":\"https:\/\/glareone.eu\/pl\/en\/#organization\"},\"potentialAction\":[{\"@type\":\"SearchAction\",\"target\":{\"@type\":\"EntryPoint\",\"urlTemplate\":\"https:\/\/glareone.eu\/pl\/en\/?s={search_term_string}\"},\"query-input\":{\"@type\":\"PropertyValueSpecification\",\"valueRequired\":true,\"valueName\":\"search_term_string\"}}],\"inLanguage\":\"pl-PL\"},{\"@type\":\"Organization\",\"@id\":\"https:\/\/glareone.eu\/pl\/en\/#organization\",\"name\":\"GlareOne\",\"url\":\"https:\/\/glareone.eu\/pl\/en\/\",\"logo\":{\"@type\":\"ImageObject\",\"inLanguage\":\"pl-PL\",\"@id\":\"https:\/\/glareone.eu\/pl\/en\/#\/schema\/logo\/image\/\",\"url\":\"http:\/\/glareone.eu\/wp-content\/uploads\/2024\/05\/glareone_logo2020_RGB-01-e1715773127189.png\",\"contentUrl\":\"http:\/\/glareone.eu\/wp-content\/uploads\/2024\/05\/glareone_logo2020_RGB-01-e1715773127189.png\",\"width\":1270,\"height\":321,\"caption\":\"GlareOne\"},\"image\":{\"@id\":\"https:\/\/glareone.eu\/pl\/en\/#\/schema\/logo\/image\/\"},\"sameAs\":[\"https:\/\/www.facebook.com\/GlareOneLighting\",\"https:\/\/www.instagram.com\/glareonelighting\/\",\"https:\/\/www.youtube.com\/@GlareOneTV\"]}]}<\/script>\n<!-- \/ Yoast SEO plugin. -->","yoast_head_json":{"title":"GlareOne System zawieszania t\u0142a z poprzeczk\u0105 teleskopow\u0105 oraz pokrowcem","description":"GlareOne System zawieszania t\u0142a z poprzeczk\u0105 teleskopow\u0105 oraz pokrowcem","robots":{"index":"index","follow":"follow","max-snippet":"max-snippet:-1","max-image-preview":"max-image-preview:large","max-video-preview":"max-video-preview:-1"},"canonical":"https:\/\/glareone.eu\/pl\/produkt\/glareone-system-zawieszania-tla-z-poprzeczka-teleskopowa-oraz-pokrowcem\/","og_locale":"pl_PL","og_type":"article","og_title":"GlareOne System zawieszania t\u0142a z poprzeczk\u0105 teleskopow\u0105 oraz pokrowcem","og_description":"GlareOne System zawieszania t\u0142a z poprzeczk\u0105 teleskopow\u0105 oraz pokrowcem","og_url":"https:\/\/glareone.eu\/pl\/produkt\/glareone-system-zawieszania-tla-z-poprzeczka-teleskopowa-oraz-pokrowcem\/","og_site_name":"GlareOne","article_publisher":"https:\/\/www.facebook.com\/GlareOneLighting","article_modified_time":"2024-05-07T11:31:31+00:00","og_image":[{"width":1000,"height":1000,"url":"https:\/\/glareone.eu\/wp-content\/uploads\/2024\/04\/BS901AS_001.jpg","type":"image\/jpeg"}],"twitter_card":"summary_large_image","twitter_title":"GlareOne System zawieszania t\u0142a z poprzeczk\u0105 teleskopow\u0105 oraz pokrowcem","twitter_misc":{"Szacowany czas czytania":"1 minuta"},"schema":{"@context":"https:\/\/schema.org","@graph":[{"@type":"WebPage","@id":"https:\/\/glareone.eu\/pl\/produkt\/glareone-system-zawieszania-tla-z-poprzeczka-teleskopowa-oraz-pokrowcem\/","url":"https:\/\/glareone.eu\/pl\/produkt\/glareone-system-zawieszania-tla-z-poprzeczka-teleskopowa-oraz-pokrowcem\/","name":"GlareOne System zawieszania t\u0142a z poprzeczk\u0105 teleskopow\u0105 oraz pokrowcem","isPartOf":{"@id":"https:\/\/glareone.eu\/pl\/en\/#website"},"primaryImageOfPage":{"@id":"https:\/\/glareone.eu\/pl\/produkt\/glareone-system-zawieszania-tla-z-poprzeczka-teleskopowa-oraz-pokrowcem\/#primaryimage"},"image":{"@id":"https:\/\/glareone.eu\/pl\/produkt\/glareone-system-zawieszania-tla-z-poprzeczka-teleskopowa-oraz-pokrowcem\/#primaryimage"},"thumbnailUrl":"https:\/\/glareone.eu\/wp-content\/uploads\/2024\/04\/BS901AS_001.jpg","datePublished":"2024-04-18T19:26:20+00:00","dateModified":"2024-05-07T11:31:31+00:00","description":"GlareOne System zawieszania t\u0142a z poprzeczk\u0105 teleskopow\u0105 oraz pokrowcem","breadcrumb":{"@id":"https:\/\/glareone.eu\/pl\/produkt\/glareone-system-zawieszania-tla-z-poprzeczka-teleskopowa-oraz-pokrowcem\/#breadcrumb"},"inLanguage":"pl-PL","potentialAction":[{"@type":"ReadAction","target":["https:\/\/glareone.eu\/pl\/produkt\/glareone-system-zawieszania-tla-z-poprzeczka-teleskopowa-oraz-pokrowcem\/"]}]},{"@type":"ImageObject","inLanguage":"pl-PL","@id":"https:\/\/glareone.eu\/pl\/produkt\/glareone-system-zawieszania-tla-z-poprzeczka-teleskopowa-oraz-pokrowcem\/#primaryimage","url":"https:\/\/glareone.eu\/wp-content\/uploads\/2024\/04\/BS901AS_001.jpg","contentUrl":"https:\/\/glareone.eu\/wp-content\/uploads\/2024\/04\/BS901AS_001.jpg","width":1000,"height":1000},{"@type":"BreadcrumbList","@id":"https:\/\/glareone.eu\/pl\/produkt\/glareone-system-zawieszania-tla-z-poprzeczka-teleskopowa-oraz-pokrowcem\/#breadcrumb","itemListElement":[{"@type":"ListItem","position":1,"name":"Strona g\u0142\u00f3wna","item":"https:\/\/glareone.eu\/pl\/"},{"@type":"ListItem","position":2,"name":"Wszystkie produkty","item":"https:\/\/glareone.eu\/pl\/produkty\/wszystkie-produkty\/"},{"@type":"ListItem","position":3,"name":"GlareOne System zawieszania t\u0142a z poprzeczk\u0105 teleskopow\u0105 oraz pokrowcem"}]},{"@type":"WebSite","@id":"https:\/\/glareone.eu\/pl\/en\/#website","url":"https:\/\/glareone.eu\/pl\/en\/","name":"GlareOne","description":"Wyposa\u017cenie Studia","publisher":{"@id":"https:\/\/glareone.eu\/pl\/en\/#organization"},"potentialAction":[{"@type":"SearchAction","target":{"@type":"EntryPoint","urlTemplate":"https:\/\/glareone.eu\/pl\/en\/?s={search_term_string}"},"query-input":{"@type":"PropertyValueSpecification","valueRequired":true,"valueName":"search_term_string"}}],"inLanguage":"pl-PL"},{"@type":"Organization","@id":"https:\/\/glareone.eu\/pl\/en\/#organization","name":"GlareOne","url":"https:\/\/glareone.eu\/pl\/en\/","logo":{"@type":"ImageObject","inLanguage":"pl-PL","@id":"https:\/\/glareone.eu\/pl\/en\/#\/schema\/logo\/image\/","url":"http:\/\/glareone.eu\/wp-content\/uploads\/2024\/05\/glareone_logo2020_RGB-01-e1715773127189.png","contentUrl":"http:\/\/glareone.eu\/wp-content\/uploads\/2024\/05\/glareone_logo2020_RGB-01-e1715773127189.png","width":1270,"height":321,"caption":"GlareOne"},"image":{"@id":"https:\/\/glareone.eu\/pl\/en\/#\/schema\/logo\/image\/"},"sameAs":["https:\/\/www.facebook.com\/GlareOneLighting","https:\/\/www.instagram.com\/glareonelighting\/","https:\/\/www.youtube.com\/@GlareOneTV"]}]}},"_links":{"self":[{"href":"https:\/\/glareone.eu\/pl\/wp-json\/wp\/v2\/product\/930","targetHints":{"allow":["GET"]}}],"collection":[{"href":"https:\/\/glareone.eu\/pl\/wp-json\/wp\/v2\/product"}],"about":[{"href":"https:\/\/glareone.eu\/pl\/wp-json\/wp\/v2\/types\/product"}],"wp:featuredmedia":[{"embeddable":true,"href":"https:\/\/glareone.eu\/pl\/wp-json\/wp\/v2\/media\/6509"}],"wp:attachment":[{"href":"https:\/\/glareone.eu\/pl\/wp-json\/wp\/v2\/media?parent=930"}],"wp:term":[{"taxonomy":"product_brand","embeddable":true,"href":"https:\/\/glareone.eu\/pl\/wp-json\/wp\/v2\/product_brand?post=930"},{"taxonomy":"product_cat","embeddable":true,"href":"https:\/\/glareone.eu\/pl\/wp-json\/wp\/v2\/product_cat?post=930"},{"taxonomy":"product_tag","embeddable":true,"href":"https:\/\/glareone.eu\/pl\/wp-json\/wp\/v2\/product_tag?post=930"}],"curies":[{"name":"wp","href":"https:\/\/api.w.org\/{rel}","templated":true}]}}