{"id":918,"date":"2024-04-18T19:26:18","date_gmt":"2024-04-18T19:26:18","guid":{"rendered":"http:\/\/glareone.eu\/produkt\/glareone-grid-do-softboxow-60x90\/"},"modified":"2024-05-07T09:57:24","modified_gmt":"2024-05-07T09:57:24","slug":"glareone-softbox-grid-60x90","status":"publish","type":"product","link":"https:\/\/glareone.eu\/pl\/produkt\/glareone-softbox-grid-60x90\/","title":{"rendered":"GlareOne Grid do softbox\u00f3w 60&#215;90"},"content":{"rendered":"<p>Plaster miodu do softbox\u00f3w GlareOne 60&#215;90.<\/p>\n<h3>Kontrola<\/h3>\n<p>Plaster miodu podpi\u0119ty do softboxa pozwala lepiej kontrolowa\u0107 rozk\u0142adanie si\u0119 \u015bwiat\u0142a na o\u015bwietlanym obiekcie i ca\u0142ym planie zdj\u0119ciowym. Grid\u00a0 ogranicza rozchodzenie si\u0119 \u015bwiat\u0142a na boki, dzi\u0119ki czemu \u0142atwiej je ukierunkowa\u0107.<\/p>\n<h3>G\u0119sto\u015b\u0107<\/h3>\n<p>Pojedyncza kratka ma wymiary 5 x 5 cm, a jej g\u0142\u0119boko\u015b\u0107 wynosi 3 cm.<\/p>\n<h3>Cechy produktu:<\/h3>\n<ul>\n<li>Pozwala ograniczy\u0107 k\u0105t \u015bwiecenie softbox\u00f3w.<\/li>\n<li>Daje lepsz\u0105 kontrol\u0119 nad \u015bwiat\u0142em.<\/li>\n<li>Nieznacznie zwi\u0119ksza kontrast o\u015bwietlenia.<\/li>\n<li>Dzi\u0119ki plastrom mo\u017cna ograniczy\u0107 flary przy o\u015bwietleniu kontruj\u0105cym.<\/li>\n<li>Wyposa\u017cony w rzepy pozwalaj\u0105ce na szybki monta\u017c i demonta\u017c.<\/li>\n<\/ul>\n","protected":false},"excerpt":{"rendered":"<p>Plaster miodu do softbox\u00f3w GlareOne 60&#215;90. Kontrola Plaster miodu podpi\u0119ty do softboxa pozwala lepiej kontrolowa\u0107 rozk\u0142adanie si\u0119 \u015bwiat\u0142a na o\u015bwietlanym obiekcie i ca\u0142ym planie zdj\u0119ciowym. Grid\u00a0 ogranicza rozchodzenie si\u0119 \u015bwiat\u0142a na boki, dzi\u0119ki czemu \u0142atwiej je ukierunkowa\u0107. G\u0119sto\u015b\u0107 Pojedyncza kratka ma wymiary 5 x 5 cm, a jej g\u0142\u0119boko\u015b\u0107 wynosi 3 cm. Cechy produktu: Pozwala [&hellip;]<\/p>\n","protected":false},"featured_media":6275,"template":"","meta":[],"product_brand":[],"product_cat":[467],"product_tag":[],"class_list":{"0":"post-918","1":"product","2":"type-product","3":"status-publish","4":"has-post-thumbnail","6":"product_cat-gridy-softboxy","8":"first","9":"instock","10":"product-type-simple"},"yoast_head":"<!-- This site is optimized with the Yoast SEO plugin v27.2 - https:\/\/yoast.com\/product\/yoast-seo-wordpress\/ -->\n<title>GlareOne Grid do softbox\u00f3w 60x90<\/title>\n<meta name=\"description\" content=\"GlareOne Grid do softbox\u00f3w 60x90\" \/>\n<meta name=\"robots\" content=\"index, follow, max-snippet:-1, max-image-preview:large, max-video-preview:-1\" \/>\n<link rel=\"canonical\" href=\"https:\/\/glareone.eu\/pl\/produkt\/glareone-softbox-grid-60x90\/\" \/>\n<meta property=\"og:locale\" content=\"pl_PL\" \/>\n<meta property=\"og:type\" content=\"article\" \/>\n<meta property=\"og:title\" content=\"GlareOne Grid do softbox\u00f3w 60x90\" \/>\n<meta property=\"og:description\" content=\"GlareOne Grid do softbox\u00f3w 60x90\" \/>\n<meta property=\"og:url\" content=\"https:\/\/glareone.eu\/pl\/produkt\/glareone-softbox-grid-60x90\/\" \/>\n<meta property=\"og:site_name\" content=\"GlareOne\" \/>\n<meta property=\"article:publisher\" content=\"https:\/\/www.facebook.com\/GlareOneLighting\" \/>\n<meta property=\"article:modified_time\" content=\"2024-05-07T09:57:24+00:00\" \/>\n<meta property=\"og:image\" content=\"https:\/\/glareone.eu\/wp-content\/uploads\/2024\/04\/SHG60X90.jpg\" \/>\n\t<meta property=\"og:image:width\" content=\"1400\" \/>\n\t<meta property=\"og:image:height\" content=\"1400\" \/>\n\t<meta property=\"og:image:type\" content=\"image\/jpeg\" \/>\n<meta name=\"twitter:card\" content=\"summary_large_image\" \/>\n<meta name=\"twitter:title\" content=\"GlareOne Grid do softbox\u00f3w 60x90\" \/>\n<meta name=\"twitter:label1\" content=\"Szacowany czas czytania\" \/>\n\t<meta name=\"twitter:data1\" content=\"1 minuta\" \/>\n<script type=\"application\/ld+json\" class=\"yoast-schema-graph\">{\"@context\":\"https:\/\/schema.org\",\"@graph\":[{\"@type\":\"WebPage\",\"@id\":\"https:\/\/glareone.eu\/pl\/produkt\/glareone-softbox-grid-60x90\/\",\"url\":\"https:\/\/glareone.eu\/pl\/produkt\/glareone-softbox-grid-60x90\/\",\"name\":\"GlareOne Grid do softbox\u00f3w 60x90\",\"isPartOf\":{\"@id\":\"https:\/\/glareone.eu\/pl\/en\/#website\"},\"primaryImageOfPage\":{\"@id\":\"https:\/\/glareone.eu\/pl\/produkt\/glareone-softbox-grid-60x90\/#primaryimage\"},\"image\":{\"@id\":\"https:\/\/glareone.eu\/pl\/produkt\/glareone-softbox-grid-60x90\/#primaryimage\"},\"thumbnailUrl\":\"https:\/\/glareone.eu\/wp-content\/uploads\/2024\/04\/SHG60X90.jpg\",\"datePublished\":\"2024-04-18T19:26:18+00:00\",\"dateModified\":\"2024-05-07T09:57:24+00:00\",\"description\":\"GlareOne Grid do softbox\u00f3w 60x90\",\"breadcrumb\":{\"@id\":\"https:\/\/glareone.eu\/pl\/produkt\/glareone-softbox-grid-60x90\/#breadcrumb\"},\"inLanguage\":\"pl-PL\",\"potentialAction\":[{\"@type\":\"ReadAction\",\"target\":[\"https:\/\/glareone.eu\/pl\/produkt\/glareone-softbox-grid-60x90\/\"]}]},{\"@type\":\"ImageObject\",\"inLanguage\":\"pl-PL\",\"@id\":\"https:\/\/glareone.eu\/pl\/produkt\/glareone-softbox-grid-60x90\/#primaryimage\",\"url\":\"https:\/\/glareone.eu\/wp-content\/uploads\/2024\/04\/SHG60X90.jpg\",\"contentUrl\":\"https:\/\/glareone.eu\/wp-content\/uploads\/2024\/04\/SHG60X90.jpg\",\"width\":1400,\"height\":1400},{\"@type\":\"BreadcrumbList\",\"@id\":\"https:\/\/glareone.eu\/pl\/produkt\/glareone-softbox-grid-60x90\/#breadcrumb\",\"itemListElement\":[{\"@type\":\"ListItem\",\"position\":1,\"name\":\"Strona g\u0142\u00f3wna\",\"item\":\"https:\/\/glareone.eu\/pl\/\"},{\"@type\":\"ListItem\",\"position\":2,\"name\":\"Wszystkie produkty\",\"item\":\"https:\/\/glareone.eu\/pl\/produkty\/wszystkie-produkty\/\"},{\"@type\":\"ListItem\",\"position\":3,\"name\":\"GlareOne Grid do softbox\u00f3w 60&#215;90\"}]},{\"@type\":\"WebSite\",\"@id\":\"https:\/\/glareone.eu\/pl\/en\/#website\",\"url\":\"https:\/\/glareone.eu\/pl\/en\/\",\"name\":\"GlareOne\",\"description\":\"Wyposa\u017cenie Studia\",\"publisher\":{\"@id\":\"https:\/\/glareone.eu\/pl\/en\/#organization\"},\"potentialAction\":[{\"@type\":\"SearchAction\",\"target\":{\"@type\":\"EntryPoint\",\"urlTemplate\":\"https:\/\/glareone.eu\/pl\/en\/?s={search_term_string}\"},\"query-input\":{\"@type\":\"PropertyValueSpecification\",\"valueRequired\":true,\"valueName\":\"search_term_string\"}}],\"inLanguage\":\"pl-PL\"},{\"@type\":\"Organization\",\"@id\":\"https:\/\/glareone.eu\/pl\/en\/#organization\",\"name\":\"GlareOne\",\"url\":\"https:\/\/glareone.eu\/pl\/en\/\",\"logo\":{\"@type\":\"ImageObject\",\"inLanguage\":\"pl-PL\",\"@id\":\"https:\/\/glareone.eu\/pl\/en\/#\/schema\/logo\/image\/\",\"url\":\"http:\/\/glareone.eu\/wp-content\/uploads\/2024\/05\/glareone_logo2020_RGB-01-e1715773127189.png\",\"contentUrl\":\"http:\/\/glareone.eu\/wp-content\/uploads\/2024\/05\/glareone_logo2020_RGB-01-e1715773127189.png\",\"width\":1270,\"height\":321,\"caption\":\"GlareOne\"},\"image\":{\"@id\":\"https:\/\/glareone.eu\/pl\/en\/#\/schema\/logo\/image\/\"},\"sameAs\":[\"https:\/\/www.facebook.com\/GlareOneLighting\",\"https:\/\/www.instagram.com\/glareonelighting\/\",\"https:\/\/www.youtube.com\/@GlareOneTV\"]}]}<\/script>\n<!-- \/ Yoast SEO plugin. -->","yoast_head_json":{"title":"GlareOne Grid do softbox\u00f3w 60x90","description":"GlareOne Grid do softbox\u00f3w 60x90","robots":{"index":"index","follow":"follow","max-snippet":"max-snippet:-1","max-image-preview":"max-image-preview:large","max-video-preview":"max-video-preview:-1"},"canonical":"https:\/\/glareone.eu\/pl\/produkt\/glareone-softbox-grid-60x90\/","og_locale":"pl_PL","og_type":"article","og_title":"GlareOne Grid do softbox\u00f3w 60x90","og_description":"GlareOne Grid do softbox\u00f3w 60x90","og_url":"https:\/\/glareone.eu\/pl\/produkt\/glareone-softbox-grid-60x90\/","og_site_name":"GlareOne","article_publisher":"https:\/\/www.facebook.com\/GlareOneLighting","article_modified_time":"2024-05-07T09:57:24+00:00","og_image":[{"width":1400,"height":1400,"url":"https:\/\/glareone.eu\/wp-content\/uploads\/2024\/04\/SHG60X90.jpg","type":"image\/jpeg"}],"twitter_card":"summary_large_image","twitter_title":"GlareOne Grid do softbox\u00f3w 60x90","twitter_misc":{"Szacowany czas czytania":"1 minuta"},"schema":{"@context":"https:\/\/schema.org","@graph":[{"@type":"WebPage","@id":"https:\/\/glareone.eu\/pl\/produkt\/glareone-softbox-grid-60x90\/","url":"https:\/\/glareone.eu\/pl\/produkt\/glareone-softbox-grid-60x90\/","name":"GlareOne Grid do softbox\u00f3w 60x90","isPartOf":{"@id":"https:\/\/glareone.eu\/pl\/en\/#website"},"primaryImageOfPage":{"@id":"https:\/\/glareone.eu\/pl\/produkt\/glareone-softbox-grid-60x90\/#primaryimage"},"image":{"@id":"https:\/\/glareone.eu\/pl\/produkt\/glareone-softbox-grid-60x90\/#primaryimage"},"thumbnailUrl":"https:\/\/glareone.eu\/wp-content\/uploads\/2024\/04\/SHG60X90.jpg","datePublished":"2024-04-18T19:26:18+00:00","dateModified":"2024-05-07T09:57:24+00:00","description":"GlareOne Grid do softbox\u00f3w 60x90","breadcrumb":{"@id":"https:\/\/glareone.eu\/pl\/produkt\/glareone-softbox-grid-60x90\/#breadcrumb"},"inLanguage":"pl-PL","potentialAction":[{"@type":"ReadAction","target":["https:\/\/glareone.eu\/pl\/produkt\/glareone-softbox-grid-60x90\/"]}]},{"@type":"ImageObject","inLanguage":"pl-PL","@id":"https:\/\/glareone.eu\/pl\/produkt\/glareone-softbox-grid-60x90\/#primaryimage","url":"https:\/\/glareone.eu\/wp-content\/uploads\/2024\/04\/SHG60X90.jpg","contentUrl":"https:\/\/glareone.eu\/wp-content\/uploads\/2024\/04\/SHG60X90.jpg","width":1400,"height":1400},{"@type":"BreadcrumbList","@id":"https:\/\/glareone.eu\/pl\/produkt\/glareone-softbox-grid-60x90\/#breadcrumb","itemListElement":[{"@type":"ListItem","position":1,"name":"Strona g\u0142\u00f3wna","item":"https:\/\/glareone.eu\/pl\/"},{"@type":"ListItem","position":2,"name":"Wszystkie produkty","item":"https:\/\/glareone.eu\/pl\/produkty\/wszystkie-produkty\/"},{"@type":"ListItem","position":3,"name":"GlareOne Grid do softbox\u00f3w 60&#215;90"}]},{"@type":"WebSite","@id":"https:\/\/glareone.eu\/pl\/en\/#website","url":"https:\/\/glareone.eu\/pl\/en\/","name":"GlareOne","description":"Wyposa\u017cenie Studia","publisher":{"@id":"https:\/\/glareone.eu\/pl\/en\/#organization"},"potentialAction":[{"@type":"SearchAction","target":{"@type":"EntryPoint","urlTemplate":"https:\/\/glareone.eu\/pl\/en\/?s={search_term_string}"},"query-input":{"@type":"PropertyValueSpecification","valueRequired":true,"valueName":"search_term_string"}}],"inLanguage":"pl-PL"},{"@type":"Organization","@id":"https:\/\/glareone.eu\/pl\/en\/#organization","name":"GlareOne","url":"https:\/\/glareone.eu\/pl\/en\/","logo":{"@type":"ImageObject","inLanguage":"pl-PL","@id":"https:\/\/glareone.eu\/pl\/en\/#\/schema\/logo\/image\/","url":"http:\/\/glareone.eu\/wp-content\/uploads\/2024\/05\/glareone_logo2020_RGB-01-e1715773127189.png","contentUrl":"http:\/\/glareone.eu\/wp-content\/uploads\/2024\/05\/glareone_logo2020_RGB-01-e1715773127189.png","width":1270,"height":321,"caption":"GlareOne"},"image":{"@id":"https:\/\/glareone.eu\/pl\/en\/#\/schema\/logo\/image\/"},"sameAs":["https:\/\/www.facebook.com\/GlareOneLighting","https:\/\/www.instagram.com\/glareonelighting\/","https:\/\/www.youtube.com\/@GlareOneTV"]}]}},"_links":{"self":[{"href":"https:\/\/glareone.eu\/pl\/wp-json\/wp\/v2\/product\/918","targetHints":{"allow":["GET"]}}],"collection":[{"href":"https:\/\/glareone.eu\/pl\/wp-json\/wp\/v2\/product"}],"about":[{"href":"https:\/\/glareone.eu\/pl\/wp-json\/wp\/v2\/types\/product"}],"wp:featuredmedia":[{"embeddable":true,"href":"https:\/\/glareone.eu\/pl\/wp-json\/wp\/v2\/media\/6275"}],"wp:attachment":[{"href":"https:\/\/glareone.eu\/pl\/wp-json\/wp\/v2\/media?parent=918"}],"wp:term":[{"taxonomy":"product_brand","embeddable":true,"href":"https:\/\/glareone.eu\/pl\/wp-json\/wp\/v2\/product_brand?post=918"},{"taxonomy":"product_cat","embeddable":true,"href":"https:\/\/glareone.eu\/pl\/wp-json\/wp\/v2\/product_cat?post=918"},{"taxonomy":"product_tag","embeddable":true,"href":"https:\/\/glareone.eu\/pl\/wp-json\/wp\/v2\/product_tag?post=918"}],"curies":[{"name":"wp","href":"https:\/\/api.w.org\/{rel}","templated":true}]}}