{"id":910,"date":"2024-04-18T19:26:18","date_gmt":"2024-04-18T19:26:18","guid":{"rendered":"http:\/\/glareone.eu\/produkt\/glareone-softbox-octa-150-easy-fold\/"},"modified":"2024-05-06T11:49:42","modified_gmt":"2024-05-06T11:49:42","slug":"glareone-softbox-octa-150-easy-fold","status":"publish","type":"product","link":"https:\/\/glareone.eu\/pl\/produkt\/glareone-softbox-octa-150-easy-fold\/","title":{"rendered":"GlareOne Softbox Octa 150 Easy Fold"},"content":{"rendered":"<p>Szybko sk\u0142adany softbox oktagonalny ze srebrnym odb\u0142y\u015bnikiem o \u015brednicy 150 cm, wyposa\u017cony w podw\u00f3jny dyfuzor, mechanizm szybkiego rozk\u0142adania Easy Fold oraz pokrowiec.<\/p>\n<p>Softbox przeznaczony jest do stosowania wraz z lampami b\u0142yskowymi z systemem mocowania akcesori\u00f3w typu Bowens, np. GlareOne, Quadralite, Powerlux, Freepower, Bowens, Fomei, Walimex, Jinbei, Aurora.<\/p>\n<p>Easy Fold to typ softboxu o konstrukcji zbli\u017conej do parasolki, dzi\u0119ki czemu rozk\u0142adanie i sk\u0142adanie modyfikatora odbywa si\u0119 bardzo szybko i nie sprawi problem\u00f3w osobie, kt\u00f3ra pierwszy raz ma wykona\u0107 t\u0119 czynno\u015b\u0107. Tak\u017ce dzi\u0119ki prostocie, szybko\u015bci sk\u0142adania i rozk\u0142adania softboxy tego typu stosowane s\u0105 przez fotograf\u00f3w mobilnych w fotografii reporterskiej, reporta\u017cowej, \u015blubnej.<\/p>\n<h3>Cechy produktu:<\/h3>\n<ul>\n<li>Jest bardzo \u0142atwy i szybki w monta\u017cu.<\/li>\n<li>Idealnie sprawdzi si\u0119 do o\u015bwietlania portret\u00f3w.<\/li>\n<li>Aluminiowy pier\u015bcie\u0144 mocuj\u0105cy w standardzie mocowania Bowens, z mo\u017cliwo\u015bci\u0105 obracania zamocowanego softboxu o 360 stopni, \u015bruba dociskowa umieszczona jest na zewn\u0119trznej cz\u0119\u015bci softboxu.<\/li>\n<li>Ma podw\u00f3jny, odpinany dyfuzor.<\/li>\n<li>Mo\u017cna go doposa\u017cy\u0107 w plaster miodu (grid).<\/li>\n<li>Stalowe pr\u0119ty konstrukcyjne.<\/li>\n<li>Dostarczany w por\u0119cznym pokrowcu.<\/li>\n<\/ul>\n","protected":false},"excerpt":{"rendered":"<p>Szybko sk\u0142adany softbox oktagonalny ze srebrnym odb\u0142y\u015bnikiem o \u015brednicy 150 cm, wyposa\u017cony w podw\u00f3jny dyfuzor, mechanizm szybkiego rozk\u0142adania Easy Fold oraz pokrowiec. Softbox przeznaczony jest do stosowania wraz z lampami b\u0142yskowymi z systemem mocowania akcesori\u00f3w typu Bowens, np. GlareOne, Quadralite, Powerlux, Freepower, Bowens, Fomei, Walimex, Jinbei, Aurora. Easy Fold to typ softboxu o konstrukcji zbli\u017conej [&hellip;]<\/p>\n","protected":false},"featured_media":5567,"template":"","meta":[],"product_brand":[],"product_cat":[450],"product_tag":[],"class_list":{"0":"post-910","1":"product","2":"type-product","3":"status-publish","4":"has-post-thumbnail","6":"product_cat-easy-fold","8":"first","9":"instock","10":"product-type-simple"},"yoast_head":"<!-- This site is optimized with the Yoast SEO plugin v27.2 - https:\/\/yoast.com\/product\/yoast-seo-wordpress\/ -->\n<title>GlareOne Softbox Octa 150 Easy Fold<\/title>\n<meta name=\"description\" content=\"GlareOne Softbox Octa 150 Easy Fold\" \/>\n<meta name=\"robots\" content=\"index, follow, max-snippet:-1, max-image-preview:large, max-video-preview:-1\" \/>\n<link rel=\"canonical\" href=\"https:\/\/glareone.eu\/pl\/produkt\/glareone-softbox-octa-150-easy-fold\/\" \/>\n<meta property=\"og:locale\" content=\"pl_PL\" \/>\n<meta property=\"og:type\" content=\"article\" \/>\n<meta property=\"og:title\" content=\"GlareOne Softbox Octa 150 Easy Fold\" \/>\n<meta property=\"og:description\" content=\"GlareOne Softbox Octa 150 Easy Fold\" \/>\n<meta property=\"og:url\" content=\"https:\/\/glareone.eu\/pl\/produkt\/glareone-softbox-octa-150-easy-fold\/\" \/>\n<meta property=\"og:site_name\" content=\"GlareOne\" \/>\n<meta property=\"article:publisher\" content=\"https:\/\/www.facebook.com\/GlareOneLighting\" \/>\n<meta property=\"article:modified_time\" content=\"2024-05-06T11:49:42+00:00\" \/>\n<meta property=\"og:image\" content=\"https:\/\/glareone.eu\/wp-content\/uploads\/2024\/04\/SESOFT150B_001.jpg\" \/>\n\t<meta property=\"og:image:width\" content=\"1000\" \/>\n\t<meta property=\"og:image:height\" content=\"1000\" \/>\n\t<meta property=\"og:image:type\" content=\"image\/jpeg\" \/>\n<meta name=\"twitter:card\" content=\"summary_large_image\" \/>\n<meta name=\"twitter:title\" content=\"GlareOne Softbox Octa 150 Easy Fold\" \/>\n<meta name=\"twitter:label1\" content=\"Szacowany czas czytania\" \/>\n\t<meta name=\"twitter:data1\" content=\"1 minuta\" \/>\n<script type=\"application\/ld+json\" class=\"yoast-schema-graph\">{\"@context\":\"https:\/\/schema.org\",\"@graph\":[{\"@type\":\"WebPage\",\"@id\":\"https:\/\/glareone.eu\/pl\/produkt\/glareone-softbox-octa-150-easy-fold\/\",\"url\":\"https:\/\/glareone.eu\/pl\/produkt\/glareone-softbox-octa-150-easy-fold\/\",\"name\":\"GlareOne Softbox Octa 150 Easy Fold\",\"isPartOf\":{\"@id\":\"https:\/\/glareone.eu\/pl\/en\/#website\"},\"primaryImageOfPage\":{\"@id\":\"https:\/\/glareone.eu\/pl\/produkt\/glareone-softbox-octa-150-easy-fold\/#primaryimage\"},\"image\":{\"@id\":\"https:\/\/glareone.eu\/pl\/produkt\/glareone-softbox-octa-150-easy-fold\/#primaryimage\"},\"thumbnailUrl\":\"https:\/\/glareone.eu\/wp-content\/uploads\/2024\/04\/SESOFT150B_001.jpg\",\"datePublished\":\"2024-04-18T19:26:18+00:00\",\"dateModified\":\"2024-05-06T11:49:42+00:00\",\"description\":\"GlareOne Softbox Octa 150 Easy Fold\",\"breadcrumb\":{\"@id\":\"https:\/\/glareone.eu\/pl\/produkt\/glareone-softbox-octa-150-easy-fold\/#breadcrumb\"},\"inLanguage\":\"pl-PL\",\"potentialAction\":[{\"@type\":\"ReadAction\",\"target\":[\"https:\/\/glareone.eu\/pl\/produkt\/glareone-softbox-octa-150-easy-fold\/\"]}]},{\"@type\":\"ImageObject\",\"inLanguage\":\"pl-PL\",\"@id\":\"https:\/\/glareone.eu\/pl\/produkt\/glareone-softbox-octa-150-easy-fold\/#primaryimage\",\"url\":\"https:\/\/glareone.eu\/wp-content\/uploads\/2024\/04\/SESOFT150B_001.jpg\",\"contentUrl\":\"https:\/\/glareone.eu\/wp-content\/uploads\/2024\/04\/SESOFT150B_001.jpg\",\"width\":1000,\"height\":1000},{\"@type\":\"BreadcrumbList\",\"@id\":\"https:\/\/glareone.eu\/pl\/produkt\/glareone-softbox-octa-150-easy-fold\/#breadcrumb\",\"itemListElement\":[{\"@type\":\"ListItem\",\"position\":1,\"name\":\"Strona g\u0142\u00f3wna\",\"item\":\"https:\/\/glareone.eu\/pl\/\"},{\"@type\":\"ListItem\",\"position\":2,\"name\":\"Wszystkie produkty\",\"item\":\"https:\/\/glareone.eu\/pl\/produkty\/wszystkie-produkty\/\"},{\"@type\":\"ListItem\",\"position\":3,\"name\":\"GlareOne Softbox Octa 150 Easy Fold\"}]},{\"@type\":\"WebSite\",\"@id\":\"https:\/\/glareone.eu\/pl\/en\/#website\",\"url\":\"https:\/\/glareone.eu\/pl\/en\/\",\"name\":\"GlareOne\",\"description\":\"Wyposa\u017cenie Studia\",\"publisher\":{\"@id\":\"https:\/\/glareone.eu\/pl\/en\/#organization\"},\"potentialAction\":[{\"@type\":\"SearchAction\",\"target\":{\"@type\":\"EntryPoint\",\"urlTemplate\":\"https:\/\/glareone.eu\/pl\/en\/?s={search_term_string}\"},\"query-input\":{\"@type\":\"PropertyValueSpecification\",\"valueRequired\":true,\"valueName\":\"search_term_string\"}}],\"inLanguage\":\"pl-PL\"},{\"@type\":\"Organization\",\"@id\":\"https:\/\/glareone.eu\/pl\/en\/#organization\",\"name\":\"GlareOne\",\"url\":\"https:\/\/glareone.eu\/pl\/en\/\",\"logo\":{\"@type\":\"ImageObject\",\"inLanguage\":\"pl-PL\",\"@id\":\"https:\/\/glareone.eu\/pl\/en\/#\/schema\/logo\/image\/\",\"url\":\"http:\/\/glareone.eu\/wp-content\/uploads\/2024\/05\/glareone_logo2020_RGB-01-e1715773127189.png\",\"contentUrl\":\"http:\/\/glareone.eu\/wp-content\/uploads\/2024\/05\/glareone_logo2020_RGB-01-e1715773127189.png\",\"width\":1270,\"height\":321,\"caption\":\"GlareOne\"},\"image\":{\"@id\":\"https:\/\/glareone.eu\/pl\/en\/#\/schema\/logo\/image\/\"},\"sameAs\":[\"https:\/\/www.facebook.com\/GlareOneLighting\",\"https:\/\/www.instagram.com\/glareonelighting\/\",\"https:\/\/www.youtube.com\/@GlareOneTV\"]}]}<\/script>\n<!-- \/ Yoast SEO plugin. -->","yoast_head_json":{"title":"GlareOne Softbox Octa 150 Easy Fold","description":"GlareOne Softbox Octa 150 Easy Fold","robots":{"index":"index","follow":"follow","max-snippet":"max-snippet:-1","max-image-preview":"max-image-preview:large","max-video-preview":"max-video-preview:-1"},"canonical":"https:\/\/glareone.eu\/pl\/produkt\/glareone-softbox-octa-150-easy-fold\/","og_locale":"pl_PL","og_type":"article","og_title":"GlareOne Softbox Octa 150 Easy Fold","og_description":"GlareOne Softbox Octa 150 Easy Fold","og_url":"https:\/\/glareone.eu\/pl\/produkt\/glareone-softbox-octa-150-easy-fold\/","og_site_name":"GlareOne","article_publisher":"https:\/\/www.facebook.com\/GlareOneLighting","article_modified_time":"2024-05-06T11:49:42+00:00","og_image":[{"width":1000,"height":1000,"url":"https:\/\/glareone.eu\/wp-content\/uploads\/2024\/04\/SESOFT150B_001.jpg","type":"image\/jpeg"}],"twitter_card":"summary_large_image","twitter_title":"GlareOne Softbox Octa 150 Easy Fold","twitter_misc":{"Szacowany czas czytania":"1 minuta"},"schema":{"@context":"https:\/\/schema.org","@graph":[{"@type":"WebPage","@id":"https:\/\/glareone.eu\/pl\/produkt\/glareone-softbox-octa-150-easy-fold\/","url":"https:\/\/glareone.eu\/pl\/produkt\/glareone-softbox-octa-150-easy-fold\/","name":"GlareOne Softbox Octa 150 Easy Fold","isPartOf":{"@id":"https:\/\/glareone.eu\/pl\/en\/#website"},"primaryImageOfPage":{"@id":"https:\/\/glareone.eu\/pl\/produkt\/glareone-softbox-octa-150-easy-fold\/#primaryimage"},"image":{"@id":"https:\/\/glareone.eu\/pl\/produkt\/glareone-softbox-octa-150-easy-fold\/#primaryimage"},"thumbnailUrl":"https:\/\/glareone.eu\/wp-content\/uploads\/2024\/04\/SESOFT150B_001.jpg","datePublished":"2024-04-18T19:26:18+00:00","dateModified":"2024-05-06T11:49:42+00:00","description":"GlareOne Softbox Octa 150 Easy Fold","breadcrumb":{"@id":"https:\/\/glareone.eu\/pl\/produkt\/glareone-softbox-octa-150-easy-fold\/#breadcrumb"},"inLanguage":"pl-PL","potentialAction":[{"@type":"ReadAction","target":["https:\/\/glareone.eu\/pl\/produkt\/glareone-softbox-octa-150-easy-fold\/"]}]},{"@type":"ImageObject","inLanguage":"pl-PL","@id":"https:\/\/glareone.eu\/pl\/produkt\/glareone-softbox-octa-150-easy-fold\/#primaryimage","url":"https:\/\/glareone.eu\/wp-content\/uploads\/2024\/04\/SESOFT150B_001.jpg","contentUrl":"https:\/\/glareone.eu\/wp-content\/uploads\/2024\/04\/SESOFT150B_001.jpg","width":1000,"height":1000},{"@type":"BreadcrumbList","@id":"https:\/\/glareone.eu\/pl\/produkt\/glareone-softbox-octa-150-easy-fold\/#breadcrumb","itemListElement":[{"@type":"ListItem","position":1,"name":"Strona g\u0142\u00f3wna","item":"https:\/\/glareone.eu\/pl\/"},{"@type":"ListItem","position":2,"name":"Wszystkie produkty","item":"https:\/\/glareone.eu\/pl\/produkty\/wszystkie-produkty\/"},{"@type":"ListItem","position":3,"name":"GlareOne Softbox Octa 150 Easy Fold"}]},{"@type":"WebSite","@id":"https:\/\/glareone.eu\/pl\/en\/#website","url":"https:\/\/glareone.eu\/pl\/en\/","name":"GlareOne","description":"Wyposa\u017cenie Studia","publisher":{"@id":"https:\/\/glareone.eu\/pl\/en\/#organization"},"potentialAction":[{"@type":"SearchAction","target":{"@type":"EntryPoint","urlTemplate":"https:\/\/glareone.eu\/pl\/en\/?s={search_term_string}"},"query-input":{"@type":"PropertyValueSpecification","valueRequired":true,"valueName":"search_term_string"}}],"inLanguage":"pl-PL"},{"@type":"Organization","@id":"https:\/\/glareone.eu\/pl\/en\/#organization","name":"GlareOne","url":"https:\/\/glareone.eu\/pl\/en\/","logo":{"@type":"ImageObject","inLanguage":"pl-PL","@id":"https:\/\/glareone.eu\/pl\/en\/#\/schema\/logo\/image\/","url":"http:\/\/glareone.eu\/wp-content\/uploads\/2024\/05\/glareone_logo2020_RGB-01-e1715773127189.png","contentUrl":"http:\/\/glareone.eu\/wp-content\/uploads\/2024\/05\/glareone_logo2020_RGB-01-e1715773127189.png","width":1270,"height":321,"caption":"GlareOne"},"image":{"@id":"https:\/\/glareone.eu\/pl\/en\/#\/schema\/logo\/image\/"},"sameAs":["https:\/\/www.facebook.com\/GlareOneLighting","https:\/\/www.instagram.com\/glareonelighting\/","https:\/\/www.youtube.com\/@GlareOneTV"]}]}},"_links":{"self":[{"href":"https:\/\/glareone.eu\/pl\/wp-json\/wp\/v2\/product\/910","targetHints":{"allow":["GET"]}}],"collection":[{"href":"https:\/\/glareone.eu\/pl\/wp-json\/wp\/v2\/product"}],"about":[{"href":"https:\/\/glareone.eu\/pl\/wp-json\/wp\/v2\/types\/product"}],"wp:featuredmedia":[{"embeddable":true,"href":"https:\/\/glareone.eu\/pl\/wp-json\/wp\/v2\/media\/5567"}],"wp:attachment":[{"href":"https:\/\/glareone.eu\/pl\/wp-json\/wp\/v2\/media?parent=910"}],"wp:term":[{"taxonomy":"product_brand","embeddable":true,"href":"https:\/\/glareone.eu\/pl\/wp-json\/wp\/v2\/product_brand?post=910"},{"taxonomy":"product_cat","embeddable":true,"href":"https:\/\/glareone.eu\/pl\/wp-json\/wp\/v2\/product_cat?post=910"},{"taxonomy":"product_tag","embeddable":true,"href":"https:\/\/glareone.eu\/pl\/wp-json\/wp\/v2\/product_tag?post=910"}],"curies":[{"name":"wp","href":"https:\/\/api.w.org\/{rel}","templated":true}]}}