{"id":895,"date":"2024-04-18T19:26:16","date_gmt":"2024-04-18T19:26:16","guid":{"rendered":"http:\/\/glareone.eu\/produkt\/glareone-parasolka-srebrna-76-cm\/"},"modified":"2024-05-07T08:48:59","modified_gmt":"2024-05-07T08:48:59","slug":"glareone-parasolka-srebrna-76-cm","status":"publish","type":"product","link":"https:\/\/glareone.eu\/pl\/produkt\/glareone-parasolka-srebrna-76-cm\/","title":{"rendered":"GlareOne Parasolka srebrna 76 cm"},"content":{"rendered":"<p>Parasolka srebrna 76 cm, kt\u00f3ra skutecznie odbija \u015bwiat\u0142o, do\u015bwietlaj\u0105c i wyostrzaj\u0105c kontury fotografowanego obiektu.<\/p>\n<h3>Zalety srebrnych, odbijaj\u0105cych parasolek GlareOne:<\/h3>\n<ul>\n<li>rekomendowane do lamp b\u0142yskowych i o\u015bwietlenia ci\u0105g\u0142ego,<\/li>\n<li>skutecznie odbijaj\u0105 \u015bwiat\u0142o, do\u015bwietlaj\u0105c i wyostrzaj\u0105c kontury fotografowanego obiektu,<\/li>\n<li>pozwalaj\u0105 na uzyskanie dobrze ukierunkowanego, mocnego \u015bwiat\u0142a o ch\u0142odnym odcieniu,<\/li>\n<li>w zale\u017cno\u015bci od \u015brednicy i sposobu monta\u017cu umo\u017cliwiaj\u0105 uzyskanie r\u00f3\u017cnego nat\u0119\u017cenia \u015bwiat\u0142a,<\/li>\n<li>solidna konstrukcja doskonale sprawdza si\u0119 nawet w trudnych warunkach plenerowych,<\/li>\n<li>zastosowana srebrna warstwa refleksyjna gwarantuje r\u00f3wnomierno\u015b\u0107 i sta\u0142\u0105 temperatur\u0119 barwow\u0105 odbijanego \u015bwiat\u0142a,<\/li>\n<li>montowane na statywach fotograficznych, kompatybilne z wi\u0119kszo\u015bci\u0105 dost\u0119pnych na rynku standardowych mocowa\u0144 i uchwyt\u00f3w lamp.<\/li>\n<\/ul>\n<p>Srebrne parasolki GlareOne dost\u0119pne s\u0105 w czterech rozmiarach: 76 cm, 90 cm, 100 cm i 110 cm.<\/p>\n","protected":false},"excerpt":{"rendered":"<p>Parasolka srebrna 76 cm, kt\u00f3ra skutecznie odbija \u015bwiat\u0142o, do\u015bwietlaj\u0105c i wyostrzaj\u0105c kontury fotografowanego obiektu. Zalety srebrnych, odbijaj\u0105cych parasolek GlareOne: rekomendowane do lamp b\u0142yskowych i o\u015bwietlenia ci\u0105g\u0142ego, skutecznie odbijaj\u0105 \u015bwiat\u0142o, do\u015bwietlaj\u0105c i wyostrzaj\u0105c kontury fotografowanego obiektu, pozwalaj\u0105 na uzyskanie dobrze ukierunkowanego, mocnego \u015bwiat\u0142a o ch\u0142odnym odcieniu, w zale\u017cno\u015bci od \u015brednicy i sposobu monta\u017cu umo\u017cliwiaj\u0105 uzyskanie r\u00f3\u017cnego [&hellip;]<\/p>\n","protected":false},"featured_media":6114,"template":"","meta":[],"product_brand":[],"product_cat":[462],"product_tag":[],"class_list":{"0":"post-895","1":"product","2":"type-product","3":"status-publish","4":"has-post-thumbnail","6":"product_cat-parasole-klasyczne","8":"first","9":"instock","10":"product-type-simple"},"yoast_head":"<!-- This site is optimized with the Yoast SEO plugin v27.2 - https:\/\/yoast.com\/product\/yoast-seo-wordpress\/ -->\n<title>GlareOne Parasolka srebrna 76 cm<\/title>\n<meta name=\"description\" content=\"GlareOne Parasolka srebrna 76 cm\" \/>\n<meta name=\"robots\" content=\"index, follow, max-snippet:-1, max-image-preview:large, max-video-preview:-1\" \/>\n<link rel=\"canonical\" href=\"https:\/\/glareone.eu\/pl\/produkt\/glareone-parasolka-srebrna-76-cm\/\" \/>\n<meta property=\"og:locale\" content=\"pl_PL\" \/>\n<meta property=\"og:type\" content=\"article\" \/>\n<meta property=\"og:title\" content=\"GlareOne Parasolka srebrna 76 cm\" \/>\n<meta property=\"og:description\" content=\"GlareOne Parasolka srebrna 76 cm\" \/>\n<meta property=\"og:url\" content=\"https:\/\/glareone.eu\/pl\/produkt\/glareone-parasolka-srebrna-76-cm\/\" \/>\n<meta property=\"og:site_name\" content=\"GlareOne\" \/>\n<meta property=\"article:publisher\" content=\"https:\/\/www.facebook.com\/GlareOneLighting\" \/>\n<meta property=\"article:modified_time\" content=\"2024-05-07T08:48:59+00:00\" \/>\n<meta property=\"og:image\" content=\"https:\/\/glareone.eu\/wp-content\/uploads\/2024\/04\/SUMBS76.jpg\" \/>\n\t<meta property=\"og:image:width\" content=\"1000\" \/>\n\t<meta property=\"og:image:height\" content=\"1000\" \/>\n\t<meta property=\"og:image:type\" content=\"image\/jpeg\" \/>\n<meta name=\"twitter:card\" content=\"summary_large_image\" \/>\n<meta name=\"twitter:title\" content=\"GlareOne Parasolka srebrna 76 cm\" \/>\n<meta name=\"twitter:label1\" content=\"Szacowany czas czytania\" \/>\n\t<meta name=\"twitter:data1\" content=\"1 minuta\" \/>\n<script type=\"application\/ld+json\" class=\"yoast-schema-graph\">{\"@context\":\"https:\/\/schema.org\",\"@graph\":[{\"@type\":\"WebPage\",\"@id\":\"https:\/\/glareone.eu\/pl\/produkt\/glareone-parasolka-srebrna-76-cm\/\",\"url\":\"https:\/\/glareone.eu\/pl\/produkt\/glareone-parasolka-srebrna-76-cm\/\",\"name\":\"GlareOne Parasolka srebrna 76 cm\",\"isPartOf\":{\"@id\":\"https:\/\/glareone.eu\/pl\/en\/#website\"},\"primaryImageOfPage\":{\"@id\":\"https:\/\/glareone.eu\/pl\/produkt\/glareone-parasolka-srebrna-76-cm\/#primaryimage\"},\"image\":{\"@id\":\"https:\/\/glareone.eu\/pl\/produkt\/glareone-parasolka-srebrna-76-cm\/#primaryimage\"},\"thumbnailUrl\":\"https:\/\/glareone.eu\/wp-content\/uploads\/2024\/04\/SUMBS76.jpg\",\"datePublished\":\"2024-04-18T19:26:16+00:00\",\"dateModified\":\"2024-05-07T08:48:59+00:00\",\"description\":\"GlareOne Parasolka srebrna 76 cm\",\"breadcrumb\":{\"@id\":\"https:\/\/glareone.eu\/pl\/produkt\/glareone-parasolka-srebrna-76-cm\/#breadcrumb\"},\"inLanguage\":\"pl-PL\",\"potentialAction\":[{\"@type\":\"ReadAction\",\"target\":[\"https:\/\/glareone.eu\/pl\/produkt\/glareone-parasolka-srebrna-76-cm\/\"]}]},{\"@type\":\"ImageObject\",\"inLanguage\":\"pl-PL\",\"@id\":\"https:\/\/glareone.eu\/pl\/produkt\/glareone-parasolka-srebrna-76-cm\/#primaryimage\",\"url\":\"https:\/\/glareone.eu\/wp-content\/uploads\/2024\/04\/SUMBS76.jpg\",\"contentUrl\":\"https:\/\/glareone.eu\/wp-content\/uploads\/2024\/04\/SUMBS76.jpg\",\"width\":1000,\"height\":1000},{\"@type\":\"BreadcrumbList\",\"@id\":\"https:\/\/glareone.eu\/pl\/produkt\/glareone-parasolka-srebrna-76-cm\/#breadcrumb\",\"itemListElement\":[{\"@type\":\"ListItem\",\"position\":1,\"name\":\"Strona g\u0142\u00f3wna\",\"item\":\"https:\/\/glareone.eu\/pl\/\"},{\"@type\":\"ListItem\",\"position\":2,\"name\":\"Wszystkie produkty\",\"item\":\"https:\/\/glareone.eu\/pl\/produkty\/wszystkie-produkty\/\"},{\"@type\":\"ListItem\",\"position\":3,\"name\":\"GlareOne Parasolka srebrna 76 cm\"}]},{\"@type\":\"WebSite\",\"@id\":\"https:\/\/glareone.eu\/pl\/en\/#website\",\"url\":\"https:\/\/glareone.eu\/pl\/en\/\",\"name\":\"GlareOne\",\"description\":\"Wyposa\u017cenie Studia\",\"publisher\":{\"@id\":\"https:\/\/glareone.eu\/pl\/en\/#organization\"},\"potentialAction\":[{\"@type\":\"SearchAction\",\"target\":{\"@type\":\"EntryPoint\",\"urlTemplate\":\"https:\/\/glareone.eu\/pl\/en\/?s={search_term_string}\"},\"query-input\":{\"@type\":\"PropertyValueSpecification\",\"valueRequired\":true,\"valueName\":\"search_term_string\"}}],\"inLanguage\":\"pl-PL\"},{\"@type\":\"Organization\",\"@id\":\"https:\/\/glareone.eu\/pl\/en\/#organization\",\"name\":\"GlareOne\",\"url\":\"https:\/\/glareone.eu\/pl\/en\/\",\"logo\":{\"@type\":\"ImageObject\",\"inLanguage\":\"pl-PL\",\"@id\":\"https:\/\/glareone.eu\/pl\/en\/#\/schema\/logo\/image\/\",\"url\":\"http:\/\/glareone.eu\/wp-content\/uploads\/2024\/05\/glareone_logo2020_RGB-01-e1715773127189.png\",\"contentUrl\":\"http:\/\/glareone.eu\/wp-content\/uploads\/2024\/05\/glareone_logo2020_RGB-01-e1715773127189.png\",\"width\":1270,\"height\":321,\"caption\":\"GlareOne\"},\"image\":{\"@id\":\"https:\/\/glareone.eu\/pl\/en\/#\/schema\/logo\/image\/\"},\"sameAs\":[\"https:\/\/www.facebook.com\/GlareOneLighting\",\"https:\/\/www.instagram.com\/glareonelighting\/\",\"https:\/\/www.youtube.com\/@GlareOneTV\"]}]}<\/script>\n<!-- \/ Yoast SEO plugin. -->","yoast_head_json":{"title":"GlareOne Parasolka srebrna 76 cm","description":"GlareOne Parasolka srebrna 76 cm","robots":{"index":"index","follow":"follow","max-snippet":"max-snippet:-1","max-image-preview":"max-image-preview:large","max-video-preview":"max-video-preview:-1"},"canonical":"https:\/\/glareone.eu\/pl\/produkt\/glareone-parasolka-srebrna-76-cm\/","og_locale":"pl_PL","og_type":"article","og_title":"GlareOne Parasolka srebrna 76 cm","og_description":"GlareOne Parasolka srebrna 76 cm","og_url":"https:\/\/glareone.eu\/pl\/produkt\/glareone-parasolka-srebrna-76-cm\/","og_site_name":"GlareOne","article_publisher":"https:\/\/www.facebook.com\/GlareOneLighting","article_modified_time":"2024-05-07T08:48:59+00:00","og_image":[{"width":1000,"height":1000,"url":"https:\/\/glareone.eu\/wp-content\/uploads\/2024\/04\/SUMBS76.jpg","type":"image\/jpeg"}],"twitter_card":"summary_large_image","twitter_title":"GlareOne Parasolka srebrna 76 cm","twitter_misc":{"Szacowany czas czytania":"1 minuta"},"schema":{"@context":"https:\/\/schema.org","@graph":[{"@type":"WebPage","@id":"https:\/\/glareone.eu\/pl\/produkt\/glareone-parasolka-srebrna-76-cm\/","url":"https:\/\/glareone.eu\/pl\/produkt\/glareone-parasolka-srebrna-76-cm\/","name":"GlareOne Parasolka srebrna 76 cm","isPartOf":{"@id":"https:\/\/glareone.eu\/pl\/en\/#website"},"primaryImageOfPage":{"@id":"https:\/\/glareone.eu\/pl\/produkt\/glareone-parasolka-srebrna-76-cm\/#primaryimage"},"image":{"@id":"https:\/\/glareone.eu\/pl\/produkt\/glareone-parasolka-srebrna-76-cm\/#primaryimage"},"thumbnailUrl":"https:\/\/glareone.eu\/wp-content\/uploads\/2024\/04\/SUMBS76.jpg","datePublished":"2024-04-18T19:26:16+00:00","dateModified":"2024-05-07T08:48:59+00:00","description":"GlareOne Parasolka srebrna 76 cm","breadcrumb":{"@id":"https:\/\/glareone.eu\/pl\/produkt\/glareone-parasolka-srebrna-76-cm\/#breadcrumb"},"inLanguage":"pl-PL","potentialAction":[{"@type":"ReadAction","target":["https:\/\/glareone.eu\/pl\/produkt\/glareone-parasolka-srebrna-76-cm\/"]}]},{"@type":"ImageObject","inLanguage":"pl-PL","@id":"https:\/\/glareone.eu\/pl\/produkt\/glareone-parasolka-srebrna-76-cm\/#primaryimage","url":"https:\/\/glareone.eu\/wp-content\/uploads\/2024\/04\/SUMBS76.jpg","contentUrl":"https:\/\/glareone.eu\/wp-content\/uploads\/2024\/04\/SUMBS76.jpg","width":1000,"height":1000},{"@type":"BreadcrumbList","@id":"https:\/\/glareone.eu\/pl\/produkt\/glareone-parasolka-srebrna-76-cm\/#breadcrumb","itemListElement":[{"@type":"ListItem","position":1,"name":"Strona g\u0142\u00f3wna","item":"https:\/\/glareone.eu\/pl\/"},{"@type":"ListItem","position":2,"name":"Wszystkie produkty","item":"https:\/\/glareone.eu\/pl\/produkty\/wszystkie-produkty\/"},{"@type":"ListItem","position":3,"name":"GlareOne Parasolka srebrna 76 cm"}]},{"@type":"WebSite","@id":"https:\/\/glareone.eu\/pl\/en\/#website","url":"https:\/\/glareone.eu\/pl\/en\/","name":"GlareOne","description":"Wyposa\u017cenie Studia","publisher":{"@id":"https:\/\/glareone.eu\/pl\/en\/#organization"},"potentialAction":[{"@type":"SearchAction","target":{"@type":"EntryPoint","urlTemplate":"https:\/\/glareone.eu\/pl\/en\/?s={search_term_string}"},"query-input":{"@type":"PropertyValueSpecification","valueRequired":true,"valueName":"search_term_string"}}],"inLanguage":"pl-PL"},{"@type":"Organization","@id":"https:\/\/glareone.eu\/pl\/en\/#organization","name":"GlareOne","url":"https:\/\/glareone.eu\/pl\/en\/","logo":{"@type":"ImageObject","inLanguage":"pl-PL","@id":"https:\/\/glareone.eu\/pl\/en\/#\/schema\/logo\/image\/","url":"http:\/\/glareone.eu\/wp-content\/uploads\/2024\/05\/glareone_logo2020_RGB-01-e1715773127189.png","contentUrl":"http:\/\/glareone.eu\/wp-content\/uploads\/2024\/05\/glareone_logo2020_RGB-01-e1715773127189.png","width":1270,"height":321,"caption":"GlareOne"},"image":{"@id":"https:\/\/glareone.eu\/pl\/en\/#\/schema\/logo\/image\/"},"sameAs":["https:\/\/www.facebook.com\/GlareOneLighting","https:\/\/www.instagram.com\/glareonelighting\/","https:\/\/www.youtube.com\/@GlareOneTV"]}]}},"_links":{"self":[{"href":"https:\/\/glareone.eu\/pl\/wp-json\/wp\/v2\/product\/895","targetHints":{"allow":["GET"]}}],"collection":[{"href":"https:\/\/glareone.eu\/pl\/wp-json\/wp\/v2\/product"}],"about":[{"href":"https:\/\/glareone.eu\/pl\/wp-json\/wp\/v2\/types\/product"}],"wp:featuredmedia":[{"embeddable":true,"href":"https:\/\/glareone.eu\/pl\/wp-json\/wp\/v2\/media\/6114"}],"wp:attachment":[{"href":"https:\/\/glareone.eu\/pl\/wp-json\/wp\/v2\/media?parent=895"}],"wp:term":[{"taxonomy":"product_brand","embeddable":true,"href":"https:\/\/glareone.eu\/pl\/wp-json\/wp\/v2\/product_brand?post=895"},{"taxonomy":"product_cat","embeddable":true,"href":"https:\/\/glareone.eu\/pl\/wp-json\/wp\/v2\/product_cat?post=895"},{"taxonomy":"product_tag","embeddable":true,"href":"https:\/\/glareone.eu\/pl\/wp-json\/wp\/v2\/product_tag?post=895"}],"curies":[{"name":"wp","href":"https:\/\/api.w.org\/{rel}","templated":true}]}}