{"id":892,"date":"2024-04-18T19:26:16","date_gmt":"2024-04-18T19:26:16","guid":{"rendered":"http:\/\/glareone.eu\/produkt\/glareone-stol-bezcieniowy-60x100-cm-szybki-montaz\/"},"modified":"2024-05-10T07:04:19","modified_gmt":"2024-05-10T07:04:19","slug":"glareone-stol-bezcieniowy-60x100-cm-szybki-montaz","status":"publish","type":"product","link":"https:\/\/glareone.eu\/pl\/produkt\/glareone-stol-bezcieniowy-60x100-cm-szybki-montaz\/","title":{"rendered":"GlareOne St\u00f3\u0142 bezcieniowy 60&#215;100 cm, szybki monta\u017c"},"content":{"rendered":"<p>St\u00f3\u0142 bezcieniowy GlareOne z funkcj\u0105 szybkiego monta\u017cu. Skutecznie rozprasza \u015bwiat\u0142a, eksponuj\u0105c nawet najdrobniejsze szczeg\u00f3\u0142y fotografowanego obiektu. Niezast\u0105piony do fotografii produktowej, technicznej lub reklamowej.<\/p>\n<h3>Zalety sto\u0142\u00f3w bezcieniowych GlareOne:<\/h3>\n<ul>\n<li>szybko sk\u0142adalne konstrukcje, usprawniaj\u0105ce proces sk\u0142adania \/ rozk\u0142adania sto\u0142u,<\/li>\n<li>rekomendowane zar\u00f3wno dla profesjonalist\u00f3w, jak i pocz\u0105tkuj\u0105cych fotograf\u00f3w,<\/li>\n<li>dzi\u0119ki mo\u017cliwo\u015bci zastosowania \u015bwiat\u0142a z boku lub spodu zapewniaj\u0105 brak niepo\u017c\u0105danych cieni oraz nieestetycznych odblask\u00f3w,<\/li>\n<li>lekka, wytrzyma\u0142a, \u0142atwo sk\u0142adana aluminiowa konstrukcja,<\/li>\n<li>zdejmowalna p\u0142aszczyzna robocza wykonana z odpornego na zarysowania, doskonale odbijaj\u0105cego \u015bwiat\u0142o, p\u00f3\u0142przepuszczalnego bia\u0142ego akrylu,<\/li>\n<li>w komplecie pokrowiec chroni\u0105cy st\u00f3\u0142 bezcieniowy podczas transportu.<\/li>\n<\/ul>\n<h3>Dost\u0119pne wersje sto\u0142\u00f3w bezcieniowych GlareOne:<\/h3>\n<ul>\n<li>st\u00f3\u0142 bezcieniowy GLAREONE 60&#215;130 cm<\/li>\n<li>st\u00f3\u0142 bezcieniowy GLAREONE 100&#215;200 cm<\/li>\n<li>st\u00f3\u0142 bezcieniowy GLAREONE 60&#215;100 \u2013 szybki monta\u017c<\/li>\n<li>st\u00f3\u0142 bezcieniowy GLAREONE 60&#215;130 cm \u2013 szybki monta\u017c<\/li>\n<\/ul>\n","protected":false},"excerpt":{"rendered":"<p>St\u00f3\u0142 bezcieniowy GlareOne z funkcj\u0105 szybkiego monta\u017cu. Skutecznie rozprasza \u015bwiat\u0142a, eksponuj\u0105c nawet najdrobniejsze szczeg\u00f3\u0142y fotografowanego obiektu. Niezast\u0105piony do fotografii produktowej, technicznej lub reklamowej. Zalety sto\u0142\u00f3w bezcieniowych GlareOne: szybko sk\u0142adalne konstrukcje, usprawniaj\u0105ce proces sk\u0142adania \/ rozk\u0142adania sto\u0142u, rekomendowane zar\u00f3wno dla profesjonalist\u00f3w, jak i pocz\u0105tkuj\u0105cych fotograf\u00f3w, dzi\u0119ki mo\u017cliwo\u015bci zastosowania \u015bwiat\u0142a z boku lub spodu zapewniaj\u0105 brak niepo\u017c\u0105danych [&hellip;]<\/p>\n","protected":false},"featured_media":7771,"template":"","meta":[],"product_brand":[],"product_cat":[446],"product_tag":[],"class_list":{"0":"post-892","1":"product","2":"type-product","3":"status-publish","4":"has-post-thumbnail","6":"product_cat-fotografia-bezcieniowa","8":"first","9":"instock","10":"product-type-simple"},"yoast_head":"<!-- This site is optimized with the Yoast SEO plugin v27.2 - https:\/\/yoast.com\/product\/yoast-seo-wordpress\/ -->\n<title>GlareOne St\u00f3\u0142 bezcieniowy 60x100 cm, szybki monta\u017c<\/title>\n<meta name=\"description\" content=\"GlareOne St\u00f3\u0142 bezcieniowy 60x100 cm, szybki monta\u017c\" \/>\n<meta name=\"robots\" content=\"index, follow, max-snippet:-1, max-image-preview:large, max-video-preview:-1\" \/>\n<link rel=\"canonical\" href=\"https:\/\/glareone.eu\/pl\/produkt\/glareone-stol-bezcieniowy-60x100-cm-szybki-montaz\/\" \/>\n<meta property=\"og:locale\" content=\"pl_PL\" \/>\n<meta property=\"og:type\" content=\"article\" \/>\n<meta property=\"og:title\" content=\"GlareOne St\u00f3\u0142 bezcieniowy 60x100 cm, szybki monta\u017c\" \/>\n<meta property=\"og:description\" content=\"GlareOne St\u00f3\u0142 bezcieniowy 60x100 cm, szybki monta\u017c\" \/>\n<meta property=\"og:url\" content=\"https:\/\/glareone.eu\/pl\/produkt\/glareone-stol-bezcieniowy-60x100-cm-szybki-montaz\/\" \/>\n<meta property=\"og:site_name\" content=\"GlareOne\" \/>\n<meta property=\"article:publisher\" content=\"https:\/\/www.facebook.com\/GlareOneLighting\" \/>\n<meta property=\"article:modified_time\" content=\"2024-05-10T07:04:19+00:00\" \/>\n<meta property=\"og:image\" content=\"https:\/\/glareone.eu\/wp-content\/uploads\/2024\/04\/SST60X100_01.jpg\" \/>\n\t<meta property=\"og:image:width\" content=\"1000\" \/>\n\t<meta property=\"og:image:height\" content=\"1000\" \/>\n\t<meta property=\"og:image:type\" content=\"image\/jpeg\" \/>\n<meta name=\"twitter:card\" content=\"summary_large_image\" \/>\n<meta name=\"twitter:title\" content=\"GlareOne St\u00f3\u0142 bezcieniowy 60x100 cm, szybki monta\u017c\" \/>\n<meta name=\"twitter:label1\" content=\"Szacowany czas czytania\" \/>\n\t<meta name=\"twitter:data1\" content=\"1 minuta\" \/>\n<script type=\"application\/ld+json\" class=\"yoast-schema-graph\">{\"@context\":\"https:\/\/schema.org\",\"@graph\":[{\"@type\":\"WebPage\",\"@id\":\"https:\/\/glareone.eu\/pl\/produkt\/glareone-stol-bezcieniowy-60x100-cm-szybki-montaz\/\",\"url\":\"https:\/\/glareone.eu\/pl\/produkt\/glareone-stol-bezcieniowy-60x100-cm-szybki-montaz\/\",\"name\":\"GlareOne St\u00f3\u0142 bezcieniowy 60x100 cm, szybki monta\u017c\",\"isPartOf\":{\"@id\":\"https:\/\/glareone.eu\/pl\/en\/#website\"},\"primaryImageOfPage\":{\"@id\":\"https:\/\/glareone.eu\/pl\/produkt\/glareone-stol-bezcieniowy-60x100-cm-szybki-montaz\/#primaryimage\"},\"image\":{\"@id\":\"https:\/\/glareone.eu\/pl\/produkt\/glareone-stol-bezcieniowy-60x100-cm-szybki-montaz\/#primaryimage\"},\"thumbnailUrl\":\"https:\/\/glareone.eu\/wp-content\/uploads\/2024\/04\/SST60X100_01.jpg\",\"datePublished\":\"2024-04-18T19:26:16+00:00\",\"dateModified\":\"2024-05-10T07:04:19+00:00\",\"description\":\"GlareOne St\u00f3\u0142 bezcieniowy 60x100 cm, szybki monta\u017c\",\"breadcrumb\":{\"@id\":\"https:\/\/glareone.eu\/pl\/produkt\/glareone-stol-bezcieniowy-60x100-cm-szybki-montaz\/#breadcrumb\"},\"inLanguage\":\"pl-PL\",\"potentialAction\":[{\"@type\":\"ReadAction\",\"target\":[\"https:\/\/glareone.eu\/pl\/produkt\/glareone-stol-bezcieniowy-60x100-cm-szybki-montaz\/\"]}]},{\"@type\":\"ImageObject\",\"inLanguage\":\"pl-PL\",\"@id\":\"https:\/\/glareone.eu\/pl\/produkt\/glareone-stol-bezcieniowy-60x100-cm-szybki-montaz\/#primaryimage\",\"url\":\"https:\/\/glareone.eu\/wp-content\/uploads\/2024\/04\/SST60X100_01.jpg\",\"contentUrl\":\"https:\/\/glareone.eu\/wp-content\/uploads\/2024\/04\/SST60X100_01.jpg\",\"width\":1000,\"height\":1000},{\"@type\":\"BreadcrumbList\",\"@id\":\"https:\/\/glareone.eu\/pl\/produkt\/glareone-stol-bezcieniowy-60x100-cm-szybki-montaz\/#breadcrumb\",\"itemListElement\":[{\"@type\":\"ListItem\",\"position\":1,\"name\":\"Strona g\u0142\u00f3wna\",\"item\":\"https:\/\/glareone.eu\/pl\/\"},{\"@type\":\"ListItem\",\"position\":2,\"name\":\"Wszystkie produkty\",\"item\":\"https:\/\/glareone.eu\/pl\/produkty\/wszystkie-produkty\/\"},{\"@type\":\"ListItem\",\"position\":3,\"name\":\"GlareOne St\u00f3\u0142 bezcieniowy 60&#215;100 cm, szybki monta\u017c\"}]},{\"@type\":\"WebSite\",\"@id\":\"https:\/\/glareone.eu\/pl\/en\/#website\",\"url\":\"https:\/\/glareone.eu\/pl\/en\/\",\"name\":\"GlareOne\",\"description\":\"Wyposa\u017cenie Studia\",\"publisher\":{\"@id\":\"https:\/\/glareone.eu\/pl\/en\/#organization\"},\"potentialAction\":[{\"@type\":\"SearchAction\",\"target\":{\"@type\":\"EntryPoint\",\"urlTemplate\":\"https:\/\/glareone.eu\/pl\/en\/?s={search_term_string}\"},\"query-input\":{\"@type\":\"PropertyValueSpecification\",\"valueRequired\":true,\"valueName\":\"search_term_string\"}}],\"inLanguage\":\"pl-PL\"},{\"@type\":\"Organization\",\"@id\":\"https:\/\/glareone.eu\/pl\/en\/#organization\",\"name\":\"GlareOne\",\"url\":\"https:\/\/glareone.eu\/pl\/en\/\",\"logo\":{\"@type\":\"ImageObject\",\"inLanguage\":\"pl-PL\",\"@id\":\"https:\/\/glareone.eu\/pl\/en\/#\/schema\/logo\/image\/\",\"url\":\"http:\/\/glareone.eu\/wp-content\/uploads\/2024\/05\/glareone_logo2020_RGB-01-e1715773127189.png\",\"contentUrl\":\"http:\/\/glareone.eu\/wp-content\/uploads\/2024\/05\/glareone_logo2020_RGB-01-e1715773127189.png\",\"width\":1270,\"height\":321,\"caption\":\"GlareOne\"},\"image\":{\"@id\":\"https:\/\/glareone.eu\/pl\/en\/#\/schema\/logo\/image\/\"},\"sameAs\":[\"https:\/\/www.facebook.com\/GlareOneLighting\",\"https:\/\/www.instagram.com\/glareonelighting\/\",\"https:\/\/www.youtube.com\/@GlareOneTV\"]}]}<\/script>\n<!-- \/ Yoast SEO plugin. -->","yoast_head_json":{"title":"GlareOne St\u00f3\u0142 bezcieniowy 60x100 cm, szybki monta\u017c","description":"GlareOne St\u00f3\u0142 bezcieniowy 60x100 cm, szybki monta\u017c","robots":{"index":"index","follow":"follow","max-snippet":"max-snippet:-1","max-image-preview":"max-image-preview:large","max-video-preview":"max-video-preview:-1"},"canonical":"https:\/\/glareone.eu\/pl\/produkt\/glareone-stol-bezcieniowy-60x100-cm-szybki-montaz\/","og_locale":"pl_PL","og_type":"article","og_title":"GlareOne St\u00f3\u0142 bezcieniowy 60x100 cm, szybki monta\u017c","og_description":"GlareOne St\u00f3\u0142 bezcieniowy 60x100 cm, szybki monta\u017c","og_url":"https:\/\/glareone.eu\/pl\/produkt\/glareone-stol-bezcieniowy-60x100-cm-szybki-montaz\/","og_site_name":"GlareOne","article_publisher":"https:\/\/www.facebook.com\/GlareOneLighting","article_modified_time":"2024-05-10T07:04:19+00:00","og_image":[{"width":1000,"height":1000,"url":"https:\/\/glareone.eu\/wp-content\/uploads\/2024\/04\/SST60X100_01.jpg","type":"image\/jpeg"}],"twitter_card":"summary_large_image","twitter_title":"GlareOne St\u00f3\u0142 bezcieniowy 60x100 cm, szybki monta\u017c","twitter_misc":{"Szacowany czas czytania":"1 minuta"},"schema":{"@context":"https:\/\/schema.org","@graph":[{"@type":"WebPage","@id":"https:\/\/glareone.eu\/pl\/produkt\/glareone-stol-bezcieniowy-60x100-cm-szybki-montaz\/","url":"https:\/\/glareone.eu\/pl\/produkt\/glareone-stol-bezcieniowy-60x100-cm-szybki-montaz\/","name":"GlareOne St\u00f3\u0142 bezcieniowy 60x100 cm, szybki monta\u017c","isPartOf":{"@id":"https:\/\/glareone.eu\/pl\/en\/#website"},"primaryImageOfPage":{"@id":"https:\/\/glareone.eu\/pl\/produkt\/glareone-stol-bezcieniowy-60x100-cm-szybki-montaz\/#primaryimage"},"image":{"@id":"https:\/\/glareone.eu\/pl\/produkt\/glareone-stol-bezcieniowy-60x100-cm-szybki-montaz\/#primaryimage"},"thumbnailUrl":"https:\/\/glareone.eu\/wp-content\/uploads\/2024\/04\/SST60X100_01.jpg","datePublished":"2024-04-18T19:26:16+00:00","dateModified":"2024-05-10T07:04:19+00:00","description":"GlareOne St\u00f3\u0142 bezcieniowy 60x100 cm, szybki monta\u017c","breadcrumb":{"@id":"https:\/\/glareone.eu\/pl\/produkt\/glareone-stol-bezcieniowy-60x100-cm-szybki-montaz\/#breadcrumb"},"inLanguage":"pl-PL","potentialAction":[{"@type":"ReadAction","target":["https:\/\/glareone.eu\/pl\/produkt\/glareone-stol-bezcieniowy-60x100-cm-szybki-montaz\/"]}]},{"@type":"ImageObject","inLanguage":"pl-PL","@id":"https:\/\/glareone.eu\/pl\/produkt\/glareone-stol-bezcieniowy-60x100-cm-szybki-montaz\/#primaryimage","url":"https:\/\/glareone.eu\/wp-content\/uploads\/2024\/04\/SST60X100_01.jpg","contentUrl":"https:\/\/glareone.eu\/wp-content\/uploads\/2024\/04\/SST60X100_01.jpg","width":1000,"height":1000},{"@type":"BreadcrumbList","@id":"https:\/\/glareone.eu\/pl\/produkt\/glareone-stol-bezcieniowy-60x100-cm-szybki-montaz\/#breadcrumb","itemListElement":[{"@type":"ListItem","position":1,"name":"Strona g\u0142\u00f3wna","item":"https:\/\/glareone.eu\/pl\/"},{"@type":"ListItem","position":2,"name":"Wszystkie produkty","item":"https:\/\/glareone.eu\/pl\/produkty\/wszystkie-produkty\/"},{"@type":"ListItem","position":3,"name":"GlareOne St\u00f3\u0142 bezcieniowy 60&#215;100 cm, szybki monta\u017c"}]},{"@type":"WebSite","@id":"https:\/\/glareone.eu\/pl\/en\/#website","url":"https:\/\/glareone.eu\/pl\/en\/","name":"GlareOne","description":"Wyposa\u017cenie Studia","publisher":{"@id":"https:\/\/glareone.eu\/pl\/en\/#organization"},"potentialAction":[{"@type":"SearchAction","target":{"@type":"EntryPoint","urlTemplate":"https:\/\/glareone.eu\/pl\/en\/?s={search_term_string}"},"query-input":{"@type":"PropertyValueSpecification","valueRequired":true,"valueName":"search_term_string"}}],"inLanguage":"pl-PL"},{"@type":"Organization","@id":"https:\/\/glareone.eu\/pl\/en\/#organization","name":"GlareOne","url":"https:\/\/glareone.eu\/pl\/en\/","logo":{"@type":"ImageObject","inLanguage":"pl-PL","@id":"https:\/\/glareone.eu\/pl\/en\/#\/schema\/logo\/image\/","url":"http:\/\/glareone.eu\/wp-content\/uploads\/2024\/05\/glareone_logo2020_RGB-01-e1715773127189.png","contentUrl":"http:\/\/glareone.eu\/wp-content\/uploads\/2024\/05\/glareone_logo2020_RGB-01-e1715773127189.png","width":1270,"height":321,"caption":"GlareOne"},"image":{"@id":"https:\/\/glareone.eu\/pl\/en\/#\/schema\/logo\/image\/"},"sameAs":["https:\/\/www.facebook.com\/GlareOneLighting","https:\/\/www.instagram.com\/glareonelighting\/","https:\/\/www.youtube.com\/@GlareOneTV"]}]}},"_links":{"self":[{"href":"https:\/\/glareone.eu\/pl\/wp-json\/wp\/v2\/product\/892","targetHints":{"allow":["GET"]}}],"collection":[{"href":"https:\/\/glareone.eu\/pl\/wp-json\/wp\/v2\/product"}],"about":[{"href":"https:\/\/glareone.eu\/pl\/wp-json\/wp\/v2\/types\/product"}],"wp:featuredmedia":[{"embeddable":true,"href":"https:\/\/glareone.eu\/pl\/wp-json\/wp\/v2\/media\/7771"}],"wp:attachment":[{"href":"https:\/\/glareone.eu\/pl\/wp-json\/wp\/v2\/media?parent=892"}],"wp:term":[{"taxonomy":"product_brand","embeddable":true,"href":"https:\/\/glareone.eu\/pl\/wp-json\/wp\/v2\/product_brand?post=892"},{"taxonomy":"product_cat","embeddable":true,"href":"https:\/\/glareone.eu\/pl\/wp-json\/wp\/v2\/product_cat?post=892"},{"taxonomy":"product_tag","embeddable":true,"href":"https:\/\/glareone.eu\/pl\/wp-json\/wp\/v2\/product_tag?post=892"}],"curies":[{"name":"wp","href":"https:\/\/api.w.org\/{rel}","templated":true}]}}