{"id":886,"date":"2024-04-18T19:26:14","date_gmt":"2024-04-18T19:26:14","guid":{"rendered":"http:\/\/glareone.eu\/produkt\/glareone-snoot-strumienica-z-plastrem-miodu-i-4-filtrami\/"},"modified":"2024-11-15T14:10:48","modified_gmt":"2024-11-15T14:10:48","slug":"glareone-snoot-strumienica-z-plastrem-miodu-i-4-filtrami","status":"publish","type":"product","link":"https:\/\/glareone.eu\/pl\/produkt\/glareone-snoot-strumienica-z-plastrem-miodu-i-4-filtrami\/","title":{"rendered":"GlareOne Snoot &#8211; strumienica z plastrem miodu i 4 filtrami"},"content":{"rendered":"<p>Strumienica wykorzystywana jest najcz\u0119\u015bciej do zada\u0144 specjalnych. Stosowana w fotografii produktowej oraz portretowej do punktowego o\u015bwietlania t\u0142a, postaci, twarzy, w\u0142os\u00f3w. Przy o\u015bwietleniu twarzy mo\u017cna zauwa\u017cy\u0107, \u017ce o\u015bwietlana jest tylko ma\u0142a cz\u0119\u015b\u0107 kadru, co spowodowane jest ma\u0142ym otworem wyj\u015bciowym.<\/p>\n<p>Istotn\u0105 cech\u0105 produktu jest jej tylna cz\u0119\u015b\u0107 konstrukcji, zapewniaj\u0105ca odpowiedni\u0105 wentylacj\u0119 palnikowi lampy oraz \u017car\u00f3wce modeluj\u0105cej. Dzi\u0119ki temu strumienica nie nagrzewa si\u0119 tak mocno, jak inne tego typu produkty.<\/p>\n<p>Ko\u0144cowy efekt modyfikatora mo\u017cemy zmieni\u0107 za pomoc\u0105 do\u0142\u0105czonych dodatk\u00f3w:<\/p>\n<ul>\n<li><strong>grid<\/strong> &#8211; ukierunkowanie \u015bwiat\u0142a,<\/li>\n<li><strong>filtry kolorowe<\/strong> &#8211; nadanie po\u017c\u0105danego koloru \u015bwiat\u0142a.<\/li>\n<\/ul>\n","protected":false},"excerpt":{"rendered":"<p>Strumienica wykorzystywana jest najcz\u0119\u015bciej do zada\u0144 specjalnych. Stosowana w fotografii produktowej oraz portretowej do punktowego o\u015bwietlania t\u0142a, postaci, twarzy, w\u0142os\u00f3w. Przy o\u015bwietleniu twarzy mo\u017cna zauwa\u017cy\u0107, \u017ce o\u015bwietlana jest tylko ma\u0142a cz\u0119\u015b\u0107 kadru, co spowodowane jest ma\u0142ym otworem wyj\u015bciowym. Istotn\u0105 cech\u0105 produktu jest jej tylna cz\u0119\u015b\u0107 konstrukcji, zapewniaj\u0105ca odpowiedni\u0105 wentylacj\u0119 palnikowi lampy oraz \u017car\u00f3wce modeluj\u0105cej. Dzi\u0119ki [&hellip;]<\/p>\n","protected":false},"featured_media":8819,"template":"","meta":[],"product_brand":[],"product_cat":[486],"product_tag":[],"class_list":{"0":"post-886","1":"product","2":"type-product","3":"status-publish","4":"has-post-thumbnail","6":"product_cat-czasze","8":"first","9":"instock","10":"product-type-simple"},"yoast_head":"<!-- This site is optimized with the Yoast SEO plugin v27.2 - https:\/\/yoast.com\/product\/yoast-seo-wordpress\/ -->\n<title>GlareOne Snoot - strumienica z plastrem miodu i 4 filtrami<\/title>\n<meta name=\"description\" content=\"GlareOne Snoot - strumienica z plastrem miodu i 4 filtrami\" \/>\n<meta name=\"robots\" content=\"index, follow, max-snippet:-1, max-image-preview:large, max-video-preview:-1\" \/>\n<link rel=\"canonical\" href=\"https:\/\/glareone.eu\/pl\/produkt\/glareone-snoot-strumienica-z-plastrem-miodu-i-4-filtrami\/\" \/>\n<meta property=\"og:locale\" content=\"pl_PL\" \/>\n<meta property=\"og:type\" content=\"article\" \/>\n<meta property=\"og:title\" content=\"GlareOne Snoot - strumienica z plastrem miodu i 4 filtrami\" \/>\n<meta property=\"og:description\" content=\"GlareOne Snoot - strumienica z plastrem miodu i 4 filtrami\" \/>\n<meta property=\"og:url\" content=\"https:\/\/glareone.eu\/pl\/produkt\/glareone-snoot-strumienica-z-plastrem-miodu-i-4-filtrami\/\" \/>\n<meta property=\"og:site_name\" content=\"GlareOne\" \/>\n<meta property=\"article:publisher\" content=\"https:\/\/www.facebook.com\/GlareOneLighting\" \/>\n<meta property=\"article:modified_time\" content=\"2024-11-15T14:10:48+00:00\" \/>\n<meta property=\"og:image\" content=\"https:\/\/glareone.eu\/wp-content\/uploads\/2024\/04\/SSNOOTBW_001.jpg\" \/>\n\t<meta property=\"og:image:width\" content=\"1000\" \/>\n\t<meta property=\"og:image:height\" content=\"1000\" \/>\n\t<meta property=\"og:image:type\" content=\"image\/jpeg\" \/>\n<meta name=\"twitter:card\" content=\"summary_large_image\" \/>\n<meta name=\"twitter:title\" content=\"GlareOne Snoot - strumienica z plastrem miodu i 4 filtrami\" \/>\n<meta name=\"twitter:label1\" content=\"Szacowany czas czytania\" \/>\n\t<meta name=\"twitter:data1\" content=\"1 minuta\" \/>\n<script type=\"application\/ld+json\" class=\"yoast-schema-graph\">{\"@context\":\"https:\/\/schema.org\",\"@graph\":[{\"@type\":\"WebPage\",\"@id\":\"https:\/\/glareone.eu\/pl\/produkt\/glareone-snoot-strumienica-z-plastrem-miodu-i-4-filtrami\/\",\"url\":\"https:\/\/glareone.eu\/pl\/produkt\/glareone-snoot-strumienica-z-plastrem-miodu-i-4-filtrami\/\",\"name\":\"GlareOne Snoot - strumienica z plastrem miodu i 4 filtrami\",\"isPartOf\":{\"@id\":\"https:\/\/glareone.eu\/pl\/en\/#website\"},\"primaryImageOfPage\":{\"@id\":\"https:\/\/glareone.eu\/pl\/produkt\/glareone-snoot-strumienica-z-plastrem-miodu-i-4-filtrami\/#primaryimage\"},\"image\":{\"@id\":\"https:\/\/glareone.eu\/pl\/produkt\/glareone-snoot-strumienica-z-plastrem-miodu-i-4-filtrami\/#primaryimage\"},\"thumbnailUrl\":\"https:\/\/glareone.eu\/wp-content\/uploads\/2024\/04\/SSNOOTBW_001.jpg\",\"datePublished\":\"2024-04-18T19:26:14+00:00\",\"dateModified\":\"2024-11-15T14:10:48+00:00\",\"description\":\"GlareOne Snoot - strumienica z plastrem miodu i 4 filtrami\",\"breadcrumb\":{\"@id\":\"https:\/\/glareone.eu\/pl\/produkt\/glareone-snoot-strumienica-z-plastrem-miodu-i-4-filtrami\/#breadcrumb\"},\"inLanguage\":\"pl-PL\",\"potentialAction\":[{\"@type\":\"ReadAction\",\"target\":[\"https:\/\/glareone.eu\/pl\/produkt\/glareone-snoot-strumienica-z-plastrem-miodu-i-4-filtrami\/\"]}]},{\"@type\":\"ImageObject\",\"inLanguage\":\"pl-PL\",\"@id\":\"https:\/\/glareone.eu\/pl\/produkt\/glareone-snoot-strumienica-z-plastrem-miodu-i-4-filtrami\/#primaryimage\",\"url\":\"https:\/\/glareone.eu\/wp-content\/uploads\/2024\/04\/SSNOOTBW_001.jpg\",\"contentUrl\":\"https:\/\/glareone.eu\/wp-content\/uploads\/2024\/04\/SSNOOTBW_001.jpg\",\"width\":1000,\"height\":1000},{\"@type\":\"BreadcrumbList\",\"@id\":\"https:\/\/glareone.eu\/pl\/produkt\/glareone-snoot-strumienica-z-plastrem-miodu-i-4-filtrami\/#breadcrumb\",\"itemListElement\":[{\"@type\":\"ListItem\",\"position\":1,\"name\":\"Strona g\u0142\u00f3wna\",\"item\":\"https:\/\/glareone.eu\/pl\/\"},{\"@type\":\"ListItem\",\"position\":2,\"name\":\"Wszystkie produkty\",\"item\":\"https:\/\/glareone.eu\/pl\/produkty\/wszystkie-produkty\/\"},{\"@type\":\"ListItem\",\"position\":3,\"name\":\"GlareOne Snoot &#8211; strumienica z plastrem miodu i 4 filtrami\"}]},{\"@type\":\"WebSite\",\"@id\":\"https:\/\/glareone.eu\/pl\/en\/#website\",\"url\":\"https:\/\/glareone.eu\/pl\/en\/\",\"name\":\"GlareOne\",\"description\":\"Wyposa\u017cenie Studia\",\"publisher\":{\"@id\":\"https:\/\/glareone.eu\/pl\/en\/#organization\"},\"potentialAction\":[{\"@type\":\"SearchAction\",\"target\":{\"@type\":\"EntryPoint\",\"urlTemplate\":\"https:\/\/glareone.eu\/pl\/en\/?s={search_term_string}\"},\"query-input\":{\"@type\":\"PropertyValueSpecification\",\"valueRequired\":true,\"valueName\":\"search_term_string\"}}],\"inLanguage\":\"pl-PL\"},{\"@type\":\"Organization\",\"@id\":\"https:\/\/glareone.eu\/pl\/en\/#organization\",\"name\":\"GlareOne\",\"url\":\"https:\/\/glareone.eu\/pl\/en\/\",\"logo\":{\"@type\":\"ImageObject\",\"inLanguage\":\"pl-PL\",\"@id\":\"https:\/\/glareone.eu\/pl\/en\/#\/schema\/logo\/image\/\",\"url\":\"http:\/\/glareone.eu\/wp-content\/uploads\/2024\/05\/glareone_logo2020_RGB-01-e1715773127189.png\",\"contentUrl\":\"http:\/\/glareone.eu\/wp-content\/uploads\/2024\/05\/glareone_logo2020_RGB-01-e1715773127189.png\",\"width\":1270,\"height\":321,\"caption\":\"GlareOne\"},\"image\":{\"@id\":\"https:\/\/glareone.eu\/pl\/en\/#\/schema\/logo\/image\/\"},\"sameAs\":[\"https:\/\/www.facebook.com\/GlareOneLighting\",\"https:\/\/www.instagram.com\/glareonelighting\/\",\"https:\/\/www.youtube.com\/@GlareOneTV\"]}]}<\/script>\n<!-- \/ Yoast SEO plugin. -->","yoast_head_json":{"title":"GlareOne Snoot - strumienica z plastrem miodu i 4 filtrami","description":"GlareOne Snoot - strumienica z plastrem miodu i 4 filtrami","robots":{"index":"index","follow":"follow","max-snippet":"max-snippet:-1","max-image-preview":"max-image-preview:large","max-video-preview":"max-video-preview:-1"},"canonical":"https:\/\/glareone.eu\/pl\/produkt\/glareone-snoot-strumienica-z-plastrem-miodu-i-4-filtrami\/","og_locale":"pl_PL","og_type":"article","og_title":"GlareOne Snoot - strumienica z plastrem miodu i 4 filtrami","og_description":"GlareOne Snoot - strumienica z plastrem miodu i 4 filtrami","og_url":"https:\/\/glareone.eu\/pl\/produkt\/glareone-snoot-strumienica-z-plastrem-miodu-i-4-filtrami\/","og_site_name":"GlareOne","article_publisher":"https:\/\/www.facebook.com\/GlareOneLighting","article_modified_time":"2024-11-15T14:10:48+00:00","og_image":[{"width":1000,"height":1000,"url":"https:\/\/glareone.eu\/wp-content\/uploads\/2024\/04\/SSNOOTBW_001.jpg","type":"image\/jpeg"}],"twitter_card":"summary_large_image","twitter_title":"GlareOne Snoot - strumienica z plastrem miodu i 4 filtrami","twitter_misc":{"Szacowany czas czytania":"1 minuta"},"schema":{"@context":"https:\/\/schema.org","@graph":[{"@type":"WebPage","@id":"https:\/\/glareone.eu\/pl\/produkt\/glareone-snoot-strumienica-z-plastrem-miodu-i-4-filtrami\/","url":"https:\/\/glareone.eu\/pl\/produkt\/glareone-snoot-strumienica-z-plastrem-miodu-i-4-filtrami\/","name":"GlareOne Snoot - strumienica z plastrem miodu i 4 filtrami","isPartOf":{"@id":"https:\/\/glareone.eu\/pl\/en\/#website"},"primaryImageOfPage":{"@id":"https:\/\/glareone.eu\/pl\/produkt\/glareone-snoot-strumienica-z-plastrem-miodu-i-4-filtrami\/#primaryimage"},"image":{"@id":"https:\/\/glareone.eu\/pl\/produkt\/glareone-snoot-strumienica-z-plastrem-miodu-i-4-filtrami\/#primaryimage"},"thumbnailUrl":"https:\/\/glareone.eu\/wp-content\/uploads\/2024\/04\/SSNOOTBW_001.jpg","datePublished":"2024-04-18T19:26:14+00:00","dateModified":"2024-11-15T14:10:48+00:00","description":"GlareOne Snoot - strumienica z plastrem miodu i 4 filtrami","breadcrumb":{"@id":"https:\/\/glareone.eu\/pl\/produkt\/glareone-snoot-strumienica-z-plastrem-miodu-i-4-filtrami\/#breadcrumb"},"inLanguage":"pl-PL","potentialAction":[{"@type":"ReadAction","target":["https:\/\/glareone.eu\/pl\/produkt\/glareone-snoot-strumienica-z-plastrem-miodu-i-4-filtrami\/"]}]},{"@type":"ImageObject","inLanguage":"pl-PL","@id":"https:\/\/glareone.eu\/pl\/produkt\/glareone-snoot-strumienica-z-plastrem-miodu-i-4-filtrami\/#primaryimage","url":"https:\/\/glareone.eu\/wp-content\/uploads\/2024\/04\/SSNOOTBW_001.jpg","contentUrl":"https:\/\/glareone.eu\/wp-content\/uploads\/2024\/04\/SSNOOTBW_001.jpg","width":1000,"height":1000},{"@type":"BreadcrumbList","@id":"https:\/\/glareone.eu\/pl\/produkt\/glareone-snoot-strumienica-z-plastrem-miodu-i-4-filtrami\/#breadcrumb","itemListElement":[{"@type":"ListItem","position":1,"name":"Strona g\u0142\u00f3wna","item":"https:\/\/glareone.eu\/pl\/"},{"@type":"ListItem","position":2,"name":"Wszystkie produkty","item":"https:\/\/glareone.eu\/pl\/produkty\/wszystkie-produkty\/"},{"@type":"ListItem","position":3,"name":"GlareOne Snoot &#8211; strumienica z plastrem miodu i 4 filtrami"}]},{"@type":"WebSite","@id":"https:\/\/glareone.eu\/pl\/en\/#website","url":"https:\/\/glareone.eu\/pl\/en\/","name":"GlareOne","description":"Wyposa\u017cenie Studia","publisher":{"@id":"https:\/\/glareone.eu\/pl\/en\/#organization"},"potentialAction":[{"@type":"SearchAction","target":{"@type":"EntryPoint","urlTemplate":"https:\/\/glareone.eu\/pl\/en\/?s={search_term_string}"},"query-input":{"@type":"PropertyValueSpecification","valueRequired":true,"valueName":"search_term_string"}}],"inLanguage":"pl-PL"},{"@type":"Organization","@id":"https:\/\/glareone.eu\/pl\/en\/#organization","name":"GlareOne","url":"https:\/\/glareone.eu\/pl\/en\/","logo":{"@type":"ImageObject","inLanguage":"pl-PL","@id":"https:\/\/glareone.eu\/pl\/en\/#\/schema\/logo\/image\/","url":"http:\/\/glareone.eu\/wp-content\/uploads\/2024\/05\/glareone_logo2020_RGB-01-e1715773127189.png","contentUrl":"http:\/\/glareone.eu\/wp-content\/uploads\/2024\/05\/glareone_logo2020_RGB-01-e1715773127189.png","width":1270,"height":321,"caption":"GlareOne"},"image":{"@id":"https:\/\/glareone.eu\/pl\/en\/#\/schema\/logo\/image\/"},"sameAs":["https:\/\/www.facebook.com\/GlareOneLighting","https:\/\/www.instagram.com\/glareonelighting\/","https:\/\/www.youtube.com\/@GlareOneTV"]}]}},"_links":{"self":[{"href":"https:\/\/glareone.eu\/pl\/wp-json\/wp\/v2\/product\/886","targetHints":{"allow":["GET"]}}],"collection":[{"href":"https:\/\/glareone.eu\/pl\/wp-json\/wp\/v2\/product"}],"about":[{"href":"https:\/\/glareone.eu\/pl\/wp-json\/wp\/v2\/types\/product"}],"wp:featuredmedia":[{"embeddable":true,"href":"https:\/\/glareone.eu\/pl\/wp-json\/wp\/v2\/media\/8819"}],"wp:attachment":[{"href":"https:\/\/glareone.eu\/pl\/wp-json\/wp\/v2\/media?parent=886"}],"wp:term":[{"taxonomy":"product_brand","embeddable":true,"href":"https:\/\/glareone.eu\/pl\/wp-json\/wp\/v2\/product_brand?post=886"},{"taxonomy":"product_cat","embeddable":true,"href":"https:\/\/glareone.eu\/pl\/wp-json\/wp\/v2\/product_cat?post=886"},{"taxonomy":"product_tag","embeddable":true,"href":"https:\/\/glareone.eu\/pl\/wp-json\/wp\/v2\/product_tag?post=886"}],"curies":[{"name":"wp","href":"https:\/\/api.w.org\/{rel}","templated":true}]}}