{"id":883,"date":"2024-04-18T19:26:14","date_gmt":"2024-04-18T19:26:14","guid":{"rendered":"http:\/\/glareone.eu\/produkt\/glareone-uchwyt-na-lampe-reporterska-typ-e\/"},"modified":"2024-05-13T09:58:22","modified_gmt":"2024-05-13T09:58:22","slug":"glareone-uchwyt-na-lampe-reporterska-typ-e","status":"publish","type":"product","link":"https:\/\/glareone.eu\/pl\/produkt\/glareone-uchwyt-na-lampe-reporterska-typ-e\/","title":{"rendered":"GlareOne Uchwyt na lamp\u0119 reporterska &#8211; typ E"},"content":{"rendered":"<p>Uchwyt na lamp\u0119 reportersk\u0105 GlareOne typ E.<\/p>\n<p>Uchwyt pozwala zamocowa\u0107 lamp\u0119 reportersk\u0105 wraz z parasolk\u0105 fotograficzn\u0105. Wyposa\u017cony w przegub pozwala na odchylenie lampy w zakresie -90\u00b0\/+90\u00b0.<\/p>\n<p>Ca\u0142o\u015b\u0107 uchwytu wykonana z metalu zapewnia trwa\u0142o\u015b\u0107 i si\u0142\u0119. Wygodne du\u017ce \u015bruby pozwalaj\u0105 na mocne i pewne skr\u0119cenie uchwytu w po\u017c\u0105danej pozycji.<\/p>\n<p>Metalowe sanki przykr\u0119cane s\u0105 do uchwytu na \u015brubie o gwincie 1\/4&#8243;, wi\u0119c po ich zdj\u0119ciu na uchwycie mo\u017cna zainstalowa\u0107 szereg akcesori\u00f3w wyposa\u017conych w gwint 1\/4&#8243;.<\/p>\n<p>Uchwyt mo\u017cna przymocowa\u0107 do statyw\u00f3w o\u015bwietleniowych z ko\u0144c\u00f3wk\u0105 o maksymalnej szeroko\u015bci 16 mm, a do\u0142\u0105czony w komplecie trzpie\u0144 z gniazdami \u017ce\u0144skimi 1\/4&#8243; oraz 3\/8&#8243; rozszerza mo\u017cliwo\u015b\u0107 monta\u017cu uchwytu o statywy fotograficzne, g\u0142owice oraz inne wyposa\u017cone w trzpie\u0144 z ko\u0144c\u00f3wkami m\u0119skimi 1\/4&#8243; i 3\/8&#8243;<\/p>\n","protected":false},"excerpt":{"rendered":"<p>Uchwyt na lamp\u0119 reportersk\u0105 GlareOne typ E. Uchwyt pozwala zamocowa\u0107 lamp\u0119 reportersk\u0105 wraz z parasolk\u0105 fotograficzn\u0105. Wyposa\u017cony w przegub pozwala na odchylenie lampy w zakresie -90\u00b0\/+90\u00b0. Ca\u0142o\u015b\u0107 uchwytu wykonana z metalu zapewnia trwa\u0142o\u015b\u0107 i si\u0142\u0119. Wygodne du\u017ce \u015bruby pozwalaj\u0105 na mocne i pewne skr\u0119cenie uchwytu w po\u017c\u0105danej pozycji. Metalowe sanki przykr\u0119cane s\u0105 do uchwytu na [&hellip;]<\/p>\n","protected":false},"featured_media":8776,"template":"","meta":[],"product_brand":[],"product_cat":[442],"product_tag":[],"class_list":{"0":"post-883","1":"product","2":"type-product","3":"status-publish","4":"has-post-thumbnail","6":"product_cat-inne-akcesoria","8":"first","9":"instock","10":"product-type-simple"},"yoast_head":"<!-- This site is optimized with the Yoast SEO plugin v27.2 - https:\/\/yoast.com\/product\/yoast-seo-wordpress\/ -->\n<title>GlareOne Uchwyt na lamp\u0119 reporterska - typ E<\/title>\n<meta name=\"description\" content=\"GlareOne Uchwyt na lamp\u0119 reporterska - typ E\" \/>\n<meta name=\"robots\" content=\"index, follow, max-snippet:-1, max-image-preview:large, max-video-preview:-1\" \/>\n<link rel=\"canonical\" href=\"https:\/\/glareone.eu\/pl\/produkt\/glareone-uchwyt-na-lampe-reporterska-typ-e\/\" \/>\n<meta property=\"og:locale\" content=\"pl_PL\" \/>\n<meta property=\"og:type\" content=\"article\" \/>\n<meta property=\"og:title\" content=\"GlareOne Uchwyt na lamp\u0119 reporterska - typ E\" \/>\n<meta property=\"og:description\" content=\"GlareOne Uchwyt na lamp\u0119 reporterska - typ E\" \/>\n<meta property=\"og:url\" content=\"https:\/\/glareone.eu\/pl\/produkt\/glareone-uchwyt-na-lampe-reporterska-typ-e\/\" \/>\n<meta property=\"og:site_name\" content=\"GlareOne\" \/>\n<meta property=\"article:publisher\" content=\"https:\/\/www.facebook.com\/GlareOneLighting\" \/>\n<meta property=\"article:modified_time\" content=\"2024-05-13T09:58:22+00:00\" \/>\n<meta property=\"og:image\" content=\"https:\/\/glareone.eu\/wp-content\/uploads\/2024\/04\/SBTE_001.jpg\" \/>\n\t<meta property=\"og:image:width\" content=\"1000\" \/>\n\t<meta property=\"og:image:height\" content=\"1000\" \/>\n\t<meta property=\"og:image:type\" content=\"image\/jpeg\" \/>\n<meta name=\"twitter:card\" content=\"summary_large_image\" \/>\n<meta name=\"twitter:title\" content=\"GlareOne Uchwyt na lamp\u0119 reporterska - typ E\" \/>\n<meta name=\"twitter:label1\" content=\"Szacowany czas czytania\" \/>\n\t<meta name=\"twitter:data1\" content=\"1 minuta\" \/>\n<script type=\"application\/ld+json\" class=\"yoast-schema-graph\">{\"@context\":\"https:\/\/schema.org\",\"@graph\":[{\"@type\":\"WebPage\",\"@id\":\"https:\/\/glareone.eu\/pl\/produkt\/glareone-uchwyt-na-lampe-reporterska-typ-e\/\",\"url\":\"https:\/\/glareone.eu\/pl\/produkt\/glareone-uchwyt-na-lampe-reporterska-typ-e\/\",\"name\":\"GlareOne Uchwyt na lamp\u0119 reporterska - typ E\",\"isPartOf\":{\"@id\":\"https:\/\/glareone.eu\/pl\/en\/#website\"},\"primaryImageOfPage\":{\"@id\":\"https:\/\/glareone.eu\/pl\/produkt\/glareone-uchwyt-na-lampe-reporterska-typ-e\/#primaryimage\"},\"image\":{\"@id\":\"https:\/\/glareone.eu\/pl\/produkt\/glareone-uchwyt-na-lampe-reporterska-typ-e\/#primaryimage\"},\"thumbnailUrl\":\"https:\/\/glareone.eu\/wp-content\/uploads\/2024\/04\/SBTE_001.jpg\",\"datePublished\":\"2024-04-18T19:26:14+00:00\",\"dateModified\":\"2024-05-13T09:58:22+00:00\",\"description\":\"GlareOne Uchwyt na lamp\u0119 reporterska - typ E\",\"breadcrumb\":{\"@id\":\"https:\/\/glareone.eu\/pl\/produkt\/glareone-uchwyt-na-lampe-reporterska-typ-e\/#breadcrumb\"},\"inLanguage\":\"pl-PL\",\"potentialAction\":[{\"@type\":\"ReadAction\",\"target\":[\"https:\/\/glareone.eu\/pl\/produkt\/glareone-uchwyt-na-lampe-reporterska-typ-e\/\"]}]},{\"@type\":\"ImageObject\",\"inLanguage\":\"pl-PL\",\"@id\":\"https:\/\/glareone.eu\/pl\/produkt\/glareone-uchwyt-na-lampe-reporterska-typ-e\/#primaryimage\",\"url\":\"https:\/\/glareone.eu\/wp-content\/uploads\/2024\/04\/SBTE_001.jpg\",\"contentUrl\":\"https:\/\/glareone.eu\/wp-content\/uploads\/2024\/04\/SBTE_001.jpg\",\"width\":1000,\"height\":1000},{\"@type\":\"BreadcrumbList\",\"@id\":\"https:\/\/glareone.eu\/pl\/produkt\/glareone-uchwyt-na-lampe-reporterska-typ-e\/#breadcrumb\",\"itemListElement\":[{\"@type\":\"ListItem\",\"position\":1,\"name\":\"Strona g\u0142\u00f3wna\",\"item\":\"https:\/\/glareone.eu\/pl\/\"},{\"@type\":\"ListItem\",\"position\":2,\"name\":\"Wszystkie produkty\",\"item\":\"https:\/\/glareone.eu\/pl\/produkty\/wszystkie-produkty\/\"},{\"@type\":\"ListItem\",\"position\":3,\"name\":\"GlareOne Uchwyt na lamp\u0119 reporterska &#8211; typ E\"}]},{\"@type\":\"WebSite\",\"@id\":\"https:\/\/glareone.eu\/pl\/en\/#website\",\"url\":\"https:\/\/glareone.eu\/pl\/en\/\",\"name\":\"GlareOne\",\"description\":\"Wyposa\u017cenie Studia\",\"publisher\":{\"@id\":\"https:\/\/glareone.eu\/pl\/en\/#organization\"},\"potentialAction\":[{\"@type\":\"SearchAction\",\"target\":{\"@type\":\"EntryPoint\",\"urlTemplate\":\"https:\/\/glareone.eu\/pl\/en\/?s={search_term_string}\"},\"query-input\":{\"@type\":\"PropertyValueSpecification\",\"valueRequired\":true,\"valueName\":\"search_term_string\"}}],\"inLanguage\":\"pl-PL\"},{\"@type\":\"Organization\",\"@id\":\"https:\/\/glareone.eu\/pl\/en\/#organization\",\"name\":\"GlareOne\",\"url\":\"https:\/\/glareone.eu\/pl\/en\/\",\"logo\":{\"@type\":\"ImageObject\",\"inLanguage\":\"pl-PL\",\"@id\":\"https:\/\/glareone.eu\/pl\/en\/#\/schema\/logo\/image\/\",\"url\":\"http:\/\/glareone.eu\/wp-content\/uploads\/2024\/05\/glareone_logo2020_RGB-01-e1715773127189.png\",\"contentUrl\":\"http:\/\/glareone.eu\/wp-content\/uploads\/2024\/05\/glareone_logo2020_RGB-01-e1715773127189.png\",\"width\":1270,\"height\":321,\"caption\":\"GlareOne\"},\"image\":{\"@id\":\"https:\/\/glareone.eu\/pl\/en\/#\/schema\/logo\/image\/\"},\"sameAs\":[\"https:\/\/www.facebook.com\/GlareOneLighting\",\"https:\/\/www.instagram.com\/glareonelighting\/\",\"https:\/\/www.youtube.com\/@GlareOneTV\"]}]}<\/script>\n<!-- \/ Yoast SEO plugin. -->","yoast_head_json":{"title":"GlareOne Uchwyt na lamp\u0119 reporterska - typ E","description":"GlareOne Uchwyt na lamp\u0119 reporterska - typ E","robots":{"index":"index","follow":"follow","max-snippet":"max-snippet:-1","max-image-preview":"max-image-preview:large","max-video-preview":"max-video-preview:-1"},"canonical":"https:\/\/glareone.eu\/pl\/produkt\/glareone-uchwyt-na-lampe-reporterska-typ-e\/","og_locale":"pl_PL","og_type":"article","og_title":"GlareOne Uchwyt na lamp\u0119 reporterska - typ E","og_description":"GlareOne Uchwyt na lamp\u0119 reporterska - typ E","og_url":"https:\/\/glareone.eu\/pl\/produkt\/glareone-uchwyt-na-lampe-reporterska-typ-e\/","og_site_name":"GlareOne","article_publisher":"https:\/\/www.facebook.com\/GlareOneLighting","article_modified_time":"2024-05-13T09:58:22+00:00","og_image":[{"width":1000,"height":1000,"url":"https:\/\/glareone.eu\/wp-content\/uploads\/2024\/04\/SBTE_001.jpg","type":"image\/jpeg"}],"twitter_card":"summary_large_image","twitter_title":"GlareOne Uchwyt na lamp\u0119 reporterska - typ E","twitter_misc":{"Szacowany czas czytania":"1 minuta"},"schema":{"@context":"https:\/\/schema.org","@graph":[{"@type":"WebPage","@id":"https:\/\/glareone.eu\/pl\/produkt\/glareone-uchwyt-na-lampe-reporterska-typ-e\/","url":"https:\/\/glareone.eu\/pl\/produkt\/glareone-uchwyt-na-lampe-reporterska-typ-e\/","name":"GlareOne Uchwyt na lamp\u0119 reporterska - typ E","isPartOf":{"@id":"https:\/\/glareone.eu\/pl\/en\/#website"},"primaryImageOfPage":{"@id":"https:\/\/glareone.eu\/pl\/produkt\/glareone-uchwyt-na-lampe-reporterska-typ-e\/#primaryimage"},"image":{"@id":"https:\/\/glareone.eu\/pl\/produkt\/glareone-uchwyt-na-lampe-reporterska-typ-e\/#primaryimage"},"thumbnailUrl":"https:\/\/glareone.eu\/wp-content\/uploads\/2024\/04\/SBTE_001.jpg","datePublished":"2024-04-18T19:26:14+00:00","dateModified":"2024-05-13T09:58:22+00:00","description":"GlareOne Uchwyt na lamp\u0119 reporterska - typ E","breadcrumb":{"@id":"https:\/\/glareone.eu\/pl\/produkt\/glareone-uchwyt-na-lampe-reporterska-typ-e\/#breadcrumb"},"inLanguage":"pl-PL","potentialAction":[{"@type":"ReadAction","target":["https:\/\/glareone.eu\/pl\/produkt\/glareone-uchwyt-na-lampe-reporterska-typ-e\/"]}]},{"@type":"ImageObject","inLanguage":"pl-PL","@id":"https:\/\/glareone.eu\/pl\/produkt\/glareone-uchwyt-na-lampe-reporterska-typ-e\/#primaryimage","url":"https:\/\/glareone.eu\/wp-content\/uploads\/2024\/04\/SBTE_001.jpg","contentUrl":"https:\/\/glareone.eu\/wp-content\/uploads\/2024\/04\/SBTE_001.jpg","width":1000,"height":1000},{"@type":"BreadcrumbList","@id":"https:\/\/glareone.eu\/pl\/produkt\/glareone-uchwyt-na-lampe-reporterska-typ-e\/#breadcrumb","itemListElement":[{"@type":"ListItem","position":1,"name":"Strona g\u0142\u00f3wna","item":"https:\/\/glareone.eu\/pl\/"},{"@type":"ListItem","position":2,"name":"Wszystkie produkty","item":"https:\/\/glareone.eu\/pl\/produkty\/wszystkie-produkty\/"},{"@type":"ListItem","position":3,"name":"GlareOne Uchwyt na lamp\u0119 reporterska &#8211; typ E"}]},{"@type":"WebSite","@id":"https:\/\/glareone.eu\/pl\/en\/#website","url":"https:\/\/glareone.eu\/pl\/en\/","name":"GlareOne","description":"Wyposa\u017cenie Studia","publisher":{"@id":"https:\/\/glareone.eu\/pl\/en\/#organization"},"potentialAction":[{"@type":"SearchAction","target":{"@type":"EntryPoint","urlTemplate":"https:\/\/glareone.eu\/pl\/en\/?s={search_term_string}"},"query-input":{"@type":"PropertyValueSpecification","valueRequired":true,"valueName":"search_term_string"}}],"inLanguage":"pl-PL"},{"@type":"Organization","@id":"https:\/\/glareone.eu\/pl\/en\/#organization","name":"GlareOne","url":"https:\/\/glareone.eu\/pl\/en\/","logo":{"@type":"ImageObject","inLanguage":"pl-PL","@id":"https:\/\/glareone.eu\/pl\/en\/#\/schema\/logo\/image\/","url":"http:\/\/glareone.eu\/wp-content\/uploads\/2024\/05\/glareone_logo2020_RGB-01-e1715773127189.png","contentUrl":"http:\/\/glareone.eu\/wp-content\/uploads\/2024\/05\/glareone_logo2020_RGB-01-e1715773127189.png","width":1270,"height":321,"caption":"GlareOne"},"image":{"@id":"https:\/\/glareone.eu\/pl\/en\/#\/schema\/logo\/image\/"},"sameAs":["https:\/\/www.facebook.com\/GlareOneLighting","https:\/\/www.instagram.com\/glareonelighting\/","https:\/\/www.youtube.com\/@GlareOneTV"]}]}},"_links":{"self":[{"href":"https:\/\/glareone.eu\/pl\/wp-json\/wp\/v2\/product\/883","targetHints":{"allow":["GET"]}}],"collection":[{"href":"https:\/\/glareone.eu\/pl\/wp-json\/wp\/v2\/product"}],"about":[{"href":"https:\/\/glareone.eu\/pl\/wp-json\/wp\/v2\/types\/product"}],"wp:featuredmedia":[{"embeddable":true,"href":"https:\/\/glareone.eu\/pl\/wp-json\/wp\/v2\/media\/8776"}],"wp:attachment":[{"href":"https:\/\/glareone.eu\/pl\/wp-json\/wp\/v2\/media?parent=883"}],"wp:term":[{"taxonomy":"product_brand","embeddable":true,"href":"https:\/\/glareone.eu\/pl\/wp-json\/wp\/v2\/product_brand?post=883"},{"taxonomy":"product_cat","embeddable":true,"href":"https:\/\/glareone.eu\/pl\/wp-json\/wp\/v2\/product_cat?post=883"},{"taxonomy":"product_tag","embeddable":true,"href":"https:\/\/glareone.eu\/pl\/wp-json\/wp\/v2\/product_tag?post=883"}],"curies":[{"name":"wp","href":"https:\/\/api.w.org\/{rel}","templated":true}]}}