{"id":882,"date":"2024-04-18T19:26:14","date_gmt":"2024-04-18T19:26:14","guid":{"rendered":"http:\/\/glareone.eu\/produkt\/glareone-namiot-bezcieniowy-80-cm\/"},"modified":"2024-05-07T06:45:58","modified_gmt":"2024-05-07T06:45:58","slug":"glareone-namiot-bezcieniowy-80-cm","status":"publish","type":"product","link":"https:\/\/glareone.eu\/pl\/produkt\/glareone-namiot-bezcieniowy-80-cm\/","title":{"rendered":"GlareOne Namiot bezcieniowy 80 cm"},"content":{"rendered":"<p>Namiot bezcieniowy GlareOne to niezast\u0105pione narz\u0119dzie w przypadku fotografii produktowej. Pozwala na r\u00f3wnomierne o\u015bwietlenie fotografowanego obiektu &#8211; zastosowany materia\u0142 dyfuzyjny zapewnia r\u00f3wnomierne rozproszenie \u015bwiat\u0142a, stabiln\u0105 temperatur\u0119 barwow\u0105 i brak cieni oraz odblask\u00f3w.<\/p>\n<h3>Zalety namiot\u00f3w bezcieniowych GlareOne:<\/h3>\n<ul>\n<li>Polecane do sta\u0142ych i b\u0142yskowych \u017ar\u00f3de\u0142 \u015bwiat\u0142a.<\/li>\n<li>Zdejmowana przednia \u015bciana gwarantuje wygodny dost\u0119p i pozwala na szerokie k\u0105ty fotografowania. Gdy jest za\u0142o\u017cona pozwala na wykonywanie zdj\u0119\u0107 produkt\u00f3w bardzo odbijaj\u0105cych elementy otoczenia \u2013 posiada otw\u00f3r na obiektyw.<\/li>\n<li>W zestawie 4 t\u0142a, mocowane na rzepy: bia\u0142e, czarne, czerwone i niebieskie.<\/li>\n<li>\u0141atwe i szybkie sk\u0142adanie i rozk\u0142adanie (podobne jak w przypadku blend fotograficznych).<\/li>\n<li>Niewielkie rozmiary po z\u0142o\u017ceniu u\u0142atwiaj\u0105 przechowywanie namiot\u00f3w bezcieniowych, nawet na bardzo ograniczonej przestrzeni.<\/li>\n<li>Du\u017ca r\u00f3\u017cnorodno\u015b\u0107 rozmiar\u00f3w pozwala na dobranie namiotu bezcieniowego GlareOne do indywidualnych potrzeb, wielko\u015bci fotografowanych produkt\u00f3w.<\/li>\n<li>W komplecie pokrowiec chroni\u0105cy namiot bezcieniowy podczas transportu, sugerowany tak\u017ce do przechowywania nieu\u017cywanego namiotu, aby zapobiec jego zabrudzeniu, zakurzeniu.<\/li>\n<\/ul>\n<h3>Dost\u0119pne wersje namiot\u00f3w bezcieniowych GlareOne:<\/h3>\n<ul>\n<li>namiot bezcieniowy 50 cm<\/li>\n<li>namiot bezcieniowy 60 cm<\/li>\n<li>namiot bezcieniowy 80 cm<\/li>\n<li>namiot bezcieniowy 100 cm<\/li>\n<li>namiot bezcieniowy 120 cm<\/li>\n<li>namiot bezcieniowy 150 cm<\/li>\n<\/ul>\n","protected":false},"excerpt":{"rendered":"<p>Namiot bezcieniowy GlareOne to niezast\u0105pione narz\u0119dzie w przypadku fotografii produktowej. Pozwala na r\u00f3wnomierne o\u015bwietlenie fotografowanego obiektu &#8211; zastosowany materia\u0142 dyfuzyjny zapewnia r\u00f3wnomierne rozproszenie \u015bwiat\u0142a, stabiln\u0105 temperatur\u0119 barwow\u0105 i brak cieni oraz odblask\u00f3w. Zalety namiot\u00f3w bezcieniowych GlareOne: Polecane do sta\u0142ych i b\u0142yskowych \u017ar\u00f3de\u0142 \u015bwiat\u0142a. Zdejmowana przednia \u015bciana gwarantuje wygodny dost\u0119p i pozwala na szerokie k\u0105ty fotografowania. [&hellip;]<\/p>\n","protected":false},"featured_media":5791,"template":"","meta":[],"product_brand":[],"product_cat":[446],"product_tag":[],"class_list":{"0":"post-882","1":"product","2":"type-product","3":"status-publish","4":"has-post-thumbnail","6":"product_cat-fotografia-bezcieniowa","8":"first","9":"instock","10":"product-type-simple"},"yoast_head":"<!-- This site is optimized with the Yoast SEO plugin v27.2 - https:\/\/yoast.com\/product\/yoast-seo-wordpress\/ -->\n<title>GlareOne Namiot bezcieniowy 80 cm<\/title>\n<meta name=\"description\" content=\"GlareOne Namiot bezcieniowy 80 cm\" \/>\n<meta name=\"robots\" content=\"index, follow, max-snippet:-1, max-image-preview:large, max-video-preview:-1\" \/>\n<link rel=\"canonical\" href=\"https:\/\/glareone.eu\/pl\/produkt\/glareone-namiot-bezcieniowy-80-cm\/\" \/>\n<meta property=\"og:locale\" content=\"pl_PL\" \/>\n<meta property=\"og:type\" content=\"article\" \/>\n<meta property=\"og:title\" content=\"GlareOne Namiot bezcieniowy 80 cm\" \/>\n<meta property=\"og:description\" content=\"GlareOne Namiot bezcieniowy 80 cm\" \/>\n<meta property=\"og:url\" content=\"https:\/\/glareone.eu\/pl\/produkt\/glareone-namiot-bezcieniowy-80-cm\/\" \/>\n<meta property=\"og:site_name\" content=\"GlareOne\" \/>\n<meta property=\"article:publisher\" content=\"https:\/\/www.facebook.com\/GlareOneLighting\" \/>\n<meta property=\"article:modified_time\" content=\"2024-05-07T06:45:58+00:00\" \/>\n<meta property=\"og:image\" content=\"https:\/\/glareone.eu\/wp-content\/uploads\/2024\/04\/SLT80_001.jpg\" \/>\n\t<meta property=\"og:image:width\" content=\"1000\" \/>\n\t<meta property=\"og:image:height\" content=\"1000\" \/>\n\t<meta property=\"og:image:type\" content=\"image\/jpeg\" \/>\n<meta name=\"twitter:card\" content=\"summary_large_image\" \/>\n<meta name=\"twitter:title\" content=\"GlareOne Namiot bezcieniowy 80 cm\" \/>\n<meta name=\"twitter:label1\" content=\"Szacowany czas czytania\" \/>\n\t<meta name=\"twitter:data1\" content=\"2 minuty\" \/>\n<script type=\"application\/ld+json\" class=\"yoast-schema-graph\">{\"@context\":\"https:\/\/schema.org\",\"@graph\":[{\"@type\":\"WebPage\",\"@id\":\"https:\/\/glareone.eu\/pl\/produkt\/glareone-namiot-bezcieniowy-80-cm\/\",\"url\":\"https:\/\/glareone.eu\/pl\/produkt\/glareone-namiot-bezcieniowy-80-cm\/\",\"name\":\"GlareOne Namiot bezcieniowy 80 cm\",\"isPartOf\":{\"@id\":\"https:\/\/glareone.eu\/pl\/en\/#website\"},\"primaryImageOfPage\":{\"@id\":\"https:\/\/glareone.eu\/pl\/produkt\/glareone-namiot-bezcieniowy-80-cm\/#primaryimage\"},\"image\":{\"@id\":\"https:\/\/glareone.eu\/pl\/produkt\/glareone-namiot-bezcieniowy-80-cm\/#primaryimage\"},\"thumbnailUrl\":\"https:\/\/glareone.eu\/wp-content\/uploads\/2024\/04\/SLT80_001.jpg\",\"datePublished\":\"2024-04-18T19:26:14+00:00\",\"dateModified\":\"2024-05-07T06:45:58+00:00\",\"description\":\"GlareOne Namiot bezcieniowy 80 cm\",\"breadcrumb\":{\"@id\":\"https:\/\/glareone.eu\/pl\/produkt\/glareone-namiot-bezcieniowy-80-cm\/#breadcrumb\"},\"inLanguage\":\"pl-PL\",\"potentialAction\":[{\"@type\":\"ReadAction\",\"target\":[\"https:\/\/glareone.eu\/pl\/produkt\/glareone-namiot-bezcieniowy-80-cm\/\"]}]},{\"@type\":\"ImageObject\",\"inLanguage\":\"pl-PL\",\"@id\":\"https:\/\/glareone.eu\/pl\/produkt\/glareone-namiot-bezcieniowy-80-cm\/#primaryimage\",\"url\":\"https:\/\/glareone.eu\/wp-content\/uploads\/2024\/04\/SLT80_001.jpg\",\"contentUrl\":\"https:\/\/glareone.eu\/wp-content\/uploads\/2024\/04\/SLT80_001.jpg\",\"width\":1000,\"height\":1000},{\"@type\":\"BreadcrumbList\",\"@id\":\"https:\/\/glareone.eu\/pl\/produkt\/glareone-namiot-bezcieniowy-80-cm\/#breadcrumb\",\"itemListElement\":[{\"@type\":\"ListItem\",\"position\":1,\"name\":\"Strona g\u0142\u00f3wna\",\"item\":\"https:\/\/glareone.eu\/pl\/\"},{\"@type\":\"ListItem\",\"position\":2,\"name\":\"Wszystkie produkty\",\"item\":\"https:\/\/glareone.eu\/pl\/produkty\/wszystkie-produkty\/\"},{\"@type\":\"ListItem\",\"position\":3,\"name\":\"GlareOne Namiot bezcieniowy 80 cm\"}]},{\"@type\":\"WebSite\",\"@id\":\"https:\/\/glareone.eu\/pl\/en\/#website\",\"url\":\"https:\/\/glareone.eu\/pl\/en\/\",\"name\":\"GlareOne\",\"description\":\"Wyposa\u017cenie Studia\",\"publisher\":{\"@id\":\"https:\/\/glareone.eu\/pl\/en\/#organization\"},\"potentialAction\":[{\"@type\":\"SearchAction\",\"target\":{\"@type\":\"EntryPoint\",\"urlTemplate\":\"https:\/\/glareone.eu\/pl\/en\/?s={search_term_string}\"},\"query-input\":{\"@type\":\"PropertyValueSpecification\",\"valueRequired\":true,\"valueName\":\"search_term_string\"}}],\"inLanguage\":\"pl-PL\"},{\"@type\":\"Organization\",\"@id\":\"https:\/\/glareone.eu\/pl\/en\/#organization\",\"name\":\"GlareOne\",\"url\":\"https:\/\/glareone.eu\/pl\/en\/\",\"logo\":{\"@type\":\"ImageObject\",\"inLanguage\":\"pl-PL\",\"@id\":\"https:\/\/glareone.eu\/pl\/en\/#\/schema\/logo\/image\/\",\"url\":\"http:\/\/glareone.eu\/wp-content\/uploads\/2024\/05\/glareone_logo2020_RGB-01-e1715773127189.png\",\"contentUrl\":\"http:\/\/glareone.eu\/wp-content\/uploads\/2024\/05\/glareone_logo2020_RGB-01-e1715773127189.png\",\"width\":1270,\"height\":321,\"caption\":\"GlareOne\"},\"image\":{\"@id\":\"https:\/\/glareone.eu\/pl\/en\/#\/schema\/logo\/image\/\"},\"sameAs\":[\"https:\/\/www.facebook.com\/GlareOneLighting\",\"https:\/\/www.instagram.com\/glareonelighting\/\",\"https:\/\/www.youtube.com\/@GlareOneTV\"]}]}<\/script>\n<!-- \/ Yoast SEO plugin. -->","yoast_head_json":{"title":"GlareOne Namiot bezcieniowy 80 cm","description":"GlareOne Namiot bezcieniowy 80 cm","robots":{"index":"index","follow":"follow","max-snippet":"max-snippet:-1","max-image-preview":"max-image-preview:large","max-video-preview":"max-video-preview:-1"},"canonical":"https:\/\/glareone.eu\/pl\/produkt\/glareone-namiot-bezcieniowy-80-cm\/","og_locale":"pl_PL","og_type":"article","og_title":"GlareOne Namiot bezcieniowy 80 cm","og_description":"GlareOne Namiot bezcieniowy 80 cm","og_url":"https:\/\/glareone.eu\/pl\/produkt\/glareone-namiot-bezcieniowy-80-cm\/","og_site_name":"GlareOne","article_publisher":"https:\/\/www.facebook.com\/GlareOneLighting","article_modified_time":"2024-05-07T06:45:58+00:00","og_image":[{"width":1000,"height":1000,"url":"https:\/\/glareone.eu\/wp-content\/uploads\/2024\/04\/SLT80_001.jpg","type":"image\/jpeg"}],"twitter_card":"summary_large_image","twitter_title":"GlareOne Namiot bezcieniowy 80 cm","twitter_misc":{"Szacowany czas czytania":"2 minuty"},"schema":{"@context":"https:\/\/schema.org","@graph":[{"@type":"WebPage","@id":"https:\/\/glareone.eu\/pl\/produkt\/glareone-namiot-bezcieniowy-80-cm\/","url":"https:\/\/glareone.eu\/pl\/produkt\/glareone-namiot-bezcieniowy-80-cm\/","name":"GlareOne Namiot bezcieniowy 80 cm","isPartOf":{"@id":"https:\/\/glareone.eu\/pl\/en\/#website"},"primaryImageOfPage":{"@id":"https:\/\/glareone.eu\/pl\/produkt\/glareone-namiot-bezcieniowy-80-cm\/#primaryimage"},"image":{"@id":"https:\/\/glareone.eu\/pl\/produkt\/glareone-namiot-bezcieniowy-80-cm\/#primaryimage"},"thumbnailUrl":"https:\/\/glareone.eu\/wp-content\/uploads\/2024\/04\/SLT80_001.jpg","datePublished":"2024-04-18T19:26:14+00:00","dateModified":"2024-05-07T06:45:58+00:00","description":"GlareOne Namiot bezcieniowy 80 cm","breadcrumb":{"@id":"https:\/\/glareone.eu\/pl\/produkt\/glareone-namiot-bezcieniowy-80-cm\/#breadcrumb"},"inLanguage":"pl-PL","potentialAction":[{"@type":"ReadAction","target":["https:\/\/glareone.eu\/pl\/produkt\/glareone-namiot-bezcieniowy-80-cm\/"]}]},{"@type":"ImageObject","inLanguage":"pl-PL","@id":"https:\/\/glareone.eu\/pl\/produkt\/glareone-namiot-bezcieniowy-80-cm\/#primaryimage","url":"https:\/\/glareone.eu\/wp-content\/uploads\/2024\/04\/SLT80_001.jpg","contentUrl":"https:\/\/glareone.eu\/wp-content\/uploads\/2024\/04\/SLT80_001.jpg","width":1000,"height":1000},{"@type":"BreadcrumbList","@id":"https:\/\/glareone.eu\/pl\/produkt\/glareone-namiot-bezcieniowy-80-cm\/#breadcrumb","itemListElement":[{"@type":"ListItem","position":1,"name":"Strona g\u0142\u00f3wna","item":"https:\/\/glareone.eu\/pl\/"},{"@type":"ListItem","position":2,"name":"Wszystkie produkty","item":"https:\/\/glareone.eu\/pl\/produkty\/wszystkie-produkty\/"},{"@type":"ListItem","position":3,"name":"GlareOne Namiot bezcieniowy 80 cm"}]},{"@type":"WebSite","@id":"https:\/\/glareone.eu\/pl\/en\/#website","url":"https:\/\/glareone.eu\/pl\/en\/","name":"GlareOne","description":"Wyposa\u017cenie Studia","publisher":{"@id":"https:\/\/glareone.eu\/pl\/en\/#organization"},"potentialAction":[{"@type":"SearchAction","target":{"@type":"EntryPoint","urlTemplate":"https:\/\/glareone.eu\/pl\/en\/?s={search_term_string}"},"query-input":{"@type":"PropertyValueSpecification","valueRequired":true,"valueName":"search_term_string"}}],"inLanguage":"pl-PL"},{"@type":"Organization","@id":"https:\/\/glareone.eu\/pl\/en\/#organization","name":"GlareOne","url":"https:\/\/glareone.eu\/pl\/en\/","logo":{"@type":"ImageObject","inLanguage":"pl-PL","@id":"https:\/\/glareone.eu\/pl\/en\/#\/schema\/logo\/image\/","url":"http:\/\/glareone.eu\/wp-content\/uploads\/2024\/05\/glareone_logo2020_RGB-01-e1715773127189.png","contentUrl":"http:\/\/glareone.eu\/wp-content\/uploads\/2024\/05\/glareone_logo2020_RGB-01-e1715773127189.png","width":1270,"height":321,"caption":"GlareOne"},"image":{"@id":"https:\/\/glareone.eu\/pl\/en\/#\/schema\/logo\/image\/"},"sameAs":["https:\/\/www.facebook.com\/GlareOneLighting","https:\/\/www.instagram.com\/glareonelighting\/","https:\/\/www.youtube.com\/@GlareOneTV"]}]}},"_links":{"self":[{"href":"https:\/\/glareone.eu\/pl\/wp-json\/wp\/v2\/product\/882","targetHints":{"allow":["GET"]}}],"collection":[{"href":"https:\/\/glareone.eu\/pl\/wp-json\/wp\/v2\/product"}],"about":[{"href":"https:\/\/glareone.eu\/pl\/wp-json\/wp\/v2\/types\/product"}],"wp:featuredmedia":[{"embeddable":true,"href":"https:\/\/glareone.eu\/pl\/wp-json\/wp\/v2\/media\/5791"}],"wp:attachment":[{"href":"https:\/\/glareone.eu\/pl\/wp-json\/wp\/v2\/media?parent=882"}],"wp:term":[{"taxonomy":"product_brand","embeddable":true,"href":"https:\/\/glareone.eu\/pl\/wp-json\/wp\/v2\/product_brand?post=882"},{"taxonomy":"product_cat","embeddable":true,"href":"https:\/\/glareone.eu\/pl\/wp-json\/wp\/v2\/product_cat?post=882"},{"taxonomy":"product_tag","embeddable":true,"href":"https:\/\/glareone.eu\/pl\/wp-json\/wp\/v2\/product_tag?post=882"}],"curies":[{"name":"wp","href":"https:\/\/api.w.org\/{rel}","templated":true}]}}