{"id":876,"date":"2024-04-18T19:26:14","date_gmt":"2024-04-18T19:26:14","guid":{"rendered":"http:\/\/glareone.eu\/produkt\/glareone-system-zawieszania-tla-z-pokrowcem-atelier-300x244cm\/"},"modified":"2024-05-10T10:50:10","modified_gmt":"2024-05-10T10:50:10","slug":"glareone-system-zawieszania-tla-z-pokrowcem-atelier-300x244cm","status":"publish","type":"product","link":"https:\/\/glareone.eu\/pl\/produkt\/glareone-system-zawieszania-tla-z-pokrowcem-atelier-300x244cm\/","title":{"rendered":"GlareOne System zawieszania t\u0142a z pokrowcem, Atelier 300x244cm"},"content":{"rendered":"<p>Sk\u0142adany system zawieszania t\u0142a, kt\u00f3ry umo\u017cliwia \u0142atwe i szybkie rozwieszenie t\u0142a fotograficznego lub wideo.<\/p>\n<p>System charakteryzuje si\u0119 prost\u0105 i intuicyjn\u0105 instalacj\u0105. Mo\u017cliwo\u015b\u0107 \u0142atwego monta\u017cu i roz\u0142o\u017cenia ca\u0142ego systemu na cz\u0119\u015bci sprawia, \u017ce system idealnie nadaje si\u0119 do sesji plenerowych, okazjonalnych i wsz\u0119dzie tam, gdzie nie mamy wiele miejsca na roz\u0142o\u017cone t\u0142o i u\u017cywamy go sporadycznie.<\/p>\n<p>Specjalna konstrukcja sk\u0142adanej belki poprzecznej pozwala na zestawienie jej w trzech r\u00f3\u017cnych opcjach szeroko\u015bci roboczej. Dzi\u0119ki temu zestaw b\u0119dzie przydatny zar\u00f3wno przy sesjach grupy os\u00f3b (szeroko\u015b\u0107 305 cm), jak i przy fotografii produktowej ma\u0142ych przedmiot\u00f3w (szeroko\u015b\u0107 155 cm).<\/p>\n<h3>System sk\u0142ada si\u0119 z:<\/h3>\n<ul>\n<li><strong>dw\u00f3ch statyw\u00f3w o\u015bwietleniowych<\/strong>, teleskopowych, zako\u0144czonych dokr\u0119canymi motylkami mocuj\u0105cymi,<\/li>\n<li><strong>belki poprzecznej sk\u0142adanej<\/strong> z 4 element\u00f3w, umo\u017cliwiaj\u0105cej z\u0142o\u017cenie na szeroko\u015bci: 155 cm, 230 cm lub 305 cm,<\/li>\n<li><strong>pokrowca transportowego<\/strong>, zapewniaj\u0105cego wygodne przenoszenie ca\u0142ego z\u0142o\u017conego zestawu.<\/li>\n<\/ul>\n","protected":false},"excerpt":{"rendered":"<p>Sk\u0142adany system zawieszania t\u0142a, kt\u00f3ry umo\u017cliwia \u0142atwe i szybkie rozwieszenie t\u0142a fotograficznego lub wideo. System charakteryzuje si\u0119 prost\u0105 i intuicyjn\u0105 instalacj\u0105. Mo\u017cliwo\u015b\u0107 \u0142atwego monta\u017cu i roz\u0142o\u017cenia ca\u0142ego systemu na cz\u0119\u015bci sprawia, \u017ce system idealnie nadaje si\u0119 do sesji plenerowych, okazjonalnych i wsz\u0119dzie tam, gdzie nie mamy wiele miejsca na roz\u0142o\u017cone t\u0142o i u\u017cywamy go sporadycznie. [&hellip;]<\/p>\n","protected":false},"featured_media":8141,"template":"","meta":[],"product_brand":[],"product_cat":[438],"product_tag":[],"class_list":{"0":"post-876","1":"product","2":"type-product","3":"status-publish","4":"has-post-thumbnail","6":"product_cat-systemy-zawieszania-tla","8":"first","9":"instock","10":"product-type-simple"},"yoast_head":"<!-- This site is optimized with the Yoast SEO plugin v27.2 - https:\/\/yoast.com\/product\/yoast-seo-wordpress\/ -->\n<title>GlareOne System zawieszania t\u0142a z pokrowcem, Atelier 300x244cm<\/title>\n<meta name=\"description\" content=\"GlareOne System zawieszania t\u0142a z pokrowcem, Atelier 300x244cm\" \/>\n<meta name=\"robots\" content=\"index, follow, max-snippet:-1, max-image-preview:large, max-video-preview:-1\" \/>\n<link rel=\"canonical\" href=\"https:\/\/glareone.eu\/pl\/produkt\/glareone-system-zawieszania-tla-z-pokrowcem-atelier-300x244cm\/\" \/>\n<meta property=\"og:locale\" content=\"pl_PL\" \/>\n<meta property=\"og:type\" content=\"article\" \/>\n<meta property=\"og:title\" content=\"GlareOne System zawieszania t\u0142a z pokrowcem, Atelier 300x244cm\" \/>\n<meta property=\"og:description\" content=\"GlareOne System zawieszania t\u0142a z pokrowcem, Atelier 300x244cm\" \/>\n<meta property=\"og:url\" content=\"https:\/\/glareone.eu\/pl\/produkt\/glareone-system-zawieszania-tla-z-pokrowcem-atelier-300x244cm\/\" \/>\n<meta property=\"og:site_name\" content=\"GlareOne\" \/>\n<meta property=\"article:publisher\" content=\"https:\/\/www.facebook.com\/GlareOneLighting\" \/>\n<meta property=\"article:modified_time\" content=\"2024-05-10T10:50:10+00:00\" \/>\n<meta property=\"og:image\" content=\"https:\/\/glareone.eu\/wp-content\/uploads\/2024\/04\/SBS300H244_001.jpg\" \/>\n\t<meta property=\"og:image:width\" content=\"1000\" \/>\n\t<meta property=\"og:image:height\" content=\"1000\" \/>\n\t<meta property=\"og:image:type\" content=\"image\/jpeg\" \/>\n<meta name=\"twitter:card\" content=\"summary_large_image\" \/>\n<meta name=\"twitter:title\" content=\"GlareOne System zawieszania t\u0142a z pokrowcem, Atelier 300x244cm\" \/>\n<meta name=\"twitter:label1\" content=\"Szacowany czas czytania\" \/>\n\t<meta name=\"twitter:data1\" content=\"1 minuta\" \/>\n<script type=\"application\/ld+json\" class=\"yoast-schema-graph\">{\"@context\":\"https:\/\/schema.org\",\"@graph\":[{\"@type\":\"WebPage\",\"@id\":\"https:\/\/glareone.eu\/pl\/produkt\/glareone-system-zawieszania-tla-z-pokrowcem-atelier-300x244cm\/\",\"url\":\"https:\/\/glareone.eu\/pl\/produkt\/glareone-system-zawieszania-tla-z-pokrowcem-atelier-300x244cm\/\",\"name\":\"GlareOne System zawieszania t\u0142a z pokrowcem, Atelier 300x244cm\",\"isPartOf\":{\"@id\":\"https:\/\/glareone.eu\/pl\/en\/#website\"},\"primaryImageOfPage\":{\"@id\":\"https:\/\/glareone.eu\/pl\/produkt\/glareone-system-zawieszania-tla-z-pokrowcem-atelier-300x244cm\/#primaryimage\"},\"image\":{\"@id\":\"https:\/\/glareone.eu\/pl\/produkt\/glareone-system-zawieszania-tla-z-pokrowcem-atelier-300x244cm\/#primaryimage\"},\"thumbnailUrl\":\"https:\/\/glareone.eu\/wp-content\/uploads\/2024\/04\/SBS300H244_001.jpg\",\"datePublished\":\"2024-04-18T19:26:14+00:00\",\"dateModified\":\"2024-05-10T10:50:10+00:00\",\"description\":\"GlareOne System zawieszania t\u0142a z pokrowcem, Atelier 300x244cm\",\"breadcrumb\":{\"@id\":\"https:\/\/glareone.eu\/pl\/produkt\/glareone-system-zawieszania-tla-z-pokrowcem-atelier-300x244cm\/#breadcrumb\"},\"inLanguage\":\"pl-PL\",\"potentialAction\":[{\"@type\":\"ReadAction\",\"target\":[\"https:\/\/glareone.eu\/pl\/produkt\/glareone-system-zawieszania-tla-z-pokrowcem-atelier-300x244cm\/\"]}]},{\"@type\":\"ImageObject\",\"inLanguage\":\"pl-PL\",\"@id\":\"https:\/\/glareone.eu\/pl\/produkt\/glareone-system-zawieszania-tla-z-pokrowcem-atelier-300x244cm\/#primaryimage\",\"url\":\"https:\/\/glareone.eu\/wp-content\/uploads\/2024\/04\/SBS300H244_001.jpg\",\"contentUrl\":\"https:\/\/glareone.eu\/wp-content\/uploads\/2024\/04\/SBS300H244_001.jpg\",\"width\":1000,\"height\":1000},{\"@type\":\"BreadcrumbList\",\"@id\":\"https:\/\/glareone.eu\/pl\/produkt\/glareone-system-zawieszania-tla-z-pokrowcem-atelier-300x244cm\/#breadcrumb\",\"itemListElement\":[{\"@type\":\"ListItem\",\"position\":1,\"name\":\"Strona g\u0142\u00f3wna\",\"item\":\"https:\/\/glareone.eu\/pl\/\"},{\"@type\":\"ListItem\",\"position\":2,\"name\":\"Wszystkie produkty\",\"item\":\"https:\/\/glareone.eu\/pl\/produkty\/wszystkie-produkty\/\"},{\"@type\":\"ListItem\",\"position\":3,\"name\":\"GlareOne System zawieszania t\u0142a z pokrowcem, Atelier 300x244cm\"}]},{\"@type\":\"WebSite\",\"@id\":\"https:\/\/glareone.eu\/pl\/en\/#website\",\"url\":\"https:\/\/glareone.eu\/pl\/en\/\",\"name\":\"GlareOne\",\"description\":\"Wyposa\u017cenie Studia\",\"publisher\":{\"@id\":\"https:\/\/glareone.eu\/pl\/en\/#organization\"},\"potentialAction\":[{\"@type\":\"SearchAction\",\"target\":{\"@type\":\"EntryPoint\",\"urlTemplate\":\"https:\/\/glareone.eu\/pl\/en\/?s={search_term_string}\"},\"query-input\":{\"@type\":\"PropertyValueSpecification\",\"valueRequired\":true,\"valueName\":\"search_term_string\"}}],\"inLanguage\":\"pl-PL\"},{\"@type\":\"Organization\",\"@id\":\"https:\/\/glareone.eu\/pl\/en\/#organization\",\"name\":\"GlareOne\",\"url\":\"https:\/\/glareone.eu\/pl\/en\/\",\"logo\":{\"@type\":\"ImageObject\",\"inLanguage\":\"pl-PL\",\"@id\":\"https:\/\/glareone.eu\/pl\/en\/#\/schema\/logo\/image\/\",\"url\":\"http:\/\/glareone.eu\/wp-content\/uploads\/2024\/05\/glareone_logo2020_RGB-01-e1715773127189.png\",\"contentUrl\":\"http:\/\/glareone.eu\/wp-content\/uploads\/2024\/05\/glareone_logo2020_RGB-01-e1715773127189.png\",\"width\":1270,\"height\":321,\"caption\":\"GlareOne\"},\"image\":{\"@id\":\"https:\/\/glareone.eu\/pl\/en\/#\/schema\/logo\/image\/\"},\"sameAs\":[\"https:\/\/www.facebook.com\/GlareOneLighting\",\"https:\/\/www.instagram.com\/glareonelighting\/\",\"https:\/\/www.youtube.com\/@GlareOneTV\"]}]}<\/script>\n<!-- \/ Yoast SEO plugin. -->","yoast_head_json":{"title":"GlareOne System zawieszania t\u0142a z pokrowcem, Atelier 300x244cm","description":"GlareOne System zawieszania t\u0142a z pokrowcem, Atelier 300x244cm","robots":{"index":"index","follow":"follow","max-snippet":"max-snippet:-1","max-image-preview":"max-image-preview:large","max-video-preview":"max-video-preview:-1"},"canonical":"https:\/\/glareone.eu\/pl\/produkt\/glareone-system-zawieszania-tla-z-pokrowcem-atelier-300x244cm\/","og_locale":"pl_PL","og_type":"article","og_title":"GlareOne System zawieszania t\u0142a z pokrowcem, Atelier 300x244cm","og_description":"GlareOne System zawieszania t\u0142a z pokrowcem, Atelier 300x244cm","og_url":"https:\/\/glareone.eu\/pl\/produkt\/glareone-system-zawieszania-tla-z-pokrowcem-atelier-300x244cm\/","og_site_name":"GlareOne","article_publisher":"https:\/\/www.facebook.com\/GlareOneLighting","article_modified_time":"2024-05-10T10:50:10+00:00","og_image":[{"width":1000,"height":1000,"url":"https:\/\/glareone.eu\/wp-content\/uploads\/2024\/04\/SBS300H244_001.jpg","type":"image\/jpeg"}],"twitter_card":"summary_large_image","twitter_title":"GlareOne System zawieszania t\u0142a z pokrowcem, Atelier 300x244cm","twitter_misc":{"Szacowany czas czytania":"1 minuta"},"schema":{"@context":"https:\/\/schema.org","@graph":[{"@type":"WebPage","@id":"https:\/\/glareone.eu\/pl\/produkt\/glareone-system-zawieszania-tla-z-pokrowcem-atelier-300x244cm\/","url":"https:\/\/glareone.eu\/pl\/produkt\/glareone-system-zawieszania-tla-z-pokrowcem-atelier-300x244cm\/","name":"GlareOne System zawieszania t\u0142a z pokrowcem, Atelier 300x244cm","isPartOf":{"@id":"https:\/\/glareone.eu\/pl\/en\/#website"},"primaryImageOfPage":{"@id":"https:\/\/glareone.eu\/pl\/produkt\/glareone-system-zawieszania-tla-z-pokrowcem-atelier-300x244cm\/#primaryimage"},"image":{"@id":"https:\/\/glareone.eu\/pl\/produkt\/glareone-system-zawieszania-tla-z-pokrowcem-atelier-300x244cm\/#primaryimage"},"thumbnailUrl":"https:\/\/glareone.eu\/wp-content\/uploads\/2024\/04\/SBS300H244_001.jpg","datePublished":"2024-04-18T19:26:14+00:00","dateModified":"2024-05-10T10:50:10+00:00","description":"GlareOne System zawieszania t\u0142a z pokrowcem, Atelier 300x244cm","breadcrumb":{"@id":"https:\/\/glareone.eu\/pl\/produkt\/glareone-system-zawieszania-tla-z-pokrowcem-atelier-300x244cm\/#breadcrumb"},"inLanguage":"pl-PL","potentialAction":[{"@type":"ReadAction","target":["https:\/\/glareone.eu\/pl\/produkt\/glareone-system-zawieszania-tla-z-pokrowcem-atelier-300x244cm\/"]}]},{"@type":"ImageObject","inLanguage":"pl-PL","@id":"https:\/\/glareone.eu\/pl\/produkt\/glareone-system-zawieszania-tla-z-pokrowcem-atelier-300x244cm\/#primaryimage","url":"https:\/\/glareone.eu\/wp-content\/uploads\/2024\/04\/SBS300H244_001.jpg","contentUrl":"https:\/\/glareone.eu\/wp-content\/uploads\/2024\/04\/SBS300H244_001.jpg","width":1000,"height":1000},{"@type":"BreadcrumbList","@id":"https:\/\/glareone.eu\/pl\/produkt\/glareone-system-zawieszania-tla-z-pokrowcem-atelier-300x244cm\/#breadcrumb","itemListElement":[{"@type":"ListItem","position":1,"name":"Strona g\u0142\u00f3wna","item":"https:\/\/glareone.eu\/pl\/"},{"@type":"ListItem","position":2,"name":"Wszystkie produkty","item":"https:\/\/glareone.eu\/pl\/produkty\/wszystkie-produkty\/"},{"@type":"ListItem","position":3,"name":"GlareOne System zawieszania t\u0142a z pokrowcem, Atelier 300x244cm"}]},{"@type":"WebSite","@id":"https:\/\/glareone.eu\/pl\/en\/#website","url":"https:\/\/glareone.eu\/pl\/en\/","name":"GlareOne","description":"Wyposa\u017cenie Studia","publisher":{"@id":"https:\/\/glareone.eu\/pl\/en\/#organization"},"potentialAction":[{"@type":"SearchAction","target":{"@type":"EntryPoint","urlTemplate":"https:\/\/glareone.eu\/pl\/en\/?s={search_term_string}"},"query-input":{"@type":"PropertyValueSpecification","valueRequired":true,"valueName":"search_term_string"}}],"inLanguage":"pl-PL"},{"@type":"Organization","@id":"https:\/\/glareone.eu\/pl\/en\/#organization","name":"GlareOne","url":"https:\/\/glareone.eu\/pl\/en\/","logo":{"@type":"ImageObject","inLanguage":"pl-PL","@id":"https:\/\/glareone.eu\/pl\/en\/#\/schema\/logo\/image\/","url":"http:\/\/glareone.eu\/wp-content\/uploads\/2024\/05\/glareone_logo2020_RGB-01-e1715773127189.png","contentUrl":"http:\/\/glareone.eu\/wp-content\/uploads\/2024\/05\/glareone_logo2020_RGB-01-e1715773127189.png","width":1270,"height":321,"caption":"GlareOne"},"image":{"@id":"https:\/\/glareone.eu\/pl\/en\/#\/schema\/logo\/image\/"},"sameAs":["https:\/\/www.facebook.com\/GlareOneLighting","https:\/\/www.instagram.com\/glareonelighting\/","https:\/\/www.youtube.com\/@GlareOneTV"]}]}},"_links":{"self":[{"href":"https:\/\/glareone.eu\/pl\/wp-json\/wp\/v2\/product\/876","targetHints":{"allow":["GET"]}}],"collection":[{"href":"https:\/\/glareone.eu\/pl\/wp-json\/wp\/v2\/product"}],"about":[{"href":"https:\/\/glareone.eu\/pl\/wp-json\/wp\/v2\/types\/product"}],"wp:featuredmedia":[{"embeddable":true,"href":"https:\/\/glareone.eu\/pl\/wp-json\/wp\/v2\/media\/8141"}],"wp:attachment":[{"href":"https:\/\/glareone.eu\/pl\/wp-json\/wp\/v2\/media?parent=876"}],"wp:term":[{"taxonomy":"product_brand","embeddable":true,"href":"https:\/\/glareone.eu\/pl\/wp-json\/wp\/v2\/product_brand?post=876"},{"taxonomy":"product_cat","embeddable":true,"href":"https:\/\/glareone.eu\/pl\/wp-json\/wp\/v2\/product_cat?post=876"},{"taxonomy":"product_tag","embeddable":true,"href":"https:\/\/glareone.eu\/pl\/wp-json\/wp\/v2\/product_tag?post=876"}],"curies":[{"name":"wp","href":"https:\/\/api.w.org\/{rel}","templated":true}]}}