{"id":874,"date":"2024-04-18T19:26:14","date_gmt":"2024-04-18T19:26:14","guid":{"rendered":"http:\/\/glareone.eu\/produkt\/glareone-uchwyt-na-lampe-reporterska-pionowy-mocowanie-bowens\/"},"modified":"2024-05-13T10:11:18","modified_gmt":"2024-05-13T10:11:18","slug":"glareone-uchwyt-na-lampe-reporterska-pionowy-mocowanie-bowens","status":"publish","type":"product","link":"https:\/\/glareone.eu\/pl\/produkt\/glareone-uchwyt-na-lampe-reporterska-pionowy-mocowanie-bowens\/","title":{"rendered":"GlareOne Uchwyt na lamp\u0119 reportersk\u0105 &#8211; pionowy, mocowanie Bowens"},"content":{"rendered":"<p>Uchwyt GlareOne do lamp reporterskich. Pozwala stosowa\u0107 z lampami reporterskimi takie modyfikatory \u015bwia\u0142a, jak czasze oraz softboxy z mocowaniem Bowens.<\/p>\n<p>Solidna metalowa konstrukcja utrzyma nawet du\u017ce modyfikatory typu beauty dish 70 cm lub softbox oktagonalny 90 cm.<\/p>\n<p>Lampa reporterska montowana jest na zaciskanych sankach. K\u0105t nachylenia w zakresie -15\u00b0 do +90\u00b0 blokowany solidn\u0105 \u015brub\u0105. Regulacja po\u0142o\u017cenia lampy reporterskiej zar\u00f3wno w pionie, jak i w poziomie pozwala na stosowanie prawie ka\u017cdej lampy reporterskiej wyposa\u017conej w stopk\u0119 ISO.<\/p>\n<p>Lampy ze stopkami w standardzie Sony\/Minolta nie b\u0119d\u0105 pasowa\u0142y.<\/p>\n<p>Znajduj\u0105cy si\u0119 w komplecie adapter z gwintami 3\/8&#8243; oraz 1\/4&#8243; pozwala na zamocowanie uchwytu nie tylko na statywach o\u015bwietleniowych, ale r\u00f3wnie\u017c na fotograficznych.<\/p>\n","protected":false},"excerpt":{"rendered":"<p>Uchwyt GlareOne do lamp reporterskich. Pozwala stosowa\u0107 z lampami reporterskimi takie modyfikatory \u015bwia\u0142a, jak czasze oraz softboxy z mocowaniem Bowens. Solidna metalowa konstrukcja utrzyma nawet du\u017ce modyfikatory typu beauty dish 70 cm lub softbox oktagonalny 90 cm. Lampa reporterska montowana jest na zaciskanych sankach. K\u0105t nachylenia w zakresie -15\u00b0 do +90\u00b0 blokowany solidn\u0105 \u015brub\u0105. Regulacja [&hellip;]<\/p>\n","protected":false},"featured_media":8895,"template":"","meta":[],"product_brand":[],"product_cat":[442],"product_tag":[],"class_list":{"0":"post-874","1":"product","2":"type-product","3":"status-publish","4":"has-post-thumbnail","6":"product_cat-inne-akcesoria","8":"first","9":"instock","10":"product-type-simple"},"yoast_head":"<!-- This site is optimized with the Yoast SEO plugin v27.2 - https:\/\/yoast.com\/product\/yoast-seo-wordpress\/ -->\n<title>GlareOne Uchwyt na lamp\u0119 reportersk\u0105 - pionowy, mocowanie Bowens<\/title>\n<meta name=\"description\" content=\"GlareOne Uchwyt na lamp\u0119 reportersk\u0105 - pionowy, mocowanie Bowens\" \/>\n<meta name=\"robots\" content=\"index, follow, max-snippet:-1, max-image-preview:large, max-video-preview:-1\" \/>\n<link rel=\"canonical\" href=\"https:\/\/glareone.eu\/pl\/produkt\/glareone-uchwyt-na-lampe-reporterska-pionowy-mocowanie-bowens\/\" \/>\n<meta property=\"og:locale\" content=\"pl_PL\" \/>\n<meta property=\"og:type\" content=\"article\" \/>\n<meta property=\"og:title\" content=\"GlareOne Uchwyt na lamp\u0119 reportersk\u0105 - pionowy, mocowanie Bowens\" \/>\n<meta property=\"og:description\" content=\"GlareOne Uchwyt na lamp\u0119 reportersk\u0105 - pionowy, mocowanie Bowens\" \/>\n<meta property=\"og:url\" content=\"https:\/\/glareone.eu\/pl\/produkt\/glareone-uchwyt-na-lampe-reporterska-pionowy-mocowanie-bowens\/\" \/>\n<meta property=\"og:site_name\" content=\"GlareOne\" \/>\n<meta property=\"article:publisher\" content=\"https:\/\/www.facebook.com\/GlareOneLighting\" \/>\n<meta property=\"article:modified_time\" content=\"2024-05-13T10:11:18+00:00\" \/>\n<meta property=\"og:image\" content=\"https:\/\/glareone.eu\/wp-content\/uploads\/2024\/04\/SBBOW_001.jpg\" \/>\n\t<meta property=\"og:image:width\" content=\"1000\" \/>\n\t<meta property=\"og:image:height\" content=\"1000\" \/>\n\t<meta property=\"og:image:type\" content=\"image\/jpeg\" \/>\n<meta name=\"twitter:card\" content=\"summary_large_image\" \/>\n<meta name=\"twitter:title\" content=\"GlareOne Uchwyt na lamp\u0119 reportersk\u0105 - pionowy, mocowanie Bowens\" \/>\n<meta name=\"twitter:label1\" content=\"Szacowany czas czytania\" \/>\n\t<meta name=\"twitter:data1\" content=\"1 minuta\" \/>\n<script type=\"application\/ld+json\" class=\"yoast-schema-graph\">{\"@context\":\"https:\/\/schema.org\",\"@graph\":[{\"@type\":\"WebPage\",\"@id\":\"https:\/\/glareone.eu\/pl\/produkt\/glareone-uchwyt-na-lampe-reporterska-pionowy-mocowanie-bowens\/\",\"url\":\"https:\/\/glareone.eu\/pl\/produkt\/glareone-uchwyt-na-lampe-reporterska-pionowy-mocowanie-bowens\/\",\"name\":\"GlareOne Uchwyt na lamp\u0119 reportersk\u0105 - pionowy, mocowanie Bowens\",\"isPartOf\":{\"@id\":\"https:\/\/glareone.eu\/pl\/en\/#website\"},\"primaryImageOfPage\":{\"@id\":\"https:\/\/glareone.eu\/pl\/produkt\/glareone-uchwyt-na-lampe-reporterska-pionowy-mocowanie-bowens\/#primaryimage\"},\"image\":{\"@id\":\"https:\/\/glareone.eu\/pl\/produkt\/glareone-uchwyt-na-lampe-reporterska-pionowy-mocowanie-bowens\/#primaryimage\"},\"thumbnailUrl\":\"https:\/\/glareone.eu\/wp-content\/uploads\/2024\/04\/SBBOW_001.jpg\",\"datePublished\":\"2024-04-18T19:26:14+00:00\",\"dateModified\":\"2024-05-13T10:11:18+00:00\",\"description\":\"GlareOne Uchwyt na lamp\u0119 reportersk\u0105 - pionowy, mocowanie Bowens\",\"breadcrumb\":{\"@id\":\"https:\/\/glareone.eu\/pl\/produkt\/glareone-uchwyt-na-lampe-reporterska-pionowy-mocowanie-bowens\/#breadcrumb\"},\"inLanguage\":\"pl-PL\",\"potentialAction\":[{\"@type\":\"ReadAction\",\"target\":[\"https:\/\/glareone.eu\/pl\/produkt\/glareone-uchwyt-na-lampe-reporterska-pionowy-mocowanie-bowens\/\"]}]},{\"@type\":\"ImageObject\",\"inLanguage\":\"pl-PL\",\"@id\":\"https:\/\/glareone.eu\/pl\/produkt\/glareone-uchwyt-na-lampe-reporterska-pionowy-mocowanie-bowens\/#primaryimage\",\"url\":\"https:\/\/glareone.eu\/wp-content\/uploads\/2024\/04\/SBBOW_001.jpg\",\"contentUrl\":\"https:\/\/glareone.eu\/wp-content\/uploads\/2024\/04\/SBBOW_001.jpg\",\"width\":1000,\"height\":1000},{\"@type\":\"BreadcrumbList\",\"@id\":\"https:\/\/glareone.eu\/pl\/produkt\/glareone-uchwyt-na-lampe-reporterska-pionowy-mocowanie-bowens\/#breadcrumb\",\"itemListElement\":[{\"@type\":\"ListItem\",\"position\":1,\"name\":\"Strona g\u0142\u00f3wna\",\"item\":\"https:\/\/glareone.eu\/pl\/\"},{\"@type\":\"ListItem\",\"position\":2,\"name\":\"Wszystkie produkty\",\"item\":\"https:\/\/glareone.eu\/pl\/produkty\/wszystkie-produkty\/\"},{\"@type\":\"ListItem\",\"position\":3,\"name\":\"GlareOne Uchwyt na lamp\u0119 reportersk\u0105 &#8211; pionowy, mocowanie Bowens\"}]},{\"@type\":\"WebSite\",\"@id\":\"https:\/\/glareone.eu\/pl\/en\/#website\",\"url\":\"https:\/\/glareone.eu\/pl\/en\/\",\"name\":\"GlareOne\",\"description\":\"Wyposa\u017cenie Studia\",\"publisher\":{\"@id\":\"https:\/\/glareone.eu\/pl\/en\/#organization\"},\"potentialAction\":[{\"@type\":\"SearchAction\",\"target\":{\"@type\":\"EntryPoint\",\"urlTemplate\":\"https:\/\/glareone.eu\/pl\/en\/?s={search_term_string}\"},\"query-input\":{\"@type\":\"PropertyValueSpecification\",\"valueRequired\":true,\"valueName\":\"search_term_string\"}}],\"inLanguage\":\"pl-PL\"},{\"@type\":\"Organization\",\"@id\":\"https:\/\/glareone.eu\/pl\/en\/#organization\",\"name\":\"GlareOne\",\"url\":\"https:\/\/glareone.eu\/pl\/en\/\",\"logo\":{\"@type\":\"ImageObject\",\"inLanguage\":\"pl-PL\",\"@id\":\"https:\/\/glareone.eu\/pl\/en\/#\/schema\/logo\/image\/\",\"url\":\"http:\/\/glareone.eu\/wp-content\/uploads\/2024\/05\/glareone_logo2020_RGB-01-e1715773127189.png\",\"contentUrl\":\"http:\/\/glareone.eu\/wp-content\/uploads\/2024\/05\/glareone_logo2020_RGB-01-e1715773127189.png\",\"width\":1270,\"height\":321,\"caption\":\"GlareOne\"},\"image\":{\"@id\":\"https:\/\/glareone.eu\/pl\/en\/#\/schema\/logo\/image\/\"},\"sameAs\":[\"https:\/\/www.facebook.com\/GlareOneLighting\",\"https:\/\/www.instagram.com\/glareonelighting\/\",\"https:\/\/www.youtube.com\/@GlareOneTV\"]}]}<\/script>\n<!-- \/ Yoast SEO plugin. -->","yoast_head_json":{"title":"GlareOne Uchwyt na lamp\u0119 reportersk\u0105 - pionowy, mocowanie Bowens","description":"GlareOne Uchwyt na lamp\u0119 reportersk\u0105 - pionowy, mocowanie Bowens","robots":{"index":"index","follow":"follow","max-snippet":"max-snippet:-1","max-image-preview":"max-image-preview:large","max-video-preview":"max-video-preview:-1"},"canonical":"https:\/\/glareone.eu\/pl\/produkt\/glareone-uchwyt-na-lampe-reporterska-pionowy-mocowanie-bowens\/","og_locale":"pl_PL","og_type":"article","og_title":"GlareOne Uchwyt na lamp\u0119 reportersk\u0105 - pionowy, mocowanie Bowens","og_description":"GlareOne Uchwyt na lamp\u0119 reportersk\u0105 - pionowy, mocowanie Bowens","og_url":"https:\/\/glareone.eu\/pl\/produkt\/glareone-uchwyt-na-lampe-reporterska-pionowy-mocowanie-bowens\/","og_site_name":"GlareOne","article_publisher":"https:\/\/www.facebook.com\/GlareOneLighting","article_modified_time":"2024-05-13T10:11:18+00:00","og_image":[{"width":1000,"height":1000,"url":"https:\/\/glareone.eu\/wp-content\/uploads\/2024\/04\/SBBOW_001.jpg","type":"image\/jpeg"}],"twitter_card":"summary_large_image","twitter_title":"GlareOne Uchwyt na lamp\u0119 reportersk\u0105 - pionowy, mocowanie Bowens","twitter_misc":{"Szacowany czas czytania":"1 minuta"},"schema":{"@context":"https:\/\/schema.org","@graph":[{"@type":"WebPage","@id":"https:\/\/glareone.eu\/pl\/produkt\/glareone-uchwyt-na-lampe-reporterska-pionowy-mocowanie-bowens\/","url":"https:\/\/glareone.eu\/pl\/produkt\/glareone-uchwyt-na-lampe-reporterska-pionowy-mocowanie-bowens\/","name":"GlareOne Uchwyt na lamp\u0119 reportersk\u0105 - pionowy, mocowanie Bowens","isPartOf":{"@id":"https:\/\/glareone.eu\/pl\/en\/#website"},"primaryImageOfPage":{"@id":"https:\/\/glareone.eu\/pl\/produkt\/glareone-uchwyt-na-lampe-reporterska-pionowy-mocowanie-bowens\/#primaryimage"},"image":{"@id":"https:\/\/glareone.eu\/pl\/produkt\/glareone-uchwyt-na-lampe-reporterska-pionowy-mocowanie-bowens\/#primaryimage"},"thumbnailUrl":"https:\/\/glareone.eu\/wp-content\/uploads\/2024\/04\/SBBOW_001.jpg","datePublished":"2024-04-18T19:26:14+00:00","dateModified":"2024-05-13T10:11:18+00:00","description":"GlareOne Uchwyt na lamp\u0119 reportersk\u0105 - pionowy, mocowanie Bowens","breadcrumb":{"@id":"https:\/\/glareone.eu\/pl\/produkt\/glareone-uchwyt-na-lampe-reporterska-pionowy-mocowanie-bowens\/#breadcrumb"},"inLanguage":"pl-PL","potentialAction":[{"@type":"ReadAction","target":["https:\/\/glareone.eu\/pl\/produkt\/glareone-uchwyt-na-lampe-reporterska-pionowy-mocowanie-bowens\/"]}]},{"@type":"ImageObject","inLanguage":"pl-PL","@id":"https:\/\/glareone.eu\/pl\/produkt\/glareone-uchwyt-na-lampe-reporterska-pionowy-mocowanie-bowens\/#primaryimage","url":"https:\/\/glareone.eu\/wp-content\/uploads\/2024\/04\/SBBOW_001.jpg","contentUrl":"https:\/\/glareone.eu\/wp-content\/uploads\/2024\/04\/SBBOW_001.jpg","width":1000,"height":1000},{"@type":"BreadcrumbList","@id":"https:\/\/glareone.eu\/pl\/produkt\/glareone-uchwyt-na-lampe-reporterska-pionowy-mocowanie-bowens\/#breadcrumb","itemListElement":[{"@type":"ListItem","position":1,"name":"Strona g\u0142\u00f3wna","item":"https:\/\/glareone.eu\/pl\/"},{"@type":"ListItem","position":2,"name":"Wszystkie produkty","item":"https:\/\/glareone.eu\/pl\/produkty\/wszystkie-produkty\/"},{"@type":"ListItem","position":3,"name":"GlareOne Uchwyt na lamp\u0119 reportersk\u0105 &#8211; pionowy, mocowanie Bowens"}]},{"@type":"WebSite","@id":"https:\/\/glareone.eu\/pl\/en\/#website","url":"https:\/\/glareone.eu\/pl\/en\/","name":"GlareOne","description":"Wyposa\u017cenie Studia","publisher":{"@id":"https:\/\/glareone.eu\/pl\/en\/#organization"},"potentialAction":[{"@type":"SearchAction","target":{"@type":"EntryPoint","urlTemplate":"https:\/\/glareone.eu\/pl\/en\/?s={search_term_string}"},"query-input":{"@type":"PropertyValueSpecification","valueRequired":true,"valueName":"search_term_string"}}],"inLanguage":"pl-PL"},{"@type":"Organization","@id":"https:\/\/glareone.eu\/pl\/en\/#organization","name":"GlareOne","url":"https:\/\/glareone.eu\/pl\/en\/","logo":{"@type":"ImageObject","inLanguage":"pl-PL","@id":"https:\/\/glareone.eu\/pl\/en\/#\/schema\/logo\/image\/","url":"http:\/\/glareone.eu\/wp-content\/uploads\/2024\/05\/glareone_logo2020_RGB-01-e1715773127189.png","contentUrl":"http:\/\/glareone.eu\/wp-content\/uploads\/2024\/05\/glareone_logo2020_RGB-01-e1715773127189.png","width":1270,"height":321,"caption":"GlareOne"},"image":{"@id":"https:\/\/glareone.eu\/pl\/en\/#\/schema\/logo\/image\/"},"sameAs":["https:\/\/www.facebook.com\/GlareOneLighting","https:\/\/www.instagram.com\/glareonelighting\/","https:\/\/www.youtube.com\/@GlareOneTV"]}]}},"_links":{"self":[{"href":"https:\/\/glareone.eu\/pl\/wp-json\/wp\/v2\/product\/874","targetHints":{"allow":["GET"]}}],"collection":[{"href":"https:\/\/glareone.eu\/pl\/wp-json\/wp\/v2\/product"}],"about":[{"href":"https:\/\/glareone.eu\/pl\/wp-json\/wp\/v2\/types\/product"}],"wp:featuredmedia":[{"embeddable":true,"href":"https:\/\/glareone.eu\/pl\/wp-json\/wp\/v2\/media\/8895"}],"wp:attachment":[{"href":"https:\/\/glareone.eu\/pl\/wp-json\/wp\/v2\/media?parent=874"}],"wp:term":[{"taxonomy":"product_brand","embeddable":true,"href":"https:\/\/glareone.eu\/pl\/wp-json\/wp\/v2\/product_brand?post=874"},{"taxonomy":"product_cat","embeddable":true,"href":"https:\/\/glareone.eu\/pl\/wp-json\/wp\/v2\/product_cat?post=874"},{"taxonomy":"product_tag","embeddable":true,"href":"https:\/\/glareone.eu\/pl\/wp-json\/wp\/v2\/product_tag?post=874"}],"curies":[{"name":"wp","href":"https:\/\/api.w.org\/{rel}","templated":true}]}}