{"id":867,"date":"2024-04-18T19:26:11","date_gmt":"2024-04-18T19:26:11","guid":{"rendered":"http:\/\/glareone.eu\/produkt\/glareone-system-zawieszenia-tla-lancuszkowy-komplet-na-2-tla\/"},"modified":"2024-05-16T09:04:42","modified_gmt":"2024-05-16T09:04:42","slug":"glareone-system-zawieszenia-tla-lancuszkowy-komplet-na-2-tla","status":"publish","type":"product","link":"https:\/\/glareone.eu\/pl\/produkt\/glareone-system-zawieszenia-tla-lancuszkowy-komplet-na-2-tla\/","title":{"rendered":"GlareOne System zawieszenia t\u0142a &#8211; \u0142a\u0144cuszkowy, komplet na 2 t\u0142a"},"content":{"rendered":"<p>\u0141a\u0144cuszkowy system mocowania te\u0142 przeznaczony do monta\u017cu na \u015bcianie lub suficie. Dedykowany do wsp\u00f3\u0142pracy z t\u0142ami nawini\u0119tymi na tuleje kartonowe lub aluminiowe o \u015brednicy od 4,5 cm do 6,5 cm. Zestaw pozwala na zawieszenie jednego t\u0142a.<\/p>\n<p>To wygodne rozwi\u0105zanie, kt\u00f3re pozwala zaoszcz\u0119dzi\u0107 miejsce w studio.<\/p>\n<h3>Dowolna szeroko\u015b\u0107 te\u0142<\/h3>\n<p>\u0141a\u0144cuszkowy system pozwala na zamontowanie te\u0142 o dowolnej szeroko\u015bci. Umo\u017cliwiaj\u0105 to uchwyty monta\u017cowe, kt\u00f3re mo\u017cna zamocowa\u0107 w dowolnej odleg\u0142o\u015bci od siebie.<\/p>\n<h3>Jak zamontowa\u0107 t\u0142o na systemie \u0142a\u0144cuszkowym?<\/h3>\n<p>Do monta\u017cu t\u0142a na systemie s\u0142u\u017c\u0105 ekspandery rozporowe.<\/p>\n<p>Rozkr\u0119cone ekspandery wsuwa si\u0119 do \u015brodka tulei z t\u0142em i skr\u0119caj\u0105c, zwi\u0119ksza ich \u015brednic\u0119 do momentu zablokowania w tulei.<\/p>\n<p>W galerii produktu mo\u017cna znale\u017a\u0107 zdj\u0119cie pomocowe. <strong>Legenda obrazka<\/strong>:<\/p>\n<p><strong>A<\/strong> &#8211; regulacja rozporu ekspandera,<\/p>\n<p><strong>B<\/strong> &#8211; zakres regulacji zaczepu do haka,<\/p>\n<p><strong>C<\/strong> &#8211; wpust mocuj\u0105cy,<\/p>\n<p><strong>D<\/strong> &#8211; tuleja aluminiowa<\/p>\n<p>Ekspandery tworz\u0105 komplet mocowa\u0144 do hak\u00f3w. <strong>Lewy ekspander<\/strong> pozwala na dopasowanie szeroko\u015bci do zawieszonych ju\u017c hak\u00f3w w zakresie +\/-5 cm. Na <strong>prawym ekspanderze<\/strong> mocujemy \u0142a\u0144cuszek do regulacji d\u0142ugo\u015bci t\u0142a.<\/p>\n<p>Tak przygotowane t\u0142a z ekspanderami zak\u0142adamy na haki\/uchwyty monta\u017cowe, wcze\u015bniej przymocowane do \u015bciany lub sufitu. Na ko\u0142o z\u0119bate w prawym ekspanderze zak\u0142adamy do\u0142\u0105czony w komplecie \u0142a\u0144cuszek regulacyjny z obci\u0105\u017cnikiem zapewniaj\u0105cym jego prawid\u0142owe po\u0142o\u017cenie podczas pracy. Je\u015bli do za\u0142o\u017conych na uchwytach t\u0142ach jest utrudniony dost\u0119p, \u0142a\u0144cuszek mo\u017cna za\u0142o\u017cy\u0107 przed zamocowaniem t\u0142a na uchwycie.<\/p>\n<p>Prawid\u0142owo za\u0142o\u017cone t\u0142a z \u0142a\u0144cuszkami pozwalaj\u0105 podci\u0105ga\u0107 i opuszcza\u0107 wybrane t\u0142o do \u017c\u0105danych pozycji.<\/p>\n<h3>O czym nale\u017cy pami\u0119ta\u0107 przed monta\u017cem systemu:<\/h3>\n<ul>\n<li>prawid\u0142owe <strong>zaplanowanie rozstawu montowanych uchwyt\u00f3w<\/strong>\/hak\u00f3w na \u015bcianie\/suficie &#8211; musi by\u0107 mniej wi\u0119cej o 3 cm do 8 cm szersze od tulei z nawini\u0119tym t\u0142em &#8211; lewy ekspander pomaga zniwelowa\u0107 r\u00f3\u017cnic\u0119 5 cm w szeroko\u015bci pomi\u0119dzy t\u0142em z ekspanderami a uchwytem na\u015bciennym,<\/li>\n<li>prawid\u0142owe <strong>rozmieszczenie ekspander\u00f3w<\/strong> lewy, prawy. Tak, aby tylko po jednej stronie, np. prawej, wyst\u0119powa\u0142y ekspandery z regulacj\u0105 \u0142a\u0144cuszkow\u0105, a po przeciwnej ekspandery monta\u017cowe z mo\u017cliwo\u015bci\u0105 dopasowania szeroko\u015bci +\/- 5 cm.<\/li>\n<\/ul>\n<h3>Sugerowana kolejno\u015b\u0107 monta\u017cu:<\/h3>\n<ol>\n<li>Prawid\u0142owy monta\u017c ekspander\u00f3w rozporowych w tulei t\u0142a, wraz z monta\u017cem \u0142a\u0144cuszka i obci\u0105\u017cnika &#8211; tak, aby pocz\u0105tek i koniec cz\u0119\u015bci rozporowej znajdowa\u0142 si\u0119 wewn\u0105trz tulei.<\/li>\n<li>Zmierzenie szeroko\u015bci prawid\u0142owo zamocowanych ekspander\u00f3w w tulei.<\/li>\n<li>Zamocowanie hak\u00f3w\/uchwyt\u00f3w monta\u017cowych na \u015bcianie lub suficie w odleg\u0142o\u015bci pomi\u0119dzy uchwytami r\u00f3wnej szeroko\u015bci t\u0142a z ekspanderami + 4 cm.<\/li>\n<li>Za\u0142o\u017cenie kompletu t\u0142a z tulej\u0105 i ekspanderem na uchwyt\/hak po prawej stronie.<\/li>\n<li>Za\u0142o\u017cenie kompletu t\u0142a z tulej\u0105 i ekspanderem na uchwyt\/hak po lewej stronie, niweluj\u0105c wyst\u0119puj\u0105c\u0105 r\u00f3\u017cnic\u0119 regulacj\u0105 szeroko\u015bci na lewym ekspanderze.<\/li>\n<\/ol>\n<h3>W zestawie:<\/h3>\n<ul>\n<li>2 x metalowe \u015bcienne uchwyty monta\u017cowe na 1 ekspander ka\u017cdy<\/li>\n<li>Ko\u0142ki monta\u017cowe do uchwyt\u00f3w<\/li>\n<li>1 para ekspander\u00f3w do mocowania tulei do te\u0142: ekspander lewy i prawy, \u0142a\u0144cuszek, obci\u0105\u017cnik<\/li>\n<li>\u0142a\u0144cuszki regulacyjne<\/li>\n<\/ul>\n","protected":false},"excerpt":{"rendered":"<p>\u0141a\u0144cuszkowy system mocowania te\u0142 przeznaczony do monta\u017cu na \u015bcianie lub suficie. Dedykowany do wsp\u00f3\u0142pracy z t\u0142ami nawini\u0119tymi na tuleje kartonowe lub aluminiowe o \u015brednicy od 4,5 cm do 6,5 cm. Zestaw pozwala na zawieszenie jednego t\u0142a. To wygodne rozwi\u0105zanie, kt\u00f3re pozwala zaoszcz\u0119dzi\u0107 miejsce w studio. Dowolna szeroko\u015b\u0107 te\u0142 \u0141a\u0144cuszkowy system pozwala na zamontowanie te\u0142 o [&hellip;]<\/p>\n","protected":false},"featured_media":8160,"template":"","meta":[],"product_brand":[],"product_cat":[438],"product_tag":[],"class_list":{"0":"post-867","1":"product","2":"type-product","3":"status-publish","4":"has-post-thumbnail","6":"product_cat-systemy-zawieszania-tla","8":"first","9":"instock","10":"product-type-simple"},"yoast_head":"<!-- This site is optimized with the Yoast SEO plugin v27.2 - https:\/\/yoast.com\/product\/yoast-seo-wordpress\/ -->\n<title>GlareOne System zawieszenia t\u0142a - \u0142a\u0144cuszkowy, komplet na 2 t\u0142a<\/title>\n<meta name=\"description\" content=\"GlareOne System zawieszenia t\u0142a - \u0142a\u0144cuszkowy, komplet na 2 t\u0142a\" \/>\n<meta name=\"robots\" content=\"index, follow, max-snippet:-1, max-image-preview:large, max-video-preview:-1\" \/>\n<link rel=\"canonical\" href=\"https:\/\/glareone.eu\/pl\/produkt\/glareone-system-zawieszenia-tla-lancuszkowy-komplet-na-2-tla\/\" \/>\n<meta property=\"og:locale\" content=\"pl_PL\" \/>\n<meta property=\"og:type\" content=\"article\" \/>\n<meta property=\"og:title\" content=\"GlareOne System zawieszenia t\u0142a - \u0142a\u0144cuszkowy, komplet na 2 t\u0142a\" \/>\n<meta property=\"og:description\" content=\"GlareOne System zawieszenia t\u0142a - \u0142a\u0144cuszkowy, komplet na 2 t\u0142a\" \/>\n<meta property=\"og:url\" content=\"https:\/\/glareone.eu\/pl\/produkt\/glareone-system-zawieszenia-tla-lancuszkowy-komplet-na-2-tla\/\" \/>\n<meta property=\"og:site_name\" content=\"GlareOne\" \/>\n<meta property=\"article:publisher\" content=\"https:\/\/www.facebook.com\/GlareOneLighting\" \/>\n<meta property=\"article:modified_time\" content=\"2024-05-16T09:04:42+00:00\" \/>\n<meta property=\"og:image\" content=\"https:\/\/glareone.eu\/wp-content\/uploads\/2024\/04\/SBRX2_001.jpg\" \/>\n\t<meta property=\"og:image:width\" content=\"1000\" \/>\n\t<meta property=\"og:image:height\" content=\"1000\" \/>\n\t<meta property=\"og:image:type\" content=\"image\/jpeg\" \/>\n<meta name=\"twitter:card\" content=\"summary_large_image\" \/>\n<meta name=\"twitter:title\" content=\"GlareOne System zawieszenia t\u0142a - \u0142a\u0144cuszkowy, komplet na 2 t\u0142a\" \/>\n<meta name=\"twitter:label1\" content=\"Szacowany czas czytania\" \/>\n\t<meta name=\"twitter:data1\" content=\"3 minuty\" \/>\n<script type=\"application\/ld+json\" class=\"yoast-schema-graph\">{\"@context\":\"https:\/\/schema.org\",\"@graph\":[{\"@type\":\"WebPage\",\"@id\":\"https:\/\/glareone.eu\/pl\/produkt\/glareone-system-zawieszenia-tla-lancuszkowy-komplet-na-2-tla\/\",\"url\":\"https:\/\/glareone.eu\/pl\/produkt\/glareone-system-zawieszenia-tla-lancuszkowy-komplet-na-2-tla\/\",\"name\":\"GlareOne System zawieszenia t\u0142a - \u0142a\u0144cuszkowy, komplet na 2 t\u0142a\",\"isPartOf\":{\"@id\":\"https:\/\/glareone.eu\/pl\/en\/#website\"},\"primaryImageOfPage\":{\"@id\":\"https:\/\/glareone.eu\/pl\/produkt\/glareone-system-zawieszenia-tla-lancuszkowy-komplet-na-2-tla\/#primaryimage\"},\"image\":{\"@id\":\"https:\/\/glareone.eu\/pl\/produkt\/glareone-system-zawieszenia-tla-lancuszkowy-komplet-na-2-tla\/#primaryimage\"},\"thumbnailUrl\":\"https:\/\/glareone.eu\/wp-content\/uploads\/2024\/04\/SBRX2_001.jpg\",\"datePublished\":\"2024-04-18T19:26:11+00:00\",\"dateModified\":\"2024-05-16T09:04:42+00:00\",\"description\":\"GlareOne System zawieszenia t\u0142a - \u0142a\u0144cuszkowy, komplet na 2 t\u0142a\",\"breadcrumb\":{\"@id\":\"https:\/\/glareone.eu\/pl\/produkt\/glareone-system-zawieszenia-tla-lancuszkowy-komplet-na-2-tla\/#breadcrumb\"},\"inLanguage\":\"pl-PL\",\"potentialAction\":[{\"@type\":\"ReadAction\",\"target\":[\"https:\/\/glareone.eu\/pl\/produkt\/glareone-system-zawieszenia-tla-lancuszkowy-komplet-na-2-tla\/\"]}]},{\"@type\":\"ImageObject\",\"inLanguage\":\"pl-PL\",\"@id\":\"https:\/\/glareone.eu\/pl\/produkt\/glareone-system-zawieszenia-tla-lancuszkowy-komplet-na-2-tla\/#primaryimage\",\"url\":\"https:\/\/glareone.eu\/wp-content\/uploads\/2024\/04\/SBRX2_001.jpg\",\"contentUrl\":\"https:\/\/glareone.eu\/wp-content\/uploads\/2024\/04\/SBRX2_001.jpg\",\"width\":1000,\"height\":1000},{\"@type\":\"BreadcrumbList\",\"@id\":\"https:\/\/glareone.eu\/pl\/produkt\/glareone-system-zawieszenia-tla-lancuszkowy-komplet-na-2-tla\/#breadcrumb\",\"itemListElement\":[{\"@type\":\"ListItem\",\"position\":1,\"name\":\"Strona g\u0142\u00f3wna\",\"item\":\"https:\/\/glareone.eu\/pl\/\"},{\"@type\":\"ListItem\",\"position\":2,\"name\":\"Wszystkie produkty\",\"item\":\"https:\/\/glareone.eu\/pl\/produkty\/wszystkie-produkty\/\"},{\"@type\":\"ListItem\",\"position\":3,\"name\":\"GlareOne System zawieszenia t\u0142a &#8211; \u0142a\u0144cuszkowy, komplet na 2 t\u0142a\"}]},{\"@type\":\"WebSite\",\"@id\":\"https:\/\/glareone.eu\/pl\/en\/#website\",\"url\":\"https:\/\/glareone.eu\/pl\/en\/\",\"name\":\"GlareOne\",\"description\":\"Wyposa\u017cenie Studia\",\"publisher\":{\"@id\":\"https:\/\/glareone.eu\/pl\/en\/#organization\"},\"potentialAction\":[{\"@type\":\"SearchAction\",\"target\":{\"@type\":\"EntryPoint\",\"urlTemplate\":\"https:\/\/glareone.eu\/pl\/en\/?s={search_term_string}\"},\"query-input\":{\"@type\":\"PropertyValueSpecification\",\"valueRequired\":true,\"valueName\":\"search_term_string\"}}],\"inLanguage\":\"pl-PL\"},{\"@type\":\"Organization\",\"@id\":\"https:\/\/glareone.eu\/pl\/en\/#organization\",\"name\":\"GlareOne\",\"url\":\"https:\/\/glareone.eu\/pl\/en\/\",\"logo\":{\"@type\":\"ImageObject\",\"inLanguage\":\"pl-PL\",\"@id\":\"https:\/\/glareone.eu\/pl\/en\/#\/schema\/logo\/image\/\",\"url\":\"http:\/\/glareone.eu\/wp-content\/uploads\/2024\/05\/glareone_logo2020_RGB-01-e1715773127189.png\",\"contentUrl\":\"http:\/\/glareone.eu\/wp-content\/uploads\/2024\/05\/glareone_logo2020_RGB-01-e1715773127189.png\",\"width\":1270,\"height\":321,\"caption\":\"GlareOne\"},\"image\":{\"@id\":\"https:\/\/glareone.eu\/pl\/en\/#\/schema\/logo\/image\/\"},\"sameAs\":[\"https:\/\/www.facebook.com\/GlareOneLighting\",\"https:\/\/www.instagram.com\/glareonelighting\/\",\"https:\/\/www.youtube.com\/@GlareOneTV\"]}]}<\/script>\n<!-- \/ Yoast SEO plugin. -->","yoast_head_json":{"title":"GlareOne System zawieszenia t\u0142a - \u0142a\u0144cuszkowy, komplet na 2 t\u0142a","description":"GlareOne System zawieszenia t\u0142a - \u0142a\u0144cuszkowy, komplet na 2 t\u0142a","robots":{"index":"index","follow":"follow","max-snippet":"max-snippet:-1","max-image-preview":"max-image-preview:large","max-video-preview":"max-video-preview:-1"},"canonical":"https:\/\/glareone.eu\/pl\/produkt\/glareone-system-zawieszenia-tla-lancuszkowy-komplet-na-2-tla\/","og_locale":"pl_PL","og_type":"article","og_title":"GlareOne System zawieszenia t\u0142a - \u0142a\u0144cuszkowy, komplet na 2 t\u0142a","og_description":"GlareOne System zawieszenia t\u0142a - \u0142a\u0144cuszkowy, komplet na 2 t\u0142a","og_url":"https:\/\/glareone.eu\/pl\/produkt\/glareone-system-zawieszenia-tla-lancuszkowy-komplet-na-2-tla\/","og_site_name":"GlareOne","article_publisher":"https:\/\/www.facebook.com\/GlareOneLighting","article_modified_time":"2024-05-16T09:04:42+00:00","og_image":[{"width":1000,"height":1000,"url":"https:\/\/glareone.eu\/wp-content\/uploads\/2024\/04\/SBRX2_001.jpg","type":"image\/jpeg"}],"twitter_card":"summary_large_image","twitter_title":"GlareOne System zawieszenia t\u0142a - \u0142a\u0144cuszkowy, komplet na 2 t\u0142a","twitter_misc":{"Szacowany czas czytania":"3 minuty"},"schema":{"@context":"https:\/\/schema.org","@graph":[{"@type":"WebPage","@id":"https:\/\/glareone.eu\/pl\/produkt\/glareone-system-zawieszenia-tla-lancuszkowy-komplet-na-2-tla\/","url":"https:\/\/glareone.eu\/pl\/produkt\/glareone-system-zawieszenia-tla-lancuszkowy-komplet-na-2-tla\/","name":"GlareOne System zawieszenia t\u0142a - \u0142a\u0144cuszkowy, komplet na 2 t\u0142a","isPartOf":{"@id":"https:\/\/glareone.eu\/pl\/en\/#website"},"primaryImageOfPage":{"@id":"https:\/\/glareone.eu\/pl\/produkt\/glareone-system-zawieszenia-tla-lancuszkowy-komplet-na-2-tla\/#primaryimage"},"image":{"@id":"https:\/\/glareone.eu\/pl\/produkt\/glareone-system-zawieszenia-tla-lancuszkowy-komplet-na-2-tla\/#primaryimage"},"thumbnailUrl":"https:\/\/glareone.eu\/wp-content\/uploads\/2024\/04\/SBRX2_001.jpg","datePublished":"2024-04-18T19:26:11+00:00","dateModified":"2024-05-16T09:04:42+00:00","description":"GlareOne System zawieszenia t\u0142a - \u0142a\u0144cuszkowy, komplet na 2 t\u0142a","breadcrumb":{"@id":"https:\/\/glareone.eu\/pl\/produkt\/glareone-system-zawieszenia-tla-lancuszkowy-komplet-na-2-tla\/#breadcrumb"},"inLanguage":"pl-PL","potentialAction":[{"@type":"ReadAction","target":["https:\/\/glareone.eu\/pl\/produkt\/glareone-system-zawieszenia-tla-lancuszkowy-komplet-na-2-tla\/"]}]},{"@type":"ImageObject","inLanguage":"pl-PL","@id":"https:\/\/glareone.eu\/pl\/produkt\/glareone-system-zawieszenia-tla-lancuszkowy-komplet-na-2-tla\/#primaryimage","url":"https:\/\/glareone.eu\/wp-content\/uploads\/2024\/04\/SBRX2_001.jpg","contentUrl":"https:\/\/glareone.eu\/wp-content\/uploads\/2024\/04\/SBRX2_001.jpg","width":1000,"height":1000},{"@type":"BreadcrumbList","@id":"https:\/\/glareone.eu\/pl\/produkt\/glareone-system-zawieszenia-tla-lancuszkowy-komplet-na-2-tla\/#breadcrumb","itemListElement":[{"@type":"ListItem","position":1,"name":"Strona g\u0142\u00f3wna","item":"https:\/\/glareone.eu\/pl\/"},{"@type":"ListItem","position":2,"name":"Wszystkie produkty","item":"https:\/\/glareone.eu\/pl\/produkty\/wszystkie-produkty\/"},{"@type":"ListItem","position":3,"name":"GlareOne System zawieszenia t\u0142a &#8211; \u0142a\u0144cuszkowy, komplet na 2 t\u0142a"}]},{"@type":"WebSite","@id":"https:\/\/glareone.eu\/pl\/en\/#website","url":"https:\/\/glareone.eu\/pl\/en\/","name":"GlareOne","description":"Wyposa\u017cenie Studia","publisher":{"@id":"https:\/\/glareone.eu\/pl\/en\/#organization"},"potentialAction":[{"@type":"SearchAction","target":{"@type":"EntryPoint","urlTemplate":"https:\/\/glareone.eu\/pl\/en\/?s={search_term_string}"},"query-input":{"@type":"PropertyValueSpecification","valueRequired":true,"valueName":"search_term_string"}}],"inLanguage":"pl-PL"},{"@type":"Organization","@id":"https:\/\/glareone.eu\/pl\/en\/#organization","name":"GlareOne","url":"https:\/\/glareone.eu\/pl\/en\/","logo":{"@type":"ImageObject","inLanguage":"pl-PL","@id":"https:\/\/glareone.eu\/pl\/en\/#\/schema\/logo\/image\/","url":"http:\/\/glareone.eu\/wp-content\/uploads\/2024\/05\/glareone_logo2020_RGB-01-e1715773127189.png","contentUrl":"http:\/\/glareone.eu\/wp-content\/uploads\/2024\/05\/glareone_logo2020_RGB-01-e1715773127189.png","width":1270,"height":321,"caption":"GlareOne"},"image":{"@id":"https:\/\/glareone.eu\/pl\/en\/#\/schema\/logo\/image\/"},"sameAs":["https:\/\/www.facebook.com\/GlareOneLighting","https:\/\/www.instagram.com\/glareonelighting\/","https:\/\/www.youtube.com\/@GlareOneTV"]}]}},"_links":{"self":[{"href":"https:\/\/glareone.eu\/pl\/wp-json\/wp\/v2\/product\/867","targetHints":{"allow":["GET"]}}],"collection":[{"href":"https:\/\/glareone.eu\/pl\/wp-json\/wp\/v2\/product"}],"about":[{"href":"https:\/\/glareone.eu\/pl\/wp-json\/wp\/v2\/types\/product"}],"wp:featuredmedia":[{"embeddable":true,"href":"https:\/\/glareone.eu\/pl\/wp-json\/wp\/v2\/media\/8160"}],"wp:attachment":[{"href":"https:\/\/glareone.eu\/pl\/wp-json\/wp\/v2\/media?parent=867"}],"wp:term":[{"taxonomy":"product_brand","embeddable":true,"href":"https:\/\/glareone.eu\/pl\/wp-json\/wp\/v2\/product_brand?post=867"},{"taxonomy":"product_cat","embeddable":true,"href":"https:\/\/glareone.eu\/pl\/wp-json\/wp\/v2\/product_cat?post=867"},{"taxonomy":"product_tag","embeddable":true,"href":"https:\/\/glareone.eu\/pl\/wp-json\/wp\/v2\/product_tag?post=867"}],"curies":[{"name":"wp","href":"https:\/\/api.w.org\/{rel}","templated":true}]}}