{"id":855,"date":"2024-04-18T19:26:11","date_gmt":"2024-04-18T19:26:11","guid":{"rendered":"http:\/\/glareone.eu\/produkt\/glareone-klips-plastikowy\/"},"modified":"2024-05-13T11:12:01","modified_gmt":"2024-05-13T11:12:01","slug":"glareone-klips-plastikowy","status":"publish","type":"product","link":"https:\/\/glareone.eu\/pl\/produkt\/glareone-klips-plastikowy\/","title":{"rendered":"GlareOne Klips plastikowy"},"content":{"rendered":"<p>Uniwersalny plastikowy klips fotograficzny GlareOne to niezb\u0119dny element ka\u017cdego studia fotograficznego. Dzi\u0119ki niemu zatrzymasz t\u0142o na swoim miejscu, przytrzymasz blend\u0119, zepniesz przewody oraz wiele innych rzeczy, kt\u00f3re zale\u017c\u0105 tylko od twojej inwencji.<\/p>\n<p>Niewielki rozmiar, pozwoli Ci zabra\u0107 klips ze sob\u0105 w plener by tam pomaga\u0142 Ci podczas sesji.<\/p>\n<p>Szeroko\u015b\u0107 szcz\u0119k: 2 cm<\/p>\n<p>Maksymalne rozwarcie: 3,5 cm<\/p>\n","protected":false},"excerpt":{"rendered":"<p>Uniwersalny plastikowy klips fotograficzny GlareOne to niezb\u0119dny element ka\u017cdego studia fotograficznego. Dzi\u0119ki niemu zatrzymasz t\u0142o na swoim miejscu, przytrzymasz blend\u0119, zepniesz przewody oraz wiele innych rzeczy, kt\u00f3re zale\u017c\u0105 tylko od twojej inwencji. Niewielki rozmiar, pozwoli Ci zabra\u0107 klips ze sob\u0105 w plener by tam pomaga\u0142 Ci podczas sesji. Szeroko\u015b\u0107 szcz\u0119k: 2 cm Maksymalne rozwarcie: 3,5 [&hellip;]<\/p>\n","protected":false},"featured_media":9165,"template":"","meta":[],"product_brand":[],"product_cat":[442],"product_tag":[],"class_list":{"0":"post-855","1":"product","2":"type-product","3":"status-publish","4":"has-post-thumbnail","6":"product_cat-inne-akcesoria","8":"first","9":"instock","10":"product-type-simple"},"yoast_head":"<!-- This site is optimized with the Yoast SEO plugin v27.4 - https:\/\/yoast.com\/product\/yoast-seo-wordpress\/ -->\n<title>GlareOne Klips plastikowy<\/title>\n<meta name=\"description\" content=\"GlareOne Klips plastikowy\" \/>\n<meta name=\"robots\" content=\"index, follow, max-snippet:-1, max-image-preview:large, max-video-preview:-1\" \/>\n<link rel=\"canonical\" href=\"https:\/\/glareone.eu\/pl\/produkt\/glareone-klips-plastikowy\/\" \/>\n<meta property=\"og:locale\" content=\"pl_PL\" \/>\n<meta property=\"og:type\" content=\"article\" \/>\n<meta property=\"og:title\" content=\"GlareOne Klips plastikowy\" \/>\n<meta property=\"og:description\" content=\"GlareOne Klips plastikowy\" \/>\n<meta property=\"og:url\" content=\"https:\/\/glareone.eu\/pl\/produkt\/glareone-klips-plastikowy\/\" \/>\n<meta property=\"og:site_name\" content=\"GlareOne\" \/>\n<meta property=\"article:publisher\" content=\"https:\/\/www.facebook.com\/GlareOneLighting\" \/>\n<meta property=\"article:modified_time\" content=\"2024-05-13T11:12:01+00:00\" \/>\n<meta property=\"og:image\" content=\"https:\/\/glareone.eu\/wp-content\/uploads\/2024\/04\/SPCLAMP_001.jpg\" \/>\n\t<meta property=\"og:image:width\" content=\"1000\" \/>\n\t<meta property=\"og:image:height\" content=\"1000\" \/>\n\t<meta property=\"og:image:type\" content=\"image\/jpeg\" \/>\n<meta name=\"twitter:card\" content=\"summary_large_image\" \/>\n<meta name=\"twitter:title\" content=\"GlareOne Klips plastikowy\" \/>\n<meta name=\"twitter:label1\" content=\"Szacowany czas czytania\" \/>\n\t<meta name=\"twitter:data1\" content=\"1 minuta\" \/>\n<script type=\"application\/ld+json\" class=\"yoast-schema-graph\">{\"@context\":\"https:\\\/\\\/schema.org\",\"@graph\":[{\"@type\":\"WebPage\",\"@id\":\"https:\\\/\\\/glareone.eu\\\/pl\\\/produkt\\\/glareone-klips-plastikowy\\\/\",\"url\":\"https:\\\/\\\/glareone.eu\\\/pl\\\/produkt\\\/glareone-klips-plastikowy\\\/\",\"name\":\"GlareOne Klips plastikowy\",\"isPartOf\":{\"@id\":\"https:\\\/\\\/glareone.eu\\\/pl\\\/en\\\/#website\"},\"primaryImageOfPage\":{\"@id\":\"https:\\\/\\\/glareone.eu\\\/pl\\\/produkt\\\/glareone-klips-plastikowy\\\/#primaryimage\"},\"image\":{\"@id\":\"https:\\\/\\\/glareone.eu\\\/pl\\\/produkt\\\/glareone-klips-plastikowy\\\/#primaryimage\"},\"thumbnailUrl\":\"https:\\\/\\\/glareone.eu\\\/wp-content\\\/uploads\\\/2024\\\/04\\\/SPCLAMP_001.jpg\",\"datePublished\":\"2024-04-18T19:26:11+00:00\",\"dateModified\":\"2024-05-13T11:12:01+00:00\",\"description\":\"GlareOne Klips plastikowy\",\"breadcrumb\":{\"@id\":\"https:\\\/\\\/glareone.eu\\\/pl\\\/produkt\\\/glareone-klips-plastikowy\\\/#breadcrumb\"},\"inLanguage\":\"pl-PL\",\"potentialAction\":[{\"@type\":\"ReadAction\",\"target\":[\"https:\\\/\\\/glareone.eu\\\/pl\\\/produkt\\\/glareone-klips-plastikowy\\\/\"]}]},{\"@type\":\"ImageObject\",\"inLanguage\":\"pl-PL\",\"@id\":\"https:\\\/\\\/glareone.eu\\\/pl\\\/produkt\\\/glareone-klips-plastikowy\\\/#primaryimage\",\"url\":\"https:\\\/\\\/glareone.eu\\\/wp-content\\\/uploads\\\/2024\\\/04\\\/SPCLAMP_001.jpg\",\"contentUrl\":\"https:\\\/\\\/glareone.eu\\\/wp-content\\\/uploads\\\/2024\\\/04\\\/SPCLAMP_001.jpg\",\"width\":1000,\"height\":1000},{\"@type\":\"BreadcrumbList\",\"@id\":\"https:\\\/\\\/glareone.eu\\\/pl\\\/produkt\\\/glareone-klips-plastikowy\\\/#breadcrumb\",\"itemListElement\":[{\"@type\":\"ListItem\",\"position\":1,\"name\":\"Strona g\u0142\u00f3wna\",\"item\":\"https:\\\/\\\/glareone.eu\\\/pl\\\/\"},{\"@type\":\"ListItem\",\"position\":2,\"name\":\"Wszystkie produkty\",\"item\":\"https:\\\/\\\/glareone.eu\\\/pl\\\/produkty\\\/wszystkie-produkty\\\/\"},{\"@type\":\"ListItem\",\"position\":3,\"name\":\"GlareOne Klips plastikowy\"}]},{\"@type\":\"WebSite\",\"@id\":\"https:\\\/\\\/glareone.eu\\\/pl\\\/en\\\/#website\",\"url\":\"https:\\\/\\\/glareone.eu\\\/pl\\\/en\\\/\",\"name\":\"GlareOne\",\"description\":\"Wyposa\u017cenie Studia\",\"publisher\":{\"@id\":\"https:\\\/\\\/glareone.eu\\\/pl\\\/en\\\/#organization\"},\"potentialAction\":[{\"@type\":\"SearchAction\",\"target\":{\"@type\":\"EntryPoint\",\"urlTemplate\":\"https:\\\/\\\/glareone.eu\\\/pl\\\/en\\\/?s={search_term_string}\"},\"query-input\":{\"@type\":\"PropertyValueSpecification\",\"valueRequired\":true,\"valueName\":\"search_term_string\"}}],\"inLanguage\":\"pl-PL\"},{\"@type\":\"Organization\",\"@id\":\"https:\\\/\\\/glareone.eu\\\/pl\\\/en\\\/#organization\",\"name\":\"GlareOne\",\"url\":\"https:\\\/\\\/glareone.eu\\\/pl\\\/en\\\/\",\"logo\":{\"@type\":\"ImageObject\",\"inLanguage\":\"pl-PL\",\"@id\":\"https:\\\/\\\/glareone.eu\\\/pl\\\/en\\\/#\\\/schema\\\/logo\\\/image\\\/\",\"url\":\"http:\\\/\\\/glareone.eu\\\/wp-content\\\/uploads\\\/2024\\\/05\\\/glareone_logo2020_RGB-01-e1715773127189.png\",\"contentUrl\":\"http:\\\/\\\/glareone.eu\\\/wp-content\\\/uploads\\\/2024\\\/05\\\/glareone_logo2020_RGB-01-e1715773127189.png\",\"width\":1270,\"height\":321,\"caption\":\"GlareOne\"},\"image\":{\"@id\":\"https:\\\/\\\/glareone.eu\\\/pl\\\/en\\\/#\\\/schema\\\/logo\\\/image\\\/\"},\"sameAs\":[\"https:\\\/\\\/www.facebook.com\\\/GlareOneLighting\",\"https:\\\/\\\/www.instagram.com\\\/glareonelighting\\\/\",\"https:\\\/\\\/www.youtube.com\\\/@GlareOneTV\"]}]}<\/script>\n<!-- \/ Yoast SEO plugin. -->","yoast_head_json":{"title":"GlareOne Klips plastikowy","description":"GlareOne Klips plastikowy","robots":{"index":"index","follow":"follow","max-snippet":"max-snippet:-1","max-image-preview":"max-image-preview:large","max-video-preview":"max-video-preview:-1"},"canonical":"https:\/\/glareone.eu\/pl\/produkt\/glareone-klips-plastikowy\/","og_locale":"pl_PL","og_type":"article","og_title":"GlareOne Klips plastikowy","og_description":"GlareOne Klips plastikowy","og_url":"https:\/\/glareone.eu\/pl\/produkt\/glareone-klips-plastikowy\/","og_site_name":"GlareOne","article_publisher":"https:\/\/www.facebook.com\/GlareOneLighting","article_modified_time":"2024-05-13T11:12:01+00:00","og_image":[{"width":1000,"height":1000,"url":"https:\/\/glareone.eu\/wp-content\/uploads\/2024\/04\/SPCLAMP_001.jpg","type":"image\/jpeg"}],"twitter_card":"summary_large_image","twitter_title":"GlareOne Klips plastikowy","twitter_misc":{"Szacowany czas czytania":"1 minuta"},"schema":{"@context":"https:\/\/schema.org","@graph":[{"@type":"WebPage","@id":"https:\/\/glareone.eu\/pl\/produkt\/glareone-klips-plastikowy\/","url":"https:\/\/glareone.eu\/pl\/produkt\/glareone-klips-plastikowy\/","name":"GlareOne Klips plastikowy","isPartOf":{"@id":"https:\/\/glareone.eu\/pl\/en\/#website"},"primaryImageOfPage":{"@id":"https:\/\/glareone.eu\/pl\/produkt\/glareone-klips-plastikowy\/#primaryimage"},"image":{"@id":"https:\/\/glareone.eu\/pl\/produkt\/glareone-klips-plastikowy\/#primaryimage"},"thumbnailUrl":"https:\/\/glareone.eu\/wp-content\/uploads\/2024\/04\/SPCLAMP_001.jpg","datePublished":"2024-04-18T19:26:11+00:00","dateModified":"2024-05-13T11:12:01+00:00","description":"GlareOne Klips plastikowy","breadcrumb":{"@id":"https:\/\/glareone.eu\/pl\/produkt\/glareone-klips-plastikowy\/#breadcrumb"},"inLanguage":"pl-PL","potentialAction":[{"@type":"ReadAction","target":["https:\/\/glareone.eu\/pl\/produkt\/glareone-klips-plastikowy\/"]}]},{"@type":"ImageObject","inLanguage":"pl-PL","@id":"https:\/\/glareone.eu\/pl\/produkt\/glareone-klips-plastikowy\/#primaryimage","url":"https:\/\/glareone.eu\/wp-content\/uploads\/2024\/04\/SPCLAMP_001.jpg","contentUrl":"https:\/\/glareone.eu\/wp-content\/uploads\/2024\/04\/SPCLAMP_001.jpg","width":1000,"height":1000},{"@type":"BreadcrumbList","@id":"https:\/\/glareone.eu\/pl\/produkt\/glareone-klips-plastikowy\/#breadcrumb","itemListElement":[{"@type":"ListItem","position":1,"name":"Strona g\u0142\u00f3wna","item":"https:\/\/glareone.eu\/pl\/"},{"@type":"ListItem","position":2,"name":"Wszystkie produkty","item":"https:\/\/glareone.eu\/pl\/produkty\/wszystkie-produkty\/"},{"@type":"ListItem","position":3,"name":"GlareOne Klips plastikowy"}]},{"@type":"WebSite","@id":"https:\/\/glareone.eu\/pl\/en\/#website","url":"https:\/\/glareone.eu\/pl\/en\/","name":"GlareOne","description":"Wyposa\u017cenie Studia","publisher":{"@id":"https:\/\/glareone.eu\/pl\/en\/#organization"},"potentialAction":[{"@type":"SearchAction","target":{"@type":"EntryPoint","urlTemplate":"https:\/\/glareone.eu\/pl\/en\/?s={search_term_string}"},"query-input":{"@type":"PropertyValueSpecification","valueRequired":true,"valueName":"search_term_string"}}],"inLanguage":"pl-PL"},{"@type":"Organization","@id":"https:\/\/glareone.eu\/pl\/en\/#organization","name":"GlareOne","url":"https:\/\/glareone.eu\/pl\/en\/","logo":{"@type":"ImageObject","inLanguage":"pl-PL","@id":"https:\/\/glareone.eu\/pl\/en\/#\/schema\/logo\/image\/","url":"http:\/\/glareone.eu\/wp-content\/uploads\/2024\/05\/glareone_logo2020_RGB-01-e1715773127189.png","contentUrl":"http:\/\/glareone.eu\/wp-content\/uploads\/2024\/05\/glareone_logo2020_RGB-01-e1715773127189.png","width":1270,"height":321,"caption":"GlareOne"},"image":{"@id":"https:\/\/glareone.eu\/pl\/en\/#\/schema\/logo\/image\/"},"sameAs":["https:\/\/www.facebook.com\/GlareOneLighting","https:\/\/www.instagram.com\/glareonelighting\/","https:\/\/www.youtube.com\/@GlareOneTV"]}]}},"_links":{"self":[{"href":"https:\/\/glareone.eu\/pl\/wp-json\/wp\/v2\/product\/855","targetHints":{"allow":["GET"]}}],"collection":[{"href":"https:\/\/glareone.eu\/pl\/wp-json\/wp\/v2\/product"}],"about":[{"href":"https:\/\/glareone.eu\/pl\/wp-json\/wp\/v2\/types\/product"}],"wp:featuredmedia":[{"embeddable":true,"href":"https:\/\/glareone.eu\/pl\/wp-json\/wp\/v2\/media\/9165"}],"wp:attachment":[{"href":"https:\/\/glareone.eu\/pl\/wp-json\/wp\/v2\/media?parent=855"}],"wp:term":[{"taxonomy":"product_brand","embeddable":true,"href":"https:\/\/glareone.eu\/pl\/wp-json\/wp\/v2\/product_brand?post=855"},{"taxonomy":"product_cat","embeddable":true,"href":"https:\/\/glareone.eu\/pl\/wp-json\/wp\/v2\/product_cat?post=855"},{"taxonomy":"product_tag","embeddable":true,"href":"https:\/\/glareone.eu\/pl\/wp-json\/wp\/v2\/product_tag?post=855"}],"curies":[{"name":"wp","href":"https:\/\/api.w.org\/{rel}","templated":true}]}}