{"id":849,"date":"2024-04-18T19:26:11","date_gmt":"2024-04-18T19:26:11","guid":{"rendered":"http:\/\/glareone.eu\/produkt\/glareone-poprzeczka-teleskopowa-114-300-cm\/"},"modified":"2024-05-10T12:10:29","modified_gmt":"2024-05-10T12:10:29","slug":"glareone-poprzeczka-teleskopowa-114-300-cm","status":"publish","type":"product","link":"https:\/\/glareone.eu\/pl\/produkt\/glareone-poprzeczka-teleskopowa-114-300-cm\/","title":{"rendered":"GlareOne Poprzeczka teleskopowa 114-300 cm"},"content":{"rendered":"<p>Teleskopowa belka poprzeczna do zawieszania te\u0142 o zakresie pracy 114 cm do 300 cm. Mocowanie na statywie o\u015bwietleniowym z trzpieniem 16 mm. Przeznaczona do zawieszenia t\u0142a fotograficznego o szeroko\u015bci maksymalnie 300 cm. Belka posiada trzy segmenty, z kt\u00f3rych ka\u017cdy mo\u017cna blokowa\u0107 na dowolnym wymiarze. Pozwala to na w\u0142a\u015bciwe dopasowanie szeroko\u015bci poprzeczki do t\u0142a lub ograniczonego miejsca na system zawieszania te\u0142.<\/p>\n<p>Belka wykonana jest z wysokiej jako\u015bci aluminium, dzi\u0119ki czemu \u0142\u0105czy stabilno\u015b\u0107, wytrzyma\u0142o\u015b\u0107 oraz mobilno\u015b\u0107 w jednym. Z\u0142o\u017cona nadaje si\u0119 do cz\u0119stego transportu, a teleskopowa konstrukcja pozwala bardzo \u0142atwo j\u0105 roz\u0142o\u017cy\u0107.<\/p>\n<p>Ka\u017cda z kraw\u0119dzi poprzeczki zako\u0144czona jest uchwytem z trzema otworami monta\u017cowymi o \u015brednicy 16 mm, ze \u015brub\u0105 dociskow\u0105. Dzi\u0119ki temu belk\u0119 mo\u017cna mocowa\u0107 od do\u0142u, od g\u00f3ry i z boku &#8211; od strony zewn\u0119trznej. Ten ostatni otw\u00f3r mocuj\u0105cy pozwala zamocowa\u0107 belk\u0119 na przyk\u0142ad na dw\u00f3ch uchwytach GlareOne Super Clamp, sprzedawanych oddzielnie.<\/p>\n","protected":false},"excerpt":{"rendered":"<p>Teleskopowa belka poprzeczna do zawieszania te\u0142 o zakresie pracy 114 cm do 300 cm. Mocowanie na statywie o\u015bwietleniowym z trzpieniem 16 mm. Przeznaczona do zawieszenia t\u0142a fotograficznego o szeroko\u015bci maksymalnie 300 cm. Belka posiada trzy segmenty, z kt\u00f3rych ka\u017cdy mo\u017cna blokowa\u0107 na dowolnym wymiarze. Pozwala to na w\u0142a\u015bciwe dopasowanie szeroko\u015bci poprzeczki do t\u0142a lub ograniczonego [&hellip;]<\/p>\n","protected":false},"featured_media":8278,"template":"","meta":[],"product_brand":[],"product_cat":[438],"product_tag":[],"class_list":{"0":"post-849","1":"product","2":"type-product","3":"status-publish","4":"has-post-thumbnail","6":"product_cat-systemy-zawieszania-tla","8":"first","9":"instock","10":"product-type-simple"},"yoast_head":"<!-- This site is optimized with the Yoast SEO plugin v27.2 - https:\/\/yoast.com\/product\/yoast-seo-wordpress\/ -->\n<title>GlareOne Poprzeczka teleskopowa 114-300 cm<\/title>\n<meta name=\"description\" content=\"GlareOne Poprzeczka teleskopowa 114-300 cm\" \/>\n<meta name=\"robots\" content=\"index, follow, max-snippet:-1, max-image-preview:large, max-video-preview:-1\" \/>\n<link rel=\"canonical\" href=\"https:\/\/glareone.eu\/pl\/produkt\/glareone-poprzeczka-teleskopowa-114-300-cm\/\" \/>\n<meta property=\"og:locale\" content=\"pl_PL\" \/>\n<meta property=\"og:type\" content=\"article\" \/>\n<meta property=\"og:title\" content=\"GlareOne Poprzeczka teleskopowa 114-300 cm\" \/>\n<meta property=\"og:description\" content=\"GlareOne Poprzeczka teleskopowa 114-300 cm\" \/>\n<meta property=\"og:url\" content=\"https:\/\/glareone.eu\/pl\/produkt\/glareone-poprzeczka-teleskopowa-114-300-cm\/\" \/>\n<meta property=\"og:site_name\" content=\"GlareOne\" \/>\n<meta property=\"article:publisher\" content=\"https:\/\/www.facebook.com\/GlareOneLighting\" \/>\n<meta property=\"article:modified_time\" content=\"2024-05-10T12:10:29+00:00\" \/>\n<meta property=\"og:image\" content=\"https:\/\/glareone.eu\/wp-content\/uploads\/2024\/04\/SCB300_002.jpg\" \/>\n\t<meta property=\"og:image:width\" content=\"1000\" \/>\n\t<meta property=\"og:image:height\" content=\"1000\" \/>\n\t<meta property=\"og:image:type\" content=\"image\/jpeg\" \/>\n<meta name=\"twitter:card\" content=\"summary_large_image\" \/>\n<meta name=\"twitter:title\" content=\"GlareOne Poprzeczka teleskopowa 114-300 cm\" \/>\n<meta name=\"twitter:label1\" content=\"Szacowany czas czytania\" \/>\n\t<meta name=\"twitter:data1\" content=\"1 minuta\" \/>\n<script type=\"application\/ld+json\" class=\"yoast-schema-graph\">{\"@context\":\"https:\/\/schema.org\",\"@graph\":[{\"@type\":\"WebPage\",\"@id\":\"https:\/\/glareone.eu\/pl\/produkt\/glareone-poprzeczka-teleskopowa-114-300-cm\/\",\"url\":\"https:\/\/glareone.eu\/pl\/produkt\/glareone-poprzeczka-teleskopowa-114-300-cm\/\",\"name\":\"GlareOne Poprzeczka teleskopowa 114-300 cm\",\"isPartOf\":{\"@id\":\"https:\/\/glareone.eu\/pl\/en\/#website\"},\"primaryImageOfPage\":{\"@id\":\"https:\/\/glareone.eu\/pl\/produkt\/glareone-poprzeczka-teleskopowa-114-300-cm\/#primaryimage\"},\"image\":{\"@id\":\"https:\/\/glareone.eu\/pl\/produkt\/glareone-poprzeczka-teleskopowa-114-300-cm\/#primaryimage\"},\"thumbnailUrl\":\"https:\/\/glareone.eu\/wp-content\/uploads\/2024\/04\/SCB300_002.jpg\",\"datePublished\":\"2024-04-18T19:26:11+00:00\",\"dateModified\":\"2024-05-10T12:10:29+00:00\",\"description\":\"GlareOne Poprzeczka teleskopowa 114-300 cm\",\"breadcrumb\":{\"@id\":\"https:\/\/glareone.eu\/pl\/produkt\/glareone-poprzeczka-teleskopowa-114-300-cm\/#breadcrumb\"},\"inLanguage\":\"pl-PL\",\"potentialAction\":[{\"@type\":\"ReadAction\",\"target\":[\"https:\/\/glareone.eu\/pl\/produkt\/glareone-poprzeczka-teleskopowa-114-300-cm\/\"]}]},{\"@type\":\"ImageObject\",\"inLanguage\":\"pl-PL\",\"@id\":\"https:\/\/glareone.eu\/pl\/produkt\/glareone-poprzeczka-teleskopowa-114-300-cm\/#primaryimage\",\"url\":\"https:\/\/glareone.eu\/wp-content\/uploads\/2024\/04\/SCB300_002.jpg\",\"contentUrl\":\"https:\/\/glareone.eu\/wp-content\/uploads\/2024\/04\/SCB300_002.jpg\",\"width\":1000,\"height\":1000},{\"@type\":\"BreadcrumbList\",\"@id\":\"https:\/\/glareone.eu\/pl\/produkt\/glareone-poprzeczka-teleskopowa-114-300-cm\/#breadcrumb\",\"itemListElement\":[{\"@type\":\"ListItem\",\"position\":1,\"name\":\"Strona g\u0142\u00f3wna\",\"item\":\"https:\/\/glareone.eu\/pl\/\"},{\"@type\":\"ListItem\",\"position\":2,\"name\":\"Wszystkie produkty\",\"item\":\"https:\/\/glareone.eu\/pl\/produkty\/wszystkie-produkty\/\"},{\"@type\":\"ListItem\",\"position\":3,\"name\":\"GlareOne Poprzeczka teleskopowa 114-300 cm\"}]},{\"@type\":\"WebSite\",\"@id\":\"https:\/\/glareone.eu\/pl\/en\/#website\",\"url\":\"https:\/\/glareone.eu\/pl\/en\/\",\"name\":\"GlareOne\",\"description\":\"Wyposa\u017cenie Studia\",\"publisher\":{\"@id\":\"https:\/\/glareone.eu\/pl\/en\/#organization\"},\"potentialAction\":[{\"@type\":\"SearchAction\",\"target\":{\"@type\":\"EntryPoint\",\"urlTemplate\":\"https:\/\/glareone.eu\/pl\/en\/?s={search_term_string}\"},\"query-input\":{\"@type\":\"PropertyValueSpecification\",\"valueRequired\":true,\"valueName\":\"search_term_string\"}}],\"inLanguage\":\"pl-PL\"},{\"@type\":\"Organization\",\"@id\":\"https:\/\/glareone.eu\/pl\/en\/#organization\",\"name\":\"GlareOne\",\"url\":\"https:\/\/glareone.eu\/pl\/en\/\",\"logo\":{\"@type\":\"ImageObject\",\"inLanguage\":\"pl-PL\",\"@id\":\"https:\/\/glareone.eu\/pl\/en\/#\/schema\/logo\/image\/\",\"url\":\"http:\/\/glareone.eu\/wp-content\/uploads\/2024\/05\/glareone_logo2020_RGB-01-e1715773127189.png\",\"contentUrl\":\"http:\/\/glareone.eu\/wp-content\/uploads\/2024\/05\/glareone_logo2020_RGB-01-e1715773127189.png\",\"width\":1270,\"height\":321,\"caption\":\"GlareOne\"},\"image\":{\"@id\":\"https:\/\/glareone.eu\/pl\/en\/#\/schema\/logo\/image\/\"},\"sameAs\":[\"https:\/\/www.facebook.com\/GlareOneLighting\",\"https:\/\/www.instagram.com\/glareonelighting\/\",\"https:\/\/www.youtube.com\/@GlareOneTV\"]}]}<\/script>\n<!-- \/ Yoast SEO plugin. -->","yoast_head_json":{"title":"GlareOne Poprzeczka teleskopowa 114-300 cm","description":"GlareOne Poprzeczka teleskopowa 114-300 cm","robots":{"index":"index","follow":"follow","max-snippet":"max-snippet:-1","max-image-preview":"max-image-preview:large","max-video-preview":"max-video-preview:-1"},"canonical":"https:\/\/glareone.eu\/pl\/produkt\/glareone-poprzeczka-teleskopowa-114-300-cm\/","og_locale":"pl_PL","og_type":"article","og_title":"GlareOne Poprzeczka teleskopowa 114-300 cm","og_description":"GlareOne Poprzeczka teleskopowa 114-300 cm","og_url":"https:\/\/glareone.eu\/pl\/produkt\/glareone-poprzeczka-teleskopowa-114-300-cm\/","og_site_name":"GlareOne","article_publisher":"https:\/\/www.facebook.com\/GlareOneLighting","article_modified_time":"2024-05-10T12:10:29+00:00","og_image":[{"width":1000,"height":1000,"url":"https:\/\/glareone.eu\/wp-content\/uploads\/2024\/04\/SCB300_002.jpg","type":"image\/jpeg"}],"twitter_card":"summary_large_image","twitter_title":"GlareOne Poprzeczka teleskopowa 114-300 cm","twitter_misc":{"Szacowany czas czytania":"1 minuta"},"schema":{"@context":"https:\/\/schema.org","@graph":[{"@type":"WebPage","@id":"https:\/\/glareone.eu\/pl\/produkt\/glareone-poprzeczka-teleskopowa-114-300-cm\/","url":"https:\/\/glareone.eu\/pl\/produkt\/glareone-poprzeczka-teleskopowa-114-300-cm\/","name":"GlareOne Poprzeczka teleskopowa 114-300 cm","isPartOf":{"@id":"https:\/\/glareone.eu\/pl\/en\/#website"},"primaryImageOfPage":{"@id":"https:\/\/glareone.eu\/pl\/produkt\/glareone-poprzeczka-teleskopowa-114-300-cm\/#primaryimage"},"image":{"@id":"https:\/\/glareone.eu\/pl\/produkt\/glareone-poprzeczka-teleskopowa-114-300-cm\/#primaryimage"},"thumbnailUrl":"https:\/\/glareone.eu\/wp-content\/uploads\/2024\/04\/SCB300_002.jpg","datePublished":"2024-04-18T19:26:11+00:00","dateModified":"2024-05-10T12:10:29+00:00","description":"GlareOne Poprzeczka teleskopowa 114-300 cm","breadcrumb":{"@id":"https:\/\/glareone.eu\/pl\/produkt\/glareone-poprzeczka-teleskopowa-114-300-cm\/#breadcrumb"},"inLanguage":"pl-PL","potentialAction":[{"@type":"ReadAction","target":["https:\/\/glareone.eu\/pl\/produkt\/glareone-poprzeczka-teleskopowa-114-300-cm\/"]}]},{"@type":"ImageObject","inLanguage":"pl-PL","@id":"https:\/\/glareone.eu\/pl\/produkt\/glareone-poprzeczka-teleskopowa-114-300-cm\/#primaryimage","url":"https:\/\/glareone.eu\/wp-content\/uploads\/2024\/04\/SCB300_002.jpg","contentUrl":"https:\/\/glareone.eu\/wp-content\/uploads\/2024\/04\/SCB300_002.jpg","width":1000,"height":1000},{"@type":"BreadcrumbList","@id":"https:\/\/glareone.eu\/pl\/produkt\/glareone-poprzeczka-teleskopowa-114-300-cm\/#breadcrumb","itemListElement":[{"@type":"ListItem","position":1,"name":"Strona g\u0142\u00f3wna","item":"https:\/\/glareone.eu\/pl\/"},{"@type":"ListItem","position":2,"name":"Wszystkie produkty","item":"https:\/\/glareone.eu\/pl\/produkty\/wszystkie-produkty\/"},{"@type":"ListItem","position":3,"name":"GlareOne Poprzeczka teleskopowa 114-300 cm"}]},{"@type":"WebSite","@id":"https:\/\/glareone.eu\/pl\/en\/#website","url":"https:\/\/glareone.eu\/pl\/en\/","name":"GlareOne","description":"Wyposa\u017cenie Studia","publisher":{"@id":"https:\/\/glareone.eu\/pl\/en\/#organization"},"potentialAction":[{"@type":"SearchAction","target":{"@type":"EntryPoint","urlTemplate":"https:\/\/glareone.eu\/pl\/en\/?s={search_term_string}"},"query-input":{"@type":"PropertyValueSpecification","valueRequired":true,"valueName":"search_term_string"}}],"inLanguage":"pl-PL"},{"@type":"Organization","@id":"https:\/\/glareone.eu\/pl\/en\/#organization","name":"GlareOne","url":"https:\/\/glareone.eu\/pl\/en\/","logo":{"@type":"ImageObject","inLanguage":"pl-PL","@id":"https:\/\/glareone.eu\/pl\/en\/#\/schema\/logo\/image\/","url":"http:\/\/glareone.eu\/wp-content\/uploads\/2024\/05\/glareone_logo2020_RGB-01-e1715773127189.png","contentUrl":"http:\/\/glareone.eu\/wp-content\/uploads\/2024\/05\/glareone_logo2020_RGB-01-e1715773127189.png","width":1270,"height":321,"caption":"GlareOne"},"image":{"@id":"https:\/\/glareone.eu\/pl\/en\/#\/schema\/logo\/image\/"},"sameAs":["https:\/\/www.facebook.com\/GlareOneLighting","https:\/\/www.instagram.com\/glareonelighting\/","https:\/\/www.youtube.com\/@GlareOneTV"]}]}},"_links":{"self":[{"href":"https:\/\/glareone.eu\/pl\/wp-json\/wp\/v2\/product\/849","targetHints":{"allow":["GET"]}}],"collection":[{"href":"https:\/\/glareone.eu\/pl\/wp-json\/wp\/v2\/product"}],"about":[{"href":"https:\/\/glareone.eu\/pl\/wp-json\/wp\/v2\/types\/product"}],"wp:featuredmedia":[{"embeddable":true,"href":"https:\/\/glareone.eu\/pl\/wp-json\/wp\/v2\/media\/8278"}],"wp:attachment":[{"href":"https:\/\/glareone.eu\/pl\/wp-json\/wp\/v2\/media?parent=849"}],"wp:term":[{"taxonomy":"product_brand","embeddable":true,"href":"https:\/\/glareone.eu\/pl\/wp-json\/wp\/v2\/product_brand?post=849"},{"taxonomy":"product_cat","embeddable":true,"href":"https:\/\/glareone.eu\/pl\/wp-json\/wp\/v2\/product_cat?post=849"},{"taxonomy":"product_tag","embeddable":true,"href":"https:\/\/glareone.eu\/pl\/wp-json\/wp\/v2\/product_tag?post=849"}],"curies":[{"name":"wp","href":"https:\/\/api.w.org\/{rel}","templated":true}]}}