{"id":24250,"date":"2026-03-12T11:01:21","date_gmt":"2026-03-12T11:01:21","guid":{"rendered":"https:\/\/glareone.eu\/?post_type=product&#038;p=24250"},"modified":"2026-03-12T11:54:48","modified_gmt":"2026-03-12T11:54:48","slug":"glareone-boom-arm-135-cm","status":"publish","type":"product","link":"https:\/\/glareone.eu\/pl\/produkt\/glareone-boom-arm-135-cm\/","title":{"rendered":"GlareOne Boom Arm 135 cm"},"content":{"rendered":"<p>Rami\u0119 boom o maksymalnej d\u0142ugo\u015bci 142 cm, przeznaczony do monta\u017cu o\u015bwietlenia nad fotografowanym obiektem. Znajduj\u0105cy si\u0119 w komplecie uchwyt typu ko\u0142owrotek umo\u017cliwia regulacje k\u0105ta nachylenia w zakresie 180\u00b0<\/p>\n<p>Ud\u017awig 1,5 kg pozwala na zamocowanie nad fotografowanym obiektem lekkich lamp (np: \u017car\u00f3wek fotograficznych).<br \/>\nRami\u0119 zako\u0144czone jest trzpieniem 16mm z gwintem 1\/4&#8243;. W komplecie znajduje si\u0119 te\u017c tekstylny worek kt\u00f3ry po nape\u0142nieniu (np piaskiem) s\u0142u\u017cy jako przeciwwaga dla zawieszonej lampy.<\/p>\n<h4>Zalety ramienia Boom GlareOne:<\/h4>\n<ul>\n<li>niezb\u0119dne w pracy studyjnej<\/li>\n<li>wykonane z wysokiej klasy lekkiego i odpornego na uszkodzenia mechaniczne aluminium<\/li>\n<li>fantastycznie sprawdzaj\u0105 si\u0119 we wsp\u00f3\u0142pracy ze sto\u0142ami bezcieniowymi, oprawkami o\u015bwietleniowymi, lampami b\u0142yskowymi<\/li>\n<li>niewielka masa i kompaktowe rozmiary po z\u0142o\u017ceniu czyni\u0105 z ramienia GlareOne bezproblemowych kompan\u00f3w nawet dalekich podr\u00f3\u017cy<\/li>\n<li>wyposa\u017cone w standardowy trzpie\u0144 16 mm z gwintem \u00bc cala<\/li>\n<\/ul>\n<h4>Specyfikacja:<\/h4>\n<ul>\n<li>liczba sekcji: 2<\/li>\n<li>\u015brednice sekcji: 25 mm, 22 mm<\/li>\n<li>szeroko\u015b\u0107 maksymalna: 142 cm<\/li>\n<li>szeroko\u015b\u0107 minimalna: 78 cm<\/li>\n<li>wielko\u015b\u0107 po z\u0142o\u017ceniu: 80 cm<\/li>\n<li>masa: 0,7 kg<\/li>\n<li>ud\u017awig: 1,5 kg<\/li>\n<li>mocowanie akcesori\u00f3w: trzpie\u0144 16mm z gwintem \u00bc cala<\/li>\n<\/ul>\n","protected":false},"excerpt":{"rendered":"<p>Rami\u0119 boom o maksymalnej d\u0142ugo\u015bci 142 cm, przeznaczony do monta\u017cu o\u015bwietlenia nad fotografowanym obiektem. Znajduj\u0105cy si\u0119 w komplecie uchwyt typu ko\u0142owrotek umo\u017cliwia regulacje k\u0105ta nachylenia w zakresie 180\u00b0 Ud\u017awig 1,5 kg pozwala na zamocowanie nad fotografowanym obiektem lekkich lamp (np: \u017car\u00f3wek fotograficznych). Rami\u0119 zako\u0144czone jest trzpieniem 16mm z gwintem 1\/4&#8243;. W komplecie znajduje si\u0119 te\u017c [&hellip;]<\/p>\n","protected":false},"featured_media":24255,"template":"","meta":[],"product_brand":[],"product_cat":[479],"product_tag":[],"class_list":{"0":"post-24250","1":"product","2":"type-product","3":"status-publish","4":"has-post-thumbnail","6":"product_cat-inne","8":"first","9":"instock","10":"shipping-taxable","11":"product-type-simple"},"yoast_head":"<!-- This site is optimized with the Yoast SEO plugin v27.2 - https:\/\/yoast.com\/product\/yoast-seo-wordpress\/ -->\n<title>GlareOne Boom Arm 135 cm - GlareOne<\/title>\n<meta name=\"robots\" content=\"index, follow, max-snippet:-1, max-image-preview:large, max-video-preview:-1\" \/>\n<link rel=\"canonical\" href=\"https:\/\/glareone.eu\/pl\/produkt\/glareone-boom-arm-135-cm\/\" \/>\n<meta property=\"og:locale\" content=\"pl_PL\" \/>\n<meta property=\"og:type\" content=\"article\" \/>\n<meta property=\"og:title\" content=\"GlareOne Boom Arm 135 cm - GlareOne\" \/>\n<meta property=\"og:description\" content=\"Rami\u0119 boom o maksymalnej d\u0142ugo\u015bci 142 cm, przeznaczony do monta\u017cu o\u015bwietlenia nad fotografowanym obiektem. Znajduj\u0105cy si\u0119 w komplecie uchwyt typu ko\u0142owrotek umo\u017cliwia regulacje k\u0105ta nachylenia w zakresie 180\u00b0 Ud\u017awig 1,5 kg pozwala na zamocowanie nad fotografowanym obiektem lekkich lamp (np: \u017car\u00f3wek fotograficznych). Rami\u0119 zako\u0144czone jest trzpieniem 16mm z gwintem 1\/4&#8243;. W komplecie znajduje si\u0119 te\u017c [&hellip;]\" \/>\n<meta property=\"og:url\" content=\"https:\/\/glareone.eu\/pl\/produkt\/glareone-boom-arm-135-cm\/\" \/>\n<meta property=\"og:site_name\" content=\"GlareOne\" \/>\n<meta property=\"article:publisher\" content=\"https:\/\/www.facebook.com\/GlareOneLighting\" \/>\n<meta property=\"article:modified_time\" content=\"2026-03-12T11:54:48+00:00\" \/>\n<meta property=\"og:image\" content=\"https:\/\/glareone.eu\/wp-content\/uploads\/2026\/03\/SBA135_01.jpg\" \/>\n\t<meta property=\"og:image:width\" content=\"1000\" \/>\n\t<meta property=\"og:image:height\" content=\"1000\" \/>\n\t<meta property=\"og:image:type\" content=\"image\/jpeg\" \/>\n<meta name=\"twitter:card\" content=\"summary_large_image\" \/>\n<meta name=\"twitter:label1\" content=\"Szacowany czas czytania\" \/>\n\t<meta name=\"twitter:data1\" content=\"1 minuta\" \/>\n<script type=\"application\/ld+json\" class=\"yoast-schema-graph\">{\"@context\":\"https:\/\/schema.org\",\"@graph\":[{\"@type\":\"WebPage\",\"@id\":\"https:\/\/glareone.eu\/pl\/produkt\/glareone-boom-arm-135-cm\/\",\"url\":\"https:\/\/glareone.eu\/pl\/produkt\/glareone-boom-arm-135-cm\/\",\"name\":\"GlareOne Boom Arm 135 cm - GlareOne\",\"isPartOf\":{\"@id\":\"https:\/\/glareone.eu\/pl\/en\/#website\"},\"primaryImageOfPage\":{\"@id\":\"https:\/\/glareone.eu\/pl\/produkt\/glareone-boom-arm-135-cm\/#primaryimage\"},\"image\":{\"@id\":\"https:\/\/glareone.eu\/pl\/produkt\/glareone-boom-arm-135-cm\/#primaryimage\"},\"thumbnailUrl\":\"https:\/\/glareone.eu\/wp-content\/uploads\/2026\/03\/SBA135_01.jpg\",\"datePublished\":\"2026-03-12T11:01:21+00:00\",\"dateModified\":\"2026-03-12T11:54:48+00:00\",\"breadcrumb\":{\"@id\":\"https:\/\/glareone.eu\/pl\/produkt\/glareone-boom-arm-135-cm\/#breadcrumb\"},\"inLanguage\":\"pl-PL\",\"potentialAction\":[{\"@type\":\"ReadAction\",\"target\":[\"https:\/\/glareone.eu\/pl\/produkt\/glareone-boom-arm-135-cm\/\"]}]},{\"@type\":\"ImageObject\",\"inLanguage\":\"pl-PL\",\"@id\":\"https:\/\/glareone.eu\/pl\/produkt\/glareone-boom-arm-135-cm\/#primaryimage\",\"url\":\"https:\/\/glareone.eu\/wp-content\/uploads\/2026\/03\/SBA135_01.jpg\",\"contentUrl\":\"https:\/\/glareone.eu\/wp-content\/uploads\/2026\/03\/SBA135_01.jpg\",\"width\":1000,\"height\":1000},{\"@type\":\"BreadcrumbList\",\"@id\":\"https:\/\/glareone.eu\/pl\/produkt\/glareone-boom-arm-135-cm\/#breadcrumb\",\"itemListElement\":[{\"@type\":\"ListItem\",\"position\":1,\"name\":\"Strona g\u0142\u00f3wna\",\"item\":\"https:\/\/glareone.eu\/pl\/\"},{\"@type\":\"ListItem\",\"position\":2,\"name\":\"Wszystkie produkty\",\"item\":\"https:\/\/glareone.eu\/pl\/produkty\/wszystkie-produkty\/\"},{\"@type\":\"ListItem\",\"position\":3,\"name\":\"GlareOne Boom Arm 135 cm\"}]},{\"@type\":\"WebSite\",\"@id\":\"https:\/\/glareone.eu\/pl\/en\/#website\",\"url\":\"https:\/\/glareone.eu\/pl\/en\/\",\"name\":\"GlareOne\",\"description\":\"Wyposa\u017cenie Studia\",\"publisher\":{\"@id\":\"https:\/\/glareone.eu\/pl\/en\/#organization\"},\"potentialAction\":[{\"@type\":\"SearchAction\",\"target\":{\"@type\":\"EntryPoint\",\"urlTemplate\":\"https:\/\/glareone.eu\/pl\/en\/?s={search_term_string}\"},\"query-input\":{\"@type\":\"PropertyValueSpecification\",\"valueRequired\":true,\"valueName\":\"search_term_string\"}}],\"inLanguage\":\"pl-PL\"},{\"@type\":\"Organization\",\"@id\":\"https:\/\/glareone.eu\/pl\/en\/#organization\",\"name\":\"GlareOne\",\"url\":\"https:\/\/glareone.eu\/pl\/en\/\",\"logo\":{\"@type\":\"ImageObject\",\"inLanguage\":\"pl-PL\",\"@id\":\"https:\/\/glareone.eu\/pl\/en\/#\/schema\/logo\/image\/\",\"url\":\"http:\/\/glareone.eu\/wp-content\/uploads\/2024\/05\/glareone_logo2020_RGB-01-e1715773127189.png\",\"contentUrl\":\"http:\/\/glareone.eu\/wp-content\/uploads\/2024\/05\/glareone_logo2020_RGB-01-e1715773127189.png\",\"width\":1270,\"height\":321,\"caption\":\"GlareOne\"},\"image\":{\"@id\":\"https:\/\/glareone.eu\/pl\/en\/#\/schema\/logo\/image\/\"},\"sameAs\":[\"https:\/\/www.facebook.com\/GlareOneLighting\",\"https:\/\/www.instagram.com\/glareonelighting\/\",\"https:\/\/www.youtube.com\/@GlareOneTV\"]}]}<\/script>\n<!-- \/ Yoast SEO plugin. -->","yoast_head_json":{"title":"GlareOne Boom Arm 135 cm - GlareOne","robots":{"index":"index","follow":"follow","max-snippet":"max-snippet:-1","max-image-preview":"max-image-preview:large","max-video-preview":"max-video-preview:-1"},"canonical":"https:\/\/glareone.eu\/pl\/produkt\/glareone-boom-arm-135-cm\/","og_locale":"pl_PL","og_type":"article","og_title":"GlareOne Boom Arm 135 cm - GlareOne","og_description":"Rami\u0119 boom o maksymalnej d\u0142ugo\u015bci 142 cm, przeznaczony do monta\u017cu o\u015bwietlenia nad fotografowanym obiektem. Znajduj\u0105cy si\u0119 w komplecie uchwyt typu ko\u0142owrotek umo\u017cliwia regulacje k\u0105ta nachylenia w zakresie 180\u00b0 Ud\u017awig 1,5 kg pozwala na zamocowanie nad fotografowanym obiektem lekkich lamp (np: \u017car\u00f3wek fotograficznych). Rami\u0119 zako\u0144czone jest trzpieniem 16mm z gwintem 1\/4&#8243;. W komplecie znajduje si\u0119 te\u017c [&hellip;]","og_url":"https:\/\/glareone.eu\/pl\/produkt\/glareone-boom-arm-135-cm\/","og_site_name":"GlareOne","article_publisher":"https:\/\/www.facebook.com\/GlareOneLighting","article_modified_time":"2026-03-12T11:54:48+00:00","og_image":[{"width":1000,"height":1000,"url":"https:\/\/glareone.eu\/wp-content\/uploads\/2026\/03\/SBA135_01.jpg","type":"image\/jpeg"}],"twitter_card":"summary_large_image","twitter_misc":{"Szacowany czas czytania":"1 minuta"},"schema":{"@context":"https:\/\/schema.org","@graph":[{"@type":"WebPage","@id":"https:\/\/glareone.eu\/pl\/produkt\/glareone-boom-arm-135-cm\/","url":"https:\/\/glareone.eu\/pl\/produkt\/glareone-boom-arm-135-cm\/","name":"GlareOne Boom Arm 135 cm - GlareOne","isPartOf":{"@id":"https:\/\/glareone.eu\/pl\/en\/#website"},"primaryImageOfPage":{"@id":"https:\/\/glareone.eu\/pl\/produkt\/glareone-boom-arm-135-cm\/#primaryimage"},"image":{"@id":"https:\/\/glareone.eu\/pl\/produkt\/glareone-boom-arm-135-cm\/#primaryimage"},"thumbnailUrl":"https:\/\/glareone.eu\/wp-content\/uploads\/2026\/03\/SBA135_01.jpg","datePublished":"2026-03-12T11:01:21+00:00","dateModified":"2026-03-12T11:54:48+00:00","breadcrumb":{"@id":"https:\/\/glareone.eu\/pl\/produkt\/glareone-boom-arm-135-cm\/#breadcrumb"},"inLanguage":"pl-PL","potentialAction":[{"@type":"ReadAction","target":["https:\/\/glareone.eu\/pl\/produkt\/glareone-boom-arm-135-cm\/"]}]},{"@type":"ImageObject","inLanguage":"pl-PL","@id":"https:\/\/glareone.eu\/pl\/produkt\/glareone-boom-arm-135-cm\/#primaryimage","url":"https:\/\/glareone.eu\/wp-content\/uploads\/2026\/03\/SBA135_01.jpg","contentUrl":"https:\/\/glareone.eu\/wp-content\/uploads\/2026\/03\/SBA135_01.jpg","width":1000,"height":1000},{"@type":"BreadcrumbList","@id":"https:\/\/glareone.eu\/pl\/produkt\/glareone-boom-arm-135-cm\/#breadcrumb","itemListElement":[{"@type":"ListItem","position":1,"name":"Strona g\u0142\u00f3wna","item":"https:\/\/glareone.eu\/pl\/"},{"@type":"ListItem","position":2,"name":"Wszystkie produkty","item":"https:\/\/glareone.eu\/pl\/produkty\/wszystkie-produkty\/"},{"@type":"ListItem","position":3,"name":"GlareOne Boom Arm 135 cm"}]},{"@type":"WebSite","@id":"https:\/\/glareone.eu\/pl\/en\/#website","url":"https:\/\/glareone.eu\/pl\/en\/","name":"GlareOne","description":"Wyposa\u017cenie Studia","publisher":{"@id":"https:\/\/glareone.eu\/pl\/en\/#organization"},"potentialAction":[{"@type":"SearchAction","target":{"@type":"EntryPoint","urlTemplate":"https:\/\/glareone.eu\/pl\/en\/?s={search_term_string}"},"query-input":{"@type":"PropertyValueSpecification","valueRequired":true,"valueName":"search_term_string"}}],"inLanguage":"pl-PL"},{"@type":"Organization","@id":"https:\/\/glareone.eu\/pl\/en\/#organization","name":"GlareOne","url":"https:\/\/glareone.eu\/pl\/en\/","logo":{"@type":"ImageObject","inLanguage":"pl-PL","@id":"https:\/\/glareone.eu\/pl\/en\/#\/schema\/logo\/image\/","url":"http:\/\/glareone.eu\/wp-content\/uploads\/2024\/05\/glareone_logo2020_RGB-01-e1715773127189.png","contentUrl":"http:\/\/glareone.eu\/wp-content\/uploads\/2024\/05\/glareone_logo2020_RGB-01-e1715773127189.png","width":1270,"height":321,"caption":"GlareOne"},"image":{"@id":"https:\/\/glareone.eu\/pl\/en\/#\/schema\/logo\/image\/"},"sameAs":["https:\/\/www.facebook.com\/GlareOneLighting","https:\/\/www.instagram.com\/glareonelighting\/","https:\/\/www.youtube.com\/@GlareOneTV"]}]}},"_links":{"self":[{"href":"https:\/\/glareone.eu\/pl\/wp-json\/wp\/v2\/product\/24250","targetHints":{"allow":["GET"]}}],"collection":[{"href":"https:\/\/glareone.eu\/pl\/wp-json\/wp\/v2\/product"}],"about":[{"href":"https:\/\/glareone.eu\/pl\/wp-json\/wp\/v2\/types\/product"}],"wp:featuredmedia":[{"embeddable":true,"href":"https:\/\/glareone.eu\/pl\/wp-json\/wp\/v2\/media\/24255"}],"wp:attachment":[{"href":"https:\/\/glareone.eu\/pl\/wp-json\/wp\/v2\/media?parent=24250"}],"wp:term":[{"taxonomy":"product_brand","embeddable":true,"href":"https:\/\/glareone.eu\/pl\/wp-json\/wp\/v2\/product_brand?post=24250"},{"taxonomy":"product_cat","embeddable":true,"href":"https:\/\/glareone.eu\/pl\/wp-json\/wp\/v2\/product_cat?post=24250"},{"taxonomy":"product_tag","embeddable":true,"href":"https:\/\/glareone.eu\/pl\/wp-json\/wp\/v2\/product_tag?post=24250"}],"curies":[{"name":"wp","href":"https:\/\/api.w.org\/{rel}","templated":true}]}}