{"id":23067,"date":"2025-12-12T10:51:46","date_gmt":"2025-12-12T10:51:46","guid":{"rendered":"https:\/\/glareone.eu\/?post_type=product&#038;p=23067"},"modified":"2025-12-15T09:00:47","modified_gmt":"2025-12-15T09:00:47","slug":"glareone-b400600bp-akumulator-do-lampy-botis-400-i-600-2","status":"publish","type":"product","link":"https:\/\/glareone.eu\/pl\/produkt\/glareone-b400600bp-akumulator-do-lampy-botis-400-i-600-2\/","title":{"rendered":"GlareOne B400600BP &#8211; akumulator do lampy BOTIS 400 i 600"},"content":{"rendered":"<p><span style=\"font-weight: 400;\">GlareOne B400600BP to akumulator litowo-jonowy zaprojektowany specjalnie dla lamp GlareOne Botis 400 oraz Botis 600.<\/span><\/p>\n<p><span style=\"font-weight: 400;\">Akumulator ma pojemno\u015b\u0107 2500 mAh i sta\u0142e napi\u0119cie 29.6 V. Wykorzystanie wysokiej jako\u015bci materia\u0142\u00f3w oraz ogniw zapewnia jego trwa\u0142o\u015b\u0107 i niezawodne dzia\u0142anie. Idealnie sprawdzi si\u0119 jako zapasowa bateria, umo\u017cliwiaj\u0105c d\u0142u\u017csz\u0105 prac\u0119 i wykonanie wi\u0119kszej liczby uj\u0119\u0107 z u\u017cyciem lamp b\u0142yskowych GlareOne Botis 400 i Botis 600.<\/span><\/p>\n<h4><b>Cechy:<\/b><\/h4>\n<ul>\n<li style=\"font-weight: 400;\" aria-level=\"1\"><span style=\"font-weight: 400;\">kompatybilny z GlareOne Botis 400 oraz Botis 600,<\/span><\/li>\n<li style=\"font-weight: 400;\" aria-level=\"1\"><span style=\"font-weight: 400;\">pozwala wykona\u0107 dodatkowe 500 b\u0142ysk\u00f3w na pe\u0142nej mocy w przypadku Botis 400 oraz 380 b\u0142ysk\u00f3w w przypadku Botis 600.<\/span><\/li>\n<\/ul>\n","protected":false},"excerpt":{"rendered":"<p>GlareOne B400600BP to akumulator litowo-jonowy zaprojektowany specjalnie dla lamp GlareOne Botis 400 oraz Botis 600. Akumulator ma pojemno\u015b\u0107 2500 mAh i sta\u0142e napi\u0119cie 29.6 V. Wykorzystanie wysokiej jako\u015bci materia\u0142\u00f3w oraz ogniw zapewnia jego trwa\u0142o\u015b\u0107 i niezawodne dzia\u0142anie. Idealnie sprawdzi si\u0119 jako zapasowa bateria, umo\u017cliwiaj\u0105c d\u0142u\u017csz\u0105 prac\u0119 i wykonanie wi\u0119kszej liczby uj\u0119\u0107 z u\u017cyciem lamp b\u0142yskowych [&hellip;]<\/p>\n","protected":false},"featured_media":23073,"template":"","meta":[],"product_brand":[],"product_cat":[522],"product_tag":[],"class_list":{"0":"post-23067","1":"product","2":"type-product","3":"status-publish","4":"has-post-thumbnail","6":"product_cat-lampy-blyskowe-akumulatorowe","8":"first","9":"instock","10":"shipping-taxable","11":"product-type-simple"},"yoast_head":"<!-- This site is optimized with the Yoast SEO plugin v27.2 - https:\/\/yoast.com\/product\/yoast-seo-wordpress\/ -->\n<title>GlareOne B400600BP - akumulator do lampy BOTIS 400 i 600 - GlareOne<\/title>\n<meta name=\"robots\" content=\"index, follow, max-snippet:-1, max-image-preview:large, max-video-preview:-1\" \/>\n<link rel=\"canonical\" href=\"https:\/\/glareone.eu\/pl\/produkt\/glareone-b400600bp-akumulator-do-lampy-botis-400-i-600-2\/\" \/>\n<meta property=\"og:locale\" content=\"pl_PL\" \/>\n<meta property=\"og:type\" content=\"article\" \/>\n<meta property=\"og:title\" content=\"GlareOne B400600BP - akumulator do lampy BOTIS 400 i 600 - GlareOne\" \/>\n<meta property=\"og:description\" content=\"GlareOne B400600BP to akumulator litowo-jonowy zaprojektowany specjalnie dla lamp GlareOne Botis 400 oraz Botis 600. Akumulator ma pojemno\u015b\u0107 2500 mAh i sta\u0142e napi\u0119cie 29.6 V. Wykorzystanie wysokiej jako\u015bci materia\u0142\u00f3w oraz ogniw zapewnia jego trwa\u0142o\u015b\u0107 i niezawodne dzia\u0142anie. Idealnie sprawdzi si\u0119 jako zapasowa bateria, umo\u017cliwiaj\u0105c d\u0142u\u017csz\u0105 prac\u0119 i wykonanie wi\u0119kszej liczby uj\u0119\u0107 z u\u017cyciem lamp b\u0142yskowych [&hellip;]\" \/>\n<meta property=\"og:url\" content=\"https:\/\/glareone.eu\/pl\/produkt\/glareone-b400600bp-akumulator-do-lampy-botis-400-i-600-2\/\" \/>\n<meta property=\"og:site_name\" content=\"GlareOne\" \/>\n<meta property=\"article:publisher\" content=\"https:\/\/www.facebook.com\/GlareOneLighting\" \/>\n<meta property=\"article:modified_time\" content=\"2025-12-15T09:00:47+00:00\" \/>\n<meta property=\"og:image\" content=\"https:\/\/glareone.eu\/wp-content\/uploads\/2025\/12\/SB400600BP_01-1.jpg\" \/>\n\t<meta property=\"og:image:width\" content=\"1200\" \/>\n\t<meta property=\"og:image:height\" content=\"1200\" \/>\n\t<meta property=\"og:image:type\" content=\"image\/jpeg\" \/>\n<meta name=\"twitter:card\" content=\"summary_large_image\" \/>\n<meta name=\"twitter:label1\" content=\"Szacowany czas czytania\" \/>\n\t<meta name=\"twitter:data1\" content=\"1 minuta\" \/>\n<script type=\"application\/ld+json\" class=\"yoast-schema-graph\">{\"@context\":\"https:\/\/schema.org\",\"@graph\":[{\"@type\":\"WebPage\",\"@id\":\"https:\/\/glareone.eu\/pl\/produkt\/glareone-b400600bp-akumulator-do-lampy-botis-400-i-600-2\/\",\"url\":\"https:\/\/glareone.eu\/pl\/produkt\/glareone-b400600bp-akumulator-do-lampy-botis-400-i-600-2\/\",\"name\":\"GlareOne B400600BP - akumulator do lampy BOTIS 400 i 600 - GlareOne\",\"isPartOf\":{\"@id\":\"https:\/\/glareone.eu\/pl\/en\/#website\"},\"primaryImageOfPage\":{\"@id\":\"https:\/\/glareone.eu\/pl\/produkt\/glareone-b400600bp-akumulator-do-lampy-botis-400-i-600-2\/#primaryimage\"},\"image\":{\"@id\":\"https:\/\/glareone.eu\/pl\/produkt\/glareone-b400600bp-akumulator-do-lampy-botis-400-i-600-2\/#primaryimage\"},\"thumbnailUrl\":\"https:\/\/glareone.eu\/wp-content\/uploads\/2025\/12\/SB400600BP_01-1.jpg\",\"datePublished\":\"2025-12-12T10:51:46+00:00\",\"dateModified\":\"2025-12-15T09:00:47+00:00\",\"breadcrumb\":{\"@id\":\"https:\/\/glareone.eu\/pl\/produkt\/glareone-b400600bp-akumulator-do-lampy-botis-400-i-600-2\/#breadcrumb\"},\"inLanguage\":\"pl-PL\",\"potentialAction\":[{\"@type\":\"ReadAction\",\"target\":[\"https:\/\/glareone.eu\/pl\/produkt\/glareone-b400600bp-akumulator-do-lampy-botis-400-i-600-2\/\"]}]},{\"@type\":\"ImageObject\",\"inLanguage\":\"pl-PL\",\"@id\":\"https:\/\/glareone.eu\/pl\/produkt\/glareone-b400600bp-akumulator-do-lampy-botis-400-i-600-2\/#primaryimage\",\"url\":\"https:\/\/glareone.eu\/wp-content\/uploads\/2025\/12\/SB400600BP_01-1.jpg\",\"contentUrl\":\"https:\/\/glareone.eu\/wp-content\/uploads\/2025\/12\/SB400600BP_01-1.jpg\",\"width\":1200,\"height\":1200},{\"@type\":\"BreadcrumbList\",\"@id\":\"https:\/\/glareone.eu\/pl\/produkt\/glareone-b400600bp-akumulator-do-lampy-botis-400-i-600-2\/#breadcrumb\",\"itemListElement\":[{\"@type\":\"ListItem\",\"position\":1,\"name\":\"Strona g\u0142\u00f3wna\",\"item\":\"https:\/\/glareone.eu\/pl\/\"},{\"@type\":\"ListItem\",\"position\":2,\"name\":\"Wszystkie produkty\",\"item\":\"https:\/\/glareone.eu\/pl\/produkty\/wszystkie-produkty\/\"},{\"@type\":\"ListItem\",\"position\":3,\"name\":\"GlareOne B400600BP &#8211; akumulator do lampy BOTIS 400 i 600\"}]},{\"@type\":\"WebSite\",\"@id\":\"https:\/\/glareone.eu\/pl\/en\/#website\",\"url\":\"https:\/\/glareone.eu\/pl\/en\/\",\"name\":\"GlareOne\",\"description\":\"Wyposa\u017cenie Studia\",\"publisher\":{\"@id\":\"https:\/\/glareone.eu\/pl\/en\/#organization\"},\"potentialAction\":[{\"@type\":\"SearchAction\",\"target\":{\"@type\":\"EntryPoint\",\"urlTemplate\":\"https:\/\/glareone.eu\/pl\/en\/?s={search_term_string}\"},\"query-input\":{\"@type\":\"PropertyValueSpecification\",\"valueRequired\":true,\"valueName\":\"search_term_string\"}}],\"inLanguage\":\"pl-PL\"},{\"@type\":\"Organization\",\"@id\":\"https:\/\/glareone.eu\/pl\/en\/#organization\",\"name\":\"GlareOne\",\"url\":\"https:\/\/glareone.eu\/pl\/en\/\",\"logo\":{\"@type\":\"ImageObject\",\"inLanguage\":\"pl-PL\",\"@id\":\"https:\/\/glareone.eu\/pl\/en\/#\/schema\/logo\/image\/\",\"url\":\"http:\/\/glareone.eu\/wp-content\/uploads\/2024\/05\/glareone_logo2020_RGB-01-e1715773127189.png\",\"contentUrl\":\"http:\/\/glareone.eu\/wp-content\/uploads\/2024\/05\/glareone_logo2020_RGB-01-e1715773127189.png\",\"width\":1270,\"height\":321,\"caption\":\"GlareOne\"},\"image\":{\"@id\":\"https:\/\/glareone.eu\/pl\/en\/#\/schema\/logo\/image\/\"},\"sameAs\":[\"https:\/\/www.facebook.com\/GlareOneLighting\",\"https:\/\/www.instagram.com\/glareonelighting\/\",\"https:\/\/www.youtube.com\/@GlareOneTV\"]}]}<\/script>\n<!-- \/ Yoast SEO plugin. -->","yoast_head_json":{"title":"GlareOne B400600BP - akumulator do lampy BOTIS 400 i 600 - GlareOne","robots":{"index":"index","follow":"follow","max-snippet":"max-snippet:-1","max-image-preview":"max-image-preview:large","max-video-preview":"max-video-preview:-1"},"canonical":"https:\/\/glareone.eu\/pl\/produkt\/glareone-b400600bp-akumulator-do-lampy-botis-400-i-600-2\/","og_locale":"pl_PL","og_type":"article","og_title":"GlareOne B400600BP - akumulator do lampy BOTIS 400 i 600 - GlareOne","og_description":"GlareOne B400600BP to akumulator litowo-jonowy zaprojektowany specjalnie dla lamp GlareOne Botis 400 oraz Botis 600. Akumulator ma pojemno\u015b\u0107 2500 mAh i sta\u0142e napi\u0119cie 29.6 V. Wykorzystanie wysokiej jako\u015bci materia\u0142\u00f3w oraz ogniw zapewnia jego trwa\u0142o\u015b\u0107 i niezawodne dzia\u0142anie. Idealnie sprawdzi si\u0119 jako zapasowa bateria, umo\u017cliwiaj\u0105c d\u0142u\u017csz\u0105 prac\u0119 i wykonanie wi\u0119kszej liczby uj\u0119\u0107 z u\u017cyciem lamp b\u0142yskowych [&hellip;]","og_url":"https:\/\/glareone.eu\/pl\/produkt\/glareone-b400600bp-akumulator-do-lampy-botis-400-i-600-2\/","og_site_name":"GlareOne","article_publisher":"https:\/\/www.facebook.com\/GlareOneLighting","article_modified_time":"2025-12-15T09:00:47+00:00","og_image":[{"width":1200,"height":1200,"url":"https:\/\/glareone.eu\/wp-content\/uploads\/2025\/12\/SB400600BP_01-1.jpg","type":"image\/jpeg"}],"twitter_card":"summary_large_image","twitter_misc":{"Szacowany czas czytania":"1 minuta"},"schema":{"@context":"https:\/\/schema.org","@graph":[{"@type":"WebPage","@id":"https:\/\/glareone.eu\/pl\/produkt\/glareone-b400600bp-akumulator-do-lampy-botis-400-i-600-2\/","url":"https:\/\/glareone.eu\/pl\/produkt\/glareone-b400600bp-akumulator-do-lampy-botis-400-i-600-2\/","name":"GlareOne B400600BP - akumulator do lampy BOTIS 400 i 600 - GlareOne","isPartOf":{"@id":"https:\/\/glareone.eu\/pl\/en\/#website"},"primaryImageOfPage":{"@id":"https:\/\/glareone.eu\/pl\/produkt\/glareone-b400600bp-akumulator-do-lampy-botis-400-i-600-2\/#primaryimage"},"image":{"@id":"https:\/\/glareone.eu\/pl\/produkt\/glareone-b400600bp-akumulator-do-lampy-botis-400-i-600-2\/#primaryimage"},"thumbnailUrl":"https:\/\/glareone.eu\/wp-content\/uploads\/2025\/12\/SB400600BP_01-1.jpg","datePublished":"2025-12-12T10:51:46+00:00","dateModified":"2025-12-15T09:00:47+00:00","breadcrumb":{"@id":"https:\/\/glareone.eu\/pl\/produkt\/glareone-b400600bp-akumulator-do-lampy-botis-400-i-600-2\/#breadcrumb"},"inLanguage":"pl-PL","potentialAction":[{"@type":"ReadAction","target":["https:\/\/glareone.eu\/pl\/produkt\/glareone-b400600bp-akumulator-do-lampy-botis-400-i-600-2\/"]}]},{"@type":"ImageObject","inLanguage":"pl-PL","@id":"https:\/\/glareone.eu\/pl\/produkt\/glareone-b400600bp-akumulator-do-lampy-botis-400-i-600-2\/#primaryimage","url":"https:\/\/glareone.eu\/wp-content\/uploads\/2025\/12\/SB400600BP_01-1.jpg","contentUrl":"https:\/\/glareone.eu\/wp-content\/uploads\/2025\/12\/SB400600BP_01-1.jpg","width":1200,"height":1200},{"@type":"BreadcrumbList","@id":"https:\/\/glareone.eu\/pl\/produkt\/glareone-b400600bp-akumulator-do-lampy-botis-400-i-600-2\/#breadcrumb","itemListElement":[{"@type":"ListItem","position":1,"name":"Strona g\u0142\u00f3wna","item":"https:\/\/glareone.eu\/pl\/"},{"@type":"ListItem","position":2,"name":"Wszystkie produkty","item":"https:\/\/glareone.eu\/pl\/produkty\/wszystkie-produkty\/"},{"@type":"ListItem","position":3,"name":"GlareOne B400600BP &#8211; akumulator do lampy BOTIS 400 i 600"}]},{"@type":"WebSite","@id":"https:\/\/glareone.eu\/pl\/en\/#website","url":"https:\/\/glareone.eu\/pl\/en\/","name":"GlareOne","description":"Wyposa\u017cenie Studia","publisher":{"@id":"https:\/\/glareone.eu\/pl\/en\/#organization"},"potentialAction":[{"@type":"SearchAction","target":{"@type":"EntryPoint","urlTemplate":"https:\/\/glareone.eu\/pl\/en\/?s={search_term_string}"},"query-input":{"@type":"PropertyValueSpecification","valueRequired":true,"valueName":"search_term_string"}}],"inLanguage":"pl-PL"},{"@type":"Organization","@id":"https:\/\/glareone.eu\/pl\/en\/#organization","name":"GlareOne","url":"https:\/\/glareone.eu\/pl\/en\/","logo":{"@type":"ImageObject","inLanguage":"pl-PL","@id":"https:\/\/glareone.eu\/pl\/en\/#\/schema\/logo\/image\/","url":"http:\/\/glareone.eu\/wp-content\/uploads\/2024\/05\/glareone_logo2020_RGB-01-e1715773127189.png","contentUrl":"http:\/\/glareone.eu\/wp-content\/uploads\/2024\/05\/glareone_logo2020_RGB-01-e1715773127189.png","width":1270,"height":321,"caption":"GlareOne"},"image":{"@id":"https:\/\/glareone.eu\/pl\/en\/#\/schema\/logo\/image\/"},"sameAs":["https:\/\/www.facebook.com\/GlareOneLighting","https:\/\/www.instagram.com\/glareonelighting\/","https:\/\/www.youtube.com\/@GlareOneTV"]}]}},"_links":{"self":[{"href":"https:\/\/glareone.eu\/pl\/wp-json\/wp\/v2\/product\/23067","targetHints":{"allow":["GET"]}}],"collection":[{"href":"https:\/\/glareone.eu\/pl\/wp-json\/wp\/v2\/product"}],"about":[{"href":"https:\/\/glareone.eu\/pl\/wp-json\/wp\/v2\/types\/product"}],"wp:featuredmedia":[{"embeddable":true,"href":"https:\/\/glareone.eu\/pl\/wp-json\/wp\/v2\/media\/23073"}],"wp:attachment":[{"href":"https:\/\/glareone.eu\/pl\/wp-json\/wp\/v2\/media?parent=23067"}],"wp:term":[{"taxonomy":"product_brand","embeddable":true,"href":"https:\/\/glareone.eu\/pl\/wp-json\/wp\/v2\/product_brand?post=23067"},{"taxonomy":"product_cat","embeddable":true,"href":"https:\/\/glareone.eu\/pl\/wp-json\/wp\/v2\/product_cat?post=23067"},{"taxonomy":"product_tag","embeddable":true,"href":"https:\/\/glareone.eu\/pl\/wp-json\/wp\/v2\/product_tag?post=23067"}],"curies":[{"name":"wp","href":"https:\/\/api.w.org\/{rel}","templated":true}]}}