{"id":22982,"date":"2025-12-11T14:12:00","date_gmt":"2025-12-11T14:12:00","guid":{"rendered":"https:\/\/glareone.eu\/?post_type=product&#038;p=22982"},"modified":"2025-12-19T09:58:42","modified_gmt":"2025-12-19T09:58:42","slug":"glareone-led-160-bicolor-d-ii","status":"publish","type":"product","link":"https:\/\/glareone.eu\/pl\/produkt\/glareone-led-160-bicolor-d-ii\/","title":{"rendered":"GlareOne LED 160 BiColor D II"},"content":{"rendered":"<p>GlareOne LED 160 BiColor D II to studyjna lampa \u015bwiat\u0142a ci\u0105g\u0142ego o mocy 160 W oferuj\u0105ca zmienn\u0105 temperatur\u0119 barwow\u0105 w zakresie 2700\u20136500K oraz mo\u017cliwo\u015b\u0107 zasilania zar\u00f3wno z sieci elektrycznej, jak i z akumulator\u00f3w V-mount (przy u\u017cyciu dodatkowego adaptera GlareOne LEDAV). Lampa zapewnia doskona\u0142e odwzorowanie kolor\u00f3w (TLCI &gt;98), wysok\u0105 wydajno\u015b\u0107 oraz jasno\u015b\u0107, a tak\u017ce mo\u017cliwo\u015b\u0107 stosowania wielu modyfikator\u00f3w \u015bwiat\u0142a.<\/p>\n<p style=\"margin: 1cm 4cm;\">\n<div class='avia-iframe-wrap'><iframe loading=\"lazy\" title=\"GlareOne LED 160 BiColor D II - prezentacja lampy\" width=\"1500\" height=\"844\" src=\"https:\/\/www.youtube.com\/embed\/GIjyG068_EM?feature=oembed\" frameborder=\"0\" allow=\"accelerometer; autoplay; clipboard-write; encrypted-media; gyroscope; picture-in-picture; web-share\" referrerpolicy=\"strict-origin-when-cross-origin\" allowfullscreen><\/iframe><\/div>\n<\/p>\n<h3>Nowa generacja linii LED<\/h3>\n<p>GlareOne LED 160 BiColor D II to druga generacja modelu LED 160, w kt\u00f3rym pojawiaj\u0105 si\u0119 liczne zmiany konstrukcyjne wzgl\u0119dem poprzednika. Dzi\u0119ki zastosowaniu najnowocze\u015bniejszych modu\u0142\u00f3w COB LED osi\u0105gn\u0119li\u015bmy jeszcze lepsz\u0105 jako\u015b\u0107 oraz wy\u017csz\u0105 wydajno\u015b\u0107, mimo tej samej mocy. Wielko\u015b\u0107 samej g\u0142owicy zosta\u0142a zmniejszona niemal o po\u0142ow\u0119 dzi\u0119ki modularnej konstrukcji i zastosowaniu nowych radiator\u00f3w i wentylator\u00f3w o wi\u0119kszej wydajno\u015bci. Zmniejszenie rozmiar\u00f3w spowodowa\u0142o te\u017c znaczny spadek masy, dzi\u0119ki czemu lamp\u0119 \u0142atwiej przetransportowa\u0107 na miejsce sesji i wygodniej pracowa\u0107 na planie zdj\u0119ciowym.<\/p>\n<h3>Kolor przede wszystkim<\/h3>\n<p>Wska\u017anik TLCI (Television Lighting Consistency Index) dla tego modelu wynosi ponad 98, CRI przekracza 97, a TM-30 jest wy\u017cszy ni\u017c 96, niezale\u017cnie od ustawionej temperatury barwowej. Dzi\u0119ki tym warto\u015bciom lampa doskonale sprawdza si\u0119 jako o\u015bwietlenie planu zdj\u0119ciowego i filmowego, zapewniaj\u0105c wierne odwzorowanie kolor\u00f3w.<\/p>\n<h3>Elastyczno\u015b\u0107<\/h3>\n<p>GlareOne LED 160 BiColor D II wyposa\u017cona jest w uk\u0142ad COB LED, kt\u00f3ry generuje \u015bwiat\u0142o o temperaturze barwowej od 2700K do 6500K. Dzi\u0119ki temu lampa zapewnia du\u017c\u0105 elastyczno\u015b\u0107 w pracy z r\u00f3\u017cnorodnym \u015bwiat\u0142em zastanym, zar\u00f3wno naturalnym, jak i sztucznym. P\u0142ynna regulacja temperatury barwowej pozwala b\u0142yskawicznie dopasowa\u0107 \u015bwiat\u0142o do sesji.<\/p>\n<h3>Stabilno\u015b\u0107<\/h3>\n<p>LED 160 BiColor D II doskonale sprawdza si\u0119 w o\u015bwietlaniu planu zdj\u0119ciowego przy maksymalnym klatka\u017cu dochodz\u0105cym nawet do 1000 klatek na sekund\u0119, eliminuj\u0105c efekt migotania (flickeringu).<\/p>\n<h3>Moc<\/h3>\n<p>GlareOne LED 160 BiColor D II charakteryzuje si\u0119 wysok\u0105 wydajno\u015bci\u0105 oraz du\u017c\u0105 si\u0142\u0105 generowanego \u015bwiat\u0142a. Lampa jest w stanie zapewni\u0107 strumie\u0144 \u015bwiat\u0142a o nat\u0119\u017ceniu si\u0119gaj\u0105cym &gt;66200 luks\u00f3w, co przek\u0142ada si\u0119 na szerokie mo\u017cliwo\u015bci jego \u0142atwego modyfikowania i odbijania w celu uzyskania oczekiwanych efekt\u00f3w na planie zdj\u0119ciowym \u2013 od mi\u0119kkiego \u015bwiat\u0142a portretowego po ostre, kontrastowe o\u015bwietlenie.<\/p>\n<h3>Cicha praca<\/h3>\n<p>Lampa wyposa\u017cona jest w system ch\u0142odzenia, kt\u00f3ry sk\u0142ada si\u0119 z radiatora i wentylatora, pracuj\u0105cego niezwykle cicho, z poziomem ha\u0142asu nieprzekraczaj\u0105cym 30 dB. Taki niski poziom ha\u0142asu u\u0142atwia nagrywanie d\u017awi\u0119ku na planie. W przypadku, gdy wymagana jest ca\u0142kowita cisza, wentylator mo\u017cna wy\u0142\u0105czy\u0107 za pomoc\u0105 przycisku na panelu sterowania, prze\u0142\u0105czaj\u0105c lamp\u0119 na tryb pasywnego ch\u0142odzenia (przy obni\u017conej mocy maksymalnej).<\/p>\n<h3>Efekty o\u015bwietleniowe<\/h3>\n<p>Lampa wyposa\u017cona jest w 9 efekt\u00f3w o\u015bwietleniowych, kt\u00f3re pozwalaj\u0105 symulowa\u0107 \u015bwiat\u0142o p\u0142yn\u0105ce z zepsutej \u015bwietl\u00f3wki, sztucznych ogni, b\u0142yskawicy (w trzech wariantach), b\u0142ysk\u00f3w fleszy (w trzech wariantach) oraz telewizora.<\/p>\n<h3>Bluetooth i aplikacja GlareOne Studio<\/h3>\n<p>Lampa posiada Bluetooth i mo\u017ce by\u0107 kontrolowana bezprzewodowo za pomoc\u0105 aplikacji GlareOne Studio dost\u0119pnej na Androida i iOS.<\/p>\n<h3>Zasilanie bezprzewodowe<\/h3>\n<p>GlareOne LED 160 BiColor D II oferuje dwa sposoby zasilania \u2013 z gniazdka sieciowego za pomoc\u0105 do\u0142\u0105czonego przewodu zasilaj\u0105cego lub z akumulator\u00f3w V-mount przy u\u017cyciu adaptera<\/p>\n<p>GlareOne LEDAV (sprzedawanego osobno). Jeden akumulator V-mount (14,8 V) o pojemno\u015bci 220 Wh pozwala na prac\u0119 lampy z pe\u0142n\u0105 moc\u0105 przez nawet 100 minut (czas ten mo\u017ce si\u0119 r\u00f3\u017cni\u0107 w zale\u017cno\u015bci od jako\u015bci u\u017cytego akumulatora).<\/p>\n<h3>Uniwersalno\u015b\u0107<\/h3>\n<p>Dzi\u0119ki mocowaniu typu Bowens, lampa LED 160 BiColor D II jest kompatybilna z niemal ka\u017cdym modyfikatorem \u015bwiat\u0142a dost\u0119pnym na rynku, zar\u00f3wno produkowanym przez GlareOne, jak i inne marki. Lampa mo\u017ce by\u0107 u\u017cywana z r\u00f3\u017cnymi akcesoriami, takimi jak softboxy, strumienice, wrota, czasze, soczewki Fresnela i wiele innych.<\/p>\n<h3>Cechy GlareOne LED 160 BiColor D:<\/h3>\n<ul>\n<li>studyjna lampa LED,<\/li>\n<li>zmienna temperatura barwowa (2700-6500\u00b175K),<\/li>\n<li>moc maksymalna LED 160W,<\/li>\n<li>wysokie parametry odwzorowania barw (CRI &gt; 97, TLCI &gt; 98, TM-30 &gt; 96),<\/li>\n<li>bezstopniowa regulacja jasno\u015bci,<\/li>\n<li>mocowanie typu Bowens,<\/li>\n<li>wsp\u00f3\u0142praca z aplikacj\u0105 GlareOne Studio,<\/li>\n<li>9 efekt\u00f3w o\u015bwietleniowych,<\/li>\n<li>ciche i wydajne aktywne ch\u0142odzenie,<\/li>\n<li>uchwyt do parasolek,<\/li>\n<li>mo\u017cliwo\u015b\u0107 zasilania bateryjnego (przez adapter LEDAV),<\/li>\n<li>ergonomicznie zaprojektowany uchwyt u\u0142atwiaj\u0105cy regulacj\u0119 k\u0105ta nachylenia.<\/li>\n<\/ul>\n","protected":false},"excerpt":{"rendered":"<p>GlareOne LED 160 BiColor D II to studyjna lampa \u015bwiat\u0142a ci\u0105g\u0142ego o mocy 160 W oferuj\u0105ca zmienn\u0105 temperatur\u0119 barwow\u0105 w zakresie 2700\u20136500K oraz mo\u017cliwo\u015b\u0107 zasilania zar\u00f3wno z sieci elektrycznej, jak i z akumulator\u00f3w V-mount (przy u\u017cyciu dodatkowego adaptera GlareOne LEDAV). Lampa zapewnia doskona\u0142e odwzorowanie kolor\u00f3w (TLCI &gt;98), wysok\u0105 wydajno\u015b\u0107 oraz jasno\u015b\u0107, a tak\u017ce mo\u017cliwo\u015b\u0107 stosowania [&hellip;]<\/p>\n","protected":false},"featured_media":23126,"template":"","meta":[],"product_brand":[],"product_cat":[329],"product_tag":[],"class_list":{"0":"post-22982","1":"product","2":"type-product","3":"status-publish","4":"has-post-thumbnail","6":"product_cat-lampy-led-z-mocowaniem-bowens","8":"first","9":"instock","10":"product-type-simple"},"yoast_head":"<!-- This site is optimized with the Yoast SEO plugin v27.2 - https:\/\/yoast.com\/product\/yoast-seo-wordpress\/ -->\n<title>GlareOne LED 160 BiColor D<\/title>\n<meta name=\"description\" content=\"GlareOne LED 160 BiColor D II\" \/>\n<meta name=\"robots\" content=\"index, follow, max-snippet:-1, max-image-preview:large, max-video-preview:-1\" \/>\n<link rel=\"canonical\" href=\"https:\/\/glareone.eu\/pl\/produkt\/glareone-led-160-bicolor-d-ii\/\" \/>\n<meta property=\"og:locale\" content=\"pl_PL\" \/>\n<meta property=\"og:type\" content=\"article\" \/>\n<meta property=\"og:title\" content=\"GlareOne LED 160 BiColor D\" \/>\n<meta property=\"og:description\" content=\"GlareOne LED 160 BiColor D II\" \/>\n<meta property=\"og:url\" content=\"https:\/\/glareone.eu\/pl\/produkt\/glareone-led-160-bicolor-d-ii\/\" \/>\n<meta property=\"og:site_name\" content=\"GlareOne\" \/>\n<meta property=\"article:publisher\" content=\"https:\/\/www.facebook.com\/GlareOneLighting\" \/>\n<meta property=\"article:modified_time\" content=\"2025-12-19T09:58:42+00:00\" \/>\n<meta property=\"og:image\" content=\"https:\/\/glareone.eu\/wp-content\/uploads\/2025\/12\/SLED160BCD2_01-1.jpg\" \/>\n\t<meta property=\"og:image:width\" content=\"1200\" \/>\n\t<meta property=\"og:image:height\" content=\"1200\" \/>\n\t<meta property=\"og:image:type\" content=\"image\/jpeg\" \/>\n<meta name=\"twitter:card\" content=\"summary_large_image\" \/>\n<meta name=\"twitter:title\" content=\"GlareOne LED 160 BiColor D\" \/>\n<meta name=\"twitter:label1\" content=\"Szacowany czas czytania\" \/>\n\t<meta name=\"twitter:data1\" content=\"3 minuty\" \/>\n<script type=\"application\/ld+json\" class=\"yoast-schema-graph\">{\"@context\":\"https:\/\/schema.org\",\"@graph\":[{\"@type\":\"WebPage\",\"@id\":\"https:\/\/glareone.eu\/pl\/produkt\/glareone-led-160-bicolor-d-ii\/\",\"url\":\"https:\/\/glareone.eu\/pl\/produkt\/glareone-led-160-bicolor-d-ii\/\",\"name\":\"GlareOne LED 160 BiColor D\",\"isPartOf\":{\"@id\":\"https:\/\/glareone.eu\/pl\/en\/#website\"},\"primaryImageOfPage\":{\"@id\":\"https:\/\/glareone.eu\/pl\/produkt\/glareone-led-160-bicolor-d-ii\/#primaryimage\"},\"image\":{\"@id\":\"https:\/\/glareone.eu\/pl\/produkt\/glareone-led-160-bicolor-d-ii\/#primaryimage\"},\"thumbnailUrl\":\"https:\/\/glareone.eu\/wp-content\/uploads\/2025\/12\/SLED160BCD2_01-1.jpg\",\"datePublished\":\"2025-12-11T14:12:00+00:00\",\"dateModified\":\"2025-12-19T09:58:42+00:00\",\"description\":\"GlareOne LED 160 BiColor D II\",\"breadcrumb\":{\"@id\":\"https:\/\/glareone.eu\/pl\/produkt\/glareone-led-160-bicolor-d-ii\/#breadcrumb\"},\"inLanguage\":\"pl-PL\",\"potentialAction\":[{\"@type\":\"ReadAction\",\"target\":[\"https:\/\/glareone.eu\/pl\/produkt\/glareone-led-160-bicolor-d-ii\/\"]}]},{\"@type\":\"ImageObject\",\"inLanguage\":\"pl-PL\",\"@id\":\"https:\/\/glareone.eu\/pl\/produkt\/glareone-led-160-bicolor-d-ii\/#primaryimage\",\"url\":\"https:\/\/glareone.eu\/wp-content\/uploads\/2025\/12\/SLED160BCD2_01-1.jpg\",\"contentUrl\":\"https:\/\/glareone.eu\/wp-content\/uploads\/2025\/12\/SLED160BCD2_01-1.jpg\",\"width\":1200,\"height\":1200},{\"@type\":\"BreadcrumbList\",\"@id\":\"https:\/\/glareone.eu\/pl\/produkt\/glareone-led-160-bicolor-d-ii\/#breadcrumb\",\"itemListElement\":[{\"@type\":\"ListItem\",\"position\":1,\"name\":\"Strona g\u0142\u00f3wna\",\"item\":\"https:\/\/glareone.eu\/pl\/\"},{\"@type\":\"ListItem\",\"position\":2,\"name\":\"Wszystkie produkty\",\"item\":\"https:\/\/glareone.eu\/pl\/produkty\/wszystkie-produkty\/\"},{\"@type\":\"ListItem\",\"position\":3,\"name\":\"GlareOne LED 160 BiColor D II\"}]},{\"@type\":\"WebSite\",\"@id\":\"https:\/\/glareone.eu\/pl\/en\/#website\",\"url\":\"https:\/\/glareone.eu\/pl\/en\/\",\"name\":\"GlareOne\",\"description\":\"Wyposa\u017cenie Studia\",\"publisher\":{\"@id\":\"https:\/\/glareone.eu\/pl\/en\/#organization\"},\"potentialAction\":[{\"@type\":\"SearchAction\",\"target\":{\"@type\":\"EntryPoint\",\"urlTemplate\":\"https:\/\/glareone.eu\/pl\/en\/?s={search_term_string}\"},\"query-input\":{\"@type\":\"PropertyValueSpecification\",\"valueRequired\":true,\"valueName\":\"search_term_string\"}}],\"inLanguage\":\"pl-PL\"},{\"@type\":\"Organization\",\"@id\":\"https:\/\/glareone.eu\/pl\/en\/#organization\",\"name\":\"GlareOne\",\"url\":\"https:\/\/glareone.eu\/pl\/en\/\",\"logo\":{\"@type\":\"ImageObject\",\"inLanguage\":\"pl-PL\",\"@id\":\"https:\/\/glareone.eu\/pl\/en\/#\/schema\/logo\/image\/\",\"url\":\"http:\/\/glareone.eu\/wp-content\/uploads\/2024\/05\/glareone_logo2020_RGB-01-e1715773127189.png\",\"contentUrl\":\"http:\/\/glareone.eu\/wp-content\/uploads\/2024\/05\/glareone_logo2020_RGB-01-e1715773127189.png\",\"width\":1270,\"height\":321,\"caption\":\"GlareOne\"},\"image\":{\"@id\":\"https:\/\/glareone.eu\/pl\/en\/#\/schema\/logo\/image\/\"},\"sameAs\":[\"https:\/\/www.facebook.com\/GlareOneLighting\",\"https:\/\/www.instagram.com\/glareonelighting\/\",\"https:\/\/www.youtube.com\/@GlareOneTV\"]}]}<\/script>\n<!-- \/ Yoast SEO plugin. -->","yoast_head_json":{"title":"GlareOne LED 160 BiColor D","description":"GlareOne LED 160 BiColor D II","robots":{"index":"index","follow":"follow","max-snippet":"max-snippet:-1","max-image-preview":"max-image-preview:large","max-video-preview":"max-video-preview:-1"},"canonical":"https:\/\/glareone.eu\/pl\/produkt\/glareone-led-160-bicolor-d-ii\/","og_locale":"pl_PL","og_type":"article","og_title":"GlareOne LED 160 BiColor D","og_description":"GlareOne LED 160 BiColor D II","og_url":"https:\/\/glareone.eu\/pl\/produkt\/glareone-led-160-bicolor-d-ii\/","og_site_name":"GlareOne","article_publisher":"https:\/\/www.facebook.com\/GlareOneLighting","article_modified_time":"2025-12-19T09:58:42+00:00","og_image":[{"width":1200,"height":1200,"url":"https:\/\/glareone.eu\/wp-content\/uploads\/2025\/12\/SLED160BCD2_01-1.jpg","type":"image\/jpeg"}],"twitter_card":"summary_large_image","twitter_title":"GlareOne LED 160 BiColor D","twitter_misc":{"Szacowany czas czytania":"3 minuty"},"schema":{"@context":"https:\/\/schema.org","@graph":[{"@type":"WebPage","@id":"https:\/\/glareone.eu\/pl\/produkt\/glareone-led-160-bicolor-d-ii\/","url":"https:\/\/glareone.eu\/pl\/produkt\/glareone-led-160-bicolor-d-ii\/","name":"GlareOne LED 160 BiColor D","isPartOf":{"@id":"https:\/\/glareone.eu\/pl\/en\/#website"},"primaryImageOfPage":{"@id":"https:\/\/glareone.eu\/pl\/produkt\/glareone-led-160-bicolor-d-ii\/#primaryimage"},"image":{"@id":"https:\/\/glareone.eu\/pl\/produkt\/glareone-led-160-bicolor-d-ii\/#primaryimage"},"thumbnailUrl":"https:\/\/glareone.eu\/wp-content\/uploads\/2025\/12\/SLED160BCD2_01-1.jpg","datePublished":"2025-12-11T14:12:00+00:00","dateModified":"2025-12-19T09:58:42+00:00","description":"GlareOne LED 160 BiColor D II","breadcrumb":{"@id":"https:\/\/glareone.eu\/pl\/produkt\/glareone-led-160-bicolor-d-ii\/#breadcrumb"},"inLanguage":"pl-PL","potentialAction":[{"@type":"ReadAction","target":["https:\/\/glareone.eu\/pl\/produkt\/glareone-led-160-bicolor-d-ii\/"]}]},{"@type":"ImageObject","inLanguage":"pl-PL","@id":"https:\/\/glareone.eu\/pl\/produkt\/glareone-led-160-bicolor-d-ii\/#primaryimage","url":"https:\/\/glareone.eu\/wp-content\/uploads\/2025\/12\/SLED160BCD2_01-1.jpg","contentUrl":"https:\/\/glareone.eu\/wp-content\/uploads\/2025\/12\/SLED160BCD2_01-1.jpg","width":1200,"height":1200},{"@type":"BreadcrumbList","@id":"https:\/\/glareone.eu\/pl\/produkt\/glareone-led-160-bicolor-d-ii\/#breadcrumb","itemListElement":[{"@type":"ListItem","position":1,"name":"Strona g\u0142\u00f3wna","item":"https:\/\/glareone.eu\/pl\/"},{"@type":"ListItem","position":2,"name":"Wszystkie produkty","item":"https:\/\/glareone.eu\/pl\/produkty\/wszystkie-produkty\/"},{"@type":"ListItem","position":3,"name":"GlareOne LED 160 BiColor D II"}]},{"@type":"WebSite","@id":"https:\/\/glareone.eu\/pl\/en\/#website","url":"https:\/\/glareone.eu\/pl\/en\/","name":"GlareOne","description":"Wyposa\u017cenie Studia","publisher":{"@id":"https:\/\/glareone.eu\/pl\/en\/#organization"},"potentialAction":[{"@type":"SearchAction","target":{"@type":"EntryPoint","urlTemplate":"https:\/\/glareone.eu\/pl\/en\/?s={search_term_string}"},"query-input":{"@type":"PropertyValueSpecification","valueRequired":true,"valueName":"search_term_string"}}],"inLanguage":"pl-PL"},{"@type":"Organization","@id":"https:\/\/glareone.eu\/pl\/en\/#organization","name":"GlareOne","url":"https:\/\/glareone.eu\/pl\/en\/","logo":{"@type":"ImageObject","inLanguage":"pl-PL","@id":"https:\/\/glareone.eu\/pl\/en\/#\/schema\/logo\/image\/","url":"http:\/\/glareone.eu\/wp-content\/uploads\/2024\/05\/glareone_logo2020_RGB-01-e1715773127189.png","contentUrl":"http:\/\/glareone.eu\/wp-content\/uploads\/2024\/05\/glareone_logo2020_RGB-01-e1715773127189.png","width":1270,"height":321,"caption":"GlareOne"},"image":{"@id":"https:\/\/glareone.eu\/pl\/en\/#\/schema\/logo\/image\/"},"sameAs":["https:\/\/www.facebook.com\/GlareOneLighting","https:\/\/www.instagram.com\/glareonelighting\/","https:\/\/www.youtube.com\/@GlareOneTV"]}]}},"_links":{"self":[{"href":"https:\/\/glareone.eu\/pl\/wp-json\/wp\/v2\/product\/22982","targetHints":{"allow":["GET"]}}],"collection":[{"href":"https:\/\/glareone.eu\/pl\/wp-json\/wp\/v2\/product"}],"about":[{"href":"https:\/\/glareone.eu\/pl\/wp-json\/wp\/v2\/types\/product"}],"wp:featuredmedia":[{"embeddable":true,"href":"https:\/\/glareone.eu\/pl\/wp-json\/wp\/v2\/media\/23126"}],"wp:attachment":[{"href":"https:\/\/glareone.eu\/pl\/wp-json\/wp\/v2\/media?parent=22982"}],"wp:term":[{"taxonomy":"product_brand","embeddable":true,"href":"https:\/\/glareone.eu\/pl\/wp-json\/wp\/v2\/product_brand?post=22982"},{"taxonomy":"product_cat","embeddable":true,"href":"https:\/\/glareone.eu\/pl\/wp-json\/wp\/v2\/product_cat?post=22982"},{"taxonomy":"product_tag","embeddable":true,"href":"https:\/\/glareone.eu\/pl\/wp-json\/wp\/v2\/product_tag?post=22982"}],"curies":[{"name":"wp","href":"https:\/\/api.w.org\/{rel}","templated":true}]}}