{"id":22822,"date":"2025-12-11T13:00:37","date_gmt":"2025-12-11T13:00:37","guid":{"rendered":"https:\/\/glareone.eu\/?post_type=product&#038;p=22822"},"modified":"2025-12-11T13:12:58","modified_gmt":"2025-12-11T13:12:58","slug":"glareone-antares-600-basic-kit","status":"publish","type":"product","link":"https:\/\/glareone.eu\/pl\/produkt\/glareone-antares-600-basic-kit\/","title":{"rendered":"GlareOne Antares 600 Basic Kit"},"content":{"rendered":"<p>Zestaw do fotografii studyjnej zawieraj\u0105cy 2 lampy, 2 statywy, softbox prostok\u0105tny 60&#215;90 cm, softbox oktagonalny 95 cm oraz wyzwalacz radiowy.<\/p>\n<h3>Zastosowanie<\/h3>\n<p>GlareOne Antares 600 Basic Kit umo\u017cliwi nie tylko nauk\u0119 pracy ze \u015bwiat\u0142em b\u0142yskowym, ale pozwoli r\u00f3wnie\u017c na wykonywanie fenomenalnych zdj\u0119\u0107. Dzi\u0119ki zestawowi zyskasz ogromn\u0105 swobod\u0119 w rozbudowie arsena\u0142u modyfikator\u00f3w \u015bwiat\u0142a o kolejne opcje, takie jak strumienice, czasze czy du\u017ce parasole.<\/p>\n<p>Lampy Antares 600, kt\u00f3re s\u0105 rdzeniem zestawu, to profesjonalne, b\u0142yskowe lampy studyjne o mocy 600 Ws, kt\u00f3re s\u0105 wyposa\u017cone w \u015bwiat\u0142o pilotuj\u0105ce LED, mocowanie modyfikator\u00f3w \u015bwiat\u0142a typu Bowens oraz radiowe sterowanie. S\u0105 to wysoce wydajne lampy, kt\u00f3re idealnie sprawdz\u0105 si\u0119 podczas sesji produktowych, portretowych i innych. Ich du\u017ca moc i wysoka powtarzalno\u015b\u0107 b\u0142ysku oraz kr\u00f3tki czas \u0142adowania powoduj\u0105, \u017ce nawet d\u0142ugie i wymagaj\u0105ce sesje b\u0119d\u0105 przebiega\u0107 sprawnie.<\/p>\n<p>Softboxy, kt\u00f3re wchodz\u0105 w sk\u0142ad zestawu, posiadaj\u0105 podw\u00f3jny dyfuzor zmi\u0119kczaj\u0105cy \u015bwiat\u0142o oraz mo\u017cliwo\u015b\u0107 pod\u0142\u0105czenia plastr\u00f3w miodu (grid\u00f3w), umo\u017cliwiaj\u0105cy du\u017c\u0105 kontrol\u0119 nad \u015bwiat\u0142em na planie (gridy s\u0105 dost\u0119pne oddzielnie).<\/p>\n<p>Sterownik radiowy GlareOne Flash RC pozwala nie tylko na zdalne wyzwalanie b\u0142ysku, ale te\u017c na regulowanie jego mocy. Co wa\u017cne &#8211; jest to nadajnik uniwersalny, kt\u00f3ry b\u0119dzie dzia\u0142a\u0142 z ka\u017cdym aparatem wyposa\u017conym w stopk\u0119 lamp typu ISO.<\/p>\n<h3>Cechy lampy GlareOne Antares 600:<\/h3>\n<ul>\n<li>metalowa obudowa i mocowanie statywowe gwarantuj\u0105ce du\u017cy ud\u017awig i wytrzyma\u0142o\u015b\u0107,<\/li>\n<li>temperatura barwowa \u015bwiat\u0142a dziennego (5500\u00b1200K) w ca\u0142ym zakresie regulacji energii b\u0142ysku,<\/li>\n<li>mo\u017cliwo\u015b\u0107 zmiany mocy w zakresie 6 stopni przys\u0142ony (w 60 krokach co 0,1 stopnia przys\u0142ony),<\/li>\n<li>bardzo kr\u00f3tki czas \u0142adowania &#8211; jedynie 0,9 s na pe\u0142nej mocy,<\/li>\n<li>\u015bwiat\u0142o pilotuj\u0105ce LED o mocy 25 W (ekwiwalent ok. 250 W lampy halogenowej),<\/li>\n<li>mocowanie modyfikator\u00f3w \u015bwiat\u0142a typu Bowens,<\/li>\n<li>wbudowany odbiornik radiowy kompatybilny z wyzwalaczami GlareOne,<\/li>\n<li>mo\u017ce by\u0107 przypisana do jednej z 16 grup lamp w 32 kana\u0142ach komunikacji,<\/li>\n<li>wbudowana fotocela oraz gniazdo synchronizacyjne 3,5 mm,<\/li>\n<li>system aktywnego ch\u0142odzenia oraz bezpiecznik temperaturowy,<\/li>\n<li>zintegrowany w mocowanie statywowe uchwyt do parasolek,<\/li>\n<li>ergonomicznie zaprojektowany uchwyt umo\u017cliwiaj\u0105cy regulacj\u0119 k\u0105ta nachylenia.<\/li>\n<\/ul>\n<h3>Zawarto\u015b\u0107 zestawu<\/h3>\n<p>Zestaw GlareOne Antares 600 Basic Kit to kompletny zestaw, kt\u00f3ry pozwoli wej\u015b\u0107 w \u015bwiat fotografii studyjnej. W jego sk\u0142ad wchodz\u0105:<\/p>\n<ul>\n<li>2 kompaktowe lampy GlareOne Antares 600 o mocy 600 Ws ka\u017cda (w zestawie jest kabel zasilaj\u0105cy; czasza nie wchodzi w sk\u0142ad Antares 600 Basic Kit),<\/li>\n<li>nadajnik GlareOne Flash RC pozwalaj\u0105cy zdalnie sterowa\u0107 i wyzwala\u0107 lampy,<\/li>\n<li>2 statywy GlareOne Black 280 o maksymalnej wysoko\u015bci 280 cm,<\/li>\n<li>softbox GlareOne 60&#215;90 cm,<\/li>\n<li>softbox GlareOne Octa 95 cm,<\/li>\n<li>przewody zasilaj\u0105ce EU\/UKK.<\/li>\n<\/ul>\n","protected":false},"excerpt":{"rendered":"<p>Zestaw do fotografii studyjnej zawieraj\u0105cy 2 lampy, 2 statywy, softbox prostok\u0105tny 60&#215;90 cm, softbox oktagonalny 95 cm oraz wyzwalacz radiowy. Zastosowanie GlareOne Antares 600 Basic Kit umo\u017cliwi nie tylko nauk\u0119 pracy ze \u015bwiat\u0142em b\u0142yskowym, ale pozwoli r\u00f3wnie\u017c na wykonywanie fenomenalnych zdj\u0119\u0107. Dzi\u0119ki zestawowi zyskasz ogromn\u0105 swobod\u0119 w rozbudowie arsena\u0142u modyfikator\u00f3w \u015bwiat\u0142a o kolejne opcje, takie [&hellip;]<\/p>\n","protected":false},"featured_media":22827,"template":"","meta":[],"product_brand":[],"product_cat":[378],"product_tag":[],"class_list":{"0":"post-22822","1":"product","2":"type-product","3":"status-publish","4":"has-post-thumbnail","6":"product_cat-antares","8":"first","9":"instock","10":"product-type-simple"},"yoast_head":"<!-- This site is optimized with the Yoast SEO plugin v27.2 - https:\/\/yoast.com\/product\/yoast-seo-wordpress\/ -->\n<title>GlareOne Antares 600 Basic Kit<\/title>\n<meta name=\"robots\" content=\"index, follow, max-snippet:-1, max-image-preview:large, max-video-preview:-1\" \/>\n<link rel=\"canonical\" href=\"https:\/\/glareone.eu\/pl\/produkt\/glareone-antares-600-basic-kit\/\" \/>\n<meta property=\"og:locale\" content=\"pl_PL\" \/>\n<meta property=\"og:type\" content=\"article\" \/>\n<meta property=\"og:title\" content=\"GlareOne Antares 600\" \/>\n<meta property=\"og:description\" content=\"Zestaw do fotografii studyjnej zawieraj\u0105cy 2 lampy, 2 statywy, softbox prostok\u0105tny 60&#215;90 cm, softbox oktagonalny 95 cm oraz wyzwalacz radiowy. Zastosowanie GlareOne Antares 600 Basic Kit umo\u017cliwi nie tylko nauk\u0119 pracy ze \u015bwiat\u0142em b\u0142yskowym, ale pozwoli r\u00f3wnie\u017c na wykonywanie fenomenalnych zdj\u0119\u0107. Dzi\u0119ki zestawowi zyskasz ogromn\u0105 swobod\u0119 w rozbudowie arsena\u0142u modyfikator\u00f3w \u015bwiat\u0142a o kolejne opcje, takie [&hellip;]\" \/>\n<meta property=\"og:url\" content=\"https:\/\/glareone.eu\/pl\/produkt\/glareone-antares-600-basic-kit\/\" \/>\n<meta property=\"og:site_name\" content=\"GlareOne\" \/>\n<meta property=\"article:publisher\" content=\"https:\/\/www.facebook.com\/GlareOneLighting\" \/>\n<meta property=\"article:modified_time\" content=\"2025-12-11T13:12:58+00:00\" \/>\n<meta property=\"og:image\" content=\"https:\/\/glareone.eu\/wp-content\/uploads\/2025\/12\/SANTARES600KITB_01.jpg\" \/>\n\t<meta property=\"og:image:width\" content=\"1200\" \/>\n\t<meta property=\"og:image:height\" content=\"1200\" \/>\n\t<meta property=\"og:image:type\" content=\"image\/jpeg\" \/>\n<meta name=\"twitter:card\" content=\"summary_large_image\" \/>\n<meta name=\"twitter:title\" content=\"GlareOne Antares 600\" \/>\n<meta name=\"twitter:label1\" content=\"Szacowany czas czytania\" \/>\n\t<meta name=\"twitter:data1\" content=\"2 minuty\" \/>\n<script type=\"application\/ld+json\" class=\"yoast-schema-graph\">{\"@context\":\"https:\/\/schema.org\",\"@graph\":[{\"@type\":\"WebPage\",\"@id\":\"https:\/\/glareone.eu\/pl\/produkt\/glareone-antares-600-basic-kit\/\",\"url\":\"https:\/\/glareone.eu\/pl\/produkt\/glareone-antares-600-basic-kit\/\",\"name\":\"GlareOne Antares 600 Basic Kit\",\"isPartOf\":{\"@id\":\"https:\/\/glareone.eu\/pl\/en\/#website\"},\"primaryImageOfPage\":{\"@id\":\"https:\/\/glareone.eu\/pl\/produkt\/glareone-antares-600-basic-kit\/#primaryimage\"},\"image\":{\"@id\":\"https:\/\/glareone.eu\/pl\/produkt\/glareone-antares-600-basic-kit\/#primaryimage\"},\"thumbnailUrl\":\"https:\/\/glareone.eu\/wp-content\/uploads\/2025\/12\/SANTARES600KITB_01.jpg\",\"datePublished\":\"2025-12-11T13:00:37+00:00\",\"dateModified\":\"2025-12-11T13:12:58+00:00\",\"breadcrumb\":{\"@id\":\"https:\/\/glareone.eu\/pl\/produkt\/glareone-antares-600-basic-kit\/#breadcrumb\"},\"inLanguage\":\"pl-PL\",\"potentialAction\":[{\"@type\":\"ReadAction\",\"target\":[\"https:\/\/glareone.eu\/pl\/produkt\/glareone-antares-600-basic-kit\/\"]}]},{\"@type\":\"ImageObject\",\"inLanguage\":\"pl-PL\",\"@id\":\"https:\/\/glareone.eu\/pl\/produkt\/glareone-antares-600-basic-kit\/#primaryimage\",\"url\":\"https:\/\/glareone.eu\/wp-content\/uploads\/2025\/12\/SANTARES600KITB_01.jpg\",\"contentUrl\":\"https:\/\/glareone.eu\/wp-content\/uploads\/2025\/12\/SANTARES600KITB_01.jpg\",\"width\":1200,\"height\":1200},{\"@type\":\"BreadcrumbList\",\"@id\":\"https:\/\/glareone.eu\/pl\/produkt\/glareone-antares-600-basic-kit\/#breadcrumb\",\"itemListElement\":[{\"@type\":\"ListItem\",\"position\":1,\"name\":\"Strona g\u0142\u00f3wna\",\"item\":\"https:\/\/glareone.eu\/pl\/\"},{\"@type\":\"ListItem\",\"position\":2,\"name\":\"Wszystkie produkty\",\"item\":\"https:\/\/glareone.eu\/pl\/produkty\/wszystkie-produkty\/\"},{\"@type\":\"ListItem\",\"position\":3,\"name\":\"GlareOne Antares 600 Basic Kit\"}]},{\"@type\":\"WebSite\",\"@id\":\"https:\/\/glareone.eu\/pl\/en\/#website\",\"url\":\"https:\/\/glareone.eu\/pl\/en\/\",\"name\":\"GlareOne\",\"description\":\"Wyposa\u017cenie Studia\",\"publisher\":{\"@id\":\"https:\/\/glareone.eu\/pl\/en\/#organization\"},\"potentialAction\":[{\"@type\":\"SearchAction\",\"target\":{\"@type\":\"EntryPoint\",\"urlTemplate\":\"https:\/\/glareone.eu\/pl\/en\/?s={search_term_string}\"},\"query-input\":{\"@type\":\"PropertyValueSpecification\",\"valueRequired\":true,\"valueName\":\"search_term_string\"}}],\"inLanguage\":\"pl-PL\"},{\"@type\":\"Organization\",\"@id\":\"https:\/\/glareone.eu\/pl\/en\/#organization\",\"name\":\"GlareOne\",\"url\":\"https:\/\/glareone.eu\/pl\/en\/\",\"logo\":{\"@type\":\"ImageObject\",\"inLanguage\":\"pl-PL\",\"@id\":\"https:\/\/glareone.eu\/pl\/en\/#\/schema\/logo\/image\/\",\"url\":\"http:\/\/glareone.eu\/wp-content\/uploads\/2024\/05\/glareone_logo2020_RGB-01-e1715773127189.png\",\"contentUrl\":\"http:\/\/glareone.eu\/wp-content\/uploads\/2024\/05\/glareone_logo2020_RGB-01-e1715773127189.png\",\"width\":1270,\"height\":321,\"caption\":\"GlareOne\"},\"image\":{\"@id\":\"https:\/\/glareone.eu\/pl\/en\/#\/schema\/logo\/image\/\"},\"sameAs\":[\"https:\/\/www.facebook.com\/GlareOneLighting\",\"https:\/\/www.instagram.com\/glareonelighting\/\",\"https:\/\/www.youtube.com\/@GlareOneTV\"]}]}<\/script>\n<!-- \/ Yoast SEO plugin. -->","yoast_head_json":{"title":"GlareOne Antares 600 Basic Kit","robots":{"index":"index","follow":"follow","max-snippet":"max-snippet:-1","max-image-preview":"max-image-preview:large","max-video-preview":"max-video-preview:-1"},"canonical":"https:\/\/glareone.eu\/pl\/produkt\/glareone-antares-600-basic-kit\/","og_locale":"pl_PL","og_type":"article","og_title":"GlareOne Antares 600","og_description":"Zestaw do fotografii studyjnej zawieraj\u0105cy 2 lampy, 2 statywy, softbox prostok\u0105tny 60&#215;90 cm, softbox oktagonalny 95 cm oraz wyzwalacz radiowy. Zastosowanie GlareOne Antares 600 Basic Kit umo\u017cliwi nie tylko nauk\u0119 pracy ze \u015bwiat\u0142em b\u0142yskowym, ale pozwoli r\u00f3wnie\u017c na wykonywanie fenomenalnych zdj\u0119\u0107. Dzi\u0119ki zestawowi zyskasz ogromn\u0105 swobod\u0119 w rozbudowie arsena\u0142u modyfikator\u00f3w \u015bwiat\u0142a o kolejne opcje, takie [&hellip;]","og_url":"https:\/\/glareone.eu\/pl\/produkt\/glareone-antares-600-basic-kit\/","og_site_name":"GlareOne","article_publisher":"https:\/\/www.facebook.com\/GlareOneLighting","article_modified_time":"2025-12-11T13:12:58+00:00","og_image":[{"width":1200,"height":1200,"url":"https:\/\/glareone.eu\/wp-content\/uploads\/2025\/12\/SANTARES600KITB_01.jpg","type":"image\/jpeg"}],"twitter_card":"summary_large_image","twitter_title":"GlareOne Antares 600","twitter_misc":{"Szacowany czas czytania":"2 minuty"},"schema":{"@context":"https:\/\/schema.org","@graph":[{"@type":"WebPage","@id":"https:\/\/glareone.eu\/pl\/produkt\/glareone-antares-600-basic-kit\/","url":"https:\/\/glareone.eu\/pl\/produkt\/glareone-antares-600-basic-kit\/","name":"GlareOne Antares 600 Basic Kit","isPartOf":{"@id":"https:\/\/glareone.eu\/pl\/en\/#website"},"primaryImageOfPage":{"@id":"https:\/\/glareone.eu\/pl\/produkt\/glareone-antares-600-basic-kit\/#primaryimage"},"image":{"@id":"https:\/\/glareone.eu\/pl\/produkt\/glareone-antares-600-basic-kit\/#primaryimage"},"thumbnailUrl":"https:\/\/glareone.eu\/wp-content\/uploads\/2025\/12\/SANTARES600KITB_01.jpg","datePublished":"2025-12-11T13:00:37+00:00","dateModified":"2025-12-11T13:12:58+00:00","breadcrumb":{"@id":"https:\/\/glareone.eu\/pl\/produkt\/glareone-antares-600-basic-kit\/#breadcrumb"},"inLanguage":"pl-PL","potentialAction":[{"@type":"ReadAction","target":["https:\/\/glareone.eu\/pl\/produkt\/glareone-antares-600-basic-kit\/"]}]},{"@type":"ImageObject","inLanguage":"pl-PL","@id":"https:\/\/glareone.eu\/pl\/produkt\/glareone-antares-600-basic-kit\/#primaryimage","url":"https:\/\/glareone.eu\/wp-content\/uploads\/2025\/12\/SANTARES600KITB_01.jpg","contentUrl":"https:\/\/glareone.eu\/wp-content\/uploads\/2025\/12\/SANTARES600KITB_01.jpg","width":1200,"height":1200},{"@type":"BreadcrumbList","@id":"https:\/\/glareone.eu\/pl\/produkt\/glareone-antares-600-basic-kit\/#breadcrumb","itemListElement":[{"@type":"ListItem","position":1,"name":"Strona g\u0142\u00f3wna","item":"https:\/\/glareone.eu\/pl\/"},{"@type":"ListItem","position":2,"name":"Wszystkie produkty","item":"https:\/\/glareone.eu\/pl\/produkty\/wszystkie-produkty\/"},{"@type":"ListItem","position":3,"name":"GlareOne Antares 600 Basic Kit"}]},{"@type":"WebSite","@id":"https:\/\/glareone.eu\/pl\/en\/#website","url":"https:\/\/glareone.eu\/pl\/en\/","name":"GlareOne","description":"Wyposa\u017cenie Studia","publisher":{"@id":"https:\/\/glareone.eu\/pl\/en\/#organization"},"potentialAction":[{"@type":"SearchAction","target":{"@type":"EntryPoint","urlTemplate":"https:\/\/glareone.eu\/pl\/en\/?s={search_term_string}"},"query-input":{"@type":"PropertyValueSpecification","valueRequired":true,"valueName":"search_term_string"}}],"inLanguage":"pl-PL"},{"@type":"Organization","@id":"https:\/\/glareone.eu\/pl\/en\/#organization","name":"GlareOne","url":"https:\/\/glareone.eu\/pl\/en\/","logo":{"@type":"ImageObject","inLanguage":"pl-PL","@id":"https:\/\/glareone.eu\/pl\/en\/#\/schema\/logo\/image\/","url":"http:\/\/glareone.eu\/wp-content\/uploads\/2024\/05\/glareone_logo2020_RGB-01-e1715773127189.png","contentUrl":"http:\/\/glareone.eu\/wp-content\/uploads\/2024\/05\/glareone_logo2020_RGB-01-e1715773127189.png","width":1270,"height":321,"caption":"GlareOne"},"image":{"@id":"https:\/\/glareone.eu\/pl\/en\/#\/schema\/logo\/image\/"},"sameAs":["https:\/\/www.facebook.com\/GlareOneLighting","https:\/\/www.instagram.com\/glareonelighting\/","https:\/\/www.youtube.com\/@GlareOneTV"]}]}},"_links":{"self":[{"href":"https:\/\/glareone.eu\/pl\/wp-json\/wp\/v2\/product\/22822","targetHints":{"allow":["GET"]}}],"collection":[{"href":"https:\/\/glareone.eu\/pl\/wp-json\/wp\/v2\/product"}],"about":[{"href":"https:\/\/glareone.eu\/pl\/wp-json\/wp\/v2\/types\/product"}],"wp:featuredmedia":[{"embeddable":true,"href":"https:\/\/glareone.eu\/pl\/wp-json\/wp\/v2\/media\/22827"}],"wp:attachment":[{"href":"https:\/\/glareone.eu\/pl\/wp-json\/wp\/v2\/media?parent=22822"}],"wp:term":[{"taxonomy":"product_brand","embeddable":true,"href":"https:\/\/glareone.eu\/pl\/wp-json\/wp\/v2\/product_brand?post=22822"},{"taxonomy":"product_cat","embeddable":true,"href":"https:\/\/glareone.eu\/pl\/wp-json\/wp\/v2\/product_cat?post=22822"},{"taxonomy":"product_tag","embeddable":true,"href":"https:\/\/glareone.eu\/pl\/wp-json\/wp\/v2\/product_tag?post=22822"}],"curies":[{"name":"wp","href":"https:\/\/api.w.org\/{rel}","templated":true}]}}