{"id":22515,"date":"2025-11-17T13:03:17","date_gmt":"2025-11-17T13:03:17","guid":{"rendered":"https:\/\/glareone.eu\/?post_type=product&#038;p=22515"},"modified":"2026-01-21T11:33:11","modified_gmt":"2026-01-21T11:33:11","slug":"glareone-talos-s","status":"publish","type":"product","link":"https:\/\/glareone.eu\/pl\/produkt\/glareone-talos-s\/","title":{"rendered":"GlareOne Talos S"},"content":{"rendered":"<p><span style=\"font-weight: 400;\">GlareOne Talos S to najmniejszy wyzwalacz w ofercie GlareOne. Wyposa\u017cony w kolorowy, dotykowy wy\u015bwietlacz OLED, wspiera High-Speed Sync (HSS) do 1\/8000 sekundy.\u00a0<\/span><\/p>\n<p style=\"margin: 1cm 4cm;\">\n<div class='avia-iframe-wrap'><iframe loading=\"lazy\" title=\"GlareOne Talos i Talos S - prezentacja nadajnika\" width=\"1500\" height=\"844\" src=\"https:\/\/www.youtube.com\/embed\/amlK6yGE4VM?feature=oembed\" frameborder=\"0\" allow=\"accelerometer; autoplay; clipboard-write; encrypted-media; gyroscope; picture-in-picture; web-share\" referrerpolicy=\"strict-origin-when-cross-origin\" allowfullscreen><\/iframe><\/div>\n<\/p>\n<h4>Miniaturowy rozmiar i dotykowy ekran OLED<\/h4>\n<p>Nadajnik Talos S jest lekki i kompaktowy, co zapewnia wygod\u0119 w u\u017cytkowaniu i \u0142atwo\u015b\u0107 transportu.<\/p>\n<p>Jasny, dotykowy ekran OLED (osi\u0105ga do 2500 nit\u00f3w) z pow\u0142ok\u0105 antyrefleksyjn\u0105 gwarantuje doskona\u0142\u0105 widoczno\u015b\u0107 w ka\u017cdych warunkach. Intuicyjny interfejs, szybki dost\u0119p do ustawie\u0144 i mo\u017cliwo\u015b\u0107 personalizacji wy\u015bwietlanych kolor\u00f3w sprawiaj\u0105, \u017ce obs\u0142uga Talos S jest szybka i przyjemna.<\/p>\n<h4>Zasi\u0119g i komunikacja<\/h4>\n<p>Nadajnik dzia\u0142a na cz\u0119stotliwo\u015bci 2.4 GHz, umo\u017cliwiaj\u0105c stabiln\u0105 komunikacj\u0119 z lampami w promieniu do 80 metr\u00f3w. Obs\u0142uguje 6 grup i 32 kana\u0142y komunikacji, co pozwala na precyzyjne i niezawodne sterowanie wieloma \u017ar\u00f3d\u0142ami \u015bwiat\u0142a.<\/p>\n<h4>Kompatybilno\u015b\u0107 i zasilanie<\/h4>\n<p>GlareOne Talos S jest w pe\u0142ni kompatybilny z aparatami Sony (Multi Interface Shoe), dzi\u0119ki czemu gwarantuje stabilne i natychmiastowe wyzwalanie b\u0142ysku. Urz\u0105dzenie jest zasilane wbudowanym akumulatorem, kt\u00f3ry pozwala na wiele godzin pracy, a \u0142adowane poprzez USB-C sprawia, \u017ce wyzwalacz mo\u017cna na\u0142adowa\u0107 szybko i wygodnie w ka\u017cdej sytuacji, nawet z powerbanka.<\/p>\n<h4>HSS i TTL<\/h4>\n<p>Nadajnik GlareOne Talos S wspiera zaawansowane funkcje fotograficzne, takie jak High-Speed Sync (HSS) do 1\/8000 sekundy oraz obs\u0142ug\u0119 TTL, co umo\u017cliwia dok\u0142adne i automatyczne dostosowanie mocy b\u0142ysku do warunk\u00f3w o\u015bwietleniowych.<\/p>\n<h4>Cechy nadajnika GlareOne Talos S:<\/h4>\n<ul>\n<li>ekran dotykowy OLED 1,43\u201d,<\/li>\n<li>wygodne pokr\u0119t\u0142o steruj\u0105ce moc\u0105,<\/li>\n<li>zasi\u0119g do 80 m,<\/li>\n<li>cz\u0119stotliwo\u015b\u0107 2.4 Ghz,<\/li>\n<li>mo\u017cliwo\u015b\u0107 automatycznego sparowania z lamp\u0105,<\/li>\n<li>16 grup i 32 kana\u0142y komunikacji,<\/li>\n<li><span style=\"font-weight: 400;\">wsp\u00f3\u0142pracuje z lampami Vega, Antares, Apus, Botis,<\/span><\/li>\n<li>wbudowany akumulator wystarczaj\u0105cy na 8h ci\u0105g\u0142ej pracy lub 30 000 zdj\u0119\u0107,<\/li>\n<li>\u0142adowanie USB-C,<\/li>\n<li><span style=\"font-weight: 400;\"> kompatybilny z Sony poprzez stopk\u0119 Sony Multi Interface (Talos S),<\/span><\/li>\n<li>funkcja pe\u0142nej komunikacji z aparatem lub w pe\u0142ni manualnej,<\/li>\n<li>obs\u0142uga automatycznego trybu TTL, HSS do 1\/8000 s oraz MULTI,<\/li>\n<li>obs\u0142uga funkcji FREEZE,<\/li>\n<li>zmiana koloru interface.<\/li>\n<\/ul>\n<h4>W pude\u0142ku znajduje si\u0119:<\/h4>\n<p>1x nadajnik<br \/>\n1x instrukcja obs\u0142ugi<\/p>\n","protected":false},"excerpt":{"rendered":"<p>GlareOne Talos S to najmniejszy wyzwalacz w ofercie GlareOne. Wyposa\u017cony w kolorowy, dotykowy wy\u015bwietlacz OLED, wspiera High-Speed Sync (HSS) do 1\/8000 sekundy.\u00a0 Miniaturowy rozmiar i dotykowy ekran OLED Nadajnik Talos S jest lekki i kompaktowy, co zapewnia wygod\u0119 w u\u017cytkowaniu i \u0142atwo\u015b\u0107 transportu. Jasny, dotykowy ekran OLED (osi\u0105ga do 2500 nit\u00f3w) z pow\u0142ok\u0105 antyrefleksyjn\u0105 gwarantuje [&hellip;]<\/p>\n","protected":false},"featured_media":22522,"template":"","meta":[],"product_brand":[],"product_cat":[522],"product_tag":[],"class_list":{"0":"post-22515","1":"product","2":"type-product","3":"status-publish","4":"has-post-thumbnail","6":"product_cat-lampy-blyskowe-akumulatorowe","8":"first","9":"instock","10":"product-type-simple"},"yoast_head":"<!-- This site is optimized with the Yoast SEO plugin v27.2 - https:\/\/yoast.com\/product\/yoast-seo-wordpress\/ -->\n<title>GlareOne Talos S<\/title>\n<meta name=\"description\" content=\"GlareOne Talos S\" \/>\n<meta name=\"robots\" content=\"index, follow, max-snippet:-1, max-image-preview:large, max-video-preview:-1\" \/>\n<link rel=\"canonical\" href=\"https:\/\/glareone.eu\/pl\/produkt\/glareone-talos-s\/\" \/>\n<meta property=\"og:locale\" content=\"pl_PL\" \/>\n<meta property=\"og:type\" content=\"article\" \/>\n<meta property=\"og:title\" content=\"GlareOne Botis 400\" \/>\n<meta property=\"og:description\" content=\"GlareOne Talos S\" \/>\n<meta property=\"og:url\" content=\"https:\/\/glareone.eu\/pl\/produkt\/glareone-talos-s\/\" \/>\n<meta property=\"og:site_name\" content=\"GlareOne\" \/>\n<meta property=\"article:publisher\" content=\"https:\/\/www.facebook.com\/GlareOneLighting\" \/>\n<meta property=\"article:modified_time\" content=\"2026-01-21T11:33:11+00:00\" \/>\n<meta property=\"og:image\" content=\"https:\/\/glareone.eu\/wp-content\/uploads\/2025\/11\/SOTALOSS_01.jpg\" \/>\n\t<meta property=\"og:image:width\" content=\"1200\" \/>\n\t<meta property=\"og:image:height\" content=\"1200\" \/>\n\t<meta property=\"og:image:type\" content=\"image\/jpeg\" \/>\n<meta name=\"twitter:card\" content=\"summary_large_image\" \/>\n<meta name=\"twitter:title\" content=\"GlareOne Botis 400\" \/>\n<script type=\"application\/ld+json\" class=\"yoast-schema-graph\">{\"@context\":\"https:\/\/schema.org\",\"@graph\":[{\"@type\":\"WebPage\",\"@id\":\"https:\/\/glareone.eu\/pl\/produkt\/glareone-talos-s\/\",\"url\":\"https:\/\/glareone.eu\/pl\/produkt\/glareone-talos-s\/\",\"name\":\"GlareOne Talos S\",\"isPartOf\":{\"@id\":\"https:\/\/glareone.eu\/pl\/en\/#website\"},\"primaryImageOfPage\":{\"@id\":\"https:\/\/glareone.eu\/pl\/produkt\/glareone-talos-s\/#primaryimage\"},\"image\":{\"@id\":\"https:\/\/glareone.eu\/pl\/produkt\/glareone-talos-s\/#primaryimage\"},\"thumbnailUrl\":\"https:\/\/glareone.eu\/wp-content\/uploads\/2025\/11\/SOTALOSS_01.jpg\",\"datePublished\":\"2025-11-17T13:03:17+00:00\",\"dateModified\":\"2026-01-21T11:33:11+00:00\",\"description\":\"GlareOne Talos S\",\"breadcrumb\":{\"@id\":\"https:\/\/glareone.eu\/pl\/produkt\/glareone-talos-s\/#breadcrumb\"},\"inLanguage\":\"pl-PL\",\"potentialAction\":[{\"@type\":\"ReadAction\",\"target\":[\"https:\/\/glareone.eu\/pl\/produkt\/glareone-talos-s\/\"]}]},{\"@type\":\"ImageObject\",\"inLanguage\":\"pl-PL\",\"@id\":\"https:\/\/glareone.eu\/pl\/produkt\/glareone-talos-s\/#primaryimage\",\"url\":\"https:\/\/glareone.eu\/wp-content\/uploads\/2025\/11\/SOTALOSS_01.jpg\",\"contentUrl\":\"https:\/\/glareone.eu\/wp-content\/uploads\/2025\/11\/SOTALOSS_01.jpg\",\"width\":1200,\"height\":1200},{\"@type\":\"BreadcrumbList\",\"@id\":\"https:\/\/glareone.eu\/pl\/produkt\/glareone-talos-s\/#breadcrumb\",\"itemListElement\":[{\"@type\":\"ListItem\",\"position\":1,\"name\":\"Strona g\u0142\u00f3wna\",\"item\":\"https:\/\/glareone.eu\/pl\/\"},{\"@type\":\"ListItem\",\"position\":2,\"name\":\"Wszystkie produkty\",\"item\":\"https:\/\/glareone.eu\/pl\/produkty\/wszystkie-produkty\/\"},{\"@type\":\"ListItem\",\"position\":3,\"name\":\"GlareOne Talos S\"}]},{\"@type\":\"WebSite\",\"@id\":\"https:\/\/glareone.eu\/pl\/en\/#website\",\"url\":\"https:\/\/glareone.eu\/pl\/en\/\",\"name\":\"GlareOne\",\"description\":\"Wyposa\u017cenie Studia\",\"publisher\":{\"@id\":\"https:\/\/glareone.eu\/pl\/en\/#organization\"},\"potentialAction\":[{\"@type\":\"SearchAction\",\"target\":{\"@type\":\"EntryPoint\",\"urlTemplate\":\"https:\/\/glareone.eu\/pl\/en\/?s={search_term_string}\"},\"query-input\":{\"@type\":\"PropertyValueSpecification\",\"valueRequired\":true,\"valueName\":\"search_term_string\"}}],\"inLanguage\":\"pl-PL\"},{\"@type\":\"Organization\",\"@id\":\"https:\/\/glareone.eu\/pl\/en\/#organization\",\"name\":\"GlareOne\",\"url\":\"https:\/\/glareone.eu\/pl\/en\/\",\"logo\":{\"@type\":\"ImageObject\",\"inLanguage\":\"pl-PL\",\"@id\":\"https:\/\/glareone.eu\/pl\/en\/#\/schema\/logo\/image\/\",\"url\":\"http:\/\/glareone.eu\/wp-content\/uploads\/2024\/05\/glareone_logo2020_RGB-01-e1715773127189.png\",\"contentUrl\":\"http:\/\/glareone.eu\/wp-content\/uploads\/2024\/05\/glareone_logo2020_RGB-01-e1715773127189.png\",\"width\":1270,\"height\":321,\"caption\":\"GlareOne\"},\"image\":{\"@id\":\"https:\/\/glareone.eu\/pl\/en\/#\/schema\/logo\/image\/\"},\"sameAs\":[\"https:\/\/www.facebook.com\/GlareOneLighting\",\"https:\/\/www.instagram.com\/glareonelighting\/\",\"https:\/\/www.youtube.com\/@GlareOneTV\"]}]}<\/script>\n<!-- \/ Yoast SEO plugin. -->","yoast_head_json":{"title":"GlareOne Talos S","description":"GlareOne Talos S","robots":{"index":"index","follow":"follow","max-snippet":"max-snippet:-1","max-image-preview":"max-image-preview:large","max-video-preview":"max-video-preview:-1"},"canonical":"https:\/\/glareone.eu\/pl\/produkt\/glareone-talos-s\/","og_locale":"pl_PL","og_type":"article","og_title":"GlareOne Botis 400","og_description":"GlareOne Talos S","og_url":"https:\/\/glareone.eu\/pl\/produkt\/glareone-talos-s\/","og_site_name":"GlareOne","article_publisher":"https:\/\/www.facebook.com\/GlareOneLighting","article_modified_time":"2026-01-21T11:33:11+00:00","og_image":[{"width":1200,"height":1200,"url":"https:\/\/glareone.eu\/wp-content\/uploads\/2025\/11\/SOTALOSS_01.jpg","type":"image\/jpeg"}],"twitter_card":"summary_large_image","twitter_title":"GlareOne Botis 400","schema":{"@context":"https:\/\/schema.org","@graph":[{"@type":"WebPage","@id":"https:\/\/glareone.eu\/pl\/produkt\/glareone-talos-s\/","url":"https:\/\/glareone.eu\/pl\/produkt\/glareone-talos-s\/","name":"GlareOne Talos S","isPartOf":{"@id":"https:\/\/glareone.eu\/pl\/en\/#website"},"primaryImageOfPage":{"@id":"https:\/\/glareone.eu\/pl\/produkt\/glareone-talos-s\/#primaryimage"},"image":{"@id":"https:\/\/glareone.eu\/pl\/produkt\/glareone-talos-s\/#primaryimage"},"thumbnailUrl":"https:\/\/glareone.eu\/wp-content\/uploads\/2025\/11\/SOTALOSS_01.jpg","datePublished":"2025-11-17T13:03:17+00:00","dateModified":"2026-01-21T11:33:11+00:00","description":"GlareOne Talos S","breadcrumb":{"@id":"https:\/\/glareone.eu\/pl\/produkt\/glareone-talos-s\/#breadcrumb"},"inLanguage":"pl-PL","potentialAction":[{"@type":"ReadAction","target":["https:\/\/glareone.eu\/pl\/produkt\/glareone-talos-s\/"]}]},{"@type":"ImageObject","inLanguage":"pl-PL","@id":"https:\/\/glareone.eu\/pl\/produkt\/glareone-talos-s\/#primaryimage","url":"https:\/\/glareone.eu\/wp-content\/uploads\/2025\/11\/SOTALOSS_01.jpg","contentUrl":"https:\/\/glareone.eu\/wp-content\/uploads\/2025\/11\/SOTALOSS_01.jpg","width":1200,"height":1200},{"@type":"BreadcrumbList","@id":"https:\/\/glareone.eu\/pl\/produkt\/glareone-talos-s\/#breadcrumb","itemListElement":[{"@type":"ListItem","position":1,"name":"Strona g\u0142\u00f3wna","item":"https:\/\/glareone.eu\/pl\/"},{"@type":"ListItem","position":2,"name":"Wszystkie produkty","item":"https:\/\/glareone.eu\/pl\/produkty\/wszystkie-produkty\/"},{"@type":"ListItem","position":3,"name":"GlareOne Talos S"}]},{"@type":"WebSite","@id":"https:\/\/glareone.eu\/pl\/en\/#website","url":"https:\/\/glareone.eu\/pl\/en\/","name":"GlareOne","description":"Wyposa\u017cenie Studia","publisher":{"@id":"https:\/\/glareone.eu\/pl\/en\/#organization"},"potentialAction":[{"@type":"SearchAction","target":{"@type":"EntryPoint","urlTemplate":"https:\/\/glareone.eu\/pl\/en\/?s={search_term_string}"},"query-input":{"@type":"PropertyValueSpecification","valueRequired":true,"valueName":"search_term_string"}}],"inLanguage":"pl-PL"},{"@type":"Organization","@id":"https:\/\/glareone.eu\/pl\/en\/#organization","name":"GlareOne","url":"https:\/\/glareone.eu\/pl\/en\/","logo":{"@type":"ImageObject","inLanguage":"pl-PL","@id":"https:\/\/glareone.eu\/pl\/en\/#\/schema\/logo\/image\/","url":"http:\/\/glareone.eu\/wp-content\/uploads\/2024\/05\/glareone_logo2020_RGB-01-e1715773127189.png","contentUrl":"http:\/\/glareone.eu\/wp-content\/uploads\/2024\/05\/glareone_logo2020_RGB-01-e1715773127189.png","width":1270,"height":321,"caption":"GlareOne"},"image":{"@id":"https:\/\/glareone.eu\/pl\/en\/#\/schema\/logo\/image\/"},"sameAs":["https:\/\/www.facebook.com\/GlareOneLighting","https:\/\/www.instagram.com\/glareonelighting\/","https:\/\/www.youtube.com\/@GlareOneTV"]}]}},"_links":{"self":[{"href":"https:\/\/glareone.eu\/pl\/wp-json\/wp\/v2\/product\/22515","targetHints":{"allow":["GET"]}}],"collection":[{"href":"https:\/\/glareone.eu\/pl\/wp-json\/wp\/v2\/product"}],"about":[{"href":"https:\/\/glareone.eu\/pl\/wp-json\/wp\/v2\/types\/product"}],"wp:featuredmedia":[{"embeddable":true,"href":"https:\/\/glareone.eu\/pl\/wp-json\/wp\/v2\/media\/22522"}],"wp:attachment":[{"href":"https:\/\/glareone.eu\/pl\/wp-json\/wp\/v2\/media?parent=22515"}],"wp:term":[{"taxonomy":"product_brand","embeddable":true,"href":"https:\/\/glareone.eu\/pl\/wp-json\/wp\/v2\/product_brand?post=22515"},{"taxonomy":"product_cat","embeddable":true,"href":"https:\/\/glareone.eu\/pl\/wp-json\/wp\/v2\/product_cat?post=22515"},{"taxonomy":"product_tag","embeddable":true,"href":"https:\/\/glareone.eu\/pl\/wp-json\/wp\/v2\/product_tag?post=22515"}],"curies":[{"name":"wp","href":"https:\/\/api.w.org\/{rel}","templated":true}]}}