{"id":22475,"date":"2025-11-17T12:49:53","date_gmt":"2025-11-17T12:49:53","guid":{"rendered":"https:\/\/glareone.eu\/?post_type=product&#038;p=22475"},"modified":"2026-01-21T11:33:08","modified_gmt":"2026-01-21T11:33:08","slug":"glareone-talos","status":"publish","type":"product","link":"https:\/\/glareone.eu\/pl\/produkt\/glareone-talos\/","title":{"rendered":"GlareOne Talos"},"content":{"rendered":"<p>GlareOne Talos to najmniejszy wyzwalacz w ofercie GlareOne. Wyposa\u017cony w kolorowy, dotykowy wy\u015bwietlacz OLED, wspiera High-Speed Sync (HSS) do 1\/8000 sekundy oraz obs\u0142ug\u0119 TTL.<\/p>\n<p style=\"margin: 1cm 4cm;\">\n<div class='avia-iframe-wrap'><iframe loading=\"lazy\" title=\"GlareOne Talos i Talos S - prezentacja nadajnika\" width=\"1500\" height=\"844\" src=\"https:\/\/www.youtube.com\/embed\/amlK6yGE4VM?feature=oembed\" frameborder=\"0\" allow=\"accelerometer; autoplay; clipboard-write; encrypted-media; gyroscope; picture-in-picture; web-share\" referrerpolicy=\"strict-origin-when-cross-origin\" allowfullscreen><\/iframe><\/div>\n<\/p>\n<h4>Miniaturowy rozmiar i dotykowy ekran OLED<\/h4>\n<p>Nadajnik Talos jest lekki i kompaktowy, co zapewnia wygod\u0119 w u\u017cytkowaniu i \u0142atwo\u015b\u0107 transportu.<\/p>\n<p>Jasny, dotykowy ekran OLED (osi\u0105ga do 2500 nit\u00f3w) z pow\u0142ok\u0105 antyrefleksyjn\u0105 gwarantuje doskona\u0142\u0105 widoczno\u015b\u0107 w ka\u017cdych warunkach. Intuicyjny interfejs, szybki dost\u0119p do ustawie\u0144 i mo\u017cliwo\u015b\u0107 personalizacji wy\u015bwietlanych kolor\u00f3w sprawiaj\u0105, \u017ce obs\u0142uga nadajnika Talos jest szybka i przyjemna.<\/p>\n<h4>Zasi\u0119g i komunikacja<\/h4>\n<p>Nadajnik dzia\u0142a na cz\u0119stotliwo\u015bci 2.4 GHz, umo\u017cliwiaj\u0105c stabiln\u0105 komunikacj\u0119 z lampami w promieniu do 80 metr\u00f3w. Obs\u0142uguje 6 grup i 32 kana\u0142y komunikacji, co pozwala na precyzyjne i niezawodne sterowanie wieloma \u017ar\u00f3d\u0142ami \u015bwiat\u0142a.<\/p>\n<h4>Kompatybilno\u015b\u0107 i zasilanie<\/h4>\n<p>GlareOne Talos jest kompatybilny z aparatami Canon, Nikon, Fujifilm, Lumix oraz OM SYSTEM, co czyni go wszechstronnym narz\u0119dziem dla fotograf\u00f3w korzystaj\u0105cych z r\u00f3\u017cnych system\u00f3w. Zapewnia stabilne i natychmiastowe wyzwalanie b\u0142ysku. Urz\u0105dzenie jest zasilane wbudowanym akumulatorem, kt\u00f3ry pozwala na wiele godzin pracy, a \u0142adowane poprzez USB-C sprawia, \u017ce wyzwalacz mo\u017cna na\u0142adowa\u0107 szybko i wygodnie w ka\u017cdej sytuacji, nawet z powerbanka.<\/p>\n<h4>HSS i TTL<\/h4>\n<p>Nadajnik GlareOne Talos wspiera zaawansowane funkcje fotograficzne, takie jak High-Speed Sync (HSS) do 1\/8000 sekundy oraz obs\u0142ug\u0119 TTL, co umo\u017cliwia dok\u0142adne i automatyczne dostosowanie mocy b\u0142ysku do warunk\u00f3w o\u015bwietleniowych.<\/p>\n<h4>Cechy nadajnika GlareOne Talos:<\/h4>\n<ul>\n<li>ekran dotykowy OLED 1,43\u201d,<\/li>\n<li>wygodne pokr\u0119t\u0142o steruj\u0105ce moc\u0105,<\/li>\n<li>zasi\u0119g do 80 m,<\/li>\n<li>cz\u0119stotliwo\u015b\u0107 2.4 Ghz,<\/li>\n<li>mo\u017cliwo\u015b\u0107 automatycznego sparowania z lamp\u0105,<\/li>\n<li>16 grup i 32 kana\u0142y komunikacji,<\/li>\n<li><span style=\"font-weight: 400;\">wsp\u00f3\u0142pracuje z lampami Vega, Antares, Apus, Botis,<\/span><\/li>\n<li>wbudowany akumulator wystarczaj\u0105cy na 8h ci\u0105g\u0142ej pracy lub 30 000 zdj\u0119\u0107,<\/li>\n<li>\u0142adowanie USB-C,<\/li>\n<li>kompatybilny z aparatami Canon \/ Nikon \/ Fujifilm \/ Lumix \/ OM System,<\/li>\n<li>funkcja pe\u0142nej komunikacji z aparatem lub w pe\u0142ni manualnej,<\/li>\n<li>obs\u0142uga automatycznego trybu TTL, HSS do 1\/8000 s oraz MULTI,<\/li>\n<li>obs\u0142uga funkcji FREEZE,<\/li>\n<li>zmiana koloru interface.<\/li>\n<\/ul>\n<h4>W pude\u0142ku znajduje si\u0119:<\/h4>\n<p>1x nadajnik<br \/>\n1x instrukcja obs\u0142ugi<\/p>\n","protected":false},"excerpt":{"rendered":"<p>GlareOne Talos to najmniejszy wyzwalacz w ofercie GlareOne. Wyposa\u017cony w kolorowy, dotykowy wy\u015bwietlacz OLED, wspiera High-Speed Sync (HSS) do 1\/8000 sekundy oraz obs\u0142ug\u0119 TTL. Miniaturowy rozmiar i dotykowy ekran OLED Nadajnik Talos jest lekki i kompaktowy, co zapewnia wygod\u0119 w u\u017cytkowaniu i \u0142atwo\u015b\u0107 transportu. Jasny, dotykowy ekran OLED (osi\u0105ga do 2500 nit\u00f3w) z pow\u0142ok\u0105 antyrefleksyjn\u0105 [&hellip;]<\/p>\n","protected":false},"featured_media":22480,"template":"","meta":[],"product_brand":[],"product_cat":[522],"product_tag":[],"class_list":{"0":"post-22475","1":"product","2":"type-product","3":"status-publish","4":"has-post-thumbnail","6":"product_cat-lampy-blyskowe-akumulatorowe","8":"first","9":"instock","10":"product-type-simple"},"yoast_head":"<!-- This site is optimized with the Yoast SEO plugin v27.2 - https:\/\/yoast.com\/product\/yoast-seo-wordpress\/ -->\n<title>GlareOne Talos<\/title>\n<meta name=\"description\" content=\"GlareOne Talos\" \/>\n<meta name=\"robots\" content=\"index, follow, max-snippet:-1, max-image-preview:large, max-video-preview:-1\" \/>\n<link rel=\"canonical\" href=\"https:\/\/glareone.eu\/pl\/produkt\/glareone-talos\/\" \/>\n<meta property=\"og:locale\" content=\"pl_PL\" \/>\n<meta property=\"og:type\" content=\"article\" \/>\n<meta property=\"og:title\" content=\"GlareOne Botis 400\" \/>\n<meta property=\"og:description\" content=\"GlareOne Talos\" \/>\n<meta property=\"og:url\" content=\"https:\/\/glareone.eu\/pl\/produkt\/glareone-talos\/\" \/>\n<meta property=\"og:site_name\" content=\"GlareOne\" \/>\n<meta property=\"article:publisher\" content=\"https:\/\/www.facebook.com\/GlareOneLighting\" \/>\n<meta property=\"article:modified_time\" content=\"2026-01-21T11:33:08+00:00\" \/>\n<meta property=\"og:image\" content=\"https:\/\/glareone.eu\/wp-content\/uploads\/2025\/11\/SOTALOS_01.jpg\" \/>\n\t<meta property=\"og:image:width\" content=\"1200\" \/>\n\t<meta property=\"og:image:height\" content=\"1200\" \/>\n\t<meta property=\"og:image:type\" content=\"image\/jpeg\" \/>\n<meta name=\"twitter:card\" content=\"summary_large_image\" \/>\n<meta name=\"twitter:title\" content=\"GlareOne Botis 400\" \/>\n<meta name=\"twitter:label1\" content=\"Szacowany czas czytania\" \/>\n\t<meta name=\"twitter:data1\" content=\"2 minuty\" \/>\n<script type=\"application\/ld+json\" class=\"yoast-schema-graph\">{\"@context\":\"https:\/\/schema.org\",\"@graph\":[{\"@type\":\"WebPage\",\"@id\":\"https:\/\/glareone.eu\/pl\/produkt\/glareone-talos\/\",\"url\":\"https:\/\/glareone.eu\/pl\/produkt\/glareone-talos\/\",\"name\":\"GlareOne Talos\",\"isPartOf\":{\"@id\":\"https:\/\/glareone.eu\/pl\/en\/#website\"},\"primaryImageOfPage\":{\"@id\":\"https:\/\/glareone.eu\/pl\/produkt\/glareone-talos\/#primaryimage\"},\"image\":{\"@id\":\"https:\/\/glareone.eu\/pl\/produkt\/glareone-talos\/#primaryimage\"},\"thumbnailUrl\":\"https:\/\/glareone.eu\/wp-content\/uploads\/2025\/11\/SOTALOS_01.jpg\",\"datePublished\":\"2025-11-17T12:49:53+00:00\",\"dateModified\":\"2026-01-21T11:33:08+00:00\",\"description\":\"GlareOne Talos\",\"breadcrumb\":{\"@id\":\"https:\/\/glareone.eu\/pl\/produkt\/glareone-talos\/#breadcrumb\"},\"inLanguage\":\"pl-PL\",\"potentialAction\":[{\"@type\":\"ReadAction\",\"target\":[\"https:\/\/glareone.eu\/pl\/produkt\/glareone-talos\/\"]}]},{\"@type\":\"ImageObject\",\"inLanguage\":\"pl-PL\",\"@id\":\"https:\/\/glareone.eu\/pl\/produkt\/glareone-talos\/#primaryimage\",\"url\":\"https:\/\/glareone.eu\/wp-content\/uploads\/2025\/11\/SOTALOS_01.jpg\",\"contentUrl\":\"https:\/\/glareone.eu\/wp-content\/uploads\/2025\/11\/SOTALOS_01.jpg\",\"width\":1200,\"height\":1200},{\"@type\":\"BreadcrumbList\",\"@id\":\"https:\/\/glareone.eu\/pl\/produkt\/glareone-talos\/#breadcrumb\",\"itemListElement\":[{\"@type\":\"ListItem\",\"position\":1,\"name\":\"Strona g\u0142\u00f3wna\",\"item\":\"https:\/\/glareone.eu\/pl\/\"},{\"@type\":\"ListItem\",\"position\":2,\"name\":\"Wszystkie produkty\",\"item\":\"https:\/\/glareone.eu\/pl\/produkty\/wszystkie-produkty\/\"},{\"@type\":\"ListItem\",\"position\":3,\"name\":\"GlareOne Talos\"}]},{\"@type\":\"WebSite\",\"@id\":\"https:\/\/glareone.eu\/pl\/en\/#website\",\"url\":\"https:\/\/glareone.eu\/pl\/en\/\",\"name\":\"GlareOne\",\"description\":\"Wyposa\u017cenie Studia\",\"publisher\":{\"@id\":\"https:\/\/glareone.eu\/pl\/en\/#organization\"},\"potentialAction\":[{\"@type\":\"SearchAction\",\"target\":{\"@type\":\"EntryPoint\",\"urlTemplate\":\"https:\/\/glareone.eu\/pl\/en\/?s={search_term_string}\"},\"query-input\":{\"@type\":\"PropertyValueSpecification\",\"valueRequired\":true,\"valueName\":\"search_term_string\"}}],\"inLanguage\":\"pl-PL\"},{\"@type\":\"Organization\",\"@id\":\"https:\/\/glareone.eu\/pl\/en\/#organization\",\"name\":\"GlareOne\",\"url\":\"https:\/\/glareone.eu\/pl\/en\/\",\"logo\":{\"@type\":\"ImageObject\",\"inLanguage\":\"pl-PL\",\"@id\":\"https:\/\/glareone.eu\/pl\/en\/#\/schema\/logo\/image\/\",\"url\":\"http:\/\/glareone.eu\/wp-content\/uploads\/2024\/05\/glareone_logo2020_RGB-01-e1715773127189.png\",\"contentUrl\":\"http:\/\/glareone.eu\/wp-content\/uploads\/2024\/05\/glareone_logo2020_RGB-01-e1715773127189.png\",\"width\":1270,\"height\":321,\"caption\":\"GlareOne\"},\"image\":{\"@id\":\"https:\/\/glareone.eu\/pl\/en\/#\/schema\/logo\/image\/\"},\"sameAs\":[\"https:\/\/www.facebook.com\/GlareOneLighting\",\"https:\/\/www.instagram.com\/glareonelighting\/\",\"https:\/\/www.youtube.com\/@GlareOneTV\"]}]}<\/script>\n<!-- \/ Yoast SEO plugin. -->","yoast_head_json":{"title":"GlareOne Talos","description":"GlareOne Talos","robots":{"index":"index","follow":"follow","max-snippet":"max-snippet:-1","max-image-preview":"max-image-preview:large","max-video-preview":"max-video-preview:-1"},"canonical":"https:\/\/glareone.eu\/pl\/produkt\/glareone-talos\/","og_locale":"pl_PL","og_type":"article","og_title":"GlareOne Botis 400","og_description":"GlareOne Talos","og_url":"https:\/\/glareone.eu\/pl\/produkt\/glareone-talos\/","og_site_name":"GlareOne","article_publisher":"https:\/\/www.facebook.com\/GlareOneLighting","article_modified_time":"2026-01-21T11:33:08+00:00","og_image":[{"width":1200,"height":1200,"url":"https:\/\/glareone.eu\/wp-content\/uploads\/2025\/11\/SOTALOS_01.jpg","type":"image\/jpeg"}],"twitter_card":"summary_large_image","twitter_title":"GlareOne Botis 400","twitter_misc":{"Szacowany czas czytania":"2 minuty"},"schema":{"@context":"https:\/\/schema.org","@graph":[{"@type":"WebPage","@id":"https:\/\/glareone.eu\/pl\/produkt\/glareone-talos\/","url":"https:\/\/glareone.eu\/pl\/produkt\/glareone-talos\/","name":"GlareOne Talos","isPartOf":{"@id":"https:\/\/glareone.eu\/pl\/en\/#website"},"primaryImageOfPage":{"@id":"https:\/\/glareone.eu\/pl\/produkt\/glareone-talos\/#primaryimage"},"image":{"@id":"https:\/\/glareone.eu\/pl\/produkt\/glareone-talos\/#primaryimage"},"thumbnailUrl":"https:\/\/glareone.eu\/wp-content\/uploads\/2025\/11\/SOTALOS_01.jpg","datePublished":"2025-11-17T12:49:53+00:00","dateModified":"2026-01-21T11:33:08+00:00","description":"GlareOne Talos","breadcrumb":{"@id":"https:\/\/glareone.eu\/pl\/produkt\/glareone-talos\/#breadcrumb"},"inLanguage":"pl-PL","potentialAction":[{"@type":"ReadAction","target":["https:\/\/glareone.eu\/pl\/produkt\/glareone-talos\/"]}]},{"@type":"ImageObject","inLanguage":"pl-PL","@id":"https:\/\/glareone.eu\/pl\/produkt\/glareone-talos\/#primaryimage","url":"https:\/\/glareone.eu\/wp-content\/uploads\/2025\/11\/SOTALOS_01.jpg","contentUrl":"https:\/\/glareone.eu\/wp-content\/uploads\/2025\/11\/SOTALOS_01.jpg","width":1200,"height":1200},{"@type":"BreadcrumbList","@id":"https:\/\/glareone.eu\/pl\/produkt\/glareone-talos\/#breadcrumb","itemListElement":[{"@type":"ListItem","position":1,"name":"Strona g\u0142\u00f3wna","item":"https:\/\/glareone.eu\/pl\/"},{"@type":"ListItem","position":2,"name":"Wszystkie produkty","item":"https:\/\/glareone.eu\/pl\/produkty\/wszystkie-produkty\/"},{"@type":"ListItem","position":3,"name":"GlareOne Talos"}]},{"@type":"WebSite","@id":"https:\/\/glareone.eu\/pl\/en\/#website","url":"https:\/\/glareone.eu\/pl\/en\/","name":"GlareOne","description":"Wyposa\u017cenie Studia","publisher":{"@id":"https:\/\/glareone.eu\/pl\/en\/#organization"},"potentialAction":[{"@type":"SearchAction","target":{"@type":"EntryPoint","urlTemplate":"https:\/\/glareone.eu\/pl\/en\/?s={search_term_string}"},"query-input":{"@type":"PropertyValueSpecification","valueRequired":true,"valueName":"search_term_string"}}],"inLanguage":"pl-PL"},{"@type":"Organization","@id":"https:\/\/glareone.eu\/pl\/en\/#organization","name":"GlareOne","url":"https:\/\/glareone.eu\/pl\/en\/","logo":{"@type":"ImageObject","inLanguage":"pl-PL","@id":"https:\/\/glareone.eu\/pl\/en\/#\/schema\/logo\/image\/","url":"http:\/\/glareone.eu\/wp-content\/uploads\/2024\/05\/glareone_logo2020_RGB-01-e1715773127189.png","contentUrl":"http:\/\/glareone.eu\/wp-content\/uploads\/2024\/05\/glareone_logo2020_RGB-01-e1715773127189.png","width":1270,"height":321,"caption":"GlareOne"},"image":{"@id":"https:\/\/glareone.eu\/pl\/en\/#\/schema\/logo\/image\/"},"sameAs":["https:\/\/www.facebook.com\/GlareOneLighting","https:\/\/www.instagram.com\/glareonelighting\/","https:\/\/www.youtube.com\/@GlareOneTV"]}]}},"_links":{"self":[{"href":"https:\/\/glareone.eu\/pl\/wp-json\/wp\/v2\/product\/22475","targetHints":{"allow":["GET"]}}],"collection":[{"href":"https:\/\/glareone.eu\/pl\/wp-json\/wp\/v2\/product"}],"about":[{"href":"https:\/\/glareone.eu\/pl\/wp-json\/wp\/v2\/types\/product"}],"wp:featuredmedia":[{"embeddable":true,"href":"https:\/\/glareone.eu\/pl\/wp-json\/wp\/v2\/media\/22480"}],"wp:attachment":[{"href":"https:\/\/glareone.eu\/pl\/wp-json\/wp\/v2\/media?parent=22475"}],"wp:term":[{"taxonomy":"product_brand","embeddable":true,"href":"https:\/\/glareone.eu\/pl\/wp-json\/wp\/v2\/product_brand?post=22475"},{"taxonomy":"product_cat","embeddable":true,"href":"https:\/\/glareone.eu\/pl\/wp-json\/wp\/v2\/product_cat?post=22475"},{"taxonomy":"product_tag","embeddable":true,"href":"https:\/\/glareone.eu\/pl\/wp-json\/wp\/v2\/product_tag?post=22475"}],"curies":[{"name":"wp","href":"https:\/\/api.w.org\/{rel}","templated":true}]}}