{"id":22420,"date":"2025-11-17T12:22:34","date_gmt":"2025-11-17T12:22:34","guid":{"rendered":"https:\/\/glareone.eu\/?post_type=product&#038;p=22420"},"modified":"2025-12-15T08:27:48","modified_gmt":"2025-12-15T08:27:48","slug":"glareone-botis-600","status":"publish","type":"product","link":"https:\/\/glareone.eu\/pl\/produkt\/glareone-botis-600\/","title":{"rendered":"GlareOne Botis 600"},"content":{"rendered":"<p><span style=\"font-weight: 400;\">GlareOne Botis 600 to lampa b\u0142yskowa o mocy 600 Ws, oferuj\u0105ca bardzo mocne \u015bwiat\u0142o dla profesjonalist\u00f3w. Jest wyposa\u017cona w 40W \u015bwiat\u0142o BiColor LED. Dzi\u0119ki wydajnemu akumulatorowi Li-Ion, lampa wykona nawet 380 pe\u0142nych b\u0142ysk\u00f3w na jednym \u0142adowaniu. Wbudowane funkcje TTL i HSS zapewniaj\u0105 precyzyjne \u015bwiat\u0142o w ka\u017cdej sytuacji.<\/span><\/p>\n<p style=\"margin: 1cm 4cm;\">\n<div class='avia-iframe-wrap'><iframe loading=\"lazy\" title=\"GlareOne Botis 400 i 600 - prezentacja lamp\" width=\"1500\" height=\"844\" src=\"https:\/\/www.youtube.com\/embed\/6ciD6qxtX40?feature=oembed\" frameborder=\"0\" allow=\"accelerometer; autoplay; clipboard-write; encrypted-media; gyroscope; picture-in-picture; web-share\" referrerpolicy=\"strict-origin-when-cross-origin\" allowfullscreen><\/iframe><\/div>\n<\/p>\n<h4>Moc, wydajno\u015b\u0107 i technologia<\/h4>\n<p><span style=\"font-weight: 400;\">GlareOne Botis 600 to lampa o maksymalnej mocy b\u0142ysku 600 Ws. O jej wysokiej wydajno\u015bci decyduje zaawansowana technologia zastosowana w urz\u0105dzeniu oraz budowa palnika, kt\u00f3ra sprawia, \u017ce lampa osi\u0105ga du\u017co lepsze rezultaty ni\u017c konkurencyjne modele o mocy 500 czy 600 Ws.\u00a0<\/span><\/p>\n<p><span style=\"font-weight: 400;\">Silne \u017ar\u00f3d\u0142o \u015bwiat\u0142a doskonale sprawdza si\u0119 zar\u00f3wno podczas wymagaj\u0105cych sesji studyjnych, jak i w plenerze, szczeg\u00f3lnie przy u\u017cyciu czasz, kiedy efektywno\u015b\u0107 \u015bwietlna jest do 1,5 EV*<\/span><span style=\"font-weight: 400;\"> wi\u0119ksza (wzgl\u0119dem lamp innych producent\u00f3w).<\/span><\/p>\n<p><span style=\"font-weight: 400;\">Dzi\u0119ki efektywnemu systemowi ch\u0142odzenia lampa mo\u017ce by\u0107 intensywnie wykorzystywana podczas dynamicznych sesji, umo\u017cliwiaj\u0105c wykonanie 150 b\u0142ysk\u00f3w przy pe\u0142nej mocy bez przerwy. Czas \u0142adowania przy maksymalnej energii to zaledwie 0,9 sekundy, co pozwala utrzyma\u0107 szybkie tempo pracy.<\/span><\/p>\n<h4>Jako\u015b\u0107 \u015bwiat\u0142a<\/h4>\n<p><span style=\"font-weight: 400;\">Lampa wyposa\u017cona jest w du\u017cy, otwarty palnik, r\u00f3wnomiernie rozk\u0142adaj\u0105cy \u015bwiat\u0142o. To sprawia, \u017ce Botis 600 doskonale wsp\u00f3\u0142pracuje z modyfikatorami \u015bwiat\u0142a, takimi jak softboxy, parasole, czasze, strumienice czy beauty-dishe. Temperatura barwowa oraz widmo \u015bwiat\u0142a odpowiada naturalnemu \u015bwiat\u0142u dziennemu, gwarantuj\u0105c doskona\u0142e odwzorowanie kolor\u00f3w i detali na zdj\u0119ciach. Lampa charakteryzuje si\u0119 ponadto wysok\u0105 stabilno\u015bci\u0105 i powtarzalno\u015bci\u0105 b\u0142ysk\u00f3w. Palnik Botis 600 jest chroniony przez szklan\u0105 kopu\u0142\u0119, kt\u00f3ra zabezpiecza go przed uszkodzeniami.\u00a0<\/span><\/p>\n<h4>Kr\u00f3tki czas trwania b\u0142ysku<\/h4>\n<p><span style=\"font-weight: 400;\">Botis 600 posiada funkcj\u0119 Freeze, dzi\u0119ki kt\u00f3rej czas trwania b\u0142ysku mo\u017ce wynosi\u0107 od 1\/1000 s do 1\/27000 s (t0.5). To pozwala zrobi\u0107 ca\u0142kowicie zamro\u017cone zdj\u0119cia z u\u017cyciem lampy b\u0142yskowej. Na ekranie lampy wy\u015bwietla si\u0119 informacja o d\u0142ugo\u015bci b\u0142ysku, odpowiednia dla ustawionej mocy. U\u017cycie odpowiedniego czasu b\u0142ysku zapewni nam ostre zdj\u0119cia, a z\u0142apany na nich ruch zostanie zamro\u017cony.\u00a0<\/span><\/p>\n<h4>Akcesoria<\/h4>\n<p><span style=\"font-weight: 400;\">Botis 600 dostarczany jest w zestawie z czasz\u0105,\u00a0 gridem i kolorowymi filtrami, kt\u00f3re pozwalaj\u0105 na precyzyjne kierowanie \u015bwiat\u0142a lub jego zabarwienie. W zestawie znajduje si\u0119 r\u00f3wnie\u017c por\u0119czna walizka, w kt\u00f3rej bezpiecznie przetransportujemy lamp\u0119. Botis 600 ma mocowanie bagnetowe typu Bowens, kt\u00f3re pozwala na podpi\u0119cie ogromnej liczby przer\u00f3\u017cnych modyfikator\u00f3w i akcesori\u00f3w oferowanych przez GlareOne, ale te\u017c przez wielu innych producent\u00f3w.<\/span><\/p>\n<h4>Zdalne sterowanie i wsp\u00f3\u0142praca z wyzwalaczami<\/h4>\n<p><span style=\"font-weight: 400;\">GlareOne Botis 600 posiada tryb SLAVE, kt\u00f3ry umo\u017cliwia zdalne wyzwalanie lampy przez inne urz\u0105dzenia z systemu b\u0142ysku GlareOne. Dzi\u0119ki temu lampa oferuje pe\u0142n\u0105 swobod\u0119 w kreowaniu o\u015bwietlenia na planie zdj\u0119ciowym. GlareOne Botis 600 wsp\u00f3\u0142pracuje ze wszystkimi wyzwalaczami marki GlareOne, co u\u0142atwia jej integracj\u0119 z innymi lampami, zapewniaj\u0105c wygod\u0119 i elastyczno\u015b\u0107 w pracy.<\/span><\/p>\n<h4>Zaawansowane ustawienia kana\u0142\u00f3w i grup<\/h4>\n<p><span style=\"font-weight: 400;\">GlareOne Botis 600 umo\u017cliwia prac\u0119 w 16 grupach oraz na 32 kana\u0142ach, co daje szeroki zakres mo\u017cliwo\u015bci konfiguracji i kontroli nad wieloma lampami w r\u00f3\u017cnych warunkach. Dzi\u0119ki temu mo\u017cna precyzyjnie ustawi\u0107 parametry o\u015bwietlenia.<\/span><\/p>\n<h4>Automatyka HSS i TTL<\/h4>\n<p><span style=\"font-weight: 400;\">Lampa umo\u017cliwia synchronizacj\u0119 z bardzo kr\u00f3tkimi czasami migawki HSS, co jest szczeg\u00f3lnie przydatne podczas pracy w plenerze oraz w fotografii portretowej z p\u0142ytk\u0105 g\u0142\u0119bi\u0105 ostro\u015bci. Automatyczny pomiar \u015bwiat\u0142a TTL zapewnia uzyskanie idealnego o\u015bwietlenia bez potrzeby r\u0119cznego ustawiania parametr\u00f3w, co znacz\u0105co u\u0142atwia prac\u0119 i oszcz\u0119dza czas.<\/span><\/p>\n<h4>Akumulator<\/h4>\n<p><span style=\"font-weight: 400;\">Dzi\u0119ki zastosowaniu litowo-jonowego akumulatora, lampa GlareOne Botis 600 jest w stanie wykona\u0107 do 380 b\u0142ysk\u00f3w na jednym \u0142adowaniu, co zapewnia d\u0142ugotrwa\u0142\u0105 i niezawodn\u0105 prac\u0119 nawet podczas intensywnych sesji fotograficznych.<\/span><\/p>\n<h4>Regulacja mocy b\u0142ysku<\/h4>\n<p><span style=\"font-weight: 400;\">Lampa oferuje mo\u017cliwo\u015b\u0107 regulacji mocy b\u0142ysku w zakresie 9 stopni przys\u0142ony, co pozwala na precyzyjne dopasowanie mocy b\u0142ysku.\u00a0<\/span><\/p>\n<h4>Cechy lamp GlareOne Botis 400 i Botis 600:<\/h4>\n<p>&nbsp;<\/p>\n<table dir=\"ltr\" border=\"1\" cellspacing=\"0\" cellpadding=\"0\" data-sheets-root=\"1\" data-sheets-baot=\"1\">\n<colgroup>\n<col width=\"100\" \/>\n<col width=\"100\" \/><\/colgroup>\n<tbody>\n<tr>\n<td><strong>Botis 400<\/strong><\/td>\n<td><strong>Botis 600<\/strong><\/td>\n<\/tr>\n<tr>\n<td>\u2022 kompaktowa lampa b\u0142yskowa o mocy <strong>400 Ws<\/strong>,<\/td>\n<td>\n<div>\n<div>\u2022 kompaktowa lampa b\u0142yskowa o mocy <strong>600 Ws<\/strong>,<\/div>\n<\/div>\n<\/td>\n<\/tr>\n<tr>\n<td>\u2022 automatyczny tryb TTL i HSS do 1\/8000 s,<\/td>\n<td>\n<div>\n<div>\u2022 automatyczny tryb TTL i HSS do 1\/8000 s,<\/div>\n<\/div>\n<\/td>\n<\/tr>\n<tr>\n<td>\u2022 <strong>500 b\u0142ysk\u00f3w<\/strong> na pe\u0142nej mocy na jednym \u0142adowaniu,<\/td>\n<td>\n<div>\n<div>\u2022 <strong>380 b\u0142ysk\u00f3w<\/strong> na pe\u0142nej mocy na jednym \u0142adowaniu,<\/div>\n<\/div>\n<\/td>\n<\/tr>\n<tr>\n<td>\u2022 czas \u0142adowania 0.01 ~ 0.9 s,<\/td>\n<td>\n<div>\n<div>\u2022 czas \u0142adowania 0.01 ~ 0.9 s,<\/div>\n<\/div>\n<\/td>\n<\/tr>\n<tr>\n<td>\u2022 180 zdj\u0119\u0107 na pe\u0142nej mocy w serii zdj\u0119\u0107,<\/td>\n<td>\n<div>\n<div>\u2022 150 zdj\u0119\u0107 na pe\u0142nej mocy w serii zdj\u0119\u0107,<\/div>\n<\/div>\n<\/td>\n<\/tr>\n<tr>\n<td>\u2022 skala mocy w zakresie <strong>2.0 &#8211; 10.0,<\/strong><\/td>\n<td>\n<div>\n<div>\u2022 skala mocy w zakresie<strong> 2.0 &#8211; 10.0,<\/strong><\/div>\n<\/div>\n<\/td>\n<\/tr>\n<tr>\n<td>\u2022 stabilna temperatura barwowa 5500 K \u00b1 75 K,<\/td>\n<td>\n<div>\n<div>\u2022 stabilna temperatura barwowa 5500 K \u00b1 75 K,<\/div>\n<\/div>\n<\/td>\n<\/tr>\n<tr>\n<td>\u2022 czas trwania b\u0142ysku t0.5 = <strong>1\/530 ~1\/20200,<\/strong><\/td>\n<td>\n<div>\n<div>\u2022 czas trwania b\u0142ysku t0.5 = <strong>1\/1000 ~1\/27000,<\/strong><\/div>\n<\/div>\n<\/td>\n<\/tr>\n<tr>\n<td>\u2022 tryb b\u0142ysku NORMAL, MULTI lub FREEZE,<\/td>\n<td>\n<div>\n<div>\u2022 tryb b\u0142ysku NORMAL, MULTI lub FREEZE,<\/div>\n<\/div>\n<\/td>\n<\/tr>\n<tr>\n<td>\u2022 funkcja maskowania obiektu EasyCap,<\/td>\n<td>\n<div>\n<div>\u2022 funkcja maskowania obiektu EasyCap,<\/div>\n<\/div>\n<\/td>\n<\/tr>\n<tr>\n<td>\u2022 wsp\u00f3\u0142praca z systemem bezprzewodowym GlareOne,<\/td>\n<td>\n<div>\n<div>\u2022 wsp\u00f3\u0142praca z systemem bezprzewodowym GlareOne,<\/div>\n<\/div>\n<\/td>\n<\/tr>\n<tr>\n<td>\u2022 16 grup i 32 kana\u0142y,<\/td>\n<td>\n<div>\n<div>\u2022 16 grup i 32 kana\u0142y,<\/div>\n<\/div>\n<\/td>\n<\/tr>\n<tr>\n<td>\u2022 wizualny wska\u017anik grupy na obudowie lampy,<\/td>\n<td>\n<div>\n<div>\u2022 wizualny wska\u017anik grupy na obudowie lampy,<\/div>\n<\/div>\n<\/td>\n<\/tr>\n<tr>\n<td>\u2022 \u015bwiat\u0142o Bi-Color LED <strong>30 W<\/strong> (2700 K &#8211; 6500 K \u00b1 200 K),<\/td>\n<td>\n<div>\n<div>\u2022 \u015bwiat\u0142o Bi-Color LED <strong>40 W<\/strong> (2700 K &#8211; 6500 K \u00b1<\/div>\n<\/div>\n<\/td>\n<\/tr>\n<tr>\n<td>\u2022 mocowanie Bowens,<\/td>\n<td>\n<div>\n<div>\u2022 mocowanie Bowens,<\/div>\n<\/div>\n<\/td>\n<\/tr>\n<tr>\n<td>\u2022 dotykowy ekran.<\/td>\n<td>\n<div>\n<div>\u2022 dotykowy ekran.<\/div>\n<\/div>\n<\/td>\n<\/tr>\n<\/tbody>\n<\/table>\n<h4>W pude\u0142ku znajduje si\u0119:<\/h4>\n<ul>\n<li>1x GlareOne Botis 600<\/li>\n<li>1x akumulator B400600BP<\/li>\n<li>1x \u0142adowarka B400600CH<\/li>\n<li>1x przew\u00f3d zasilaj\u0105cy EU<\/li>\n<li>1x przew\u00f3d zasilaj\u0105cy UK<\/li>\n<li>1x czasza<\/li>\n<li>1x zestaw kolorowych filtr\u00f3w<\/li>\n<li>1x instrukcja obs\u0142ugi<\/li>\n<li>1x walizka<\/li>\n<\/ul>\n<p><span style=\"font-weight: 400;\">*<\/span><span style=\"font-weight: 400;\">\u00a0na podstawie test\u00f3w wewn\u0119trznych, podczas kt\u00f3rych por\u00f3wnywano: Godox AD600 PRO TTL, Profoto B10, Elinchrom ELC 500, Quadralite Atlas 600 PRO TTL, Botis 400. Stan na dzie\u0144 01.10.2025. Parametry pomiar\u00f3w: Sekonic L858D (1\/125, ISO 100), czasza 18 cm, odleg\u0142o\u015b\u0107 1m.<\/span><\/p>\n","protected":false},"excerpt":{"rendered":"<p>GlareOne Botis 600 to lampa b\u0142yskowa o mocy 600 Ws, oferuj\u0105ca bardzo mocne \u015bwiat\u0142o dla profesjonalist\u00f3w. Jest wyposa\u017cona w 40W \u015bwiat\u0142o BiColor LED. Dzi\u0119ki wydajnemu akumulatorowi Li-Ion, lampa wykona nawet 380 pe\u0142nych b\u0142ysk\u00f3w na jednym \u0142adowaniu. Wbudowane funkcje TTL i HSS zapewniaj\u0105 precyzyjne \u015bwiat\u0142o w ka\u017cdej sytuacji. Moc, wydajno\u015b\u0107 i technologia GlareOne Botis 600 to [&hellip;]<\/p>\n","protected":false},"featured_media":22425,"template":"","meta":[],"product_brand":[],"product_cat":[522],"product_tag":[],"class_list":{"0":"post-22420","1":"product","2":"type-product","3":"status-publish","4":"has-post-thumbnail","6":"product_cat-lampy-blyskowe-akumulatorowe","8":"first","9":"instock","10":"product-type-simple"},"yoast_head":"<!-- This site is optimized with the Yoast SEO plugin v27.2 - https:\/\/yoast.com\/product\/yoast-seo-wordpress\/ -->\n<title>GlareOne Botis 600<\/title>\n<meta name=\"description\" content=\"GlareOne Botis 600\" \/>\n<meta name=\"robots\" content=\"index, follow, max-snippet:-1, max-image-preview:large, max-video-preview:-1\" \/>\n<link rel=\"canonical\" href=\"https:\/\/glareone.eu\/pl\/produkt\/glareone-botis-600\/\" \/>\n<meta property=\"og:locale\" content=\"pl_PL\" \/>\n<meta property=\"og:type\" content=\"article\" \/>\n<meta property=\"og:title\" content=\"GlareOne Botis 400\" \/>\n<meta property=\"og:description\" content=\"GlareOne Botis 600\" \/>\n<meta property=\"og:url\" content=\"https:\/\/glareone.eu\/pl\/produkt\/glareone-botis-600\/\" \/>\n<meta property=\"og:site_name\" content=\"GlareOne\" \/>\n<meta property=\"article:publisher\" content=\"https:\/\/www.facebook.com\/GlareOneLighting\" \/>\n<meta property=\"article:modified_time\" content=\"2025-12-15T08:27:48+00:00\" \/>\n<meta property=\"og:image\" content=\"https:\/\/glareone.eu\/wp-content\/uploads\/2025\/11\/SBOTIS600_01.jpg\" \/>\n\t<meta property=\"og:image:width\" content=\"1200\" \/>\n\t<meta property=\"og:image:height\" content=\"1200\" \/>\n\t<meta property=\"og:image:type\" content=\"image\/jpeg\" \/>\n<meta name=\"twitter:card\" content=\"summary_large_image\" \/>\n<meta name=\"twitter:title\" content=\"GlareOne Botis 400\" \/>\n<meta name=\"twitter:label1\" content=\"Szacowany czas czytania\" \/>\n\t<meta name=\"twitter:data1\" content=\"4 minuty\" \/>\n<script type=\"application\/ld+json\" class=\"yoast-schema-graph\">{\"@context\":\"https:\/\/schema.org\",\"@graph\":[{\"@type\":\"WebPage\",\"@id\":\"https:\/\/glareone.eu\/pl\/produkt\/glareone-botis-600\/\",\"url\":\"https:\/\/glareone.eu\/pl\/produkt\/glareone-botis-600\/\",\"name\":\"GlareOne Botis 600\",\"isPartOf\":{\"@id\":\"https:\/\/glareone.eu\/pl\/en\/#website\"},\"primaryImageOfPage\":{\"@id\":\"https:\/\/glareone.eu\/pl\/produkt\/glareone-botis-600\/#primaryimage\"},\"image\":{\"@id\":\"https:\/\/glareone.eu\/pl\/produkt\/glareone-botis-600\/#primaryimage\"},\"thumbnailUrl\":\"https:\/\/glareone.eu\/wp-content\/uploads\/2025\/11\/SBOTIS600_01.jpg\",\"datePublished\":\"2025-11-17T12:22:34+00:00\",\"dateModified\":\"2025-12-15T08:27:48+00:00\",\"description\":\"GlareOne Botis 600\",\"breadcrumb\":{\"@id\":\"https:\/\/glareone.eu\/pl\/produkt\/glareone-botis-600\/#breadcrumb\"},\"inLanguage\":\"pl-PL\",\"potentialAction\":[{\"@type\":\"ReadAction\",\"target\":[\"https:\/\/glareone.eu\/pl\/produkt\/glareone-botis-600\/\"]}]},{\"@type\":\"ImageObject\",\"inLanguage\":\"pl-PL\",\"@id\":\"https:\/\/glareone.eu\/pl\/produkt\/glareone-botis-600\/#primaryimage\",\"url\":\"https:\/\/glareone.eu\/wp-content\/uploads\/2025\/11\/SBOTIS600_01.jpg\",\"contentUrl\":\"https:\/\/glareone.eu\/wp-content\/uploads\/2025\/11\/SBOTIS600_01.jpg\",\"width\":1200,\"height\":1200},{\"@type\":\"BreadcrumbList\",\"@id\":\"https:\/\/glareone.eu\/pl\/produkt\/glareone-botis-600\/#breadcrumb\",\"itemListElement\":[{\"@type\":\"ListItem\",\"position\":1,\"name\":\"Strona g\u0142\u00f3wna\",\"item\":\"https:\/\/glareone.eu\/pl\/\"},{\"@type\":\"ListItem\",\"position\":2,\"name\":\"Wszystkie produkty\",\"item\":\"https:\/\/glareone.eu\/pl\/produkty\/wszystkie-produkty\/\"},{\"@type\":\"ListItem\",\"position\":3,\"name\":\"GlareOne Botis 600\"}]},{\"@type\":\"WebSite\",\"@id\":\"https:\/\/glareone.eu\/pl\/en\/#website\",\"url\":\"https:\/\/glareone.eu\/pl\/en\/\",\"name\":\"GlareOne\",\"description\":\"Wyposa\u017cenie Studia\",\"publisher\":{\"@id\":\"https:\/\/glareone.eu\/pl\/en\/#organization\"},\"potentialAction\":[{\"@type\":\"SearchAction\",\"target\":{\"@type\":\"EntryPoint\",\"urlTemplate\":\"https:\/\/glareone.eu\/pl\/en\/?s={search_term_string}\"},\"query-input\":{\"@type\":\"PropertyValueSpecification\",\"valueRequired\":true,\"valueName\":\"search_term_string\"}}],\"inLanguage\":\"pl-PL\"},{\"@type\":\"Organization\",\"@id\":\"https:\/\/glareone.eu\/pl\/en\/#organization\",\"name\":\"GlareOne\",\"url\":\"https:\/\/glareone.eu\/pl\/en\/\",\"logo\":{\"@type\":\"ImageObject\",\"inLanguage\":\"pl-PL\",\"@id\":\"https:\/\/glareone.eu\/pl\/en\/#\/schema\/logo\/image\/\",\"url\":\"http:\/\/glareone.eu\/wp-content\/uploads\/2024\/05\/glareone_logo2020_RGB-01-e1715773127189.png\",\"contentUrl\":\"http:\/\/glareone.eu\/wp-content\/uploads\/2024\/05\/glareone_logo2020_RGB-01-e1715773127189.png\",\"width\":1270,\"height\":321,\"caption\":\"GlareOne\"},\"image\":{\"@id\":\"https:\/\/glareone.eu\/pl\/en\/#\/schema\/logo\/image\/\"},\"sameAs\":[\"https:\/\/www.facebook.com\/GlareOneLighting\",\"https:\/\/www.instagram.com\/glareonelighting\/\",\"https:\/\/www.youtube.com\/@GlareOneTV\"]}]}<\/script>\n<!-- \/ Yoast SEO plugin. -->","yoast_head_json":{"title":"GlareOne Botis 600","description":"GlareOne Botis 600","robots":{"index":"index","follow":"follow","max-snippet":"max-snippet:-1","max-image-preview":"max-image-preview:large","max-video-preview":"max-video-preview:-1"},"canonical":"https:\/\/glareone.eu\/pl\/produkt\/glareone-botis-600\/","og_locale":"pl_PL","og_type":"article","og_title":"GlareOne Botis 400","og_description":"GlareOne Botis 600","og_url":"https:\/\/glareone.eu\/pl\/produkt\/glareone-botis-600\/","og_site_name":"GlareOne","article_publisher":"https:\/\/www.facebook.com\/GlareOneLighting","article_modified_time":"2025-12-15T08:27:48+00:00","og_image":[{"width":1200,"height":1200,"url":"https:\/\/glareone.eu\/wp-content\/uploads\/2025\/11\/SBOTIS600_01.jpg","type":"image\/jpeg"}],"twitter_card":"summary_large_image","twitter_title":"GlareOne Botis 400","twitter_misc":{"Szacowany czas czytania":"4 minuty"},"schema":{"@context":"https:\/\/schema.org","@graph":[{"@type":"WebPage","@id":"https:\/\/glareone.eu\/pl\/produkt\/glareone-botis-600\/","url":"https:\/\/glareone.eu\/pl\/produkt\/glareone-botis-600\/","name":"GlareOne Botis 600","isPartOf":{"@id":"https:\/\/glareone.eu\/pl\/en\/#website"},"primaryImageOfPage":{"@id":"https:\/\/glareone.eu\/pl\/produkt\/glareone-botis-600\/#primaryimage"},"image":{"@id":"https:\/\/glareone.eu\/pl\/produkt\/glareone-botis-600\/#primaryimage"},"thumbnailUrl":"https:\/\/glareone.eu\/wp-content\/uploads\/2025\/11\/SBOTIS600_01.jpg","datePublished":"2025-11-17T12:22:34+00:00","dateModified":"2025-12-15T08:27:48+00:00","description":"GlareOne Botis 600","breadcrumb":{"@id":"https:\/\/glareone.eu\/pl\/produkt\/glareone-botis-600\/#breadcrumb"},"inLanguage":"pl-PL","potentialAction":[{"@type":"ReadAction","target":["https:\/\/glareone.eu\/pl\/produkt\/glareone-botis-600\/"]}]},{"@type":"ImageObject","inLanguage":"pl-PL","@id":"https:\/\/glareone.eu\/pl\/produkt\/glareone-botis-600\/#primaryimage","url":"https:\/\/glareone.eu\/wp-content\/uploads\/2025\/11\/SBOTIS600_01.jpg","contentUrl":"https:\/\/glareone.eu\/wp-content\/uploads\/2025\/11\/SBOTIS600_01.jpg","width":1200,"height":1200},{"@type":"BreadcrumbList","@id":"https:\/\/glareone.eu\/pl\/produkt\/glareone-botis-600\/#breadcrumb","itemListElement":[{"@type":"ListItem","position":1,"name":"Strona g\u0142\u00f3wna","item":"https:\/\/glareone.eu\/pl\/"},{"@type":"ListItem","position":2,"name":"Wszystkie produkty","item":"https:\/\/glareone.eu\/pl\/produkty\/wszystkie-produkty\/"},{"@type":"ListItem","position":3,"name":"GlareOne Botis 600"}]},{"@type":"WebSite","@id":"https:\/\/glareone.eu\/pl\/en\/#website","url":"https:\/\/glareone.eu\/pl\/en\/","name":"GlareOne","description":"Wyposa\u017cenie Studia","publisher":{"@id":"https:\/\/glareone.eu\/pl\/en\/#organization"},"potentialAction":[{"@type":"SearchAction","target":{"@type":"EntryPoint","urlTemplate":"https:\/\/glareone.eu\/pl\/en\/?s={search_term_string}"},"query-input":{"@type":"PropertyValueSpecification","valueRequired":true,"valueName":"search_term_string"}}],"inLanguage":"pl-PL"},{"@type":"Organization","@id":"https:\/\/glareone.eu\/pl\/en\/#organization","name":"GlareOne","url":"https:\/\/glareone.eu\/pl\/en\/","logo":{"@type":"ImageObject","inLanguage":"pl-PL","@id":"https:\/\/glareone.eu\/pl\/en\/#\/schema\/logo\/image\/","url":"http:\/\/glareone.eu\/wp-content\/uploads\/2024\/05\/glareone_logo2020_RGB-01-e1715773127189.png","contentUrl":"http:\/\/glareone.eu\/wp-content\/uploads\/2024\/05\/glareone_logo2020_RGB-01-e1715773127189.png","width":1270,"height":321,"caption":"GlareOne"},"image":{"@id":"https:\/\/glareone.eu\/pl\/en\/#\/schema\/logo\/image\/"},"sameAs":["https:\/\/www.facebook.com\/GlareOneLighting","https:\/\/www.instagram.com\/glareonelighting\/","https:\/\/www.youtube.com\/@GlareOneTV"]}]}},"_links":{"self":[{"href":"https:\/\/glareone.eu\/pl\/wp-json\/wp\/v2\/product\/22420","targetHints":{"allow":["GET"]}}],"collection":[{"href":"https:\/\/glareone.eu\/pl\/wp-json\/wp\/v2\/product"}],"about":[{"href":"https:\/\/glareone.eu\/pl\/wp-json\/wp\/v2\/types\/product"}],"wp:featuredmedia":[{"embeddable":true,"href":"https:\/\/glareone.eu\/pl\/wp-json\/wp\/v2\/media\/22425"}],"wp:attachment":[{"href":"https:\/\/glareone.eu\/pl\/wp-json\/wp\/v2\/media?parent=22420"}],"wp:term":[{"taxonomy":"product_brand","embeddable":true,"href":"https:\/\/glareone.eu\/pl\/wp-json\/wp\/v2\/product_brand?post=22420"},{"taxonomy":"product_cat","embeddable":true,"href":"https:\/\/glareone.eu\/pl\/wp-json\/wp\/v2\/product_cat?post=22420"},{"taxonomy":"product_tag","embeddable":true,"href":"https:\/\/glareone.eu\/pl\/wp-json\/wp\/v2\/product_tag?post=22420"}],"curies":[{"name":"wp","href":"https:\/\/api.w.org\/{rel}","templated":true}]}}