{"id":16799,"date":"2025-04-15T12:12:14","date_gmt":"2025-04-15T12:12:14","guid":{"rendered":"https:\/\/glareone.eu\/?post_type=product&#038;p=16799"},"modified":"2025-04-15T12:12:14","modified_gmt":"2025-04-15T12:12:14","slug":"glareone-tlo-pvc-60x130-cm-turkusowe","status":"publish","type":"product","link":"https:\/\/glareone.eu\/pl\/produkt\/glareone-tlo-pvc-60x130-cm-turkusowe\/","title":{"rendered":"GlareOne t\u0142o PVC 60&#215;130 cm &#8211; turkusowe"},"content":{"rendered":"<p><span style=\"font-weight: 400;\">T\u0142o w kolorze turkusowym, wykonane z PVC o grubo\u015bci <\/span><span style=\"font-weight: 400;\">0.4 ~ 0.5 mm<\/span><span style=\"font-weight: 400;\"> dedykowane do sto\u0142u bezcieniowego 60&#215;130, z kt\u00f3rym tworzy \u015bwietny zestaw do fotografii produktowej. Materia\u0142 wykonania sprawia, \u017ce t\u0142o jest wytrzyma\u0142e i odporne na zagniecenia. Powierzchni\u0119 \u0142atwo mo\u017cna wyczy\u015bci\u0107, dzi\u0119ki czemu t\u0142o b\u0119dzie s\u0142u\u017cy\u0107 przez d\u0142ugi czas. Faktura jest w pe\u0142ni matowa i nie powoduje odblask\u00f3w. Dost\u0119pne jest w 11 wariantach kolorystycznych.\u00a0<\/span><\/p>\n<h4><b>Cechy produktu:<\/b><\/h4>\n<ul>\n<li style=\"font-weight: 400;\" aria-level=\"1\"><span style=\"font-weight: 400;\">wytrzyma\u0142e,<\/span><\/li>\n<li style=\"font-weight: 400;\" aria-level=\"1\"><span style=\"font-weight: 400;\">\u0142atwe do czyszczenia,<\/span><\/li>\n<li style=\"font-weight: 400;\" aria-level=\"1\"><span style=\"font-weight: 400;\">elastyczne i \u0142atwe do dopasowania,<\/span><\/li>\n<li style=\"font-weight: 400;\" aria-level=\"1\"><span style=\"font-weight: 400;\">powierzchnia niepowoduj\u0105ca odblask\u00f3w,<\/span><\/li>\n<li style=\"font-weight: 400;\" aria-level=\"1\"><span style=\"font-weight: 400;\">idealne do zdj\u0119\u0107 produktowych.<\/span><\/li>\n<\/ul>\n<h3><b>Dost\u0119pne kolory:<\/b><\/h3>\n<ul>\n<li style=\"font-weight: 400;\" aria-level=\"1\"><span style=\"font-weight: 400;\">czarny,<\/span><\/li>\n<li style=\"font-weight: 400;\" aria-level=\"1\"><span style=\"font-weight: 400;\">czarny lustrzany,<\/span><\/li>\n<li style=\"font-weight: 400;\" aria-level=\"1\"><span style=\"font-weight: 400;\">bia\u0142y,<\/span><\/li>\n<li style=\"font-weight: 400;\" aria-level=\"1\"><span style=\"font-weight: 400;\">bia\u0142y lustrzany,<\/span><\/li>\n<li style=\"font-weight: 400;\" aria-level=\"1\"><span style=\"font-weight: 400;\">szary,<\/span><\/li>\n<li style=\"font-weight: 400;\" aria-level=\"1\"><span style=\"font-weight: 400;\">niebieski,<\/span><\/li>\n<li style=\"font-weight: 400;\" aria-level=\"1\"><span style=\"font-weight: 400;\">kawa z mlekiem,<\/span><\/li>\n<li style=\"font-weight: 400;\" aria-level=\"1\"><span style=\"font-weight: 400;\">zielony,<\/span><\/li>\n<li style=\"font-weight: 400;\" aria-level=\"1\"><span style=\"font-weight: 400;\">pomara\u0144czowy,<\/span><\/li>\n<li style=\"font-weight: 400;\" aria-level=\"1\"><span style=\"font-weight: 400;\">r\u00f3\u017cowy,<\/span><\/li>\n<li style=\"font-weight: 400;\" aria-level=\"1\"><span style=\"font-weight: 400;\">czerwony,<\/span><\/li>\n<li style=\"font-weight: 400;\" aria-level=\"1\"><span style=\"font-weight: 400;\">jasny r\u00f3\u017cowy,<\/span><\/li>\n<li style=\"font-weight: 400;\" aria-level=\"1\"><span style=\"font-weight: 400;\">turkusowy,<\/span><\/li>\n<li style=\"font-weight: 400;\" aria-level=\"1\"><span style=\"font-weight: 400;\">matcha,<\/span><\/li>\n<li style=\"font-weight: 400;\" aria-level=\"1\"><span style=\"font-weight: 400;\">jadeitowy,<\/span><\/li>\n<li style=\"font-weight: 400;\" aria-level=\"1\"><span style=\"font-weight: 400;\">brzoskwiniowy.<\/span><\/li>\n<\/ul>\n<p>&nbsp;<\/p>\n","protected":false},"excerpt":{"rendered":"<p>T\u0142o w kolorze turkusowym, wykonane z PVC o grubo\u015bci 0.4 ~ 0.5 mm dedykowane do sto\u0142u bezcieniowego 60&#215;130, z kt\u00f3rym tworzy \u015bwietny zestaw do fotografii produktowej. Materia\u0142 wykonania sprawia, \u017ce t\u0142o jest wytrzyma\u0142e i odporne na zagniecenia. Powierzchni\u0119 \u0142atwo mo\u017cna wyczy\u015bci\u0107, dzi\u0119ki czemu t\u0142o b\u0119dzie s\u0142u\u017cy\u0107 przez d\u0142ugi czas. Faktura jest w pe\u0142ni matowa i [&hellip;]<\/p>\n","protected":false},"featured_media":16800,"template":"","meta":[],"product_brand":[],"product_cat":[434],"product_tag":[],"class_list":{"0":"post-16799","1":"product","2":"type-product","3":"status-publish","4":"has-post-thumbnail","6":"product_cat-tla","8":"first","9":"instock","10":"shipping-taxable","11":"product-type-simple"},"yoast_head":"<!-- This site is optimized with the Yoast SEO plugin v27.2 - https:\/\/yoast.com\/product\/yoast-seo-wordpress\/ -->\n<title>GlareOne t\u0142o PVC 60x130 cm - turkusowe - GlareOne<\/title>\n<meta name=\"robots\" content=\"index, follow, max-snippet:-1, max-image-preview:large, max-video-preview:-1\" \/>\n<link rel=\"canonical\" href=\"https:\/\/glareone.eu\/pl\/produkt\/glareone-tlo-pvc-60x130-cm-turkusowe\/\" \/>\n<meta property=\"og:locale\" content=\"pl_PL\" \/>\n<meta property=\"og:type\" content=\"article\" \/>\n<meta property=\"og:title\" content=\"GlareOne t\u0142o PVC 60x130 cm - turkusowe - GlareOne\" \/>\n<meta property=\"og:description\" content=\"T\u0142o w kolorze turkusowym, wykonane z PVC o grubo\u015bci 0.4 ~ 0.5 mm dedykowane do sto\u0142u bezcieniowego 60&#215;130, z kt\u00f3rym tworzy \u015bwietny zestaw do fotografii produktowej. Materia\u0142 wykonania sprawia, \u017ce t\u0142o jest wytrzyma\u0142e i odporne na zagniecenia. Powierzchni\u0119 \u0142atwo mo\u017cna wyczy\u015bci\u0107, dzi\u0119ki czemu t\u0142o b\u0119dzie s\u0142u\u017cy\u0107 przez d\u0142ugi czas. Faktura jest w pe\u0142ni matowa i [&hellip;]\" \/>\n<meta property=\"og:url\" content=\"https:\/\/glareone.eu\/pl\/produkt\/glareone-tlo-pvc-60x130-cm-turkusowe\/\" \/>\n<meta property=\"og:site_name\" content=\"GlareOne\" \/>\n<meta property=\"article:publisher\" content=\"https:\/\/www.facebook.com\/GlareOneLighting\" \/>\n<meta property=\"og:image\" content=\"https:\/\/glareone.eu\/wp-content\/uploads\/2025\/04\/SBAPVC60X130TE_01-scaled.jpg\" \/>\n\t<meta property=\"og:image:width\" content=\"2560\" \/>\n\t<meta property=\"og:image:height\" content=\"2560\" \/>\n\t<meta property=\"og:image:type\" content=\"image\/jpeg\" \/>\n<meta name=\"twitter:card\" content=\"summary_large_image\" \/>\n<meta name=\"twitter:label1\" content=\"Szacowany czas czytania\" \/>\n\t<meta name=\"twitter:data1\" content=\"1 minuta\" \/>\n<script type=\"application\/ld+json\" class=\"yoast-schema-graph\">{\"@context\":\"https:\/\/schema.org\",\"@graph\":[{\"@type\":\"WebPage\",\"@id\":\"https:\/\/glareone.eu\/pl\/produkt\/glareone-tlo-pvc-60x130-cm-turkusowe\/\",\"url\":\"https:\/\/glareone.eu\/pl\/produkt\/glareone-tlo-pvc-60x130-cm-turkusowe\/\",\"name\":\"GlareOne t\u0142o PVC 60x130 cm - turkusowe - GlareOne\",\"isPartOf\":{\"@id\":\"https:\/\/glareone.eu\/pl\/en\/#website\"},\"primaryImageOfPage\":{\"@id\":\"https:\/\/glareone.eu\/pl\/produkt\/glareone-tlo-pvc-60x130-cm-turkusowe\/#primaryimage\"},\"image\":{\"@id\":\"https:\/\/glareone.eu\/pl\/produkt\/glareone-tlo-pvc-60x130-cm-turkusowe\/#primaryimage\"},\"thumbnailUrl\":\"https:\/\/glareone.eu\/wp-content\/uploads\/2025\/04\/SBAPVC60X130TE_01-scaled.jpg\",\"datePublished\":\"2025-04-15T12:12:14+00:00\",\"breadcrumb\":{\"@id\":\"https:\/\/glareone.eu\/pl\/produkt\/glareone-tlo-pvc-60x130-cm-turkusowe\/#breadcrumb\"},\"inLanguage\":\"pl-PL\",\"potentialAction\":[{\"@type\":\"ReadAction\",\"target\":[\"https:\/\/glareone.eu\/pl\/produkt\/glareone-tlo-pvc-60x130-cm-turkusowe\/\"]}]},{\"@type\":\"ImageObject\",\"inLanguage\":\"pl-PL\",\"@id\":\"https:\/\/glareone.eu\/pl\/produkt\/glareone-tlo-pvc-60x130-cm-turkusowe\/#primaryimage\",\"url\":\"https:\/\/glareone.eu\/wp-content\/uploads\/2025\/04\/SBAPVC60X130TE_01-scaled.jpg\",\"contentUrl\":\"https:\/\/glareone.eu\/wp-content\/uploads\/2025\/04\/SBAPVC60X130TE_01-scaled.jpg\",\"width\":2560,\"height\":2560},{\"@type\":\"BreadcrumbList\",\"@id\":\"https:\/\/glareone.eu\/pl\/produkt\/glareone-tlo-pvc-60x130-cm-turkusowe\/#breadcrumb\",\"itemListElement\":[{\"@type\":\"ListItem\",\"position\":1,\"name\":\"Strona g\u0142\u00f3wna\",\"item\":\"https:\/\/glareone.eu\/pl\/\"},{\"@type\":\"ListItem\",\"position\":2,\"name\":\"Wszystkie produkty\",\"item\":\"https:\/\/glareone.eu\/pl\/produkty\/wszystkie-produkty\/\"},{\"@type\":\"ListItem\",\"position\":3,\"name\":\"GlareOne t\u0142o PVC 60&#215;130 cm &#8211; turkusowe\"}]},{\"@type\":\"WebSite\",\"@id\":\"https:\/\/glareone.eu\/pl\/en\/#website\",\"url\":\"https:\/\/glareone.eu\/pl\/en\/\",\"name\":\"GlareOne\",\"description\":\"Wyposa\u017cenie Studia\",\"publisher\":{\"@id\":\"https:\/\/glareone.eu\/pl\/en\/#organization\"},\"potentialAction\":[{\"@type\":\"SearchAction\",\"target\":{\"@type\":\"EntryPoint\",\"urlTemplate\":\"https:\/\/glareone.eu\/pl\/en\/?s={search_term_string}\"},\"query-input\":{\"@type\":\"PropertyValueSpecification\",\"valueRequired\":true,\"valueName\":\"search_term_string\"}}],\"inLanguage\":\"pl-PL\"},{\"@type\":\"Organization\",\"@id\":\"https:\/\/glareone.eu\/pl\/en\/#organization\",\"name\":\"GlareOne\",\"url\":\"https:\/\/glareone.eu\/pl\/en\/\",\"logo\":{\"@type\":\"ImageObject\",\"inLanguage\":\"pl-PL\",\"@id\":\"https:\/\/glareone.eu\/pl\/en\/#\/schema\/logo\/image\/\",\"url\":\"http:\/\/glareone.eu\/wp-content\/uploads\/2024\/05\/glareone_logo2020_RGB-01-e1715773127189.png\",\"contentUrl\":\"http:\/\/glareone.eu\/wp-content\/uploads\/2024\/05\/glareone_logo2020_RGB-01-e1715773127189.png\",\"width\":1270,\"height\":321,\"caption\":\"GlareOne\"},\"image\":{\"@id\":\"https:\/\/glareone.eu\/pl\/en\/#\/schema\/logo\/image\/\"},\"sameAs\":[\"https:\/\/www.facebook.com\/GlareOneLighting\",\"https:\/\/www.instagram.com\/glareonelighting\/\",\"https:\/\/www.youtube.com\/@GlareOneTV\"]}]}<\/script>\n<!-- \/ Yoast SEO plugin. -->","yoast_head_json":{"title":"GlareOne t\u0142o PVC 60x130 cm - turkusowe - GlareOne","robots":{"index":"index","follow":"follow","max-snippet":"max-snippet:-1","max-image-preview":"max-image-preview:large","max-video-preview":"max-video-preview:-1"},"canonical":"https:\/\/glareone.eu\/pl\/produkt\/glareone-tlo-pvc-60x130-cm-turkusowe\/","og_locale":"pl_PL","og_type":"article","og_title":"GlareOne t\u0142o PVC 60x130 cm - turkusowe - GlareOne","og_description":"T\u0142o w kolorze turkusowym, wykonane z PVC o grubo\u015bci 0.4 ~ 0.5 mm dedykowane do sto\u0142u bezcieniowego 60&#215;130, z kt\u00f3rym tworzy \u015bwietny zestaw do fotografii produktowej. Materia\u0142 wykonania sprawia, \u017ce t\u0142o jest wytrzyma\u0142e i odporne na zagniecenia. Powierzchni\u0119 \u0142atwo mo\u017cna wyczy\u015bci\u0107, dzi\u0119ki czemu t\u0142o b\u0119dzie s\u0142u\u017cy\u0107 przez d\u0142ugi czas. Faktura jest w pe\u0142ni matowa i [&hellip;]","og_url":"https:\/\/glareone.eu\/pl\/produkt\/glareone-tlo-pvc-60x130-cm-turkusowe\/","og_site_name":"GlareOne","article_publisher":"https:\/\/www.facebook.com\/GlareOneLighting","og_image":[{"width":2560,"height":2560,"url":"https:\/\/glareone.eu\/wp-content\/uploads\/2025\/04\/SBAPVC60X130TE_01-scaled.jpg","type":"image\/jpeg"}],"twitter_card":"summary_large_image","twitter_misc":{"Szacowany czas czytania":"1 minuta"},"schema":{"@context":"https:\/\/schema.org","@graph":[{"@type":"WebPage","@id":"https:\/\/glareone.eu\/pl\/produkt\/glareone-tlo-pvc-60x130-cm-turkusowe\/","url":"https:\/\/glareone.eu\/pl\/produkt\/glareone-tlo-pvc-60x130-cm-turkusowe\/","name":"GlareOne t\u0142o PVC 60x130 cm - turkusowe - GlareOne","isPartOf":{"@id":"https:\/\/glareone.eu\/pl\/en\/#website"},"primaryImageOfPage":{"@id":"https:\/\/glareone.eu\/pl\/produkt\/glareone-tlo-pvc-60x130-cm-turkusowe\/#primaryimage"},"image":{"@id":"https:\/\/glareone.eu\/pl\/produkt\/glareone-tlo-pvc-60x130-cm-turkusowe\/#primaryimage"},"thumbnailUrl":"https:\/\/glareone.eu\/wp-content\/uploads\/2025\/04\/SBAPVC60X130TE_01-scaled.jpg","datePublished":"2025-04-15T12:12:14+00:00","breadcrumb":{"@id":"https:\/\/glareone.eu\/pl\/produkt\/glareone-tlo-pvc-60x130-cm-turkusowe\/#breadcrumb"},"inLanguage":"pl-PL","potentialAction":[{"@type":"ReadAction","target":["https:\/\/glareone.eu\/pl\/produkt\/glareone-tlo-pvc-60x130-cm-turkusowe\/"]}]},{"@type":"ImageObject","inLanguage":"pl-PL","@id":"https:\/\/glareone.eu\/pl\/produkt\/glareone-tlo-pvc-60x130-cm-turkusowe\/#primaryimage","url":"https:\/\/glareone.eu\/wp-content\/uploads\/2025\/04\/SBAPVC60X130TE_01-scaled.jpg","contentUrl":"https:\/\/glareone.eu\/wp-content\/uploads\/2025\/04\/SBAPVC60X130TE_01-scaled.jpg","width":2560,"height":2560},{"@type":"BreadcrumbList","@id":"https:\/\/glareone.eu\/pl\/produkt\/glareone-tlo-pvc-60x130-cm-turkusowe\/#breadcrumb","itemListElement":[{"@type":"ListItem","position":1,"name":"Strona g\u0142\u00f3wna","item":"https:\/\/glareone.eu\/pl\/"},{"@type":"ListItem","position":2,"name":"Wszystkie produkty","item":"https:\/\/glareone.eu\/pl\/produkty\/wszystkie-produkty\/"},{"@type":"ListItem","position":3,"name":"GlareOne t\u0142o PVC 60&#215;130 cm &#8211; turkusowe"}]},{"@type":"WebSite","@id":"https:\/\/glareone.eu\/pl\/en\/#website","url":"https:\/\/glareone.eu\/pl\/en\/","name":"GlareOne","description":"Wyposa\u017cenie Studia","publisher":{"@id":"https:\/\/glareone.eu\/pl\/en\/#organization"},"potentialAction":[{"@type":"SearchAction","target":{"@type":"EntryPoint","urlTemplate":"https:\/\/glareone.eu\/pl\/en\/?s={search_term_string}"},"query-input":{"@type":"PropertyValueSpecification","valueRequired":true,"valueName":"search_term_string"}}],"inLanguage":"pl-PL"},{"@type":"Organization","@id":"https:\/\/glareone.eu\/pl\/en\/#organization","name":"GlareOne","url":"https:\/\/glareone.eu\/pl\/en\/","logo":{"@type":"ImageObject","inLanguage":"pl-PL","@id":"https:\/\/glareone.eu\/pl\/en\/#\/schema\/logo\/image\/","url":"http:\/\/glareone.eu\/wp-content\/uploads\/2024\/05\/glareone_logo2020_RGB-01-e1715773127189.png","contentUrl":"http:\/\/glareone.eu\/wp-content\/uploads\/2024\/05\/glareone_logo2020_RGB-01-e1715773127189.png","width":1270,"height":321,"caption":"GlareOne"},"image":{"@id":"https:\/\/glareone.eu\/pl\/en\/#\/schema\/logo\/image\/"},"sameAs":["https:\/\/www.facebook.com\/GlareOneLighting","https:\/\/www.instagram.com\/glareonelighting\/","https:\/\/www.youtube.com\/@GlareOneTV"]}]}},"_links":{"self":[{"href":"https:\/\/glareone.eu\/pl\/wp-json\/wp\/v2\/product\/16799","targetHints":{"allow":["GET"]}}],"collection":[{"href":"https:\/\/glareone.eu\/pl\/wp-json\/wp\/v2\/product"}],"about":[{"href":"https:\/\/glareone.eu\/pl\/wp-json\/wp\/v2\/types\/product"}],"wp:featuredmedia":[{"embeddable":true,"href":"https:\/\/glareone.eu\/pl\/wp-json\/wp\/v2\/media\/16800"}],"wp:attachment":[{"href":"https:\/\/glareone.eu\/pl\/wp-json\/wp\/v2\/media?parent=16799"}],"wp:term":[{"taxonomy":"product_brand","embeddable":true,"href":"https:\/\/glareone.eu\/pl\/wp-json\/wp\/v2\/product_brand?post=16799"},{"taxonomy":"product_cat","embeddable":true,"href":"https:\/\/glareone.eu\/pl\/wp-json\/wp\/v2\/product_cat?post=16799"},{"taxonomy":"product_tag","embeddable":true,"href":"https:\/\/glareone.eu\/pl\/wp-json\/wp\/v2\/product_tag?post=16799"}],"curies":[{"name":"wp","href":"https:\/\/api.w.org\/{rel}","templated":true}]}}