{"id":16293,"date":"2025-04-15T08:51:42","date_gmt":"2025-04-15T08:51:42","guid":{"rendered":"https:\/\/glareone.eu\/?post_type=product&#038;p=16293"},"modified":"2025-04-15T08:51:42","modified_gmt":"2025-04-15T08:51:42","slug":"glareone-softbox-octa-50-cm-softbox-do-lamp-reporterskich","status":"publish","type":"product","link":"https:\/\/glareone.eu\/pl\/produkt\/glareone-softbox-octa-50-cm-softbox-do-lamp-reporterskich\/","title":{"rendered":"GlareOne Softbox Octa 50 cm &#8211; softbox do lamp reporterskich"},"content":{"rendered":"<p><span style=\"font-weight: 400;\">P\u0142ytki softbox oktagonalny 50 cm wyposa\u017cony w dyfuzor, mechanizm szybkiego rozk\u0142adania Easy Fold II oraz pokrowiec. Zaprojektowany z my\u015bl\u0105 o ma\u0142ych lampach studyjnych oraz speedlite.<\/span><\/p>\n<h3><b>Kompatybilno\u015b\u0107 z ma\u0142ymi lampami<\/b><\/h3>\n<p><span style=\"font-weight: 400;\">Regulowany uchwyt umo\u017cliwia monta\u017c zar\u00f3wno niewielkich lamp, takich jak GlareOne Apus 48, Apus 80 czy Botis 80, jak i mocniejszych, jak Botis 200, dzi\u0119ki jego okr\u0105g\u0142ej obudowie. Odbijaj\u0105cy ekran jest laminowany bezpo\u015brednio na materiale poszycia, co zapewnia d\u0142ug\u0105 \u017cywotno\u015b\u0107 i minimalizuje przenikanie \u015bwiat\u0142a. Pier\u015bcie\u0144 mocuj\u0105cy oraz mechanizm Easy Fold II wykonano ze specjalnego tworzywa sztucznego, a pr\u0119ty stela\u017ca ze stali, co gwarantuje stabilno\u015b\u0107 i d\u0142ug\u0105 \u017cywotno\u015b\u0107.<\/span><\/p>\n<h3><b>Prosty w u\u017cyciu<\/b><\/h3>\n<p><span style=\"font-weight: 400;\">Softbox oparty jest na stela\u017cu Easy Fold II, kt\u00f3ry pozwala na b\u0142yskawiczne rozk\u0142adanie i sk\u0142adanie. Dodatkowo posiada rzep, umo\u017cliwiaj\u0105cy przymocowanie grida w formie plastra miodu, co pozwala na precyzyjne ukierunkowanie \u015bwiat\u0142a.<\/span><\/p>\n<h3><b>Por\u0119czny<\/b><\/h3>\n<p><span style=\"font-weight: 400;\">Softbox zosta\u0142 zaprojektowany tak, aby r\u00f3wnomiernie o\u015bwietla\u0107 plan zdj\u0119ciowy, jednocze\u015bnie zapewniaj\u0105c wygod\u0119 u\u017cytkowania nawet w ograniczonej przestrzeni. Jego p\u0142ytka konstrukcja pozwala na \u0142atwe zamocowanie na statywie typu boom oraz swobodne u\u017cytkowanie w niewielkich pomieszczeniach. Do\u0142\u0105czony do zestawu pokrowiec u\u0142atwia zar\u00f3wno transport, jak i przechowywanie softboxa. To idealne narz\u0119dzie dla os\u00f3b, kt\u00f3re pracuj\u0105 w r\u00f3\u017cnych lokalizacjach.<\/span><\/p>\n<h3><b>Cechy produktu:<\/b><\/h3>\n<ul>\n<li style=\"font-weight: 400;\" aria-level=\"1\"><span style=\"font-weight: 400;\">uniwersalny zacisk od 40 do 80 mm, przeznaczony do ma\u0142ych lamp,<\/span><\/li>\n<li style=\"font-weight: 400;\" aria-level=\"1\"><span style=\"font-weight: 400;\">r\u0105czka do trzymania z wbudowanym gniazdem statywowym 5\/8\u201c w zestawie,<\/span><\/li>\n<li style=\"font-weight: 400;\" aria-level=\"1\"><span style=\"font-weight: 400;\">idealnie sprawdzi si\u0119 do o\u015bwietlania portret\u00f3w,<\/span><\/li>\n<li style=\"font-weight: 400;\" aria-level=\"1\"><span style=\"font-weight: 400;\">jest bardzo \u0142atwy i szybki w monta\u017cu,<\/span><\/li>\n<li style=\"font-weight: 400;\" aria-level=\"1\"><span style=\"font-weight: 400;\">ma odpinany dyfuzor,<\/span><\/li>\n<li style=\"font-weight: 400;\" aria-level=\"1\"><span style=\"font-weight: 400;\">mo\u017cna go doposa\u017cy\u0107 w plaster miodu (grid) znajduj\u0105cy si\u0119 w zestawie,<\/span><\/li>\n<li style=\"font-weight: 400;\" aria-level=\"1\"><span style=\"font-weight: 400;\">ma p\u0142ytki (sferyczny) profil,<\/span><\/li>\n<li style=\"font-weight: 400;\" aria-level=\"1\"><span style=\"font-weight: 400;\">jest wykonany z wysokiej jako\u015bci materia\u0142\u00f3w,<\/span><\/li>\n<li style=\"font-weight: 400;\" aria-level=\"1\"><span style=\"font-weight: 400;\">dostarczany w por\u0119cznym pokrowcu.<\/span><\/li>\n<\/ul>\n","protected":false},"excerpt":{"rendered":"<p>P\u0142ytki softbox oktagonalny 50 cm wyposa\u017cony w dyfuzor, mechanizm szybkiego rozk\u0142adania Easy Fold II oraz pokrowiec. Zaprojektowany z my\u015bl\u0105 o ma\u0142ych lampach studyjnych oraz speedlite. Kompatybilno\u015b\u0107 z ma\u0142ymi lampami Regulowany uchwyt umo\u017cliwia monta\u017c zar\u00f3wno niewielkich lamp, takich jak GlareOne Apus 48, Apus 80 czy Botis 80, jak i mocniejszych, jak Botis 200, dzi\u0119ki jego okr\u0105g\u0142ej [&hellip;]<\/p>\n","protected":false},"featured_media":16294,"template":"","meta":[],"product_brand":[],"product_cat":[522],"product_tag":[],"class_list":{"0":"post-16293","1":"product","2":"type-product","3":"status-publish","4":"has-post-thumbnail","6":"product_cat-lampy-blyskowe-akumulatorowe","8":"first","9":"instock","10":"shipping-taxable","11":"product-type-simple"},"yoast_head":"<!-- This site is optimized with the Yoast SEO plugin v27.2 - https:\/\/yoast.com\/product\/yoast-seo-wordpress\/ -->\n<title>GlareOne Softbox Octa 50 cm - softbox do lamp reporterskich - GlareOne<\/title>\n<meta name=\"robots\" content=\"index, follow, max-snippet:-1, max-image-preview:large, max-video-preview:-1\" \/>\n<link rel=\"canonical\" href=\"https:\/\/glareone.eu\/pl\/produkt\/glareone-softbox-octa-50-cm-softbox-do-lamp-reporterskich\/\" \/>\n<meta property=\"og:locale\" content=\"pl_PL\" \/>\n<meta property=\"og:type\" content=\"article\" \/>\n<meta property=\"og:title\" content=\"GlareOne Softbox Octa 50 cm - softbox do lamp reporterskich - GlareOne\" \/>\n<meta property=\"og:description\" content=\"P\u0142ytki softbox oktagonalny 50 cm wyposa\u017cony w dyfuzor, mechanizm szybkiego rozk\u0142adania Easy Fold II oraz pokrowiec. Zaprojektowany z my\u015bl\u0105 o ma\u0142ych lampach studyjnych oraz speedlite. Kompatybilno\u015b\u0107 z ma\u0142ymi lampami Regulowany uchwyt umo\u017cliwia monta\u017c zar\u00f3wno niewielkich lamp, takich jak GlareOne Apus 48, Apus 80 czy Botis 80, jak i mocniejszych, jak Botis 200, dzi\u0119ki jego okr\u0105g\u0142ej [&hellip;]\" \/>\n<meta property=\"og:url\" content=\"https:\/\/glareone.eu\/pl\/produkt\/glareone-softbox-octa-50-cm-softbox-do-lamp-reporterskich\/\" \/>\n<meta property=\"og:site_name\" content=\"GlareOne\" \/>\n<meta property=\"article:publisher\" content=\"https:\/\/www.facebook.com\/GlareOneLighting\" \/>\n<meta property=\"og:image\" content=\"https:\/\/glareone.eu\/wp-content\/uploads\/2025\/04\/SOFT50SPEED_01.jpg\" \/>\n\t<meta property=\"og:image:width\" content=\"1200\" \/>\n\t<meta property=\"og:image:height\" content=\"1200\" \/>\n\t<meta property=\"og:image:type\" content=\"image\/jpeg\" \/>\n<meta name=\"twitter:card\" content=\"summary_large_image\" \/>\n<meta name=\"twitter:label1\" content=\"Szacowany czas czytania\" \/>\n\t<meta name=\"twitter:data1\" content=\"2 minuty\" \/>\n<script type=\"application\/ld+json\" class=\"yoast-schema-graph\">{\"@context\":\"https:\/\/schema.org\",\"@graph\":[{\"@type\":\"WebPage\",\"@id\":\"https:\/\/glareone.eu\/pl\/produkt\/glareone-softbox-octa-50-cm-softbox-do-lamp-reporterskich\/\",\"url\":\"https:\/\/glareone.eu\/pl\/produkt\/glareone-softbox-octa-50-cm-softbox-do-lamp-reporterskich\/\",\"name\":\"GlareOne Softbox Octa 50 cm - softbox do lamp reporterskich - GlareOne\",\"isPartOf\":{\"@id\":\"https:\/\/glareone.eu\/pl\/en\/#website\"},\"primaryImageOfPage\":{\"@id\":\"https:\/\/glareone.eu\/pl\/produkt\/glareone-softbox-octa-50-cm-softbox-do-lamp-reporterskich\/#primaryimage\"},\"image\":{\"@id\":\"https:\/\/glareone.eu\/pl\/produkt\/glareone-softbox-octa-50-cm-softbox-do-lamp-reporterskich\/#primaryimage\"},\"thumbnailUrl\":\"https:\/\/glareone.eu\/wp-content\/uploads\/2025\/04\/SOFT50SPEED_01.jpg\",\"datePublished\":\"2025-04-15T08:51:42+00:00\",\"breadcrumb\":{\"@id\":\"https:\/\/glareone.eu\/pl\/produkt\/glareone-softbox-octa-50-cm-softbox-do-lamp-reporterskich\/#breadcrumb\"},\"inLanguage\":\"pl-PL\",\"potentialAction\":[{\"@type\":\"ReadAction\",\"target\":[\"https:\/\/glareone.eu\/pl\/produkt\/glareone-softbox-octa-50-cm-softbox-do-lamp-reporterskich\/\"]}]},{\"@type\":\"ImageObject\",\"inLanguage\":\"pl-PL\",\"@id\":\"https:\/\/glareone.eu\/pl\/produkt\/glareone-softbox-octa-50-cm-softbox-do-lamp-reporterskich\/#primaryimage\",\"url\":\"https:\/\/glareone.eu\/wp-content\/uploads\/2025\/04\/SOFT50SPEED_01.jpg\",\"contentUrl\":\"https:\/\/glareone.eu\/wp-content\/uploads\/2025\/04\/SOFT50SPEED_01.jpg\",\"width\":1200,\"height\":1200},{\"@type\":\"BreadcrumbList\",\"@id\":\"https:\/\/glareone.eu\/pl\/produkt\/glareone-softbox-octa-50-cm-softbox-do-lamp-reporterskich\/#breadcrumb\",\"itemListElement\":[{\"@type\":\"ListItem\",\"position\":1,\"name\":\"Strona g\u0142\u00f3wna\",\"item\":\"https:\/\/glareone.eu\/pl\/\"},{\"@type\":\"ListItem\",\"position\":2,\"name\":\"Wszystkie produkty\",\"item\":\"https:\/\/glareone.eu\/pl\/produkty\/wszystkie-produkty\/\"},{\"@type\":\"ListItem\",\"position\":3,\"name\":\"GlareOne Softbox Octa 50 cm &#8211; softbox do lamp reporterskich\"}]},{\"@type\":\"WebSite\",\"@id\":\"https:\/\/glareone.eu\/pl\/en\/#website\",\"url\":\"https:\/\/glareone.eu\/pl\/en\/\",\"name\":\"GlareOne\",\"description\":\"Wyposa\u017cenie Studia\",\"publisher\":{\"@id\":\"https:\/\/glareone.eu\/pl\/en\/#organization\"},\"potentialAction\":[{\"@type\":\"SearchAction\",\"target\":{\"@type\":\"EntryPoint\",\"urlTemplate\":\"https:\/\/glareone.eu\/pl\/en\/?s={search_term_string}\"},\"query-input\":{\"@type\":\"PropertyValueSpecification\",\"valueRequired\":true,\"valueName\":\"search_term_string\"}}],\"inLanguage\":\"pl-PL\"},{\"@type\":\"Organization\",\"@id\":\"https:\/\/glareone.eu\/pl\/en\/#organization\",\"name\":\"GlareOne\",\"url\":\"https:\/\/glareone.eu\/pl\/en\/\",\"logo\":{\"@type\":\"ImageObject\",\"inLanguage\":\"pl-PL\",\"@id\":\"https:\/\/glareone.eu\/pl\/en\/#\/schema\/logo\/image\/\",\"url\":\"http:\/\/glareone.eu\/wp-content\/uploads\/2024\/05\/glareone_logo2020_RGB-01-e1715773127189.png\",\"contentUrl\":\"http:\/\/glareone.eu\/wp-content\/uploads\/2024\/05\/glareone_logo2020_RGB-01-e1715773127189.png\",\"width\":1270,\"height\":321,\"caption\":\"GlareOne\"},\"image\":{\"@id\":\"https:\/\/glareone.eu\/pl\/en\/#\/schema\/logo\/image\/\"},\"sameAs\":[\"https:\/\/www.facebook.com\/GlareOneLighting\",\"https:\/\/www.instagram.com\/glareonelighting\/\",\"https:\/\/www.youtube.com\/@GlareOneTV\"]}]}<\/script>\n<!-- \/ Yoast SEO plugin. -->","yoast_head_json":{"title":"GlareOne Softbox Octa 50 cm - softbox do lamp reporterskich - GlareOne","robots":{"index":"index","follow":"follow","max-snippet":"max-snippet:-1","max-image-preview":"max-image-preview:large","max-video-preview":"max-video-preview:-1"},"canonical":"https:\/\/glareone.eu\/pl\/produkt\/glareone-softbox-octa-50-cm-softbox-do-lamp-reporterskich\/","og_locale":"pl_PL","og_type":"article","og_title":"GlareOne Softbox Octa 50 cm - softbox do lamp reporterskich - GlareOne","og_description":"P\u0142ytki softbox oktagonalny 50 cm wyposa\u017cony w dyfuzor, mechanizm szybkiego rozk\u0142adania Easy Fold II oraz pokrowiec. Zaprojektowany z my\u015bl\u0105 o ma\u0142ych lampach studyjnych oraz speedlite. Kompatybilno\u015b\u0107 z ma\u0142ymi lampami Regulowany uchwyt umo\u017cliwia monta\u017c zar\u00f3wno niewielkich lamp, takich jak GlareOne Apus 48, Apus 80 czy Botis 80, jak i mocniejszych, jak Botis 200, dzi\u0119ki jego okr\u0105g\u0142ej [&hellip;]","og_url":"https:\/\/glareone.eu\/pl\/produkt\/glareone-softbox-octa-50-cm-softbox-do-lamp-reporterskich\/","og_site_name":"GlareOne","article_publisher":"https:\/\/www.facebook.com\/GlareOneLighting","og_image":[{"width":1200,"height":1200,"url":"https:\/\/glareone.eu\/wp-content\/uploads\/2025\/04\/SOFT50SPEED_01.jpg","type":"image\/jpeg"}],"twitter_card":"summary_large_image","twitter_misc":{"Szacowany czas czytania":"2 minuty"},"schema":{"@context":"https:\/\/schema.org","@graph":[{"@type":"WebPage","@id":"https:\/\/glareone.eu\/pl\/produkt\/glareone-softbox-octa-50-cm-softbox-do-lamp-reporterskich\/","url":"https:\/\/glareone.eu\/pl\/produkt\/glareone-softbox-octa-50-cm-softbox-do-lamp-reporterskich\/","name":"GlareOne Softbox Octa 50 cm - softbox do lamp reporterskich - GlareOne","isPartOf":{"@id":"https:\/\/glareone.eu\/pl\/en\/#website"},"primaryImageOfPage":{"@id":"https:\/\/glareone.eu\/pl\/produkt\/glareone-softbox-octa-50-cm-softbox-do-lamp-reporterskich\/#primaryimage"},"image":{"@id":"https:\/\/glareone.eu\/pl\/produkt\/glareone-softbox-octa-50-cm-softbox-do-lamp-reporterskich\/#primaryimage"},"thumbnailUrl":"https:\/\/glareone.eu\/wp-content\/uploads\/2025\/04\/SOFT50SPEED_01.jpg","datePublished":"2025-04-15T08:51:42+00:00","breadcrumb":{"@id":"https:\/\/glareone.eu\/pl\/produkt\/glareone-softbox-octa-50-cm-softbox-do-lamp-reporterskich\/#breadcrumb"},"inLanguage":"pl-PL","potentialAction":[{"@type":"ReadAction","target":["https:\/\/glareone.eu\/pl\/produkt\/glareone-softbox-octa-50-cm-softbox-do-lamp-reporterskich\/"]}]},{"@type":"ImageObject","inLanguage":"pl-PL","@id":"https:\/\/glareone.eu\/pl\/produkt\/glareone-softbox-octa-50-cm-softbox-do-lamp-reporterskich\/#primaryimage","url":"https:\/\/glareone.eu\/wp-content\/uploads\/2025\/04\/SOFT50SPEED_01.jpg","contentUrl":"https:\/\/glareone.eu\/wp-content\/uploads\/2025\/04\/SOFT50SPEED_01.jpg","width":1200,"height":1200},{"@type":"BreadcrumbList","@id":"https:\/\/glareone.eu\/pl\/produkt\/glareone-softbox-octa-50-cm-softbox-do-lamp-reporterskich\/#breadcrumb","itemListElement":[{"@type":"ListItem","position":1,"name":"Strona g\u0142\u00f3wna","item":"https:\/\/glareone.eu\/pl\/"},{"@type":"ListItem","position":2,"name":"Wszystkie produkty","item":"https:\/\/glareone.eu\/pl\/produkty\/wszystkie-produkty\/"},{"@type":"ListItem","position":3,"name":"GlareOne Softbox Octa 50 cm &#8211; softbox do lamp reporterskich"}]},{"@type":"WebSite","@id":"https:\/\/glareone.eu\/pl\/en\/#website","url":"https:\/\/glareone.eu\/pl\/en\/","name":"GlareOne","description":"Wyposa\u017cenie Studia","publisher":{"@id":"https:\/\/glareone.eu\/pl\/en\/#organization"},"potentialAction":[{"@type":"SearchAction","target":{"@type":"EntryPoint","urlTemplate":"https:\/\/glareone.eu\/pl\/en\/?s={search_term_string}"},"query-input":{"@type":"PropertyValueSpecification","valueRequired":true,"valueName":"search_term_string"}}],"inLanguage":"pl-PL"},{"@type":"Organization","@id":"https:\/\/glareone.eu\/pl\/en\/#organization","name":"GlareOne","url":"https:\/\/glareone.eu\/pl\/en\/","logo":{"@type":"ImageObject","inLanguage":"pl-PL","@id":"https:\/\/glareone.eu\/pl\/en\/#\/schema\/logo\/image\/","url":"http:\/\/glareone.eu\/wp-content\/uploads\/2024\/05\/glareone_logo2020_RGB-01-e1715773127189.png","contentUrl":"http:\/\/glareone.eu\/wp-content\/uploads\/2024\/05\/glareone_logo2020_RGB-01-e1715773127189.png","width":1270,"height":321,"caption":"GlareOne"},"image":{"@id":"https:\/\/glareone.eu\/pl\/en\/#\/schema\/logo\/image\/"},"sameAs":["https:\/\/www.facebook.com\/GlareOneLighting","https:\/\/www.instagram.com\/glareonelighting\/","https:\/\/www.youtube.com\/@GlareOneTV"]}]}},"_links":{"self":[{"href":"https:\/\/glareone.eu\/pl\/wp-json\/wp\/v2\/product\/16293","targetHints":{"allow":["GET"]}}],"collection":[{"href":"https:\/\/glareone.eu\/pl\/wp-json\/wp\/v2\/product"}],"about":[{"href":"https:\/\/glareone.eu\/pl\/wp-json\/wp\/v2\/types\/product"}],"wp:featuredmedia":[{"embeddable":true,"href":"https:\/\/glareone.eu\/pl\/wp-json\/wp\/v2\/media\/16294"}],"wp:attachment":[{"href":"https:\/\/glareone.eu\/pl\/wp-json\/wp\/v2\/media?parent=16293"}],"wp:term":[{"taxonomy":"product_brand","embeddable":true,"href":"https:\/\/glareone.eu\/pl\/wp-json\/wp\/v2\/product_brand?post=16293"},{"taxonomy":"product_cat","embeddable":true,"href":"https:\/\/glareone.eu\/pl\/wp-json\/wp\/v2\/product_cat?post=16293"},{"taxonomy":"product_tag","embeddable":true,"href":"https:\/\/glareone.eu\/pl\/wp-json\/wp\/v2\/product_tag?post=16293"}],"curies":[{"name":"wp","href":"https:\/\/api.w.org\/{rel}","templated":true}]}}