{"id":16269,"date":"2025-04-15T08:40:38","date_gmt":"2025-04-15T08:40:38","guid":{"rendered":"https:\/\/glareone.eu\/?post_type=product&#038;p=16269"},"modified":"2025-04-15T08:40:38","modified_gmt":"2025-04-15T08:40:38","slug":"glareone-stol-bezcieniowy-70x140-cm-szybki-montaz","status":"publish","type":"product","link":"https:\/\/glareone.eu\/pl\/produkt\/glareone-stol-bezcieniowy-70x140-cm-szybki-montaz\/","title":{"rendered":"GlareOne St\u00f3\u0142 bezcieniowy 70&#215;140 cm szybki monta\u017c"},"content":{"rendered":"<p><span style=\"font-weight: 400;\">St\u00f3\u0142 bezcieniowy GlareOne z funkcj\u0105 szybkiego monta\u017cu. Skutecznie rozprasza \u015bwiat\u0142a, eksponuj\u0105c nawet najdrobniejsze szczeg\u00f3\u0142y fotografowanego obiektu. Niezast\u0105piony do fotografii produktowej, technicznej lub reklamowej.<\/span><\/p>\n<h3><b>Cechy produktu:<\/b><\/h3>\n<ul>\n<li style=\"font-weight: 400;\" aria-level=\"1\"><span style=\"font-weight: 400;\">szybkosk\u0142adalne konstrukcje, usprawniaj\u0105ce proces sk\u0142adania \/ rozk\u0142adania sto\u0142u<\/span><\/li>\n<li style=\"font-weight: 400;\" aria-level=\"1\"><span style=\"font-weight: 400;\">skutecznie rozpraszaj\u0105 \u015bwiat\u0142o, eksponuj\u0105c nawet najdrobniejsze szczeg\u00f3\u0142y fotografowanego obiektu<\/span><\/li>\n<li style=\"font-weight: 400;\" aria-level=\"1\"><span style=\"font-weight: 400;\">niezast\u0105pione w przypadku fotografii produktowej, technicznej, reklamowej<\/span><\/li>\n<li style=\"font-weight: 400;\" aria-level=\"1\"><span style=\"font-weight: 400;\">rekomendowane zar\u00f3wno dla profesjonalist\u00f3w, jak i pocz\u0105tkuj\u0105cych fotograf\u00f3w<\/span><\/li>\n<li style=\"font-weight: 400;\" aria-level=\"1\"><span style=\"font-weight: 400;\">dzi\u0119ki mo\u017cliwo\u015bci zastosowania \u015bwiat\u0142a z boku lub spodu zapewniaj\u0105 brak niepo\u017c\u0105danych cieni oraz nieestetycznych odblask\u00f3w<\/span><\/li>\n<li style=\"font-weight: 400;\" aria-level=\"1\"><span style=\"font-weight: 400;\">lekka, wytrzyma\u0142a, \u0142atwo sk\u0142adana aluminiowa konstrukcja<\/span><\/li>\n<li style=\"font-weight: 400;\" aria-level=\"1\"><span style=\"font-weight: 400;\">zdejmowalna p\u0142aszczyzna robocza wykonana z odpornego na zarysowania, doskonale odbijaj\u0105cego \u015bwiat\u0142o, p\u00f3\u0142przepuszczalnego bia\u0142ego akrylu<\/span><\/li>\n<li style=\"font-weight: 400;\" aria-level=\"1\"><span style=\"font-weight: 400;\">w komplecie pokrowiec chroni\u0105cy st\u00f3\u0142 bezcieniowy podczas transportu<\/span><\/li>\n<\/ul>\n<h3>Specyfikacja:<\/h3>\n<ul>\n<li style=\"font-weight: 400;\" aria-level=\"1\"><span style=\"font-weight: 400;\">wysoko\u015b\u0107 sto\u0142u \u2013 podstawowa p\u0142aszczyzna robocza &#8211; <\/span><b>50<\/b><span style=\"font-weight: 400;\"> cm<\/span><\/li>\n<li style=\"font-weight: 400;\" aria-level=\"1\"><span style=\"font-weight: 400;\">wielko\u015b\u0107 p\u0142aszczyzny dyfuzyjnej \u2013 70 cm szeroko\u015b\u0107, 140 cm d\u0142ugo\u015b\u0107<\/span><\/li>\n<li style=\"font-weight: 400;\" aria-level=\"1\"><span style=\"font-weight: 400;\">pokrowiec transportowy.\u00a0<\/span><\/li>\n<\/ul>\n","protected":false},"excerpt":{"rendered":"<p>St\u00f3\u0142 bezcieniowy GlareOne z funkcj\u0105 szybkiego monta\u017cu. Skutecznie rozprasza \u015bwiat\u0142a, eksponuj\u0105c nawet najdrobniejsze szczeg\u00f3\u0142y fotografowanego obiektu. Niezast\u0105piony do fotografii produktowej, technicznej lub reklamowej. Cechy produktu: szybkosk\u0142adalne konstrukcje, usprawniaj\u0105ce proces sk\u0142adania \/ rozk\u0142adania sto\u0142u skutecznie rozpraszaj\u0105 \u015bwiat\u0142o, eksponuj\u0105c nawet najdrobniejsze szczeg\u00f3\u0142y fotografowanego obiektu niezast\u0105pione w przypadku fotografii produktowej, technicznej, reklamowej rekomendowane zar\u00f3wno dla profesjonalist\u00f3w, jak i [&hellip;]<\/p>\n","protected":false},"featured_media":16270,"template":"","meta":[],"product_brand":[],"product_cat":[446],"product_tag":[],"class_list":{"0":"post-16269","1":"product","2":"type-product","3":"status-publish","4":"has-post-thumbnail","6":"product_cat-fotografia-bezcieniowa","8":"first","9":"instock","10":"shipping-taxable","11":"product-type-simple"},"yoast_head":"<!-- This site is optimized with the Yoast SEO plugin v27.2 - https:\/\/yoast.com\/product\/yoast-seo-wordpress\/ -->\n<title>GlareOne St\u00f3\u0142 bezcieniowy 70x140 cm szybki monta\u017c - GlareOne<\/title>\n<meta name=\"robots\" content=\"index, follow, max-snippet:-1, max-image-preview:large, max-video-preview:-1\" \/>\n<link rel=\"canonical\" href=\"https:\/\/glareone.eu\/pl\/produkt\/glareone-stol-bezcieniowy-70x140-cm-szybki-montaz\/\" \/>\n<meta property=\"og:locale\" content=\"pl_PL\" \/>\n<meta property=\"og:type\" content=\"article\" \/>\n<meta property=\"og:title\" content=\"GlareOne St\u00f3\u0142 bezcieniowy 70x140 cm szybki monta\u017c - GlareOne\" \/>\n<meta property=\"og:description\" content=\"St\u00f3\u0142 bezcieniowy GlareOne z funkcj\u0105 szybkiego monta\u017cu. Skutecznie rozprasza \u015bwiat\u0142a, eksponuj\u0105c nawet najdrobniejsze szczeg\u00f3\u0142y fotografowanego obiektu. Niezast\u0105piony do fotografii produktowej, technicznej lub reklamowej. Cechy produktu: szybkosk\u0142adalne konstrukcje, usprawniaj\u0105ce proces sk\u0142adania \/ rozk\u0142adania sto\u0142u skutecznie rozpraszaj\u0105 \u015bwiat\u0142o, eksponuj\u0105c nawet najdrobniejsze szczeg\u00f3\u0142y fotografowanego obiektu niezast\u0105pione w przypadku fotografii produktowej, technicznej, reklamowej rekomendowane zar\u00f3wno dla profesjonalist\u00f3w, jak i [&hellip;]\" \/>\n<meta property=\"og:url\" content=\"https:\/\/glareone.eu\/pl\/produkt\/glareone-stol-bezcieniowy-70x140-cm-szybki-montaz\/\" \/>\n<meta property=\"og:site_name\" content=\"GlareOne\" \/>\n<meta property=\"article:publisher\" content=\"https:\/\/www.facebook.com\/GlareOneLighting\" \/>\n<meta property=\"og:image\" content=\"https:\/\/glareone.eu\/wp-content\/uploads\/2025\/04\/SST70X140EF_01.jpg\" \/>\n\t<meta property=\"og:image:width\" content=\"1200\" \/>\n\t<meta property=\"og:image:height\" content=\"1200\" \/>\n\t<meta property=\"og:image:type\" content=\"image\/jpeg\" \/>\n<meta name=\"twitter:card\" content=\"summary_large_image\" \/>\n<meta name=\"twitter:label1\" content=\"Szacowany czas czytania\" \/>\n\t<meta name=\"twitter:data1\" content=\"1 minuta\" \/>\n<script type=\"application\/ld+json\" class=\"yoast-schema-graph\">{\"@context\":\"https:\/\/schema.org\",\"@graph\":[{\"@type\":\"WebPage\",\"@id\":\"https:\/\/glareone.eu\/pl\/produkt\/glareone-stol-bezcieniowy-70x140-cm-szybki-montaz\/\",\"url\":\"https:\/\/glareone.eu\/pl\/produkt\/glareone-stol-bezcieniowy-70x140-cm-szybki-montaz\/\",\"name\":\"GlareOne St\u00f3\u0142 bezcieniowy 70x140 cm szybki monta\u017c - GlareOne\",\"isPartOf\":{\"@id\":\"https:\/\/glareone.eu\/pl\/en\/#website\"},\"primaryImageOfPage\":{\"@id\":\"https:\/\/glareone.eu\/pl\/produkt\/glareone-stol-bezcieniowy-70x140-cm-szybki-montaz\/#primaryimage\"},\"image\":{\"@id\":\"https:\/\/glareone.eu\/pl\/produkt\/glareone-stol-bezcieniowy-70x140-cm-szybki-montaz\/#primaryimage\"},\"thumbnailUrl\":\"https:\/\/glareone.eu\/wp-content\/uploads\/2025\/04\/SST70X140EF_01.jpg\",\"datePublished\":\"2025-04-15T08:40:38+00:00\",\"breadcrumb\":{\"@id\":\"https:\/\/glareone.eu\/pl\/produkt\/glareone-stol-bezcieniowy-70x140-cm-szybki-montaz\/#breadcrumb\"},\"inLanguage\":\"pl-PL\",\"potentialAction\":[{\"@type\":\"ReadAction\",\"target\":[\"https:\/\/glareone.eu\/pl\/produkt\/glareone-stol-bezcieniowy-70x140-cm-szybki-montaz\/\"]}]},{\"@type\":\"ImageObject\",\"inLanguage\":\"pl-PL\",\"@id\":\"https:\/\/glareone.eu\/pl\/produkt\/glareone-stol-bezcieniowy-70x140-cm-szybki-montaz\/#primaryimage\",\"url\":\"https:\/\/glareone.eu\/wp-content\/uploads\/2025\/04\/SST70X140EF_01.jpg\",\"contentUrl\":\"https:\/\/glareone.eu\/wp-content\/uploads\/2025\/04\/SST70X140EF_01.jpg\",\"width\":1200,\"height\":1200},{\"@type\":\"BreadcrumbList\",\"@id\":\"https:\/\/glareone.eu\/pl\/produkt\/glareone-stol-bezcieniowy-70x140-cm-szybki-montaz\/#breadcrumb\",\"itemListElement\":[{\"@type\":\"ListItem\",\"position\":1,\"name\":\"Strona g\u0142\u00f3wna\",\"item\":\"https:\/\/glareone.eu\/pl\/\"},{\"@type\":\"ListItem\",\"position\":2,\"name\":\"Wszystkie produkty\",\"item\":\"https:\/\/glareone.eu\/pl\/produkty\/wszystkie-produkty\/\"},{\"@type\":\"ListItem\",\"position\":3,\"name\":\"GlareOne St\u00f3\u0142 bezcieniowy 70&#215;140 cm szybki monta\u017c\"}]},{\"@type\":\"WebSite\",\"@id\":\"https:\/\/glareone.eu\/pl\/en\/#website\",\"url\":\"https:\/\/glareone.eu\/pl\/en\/\",\"name\":\"GlareOne\",\"description\":\"Wyposa\u017cenie Studia\",\"publisher\":{\"@id\":\"https:\/\/glareone.eu\/pl\/en\/#organization\"},\"potentialAction\":[{\"@type\":\"SearchAction\",\"target\":{\"@type\":\"EntryPoint\",\"urlTemplate\":\"https:\/\/glareone.eu\/pl\/en\/?s={search_term_string}\"},\"query-input\":{\"@type\":\"PropertyValueSpecification\",\"valueRequired\":true,\"valueName\":\"search_term_string\"}}],\"inLanguage\":\"pl-PL\"},{\"@type\":\"Organization\",\"@id\":\"https:\/\/glareone.eu\/pl\/en\/#organization\",\"name\":\"GlareOne\",\"url\":\"https:\/\/glareone.eu\/pl\/en\/\",\"logo\":{\"@type\":\"ImageObject\",\"inLanguage\":\"pl-PL\",\"@id\":\"https:\/\/glareone.eu\/pl\/en\/#\/schema\/logo\/image\/\",\"url\":\"http:\/\/glareone.eu\/wp-content\/uploads\/2024\/05\/glareone_logo2020_RGB-01-e1715773127189.png\",\"contentUrl\":\"http:\/\/glareone.eu\/wp-content\/uploads\/2024\/05\/glareone_logo2020_RGB-01-e1715773127189.png\",\"width\":1270,\"height\":321,\"caption\":\"GlareOne\"},\"image\":{\"@id\":\"https:\/\/glareone.eu\/pl\/en\/#\/schema\/logo\/image\/\"},\"sameAs\":[\"https:\/\/www.facebook.com\/GlareOneLighting\",\"https:\/\/www.instagram.com\/glareonelighting\/\",\"https:\/\/www.youtube.com\/@GlareOneTV\"]}]}<\/script>\n<!-- \/ Yoast SEO plugin. -->","yoast_head_json":{"title":"GlareOne St\u00f3\u0142 bezcieniowy 70x140 cm szybki monta\u017c - GlareOne","robots":{"index":"index","follow":"follow","max-snippet":"max-snippet:-1","max-image-preview":"max-image-preview:large","max-video-preview":"max-video-preview:-1"},"canonical":"https:\/\/glareone.eu\/pl\/produkt\/glareone-stol-bezcieniowy-70x140-cm-szybki-montaz\/","og_locale":"pl_PL","og_type":"article","og_title":"GlareOne St\u00f3\u0142 bezcieniowy 70x140 cm szybki monta\u017c - GlareOne","og_description":"St\u00f3\u0142 bezcieniowy GlareOne z funkcj\u0105 szybkiego monta\u017cu. Skutecznie rozprasza \u015bwiat\u0142a, eksponuj\u0105c nawet najdrobniejsze szczeg\u00f3\u0142y fotografowanego obiektu. Niezast\u0105piony do fotografii produktowej, technicznej lub reklamowej. Cechy produktu: szybkosk\u0142adalne konstrukcje, usprawniaj\u0105ce proces sk\u0142adania \/ rozk\u0142adania sto\u0142u skutecznie rozpraszaj\u0105 \u015bwiat\u0142o, eksponuj\u0105c nawet najdrobniejsze szczeg\u00f3\u0142y fotografowanego obiektu niezast\u0105pione w przypadku fotografii produktowej, technicznej, reklamowej rekomendowane zar\u00f3wno dla profesjonalist\u00f3w, jak i [&hellip;]","og_url":"https:\/\/glareone.eu\/pl\/produkt\/glareone-stol-bezcieniowy-70x140-cm-szybki-montaz\/","og_site_name":"GlareOne","article_publisher":"https:\/\/www.facebook.com\/GlareOneLighting","og_image":[{"width":1200,"height":1200,"url":"https:\/\/glareone.eu\/wp-content\/uploads\/2025\/04\/SST70X140EF_01.jpg","type":"image\/jpeg"}],"twitter_card":"summary_large_image","twitter_misc":{"Szacowany czas czytania":"1 minuta"},"schema":{"@context":"https:\/\/schema.org","@graph":[{"@type":"WebPage","@id":"https:\/\/glareone.eu\/pl\/produkt\/glareone-stol-bezcieniowy-70x140-cm-szybki-montaz\/","url":"https:\/\/glareone.eu\/pl\/produkt\/glareone-stol-bezcieniowy-70x140-cm-szybki-montaz\/","name":"GlareOne St\u00f3\u0142 bezcieniowy 70x140 cm szybki monta\u017c - GlareOne","isPartOf":{"@id":"https:\/\/glareone.eu\/pl\/en\/#website"},"primaryImageOfPage":{"@id":"https:\/\/glareone.eu\/pl\/produkt\/glareone-stol-bezcieniowy-70x140-cm-szybki-montaz\/#primaryimage"},"image":{"@id":"https:\/\/glareone.eu\/pl\/produkt\/glareone-stol-bezcieniowy-70x140-cm-szybki-montaz\/#primaryimage"},"thumbnailUrl":"https:\/\/glareone.eu\/wp-content\/uploads\/2025\/04\/SST70X140EF_01.jpg","datePublished":"2025-04-15T08:40:38+00:00","breadcrumb":{"@id":"https:\/\/glareone.eu\/pl\/produkt\/glareone-stol-bezcieniowy-70x140-cm-szybki-montaz\/#breadcrumb"},"inLanguage":"pl-PL","potentialAction":[{"@type":"ReadAction","target":["https:\/\/glareone.eu\/pl\/produkt\/glareone-stol-bezcieniowy-70x140-cm-szybki-montaz\/"]}]},{"@type":"ImageObject","inLanguage":"pl-PL","@id":"https:\/\/glareone.eu\/pl\/produkt\/glareone-stol-bezcieniowy-70x140-cm-szybki-montaz\/#primaryimage","url":"https:\/\/glareone.eu\/wp-content\/uploads\/2025\/04\/SST70X140EF_01.jpg","contentUrl":"https:\/\/glareone.eu\/wp-content\/uploads\/2025\/04\/SST70X140EF_01.jpg","width":1200,"height":1200},{"@type":"BreadcrumbList","@id":"https:\/\/glareone.eu\/pl\/produkt\/glareone-stol-bezcieniowy-70x140-cm-szybki-montaz\/#breadcrumb","itemListElement":[{"@type":"ListItem","position":1,"name":"Strona g\u0142\u00f3wna","item":"https:\/\/glareone.eu\/pl\/"},{"@type":"ListItem","position":2,"name":"Wszystkie produkty","item":"https:\/\/glareone.eu\/pl\/produkty\/wszystkie-produkty\/"},{"@type":"ListItem","position":3,"name":"GlareOne St\u00f3\u0142 bezcieniowy 70&#215;140 cm szybki monta\u017c"}]},{"@type":"WebSite","@id":"https:\/\/glareone.eu\/pl\/en\/#website","url":"https:\/\/glareone.eu\/pl\/en\/","name":"GlareOne","description":"Wyposa\u017cenie Studia","publisher":{"@id":"https:\/\/glareone.eu\/pl\/en\/#organization"},"potentialAction":[{"@type":"SearchAction","target":{"@type":"EntryPoint","urlTemplate":"https:\/\/glareone.eu\/pl\/en\/?s={search_term_string}"},"query-input":{"@type":"PropertyValueSpecification","valueRequired":true,"valueName":"search_term_string"}}],"inLanguage":"pl-PL"},{"@type":"Organization","@id":"https:\/\/glareone.eu\/pl\/en\/#organization","name":"GlareOne","url":"https:\/\/glareone.eu\/pl\/en\/","logo":{"@type":"ImageObject","inLanguage":"pl-PL","@id":"https:\/\/glareone.eu\/pl\/en\/#\/schema\/logo\/image\/","url":"http:\/\/glareone.eu\/wp-content\/uploads\/2024\/05\/glareone_logo2020_RGB-01-e1715773127189.png","contentUrl":"http:\/\/glareone.eu\/wp-content\/uploads\/2024\/05\/glareone_logo2020_RGB-01-e1715773127189.png","width":1270,"height":321,"caption":"GlareOne"},"image":{"@id":"https:\/\/glareone.eu\/pl\/en\/#\/schema\/logo\/image\/"},"sameAs":["https:\/\/www.facebook.com\/GlareOneLighting","https:\/\/www.instagram.com\/glareonelighting\/","https:\/\/www.youtube.com\/@GlareOneTV"]}]}},"_links":{"self":[{"href":"https:\/\/glareone.eu\/pl\/wp-json\/wp\/v2\/product\/16269","targetHints":{"allow":["GET"]}}],"collection":[{"href":"https:\/\/glareone.eu\/pl\/wp-json\/wp\/v2\/product"}],"about":[{"href":"https:\/\/glareone.eu\/pl\/wp-json\/wp\/v2\/types\/product"}],"wp:featuredmedia":[{"embeddable":true,"href":"https:\/\/glareone.eu\/pl\/wp-json\/wp\/v2\/media\/16270"}],"wp:attachment":[{"href":"https:\/\/glareone.eu\/pl\/wp-json\/wp\/v2\/media?parent=16269"}],"wp:term":[{"taxonomy":"product_brand","embeddable":true,"href":"https:\/\/glareone.eu\/pl\/wp-json\/wp\/v2\/product_brand?post=16269"},{"taxonomy":"product_cat","embeddable":true,"href":"https:\/\/glareone.eu\/pl\/wp-json\/wp\/v2\/product_cat?post=16269"},{"taxonomy":"product_tag","embeddable":true,"href":"https:\/\/glareone.eu\/pl\/wp-json\/wp\/v2\/product_tag?post=16269"}],"curies":[{"name":"wp","href":"https:\/\/api.w.org\/{rel}","templated":true}]}}