{"id":16188,"date":"2025-04-15T08:24:49","date_gmt":"2025-04-15T08:24:49","guid":{"rendered":"https:\/\/glareone.eu\/?post_type=product&#038;p=16188"},"modified":"2025-04-15T08:34:53","modified_gmt":"2025-04-15T08:34:53","slug":"glareone-statyw-boom-z-ruchomym-trzpieniem","status":"publish","type":"product","link":"https:\/\/glareone.eu\/pl\/produkt\/glareone-statyw-boom-z-ruchomym-trzpieniem\/","title":{"rendered":"GlareOne Statyw boom z ruchomym trzpieniem"},"content":{"rendered":"<p><span style=\"font-weight: 400;\">Ci\u0119\u017cki, dwusekcyjny statyw typu boom o maksymalnej wysoko\u015bci 440 cm z ruchomym trzpieniem.<\/span><\/p>\n<h3><b>Ruchomy trzpie\u0144<\/b><\/h3>\n<p><span style=\"font-weight: 400;\">Statyw jest wyposa\u017cony w ruchomu trzpie\u0144. Dzi\u0119ki pokr\u0119tle na ko\u0144cu ramienia Boom, mo\u017cemy wygodnie operowa\u0107 lamp\u0105 umieszczon\u0105 na drugim ko\u0144cu ramienia: pochyli\u0107 j\u0105, wyprostowa\u0107 czy skierowa\u0107 ku g\u00f3rze.\u00a0<\/span><\/p>\n<h3><b>Uniwersalno\u015b\u0107<\/b><\/h3>\n<p><span style=\"font-weight: 400;\">Statyw typu Boom mo\u017ce by\u0107 u\u017cywany jako statyw w studiu fotograficznym i na planach filmowych. Maksymalny ud\u017awig si\u0119gaj\u0105cy 8 kg bez problemu utrzyma lamp\u0119 z podpi\u0119tym softboxem hexagonalnym o \u015brednicy nawet 120 cm. Trzpie\u0144 wie\u0144cz\u0105cy rami\u0119 jest odpinany, odwracalny i ma dwa punkty monta\u017cowe (1\/4 i 3\/8 cala), co powoduje, \u017ce statyw mo\u017cna tak\u017ce zastosowa\u0107 do mikrofonu umieszczonego powy\u017cej planu zdj\u0119ciowego.<\/span><\/p>\n<h3><b>Trwa\u0142o\u015b\u0107<\/b><\/h3>\n<p><span style=\"font-weight: 400;\">Statyw jest niemal w ca\u0142o\u015bci wykonany z element\u00f3w metalowych, co powoduje, \u017ce jego \u017cywotno\u015b\u0107 jest niezwykle wysoka. Jedynymi nie metalowymi cz\u0119\u015bciami s\u0105 uchwyty \u015brub blokuj\u0105cych po\u0142o\u017cenie sekcji oraz same stopki n\u00f3g. Wszystkie pozosta\u0142e &#8211; kluczowe dla wytrzyma\u0142o\u015bci konstrukcji fragmenty &#8211; wykonano z aluminum.\u00a0<\/span><\/p>\n<h3><b>Detale<\/b><\/h3>\n<p><span style=\"font-weight: 400;\">Pokr\u0119t\u0142a s\u0105 ergonomicznie ukszta\u0142towane i na tyle du\u017ce, aby zapewni\u0107 pewny chwyt i zapobiec przytrza\u015bni\u0119ciu palc\u00f3w podczas regulacji wysoko\u015bci. Mechanizm \u0142amania kolumny centralnej jest w 100% metalowy i wyposa\u017cony w bardzo du\u017cy uchwyt z regulacj\u0105 pozycji. Nogi s\u0105 d\u0142ugie, dzi\u0119ki czemu daj\u0105 szeroki rozstaw, a co za tym idzie &#8211; du\u017c\u0105 stabilno\u015b\u0107.<\/span><\/p>\n<h3><b>Cechy produktu:<\/b><\/h3>\n<ul>\n<li style=\"font-weight: 400;\" aria-level=\"1\"><span style=\"font-weight: 400;\">ci\u0119\u017cki i wytrzyma\u0142y, wykonany z aluminium,<\/span><\/li>\n<li style=\"font-weight: 400;\" aria-level=\"1\"><span style=\"font-weight: 400;\">osi\u0105ga ponad 4 metry wysoko\u015bci maksymalnej,<\/span><\/li>\n<li style=\"font-weight: 400;\" aria-level=\"1\"><span style=\"font-weight: 400;\">ma szeroki rozstaw n\u00f3g, co daje du\u017c\u0105 stabilno\u015b\u0107,<\/span><\/li>\n<li style=\"font-weight: 400;\" aria-level=\"1\"><span style=\"font-weight: 400;\">zaciski sekcji oraz mechanizm Boom s\u0105 metalowe,<\/span><\/li>\n<li style=\"font-weight: 400;\" aria-level=\"1\"><span style=\"font-weight: 400;\">trzpie\u0144 monta\u017cowy jest odwracalny i odpinany,<\/span><\/li>\n<li style=\"font-weight: 400;\" aria-level=\"1\"><span style=\"font-weight: 400;\">pokr\u0119t\u0142a zaciskowe s\u0105 du\u017ce i ergonomicznie wyprofilowane,<\/span><\/li>\n<li style=\"font-weight: 400;\" aria-level=\"1\"><span style=\"font-weight: 400;\">rami\u0119 boomu jest bardzo d\u0142ugie (osi\u0105ga a\u017c 240 cm),<\/span><\/li>\n<li style=\"font-weight: 400;\" aria-level=\"1\"><span style=\"font-weight: 400;\">d\u017awiga do 8 kg,<\/span><\/li>\n<li style=\"font-weight: 400;\" aria-level=\"1\"><span style=\"font-weight: 400;\">dostarczany w zestawie z przeciwwag\u0105.<\/span><\/li>\n<\/ul>\n","protected":false},"excerpt":{"rendered":"<p>Ci\u0119\u017cki, dwusekcyjny statyw typu boom o maksymalnej wysoko\u015bci 440 cm z ruchomym trzpieniem. Ruchomy trzpie\u0144 Statyw jest wyposa\u017cony w ruchomu trzpie\u0144. Dzi\u0119ki pokr\u0119tle na ko\u0144cu ramienia Boom, mo\u017cemy wygodnie operowa\u0107 lamp\u0105 umieszczon\u0105 na drugim ko\u0144cu ramienia: pochyli\u0107 j\u0105, wyprostowa\u0107 czy skierowa\u0107 ku g\u00f3rze.\u00a0 Uniwersalno\u015b\u0107 Statyw typu Boom mo\u017ce by\u0107 u\u017cywany jako statyw w studiu fotograficznym [&hellip;]<\/p>\n","protected":false},"featured_media":16189,"template":"","meta":[],"product_brand":[],"product_cat":[471],"product_tag":[],"class_list":{"0":"post-16188","1":"product","2":"type-product","3":"status-publish","4":"has-post-thumbnail","6":"product_cat-klasyczne","8":"first","9":"instock","10":"shipping-taxable","11":"product-type-simple"},"yoast_head":"<!-- This site is optimized with the Yoast SEO plugin v27.2 - https:\/\/yoast.com\/product\/yoast-seo-wordpress\/ -->\n<title>GlareOne Statyw boom z ruchomym trzpieniem - GlareOne<\/title>\n<meta name=\"robots\" content=\"index, follow, max-snippet:-1, max-image-preview:large, max-video-preview:-1\" \/>\n<link rel=\"canonical\" href=\"https:\/\/glareone.eu\/pl\/produkt\/glareone-statyw-boom-z-ruchomym-trzpieniem\/\" \/>\n<meta property=\"og:locale\" content=\"pl_PL\" \/>\n<meta property=\"og:type\" content=\"article\" \/>\n<meta property=\"og:title\" content=\"GlareOne Statyw boom z ruchomym trzpieniem - GlareOne\" \/>\n<meta property=\"og:description\" content=\"Ci\u0119\u017cki, dwusekcyjny statyw typu boom o maksymalnej wysoko\u015bci 440 cm z ruchomym trzpieniem. Ruchomy trzpie\u0144 Statyw jest wyposa\u017cony w ruchomu trzpie\u0144. Dzi\u0119ki pokr\u0119tle na ko\u0144cu ramienia Boom, mo\u017cemy wygodnie operowa\u0107 lamp\u0105 umieszczon\u0105 na drugim ko\u0144cu ramienia: pochyli\u0107 j\u0105, wyprostowa\u0107 czy skierowa\u0107 ku g\u00f3rze.\u00a0 Uniwersalno\u015b\u0107 Statyw typu Boom mo\u017ce by\u0107 u\u017cywany jako statyw w studiu fotograficznym [&hellip;]\" \/>\n<meta property=\"og:url\" content=\"https:\/\/glareone.eu\/pl\/produkt\/glareone-statyw-boom-z-ruchomym-trzpieniem\/\" \/>\n<meta property=\"og:site_name\" content=\"GlareOne\" \/>\n<meta property=\"article:publisher\" content=\"https:\/\/www.facebook.com\/GlareOneLighting\" \/>\n<meta property=\"article:modified_time\" content=\"2025-04-15T08:34:53+00:00\" \/>\n<meta property=\"og:image\" content=\"https:\/\/glareone.eu\/wp-content\/uploads\/2025\/04\/SLSB265H_01.jpg\" \/>\n\t<meta property=\"og:image:width\" content=\"1200\" \/>\n\t<meta property=\"og:image:height\" content=\"1200\" \/>\n\t<meta property=\"og:image:type\" content=\"image\/jpeg\" \/>\n<meta name=\"twitter:card\" content=\"summary_large_image\" \/>\n<meta name=\"twitter:label1\" content=\"Szacowany czas czytania\" \/>\n\t<meta name=\"twitter:data1\" content=\"2 minuty\" \/>\n<script type=\"application\/ld+json\" class=\"yoast-schema-graph\">{\"@context\":\"https:\/\/schema.org\",\"@graph\":[{\"@type\":\"WebPage\",\"@id\":\"https:\/\/glareone.eu\/pl\/produkt\/glareone-statyw-boom-z-ruchomym-trzpieniem\/\",\"url\":\"https:\/\/glareone.eu\/pl\/produkt\/glareone-statyw-boom-z-ruchomym-trzpieniem\/\",\"name\":\"GlareOne Statyw boom z ruchomym trzpieniem - GlareOne\",\"isPartOf\":{\"@id\":\"https:\/\/glareone.eu\/pl\/en\/#website\"},\"primaryImageOfPage\":{\"@id\":\"https:\/\/glareone.eu\/pl\/produkt\/glareone-statyw-boom-z-ruchomym-trzpieniem\/#primaryimage\"},\"image\":{\"@id\":\"https:\/\/glareone.eu\/pl\/produkt\/glareone-statyw-boom-z-ruchomym-trzpieniem\/#primaryimage\"},\"thumbnailUrl\":\"https:\/\/glareone.eu\/wp-content\/uploads\/2025\/04\/SLSB265H_01.jpg\",\"datePublished\":\"2025-04-15T08:24:49+00:00\",\"dateModified\":\"2025-04-15T08:34:53+00:00\",\"breadcrumb\":{\"@id\":\"https:\/\/glareone.eu\/pl\/produkt\/glareone-statyw-boom-z-ruchomym-trzpieniem\/#breadcrumb\"},\"inLanguage\":\"pl-PL\",\"potentialAction\":[{\"@type\":\"ReadAction\",\"target\":[\"https:\/\/glareone.eu\/pl\/produkt\/glareone-statyw-boom-z-ruchomym-trzpieniem\/\"]}]},{\"@type\":\"ImageObject\",\"inLanguage\":\"pl-PL\",\"@id\":\"https:\/\/glareone.eu\/pl\/produkt\/glareone-statyw-boom-z-ruchomym-trzpieniem\/#primaryimage\",\"url\":\"https:\/\/glareone.eu\/wp-content\/uploads\/2025\/04\/SLSB265H_01.jpg\",\"contentUrl\":\"https:\/\/glareone.eu\/wp-content\/uploads\/2025\/04\/SLSB265H_01.jpg\",\"width\":1200,\"height\":1200},{\"@type\":\"BreadcrumbList\",\"@id\":\"https:\/\/glareone.eu\/pl\/produkt\/glareone-statyw-boom-z-ruchomym-trzpieniem\/#breadcrumb\",\"itemListElement\":[{\"@type\":\"ListItem\",\"position\":1,\"name\":\"Strona g\u0142\u00f3wna\",\"item\":\"https:\/\/glareone.eu\/pl\/\"},{\"@type\":\"ListItem\",\"position\":2,\"name\":\"Wszystkie produkty\",\"item\":\"https:\/\/glareone.eu\/pl\/produkty\/wszystkie-produkty\/\"},{\"@type\":\"ListItem\",\"position\":3,\"name\":\"GlareOne Statyw boom z ruchomym trzpieniem\"}]},{\"@type\":\"WebSite\",\"@id\":\"https:\/\/glareone.eu\/pl\/en\/#website\",\"url\":\"https:\/\/glareone.eu\/pl\/en\/\",\"name\":\"GlareOne\",\"description\":\"Wyposa\u017cenie Studia\",\"publisher\":{\"@id\":\"https:\/\/glareone.eu\/pl\/en\/#organization\"},\"potentialAction\":[{\"@type\":\"SearchAction\",\"target\":{\"@type\":\"EntryPoint\",\"urlTemplate\":\"https:\/\/glareone.eu\/pl\/en\/?s={search_term_string}\"},\"query-input\":{\"@type\":\"PropertyValueSpecification\",\"valueRequired\":true,\"valueName\":\"search_term_string\"}}],\"inLanguage\":\"pl-PL\"},{\"@type\":\"Organization\",\"@id\":\"https:\/\/glareone.eu\/pl\/en\/#organization\",\"name\":\"GlareOne\",\"url\":\"https:\/\/glareone.eu\/pl\/en\/\",\"logo\":{\"@type\":\"ImageObject\",\"inLanguage\":\"pl-PL\",\"@id\":\"https:\/\/glareone.eu\/pl\/en\/#\/schema\/logo\/image\/\",\"url\":\"http:\/\/glareone.eu\/wp-content\/uploads\/2024\/05\/glareone_logo2020_RGB-01-e1715773127189.png\",\"contentUrl\":\"http:\/\/glareone.eu\/wp-content\/uploads\/2024\/05\/glareone_logo2020_RGB-01-e1715773127189.png\",\"width\":1270,\"height\":321,\"caption\":\"GlareOne\"},\"image\":{\"@id\":\"https:\/\/glareone.eu\/pl\/en\/#\/schema\/logo\/image\/\"},\"sameAs\":[\"https:\/\/www.facebook.com\/GlareOneLighting\",\"https:\/\/www.instagram.com\/glareonelighting\/\",\"https:\/\/www.youtube.com\/@GlareOneTV\"]}]}<\/script>\n<!-- \/ Yoast SEO plugin. -->","yoast_head_json":{"title":"GlareOne Statyw boom z ruchomym trzpieniem - GlareOne","robots":{"index":"index","follow":"follow","max-snippet":"max-snippet:-1","max-image-preview":"max-image-preview:large","max-video-preview":"max-video-preview:-1"},"canonical":"https:\/\/glareone.eu\/pl\/produkt\/glareone-statyw-boom-z-ruchomym-trzpieniem\/","og_locale":"pl_PL","og_type":"article","og_title":"GlareOne Statyw boom z ruchomym trzpieniem - GlareOne","og_description":"Ci\u0119\u017cki, dwusekcyjny statyw typu boom o maksymalnej wysoko\u015bci 440 cm z ruchomym trzpieniem. Ruchomy trzpie\u0144 Statyw jest wyposa\u017cony w ruchomu trzpie\u0144. Dzi\u0119ki pokr\u0119tle na ko\u0144cu ramienia Boom, mo\u017cemy wygodnie operowa\u0107 lamp\u0105 umieszczon\u0105 na drugim ko\u0144cu ramienia: pochyli\u0107 j\u0105, wyprostowa\u0107 czy skierowa\u0107 ku g\u00f3rze.\u00a0 Uniwersalno\u015b\u0107 Statyw typu Boom mo\u017ce by\u0107 u\u017cywany jako statyw w studiu fotograficznym [&hellip;]","og_url":"https:\/\/glareone.eu\/pl\/produkt\/glareone-statyw-boom-z-ruchomym-trzpieniem\/","og_site_name":"GlareOne","article_publisher":"https:\/\/www.facebook.com\/GlareOneLighting","article_modified_time":"2025-04-15T08:34:53+00:00","og_image":[{"width":1200,"height":1200,"url":"https:\/\/glareone.eu\/wp-content\/uploads\/2025\/04\/SLSB265H_01.jpg","type":"image\/jpeg"}],"twitter_card":"summary_large_image","twitter_misc":{"Szacowany czas czytania":"2 minuty"},"schema":{"@context":"https:\/\/schema.org","@graph":[{"@type":"WebPage","@id":"https:\/\/glareone.eu\/pl\/produkt\/glareone-statyw-boom-z-ruchomym-trzpieniem\/","url":"https:\/\/glareone.eu\/pl\/produkt\/glareone-statyw-boom-z-ruchomym-trzpieniem\/","name":"GlareOne Statyw boom z ruchomym trzpieniem - GlareOne","isPartOf":{"@id":"https:\/\/glareone.eu\/pl\/en\/#website"},"primaryImageOfPage":{"@id":"https:\/\/glareone.eu\/pl\/produkt\/glareone-statyw-boom-z-ruchomym-trzpieniem\/#primaryimage"},"image":{"@id":"https:\/\/glareone.eu\/pl\/produkt\/glareone-statyw-boom-z-ruchomym-trzpieniem\/#primaryimage"},"thumbnailUrl":"https:\/\/glareone.eu\/wp-content\/uploads\/2025\/04\/SLSB265H_01.jpg","datePublished":"2025-04-15T08:24:49+00:00","dateModified":"2025-04-15T08:34:53+00:00","breadcrumb":{"@id":"https:\/\/glareone.eu\/pl\/produkt\/glareone-statyw-boom-z-ruchomym-trzpieniem\/#breadcrumb"},"inLanguage":"pl-PL","potentialAction":[{"@type":"ReadAction","target":["https:\/\/glareone.eu\/pl\/produkt\/glareone-statyw-boom-z-ruchomym-trzpieniem\/"]}]},{"@type":"ImageObject","inLanguage":"pl-PL","@id":"https:\/\/glareone.eu\/pl\/produkt\/glareone-statyw-boom-z-ruchomym-trzpieniem\/#primaryimage","url":"https:\/\/glareone.eu\/wp-content\/uploads\/2025\/04\/SLSB265H_01.jpg","contentUrl":"https:\/\/glareone.eu\/wp-content\/uploads\/2025\/04\/SLSB265H_01.jpg","width":1200,"height":1200},{"@type":"BreadcrumbList","@id":"https:\/\/glareone.eu\/pl\/produkt\/glareone-statyw-boom-z-ruchomym-trzpieniem\/#breadcrumb","itemListElement":[{"@type":"ListItem","position":1,"name":"Strona g\u0142\u00f3wna","item":"https:\/\/glareone.eu\/pl\/"},{"@type":"ListItem","position":2,"name":"Wszystkie produkty","item":"https:\/\/glareone.eu\/pl\/produkty\/wszystkie-produkty\/"},{"@type":"ListItem","position":3,"name":"GlareOne Statyw boom z ruchomym trzpieniem"}]},{"@type":"WebSite","@id":"https:\/\/glareone.eu\/pl\/en\/#website","url":"https:\/\/glareone.eu\/pl\/en\/","name":"GlareOne","description":"Wyposa\u017cenie Studia","publisher":{"@id":"https:\/\/glareone.eu\/pl\/en\/#organization"},"potentialAction":[{"@type":"SearchAction","target":{"@type":"EntryPoint","urlTemplate":"https:\/\/glareone.eu\/pl\/en\/?s={search_term_string}"},"query-input":{"@type":"PropertyValueSpecification","valueRequired":true,"valueName":"search_term_string"}}],"inLanguage":"pl-PL"},{"@type":"Organization","@id":"https:\/\/glareone.eu\/pl\/en\/#organization","name":"GlareOne","url":"https:\/\/glareone.eu\/pl\/en\/","logo":{"@type":"ImageObject","inLanguage":"pl-PL","@id":"https:\/\/glareone.eu\/pl\/en\/#\/schema\/logo\/image\/","url":"http:\/\/glareone.eu\/wp-content\/uploads\/2024\/05\/glareone_logo2020_RGB-01-e1715773127189.png","contentUrl":"http:\/\/glareone.eu\/wp-content\/uploads\/2024\/05\/glareone_logo2020_RGB-01-e1715773127189.png","width":1270,"height":321,"caption":"GlareOne"},"image":{"@id":"https:\/\/glareone.eu\/pl\/en\/#\/schema\/logo\/image\/"},"sameAs":["https:\/\/www.facebook.com\/GlareOneLighting","https:\/\/www.instagram.com\/glareonelighting\/","https:\/\/www.youtube.com\/@GlareOneTV"]}]}},"_links":{"self":[{"href":"https:\/\/glareone.eu\/pl\/wp-json\/wp\/v2\/product\/16188","targetHints":{"allow":["GET"]}}],"collection":[{"href":"https:\/\/glareone.eu\/pl\/wp-json\/wp\/v2\/product"}],"about":[{"href":"https:\/\/glareone.eu\/pl\/wp-json\/wp\/v2\/types\/product"}],"wp:featuredmedia":[{"embeddable":true,"href":"https:\/\/glareone.eu\/pl\/wp-json\/wp\/v2\/media\/16189"}],"wp:attachment":[{"href":"https:\/\/glareone.eu\/pl\/wp-json\/wp\/v2\/media?parent=16188"}],"wp:term":[{"taxonomy":"product_brand","embeddable":true,"href":"https:\/\/glareone.eu\/pl\/wp-json\/wp\/v2\/product_brand?post=16188"},{"taxonomy":"product_cat","embeddable":true,"href":"https:\/\/glareone.eu\/pl\/wp-json\/wp\/v2\/product_cat?post=16188"},{"taxonomy":"product_tag","embeddable":true,"href":"https:\/\/glareone.eu\/pl\/wp-json\/wp\/v2\/product_tag?post=16188"}],"curies":[{"name":"wp","href":"https:\/\/api.w.org\/{rel}","templated":true}]}}